{"id":4580,"date":"2025-10-28T15:21:50","date_gmt":"2025-10-28T08:21:50","guid":{"rendered":"https:\/\/topcar.vn\/?post_type=product&#038;p=4580"},"modified":"2025-10-28T15:34:21","modified_gmt":"2025-10-28T08:34:21","slug":"tham-lot-san-o-to-mitsubishi-triton-2025-ban-moi-2","status":"publish","type":"product","link":"https:\/\/topcar.vn\/product\/tham-lot-san-o-to-mitsubishi-triton-2025-ban-moi-2\/","title":{"rendered":"Th\u1ea3m l\u00f3t s\u00e0n \u00f4 t\u00f4 Mitsubishi Triton 2025 B\u1ea3n M\u1edbi"},"content":{"rendered":"<p data-start=\"116\" data-end=\"672\">Th\u1ea3m l\u00f3t s\u00e0n \u00f4 t\u00f4 Mitsubishi Triton 2025 b\u1ea3n m\u1edbi l\u00e0 ph\u1ee5 ki\u1ec7n kh\u00f4ng th\u1ec3 thi\u1ebfu gi\u00fap b\u1ea3o v\u1ec7 s\u00e0n xe kh\u1ecfi b\u00f9n \u0111\u1ea5t, n\u01b0\u1edbc, b\u1ee5i b\u1ea9n v\u00e0 c\u00e1c t\u00e1c nh\u00e2n g\u00e2y h\u01b0 h\u1ea1i trong qu\u00e1 tr\u00ecnh s\u1eed d\u1ee5ng. \u0110\u01b0\u1ee3c thi\u1ebft k\u1ebf ri\u00eang cho d\u00f2ng b\u00e1n t\u1ea3i Triton th\u1ebf h\u1ec7 m\u1edbi, th\u1ea3m l\u00f3t s\u00e0n Topcar mang \u0111\u1ebfn s\u1ef1 v\u1eeba kh\u00edt tuy\u1ec7t \u0111\u1ed1i, \u0111\u1ed9 b\u1ec1n v\u01b0\u1ee3t tr\u1ed9i, hi\u1ec7n \u0111\u1ea1i ph\u00f9 h\u1ee3p v\u1edbi tinh th\u1ea7n c\u1ee7a chi\u1ebfc xe. V\u1edbi ch\u1ea5t li\u1ec7u TPE nguy\u00ean sinh cao c\u1ea5p v\u00e0 c\u00f4ng ngh\u1ec7 \u0111\u00fac khu\u00f4n 3D ti\u00ean ti\u1ebfn, \u0111\u00e2y l\u00e0 l\u1ef1a ch\u1ecdn t\u1ed1i \u01b0u d\u00e0nh cho ch\u1ee7 xe y\u00eau th\u00edch s\u1ef1 b\u1ec1n b\u1ec9 v\u00e0 an to\u00e0n trong m\u1ecdi h\u00e0nh tr\u00ecnh.<\/p>\n<hr data-start=\"674\" data-end=\"677\" \/>\n<h3 data-start=\"679\" data-end=\"747\">Gi\u1edbi thi\u1ec7u v\u1ec1 th\u1ea3m l\u00f3t s\u00e0n \u00f4 t\u00f4 Mitsubishi Triton 2025 b\u1ea3n m\u1edbi<\/h3>\n<figure id=\"attachment_4587\" aria-describedby=\"caption-attachment-4587\" style=\"width: 1024px\" class=\"wp-caption aligncenter\"><img fetchpriority=\"high\" decoding=\"async\" class=\"size-large wp-image-4587\" src=\"https:\/\/topcar.vn\/wp-content\/uploads\/2025\/10\/Tham-lot-san-o-to-Mitsubishi-Triton-2025-Ban-Moi-2-1024x1024.webp\" alt=\"Th\u1ea3m l\u00f3t s\u00e0n \u00f4 t\u00f4 Mitsubishi Triton 2025 B\u1ea3n M\u1edbi\" width=\"1024\" height=\"1024\" srcset=\"https:\/\/topcar.vn\/wp-content\/uploads\/2025\/10\/Tham-lot-san-o-to-Mitsubishi-Triton-2025-Ban-Moi-2-1024x1024.webp 1024w, https:\/\/topcar.vn\/wp-content\/uploads\/2025\/10\/Tham-lot-san-o-to-Mitsubishi-Triton-2025-Ban-Moi-2-300x300.webp 300w, https:\/\/topcar.vn\/wp-content\/uploads\/2025\/10\/Tham-lot-san-o-to-Mitsubishi-Triton-2025-Ban-Moi-2-150x150.webp 150w, https:\/\/topcar.vn\/wp-content\/uploads\/2025\/10\/Tham-lot-san-o-to-Mitsubishi-Triton-2025-Ban-Moi-2-768x767.webp 768w, https:\/\/topcar.vn\/wp-content\/uploads\/2025\/10\/Tham-lot-san-o-to-Mitsubishi-Triton-2025-Ban-Moi-2-600x599.webp 600w, https:\/\/topcar.vn\/wp-content\/uploads\/2025\/10\/Tham-lot-san-o-to-Mitsubishi-Triton-2025-Ban-Moi-2-100x100.webp 100w, https:\/\/topcar.vn\/wp-content\/uploads\/2025\/10\/Tham-lot-san-o-to-Mitsubishi-Triton-2025-Ban-Moi-2.webp 1081w\" sizes=\"(max-width: 1024px) 100vw, 1024px\" \/><figcaption id=\"caption-attachment-4587\" class=\"wp-caption-text\">Th\u1ea3m l\u00f3t s\u00e0n \u00f4 t\u00f4 Mitsubishi Triton 2025 B\u1ea3n M\u1edbi<\/figcaption><\/figure>\n<p data-start=\"749\" data-end=\"1189\">Mitsubishi Triton 2025 l\u00e0 th\u1ebf h\u1ec7 m\u1edbi nh\u1ea5t c\u1ee7a d\u00f2ng b\u00e1n t\u1ea3i n\u1ed5i ti\u1ebfng, \u0111\u01b0\u1ee3c c\u1ea3i ti\u1ebfn to\u00e0n di\u1ec7n v\u1ec1 thi\u1ebft k\u1ebf, trang b\u1ecb v\u00e0 kh\u1ea3 n\u0103ng v\u1eadn h\u00e0nh. V\u1edbi \u0111\u1eb7c tr\u01b0ng th\u01b0\u1eddng xuy\u00ean di chuy\u1ec3n tr\u00ean nhi\u1ec1u \u0111\u1ecba h\u00ecnh, t\u1eeb \u0111\u00f4 th\u1ecb \u0111\u1ebfn c\u00f4ng tr\u01b0\u1eddng hay \u0111\u01b0\u1eddng off-road, s\u00e0n xe Triton d\u1ec5 b\u00e1m b\u00f9n, d\u00ednh n\u01b0\u1edbc ho\u1eb7c b\u1ee5i b\u1ea9n. Trang b\u1ecb th\u1ea3m l\u00f3t s\u00e0n chuy\u00ean d\u1ee5ng s\u1ebd gi\u00fap b\u1ea3o v\u1ec7 b\u1ec1 m\u1eb7t s\u00e0n, gi\u1eef cho khoang n\u1ed9i th\u1ea5t lu\u00f4n s\u1ea1ch s\u1ebd v\u00e0 g\u1ecdn g\u00e0ng, \u0111\u1ed3ng th\u1eddi t\u0103ng t\u00ednh th\u1ea9m m\u1ef9 cho xe.<\/p>\n<p data-start=\"1191\" data-end=\"1488\">Th\u1ea3m l\u00f3t s\u00e0n \u00f4 t\u00f4 Mitsubishi Triton Topcar \u0111\u01b0\u1ee3c thi\u1ebft k\u1ebf ri\u00eang theo form s\u00e0n xe b\u1ea3n 2025, s\u1eed d\u1ee5ng c\u00f4ng ngh\u1ec7 qu\u00e9t Laser 3D ch\u00ednh x\u00e1c \u0111\u1ebfn t\u1eebng chi ti\u1ebft. S\u1ea3n ph\u1ea9m \u00f4m kh\u00edt s\u00e0n xe, kh\u00f4ng tr\u01b0\u1ee3t x\u00ea d\u1ecbch v\u00e0 kh\u00f4ng c\u1ea7n c\u1eaft ch\u1ec9nh, mang l\u1ea1i v\u1ebb sang tr\u1ecdng, li\u1ec1n m\u1ea1ch v\u00e0 chuy\u00ean nghi\u1ec7p cho kh\u00f4ng gian n\u1ed9i th\u1ea5t.<\/p>\n<hr data-start=\"1490\" data-end=\"1493\" \/>\n<h3 data-start=\"1495\" data-end=\"1570\">\u0110\u1eb7c \u0111i\u1ec3m n\u1ed5i b\u1eadt c\u1ee7a th\u1ea3m l\u00f3t s\u00e0n \u00f4 t\u00f4 Mitsubishi Triton 2025 b\u1ea3n m\u1edbi<\/h3>\n<p data-start=\"1572\" data-end=\"1957\"><strong data-start=\"1572\" data-end=\"1609\">Ch\u1ea5t li\u1ec7u TPE nguy\u00ean sinh cao c\u1ea5p<\/strong><br data-start=\"1609\" data-end=\"1612\" \/>Th\u1ea3m \u0111\u01b0\u1ee3c s\u1ea3n xu\u1ea5t t\u1eeb <a href=\"https:\/\/www.dienmayxanh.com\/kinh-nghiem-hay\/nhua-tpe-la-gi-1291344?srsltid=AfmBOorBNuIDcBSHhIRCxLR7guz1i4ZjpJNCOEG0yT7Zl2H1QfOqXVxk\" target=\"_blank\" rel=\"noopener\">nh\u1ef1a TPE<\/a> nguy\u00ean sinh 100%, lo\u1ea1i v\u1eadt li\u1ec7u cao c\u1ea5p an to\u00e0n cho s\u1ee9c kh\u1ecfe v\u00e0 th\u00e2n thi\u1ec7n v\u1edbi m\u00f4i tr\u01b0\u1eddng. TPE c\u00f3 \u0111\u1ed9 \u0111\u00e0n h\u1ed3i cao, ch\u1ecbu l\u1ef1c t\u1ed1t, kh\u00f4ng b\u1ecb cong v\u00eanh hay n\u1ee9t g\u00e3y d\u01b0\u1edbi nhi\u1ec7t \u0111\u1ed9 cao ho\u1eb7c m\u00f4i tr\u01b0\u1eddng kh\u1eafc nghi\u1ec7t. S\u1ea3n ph\u1ea9m kh\u00f4ng c\u00f3 m\u00f9i cao su, kh\u00f4ng ch\u1ee9a h\u00f3a ch\u1ea5t \u0111\u1ed9c h\u1ea1i, ph\u00f9 h\u1ee3p v\u1edbi ti\u00eau chu\u1ea9n an to\u00e0n cho c\u1ea3 gia \u0111\u00ecnh.<\/p>\n<p data-start=\"1959\" data-end=\"2362\"><strong data-start=\"1959\" data-end=\"2009\">C\u00f4ng ngh\u1ec7 \u0111\u00fac khu\u00f4n 3D chu\u1ea9n x\u00e1c t\u1eebng chi ti\u1ebft<\/strong><br data-start=\"2009\" data-end=\"2012\" \/>Nh\u1edd c\u00f4ng ngh\u1ec7 qu\u00e9t Laser 3D v\u00e0 CNC ti\u00ean ti\u1ebfn, th\u1ea3m \u0111\u01b0\u1ee3c \u0111\u00fac khu\u00f4n theo \u0111\u00fang h\u00ecnh d\u00e1ng s\u00e0n xe Mitsubishi Triton 2025. Thi\u1ebft k\u1ebf \u00f4m s\u00e1t s\u00e0n, kh\u1edbp ho\u00e0n to\u00e0n v\u1edbi c\u1ea5u tr\u00fac ch\u00e2n ga, ch\u00e2n phanh, gi\u00fap qu\u00e1 tr\u00ecnh l\u1eafp \u0111\u1eb7t nhanh ch\u00f3ng v\u00e0 c\u1ed1 \u0111\u1ecbnh ch\u1eafc ch\u1eafn khi xe v\u1eadn h\u00e0nh. Ki\u1ec3u d\u00e1ng m\u1ea1nh m\u1ebd, g\u00f3c c\u1ea1nh tinh t\u1ebf ph\u00f9 h\u1ee3p v\u1edbi phong c\u00e1ch th\u1ec3 thao c\u1ee7a d\u00f2ng xe b\u00e1n t\u1ea3i.<\/p>\n<p data-start=\"2364\" data-end=\"2728\"><strong data-start=\"2364\" data-end=\"2411\">Thi\u1ebft k\u1ebf ch\u1ed1ng n\u01b0\u1edbc, ch\u1ed1ng b\u00e1m b\u1ea9n hi\u1ec7u qu\u1ea3<\/strong><br data-start=\"2411\" data-end=\"2414\" \/>B\u1ec1 m\u1eb7t th\u1ea3m \u0111\u01b0\u1ee3c t\u1ea1o h\u00ecnh c\u00e1c r\u00e3nh d\u1eabn n\u01b0\u1edbc s\u00e2u v\u00e0 g\u1edd n\u1ed5i cao 3\u20135 cm, c\u00f3 kh\u1ea3 n\u0103ng ng\u0103n n\u01b0\u1edbc, b\u00f9n \u0111\u1ea5t v\u00e0 b\u1ee5i b\u1ea9n kh\u00f4ng tr\u00e0n ra s\u00e0n xe. Khi c\u1ea7n v\u1ec7 sinh, ng\u01b0\u1eddi d\u00f9ng ch\u1ec9 c\u1ea7n th\u00e1o th\u1ea3m ra, x\u1ecbt r\u1eeda tr\u1ef1c ti\u1ebfp b\u1eb1ng v\u00f2i n\u01b0\u1edbc, lau kh\u00f4 l\u00e0 c\u00f3 th\u1ec3 s\u1eed d\u1ee5ng l\u1ea1i ngay. Th\u1ea3m kh\u00f4 nhanh, kh\u00f4ng b\u00e1m m\u00f9i v\u00e0 lu\u00f4n gi\u1eef \u0111\u01b0\u1ee3c v\u1ebb s\u1ea1ch m\u1edbi.<\/p>\n<p data-start=\"2730\" data-end=\"3101\"><strong data-start=\"2730\" data-end=\"2785\">B\u1ed9 s\u1ea3n ph\u1ea9m \u0111\u1ea7y \u0111\u1ee7, d\u1ec5 l\u1eafp \u0111\u1eb7t v\u00e0 c\u1ed1 \u0111\u1ecbnh ch\u1eafc ch\u1eafn<\/strong><br data-start=\"2785\" data-end=\"2788\" \/>B\u1ed9 th\u1ea3m bao g\u1ed3m \u0111\u1ea7y \u0111\u1ee7 c\u00e1c v\u1ecb tr\u00ed cho h\u00e0ng gh\u1ebf tr\u01b0\u1edbc, gi\u1eefa v\u00e0 sau, \u0111\u01b0\u1ee3c s\u1ea3n xu\u1ea5t ri\u00eang cho Triton 2025 v\u1edbi \u0111\u1ed9 ch\u00ednh x\u00e1c tuy\u1ec7t \u0111\u1ed1i. Th\u1ea3m nh\u1eb9, linh ho\u1ea1t, c\u00f3 ch\u1ed1t kh\u00f3a c\u1ed1 \u0111\u1ecbnh gi\u00fap kh\u00f4ng x\u00ea d\u1ecbch khi di chuy\u1ec3n. Ng\u01b0\u1eddi d\u00f9ng c\u00f3 th\u1ec3 k\u1ebft h\u1ee3p th\u00eam l\u1edbp th\u1ea3m r\u1ed1i ph\u1ee7 tr\u00ean \u0111\u1ec3 t\u0103ng kh\u1ea3 n\u0103ng gi\u1eef b\u1ee5i v\u00e0 t\u1ea1o c\u1ea3m gi\u00e1c \u00eam \u00e1i h\u01a1n.<\/p>\n<hr data-start=\"3103\" data-end=\"3106\" \/>\n<h3 data-start=\"3108\" data-end=\"3174\">\u01afu \u0111i\u1ec3m c\u1ee7a th\u1ea3m l\u00f3t s\u00e0n \u00f4 t\u00f4 Mitsubishi Triton 2025 b\u1ea3n m\u1edbi<\/h3>\n<figure id=\"attachment_4590\" aria-describedby=\"caption-attachment-4590\" style=\"width: 1024px\" class=\"wp-caption aligncenter\"><img decoding=\"async\" class=\"size-large wp-image-4590\" src=\"https:\/\/topcar.vn\/wp-content\/uploads\/2025\/10\/Tham-lot-san-o-to-Mitsubishi-Triton-2025-Ban-Moi-5-1024x1024.webp\" alt=\"Th\u1ea3m l\u00f3t s\u00e0n \u00f4 t\u00f4 Mitsubishi Triton 2025 B\u1ea3n M\u1edbi\" width=\"1024\" height=\"1024\" srcset=\"https:\/\/topcar.vn\/wp-content\/uploads\/2025\/10\/Tham-lot-san-o-to-Mitsubishi-Triton-2025-Ban-Moi-5-1024x1024.webp 1024w, https:\/\/topcar.vn\/wp-content\/uploads\/2025\/10\/Tham-lot-san-o-to-Mitsubishi-Triton-2025-Ban-Moi-5-300x300.webp 300w, https:\/\/topcar.vn\/wp-content\/uploads\/2025\/10\/Tham-lot-san-o-to-Mitsubishi-Triton-2025-Ban-Moi-5-150x150.webp 150w, https:\/\/topcar.vn\/wp-content\/uploads\/2025\/10\/Tham-lot-san-o-to-Mitsubishi-Triton-2025-Ban-Moi-5-768x767.webp 768w, https:\/\/topcar.vn\/wp-content\/uploads\/2025\/10\/Tham-lot-san-o-to-Mitsubishi-Triton-2025-Ban-Moi-5-600x599.webp 600w, https:\/\/topcar.vn\/wp-content\/uploads\/2025\/10\/Tham-lot-san-o-to-Mitsubishi-Triton-2025-Ban-Moi-5-100x100.webp 100w, https:\/\/topcar.vn\/wp-content\/uploads\/2025\/10\/Tham-lot-san-o-to-Mitsubishi-Triton-2025-Ban-Moi-5.webp 1081w\" sizes=\"(max-width: 1024px) 100vw, 1024px\" \/><figcaption id=\"caption-attachment-4590\" class=\"wp-caption-text\">Th\u1ea3m l\u00f3t s\u00e0n \u00f4 t\u00f4 Mitsubishi Triton 2025 B\u1ea3n M\u1edbi<\/figcaption><\/figure>\n<p data-start=\"3176\" data-end=\"3641\">B\u1ea3o v\u1ec7 s\u00e0n xe t\u1ed1i \u0111a kh\u1ecfi n\u01b0\u1edbc, b\u1ee5i b\u1ea9n, b\u00f9n \u0111\u1ea5t v\u00e0 tr\u1ea7y x\u01b0\u1edbc.<br data-start=\"3238\" data-end=\"3241\" \/>Kh\u00f4ng m\u00f9i, kh\u00f4ng \u0111\u1ed9c h\u1ea1i, an to\u00e0n tuy\u1ec7t \u0111\u1ed1i cho ng\u01b0\u1eddi s\u1eed d\u1ee5ng.<br data-start=\"3303\" data-end=\"3306\" \/>Ch\u1ed1ng tr\u01a1n tr\u01b0\u1ee3t hi\u1ec7u qu\u1ea3, \u0111\u1ea3m b\u1ea3o an to\u00e0n khi l\u00e1i xe.<br data-start=\"3360\" data-end=\"3363\" \/>Gi\u1ea3m ti\u1ebfng \u1ed3n v\u00e0 rung g\u1ea7m, gi\u00fap kh\u00f4ng gian trong xe y\u00ean t\u0129nh v\u00e0 d\u1ec5 ch\u1ecbu.<br data-start=\"3435\" data-end=\"3438\" \/>D\u1ec5 v\u1ec7 sinh, nhanh kh\u00f4, kh\u00f4ng b\u00e1m m\u00f9i v\u00e0 kh\u00f4ng \u1ea9m m\u1ed1c.<br data-start=\"3491\" data-end=\"3494\" \/>B\u1ec1n m\u00e0u, ch\u1ecbu nhi\u1ec7t t\u1ed1t, th\u00edch \u1ee9ng v\u1edbi th\u1eddi ti\u1ebft kh\u1eafc nghi\u1ec7t.<br data-start=\"3555\" data-end=\"3558\" \/>Gi\u1eef form chu\u1ea9n, kh\u00f4ng co ng\u00f3t, cong v\u00eanh hay bi\u1ebfn d\u1ea1ng sau th\u1eddi gian d\u00e0i s\u1eed d\u1ee5ng.<\/p>\n<hr data-start=\"3643\" data-end=\"3646\" \/>\n<h3 data-start=\"3648\" data-end=\"3706\">Gi\u00e1 th\u1ea3m l\u00f3t s\u00e0n \u00f4 t\u00f4 Mitsubishi Triton 2025 b\u1ea3n m\u1edbi<\/h3>\n<p data-start=\"3708\" data-end=\"3851\">Th\u1ea3m l\u00f3t s\u00e0n \u00f4 t\u00f4 Mitsubishi Triton 2025 Topcar \u0111\u01b0\u1ee3c ph\u00e2n ph\u1ed1i ch\u00ednh h\u00e3ng v\u1edbi m\u1ee9c gi\u00e1 h\u1ee3p l\u00fd, t\u01b0\u01a1ng x\u1ee9ng v\u1edbi ch\u1ea5t l\u01b0\u1ee3ng v\u00e0 \u0111\u1ed9 ho\u00e0n thi\u1ec7n cao:<\/p>\n<p data-start=\"3853\" data-end=\"4004\">Th\u1ea3m TPE \u0111\u00fac khu\u00f4n 3D chu\u1ea9n form: <strong data-start=\"3887\" data-end=\"3907\">2.000.000 VN\u0110\/b\u1ed9<\/strong><br data-start=\"3907\" data-end=\"3910\" \/>Th\u1ea3m TPE k\u00e8m l\u1edbp th\u1ea3m r\u1ed1i ph\u1ee7 tr\u00ean \u2013 t\u0103ng kh\u1ea3 n\u0103ng gi\u1eef b\u1ee5i v\u00e0 \u0111\u1ed9 \u00eam \u00e1i: <strong data-start=\"3982\" data-end=\"4002\">2.200.000 VN\u0110\/b\u1ed9<\/strong><\/p>\n<p data-start=\"4006\" data-end=\"4175\">Gi\u00e1 c\u00f3 th\u1ec3 thay \u0111\u1ed5i theo th\u1eddi \u0111i\u1ec3m ho\u1eb7c ch\u01b0\u01a1ng tr\u00ecnh khuy\u1ebfn m\u00e3i. Qu\u00fd kh\u00e1ch vui l\u00f2ng li\u00ean h\u1ec7 <strong data-start=\"4098\" data-end=\"4123\">Hotline: 0889.385.222<\/strong> \u0111\u1ec3 \u0111\u01b0\u1ee3c b\u00e1o gi\u00e1 chi ti\u1ebft v\u00e0 nh\u1eadn \u01b0u \u0111\u00e3i m\u1edbi nh\u1ea5t.<\/p>\n<hr data-start=\"4177\" data-end=\"4180\" \/>\n<h3 data-start=\"4182\" data-end=\"4257\">Mua th\u1ea3m l\u00f3t s\u00e0n \u00f4 t\u00f4 Mitsubishi Triton 2025 b\u1ea3n m\u1edbi ch\u00ednh h\u00e3ng \u1edf \u0111\u00e2u?<\/h3>\n<p><img decoding=\"async\" class=\"size-large wp-image-4588 aligncenter\" src=\"https:\/\/topcar.vn\/wp-content\/uploads\/2025\/10\/Tham-lot-san-o-to-Mitsubishi-Triton-2025-Ban-Moi-3-1024x1024.webp\" alt=\"Th\u1ea3m l\u00f3t s\u00e0n \u00f4 t\u00f4 Mitsubishi Triton 2025 B\u1ea3n M\u1edbi\" width=\"1024\" height=\"1024\" srcset=\"https:\/\/topcar.vn\/wp-content\/uploads\/2025\/10\/Tham-lot-san-o-to-Mitsubishi-Triton-2025-Ban-Moi-3-1024x1024.webp 1024w, https:\/\/topcar.vn\/wp-content\/uploads\/2025\/10\/Tham-lot-san-o-to-Mitsubishi-Triton-2025-Ban-Moi-3-300x300.webp 300w, https:\/\/topcar.vn\/wp-content\/uploads\/2025\/10\/Tham-lot-san-o-to-Mitsubishi-Triton-2025-Ban-Moi-3-150x150.webp 150w, https:\/\/topcar.vn\/wp-content\/uploads\/2025\/10\/Tham-lot-san-o-to-Mitsubishi-Triton-2025-Ban-Moi-3-768x767.webp 768w, https:\/\/topcar.vn\/wp-content\/uploads\/2025\/10\/Tham-lot-san-o-to-Mitsubishi-Triton-2025-Ban-Moi-3-600x599.webp 600w, https:\/\/topcar.vn\/wp-content\/uploads\/2025\/10\/Tham-lot-san-o-to-Mitsubishi-Triton-2025-Ban-Moi-3-100x100.webp 100w, https:\/\/topcar.vn\/wp-content\/uploads\/2025\/10\/Tham-lot-san-o-to-Mitsubishi-Triton-2025-Ban-Moi-3.webp 1081w\" sizes=\"(max-width: 1024px) 100vw, 1024px\" \/><\/p>\n<p data-start=\"4259\" data-end=\"4425\">S\u1ea3n ph\u1ea9m \u0111\u01b0\u1ee3c ph\u00e2n ph\u1ed1i \u0111\u1ed9c quy\u1ec1n b\u1edfi <strong data-start=\"4297\" data-end=\"4307\">Topcar<\/strong> \u2013 \u0111\u01a1n v\u1ecb chuy\u00ean cung c\u1ea5p ph\u1ee5 ki\u1ec7n \u00f4 t\u00f4 cao c\u1ea5p, \u0111\u1ea3m b\u1ea3o ch\u1ea5t l\u01b0\u1ee3ng ch\u00ednh h\u00e3ng, d\u1ecbch v\u1ee5 chu \u0111\u00e1o v\u00e0 b\u1ea3o h\u00e0nh d\u00e0i h\u1ea1n.<\/p>\n<p data-start=\"4427\" data-end=\"4654\">Mi\u1ec5n ph\u00ed giao h\u00e0ng to\u00e0n qu\u1ed1c.<br data-start=\"4456\" data-end=\"4459\" \/>H\u1ed7 tr\u1ee3 l\u1eafp \u0111\u1eb7t t\u1eadn n\u01a1i t\u1ea1i H\u00e0 N\u1ed9i v\u00e0 khu v\u1ef1c l\u00e2n c\u1eadn.<br data-start=\"4512\" data-end=\"4515\" \/>Ch\u00ednh s\u00e1ch 1 \u0111\u1ed5i 1 trong 7 ng\u00e0y n\u1ebfu ph\u00e1t hi\u1ec7n l\u1ed7i k\u1ef9 thu\u1eadt.<br data-start=\"4574\" data-end=\"4577\" \/>Thanh to\u00e1n khi nh\u1eadn h\u00e0ng, ti\u1ec7n l\u1ee3i v\u00e0 an to\u00e0n.<br data-start=\"4623\" data-end=\"4626\" \/>B\u1ea3o h\u00e0nh ch\u00ednh h\u00e3ng 5 n\u0103m.<\/p>\n<p data-start=\"4656\" data-end=\"4809\">Kh\u00e1ch h\u00e0ng c\u00f3 th\u1ec3 mua tr\u1ef1c ti\u1ebfp t\u1ea1i showroom ho\u1eb7c \u0111\u1eb7t h\u00e0ng online qua website <strong data-start=\"4734\" data-end=\"4768\"><a class=\"decorated-link\" href=\"https:\/\/Topcar.vn\" target=\"_new\" rel=\"noopener\" data-start=\"4736\" data-end=\"4766\">Topcar.vn<\/a><\/strong> \u0111\u1ec3 \u0111\u01b0\u1ee3c giao h\u00e0ng t\u1eadn n\u01a1i nhanh ch\u00f3ng.<\/p>\n<hr data-start=\"4811\" data-end=\"4814\" \/>\n<h3 data-start=\"4816\" data-end=\"4830\">K\u1ebft lu\u1eadn<\/h3>\n<p data-start=\"4832\" data-end=\"5242\">Th\u1ea3m l\u00f3t s\u00e0n \u00f4 t\u00f4 Mitsubishi Triton 2025 b\u1ea3n m\u1edbi c\u1ee7a <strong data-start=\"4885\" data-end=\"4895\">Topcar<\/strong> l\u00e0 l\u1ef1a ch\u1ecdn l\u00fd t\u01b0\u1edfng gi\u00fap b\u1ea3o v\u1ec7 s\u00e0n xe to\u00e0n di\u1ec7n, n\u00e2ng t\u1ea7m kh\u00f4ng gian n\u1ed9i th\u1ea5t v\u00e0 gi\u1eef cho xe lu\u00f4n b\u1ec1n \u0111\u1eb9p nh\u01b0 m\u1edbi. V\u1edbi ch\u1ea5t li\u1ec7u TPE nguy\u00ean sinh cao c\u1ea5p, thi\u1ebft k\u1ebf 3D chu\u1ea9n form, kh\u1ea3 n\u0103ng ch\u1ed1ng n\u01b0\u1edbc, ch\u1ed1ng b\u00e1m b\u1ea9n v\u01b0\u1ee3t tr\u1ed9i c\u00f9ng \u0111\u1ed9 b\u1ec1n cao, s\u1ea3n ph\u1ea9m l\u00e0 ph\u1ee5 ki\u1ec7n kh\u00f4ng th\u1ec3 thi\u1ebfu cho m\u1ecdi ch\u1ee7 xe Triton y\u00eau th\u00edch s\u1ef1 ch\u1ec9n chu, tinh t\u1ebf v\u00e0 ti\u1ec7n nghi.<\/p>\n<p data-start=\"5244\" data-end=\"5458\" data-is-last-node=\"\" data-is-only-node=\"\"><strong data-start=\"5244\" data-end=\"5299\">Li\u00ean h\u1ec7 ngay \u0111\u1ec3 \u0111\u01b0\u1ee3c t\u01b0 v\u1ea5n v\u00e0 nh\u1eadn \u01b0u \u0111\u00e3i h\u1ea5p d\u1eabn:<\/strong><br data-start=\"5299\" data-end=\"5302\" \/>Hotline: <strong data-start=\"5311\" data-end=\"5327\">0889.385.222<\/strong><br data-start=\"5327\" data-end=\"5330\" \/>\u0110\u1ecba ch\u1ec9: <strong data-start=\"5339\" data-end=\"5402\">S\u1ed1 9 BT2 Khu \u0111\u00f4 th\u1ecb Foresa Xu\u00e2n Ph\u01b0\u01a1ng, Nam T\u1eeb Li\u00eam, H\u00e0 N\u1ed9i<\/strong><br data-start=\"5402\" data-end=\"5405\" \/>Website: <strong data-start=\"5414\" data-end=\"5456\"><a class=\"decorated-link\" href=\"https:\/\/Topcar.vn\" target=\"_new\" rel=\"noopener\" data-start=\"5416\" data-end=\"5454\">https:\/\/Topcar.vn<\/a><\/strong><\/p>\n","protected":false},"excerpt":{"rendered":"<ul>\n<li>Mi\u1ec5n ph\u00ed giao h\u00e0ng to\u00e0n qu\u1ed1c<\/li>\n<li>Nh\u1eadn h\u00e0ng &gt; L\u1eafp \u0111\u1eb7t &gt; Thanh to\u00e1n<\/li>\n<li>B\u1ea3o h\u00e0nh 5 n\u0103m<\/li>\n<\/ul>\n","protected":false},"featured_media":4184,"comment_status":"closed","ping_status":"closed","template":"","meta":{"site-sidebar-layout":"no-sidebar","site-content-layout":"content-boxed-container","ast-site-content-layout":"normal-width-container","site-content-style":"boxed","site-sidebar-style":"unboxed","ast-global-header-display":"","ast-banner-title-visibility":"","ast-main-header-display":"","ast-hfb-above-header-display":"","ast-hfb-below-header-display":"","ast-hfb-mobile-header-display":"","site-post-title":"","ast-breadcrumbs-content":"","ast-featured-img":"","footer-sml-layout":"","ast-disable-related-posts":"","theme-transparent-header-meta":"default","adv-header-id-meta":"","stick-header-meta":"","header-above-stick-meta":"","header-main-stick-meta":"","header-below-stick-meta":"","astra-migrate-meta-layouts":"set","ast-page-background-enabled":"default","ast-page-background-meta":{"desktop":{"background-color":"var(--ast-global-color-4)","background-image":"","background-repeat":"repeat","background-position":"center center","background-size":"auto","background-attachment":"scroll","background-type":"","background-media":"","overlay-type":"","overlay-color":"","overlay-opacity":"","overlay-gradient":""},"tablet":{"background-color":"","background-image":"","background-repeat":"repeat","background-position":"center center","background-size":"auto","background-attachment":"scroll","background-type":"","background-media":"","overlay-type":"","overlay-color":"","overlay-opacity":"","overlay-gradient":""},"mobile":{"background-color":"","background-image":"","background-repeat":"repeat","background-position":"center center","background-size":"auto","background-attachment":"scroll","background-type":"","background-media":"","overlay-type":"","overlay-color":"","overlay-opacity":"","overlay-gradient":""}},"ast-content-background-meta":{"desktop":{"background-color":"var(--ast-global-color-5)","background-image":"","background-repeat":"repeat","background-position":"center center","background-size":"auto","background-attachment":"scroll","background-type":"","background-media":"","overlay-type":"","overlay-color":"","overlay-opacity":"","overlay-gradient":""},"tablet":{"background-color":"var(--ast-global-color-5)","background-image":"","background-repeat":"repeat","background-position":"center center","background-size":"auto","background-attachment":"scroll","background-type":"","background-media":"","overlay-type":"","overlay-color":"","overlay-opacity":"","overlay-gradient":""},"mobile":{"background-color":"var(--ast-global-color-5)","background-image":"","background-repeat":"repeat","background-position":"center center","background-size":"auto","background-attachment":"scroll","background-type":"","background-media":"","overlay-type":"","overlay-color":"","overlay-opacity":"","overlay-gradient":""}}},"product_brand":[],"product_cat":[43,54],"product_tag":[354,338,318,648,73,656,657,76,351,357,314],"class_list":{"0":"post-4580","1":"product","2":"type-product","3":"status-publish","4":"has-post-thumbnail","6":"product_cat-tham-lot-san-o-to","7":"product_cat-tham-lot-san-o-to-mitsubishi","8":"product_tag-phu-kien-noi-that-triton-2025","9":"product_tag-tham-lot-san-chong-nuoc","10":"product_tag-tham-lot-san-de-ve-sinh","11":"product_tag-tham-lot-san-gia-re","12":"product_tag-tham-lot-san-o-to","13":"product_tag-tham-lot-san-o-to-mitsubishi","14":"product_tag-tham-lot-san-o-to-mitsubishi-triton-2025-ban-moi","15":"product_tag-tham-lot-san-o-to-tpe","16":"product_tag-tham-lot-san-triton-2025","17":"product_tag-tham-mitsubishi-triton-ban-moi","18":"product_tag-tham-trai-san-o-to-cao-cap","19":"desktop-align-left","20":"tablet-align-left","21":"mobile-align-left","23":"first","24":"instock","25":"shipping-taxable","26":"purchasable","27":"product-type-variable"},"_links":{"self":[{"href":"https:\/\/topcar.vn\/wp-json\/wp\/v2\/product\/4580","targetHints":{"allow":["GET"]}}],"collection":[{"href":"https:\/\/topcar.vn\/wp-json\/wp\/v2\/product"}],"about":[{"href":"https:\/\/topcar.vn\/wp-json\/wp\/v2\/types\/product"}],"replies":[{"embeddable":true,"href":"https:\/\/topcar.vn\/wp-json\/wp\/v2\/comments?post=4580"}],"version-history":[{"count":1,"href":"https:\/\/topcar.vn\/wp-json\/wp\/v2\/product\/4580\/revisions"}],"predecessor-version":[{"id":4593,"href":"https:\/\/topcar.vn\/wp-json\/wp\/v2\/product\/4580\/revisions\/4593"}],"wp:featuredmedia":[{"embeddable":true,"href":"https:\/\/topcar.vn\/wp-json\/wp\/v2\/media\/4184"}],"wp:attachment":[{"href":"https:\/\/topcar.vn\/wp-json\/wp\/v2\/media?parent=4580"}],"wp:term":[{"taxonomy":"product_brand","embeddable":true,"href":"https:\/\/topcar.vn\/wp-json\/wp\/v2\/product_brand?post=4580"},{"taxonomy":"product_cat","embeddable":true,"href":"https:\/\/topcar.vn\/wp-json\/wp\/v2\/product_cat?post=4580"},{"taxonomy":"product_tag","embeddable":true,"href":"https:\/\/topcar.vn\/wp-json\/wp\/v2\/product_tag?post=4580"}],"curies":[{"name":"wp","href":"https:\/\/api.w.org\/{rel}","templated":true}]}}