{"id":4554,"date":"2025-10-28T14:28:35","date_gmt":"2025-10-28T07:28:35","guid":{"rendered":"https:\/\/topcar.vn\/?post_type=product&#038;p=4554"},"modified":"2025-10-28T15:28:34","modified_gmt":"2025-10-28T08:28:34","slug":"tham-lot-san-o-to-mitsubishi-mirage-2019-2","status":"publish","type":"product","link":"https:\/\/topcar.vn\/product\/tham-lot-san-o-to-mitsubishi-mirage-2019-2\/","title":{"rendered":"Th\u1ea3m l\u00f3t s\u00e0n \u00f4 t\u00f4 Mitsubishi Mirage \u2265 2019"},"content":{"rendered":"<p data-start=\"100\" data-end=\"584\">Th\u1ea3m l\u00f3t s\u00e0n \u00f4 t\u00f4 Mitsubishi Mirage \u2265 2019 l\u00e0 ph\u1ee5 ki\u1ec7n thi\u1ebft y\u1ebfu gi\u00fap b\u1ea3o v\u1ec7 s\u00e0n xe kh\u1ecfi b\u1ee5i b\u1ea9n, n\u01b0\u1edbc, b\u00f9n \u0111\u1ea5t v\u00e0 c\u00e1c t\u00e1c nh\u00e2n g\u00e2y h\u01b0 h\u1ea1i trong qu\u00e1 tr\u00ecnh s\u1eed d\u1ee5ng. \u0110\u01b0\u1ee3c thi\u1ebft k\u1ebf ri\u00eang cho d\u00f2ng xe hatchback nh\u1ecf g\u1ecdn Mitsubishi Mirage, th\u1ea3m l\u00f3t s\u00e0n Topcar mang \u0111\u1ebfn s\u1ef1 v\u1eeba kh\u00edt tuy\u1ec7t \u0111\u1ed1i, \u0111\u1ed9 b\u1ec1n cao v\u00e0 t\u00ednh th\u1ea9m m\u1ef9 v\u01b0\u1ee3t tr\u1ed9i. V\u1edbi v\u1eadt li\u1ec7u TPE nguy\u00ean sinh cao c\u1ea5p c\u00f9ng c\u00f4ng ngh\u1ec7 \u00e9p khu\u00f4n 3D hi\u1ec7n \u0111\u1ea1i, \u0111\u00e2y l\u00e0 l\u1ef1a ch\u1ecdn ho\u00e0n h\u1ea3o cho nh\u1eefng ch\u1ee7 xe y\u00eau th\u00edch s\u1ef1 tinh t\u1ebf, ti\u1ec7n nghi v\u00e0 an to\u00e0n.<\/p>\n<hr data-start=\"586\" data-end=\"589\" \/>\n<h3 data-start=\"591\" data-end=\"651\">Gi\u1edbi thi\u1ec7u v\u1ec1 th\u1ea3m l\u00f3t s\u00e0n \u00f4 t\u00f4 Mitsubishi Mirage \u2265 2019<\/h3>\n<figure id=\"attachment_4558\" aria-describedby=\"caption-attachment-4558\" style=\"width: 1024px\" class=\"wp-caption aligncenter\"><img fetchpriority=\"high\" decoding=\"async\" class=\"size-large wp-image-4558\" src=\"https:\/\/topcar.vn\/wp-content\/uploads\/2025\/10\/Tham-lot-san-o-to-Mitsubishi-Mirage-\u2265-2019-2-1024x1024.webp\" alt=\"Th\u1ea3m l\u00f3t s\u00e0n \u00f4 t\u00f4 Mitsubishi Mirage \u2265 2019\" width=\"1024\" height=\"1024\" srcset=\"https:\/\/topcar.vn\/wp-content\/uploads\/2025\/10\/Tham-lot-san-o-to-Mitsubishi-Mirage-\u2265-2019-2-1024x1024.webp 1024w, https:\/\/topcar.vn\/wp-content\/uploads\/2025\/10\/Tham-lot-san-o-to-Mitsubishi-Mirage-\u2265-2019-2-300x300.webp 300w, https:\/\/topcar.vn\/wp-content\/uploads\/2025\/10\/Tham-lot-san-o-to-Mitsubishi-Mirage-\u2265-2019-2-150x150.webp 150w, https:\/\/topcar.vn\/wp-content\/uploads\/2025\/10\/Tham-lot-san-o-to-Mitsubishi-Mirage-\u2265-2019-2-768x767.webp 768w, https:\/\/topcar.vn\/wp-content\/uploads\/2025\/10\/Tham-lot-san-o-to-Mitsubishi-Mirage-\u2265-2019-2-600x599.webp 600w, https:\/\/topcar.vn\/wp-content\/uploads\/2025\/10\/Tham-lot-san-o-to-Mitsubishi-Mirage-\u2265-2019-2-100x100.webp 100w, https:\/\/topcar.vn\/wp-content\/uploads\/2025\/10\/Tham-lot-san-o-to-Mitsubishi-Mirage-\u2265-2019-2.webp 1081w\" sizes=\"(max-width: 1024px) 100vw, 1024px\" \/><figcaption id=\"caption-attachment-4558\" class=\"wp-caption-text\">Th\u1ea3m l\u00f3t s\u00e0n \u00f4 t\u00f4 Mitsubishi Mirage \u2265 2019<\/figcaption><\/figure>\n<p data-start=\"653\" data-end=\"1024\">Mitsubishi Mirage l\u00e0 m\u1eabu xe \u0111\u00f4 th\u1ecb \u0111\u01b0\u1ee3c \u01b0a chu\u1ed9ng nh\u1edd thi\u1ebft k\u1ebf nh\u1ecf g\u1ecdn, ti\u1ebft ki\u1ec7m nhi\u00ean li\u1ec7u v\u00e0 kh\u1ea3 n\u0103ng v\u1eadn h\u00e0nh linh ho\u1ea1t. Tuy nhi\u00ean, do th\u01b0\u1eddng xuy\u00ean di chuy\u1ec3n trong m\u00f4i tr\u01b0\u1eddng b\u1ee5i b\u1ea9n v\u00e0 \u1ea9m \u01b0\u1edbt, s\u00e0n xe r\u1ea5t d\u1ec5 b\u1ecb b\u00e1m b\u1ea9n, \u1ed1 m\u00e0u ho\u1eb7c m\u00e0i m\u00f2n theo th\u1eddi gian. Th\u1ea3m l\u00f3t s\u00e0n chuy\u00ean d\u1ee5ng l\u00e0 gi\u1ea3i ph\u00e1p t\u1ed1i \u01b0u gi\u00fap b\u1ea3o v\u1ec7 s\u00e0n xe v\u00e0 duy tr\u00ec v\u1ebb s\u1ea1ch \u0111\u1eb9p, g\u1ecdn g\u00e0ng cho n\u1ed9i th\u1ea5t.<\/p>\n<p data-start=\"1026\" data-end=\"1319\">Th\u1ea3m l\u00f3t s\u00e0n \u00f4 t\u00f4 Mitsubishi Mirage Topcar \u0111\u01b0\u1ee3c thi\u1ebft k\u1ebf theo khu\u00f4n 3D ch\u00ednh x\u00e1c \u0111\u1ebfn t\u1eebng chi ti\u1ebft, \u0111\u1ea3m b\u1ea3o \u00f4m kh\u00edt s\u00e0n xe, kh\u00f4ng tr\u01b0\u1ee3t x\u00ea d\u1ecbch v\u00e0 kh\u00f4ng c\u1ea7n c\u1eaft ch\u1ec9nh khi l\u1eafp \u0111\u1eb7t. S\u1ea3n ph\u1ea9m mang l\u1ea1i v\u1ebb sang tr\u1ecdng, li\u1ec1n m\u1ea1ch v\u00e0 hi\u1ec7n \u0111\u1ea1i, g\u00f3p ph\u1ea7n n\u00e2ng t\u1ea7m kh\u00f4ng gian n\u1ed9i th\u1ea5t c\u1ee7a chi\u1ebfc Mirage.<\/p>\n<hr data-start=\"1321\" data-end=\"1324\" \/>\n<h3 data-start=\"1326\" data-end=\"1395\">\u0110\u1eb7c \u0111i\u1ec3m n\u1ed5i b\u1eadt c\u1ee7a th\u1ea3m l\u00f3t s\u00e0n \u00f4 t\u00f4 Mitsubishi Mirage \u2265 2019<\/h3>\n<p data-start=\"1397\" data-end=\"1806\"><strong data-start=\"1397\" data-end=\"1434\">Ch\u1ea5t li\u1ec7u TPE nguy\u00ean sinh cao c\u1ea5p<\/strong><br data-start=\"1434\" data-end=\"1437\" \/>Th\u1ea3m \u0111\u01b0\u1ee3c s\u1ea3n xu\u1ea5t t\u1eeb 100% <a href=\"https:\/\/www.dienmayxanh.com\/kinh-nghiem-hay\/nhua-tpe-la-gi-1291344?srsltid=AfmBOorBNuIDcBSHhIRCxLR7guz1i4ZjpJNCOEG0yT7Zl2H1QfOqXVxk\" target=\"_blank\" rel=\"noopener\">nh\u1ef1a TPE<\/a> nguy\u00ean sinh \u2013 lo\u1ea1i v\u1eadt li\u1ec7u cao c\u1ea5p, th\u00e2n thi\u1ec7n v\u1edbi m\u00f4i tr\u01b0\u1eddng v\u00e0 an to\u00e0n cho s\u1ee9c kh\u1ecfe. Kh\u00f4ng ch\u1ee9a m\u00f9i cao su, kh\u00f4ng ph\u00e1t th\u1ea3i \u0111\u1ed9c h\u1ea1i, th\u1ea3m ph\u00f9 h\u1ee3p cho c\u1ea3 gia \u0111\u00ecnh, \u0111\u1eb7c bi\u1ec7t l\u00e0 v\u1edbi tr\u1ebb nh\u1ecf. Nh\u1edd \u0111\u1eb7c t\u00ednh \u0111\u00e0n h\u1ed3i, ch\u1ed1ng ch\u1ecbu nhi\u1ec7t v\u00e0 ch\u1ecbu m\u00e0i m\u00f2n t\u1ed1t, s\u1ea3n ph\u1ea9m lu\u00f4n gi\u1eef \u0111\u01b0\u1ee3c form chu\u1ea9n v\u00e0 \u0111\u1ed9 b\u1ec1n v\u01b0\u1ee3t tr\u1ed9i sau th\u1eddi gian d\u00e0i s\u1eed d\u1ee5ng.<\/p>\n<p data-start=\"1808\" data-end=\"2138\"><strong data-start=\"1808\" data-end=\"1855\">C\u00f4ng ngh\u1ec7 \u0111\u00fac khu\u00f4n 3D chu\u1ea9n form tuy\u1ec7t \u0111\u1ed1i<\/strong><br data-start=\"1855\" data-end=\"1858\" \/>\u1ee8ng d\u1ee5ng c\u00f4ng ngh\u1ec7 qu\u00e9t Laser 3D v\u00e0 gia c\u00f4ng CNC hi\u1ec7n \u0111\u1ea1i, th\u1ea3m \u0111\u01b0\u1ee3c \u0111\u00fac khu\u00f4n ch\u00ednh x\u00e1c tuy\u1ec7t \u0111\u1ed1i, v\u1eeba kh\u00edt t\u1eebng g\u00f3c c\u1ea1nh c\u1ee7a s\u00e0n xe Mitsubishi Mirage. Thi\u1ebft k\u1ebf n\u00e0y kh\u00f4ng ch\u1ec9 \u0111\u1ea3m b\u1ea3o \u0111\u1ed9 \u1ed5n \u0111\u1ecbnh khi s\u1eed d\u1ee5ng m\u00e0 c\u00f2n t\u1ea1o n\u00ean s\u1ef1 tinh t\u1ebf, g\u1ecdn g\u00e0ng v\u00e0 \u0111\u1ed3ng nh\u1ea5t trong khoang n\u1ed9i th\u1ea5t.<\/p>\n<p data-start=\"2140\" data-end=\"2481\"><strong data-start=\"2140\" data-end=\"2189\">Thi\u1ebft k\u1ebf ch\u1ed1ng n\u01b0\u1edbc, ch\u1ed1ng b\u00e1m b\u1ea9n th\u00f4ng minh<\/strong><br data-start=\"2189\" data-end=\"2192\" \/>B\u1ec1 m\u1eb7t th\u1ea3m \u0111\u01b0\u1ee3c t\u1ea1o h\u00ecnh v\u1edbi c\u00e1c r\u00e3nh d\u1eabn n\u01b0\u1edbc v\u00e0 g\u1edd n\u1ed5i gi\u00fap ng\u0103n tr\u00e0n, ch\u1ed1ng b\u00e1m b\u1ee5i v\u00e0 gi\u1eef s\u1ea1ch hi\u1ec7u qu\u1ea3. Vi\u1ec1n th\u1ea3m cao t\u1eeb 3\u20135 cm gi\u00fap ng\u0103n n\u01b0\u1edbc, b\u00f9n \u0111\u1ea5t, c\u00e1t b\u1ee5i kh\u00f4ng lan ra s\u00e0n xe. Khi c\u1ea7n v\u1ec7 sinh, ng\u01b0\u1eddi d\u00f9ng ch\u1ec9 c\u1ea7n th\u00e1o th\u1ea3m ra, x\u1ecbt r\u1eeda v\u00e0 lau kh\u00f4 l\u00e0 c\u00f3 th\u1ec3 t\u00e1i s\u1eed d\u1ee5ng d\u1ec5 d\u00e0ng.<\/p>\n<p data-start=\"2483\" data-end=\"2874\"><strong data-start=\"2483\" data-end=\"2526\">B\u1ed9 s\u1ea3n ph\u1ea9m \u0111\u1ea7y \u0111\u1ee7, l\u1eafp \u0111\u1eb7t nhanh ch\u00f3ng<\/strong><br data-start=\"2526\" data-end=\"2529\" \/>B\u1ed9 th\u1ea3m bao g\u1ed3m c\u00e1c t\u1ea5m th\u1ea3m cho h\u00e0ng gh\u1ebf tr\u01b0\u1edbc v\u00e0 sau, t\u01b0\u01a1ng th\u00edch ho\u00e0n to\u00e0n v\u1edbi c\u00e1c phi\u00ean b\u1ea3n Mitsubishi Mirage t\u1eeb n\u0103m 2019 \u0111\u1ebfn nay. S\u1ea3n ph\u1ea9m nh\u1eb9, d\u1ec5 thao t\u00e1c, c\u00f3 ch\u1ed1t kh\u00f3a c\u1ed1 \u0111\u1ecbnh gi\u00fap th\u1ea3m kh\u00f4ng b\u1ecb x\u00ea d\u1ecbch khi xe v\u1eadn h\u00e0nh. Ng\u01b0\u1eddi d\u00f9ng c\u00f3 th\u1ec3 k\u1ebft h\u1ee3p th\u00eam l\u1edbp th\u1ea3m r\u1ed1i ph\u1ee7 tr\u00ean \u0111\u1ec3 t\u0103ng kh\u1ea3 n\u0103ng gi\u1eef b\u1ee5i, t\u1ea1o c\u1ea3m gi\u00e1c \u00eam \u00e1i v\u00e0 sang tr\u1ecdng h\u01a1n.<\/p>\n<hr data-start=\"2876\" data-end=\"2879\" \/>\n<h3 data-start=\"2881\" data-end=\"2941\">\u01afu \u0111i\u1ec3m c\u1ee7a th\u1ea3m l\u00f3t s\u00e0n \u00f4 t\u00f4 Mitsubishi Mirage \u2265 2019<\/h3>\n<figure id=\"attachment_4557\" aria-describedby=\"caption-attachment-4557\" style=\"width: 1024px\" class=\"wp-caption aligncenter\"><img decoding=\"async\" class=\"size-large wp-image-4557\" src=\"https:\/\/topcar.vn\/wp-content\/uploads\/2025\/10\/Tham-lot-san-o-to-Mitsubishi-Mirage-\u2265-2019-1-1024x1024.webp\" alt=\"Th\u1ea3m l\u00f3t s\u00e0n \u00f4 t\u00f4 Mitsubishi Mirage \u2265 2019\" width=\"1024\" height=\"1024\" srcset=\"https:\/\/topcar.vn\/wp-content\/uploads\/2025\/10\/Tham-lot-san-o-to-Mitsubishi-Mirage-\u2265-2019-1-1024x1024.webp 1024w, https:\/\/topcar.vn\/wp-content\/uploads\/2025\/10\/Tham-lot-san-o-to-Mitsubishi-Mirage-\u2265-2019-1-300x300.webp 300w, https:\/\/topcar.vn\/wp-content\/uploads\/2025\/10\/Tham-lot-san-o-to-Mitsubishi-Mirage-\u2265-2019-1-150x150.webp 150w, https:\/\/topcar.vn\/wp-content\/uploads\/2025\/10\/Tham-lot-san-o-to-Mitsubishi-Mirage-\u2265-2019-1-768x767.webp 768w, https:\/\/topcar.vn\/wp-content\/uploads\/2025\/10\/Tham-lot-san-o-to-Mitsubishi-Mirage-\u2265-2019-1-600x599.webp 600w, https:\/\/topcar.vn\/wp-content\/uploads\/2025\/10\/Tham-lot-san-o-to-Mitsubishi-Mirage-\u2265-2019-1-100x100.webp 100w, https:\/\/topcar.vn\/wp-content\/uploads\/2025\/10\/Tham-lot-san-o-to-Mitsubishi-Mirage-\u2265-2019-1.webp 1081w\" sizes=\"(max-width: 1024px) 100vw, 1024px\" \/><figcaption id=\"caption-attachment-4557\" class=\"wp-caption-text\">Th\u1ea3m l\u00f3t s\u00e0n \u00f4 t\u00f4 Mitsubishi Mirage \u2265 2019<\/figcaption><\/figure>\n<p data-start=\"2943\" data-end=\"3378\">Gi\u00fap b\u1ea3o v\u1ec7 s\u00e0n xe kh\u1ecfi n\u01b0\u1edbc, b\u1ee5i b\u1ea9n, b\u00f9n \u0111\u1ea5t v\u00e0 tr\u1ea7y x\u01b0\u1edbc.<br data-start=\"3003\" data-end=\"3006\" \/>Kh\u00f4ng m\u00f9i, kh\u00f4ng \u0111\u1ed9c h\u1ea1i, an to\u00e0n cho s\u1ee9c kh\u1ecfe ng\u01b0\u1eddi s\u1eed d\u1ee5ng.<br data-start=\"3067\" data-end=\"3070\" \/>Ch\u1ed1ng tr\u01a1n tr\u01b0\u1ee3t, \u0111\u1ea3m b\u1ea3o an to\u00e0n khi di chuy\u1ec3n.<br data-start=\"3118\" data-end=\"3121\" \/>Gi\u1ea3m ti\u1ebfng \u1ed3n v\u00e0 rung g\u1ea7m, mang l\u1ea1i c\u1ea3m gi\u00e1c y\u00ean t\u0129nh, d\u1ec5 ch\u1ecbu.<br data-start=\"3184\" data-end=\"3187\" \/>D\u1ec5 v\u1ec7 sinh, nhanh kh\u00f4, kh\u00f4ng b\u00e1m m\u00f9i sau khi r\u1eeda.<br data-start=\"3236\" data-end=\"3239\" \/>B\u1ec1n m\u00e0u, ch\u1ecbu nhi\u1ec7t t\u1ed1t, th\u00edch \u1ee9ng v\u1edbi kh\u00ed h\u1eadu n\u00f3ng \u1ea9m Vi\u1ec7t Nam.<br data-start=\"3303\" data-end=\"3306\" \/>Gi\u1eef form chu\u1ea9n, kh\u00f4ng co ng\u00f3t hay cong v\u00eanh sau th\u1eddi gian d\u00e0i s\u1eed d\u1ee5ng.<\/p>\n<hr data-start=\"3380\" data-end=\"3383\" \/>\n<h3 data-start=\"3385\" data-end=\"3437\">Gi\u00e1 th\u1ea3m l\u00f3t s\u00e0n \u00f4 t\u00f4 Mitsubishi Mirage \u2265 2019<\/h3>\n<p data-start=\"3439\" data-end=\"3566\">Th\u1ea3m l\u00f3t s\u00e0n \u00f4 t\u00f4 Mitsubishi Mirage Topcar \u0111\u01b0\u1ee3c ph\u00e2n ph\u1ed1i v\u1edbi m\u1ee9c gi\u00e1 h\u1ee3p l\u00fd, t\u01b0\u01a1ng x\u1ee9ng v\u1edbi ch\u1ea5t l\u01b0\u1ee3ng v\u00e0 \u0111\u1ed9 ho\u00e0n thi\u1ec7n cao:<\/p>\n<p data-start=\"3568\" data-end=\"3719\">Th\u1ea3m TPE \u0111\u00fac khu\u00f4n 3D chu\u1ea9n form: <strong data-start=\"3602\" data-end=\"3622\">2.000.000 VN\u0110\/b\u1ed9<\/strong><br data-start=\"3622\" data-end=\"3625\" \/>Th\u1ea3m TPE k\u00e8m l\u1edbp th\u1ea3m r\u1ed1i ph\u1ee7 tr\u00ean \u2013 t\u0103ng kh\u1ea3 n\u0103ng gi\u1eef b\u1ee5i v\u00e0 \u0111\u1ed9 \u00eam \u00e1i: <strong data-start=\"3697\" data-end=\"3717\">2.200.000 VN\u0110\/b\u1ed9<\/strong><\/p>\n<p data-start=\"3721\" data-end=\"3889\">Gi\u00e1 c\u00f3 th\u1ec3 thay \u0111\u1ed5i t\u00f9y th\u1eddi \u0111i\u1ec3m ho\u1eb7c ch\u01b0\u01a1ng tr\u00ecnh khuy\u1ebfn m\u00e3i. Qu\u00fd kh\u00e1ch vui l\u00f2ng li\u00ean h\u1ec7 <strong data-start=\"3812\" data-end=\"3837\">Hotline: 0889.385.222<\/strong> \u0111\u1ec3 \u0111\u01b0\u1ee3c b\u00e1o gi\u00e1 chi ti\u1ebft v\u00e0 nh\u1eadn \u01b0u \u0111\u00e3i m\u1edbi nh\u1ea5t.<\/p>\n<hr data-start=\"3891\" data-end=\"3894\" \/>\n<h3 data-start=\"3896\" data-end=\"3965\">Mua th\u1ea3m l\u00f3t s\u00e0n \u00f4 t\u00f4 Mitsubishi Mirage \u2265 2019 ch\u00ednh h\u00e3ng \u1edf \u0111\u00e2u?<\/h3>\n<figure id=\"attachment_4563\" aria-describedby=\"caption-attachment-4563\" style=\"width: 1024px\" class=\"wp-caption aligncenter\"><img decoding=\"async\" class=\"size-large wp-image-4563\" src=\"https:\/\/topcar.vn\/wp-content\/uploads\/2025\/10\/Tham-lot-san-o-to-Mitsubishi-Mirage-\u2265-2019-7-1024x1024.webp\" alt=\"Th\u1ea3m l\u00f3t s\u00e0n \u00f4 t\u00f4 Mitsubishi Mirage \u2265 2019\" width=\"1024\" height=\"1024\" srcset=\"https:\/\/topcar.vn\/wp-content\/uploads\/2025\/10\/Tham-lot-san-o-to-Mitsubishi-Mirage-\u2265-2019-7-1024x1024.webp 1024w, https:\/\/topcar.vn\/wp-content\/uploads\/2025\/10\/Tham-lot-san-o-to-Mitsubishi-Mirage-\u2265-2019-7-300x300.webp 300w, https:\/\/topcar.vn\/wp-content\/uploads\/2025\/10\/Tham-lot-san-o-to-Mitsubishi-Mirage-\u2265-2019-7-150x150.webp 150w, https:\/\/topcar.vn\/wp-content\/uploads\/2025\/10\/Tham-lot-san-o-to-Mitsubishi-Mirage-\u2265-2019-7-768x767.webp 768w, https:\/\/topcar.vn\/wp-content\/uploads\/2025\/10\/Tham-lot-san-o-to-Mitsubishi-Mirage-\u2265-2019-7-600x599.webp 600w, https:\/\/topcar.vn\/wp-content\/uploads\/2025\/10\/Tham-lot-san-o-to-Mitsubishi-Mirage-\u2265-2019-7-100x100.webp 100w, https:\/\/topcar.vn\/wp-content\/uploads\/2025\/10\/Tham-lot-san-o-to-Mitsubishi-Mirage-\u2265-2019-7.webp 1081w\" sizes=\"(max-width: 1024px) 100vw, 1024px\" \/><figcaption id=\"caption-attachment-4563\" class=\"wp-caption-text\">Th\u1ea3m l\u00f3t s\u00e0n \u00f4 t\u00f4 Mitsubishi Mirage \u2265 2019<\/figcaption><\/figure>\n<p data-start=\"3967\" data-end=\"4114\">S\u1ea3n ph\u1ea9m \u0111\u01b0\u1ee3c ph\u00e2n ph\u1ed1i ch\u00ednh h\u00e3ng b\u1edfi <strong data-start=\"4006\" data-end=\"4016\">Topcar<\/strong> \u2013 \u0111\u01a1n v\u1ecb chuy\u00ean cung c\u1ea5p ph\u1ee5 ki\u1ec7n \u00f4 t\u00f4 cao c\u1ea5p, cam k\u1ebft ch\u1ea5t l\u01b0\u1ee3ng v\u00e0 d\u1ecbch v\u1ee5 h\u1eadu m\u00e3i t\u1ed1t nh\u1ea5t.<\/p>\n<p data-start=\"4116\" data-end=\"4343\">Mi\u1ec5n ph\u00ed giao h\u00e0ng to\u00e0n qu\u1ed1c.<br data-start=\"4145\" data-end=\"4148\" \/>H\u1ed7 tr\u1ee3 l\u1eafp \u0111\u1eb7t t\u1eadn n\u01a1i t\u1ea1i H\u00e0 N\u1ed9i v\u00e0 khu v\u1ef1c l\u00e2n c\u1eadn.<br data-start=\"4201\" data-end=\"4204\" \/>Ch\u00ednh s\u00e1ch 1 \u0111\u1ed5i 1 trong 7 ng\u00e0y n\u1ebfu ph\u00e1t hi\u1ec7n l\u1ed7i k\u1ef9 thu\u1eadt.<br data-start=\"4263\" data-end=\"4266\" \/>Thanh to\u00e1n khi nh\u1eadn h\u00e0ng, an to\u00e0n v\u00e0 ti\u1ec7n l\u1ee3i.<br data-start=\"4312\" data-end=\"4315\" \/>B\u1ea3o h\u00e0nh ch\u00ednh h\u00e3ng 5 n\u0103m.<\/p>\n<p data-start=\"4345\" data-end=\"4498\">Kh\u00e1ch h\u00e0ng c\u00f3 th\u1ec3 mua tr\u1ef1c ti\u1ebfp t\u1ea1i showroom ho\u1eb7c \u0111\u1eb7t h\u00e0ng online qua website <strong data-start=\"4423\" data-end=\"4457\"><a class=\"decorated-link\" href=\"https:\/\/Topcar.vn\" target=\"_new\" rel=\"noopener\" data-start=\"4425\" data-end=\"4455\">Topcar.vn<\/a><\/strong> \u0111\u1ec3 \u0111\u01b0\u1ee3c giao h\u00e0ng t\u1eadn n\u01a1i nhanh ch\u00f3ng.<\/p>\n<hr data-start=\"4500\" data-end=\"4503\" \/>\n<h3 data-start=\"4505\" data-end=\"4519\">K\u1ebft lu\u1eadn<\/h3>\n<p data-start=\"4521\" data-end=\"4857\">Th\u1ea3m l\u00f3t s\u00e0n \u00f4 t\u00f4 Mitsubishi Mirage \u2265 2019 c\u1ee7a <strong data-start=\"4568\" data-end=\"4578\">Topcar<\/strong> l\u00e0 l\u1ef1a ch\u1ecdn ho\u00e0n h\u1ea3o gi\u00fap b\u1ea3o v\u1ec7 s\u00e0n xe lu\u00f4n s\u1ea1ch \u0111\u1eb9p, b\u1ec1n b\u1ec9 v\u00e0 sang tr\u1ecdng. V\u1edbi ch\u1ea5t li\u1ec7u TPE nguy\u00ean sinh cao c\u1ea5p, thi\u1ebft k\u1ebf 3D \u00f4m kh\u00edt chu\u1ea9n form v\u00e0 kh\u1ea3 n\u0103ng ch\u1ed1ng b\u00e1m b\u1ea9n, ch\u1ed1ng n\u01b0\u1edbc hi\u1ec7u qu\u1ea3, s\u1ea3n ph\u1ea9m kh\u00f4ng ch\u1ec9 mang l\u1ea1i s\u1ef1 ti\u1ec7n nghi m\u00e0 c\u00f2n n\u00e2ng t\u1ea7m gi\u00e1 tr\u1ecb cho n\u1ed9i th\u1ea5t xe.<\/p>\n<p data-start=\"4859\" data-end=\"5073\" data-is-last-node=\"\" data-is-only-node=\"\"><strong data-start=\"4859\" data-end=\"4914\">Li\u00ean h\u1ec7 ngay \u0111\u1ec3 \u0111\u01b0\u1ee3c t\u01b0 v\u1ea5n v\u00e0 nh\u1eadn \u01b0u \u0111\u00e3i h\u1ea5p d\u1eabn:<\/strong><br data-start=\"4914\" data-end=\"4917\" \/>Hotline: <strong data-start=\"4926\" data-end=\"4942\">0889.385.222<\/strong><br data-start=\"4942\" data-end=\"4945\" \/>\u0110\u1ecba ch\u1ec9: <strong data-start=\"4954\" data-end=\"5017\">S\u1ed1 9 BT2 Khu \u0111\u00f4 th\u1ecb Foresa Xu\u00e2n Ph\u01b0\u01a1ng, Nam T\u1eeb Li\u00eam, H\u00e0 N\u1ed9i<\/strong><br data-start=\"5017\" data-end=\"5020\" \/>Website: <strong data-start=\"5029\" data-end=\"5071\"><a class=\"decorated-link\" href=\"https:\/\/Topcar.vn\" target=\"_new\" rel=\"noopener\" data-start=\"5031\" data-end=\"5069\">https:\/\/Topcar.vn<\/a><\/strong><\/p>\n","protected":false},"excerpt":{"rendered":"<ul>\n<li>Mi\u1ec5n ph\u00ed giao h\u00e0ng to\u00e0n qu\u1ed1c<\/li>\n<li>Nh\u1eadn h\u00e0ng &gt; L\u1eafp \u0111\u1eb7t &gt; Thanh to\u00e1n<\/li>\n<li>B\u1ea3o h\u00e0nh 5 n\u0103m<\/li>\n<\/ul>\n","protected":false},"featured_media":4182,"comment_status":"closed","ping_status":"closed","template":"","meta":{"site-sidebar-layout":"no-sidebar","site-content-layout":"content-boxed-container","ast-site-content-layout":"normal-width-container","site-content-style":"boxed","site-sidebar-style":"unboxed","ast-global-header-display":"","ast-banner-title-visibility":"","ast-main-header-display":"","ast-hfb-above-header-display":"","ast-hfb-below-header-display":"","ast-hfb-mobile-header-display":"","site-post-title":"","ast-breadcrumbs-content":"","ast-featured-img":"","footer-sml-layout":"","ast-disable-related-posts":"","theme-transparent-header-meta":"default","adv-header-id-meta":"","stick-header-meta":"","header-above-stick-meta":"","header-main-stick-meta":"","header-below-stick-meta":"","astra-migrate-meta-layouts":"set","ast-page-background-enabled":"default","ast-page-background-meta":{"desktop":{"background-color":"var(--ast-global-color-4)","background-image":"","background-repeat":"repeat","background-position":"center center","background-size":"auto","background-attachment":"scroll","background-type":"","background-media":"","overlay-type":"","overlay-color":"","overlay-opacity":"","overlay-gradient":""},"tablet":{"background-color":"","background-image":"","background-repeat":"repeat","background-position":"center center","background-size":"auto","background-attachment":"scroll","background-type":"","background-media":"","overlay-type":"","overlay-color":"","overlay-opacity":"","overlay-gradient":""},"mobile":{"background-color":"","background-image":"","background-repeat":"repeat","background-position":"center center","background-size":"auto","background-attachment":"scroll","background-type":"","background-media":"","overlay-type":"","overlay-color":"","overlay-opacity":"","overlay-gradient":""}},"ast-content-background-meta":{"desktop":{"background-color":"var(--ast-global-color-5)","background-image":"","background-repeat":"repeat","background-position":"center center","background-size":"auto","background-attachment":"scroll","background-type":"","background-media":"","overlay-type":"","overlay-color":"","overlay-opacity":"","overlay-gradient":""},"tablet":{"background-color":"var(--ast-global-color-5)","background-image":"","background-repeat":"repeat","background-position":"center center","background-size":"auto","background-attachment":"scroll","background-type":"","background-media":"","overlay-type":"","overlay-color":"","overlay-opacity":"","overlay-gradient":""},"mobile":{"background-color":"var(--ast-global-color-5)","background-image":"","background-repeat":"repeat","background-position":"center center","background-size":"auto","background-attachment":"scroll","background-type":"","background-media":"","overlay-type":"","overlay-color":"","overlay-opacity":"","overlay-gradient":""}}},"product_brand":[],"product_cat":[43,54],"product_tag":[338,318,648,73,656,332,76,314],"class_list":{"0":"post-4554","1":"product","2":"type-product","3":"status-publish","4":"has-post-thumbnail","6":"product_cat-tham-lot-san-o-to","7":"product_cat-tham-lot-san-o-to-mitsubishi","8":"product_tag-tham-lot-san-chong-nuoc","9":"product_tag-tham-lot-san-de-ve-sinh","10":"product_tag-tham-lot-san-gia-re","11":"product_tag-tham-lot-san-o-to","12":"product_tag-tham-lot-san-o-to-mitsubishi","13":"product_tag-tham-lot-san-o-to-mitsubishi-mirage--2019","14":"product_tag-tham-lot-san-o-to-tpe","15":"product_tag-tham-trai-san-o-to-cao-cap","16":"desktop-align-left","17":"tablet-align-left","18":"mobile-align-left","20":"first","21":"instock","22":"shipping-taxable","23":"purchasable","24":"product-type-variable"},"_links":{"self":[{"href":"https:\/\/topcar.vn\/wp-json\/wp\/v2\/product\/4554","targetHints":{"allow":["GET"]}}],"collection":[{"href":"https:\/\/topcar.vn\/wp-json\/wp\/v2\/product"}],"about":[{"href":"https:\/\/topcar.vn\/wp-json\/wp\/v2\/types\/product"}],"replies":[{"embeddable":true,"href":"https:\/\/topcar.vn\/wp-json\/wp\/v2\/comments?post=4554"}],"version-history":[{"count":2,"href":"https:\/\/topcar.vn\/wp-json\/wp\/v2\/product\/4554\/revisions"}],"predecessor-version":[{"id":4565,"href":"https:\/\/topcar.vn\/wp-json\/wp\/v2\/product\/4554\/revisions\/4565"}],"wp:featuredmedia":[{"embeddable":true,"href":"https:\/\/topcar.vn\/wp-json\/wp\/v2\/media\/4182"}],"wp:attachment":[{"href":"https:\/\/topcar.vn\/wp-json\/wp\/v2\/media?parent=4554"}],"wp:term":[{"taxonomy":"product_brand","embeddable":true,"href":"https:\/\/topcar.vn\/wp-json\/wp\/v2\/product_brand?post=4554"},{"taxonomy":"product_cat","embeddable":true,"href":"https:\/\/topcar.vn\/wp-json\/wp\/v2\/product_cat?post=4554"},{"taxonomy":"product_tag","embeddable":true,"href":"https:\/\/topcar.vn\/wp-json\/wp\/v2\/product_tag?post=4554"}],"curies":[{"name":"wp","href":"https:\/\/api.w.org\/{rel}","templated":true}]}}