{"id":4533,"date":"2025-10-27T18:50:30","date_gmt":"2025-10-27T11:50:30","guid":{"rendered":"https:\/\/topcar.vn\/?post_type=product&#038;p=4533"},"modified":"2025-10-27T18:59:04","modified_gmt":"2025-10-27T11:59:04","slug":"tham-lot-san-o-to-peugeot-2008-2020-2024-2","status":"publish","type":"product","link":"https:\/\/topcar.vn\/product\/tham-lot-san-o-to-peugeot-2008-2020-2024-2\/","title":{"rendered":"Th\u1ea3m l\u00f3t s\u00e0n \u00f4 t\u00f4 Peugeot 2008 2020-2024"},"content":{"rendered":"<p data-start=\"101\" data-end=\"565\">Th\u1ea3m l\u00f3t s\u00e0n \u00f4 t\u00f4 Peugeot 2008 2020-2024 l\u00e0 ph\u1ee5 ki\u1ec7n quan tr\u1ecdng gi\u00fap b\u1ea3o v\u1ec7 khoang xe lu\u00f4n s\u1ea1ch s\u1ebd, kh\u00f4 r\u00e1o v\u00e0 n\u00e2ng t\u1ea7m th\u1ea9m m\u1ef9 n\u1ed9i th\u1ea5t. S\u1ea3n ph\u1ea9m th\u1ea3m Topcar \u0111\u01b0\u1ee3c thi\u1ebft k\u1ebf ri\u00eang cho d\u00f2ng xe Peugeot 2008 \u0111\u1eddi 2020\u20132024, \u1ee9ng d\u1ee5ng c\u00f4ng ngh\u1ec7 \u0111\u00fac khu\u00f4n 3D hi\u1ec7n \u0111\u1ea1i c\u00f9ng v\u1eadt li\u1ec7u TPE nguy\u00ean sinh cao c\u1ea5p, mang l\u1ea1i \u0111\u1ed9 b\u1ec1n v\u01b0\u1ee3t tr\u1ed9i v\u00e0 kh\u1ea3 n\u0103ng b\u1ea3o v\u1ec7 to\u00e0n di\u1ec7n. \u0110\u00e2y l\u00e0 l\u1ef1a ch\u1ecdn l\u00fd t\u01b0\u1edfng cho nh\u1eefng ch\u1ee7 xe y\u00eau th\u00edch s\u1ef1 tinh t\u1ebf, an to\u00e0n v\u00e0 ti\u1ec7n nghi trong t\u1eebng h\u00e0nh tr\u00ecnh.<\/p>\n<hr data-start=\"567\" data-end=\"570\" \/>\n<h2 data-start=\"572\" data-end=\"633\"><strong data-start=\"575\" data-end=\"633\">Gi\u1edbi thi\u1ec7u v\u1ec1 th\u1ea3m l\u00f3t s\u00e0n \u00f4 t\u00f4 Peugeot 2008 2020-2024<\/strong><\/h2>\n<figure id=\"attachment_3782\" aria-describedby=\"caption-attachment-3782\" style=\"width: 960px\" class=\"wp-caption aligncenter\"><img fetchpriority=\"high\" decoding=\"async\" class=\"size-full wp-image-3782\" src=\"https:\/\/topcar.vn\/wp-content\/uploads\/2025\/07\/Tham-lot-san-o-to-Peugeot-2008-2020-2024-1-1.webp\" alt=\"Th\u1ea3m l\u00f3t s\u00e0n \u00f4 t\u00f4 Peugeot 2008 2020-2024\" width=\"960\" height=\"960\" srcset=\"https:\/\/topcar.vn\/wp-content\/uploads\/2025\/07\/Tham-lot-san-o-to-Peugeot-2008-2020-2024-1-1.webp 960w, https:\/\/topcar.vn\/wp-content\/uploads\/2025\/07\/Tham-lot-san-o-to-Peugeot-2008-2020-2024-1-1-300x300.webp 300w, https:\/\/topcar.vn\/wp-content\/uploads\/2025\/07\/Tham-lot-san-o-to-Peugeot-2008-2020-2024-1-1-150x150.webp 150w, https:\/\/topcar.vn\/wp-content\/uploads\/2025\/07\/Tham-lot-san-o-to-Peugeot-2008-2020-2024-1-1-768x768.webp 768w, https:\/\/topcar.vn\/wp-content\/uploads\/2025\/07\/Tham-lot-san-o-to-Peugeot-2008-2020-2024-1-1-600x600.webp 600w, https:\/\/topcar.vn\/wp-content\/uploads\/2025\/07\/Tham-lot-san-o-to-Peugeot-2008-2020-2024-1-1-100x100.webp 100w\" sizes=\"(max-width: 960px) 100vw, 960px\" \/><figcaption id=\"caption-attachment-3782\" class=\"wp-caption-text\">Th\u1ea3m l\u00f3t s\u00e0n \u00f4 t\u00f4 Peugeot 2008 2020-2024<\/figcaption><\/figure>\n<p data-start=\"635\" data-end=\"985\">Peugeot 2008 2020\u20132024 l\u00e0 m\u1eabu SUV \u0111\u00f4 th\u1ecb mang phong c\u00e1ch ch\u00e2u \u00c2u hi\u1ec7n \u0111\u1ea1i, \u0111\u01b0\u1ee3c \u01b0a chu\u1ed9ng nh\u1edd thi\u1ebft k\u1ebf sang tr\u1ecdng, kh\u1ea3 n\u0103ng v\u1eadn h\u00e0nh linh ho\u1ea1t v\u00e0 n\u1ed9i th\u1ea5t cao c\u1ea5p. Tuy nhi\u00ean, trong qu\u00e1 tr\u00ecnh s\u1eed d\u1ee5ng, s\u00e0n xe th\u01b0\u1eddng ch\u1ecbu nhi\u1ec1u t\u00e1c \u0111\u1ed9ng t\u1eeb b\u1ee5i b\u1ea9n, n\u01b0\u1edbc, b\u00f9n \u0111\u1ea5t ho\u1eb7c ma s\u00e1t t\u1eeb gi\u00e0y d\u00e9p, khi\u1ebfn n\u1ed9i th\u1ea5t nhanh xu\u1ed1ng c\u1ea5p n\u1ebfu kh\u00f4ng \u0111\u01b0\u1ee3c b\u1ea3o v\u1ec7 \u0111\u00fang c\u00e1ch.<\/p>\n<p data-start=\"987\" data-end=\"1335\">Th\u1ea3m l\u00f3t s\u00e0n \u00f4 t\u00f4 Peugeot 2008 2020-2024 c\u1ee7a Topcar l\u00e0 gi\u1ea3i ph\u00e1p ho\u00e0n h\u1ea3o gi\u00fap b\u1ea3o v\u1ec7 to\u00e0n di\u1ec7n s\u00e0n xe. Th\u1ea3m \u0111\u01b0\u1ee3c \u0111\u00fac khu\u00f4n theo form chu\u1ea9n 3D, \u00f4m s\u00e1t t\u1eebng chi ti\u1ebft s\u00e0n xe, \u0111\u1ea3m b\u1ea3o v\u1eeba kh\u00edt, kh\u00f4ng c\u1ea7n c\u1eaft ch\u1ec9nh v\u00e0 kh\u00f4ng x\u00f4 l\u1ec7ch khi s\u1eed d\u1ee5ng. Thi\u1ebft k\u1ebf hi\u1ec7n \u0111\u1ea1i, ti\u1ec7n d\u1ee5ng v\u00e0 th\u1ea9m m\u1ef9 cao gi\u00fap khoang xe lu\u00f4n g\u1ecdn g\u00e0ng, s\u1ea1ch \u0111\u1eb9p v\u00e0 sang tr\u1ecdng nh\u01b0 m\u1edbi.<\/p>\n<hr data-start=\"1337\" data-end=\"1340\" \/>\n<h2 data-start=\"1342\" data-end=\"1410\"><strong data-start=\"1345\" data-end=\"1410\">\u0110\u1eb7c \u0111i\u1ec3m n\u1ed5i b\u1eadt c\u1ee7a th\u1ea3m l\u00f3t s\u00e0n \u00f4 t\u00f4 Peugeot 2008 2020-2024<\/strong><\/h2>\n<h3 data-start=\"1412\" data-end=\"1456\"><strong data-start=\"1416\" data-end=\"1456\">Ch\u1ea5t li\u1ec7u TPE nguy\u00ean sinh cao c\u1ea5p<\/strong><\/h3>\n<p data-start=\"1457\" data-end=\"1760\">Th\u1ea3m \u0111\u01b0\u1ee3c l\u00e0m t\u1eeb 100% <a href=\"https:\/\/www.bachhoaxanh.com\/kinh-nghiem-hay\/nhua-tpe-la-gi-cac-ung-dung-trong-cuoc-song-1351068\" target=\"_blank\" rel=\"noopener\">nh\u1ef1a TPE<\/a> nguy\u00ean sinh, kh\u00f4ng pha t\u1ea1p, kh\u00f4ng m\u00f9i, an to\u00e0n tuy\u1ec7t \u0111\u1ed1i cho s\u1ee9c kh\u1ecfe ng\u01b0\u1eddi d\u00f9ng v\u00e0 th\u00e2n thi\u1ec7n v\u1edbi m\u00f4i tr\u01b0\u1eddng.<br data-start=\"1598\" data-end=\"1601\" \/>V\u1eadt li\u1ec7u \u0111\u1ea1t ti\u00eau chu\u1ea9n ch\u00e2u \u00c2u RoHS, c\u00f3 kh\u1ea3 n\u0103ng ch\u1ecbu nhi\u1ec7t, ch\u1ecbu l\u1ef1c v\u00e0 ch\u1ed1ng l\u00e3o h\u00f3a t\u1ed1t, kh\u00f4ng b\u1ecb bi\u1ebfn d\u1ea1ng hay phai m\u00e0u trong \u0111i\u1ec1u ki\u1ec7n s\u1eed d\u1ee5ng l\u00e2u d\u00e0i.<\/p>\n<h3 data-start=\"1762\" data-end=\"1819\"><strong data-start=\"1766\" data-end=\"1819\">C\u00f4ng ngh\u1ec7 \u0111\u00fac khu\u00f4n 3D chu\u1ea9n x\u00e1c t\u1eebng chi ti\u1ebft<\/strong><\/h3>\n<p data-start=\"1820\" data-end=\"2137\">\u1ee8ng d\u1ee5ng c\u00f4ng ngh\u1ec7 qu\u00e9t Laser 3D v\u00e0 c\u1eaft CNC hi\u1ec7n \u0111\u1ea1i, th\u1ea3m \u0111\u01b0\u1ee3c thi\u1ebft k\u1ebf \u00f4m s\u00e1t ho\u00e0n to\u00e0n s\u00e0n xe Peugeot 2008 2020\u20132024.<br data-start=\"1940\" data-end=\"1943\" \/>Form chu\u1ea9n tuy\u1ec7t \u0111\u1ed1i, \u0111\u1ea3m b\u1ea3o th\u1ea3m kh\u00f4ng b\u1ecb cong v\u00eanh, tr\u01b0\u1ee3t ho\u1eb7c x\u00f4 l\u1ec7ch trong qu\u00e1 tr\u00ecnh s\u1eed d\u1ee5ng. Thi\u1ebft k\u1ebf gi\u00fap t\u0103ng t\u00ednh th\u1ea9m m\u1ef9, \u0111\u1ed3ng th\u1eddi gi\u1eef cho n\u1ed9i th\u1ea5t xe lu\u00f4n s\u1ea1ch s\u1ebd v\u00e0 chuy\u00ean nghi\u1ec7p.<\/p>\n<h3 data-start=\"2139\" data-end=\"2187\"><strong data-start=\"2143\" data-end=\"2187\">Thi\u1ebft k\u1ebf ch\u1ed1ng b\u1ea9n, ch\u1ed1ng n\u01b0\u1edbc t\u1ed1i \u01b0u<\/strong><\/h3>\n<p data-start=\"2188\" data-end=\"2501\">Th\u1ea3m c\u00f3 vi\u1ec1n cao t\u1eeb 3\u20135 cm gi\u00fap ng\u0103n n\u01b0\u1edbc, b\u1ee5i b\u1ea9n, c\u00e1t v\u00e0 b\u00f9n \u0111\u1ea5t tr\u00e0n ra s\u00e0n xe.<br data-start=\"2270\" data-end=\"2273\" \/>B\u1ec1 m\u1eb7t th\u1ea3m c\u00f3 c\u00e1c r\u00e3nh tho\u00e1t n\u01b0\u1edbc v\u00e0 v\u00e2n ch\u1ed1ng tr\u01b0\u1ee3t gi\u00fap gi\u1eef s\u1ea1ch hi\u1ec7u qu\u1ea3, d\u1ec5 v\u1ec7 sinh v\u00e0 \u0111\u1ea3m b\u1ea3o an to\u00e0n khi s\u1eed d\u1ee5ng.<br data-start=\"2393\" data-end=\"2396\" \/>Th\u1ea3m c\u00f3 ch\u1ed1t kh\u00f3a \u0111\u1ecbnh v\u1ecb ch\u1eafc ch\u1eafn, gi\u00fap c\u1ed1 \u0111\u1ecbnh ho\u00e0n h\u1ea3o, kh\u00f4ng tr\u01a1n tr\u01b0\u1ee3t trong qu\u00e1 tr\u00ecnh di chuy\u1ec3n.<\/p>\n<h3 data-start=\"2503\" data-end=\"2544\"><strong data-start=\"2507\" data-end=\"2544\">B\u1ed9 s\u1ea3n ph\u1ea9m \u0111\u1ea7y \u0111\u1ee7, d\u1ec5 s\u1eed d\u1ee5ng<\/strong><\/h3>\n<p data-start=\"2545\" data-end=\"2833\">B\u1ed9 th\u1ea3m bao g\u1ed3m th\u1ea3m cho h\u00e0ng gh\u1ebf tr\u01b0\u1edbc, h\u00e0ng gh\u1ebf gi\u1eefa v\u00e0 h\u00e0ng gh\u1ebf sau.<br data-start=\"2616\" data-end=\"2619\" \/>C\u00f3 th\u1ec3 t\u00f9y ch\u1ecdn th\u00eam l\u1edbp th\u1ea3m r\u1ed1i ph\u1ee7 tr\u00ean \u0111\u1ec3 t\u0103ng kh\u1ea3 n\u0103ng gi\u1eef b\u1ee5i, gi\u1ea3m ti\u1ebfng \u1ed3n v\u00e0 mang l\u1ea1i c\u1ea3m gi\u00e1c \u00eam \u00e1i, sang tr\u1ecdng h\u01a1n.<br data-start=\"2745\" data-end=\"2748\" \/>Th\u1ea3m d\u1ec5 d\u00e0ng th\u00e1o r\u1eddi, v\u1ec7 sinh nhanh ch\u00f3ng, kh\u00f4 nhanh v\u00e0 kh\u00f4ng b\u00e1m m\u00f9i sau khi r\u1eeda.<\/p>\n<hr data-start=\"2835\" data-end=\"2838\" \/>\n<h2 data-start=\"2840\" data-end=\"2909\"><strong data-start=\"2843\" data-end=\"2909\">\u01afu \u0111i\u1ec3m v\u01b0\u1ee3t tr\u1ed9i c\u1ee7a th\u1ea3m l\u00f3t s\u00e0n \u00f4 t\u00f4 Peugeot 2008 2020-2024<\/strong><\/h2>\n<figure id=\"attachment_3784\" aria-describedby=\"caption-attachment-3784\" style=\"width: 588px\" class=\"wp-caption aligncenter\"><img decoding=\"async\" class=\"size-full wp-image-3784\" src=\"https:\/\/topcar.vn\/wp-content\/uploads\/2025\/07\/Tham-lot-san-o-to-Peugeot-2008-2020-2024-3-2.webp\" alt=\"Th\u1ea3m l\u00f3t s\u00e0n \u00f4 t\u00f4 Peugeot 2008 2020-2024\" width=\"588\" height=\"588\" srcset=\"https:\/\/topcar.vn\/wp-content\/uploads\/2025\/07\/Tham-lot-san-o-to-Peugeot-2008-2020-2024-3-2.webp 588w, https:\/\/topcar.vn\/wp-content\/uploads\/2025\/07\/Tham-lot-san-o-to-Peugeot-2008-2020-2024-3-2-300x300.webp 300w, https:\/\/topcar.vn\/wp-content\/uploads\/2025\/07\/Tham-lot-san-o-to-Peugeot-2008-2020-2024-3-2-150x150.webp 150w, https:\/\/topcar.vn\/wp-content\/uploads\/2025\/07\/Tham-lot-san-o-to-Peugeot-2008-2020-2024-3-2-100x100.webp 100w\" sizes=\"(max-width: 588px) 100vw, 588px\" \/><figcaption id=\"caption-attachment-3784\" class=\"wp-caption-text\">Th\u1ea3m l\u00f3t s\u00e0n \u00f4 t\u00f4 Peugeot 2008 2020-2024<\/figcaption><\/figure>\n<p data-start=\"2911\" data-end=\"3340\">Ch\u1ed1ng n\u01b0\u1edbc tuy\u1ec7t \u0111\u1ed1i, b\u1ea3o v\u1ec7 s\u00e0n xe lu\u00f4n s\u1ea1ch v\u00e0 kh\u00f4 r\u00e1o trong m\u1ecdi \u0111i\u1ec1u ki\u1ec7n th\u1eddi ti\u1ebft.<br data-start=\"2998\" data-end=\"3001\" \/>Ch\u1ed1ng tr\u01a1n tr\u01b0\u1ee3t, \u0111\u1ea3m b\u1ea3o an to\u00e0n khi l\u00e1i xe.<br data-start=\"3046\" data-end=\"3049\" \/>C\u00e1ch \u00e2m v\u00e0 gi\u1ea3m ti\u1ebfng \u1ed3n t\u1eeb g\u1ea7m xe, gi\u00fap khoang xe y\u00ean t\u0129nh, tho\u1ea3i m\u00e1i h\u01a1n.<br data-start=\"3124\" data-end=\"3127\" \/>D\u1ec5 v\u1ec7 sinh, nhanh kh\u00f4 v\u00e0 kh\u00f4ng b\u00e1m m\u00f9i kh\u00f3 ch\u1ecbu.<br data-start=\"3175\" data-end=\"3178\" \/>Th\u00e2n thi\u1ec7n v\u1edbi s\u1ee9c kh\u1ecfe ng\u01b0\u1eddi d\u00f9ng, ph\u00f9 h\u1ee3p v\u1edbi gia \u0111\u00ecnh c\u00f3 tr\u1ebb nh\u1ecf ho\u1eb7c ng\u01b0\u1eddi nh\u1ea1y c\u1ea3m.<br data-start=\"3266\" data-end=\"3269\" \/>\u0110\u1ed9 b\u1ec1n cao, kh\u00f4ng co ng\u00f3t hay n\u1ee9t v\u1ee1 trong qu\u00e1 tr\u00ecnh s\u1eed d\u1ee5ng l\u00e2u d\u00e0i.<\/p>\n<hr data-start=\"3342\" data-end=\"3345\" \/>\n<h2 data-start=\"3347\" data-end=\"3398\"><strong data-start=\"3350\" data-end=\"3398\">Gi\u00e1 th\u1ea3m l\u00f3t s\u00e0n \u00f4 t\u00f4 Peugeot 2008 2020-2024<\/strong><\/h2>\n<p data-start=\"3400\" data-end=\"3505\">S\u1ea3n ph\u1ea9m hi\u1ec7n \u0111\u01b0\u1ee3c ph\u00e2n ph\u1ed1i ch\u00ednh h\u00e3ng b\u1edfi Topcar v\u1edbi m\u1ee9c gi\u00e1 c\u1ea1nh tranh v\u00e0 ch\u00ednh s\u00e1ch b\u1ea3o h\u00e0nh h\u1ea5p d\u1eabn:<\/p>\n<p data-start=\"3507\" data-end=\"3614\">Th\u1ea3m TPE \u0111\u00fac khu\u00f4n 3D chu\u1ea9n form: 2.000.000 VN\u0110\/b\u1ed9.<br data-start=\"3557\" data-end=\"3560\" \/>Th\u1ea3m TPE k\u00e8m l\u1edbp th\u1ea3m r\u1ed1i ph\u1ee7 tr\u00ean: 2.200.000 VN\u0110\/b\u1ed9.<\/p>\n<p data-start=\"3616\" data-end=\"3772\">Gi\u00e1 c\u00f3 th\u1ec3 thay \u0111\u1ed5i theo ch\u01b0\u01a1ng tr\u00ecnh khuy\u1ebfn m\u00e3i t\u1eebng th\u1eddi \u0111i\u1ec3m. Vui l\u00f2ng li\u00ean h\u1ec7 Hotline: 0889.385.222 \u0111\u1ec3 \u0111\u01b0\u1ee3c b\u00e1o gi\u00e1 ch\u00ednh x\u00e1c v\u00e0 nh\u1eadn \u01b0u \u0111\u00e3i m\u1edbi nh\u1ea5t.<\/p>\n<hr data-start=\"3774\" data-end=\"3777\" \/>\n<h2 data-start=\"3779\" data-end=\"3837\"><strong data-start=\"3782\" data-end=\"3837\">Mua th\u1ea3m l\u00f3t s\u00e0n \u00f4 t\u00f4 Peugeot 2008 2020-2024 ch\u00ednh h\u00e3ng \u1edf \u0111\u00e2u<\/strong><\/h2>\n<figure id=\"attachment_3784\" aria-describedby=\"caption-attachment-3784\" style=\"width: 588px\" class=\"wp-caption aligncenter\"><img decoding=\"async\" class=\"size-full wp-image-3784\" src=\"https:\/\/topcar.vn\/wp-content\/uploads\/2025\/07\/Tham-lot-san-o-to-Peugeot-2008-2020-2024-3-2.webp\" alt=\"Th\u1ea3m l\u00f3t s\u00e0n \u00f4 t\u00f4 Peugeot 2008 2020-2024\" width=\"588\" height=\"588\" srcset=\"https:\/\/topcar.vn\/wp-content\/uploads\/2025\/07\/Tham-lot-san-o-to-Peugeot-2008-2020-2024-3-2.webp 588w, https:\/\/topcar.vn\/wp-content\/uploads\/2025\/07\/Tham-lot-san-o-to-Peugeot-2008-2020-2024-3-2-300x300.webp 300w, https:\/\/topcar.vn\/wp-content\/uploads\/2025\/07\/Tham-lot-san-o-to-Peugeot-2008-2020-2024-3-2-150x150.webp 150w, https:\/\/topcar.vn\/wp-content\/uploads\/2025\/07\/Tham-lot-san-o-to-Peugeot-2008-2020-2024-3-2-100x100.webp 100w\" sizes=\"(max-width: 588px) 100vw, 588px\" \/><figcaption id=\"caption-attachment-3784\" class=\"wp-caption-text\">Th\u1ea3m l\u00f3t s\u00e0n \u00f4 t\u00f4 Peugeot 2008 2020-2024<\/figcaption><\/figure>\n<p data-start=\"3839\" data-end=\"4014\">Th\u1ea3m l\u00f3t s\u00e0n \u00f4 t\u00f4 Peugeot 2008 2020-2024 \u0111\u01b0\u1ee3c ph\u00e2n ph\u1ed1i ch\u00ednh h\u00e3ng b\u1edfi Topcar \u2013 \u0111\u01a1n v\u1ecb chuy\u00ean cung c\u1ea5p ph\u1ee5 ki\u1ec7n \u00f4 t\u00f4 cao c\u1ea5p, cam k\u1ebft ch\u1ea5t l\u01b0\u1ee3ng s\u1ea3n ph\u1ea9m v\u00e0 d\u1ecbch v\u1ee5 t\u1eadn t\u00e2m:<\/p>\n<p data-start=\"4016\" data-end=\"4244\">Mi\u1ec5n ph\u00ed giao h\u00e0ng to\u00e0n qu\u1ed1c.<br data-start=\"4045\" data-end=\"4048\" \/>H\u1ed7 tr\u1ee3 l\u1eafp \u0111\u1eb7t t\u1ea1i nh\u00e0 (\u00e1p d\u1ee5ng t\u1ea1i m\u1ed9t s\u1ed1 khu v\u1ef1c).<br data-start=\"4100\" data-end=\"4103\" \/>Ch\u00ednh s\u00e1ch 1 \u0111\u1ed5i 1 trong 7 ng\u00e0y n\u1ebfu ph\u00e1t hi\u1ec7n l\u1ed7i k\u1ef9 thu\u1eadt.<br data-start=\"4162\" data-end=\"4165\" \/>Thanh to\u00e1n khi nh\u1eadn h\u00e0ng \u2013 nhanh ch\u00f3ng, an to\u00e0n.<br data-start=\"4213\" data-end=\"4216\" \/>B\u1ea3o h\u00e0nh ch\u00ednh h\u00e3ng 5 n\u0103m.<\/p>\n<p data-start=\"4246\" data-end=\"4446\">Kh\u00e1ch h\u00e0ng c\u00f3 th\u1ec3 mua tr\u1ef1c ti\u1ebfp t\u1ea1i showroom ho\u1eb7c \u0111\u1eb7t h\u00e0ng online qua website Topcar.vn. S\u1ea3n ph\u1ea9m \u0111\u01b0\u1ee3c \u0111\u00f3ng g\u00f3i c\u1ea9n th\u1eadn, giao h\u00e0ng nhanh v\u00e0 c\u00f3 h\u1ed7 tr\u1ee3 k\u1ef9 thu\u1eadt t\u1eadn t\u00ecnh trong su\u1ed1t qu\u00e1 tr\u00ecnh s\u1eed d\u1ee5ng.<\/p>\n<hr data-start=\"4448\" data-end=\"4451\" \/>\n<h2 data-start=\"4453\" data-end=\"4468\"><strong data-start=\"4456\" data-end=\"4468\">K\u1ebft lu\u1eadn<\/strong><\/h2>\n<p data-start=\"4470\" data-end=\"4843\">Th\u1ea3m l\u00f3t s\u00e0n \u00f4 t\u00f4 Peugeot 2008 2020-2024 Topcar l\u00e0 ph\u1ee5 ki\u1ec7n c\u1ea7n thi\u1ebft gi\u00fap b\u1ea3o v\u1ec7 to\u00e0n di\u1ec7n s\u00e0n xe, duy tr\u00ec kh\u00f4ng gian n\u1ed9i th\u1ea5t s\u1ea1ch \u0111\u1eb9p v\u00e0 t\u0103ng tr\u1ea3i nghi\u1ec7m l\u00e1i xe tho\u1ea3i m\u00e1i, an to\u00e0n h\u01a1n. V\u1edbi ch\u1ea5t li\u1ec7u TPE nguy\u00ean sinh cao c\u1ea5p, thi\u1ebft k\u1ebf chu\u1ea9n form 3D ch\u00ednh x\u00e1c v\u00e0 kh\u1ea3 n\u0103ng ch\u1ed1ng n\u01b0\u1edbc \u2013 ch\u1ed1ng b\u1ea9n \u2013 gi\u1ea3m \u1ed3n hi\u1ec7u qu\u1ea3, \u0111\u00e2y l\u00e0 l\u1ef1a ch\u1ecdn \u0111\u00e1ng \u0111\u1ea7u t\u01b0 cho m\u1ecdi ch\u1ee7 xe Peugeot 2008.<\/p>\n<p data-start=\"4845\" data-end=\"5042\">Li\u00ean h\u1ec7 ngay \u0111\u1ec3 \u0111\u01b0\u1ee3c t\u01b0 v\u1ea5n v\u00e0 nh\u1eadn \u01b0u \u0111\u00e3i t\u1ed1t nh\u1ea5t:<br data-start=\"4897\" data-end=\"4900\" \/>Hotline: 0889.385.222<br data-start=\"4921\" data-end=\"4924\" \/>\u0110\u1ecba ch\u1ec9: S\u1ed1 9 Bt2 Khu \u0111\u00f4 th\u1ecb Foresa Xu\u00e2n Ph\u01b0\u01a1ng, Nam T\u1eeb Li\u00eam, H\u00e0 N\u1ed9i<br data-start=\"4992\" data-end=\"4995\" \/>Website: <a class=\"decorated-link\" href=\"https:\/\/Topcar.vn\" target=\"_new\" rel=\"noopener\" data-start=\"5004\" data-end=\"5042\">https:\/\/Topcar.vn<\/a><\/p>\n","protected":false},"excerpt":{"rendered":"<ul>\n<li>Mi\u1ec5n ph\u00ed giao h\u00e0ng to\u00e0n qu\u1ed1c<\/li>\n<li>Nh\u1eadn h\u00e0ng &gt; L\u1eafp \u0111\u1eb7t &gt; Thanh to\u00e1n<\/li>\n<li>B\u1ea3o h\u00e0nh 5 n\u0103m<\/li>\n<\/ul>\n","protected":false},"featured_media":3785,"comment_status":"closed","ping_status":"closed","template":"","meta":{"site-sidebar-layout":"no-sidebar","site-content-layout":"content-boxed-container","ast-site-content-layout":"normal-width-container","site-content-style":"boxed","site-sidebar-style":"unboxed","ast-global-header-display":"","ast-banner-title-visibility":"","ast-main-header-display":"","ast-hfb-above-header-display":"","ast-hfb-below-header-display":"","ast-hfb-mobile-header-display":"","site-post-title":"","ast-breadcrumbs-content":"","ast-featured-img":"","footer-sml-layout":"","ast-disable-related-posts":"","theme-transparent-header-meta":"default","adv-header-id-meta":"","stick-header-meta":"","header-above-stick-meta":"","header-main-stick-meta":"","header-below-stick-meta":"","astra-migrate-meta-layouts":"set","ast-page-background-enabled":"default","ast-page-background-meta":{"desktop":{"background-color":"var(--ast-global-color-4)","background-image":"","background-repeat":"repeat","background-position":"center center","background-size":"auto","background-attachment":"scroll","background-type":"","background-media":"","overlay-type":"","overlay-color":"","overlay-opacity":"","overlay-gradient":""},"tablet":{"background-color":"","background-image":"","background-repeat":"repeat","background-position":"center center","background-size":"auto","background-attachment":"scroll","background-type":"","background-media":"","overlay-type":"","overlay-color":"","overlay-opacity":"","overlay-gradient":""},"mobile":{"background-color":"","background-image":"","background-repeat":"repeat","background-position":"center center","background-size":"auto","background-attachment":"scroll","background-type":"","background-media":"","overlay-type":"","overlay-color":"","overlay-opacity":"","overlay-gradient":""}},"ast-content-background-meta":{"desktop":{"background-color":"var(--ast-global-color-5)","background-image":"","background-repeat":"repeat","background-position":"center center","background-size":"auto","background-attachment":"scroll","background-type":"","background-media":"","overlay-type":"","overlay-color":"","overlay-opacity":"","overlay-gradient":""},"tablet":{"background-color":"var(--ast-global-color-5)","background-image":"","background-repeat":"repeat","background-position":"center center","background-size":"auto","background-attachment":"scroll","background-type":"","background-media":"","overlay-type":"","overlay-color":"","overlay-opacity":"","overlay-gradient":""},"mobile":{"background-color":"var(--ast-global-color-5)","background-image":"","background-repeat":"repeat","background-position":"center center","background-size":"auto","background-attachment":"scroll","background-type":"","background-media":"","overlay-type":"","overlay-color":"","overlay-opacity":"","overlay-gradient":""}}},"product_brand":[],"product_cat":[43,56],"product_tag":[338,648,73,276,76,650],"class_list":{"0":"post-4533","1":"product","2":"type-product","3":"status-publish","4":"has-post-thumbnail","6":"product_cat-tham-lot-san-o-to","7":"product_cat-tham-lot-san-o-to-peugeot","8":"product_tag-tham-lot-san-chong-nuoc","9":"product_tag-tham-lot-san-gia-re","10":"product_tag-tham-lot-san-o-to","11":"product_tag-tham-lot-san-o-to-peugeot-2008-2020-2024","12":"product_tag-tham-lot-san-o-to-tpe","13":"product_tag-tham-lot-san-xe-ford","14":"desktop-align-left","15":"tablet-align-left","16":"mobile-align-left","18":"first","19":"instock","20":"shipping-taxable","21":"purchasable","22":"product-type-variable"},"_links":{"self":[{"href":"https:\/\/topcar.vn\/wp-json\/wp\/v2\/product\/4533","targetHints":{"allow":["GET"]}}],"collection":[{"href":"https:\/\/topcar.vn\/wp-json\/wp\/v2\/product"}],"about":[{"href":"https:\/\/topcar.vn\/wp-json\/wp\/v2\/types\/product"}],"replies":[{"embeddable":true,"href":"https:\/\/topcar.vn\/wp-json\/wp\/v2\/comments?post=4533"}],"version-history":[{"count":1,"href":"https:\/\/topcar.vn\/wp-json\/wp\/v2\/product\/4533\/revisions"}],"predecessor-version":[{"id":4536,"href":"https:\/\/topcar.vn\/wp-json\/wp\/v2\/product\/4533\/revisions\/4536"}],"wp:featuredmedia":[{"embeddable":true,"href":"https:\/\/topcar.vn\/wp-json\/wp\/v2\/media\/3785"}],"wp:attachment":[{"href":"https:\/\/topcar.vn\/wp-json\/wp\/v2\/media?parent=4533"}],"wp:term":[{"taxonomy":"product_brand","embeddable":true,"href":"https:\/\/topcar.vn\/wp-json\/wp\/v2\/product_brand?post=4533"},{"taxonomy":"product_cat","embeddable":true,"href":"https:\/\/topcar.vn\/wp-json\/wp\/v2\/product_cat?post=4533"},{"taxonomy":"product_tag","embeddable":true,"href":"https:\/\/topcar.vn\/wp-json\/wp\/v2\/product_tag?post=4533"}],"curies":[{"name":"wp","href":"https:\/\/api.w.org\/{rel}","templated":true}]}}