{"id":4517,"date":"2025-10-24T16:35:10","date_gmt":"2025-10-24T09:35:10","guid":{"rendered":"https:\/\/topcar.vn\/?post_type=product&#038;p=4517"},"modified":"2025-12-08T10:51:31","modified_gmt":"2025-12-08T03:51:31","slug":"tham-lot-san-o-to-ford-everest-2008-2014-2","status":"publish","type":"product","link":"https:\/\/topcar.vn\/?product=tham-lot-san-o-to-ford-everest-2008-2014-2","title":{"rendered":"Th\u1ea3m l\u00f3t s\u00e0n \u00f4 t\u00f4 Ford Everest 2008-2014"},"content":{"rendered":"<p data-start=\"303\" data-end=\"737\">Th\u1ea3m l\u00f3t s\u00e0n \u00f4 t\u00f4 Ford Everest 2008-2014 l\u00e0 ph\u1ee5 ki\u1ec7n kh\u00f4ng th\u1ec3 thi\u1ebfu gi\u00fap gi\u1eef cho khoang xe lu\u00f4n s\u1ea1ch s\u1ebd, kh\u00f4 r\u00e1o v\u00e0 sang tr\u1ecdng. S\u1ea3n ph\u1ea9m th\u1ea3m Topcar \u0111\u01b0\u1ee3c thi\u1ebft k\u1ebf ri\u00eang cho \u0111\u1eddi Everest 2008\u20132014, s\u1eed d\u1ee5ng <a href=\"https:\/\/www.dienmayxanh.com\/kinh-nghiem-hay\/nhua-tpe-la-gi-1291344?srsltid=AfmBOopTOumqaObvPu-f_0A6Cj-LX5vjowzoqV8PjogDRLRuhJJYOAOx\" target=\"_blank\" rel=\"noopener\">v\u1eadt li\u1ec7u TPE nguy\u00ean sinh<\/a> cao c\u1ea5p c\u00f9ng c\u00f4ng ngh\u1ec7 \u0111\u00fac khu\u00f4n 3D hi\u1ec7n \u0111\u1ea1i, mang \u0111\u1ebfn kh\u1ea3 n\u0103ng b\u1ea3o v\u1ec7 t\u1ed1i \u01b0u v\u00e0 v\u1ebb \u0111\u1eb9p b\u1ec1n b\u1ec9 theo th\u1eddi gian. \u0110\u00e2y l\u00e0 l\u1ef1a ch\u1ecdn l\u00fd t\u01b0\u1edfng d\u00e0nh cho nh\u1eefng ch\u1ee7 xe y\u00eau th\u00edch s\u1ef1 b\u1ec1n ch\u1eafc, ti\u1ec7n nghi v\u00e0 tinh t\u1ebf.<\/p>\n<hr data-start=\"739\" data-end=\"742\" \/>\n<h3 data-start=\"744\" data-end=\"804\">Gi\u1edbi thi\u1ec7u v\u1ec1 th\u1ea3m l\u00f3t s\u00e0n \u00f4 t\u00f4 Ford Everest 2008-2014<\/h3>\n<figure id=\"attachment_3770\" aria-describedby=\"caption-attachment-3770\" style=\"width: 960px\" class=\"wp-caption aligncenter\"><img fetchpriority=\"high\" decoding=\"async\" class=\"size-full wp-image-3770\" src=\"https:\/\/topcar.vn\/wp-content\/uploads\/2025\/07\/Tham-lot-san-o-to-Ford-Everest-2008-2014-4-2.webp\" alt=\"Th\u1ea3m l\u00f3t s\u00e0n \u00f4 t\u00f4 Ford Everest 2008-2014\" width=\"960\" height=\"960\" srcset=\"https:\/\/topcar.vn\/wp-content\/uploads\/2025\/07\/Tham-lot-san-o-to-Ford-Everest-2008-2014-4-2.webp 960w, https:\/\/topcar.vn\/wp-content\/uploads\/2025\/07\/Tham-lot-san-o-to-Ford-Everest-2008-2014-4-2-300x300.webp 300w, https:\/\/topcar.vn\/wp-content\/uploads\/2025\/07\/Tham-lot-san-o-to-Ford-Everest-2008-2014-4-2-150x150.webp 150w, https:\/\/topcar.vn\/wp-content\/uploads\/2025\/07\/Tham-lot-san-o-to-Ford-Everest-2008-2014-4-2-768x768.webp 768w, https:\/\/topcar.vn\/wp-content\/uploads\/2025\/07\/Tham-lot-san-o-to-Ford-Everest-2008-2014-4-2-600x600.webp 600w, https:\/\/topcar.vn\/wp-content\/uploads\/2025\/07\/Tham-lot-san-o-to-Ford-Everest-2008-2014-4-2-100x100.webp 100w\" sizes=\"(max-width: 960px) 100vw, 960px\" \/><figcaption id=\"caption-attachment-3770\" class=\"wp-caption-text\">Th\u1ea3m l\u00f3t s\u00e0n \u00f4 t\u00f4 Ford Everest 2008-2014<\/figcaption><\/figure>\n<p data-start=\"849\" data-end=\"1145\">Ford Everest 2008\u20132014 l\u00e0 d\u00f2ng SUV c\u1ee1 trung n\u1ed5i ti\u1ebfng v\u1edbi kh\u1ea3 n\u0103ng v\u1eadn h\u00e0nh m\u1ea1nh m\u1ebd, b\u1ec1n b\u1ec9 v\u00e0 ph\u00f9 h\u1ee3p cho c\u1ea3 \u0111\u00f4 th\u1ecb l\u1eabn \u0111\u01b0\u1eddng \u0111\u1ecba h\u00ecnh. Tuy nhi\u00ean, do \u0111\u1eb7c t\u00ednh di chuy\u1ec3n linh ho\u1ea1t trong nhi\u1ec1u \u0111i\u1ec1u ki\u1ec7n kh\u00e1c nhau, s\u00e0n xe th\u01b0\u1eddng d\u1ec5 b\u1ecb b\u00e1m b\u1ea9n, \u1ea9m m\u1ed1c v\u00e0 xu\u1ed1ng c\u1ea5p n\u1ebfu kh\u00f4ng \u0111\u01b0\u1ee3c b\u1ea3o v\u1ec7 \u0111\u00fang c\u00e1ch.<\/p>\n<p data-start=\"1147\" data-end=\"1373\">Gi\u1ea3i ph\u00e1p hi\u1ec7u qu\u1ea3 ch\u00ednh l\u00e0 th\u1ea3m l\u00f3t s\u00e0n \u00f4 t\u00f4 Ford Everest 2008\u20132014 c\u1ee7a Topcar \u2013 \u0111\u01b0\u1ee3c thi\u1ebft k\u1ebf theo khu\u00f4n 3D chu\u1ea9n x\u00e1c t\u1eebng chi ti\u1ebft s\u00e0n xe, gi\u00fap b\u1ea3o v\u1ec7 t\u1ed1i \u0111a, gi\u1eef khoang n\u1ed9i th\u1ea5t lu\u00f4n s\u1ea1ch \u0111\u1eb9p, kh\u00f4 r\u00e1o v\u00e0 b\u1ec1n m\u00e0u nh\u01b0 m\u1edbi.<\/p>\n<p data-start=\"1375\" data-end=\"1571\">Th\u1ea3m Topcar v\u1eeba kh\u00edt v\u1edbi c\u00e1c v\u1ecb tr\u00ed gh\u1ebf l\u00e1i, gh\u1ebf ph\u1ee5 v\u00e0 h\u00e0ng gh\u1ebf sau c\u1ee7a Everest, kh\u00f4ng c\u1ea7n c\u1eaft ch\u1ec9nh, kh\u00f4ng tr\u01b0\u1ee3t x\u00ea d\u1ecbch khi s\u1eed d\u1ee5ng, mang l\u1ea1i s\u1ef1 ti\u1ec7n l\u1ee3i v\u00e0 th\u1ea9m m\u1ef9 cao cho to\u00e0n b\u1ed9 khoang xe.<\/p>\n<hr data-start=\"1573\" data-end=\"1576\" \/>\n<h3 data-start=\"1578\" data-end=\"1645\">\u0110\u1eb7c \u0111i\u1ec3m n\u1ed5i b\u1eadt c\u1ee7a th\u1ea3m l\u00f3t s\u00e0n \u00f4 t\u00f4 Ford Everest 2008-2014<\/h3>\n<p data-start=\"1647\" data-end=\"1944\">Ch\u1ea5t li\u1ec7u TPE nguy\u00ean sinh cao c\u1ea5p: S\u1ea3n ph\u1ea9m \u0111\u01b0\u1ee3c l\u00e0m t\u1eeb 100% nh\u1ef1a TPE nguy\u00ean sinh \u2013 kh\u00f4ng pha t\u1ea1p, kh\u00f4ng m\u00f9i, an to\u00e0n cho s\u1ee9c kh\u1ecfe ng\u01b0\u1eddi d\u00f9ng v\u00e0 th\u00e2n thi\u1ec7n v\u1edbi m\u00f4i tr\u01b0\u1eddng. V\u1eadt li\u1ec7u \u0111\u1ea1t ti\u00eau chu\u1ea9n an to\u00e0n ch\u00e2u \u00c2u RoHS, ch\u1ecbu nhi\u1ec7t t\u1ed1t, kh\u00f4ng bi\u1ebfn d\u1ea1ng hay phai m\u00e0u trong qu\u00e1 tr\u00ecnh s\u1eed d\u1ee5ng l\u00e2u d\u00e0i.<\/p>\n<p data-start=\"1946\" data-end=\"2185\">C\u00f4ng ngh\u1ec7 \u0111\u00fac khu\u00f4n 3D chu\u1ea9n form: \u1ee8ng d\u1ee5ng c\u00f4ng ngh\u1ec7 qu\u00e9t Laser 3D v\u00e0 CNC hi\u1ec7n \u0111\u1ea1i, gi\u00fap th\u1ea3m \u00f4m s\u00e1t t\u1eebng g\u00f3c c\u1ea1nh s\u00e0n xe, \u0111\u1ea3m b\u1ea3o kh\u00f4ng b\u1ecb cong v\u00eanh ho\u1eb7c x\u00f4 l\u1ec7ch trong qu\u00e1 tr\u00ecnh s\u1eed d\u1ee5ng, gi\u1eef cho n\u1ed9i th\u1ea5t xe lu\u00f4n g\u1ecdn g\u00e0ng v\u00e0 sang tr\u1ecdng.<\/p>\n<p data-start=\"2187\" data-end=\"2445\">Thi\u1ebft k\u1ebf th\u00f4ng minh, ch\u1ed1ng b\u1ea9n hi\u1ec7u qu\u1ea3: Th\u1ea3m c\u00f3 vi\u1ec1n cao 3\u20135 cm, ng\u0103n n\u01b0\u1edbc, b\u00f9n \u0111\u1ea5t, b\u1ee5i b\u1ea9n tr\u00e0n ra s\u00e0n xe. B\u1ec1 m\u1eb7t c\u00f3 r\u00e3nh tho\u00e1t n\u01b0\u1edbc gi\u00fap vi\u1ec7c v\u1ec7 sinh d\u1ec5 d\u00e0ng h\u01a1n, \u0111\u1ed3ng th\u1eddi ch\u1ed1t kh\u00f3a gi\u1eef c\u1ed1 \u0111\u1ecbnh gi\u00fap th\u1ea3m lu\u00f4n ch\u1eafc ch\u1eafn, kh\u00f4ng tr\u01a1n tr\u01b0\u1ee3t khi di chuy\u1ec3n.<\/p>\n<p data-start=\"2447\" data-end=\"2659\">B\u1ed9 s\u1ea3n ph\u1ea9m \u0111\u1ea7y \u0111\u1ee7: Bao g\u1ed3m th\u1ea3m cho h\u00e0ng gh\u1ebf tr\u01b0\u1edbc, h\u00e0ng gh\u1ebf gi\u1eefa v\u00e0 h\u00e0ng gh\u1ebf sau, t\u00f9y ch\u1ecdn th\u00eam l\u1edbp th\u1ea3m r\u1ed1i ph\u1ee7 tr\u00ean \u0111\u1ec3 t\u0103ng kh\u1ea3 n\u0103ng gi\u1eef b\u1ee5i, \u0111\u1ed3ng th\u1eddi mang l\u1ea1i c\u1ea3m gi\u00e1c \u00eam \u00e1i, sang tr\u1ecdng h\u01a1n khi di chuy\u1ec3n.<\/p>\n<hr data-start=\"2661\" data-end=\"2664\" \/>\n<h3 data-start=\"2666\" data-end=\"2734\">\u01afu \u0111i\u1ec3m v\u01b0\u1ee3t tr\u1ed9i c\u1ee7a th\u1ea3m l\u00f3t s\u00e0n \u00f4 t\u00f4 Ford Everest 2008-2014<\/h3>\n<figure id=\"attachment_3769\" aria-describedby=\"caption-attachment-3769\" style=\"width: 960px\" class=\"wp-caption aligncenter\"><img decoding=\"async\" class=\"size-full wp-image-3769\" src=\"https:\/\/topcar.vn\/wp-content\/uploads\/2025\/07\/Tham-lot-san-o-to-Ford-Everest-2008-2014-3-2.webp\" alt=\"Th\u1ea3m l\u00f3t s\u00e0n \u00f4 t\u00f4 Ford Everest 2008-2014\" width=\"960\" height=\"960\" srcset=\"https:\/\/topcar.vn\/wp-content\/uploads\/2025\/07\/Tham-lot-san-o-to-Ford-Everest-2008-2014-3-2.webp 960w, https:\/\/topcar.vn\/wp-content\/uploads\/2025\/07\/Tham-lot-san-o-to-Ford-Everest-2008-2014-3-2-300x300.webp 300w, https:\/\/topcar.vn\/wp-content\/uploads\/2025\/07\/Tham-lot-san-o-to-Ford-Everest-2008-2014-3-2-150x150.webp 150w, https:\/\/topcar.vn\/wp-content\/uploads\/2025\/07\/Tham-lot-san-o-to-Ford-Everest-2008-2014-3-2-768x768.webp 768w, https:\/\/topcar.vn\/wp-content\/uploads\/2025\/07\/Tham-lot-san-o-to-Ford-Everest-2008-2014-3-2-600x600.webp 600w, https:\/\/topcar.vn\/wp-content\/uploads\/2025\/07\/Tham-lot-san-o-to-Ford-Everest-2008-2014-3-2-100x100.webp 100w\" sizes=\"(max-width: 960px) 100vw, 960px\" \/><figcaption id=\"caption-attachment-3769\" class=\"wp-caption-text\">Th\u1ea3m l\u00f3t s\u00e0n \u00f4 t\u00f4 Ford Everest 2008-2014<\/figcaption><\/figure>\n<p data-start=\"2779\" data-end=\"2862\">Th\u1ea3m l\u00f3t s\u00e0n Topcar cho Ford Everest 2008\u20132014 mang \u0111\u1ebfn nhi\u1ec1u l\u1ee3i \u00edch thi\u1ebft th\u1ef1c:<\/p>\n<p data-start=\"2864\" data-end=\"3356\">Ch\u1ed1ng n\u01b0\u1edbc v\u00e0 ch\u1ed1ng tr\u01a1n tr\u01b0\u1ee3t tuy\u1ec7t \u0111\u1ed1i, \u0111\u1ea3m b\u1ea3o an to\u00e0n khi l\u00e1i xe trong m\u1ecdi \u0111i\u1ec1u ki\u1ec7n th\u1eddi ti\u1ebft.<br data-start=\"2963\" data-end=\"2966\" \/>Ch\u1ecbu nhi\u1ec7t, ch\u1ed1ng co ng\u00f3t v\u00e0 cong v\u00eanh t\u1ed1t, ph\u00f9 h\u1ee3p v\u1edbi \u0111i\u1ec1u ki\u1ec7n kh\u00ed h\u1eadu n\u00f3ng \u1ea9m t\u1ea1i Vi\u1ec7t Nam.<br data-start=\"3061\" data-end=\"3064\" \/>Gi\u00fap c\u00e1ch \u00e2m, gi\u1ea3m ti\u1ebfng \u1ed3n v\u00e0 rung g\u1ea7m xe, mang l\u1ea1i kh\u00f4ng gian y\u00ean t\u0129nh, d\u1ec5 ch\u1ecbu.<br data-start=\"3146\" data-end=\"3149\" \/>D\u1ec5 d\u00e0ng v\u1ec7 sinh, c\u00f3 th\u1ec3 th\u00e1o r\u1eddi v\u00e0 r\u1eeda tr\u1ef1c ti\u1ebfp b\u1eb1ng n\u01b0\u1edbc, nhanh kh\u00f4 v\u00e0 kh\u00f4ng b\u00e1m m\u00f9i.<br data-start=\"3237\" data-end=\"3240\" \/>Kh\u00f4ng ph\u00e1t sinh m\u00f9i cao su kh\u00f3 ch\u1ecbu, th\u00e2n thi\u1ec7n v\u1edbi s\u1ee9c kh\u1ecfe, ph\u00f9 h\u1ee3p cho gia \u0111\u00ecnh c\u00f3 tr\u1ebb nh\u1ecf ho\u1eb7c ng\u01b0\u1eddi nh\u1ea1y c\u1ea3m.<\/p>\n<hr data-start=\"3358\" data-end=\"3361\" \/>\n<h3 data-start=\"3363\" data-end=\"3413\">Gi\u00e1 th\u1ea3m l\u00f3t s\u00e0n \u00f4 t\u00f4 Ford Everest 2008-2014<\/h3>\n<p data-start=\"3415\" data-end=\"3507\">Th\u1ea3m l\u00f3t s\u00e0n \u00f4 t\u00f4 Ford Everest 2008-2014 hi\u1ec7n \u0111\u01b0\u1ee3c ph\u00e2n ph\u1ed1i v\u1edbi m\u1ee9c gi\u00e1 h\u1ee3p l\u00fd:<\/p>\n<p data-start=\"3509\" data-end=\"3666\">Th\u1ea3m TPE \u0111\u00fac khu\u00f4n 3D chu\u1ea9n form: 2.350.000 VN\u0110\/b\u1ed9<br data-start=\"3559\" data-end=\"3562\" \/>Th\u1ea3m TPE k\u00e8m l\u1edbp th\u1ea3m r\u1ed1i ph\u1ee7 tr\u00ean \u2013 t\u0103ng kh\u1ea3 n\u0103ng gi\u1eef b\u1ee5i v\u00e0 \u0111\u1ed9 \u00eam \u00e1i khi di chuy\u1ec3n: 2.600.000 VN\u0110\/b\u1ed9<\/p>\n<p data-start=\"3668\" data-end=\"3865\">Gi\u00e1 c\u00f3 th\u1ec3 thay \u0111\u1ed5i t\u00f9y theo th\u1eddi \u0111i\u1ec3m ho\u1eb7c ch\u01b0\u01a1ng tr\u00ecnh \u01b0u \u0111\u00e3i \u0111\u1eb7c bi\u1ec7t. \u0110\u1ec3 \u0111\u01b0\u1ee3c b\u00e1o gi\u00e1 ch\u00ednh x\u00e1c v\u00e0 nh\u1eadn khuy\u1ebfn m\u00e3i m\u1edbi nh\u1ea5t, vui l\u00f2ng li\u00ean h\u1ec7 Hotline: 0889.385.222 \u0111\u1ec3 \u0111\u01b0\u1ee3c t\u01b0 v\u1ea5n nhanh ch\u00f3ng.<\/p>\n<hr data-start=\"3867\" data-end=\"3870\" \/>\n<h3 data-start=\"3872\" data-end=\"3930\">Mua th\u1ea3m l\u00f3t s\u00e0n \u00f4 t\u00f4 Ford Everest ch\u00ednh h\u00e3ng \u1edf \u0111\u00e2u?<\/h3>\n<figure id=\"attachment_3767\" aria-describedby=\"caption-attachment-3767\" style=\"width: 960px\" class=\"wp-caption aligncenter\"><img decoding=\"async\" class=\"size-full wp-image-3767\" src=\"https:\/\/topcar.vn\/wp-content\/uploads\/2025\/07\/Tham-lot-san-o-to-Ford-Everest-2008-2014-1-3.webp\" alt=\"Th\u1ea3m l\u00f3t s\u00e0n \u00f4 t\u00f4 Ford Everest 2008-2014\" width=\"960\" height=\"960\" srcset=\"https:\/\/topcar.vn\/wp-content\/uploads\/2025\/07\/Tham-lot-san-o-to-Ford-Everest-2008-2014-1-3.webp 960w, https:\/\/topcar.vn\/wp-content\/uploads\/2025\/07\/Tham-lot-san-o-to-Ford-Everest-2008-2014-1-3-300x300.webp 300w, https:\/\/topcar.vn\/wp-content\/uploads\/2025\/07\/Tham-lot-san-o-to-Ford-Everest-2008-2014-1-3-150x150.webp 150w, https:\/\/topcar.vn\/wp-content\/uploads\/2025\/07\/Tham-lot-san-o-to-Ford-Everest-2008-2014-1-3-768x768.webp 768w, https:\/\/topcar.vn\/wp-content\/uploads\/2025\/07\/Tham-lot-san-o-to-Ford-Everest-2008-2014-1-3-600x600.webp 600w, https:\/\/topcar.vn\/wp-content\/uploads\/2025\/07\/Tham-lot-san-o-to-Ford-Everest-2008-2014-1-3-100x100.webp 100w\" sizes=\"(max-width: 960px) 100vw, 960px\" \/><figcaption id=\"caption-attachment-3767\" class=\"wp-caption-text\">Th\u1ea3m l\u00f3t s\u00e0n \u00f4 t\u00f4 Ford Everest 2008-2014<\/figcaption><\/figure>\n<p data-start=\"3975\" data-end=\"4169\">S\u1ea3n ph\u1ea9m th\u1ea3m l\u00f3t s\u00e0n \u00f4 t\u00f4 Ford Everest 2008\u20132014 \u0111\u01b0\u1ee3c ph\u00e2n ph\u1ed1i ch\u00ednh h\u00e3ng b\u1edfi Topcar \u2013 \u0111\u01a1n v\u1ecb uy t\u00edn chuy\u00ean cung c\u1ea5p ph\u1ee5 ki\u1ec7n \u00f4 t\u00f4 cao c\u1ea5p v\u1edbi ch\u00ednh s\u00e1ch b\u00e1n h\u00e0ng minh b\u1ea1ch, d\u1ecbch v\u1ee5 chu \u0111\u00e1o:<\/p>\n<p data-start=\"4171\" data-end=\"4401\">Mi\u1ec5n ph\u00ed giao h\u00e0ng to\u00e0n qu\u1ed1c.<br data-start=\"4200\" data-end=\"4203\" \/>Mi\u1ec5n ph\u00ed l\u1eafp \u0111\u1eb7t t\u1ea1i nh\u00e0 (\u00e1p d\u1ee5ng t\u1ea1i m\u1ed9t s\u1ed1 khu v\u1ef1c).<br data-start=\"4257\" data-end=\"4260\" \/>Ch\u00ednh s\u00e1ch 1 \u0111\u1ed5i 1 trong 7 ng\u00e0y n\u1ebfu ph\u00e1t hi\u1ec7n l\u1ed7i k\u1ef9 thu\u1eadt.<br data-start=\"4319\" data-end=\"4322\" \/>Thanh to\u00e1n khi nh\u1eadn h\u00e0ng \u2013 nhanh ch\u00f3ng, an to\u00e0n.<br data-start=\"4370\" data-end=\"4373\" \/>B\u1ea3o h\u00e0nh ch\u00ednh h\u00e3ng 5 n\u0103m.<\/p>\n<p data-start=\"4403\" data-end=\"4569\">Kh\u00e1ch h\u00e0ng c\u00f3 th\u1ec3 mua tr\u1ef1c ti\u1ebfp t\u1ea1i showroom ho\u1eb7c \u0111\u1eb7t h\u00e0ng online qua website. S\u1ea3n ph\u1ea9m \u0111\u01b0\u1ee3c \u0111\u00f3ng g\u00f3i c\u1ea9n th\u1eadn, giao h\u00e0ng nhanh ch\u00f3ng v\u00e0 c\u00f3 h\u1ed7 tr\u1ee3 k\u1ef9 thu\u1eadt t\u1eadn t\u00e2m.<\/p>\n<hr data-start=\"4571\" data-end=\"4574\" \/>\n<h3 data-start=\"4576\" data-end=\"4590\">K\u1ebft lu\u1eadn<\/h3>\n<p data-start=\"4592\" data-end=\"4934\">Th\u1ea3m l\u00f3t s\u00e0n \u00f4 t\u00f4 Ford Everest 2008-2014 c\u1ee7a Topcar l\u00e0 gi\u1ea3i ph\u00e1p b\u1ea3o v\u1ec7 to\u00e0n di\u1ec7n, gi\u00fap duy tr\u00ec v\u1ebb s\u1ea1ch \u0111\u1eb9p cho n\u1ed9i th\u1ea5t xe v\u00e0 t\u0103ng t\u00ednh ti\u1ec7n nghi trong qu\u00e1 tr\u00ecnh s\u1eed d\u1ee5ng. V\u1edbi ch\u1ea5t li\u1ec7u TPE cao c\u1ea5p, thi\u1ebft k\u1ebf chu\u1ea9n form 100% v\u00e0 kh\u1ea3 n\u0103ng ch\u1ed1ng n\u01b0\u1edbc \u2013 ch\u1ed1ng b\u1ea9n \u2013 gi\u1ea3m \u1ed3n v\u01b0\u1ee3t tr\u1ed9i, \u0111\u00e2y l\u00e0 ph\u1ee5 ki\u1ec7n kh\u00f4ng th\u1ec3 thi\u1ebfu d\u00e0nh cho m\u1ecdi ch\u1ee7 xe Everest.<\/p>\n<p data-start=\"4936\" data-end=\"4998\">Li\u00ean h\u1ec7 ngay \u0111\u1ec3 \u0111\u01b0\u1ee3c t\u01b0 v\u1ea5n v\u00e0 nh\u1eadn \u01b0u \u0111\u00e3i t\u1ed1t nh\u1ea5t h\u00f4m nay:<\/p>\n<p data-start=\"5000\" data-end=\"5146\">Hotline: 0889.385.222<br data-start=\"5021\" data-end=\"5024\" \/>\u0110\u1ecba ch\u1ec9: S\u1ed1 9 Bt2 Khu \u0111\u00f4 th\u1ecb Foresa Xu\u00e2n Ph\u01b0\u01a1ng, Nam T\u1eeb Li\u00eam, H\u00e0 N\u1ed9i<br data-start=\"5092\" data-end=\"5095\" \/>Website: <a class=\"decorated-link\" href=\"https:\/\/Topcar.vn\/\" target=\"_new\" rel=\"noopener\" data-start=\"5104\" data-end=\"5144\">https:\/\/Topcar.vn\/<\/a><\/p>\n","protected":false},"excerpt":{"rendered":"<ul>\n<li>Mi\u1ec5n ph\u00ed giao h\u00e0ng to\u00e0n qu\u1ed1c<\/li>\n<li>Nh\u1eadn h\u00e0ng &gt; L\u1eafp \u0111\u1eb7t &gt; Thanh to\u00e1n<\/li>\n<li>B\u1ea3o h\u00e0nh 5 n\u0103m<\/li>\n<\/ul>\n","protected":false},"featured_media":3771,"comment_status":"closed","ping_status":"closed","template":"","meta":{"site-sidebar-layout":"no-sidebar","site-content-layout":"content-boxed-container","ast-site-content-layout":"normal-width-container","site-content-style":"boxed","site-sidebar-style":"unboxed","ast-global-header-display":"","ast-banner-title-visibility":"","ast-main-header-display":"","ast-hfb-above-header-display":"","ast-hfb-below-header-display":"","ast-hfb-mobile-header-display":"","site-post-title":"","ast-breadcrumbs-content":"","ast-featured-img":"","footer-sml-layout":"","ast-disable-related-posts":"","theme-transparent-header-meta":"default","adv-header-id-meta":"","stick-header-meta":"","header-above-stick-meta":"","header-main-stick-meta":"","header-below-stick-meta":"","astra-migrate-meta-layouts":"set","ast-page-background-enabled":"default","ast-page-background-meta":{"desktop":{"background-color":"var(--ast-global-color-4)","background-image":"","background-repeat":"repeat","background-position":"center center","background-size":"auto","background-attachment":"scroll","background-type":"","background-media":"","overlay-type":"","overlay-color":"","overlay-opacity":"","overlay-gradient":""},"tablet":{"background-color":"","background-image":"","background-repeat":"repeat","background-position":"center center","background-size":"auto","background-attachment":"scroll","background-type":"","background-media":"","overlay-type":"","overlay-color":"","overlay-opacity":"","overlay-gradient":""},"mobile":{"background-color":"","background-image":"","background-repeat":"repeat","background-position":"center center","background-size":"auto","background-attachment":"scroll","background-type":"","background-media":"","overlay-type":"","overlay-color":"","overlay-opacity":"","overlay-gradient":""}},"ast-content-background-meta":{"desktop":{"background-color":"var(--ast-global-color-5)","background-image":"","background-repeat":"repeat","background-position":"center center","background-size":"auto","background-attachment":"scroll","background-type":"","background-media":"","overlay-type":"","overlay-color":"","overlay-opacity":"","overlay-gradient":""},"tablet":{"background-color":"var(--ast-global-color-5)","background-image":"","background-repeat":"repeat","background-position":"center center","background-size":"auto","background-attachment":"scroll","background-type":"","background-media":"","overlay-type":"","overlay-color":"","overlay-opacity":"","overlay-gradient":""},"mobile":{"background-color":"var(--ast-global-color-5)","background-image":"","background-repeat":"repeat","background-position":"center center","background-size":"auto","background-attachment":"scroll","background-type":"","background-media":"","overlay-type":"","overlay-color":"","overlay-opacity":"","overlay-gradient":""}}},"product_brand":[],"product_cat":[43,51],"product_tag":[338,648,73,253,76,650],"class_list":{"0":"post-4517","1":"product","2":"type-product","3":"status-publish","4":"has-post-thumbnail","6":"product_cat-tham-lot-san-o-to","7":"product_cat-tham-lot-san-o-to-ford","8":"product_tag-tham-lot-san-chong-nuoc","9":"product_tag-tham-lot-san-gia-re","10":"product_tag-tham-lot-san-o-to","11":"product_tag-tham-lot-san-o-to-ford-everest-2008-2014","12":"product_tag-tham-lot-san-o-to-tpe","13":"product_tag-tham-lot-san-xe-ford","14":"desktop-align-left","15":"tablet-align-left","16":"mobile-align-left","18":"first","19":"instock","20":"shipping-taxable","21":"purchasable","22":"product-type-variable"},"_links":{"self":[{"href":"https:\/\/topcar.vn\/index.php?rest_route=\/wp\/v2\/product\/4517","targetHints":{"allow":["GET"]}}],"collection":[{"href":"https:\/\/topcar.vn\/index.php?rest_route=\/wp\/v2\/product"}],"about":[{"href":"https:\/\/topcar.vn\/index.php?rest_route=\/wp\/v2\/types\/product"}],"replies":[{"embeddable":true,"href":"https:\/\/topcar.vn\/index.php?rest_route=%2Fwp%2Fv2%2Fcomments&post=4517"}],"version-history":[{"count":1,"href":"https:\/\/topcar.vn\/index.php?rest_route=\/wp\/v2\/product\/4517\/revisions"}],"predecessor-version":[{"id":4520,"href":"https:\/\/topcar.vn\/index.php?rest_route=\/wp\/v2\/product\/4517\/revisions\/4520"}],"wp:featuredmedia":[{"embeddable":true,"href":"https:\/\/topcar.vn\/index.php?rest_route=\/wp\/v2\/media\/3771"}],"wp:attachment":[{"href":"https:\/\/topcar.vn\/index.php?rest_route=%2Fwp%2Fv2%2Fmedia&parent=4517"}],"wp:term":[{"taxonomy":"product_brand","embeddable":true,"href":"https:\/\/topcar.vn\/index.php?rest_route=%2Fwp%2Fv2%2Fproduct_brand&post=4517"},{"taxonomy":"product_cat","embeddable":true,"href":"https:\/\/topcar.vn\/index.php?rest_route=%2Fwp%2Fv2%2Fproduct_cat&post=4517"},{"taxonomy":"product_tag","embeddable":true,"href":"https:\/\/topcar.vn\/index.php?rest_route=%2Fwp%2Fv2%2Fproduct_tag&post=4517"}],"curies":[{"name":"wp","href":"https:\/\/api.w.org\/{rel}","templated":true}]}}