{"id":4506,"date":"2025-10-24T15:01:17","date_gmt":"2025-10-24T08:01:17","guid":{"rendered":"https:\/\/topcar.vn\/?post_type=product&#038;p=4506"},"modified":"2025-12-08T10:51:54","modified_gmt":"2025-12-08T03:51:54","slug":"tham-lot-san-o-to-ford-territory-2022-2024-2","status":"publish","type":"product","link":"https:\/\/topcar.vn\/?product=tham-lot-san-o-to-ford-territory-2022-2024-2","title":{"rendered":"Th\u1ea3m l\u00f3t s\u00e0n \u00f4 t\u00f4 Ford Territory 2022\u20132024"},"content":{"rendered":"<p data-start=\"358\" data-end=\"742\">Th\u1ea3m l\u00f3t s\u00e0n \u00f4 t\u00f4 Ford Territory 2022\u20132024 kh\u00f4ng ch\u1ec9 gi\u00fap gi\u1eef cho n\u1ed9i th\u1ea5t xe lu\u00f4n s\u1ea1ch s\u1ebd, g\u1ecdn g\u00e0ng m\u00e0 c\u00f2n mang l\u1ea1i c\u1ea3m gi\u00e1c sang tr\u1ecdng, ti\u1ec7n nghi v\u00e0 an to\u00e0n h\u01a1n khi s\u1eed d\u1ee5ng. S\u1ea3n ph\u1ea9m th\u1ea3m Topcar \u0111\u01b0\u1ee3c thi\u1ebft k\u1ebf ri\u00eang cho d\u00f2ng Territory th\u1ebf h\u1ec7 m\u1edbi, s\u1eed d\u1ee5ng v\u1eadt li\u1ec7u TPE cao c\u1ea5p c\u00f9ng c\u00f4ng ngh\u1ec7 \u00e9p khu\u00f4n hi\u1ec7n \u0111\u1ea1i, l\u00e0 l\u1ef1a ch\u1ecdn ho\u00e0n h\u1ea3o cho nh\u1eefng ch\u1ee7 xe y\u00eau th\u00edch s\u1ef1 tinh t\u1ebf v\u00e0 \u0111\u1eb3ng c\u1ea5p.<\/p>\n<hr data-start=\"744\" data-end=\"747\" \/>\n<h3 data-start=\"749\" data-end=\"811\">Gi\u1edbi thi\u1ec7u v\u1ec1 th\u1ea3m l\u00f3t s\u00e0n \u00f4 t\u00f4 Ford Territory 2022\u20132024<\/h3>\n<figure id=\"attachment_4510\" aria-describedby=\"caption-attachment-4510\" style=\"width: 960px\" class=\"wp-caption aligncenter\"><img fetchpriority=\"high\" decoding=\"async\" class=\"wp-image-4510 size-full\" src=\"https:\/\/topcar.vn\/wp-content\/uploads\/2025\/10\/Tham-lot-san-o-to-Ford-Territory-2022-2024-1.jpg\" alt=\"Th\u1ea3m l\u00f3t s\u00e0n \u00f4 t\u00f4 Ford Territory 2022\u20132024\" width=\"960\" height=\"960\" srcset=\"https:\/\/topcar.vn\/wp-content\/uploads\/2025\/10\/Tham-lot-san-o-to-Ford-Territory-2022-2024-1.jpg 960w, https:\/\/topcar.vn\/wp-content\/uploads\/2025\/10\/Tham-lot-san-o-to-Ford-Territory-2022-2024-1-300x300.jpg 300w, https:\/\/topcar.vn\/wp-content\/uploads\/2025\/10\/Tham-lot-san-o-to-Ford-Territory-2022-2024-1-150x150.jpg 150w, https:\/\/topcar.vn\/wp-content\/uploads\/2025\/10\/Tham-lot-san-o-to-Ford-Territory-2022-2024-1-768x768.jpg 768w, https:\/\/topcar.vn\/wp-content\/uploads\/2025\/10\/Tham-lot-san-o-to-Ford-Territory-2022-2024-1-600x600.jpg 600w, https:\/\/topcar.vn\/wp-content\/uploads\/2025\/10\/Tham-lot-san-o-to-Ford-Territory-2022-2024-1-100x100.jpg 100w\" sizes=\"(max-width: 960px) 100vw, 960px\" \/><figcaption id=\"caption-attachment-4510\" class=\"wp-caption-text\">Th\u1ea3m l\u00f3t s\u00e0n \u00f4 t\u00f4 Ford Territory 2022-2024<\/figcaption><\/figure>\n<p data-start=\"813\" data-end=\"1112\">Ford Territory 2022\u20132024 l\u00e0 m\u1eabu SUV \u0111\u00f4 th\u1ecb c\u1ee1 trung \u0111\u01b0\u1ee3c \u01b0a chu\u1ed9ng nh\u1edd thi\u1ebft k\u1ebf hi\u1ec7n \u0111\u1ea1i, kh\u00f4ng gian r\u1ed9ng r\u00e3i v\u00e0 nhi\u1ec1u c\u00f4ng ngh\u1ec7 h\u1ed7 tr\u1ee3 l\u00e1i ti\u00ean ti\u1ebfn. Tuy nhi\u00ean, trong qu\u00e1 tr\u00ecnh s\u1eed d\u1ee5ng h\u00e0ng ng\u00e0y, xe th\u01b0\u1eddng ti\u1ebfp x\u00fac v\u1edbi b\u1ee5i b\u1ea9n, n\u01b0\u1edbc m\u01b0a v\u00e0 b\u00f9n \u0111\u1ea5t khi\u1ebfn s\u00e0n xe d\u1ec5 b\u1ecb b\u00e1m b\u1ea9n, \u1ea9m m\u1ed1c v\u00e0 xu\u1ed1ng c\u1ea5p.<\/p>\n<p data-start=\"1114\" data-end=\"1346\">Gi\u1ea3i ph\u00e1p hi\u1ec7u qu\u1ea3 ch\u00ednh l\u00e0 s\u1eed d\u1ee5ng th\u1ea3m l\u00f3t s\u00e0n \u00f4 t\u00f4 Ford Territory 2022\u20132024 c\u1ee7a Topcar \u2013 d\u00f2ng th\u1ea3m \u0111\u01b0\u1ee3c \u0111\u00fac khu\u00f4n 3D theo \u0111\u00fang form xe, b\u1ea3o v\u1ec7 to\u00e0n di\u1ec7n b\u1ec1 m\u1eb7t s\u00e0n, gi\u00fap n\u1ed9i th\u1ea5t lu\u00f4n nh\u01b0 m\u1edbi v\u00e0 n\u00e2ng cao th\u1ea9m m\u1ef9 cho khoang l\u00e1i.<\/p>\n<p data-start=\"1348\" data-end=\"1505\">Th\u1ea3m Topcar \u0111\u01b0\u1ee3c thi\u1ebft k\u1ebf v\u1eeba kh\u00edt tuy\u1ec7t \u0111\u1ed1i v\u1edbi c\u00e1c v\u1ecb tr\u00ed gh\u1ebf l\u00e1i, gh\u1ebf ph\u1ee5 v\u00e0 h\u00e0ng gh\u1ebf sau c\u1ee7a Territory, kh\u00f4ng c\u1ea7n c\u1eaft ch\u1ec9nh, kh\u00f4ng x\u00f4 l\u1ec7ch khi s\u1eed d\u1ee5ng.<\/p>\n<hr data-start=\"1507\" data-end=\"1510\" \/>\n<h3 data-start=\"1512\" data-end=\"1581\">\u0110\u1eb7c \u0111i\u1ec3m n\u1ed5i b\u1eadt c\u1ee7a th\u1ea3m l\u00f3t s\u00e0n \u00f4 t\u00f4 Ford Territory 2022\u20132024<\/h3>\n<p data-start=\"1583\" data-end=\"1878\">Ch\u1ea5t li\u1ec7u TPE nguy\u00ean sinh cao c\u1ea5p: Th\u1ea3m \u0111\u01b0\u1ee3c s\u1ea3n xu\u1ea5t t\u1eeb 100% <a href=\"https:\/\/www.dienmayxanh.com\/kinh-nghiem-hay\/nhua-tpe-la-gi-1291344?srsltid=AfmBOopTOumqaObvPu-f_0A6Cj-LX5vjowzoqV8PjogDRLRuhJJYOAOx\" target=\"_blank\" rel=\"noopener\">nh\u1ef1a TPE nguy\u00ean sinh<\/a>, kh\u00f4ng pha t\u1ea1p, kh\u00f4ng m\u00f9i, an to\u00e0n tuy\u1ec7t \u0111\u1ed1i v\u1edbi s\u1ee9c kh\u1ecfe ng\u01b0\u1eddi d\u00f9ng v\u00e0 th\u00e2n thi\u1ec7n v\u1edbi m\u00f4i tr\u01b0\u1eddng. V\u1eadt li\u1ec7u \u0111\u1ea1t ti\u00eau chu\u1ea9n an to\u00e0n ch\u00e2u \u00c2u RoHS, c\u00f3 kh\u1ea3 n\u0103ng ch\u1ecbu nhi\u1ec7t, ch\u1ed1ng bi\u1ebfn d\u1ea1ng v\u00e0 b\u1ec1n b\u1ec9 theo th\u1eddi gian.<\/p>\n<p data-start=\"1880\" data-end=\"2090\">C\u00f4ng ngh\u1ec7 \u00e9p khu\u00f4n 3D chu\u1ea9n x\u00e1c: \u1ee8ng d\u1ee5ng m\u00e1y qu\u00e9t Laser 3D v\u00e0 c\u00f4ng ngh\u1ec7 CNC hi\u1ec7n \u0111\u1ea1i, \u0111\u1ea3m b\u1ea3o th\u1ea3m \u00f4m s\u00e1t t\u1eebng chi ti\u1ebft s\u00e0n xe, kh\u00f4ng cong v\u00eanh, kh\u00f4ng x\u00f4 l\u1ec7ch khi s\u1eed d\u1ee5ng, gi\u1eef nguy\u00ean v\u1ebb th\u1ea9m m\u1ef9 c\u1ee7a n\u1ed9i th\u1ea5t.<\/p>\n<p data-start=\"2092\" data-end=\"2318\">Thi\u1ebft k\u1ebf th\u00f4ng minh, ti\u1ec7n d\u1ee5ng: Vi\u1ec1n th\u1ea3m cao 3\u20135 cm gi\u00fap ch\u1ed1ng tr\u00e0n n\u01b0\u1edbc, ng\u0103n b\u00f9n \u0111\u1ea5t v\u00e0 r\u00e1c v\u1ee5n hi\u1ec7u qu\u1ea3. B\u1ec1 m\u1eb7t th\u1ea3m c\u00f3 r\u00e3nh d\u1eabn n\u01b0\u1edbc v\u00e0 h\u1ec7 th\u1ed1ng ch\u1ed1t c\u1ed1 \u0111\u1ecbnh gi\u00fap th\u1ea3m lu\u00f4n n\u1eb1m ch\u1eafc ch\u1eafn, kh\u00f4ng tr\u01a1n tr\u01b0\u1ee3t khi di chuy\u1ec3n.<\/p>\n<p data-start=\"2320\" data-end=\"2500\">B\u1ed9 s\u1ea3n ph\u1ea9m \u0111\u1ea7y \u0111\u1ee7: Bao g\u1ed3m th\u1ea3m cho h\u00e0ng gh\u1ebf tr\u01b0\u1edbc, h\u00e0ng gh\u1ebf gi\u1eefa v\u00e0 h\u00e0ng gh\u1ebf sau, c\u00f3 th\u1ec3 t\u00f9y ch\u1ecdn th\u00eam l\u1edbp th\u1ea3m r\u1ed1i ph\u1ee7 tr\u00ean \u0111\u1ec3 t\u0103ng kh\u1ea3 n\u0103ng gi\u1eef b\u1ee5i v\u00e0 \u0111\u1ed9 \u00eam \u00e1i khi di chuy\u1ec3n.<\/p>\n<hr data-start=\"2502\" data-end=\"2505\" \/>\n<h3 data-start=\"2507\" data-end=\"2577\">\u01afu \u0111i\u1ec3m v\u01b0\u1ee3t tr\u1ed9i c\u1ee7a th\u1ea3m l\u00f3t s\u00e0n \u00f4 t\u00f4 Ford Territory 2022\u20132024<\/h3>\n<figure id=\"attachment_4511\" aria-describedby=\"caption-attachment-4511\" style=\"width: 960px\" class=\"wp-caption aligncenter\"><img decoding=\"async\" class=\"wp-image-4511 size-full\" src=\"https:\/\/topcar.vn\/wp-content\/uploads\/2025\/10\/Tham-lot-san-o-to-Ford-Territory-2022-2024-5.jpg\" alt=\"Th\u1ea3m l\u00f3t s\u00e0n \u00f4 t\u00f4 Ford Territory 2022\u20132024\" width=\"960\" height=\"960\" srcset=\"https:\/\/topcar.vn\/wp-content\/uploads\/2025\/10\/Tham-lot-san-o-to-Ford-Territory-2022-2024-5.jpg 960w, https:\/\/topcar.vn\/wp-content\/uploads\/2025\/10\/Tham-lot-san-o-to-Ford-Territory-2022-2024-5-300x300.jpg 300w, https:\/\/topcar.vn\/wp-content\/uploads\/2025\/10\/Tham-lot-san-o-to-Ford-Territory-2022-2024-5-150x150.jpg 150w, https:\/\/topcar.vn\/wp-content\/uploads\/2025\/10\/Tham-lot-san-o-to-Ford-Territory-2022-2024-5-768x768.jpg 768w, https:\/\/topcar.vn\/wp-content\/uploads\/2025\/10\/Tham-lot-san-o-to-Ford-Territory-2022-2024-5-600x600.jpg 600w, https:\/\/topcar.vn\/wp-content\/uploads\/2025\/10\/Tham-lot-san-o-to-Ford-Territory-2022-2024-5-100x100.jpg 100w\" sizes=\"(max-width: 960px) 100vw, 960px\" \/><figcaption id=\"caption-attachment-4511\" class=\"wp-caption-text\">Th\u1ea3m l\u00f3t s\u00e0n \u00f4 t\u00f4 Ford Territory 2022-2024<\/figcaption><\/figure>\n<p data-start=\"2579\" data-end=\"2658\">Th\u1ea3m l\u00f3t s\u00e0n \u00f4 t\u00f4 Ford Territory 2022\u20132024 Topcar mang \u0111\u1ebfn nhi\u1ec1u l\u1ee3i \u00edch thi\u1ebft th\u1ef1c:<\/p>\n<p data-start=\"2660\" data-end=\"3099\">Ch\u1ed1ng n\u01b0\u1edbc v\u00e0 ch\u1ed1ng tr\u01a1n tr\u01b0\u1ee3t tuy\u1ec7t \u0111\u1ed1i, \u0111\u1ea3m b\u1ea3o an to\u00e0n trong m\u1ecdi \u0111i\u1ec1u ki\u1ec7n th\u1eddi ti\u1ebft.<br data-start=\"2748\" data-end=\"2751\" \/>Kh\u1ea3 n\u0103ng ch\u1ecbu nhi\u1ec7t v\u00e0 ch\u1ed1ng cong v\u00eanh t\u1ed1t, ph\u00f9 h\u1ee3p v\u1edbi \u0111i\u1ec1u ki\u1ec7n kh\u00ed h\u1eadu n\u00f3ng \u1ea9m t\u1ea1i Vi\u1ec7t Nam.<br data-start=\"2846\" data-end=\"2849\" \/>Gi\u00fap c\u00e1ch \u00e2m, gi\u1ea3m rung \u1ed3n g\u1ea7m xe, mang l\u1ea1i kh\u00f4ng gian cabin y\u00ean t\u0129nh v\u00e0 tho\u1ea3i m\u00e1i.<br data-start=\"2932\" data-end=\"2935\" \/>D\u1ec5 d\u00e0ng v\u1ec7 sinh: c\u00f3 th\u1ec3 th\u00e1o r\u1eddi, r\u1eeda tr\u1ef1c ti\u1ebfp b\u1eb1ng n\u01b0\u1edbc, nhanh kh\u00f4, kh\u00f4ng b\u00e1m b\u1ea9n.<br data-start=\"3019\" data-end=\"3022\" \/>Kh\u00f4ng ph\u00e1t sinh m\u00f9i cao su kh\u00f3 ch\u1ecbu, an to\u00e0n v\u1edbi tr\u1ebb nh\u1ecf v\u00e0 ng\u01b0\u1eddi nh\u1ea1y c\u1ea3m.<\/p>\n<hr data-start=\"3101\" data-end=\"3104\" \/>\n<h3 data-start=\"3106\" data-end=\"3158\">Gi\u00e1 th\u1ea3m l\u00f3t s\u00e0n \u00f4 t\u00f4 Ford Territory 2022\u20132024<\/h3>\n<p data-start=\"3160\" data-end=\"3247\">Th\u1ea3m l\u00f3t s\u00e0n Topcar TPE cho Ford Territory 2022\u20132024 hi\u1ec7n \u0111\u01b0\u1ee3c ph\u00e2n ph\u1ed1i v\u1edbi m\u1ee9c gi\u00e1:<\/p>\n<p data-start=\"3249\" data-end=\"3421\">Th\u1ea3m TPE \u0111\u00fac khu\u00f4n 3D chu\u1ea9n form: 2.000.000 VN\u0110\/b\u1ed9<br data-start=\"3300\" data-end=\"3303\" \/>Th\u1ea3m TPE k\u00e8m l\u1edbp th\u1ea3m r\u1ed1i ph\u1ee7 tr\u00ean, t\u0103ng kh\u1ea3 n\u0103ng gi\u1eef b\u1ee5i v\u00e0 t\u1ea1o c\u1ea3m gi\u00e1c \u00eam \u00e1i h\u01a1n khi di chuy\u1ec3n: 2.200.000 VN\u0110\/b\u1ed9<\/p>\n<p data-start=\"3423\" data-end=\"3597\">Gi\u00e1 c\u00f3 th\u1ec3 thay \u0111\u1ed5i t\u00f9y th\u1eddi \u0111i\u1ec3m ho\u1eb7c ch\u01b0\u01a1ng tr\u00ecnh \u01b0u \u0111\u00e3i. \u0110\u1ec3 nh\u1eadn b\u00e1o gi\u00e1 ch\u00ednh x\u00e1c v\u00e0 \u01b0u \u0111\u00e3i m\u1edbi nh\u1ea5t, vui l\u00f2ng li\u00ean h\u1ec7 Hotline: 0889.385.222 \u0111\u1ec3 \u0111\u01b0\u1ee3c h\u1ed7 tr\u1ee3 nhanh ch\u00f3ng.<\/p>\n<hr data-start=\"3599\" data-end=\"3602\" \/>\n<h3 data-start=\"3604\" data-end=\"3664\">Mua th\u1ea3m l\u00f3t s\u00e0n \u00f4 t\u00f4 Ford Territory 2022\u20132024 ch\u00ednh h\u00e3ng \u1edf \u0111\u00e2u?<\/h3>\n<figure id=\"attachment_4513\" aria-describedby=\"caption-attachment-4513\" style=\"width: 1024px\" class=\"wp-caption aligncenter\"><img decoding=\"async\" class=\"wp-image-4513 size-large\" src=\"https:\/\/topcar.vn\/wp-content\/uploads\/2025\/10\/Tham-lot-san-o-to-Ford-Territory-2022-2024-3-1024x1024.jpg\" alt=\"Th\u1ea3m l\u00f3t s\u00e0n \u00f4 t\u00f4 Ford Territory 2022\u20132024\" width=\"1024\" height=\"1024\" srcset=\"https:\/\/topcar.vn\/wp-content\/uploads\/2025\/10\/Tham-lot-san-o-to-Ford-Territory-2022-2024-3-1024x1024.jpg 1024w, https:\/\/topcar.vn\/wp-content\/uploads\/2025\/10\/Tham-lot-san-o-to-Ford-Territory-2022-2024-3-300x300.jpg 300w, https:\/\/topcar.vn\/wp-content\/uploads\/2025\/10\/Tham-lot-san-o-to-Ford-Territory-2022-2024-3-150x150.jpg 150w, https:\/\/topcar.vn\/wp-content\/uploads\/2025\/10\/Tham-lot-san-o-to-Ford-Territory-2022-2024-3-768x768.jpg 768w, https:\/\/topcar.vn\/wp-content\/uploads\/2025\/10\/Tham-lot-san-o-to-Ford-Territory-2022-2024-3-1536x1536.jpg 1536w, https:\/\/topcar.vn\/wp-content\/uploads\/2025\/10\/Tham-lot-san-o-to-Ford-Territory-2022-2024-3-600x600.jpg 600w, https:\/\/topcar.vn\/wp-content\/uploads\/2025\/10\/Tham-lot-san-o-to-Ford-Territory-2022-2024-3-100x100.jpg 100w, https:\/\/topcar.vn\/wp-content\/uploads\/2025\/10\/Tham-lot-san-o-to-Ford-Territory-2022-2024-3.jpg 1920w\" sizes=\"(max-width: 1024px) 100vw, 1024px\" \/><figcaption id=\"caption-attachment-4513\" class=\"wp-caption-text\">Th\u1ea3m l\u00f3t s\u00e0n \u00f4 t\u00f4 Ford Territory 2022-2024<\/figcaption><\/figure>\n<p data-start=\"3666\" data-end=\"3866\">S\u1ea3n ph\u1ea9m th\u1ea3m l\u00f3t s\u00e0n \u00f4 t\u00f4 Ford Territory 2022\u20132024 \u0111\u01b0\u1ee3c ph\u00e2n ph\u1ed1i ch\u00ednh h\u00e3ng b\u1edfi Topcar \u2013 \u0111\u01a1n v\u1ecb chuy\u00ean cung c\u1ea5p ph\u1ee5 ki\u1ec7n \u00f4 t\u00f4 cao c\u1ea5p, v\u1edbi ch\u00ednh s\u00e1ch b\u00e1n h\u00e0ng minh b\u1ea1ch v\u00e0 d\u1ecbch v\u1ee5 h\u1eadu m\u00e3i t\u1eadn t\u00e2m:<\/p>\n<p data-start=\"3868\" data-end=\"4099\">Mi\u1ec5n ph\u00ed giao h\u00e0ng to\u00e0n qu\u1ed1c.<br data-start=\"3897\" data-end=\"3900\" \/>Mi\u1ec5n ph\u00ed l\u1eafp \u0111\u1eb7t t\u1ea1i nh\u00e0 (\u00e1p d\u1ee5ng t\u1ea1i m\u1ed9t s\u1ed1 khu v\u1ef1c).<br data-start=\"3954\" data-end=\"3957\" \/>Ch\u00ednh s\u00e1ch 1 \u0111\u1ed5i 1 trong 7 ng\u00e0y n\u1ebfu ph\u00e1t hi\u1ec7n l\u1ed7i k\u1ef9 thu\u1eadt.<br data-start=\"4016\" data-end=\"4019\" \/>Thanh to\u00e1n khi nh\u1eadn h\u00e0ng, nhanh ch\u00f3ng v\u00e0 an to\u00e0n.<br data-start=\"4068\" data-end=\"4071\" \/>B\u1ea3o h\u00e0nh ch\u00ednh h\u00e3ng 5 n\u0103m.<\/p>\n<p data-start=\"4101\" data-end=\"4262\">Kh\u00e1ch h\u00e0ng c\u00f3 th\u1ec3 mua tr\u1ef1c ti\u1ebfp t\u1ea1i showroom ho\u1eb7c \u0111\u1eb7t h\u00e0ng qua website, nh\u1eadn h\u00e0ng nhanh ch\u00f3ng v\u1edbi quy tr\u00ecnh \u0111\u00f3ng g\u00f3i chuy\u00ean nghi\u1ec7p v\u00e0 h\u1ed7 tr\u1ee3 k\u1ef9 thu\u1eadt t\u1eadn t\u00ecnh.<\/p>\n<hr data-start=\"4264\" data-end=\"4267\" \/>\n<h3 data-start=\"4269\" data-end=\"4283\">K\u1ebft lu\u1eadn<\/h3>\n<p data-start=\"4285\" data-end=\"4614\">Th\u1ea3m l\u00f3t s\u00e0n \u00f4 t\u00f4 Ford Territory 2022\u20132024 c\u1ee7a Topcar l\u00e0 ph\u1ee5 ki\u1ec7n thi\u1ebft y\u1ebfu gi\u00fap b\u1ea3o v\u1ec7 s\u00e0n xe t\u1ed1i \u01b0u, gi\u1eef kh\u00f4ng gian n\u1ed9i th\u1ea5t lu\u00f4n s\u1ea1ch \u0111\u1eb9p v\u00e0 n\u00e2ng cao tr\u1ea3i nghi\u1ec7m l\u00e1i. V\u1edbi ch\u1ea5t li\u1ec7u cao c\u1ea5p, thi\u1ebft k\u1ebf chu\u1ea9n form 100%, kh\u1ea3 n\u0103ng ch\u1ed1ng n\u01b0\u1edbc \u2013 ch\u1ed1ng b\u1ea9n \u2013 gi\u1ea3m \u1ed3n v\u01b0\u1ee3t tr\u1ed9i, \u0111\u00e2y l\u00e0 l\u1ef1a ch\u1ecdn ho\u00e0n h\u1ea3o d\u00e0nh cho m\u1ecdi ch\u1ee7 xe Territory.<\/p>\n<p data-start=\"4616\" data-end=\"4678\">Li\u00ean h\u1ec7 ngay \u0111\u1ec3 \u0111\u01b0\u1ee3c t\u01b0 v\u1ea5n v\u00e0 nh\u1eadn \u01b0u \u0111\u00e3i t\u1ed1t nh\u1ea5t h\u00f4m nay:<\/p>\n<p data-start=\"4680\" data-end=\"4826\">Hotline: 0889.385.222<br data-start=\"4701\" data-end=\"4704\" \/>\u0110\u1ecba ch\u1ec9: S\u1ed1 9 Bt2 Khu \u0111\u00f4 th\u1ecb Foresa Xu\u00e2n Ph\u01b0\u01a1ng, Nam T\u1eeb Li\u00eam, H\u00e0 N\u1ed9i<br data-start=\"4772\" data-end=\"4775\" \/>Website: <a class=\"decorated-link\" href=\"https:\/\/Topcar.vn\/\" target=\"_new\" rel=\"noopener\" data-start=\"4784\" data-end=\"4824\">https:\/\/Topcar.vn\/<\/a><\/p>\n","protected":false},"excerpt":{"rendered":"<ul>\n<li>Mi\u1ec5n ph\u00ed giao h\u00e0ng to\u00e0n qu\u1ed1c<\/li>\n<li>Nh\u1eadn h\u00e0ng &gt; L\u1eafp \u0111\u1eb7t &gt; Thanh to\u00e1n<\/li>\n<li>B\u1ea3o h\u00e0nh 5 n\u0103m<\/li>\n<\/ul>\n","protected":false},"featured_media":4509,"comment_status":"closed","ping_status":"closed","template":"","meta":{"site-sidebar-layout":"no-sidebar","site-content-layout":"content-boxed-container","ast-site-content-layout":"normal-width-container","site-content-style":"boxed","site-sidebar-style":"unboxed","ast-global-header-display":"","ast-banner-title-visibility":"","ast-main-header-display":"","ast-hfb-above-header-display":"","ast-hfb-below-header-display":"","ast-hfb-mobile-header-display":"","site-post-title":"","ast-breadcrumbs-content":"","ast-featured-img":"","footer-sml-layout":"","ast-disable-related-posts":"","theme-transparent-header-meta":"default","adv-header-id-meta":"","stick-header-meta":"","header-above-stick-meta":"","header-main-stick-meta":"","header-below-stick-meta":"","astra-migrate-meta-layouts":"set","ast-page-background-enabled":"default","ast-page-background-meta":{"desktop":{"background-color":"var(--ast-global-color-4)","background-image":"","background-repeat":"repeat","background-position":"center center","background-size":"auto","background-attachment":"scroll","background-type":"","background-media":"","overlay-type":"","overlay-color":"","overlay-opacity":"","overlay-gradient":""},"tablet":{"background-color":"","background-image":"","background-repeat":"repeat","background-position":"center center","background-size":"auto","background-attachment":"scroll","background-type":"","background-media":"","overlay-type":"","overlay-color":"","overlay-opacity":"","overlay-gradient":""},"mobile":{"background-color":"","background-image":"","background-repeat":"repeat","background-position":"center center","background-size":"auto","background-attachment":"scroll","background-type":"","background-media":"","overlay-type":"","overlay-color":"","overlay-opacity":"","overlay-gradient":""}},"ast-content-background-meta":{"desktop":{"background-color":"var(--ast-global-color-5)","background-image":"","background-repeat":"repeat","background-position":"center center","background-size":"auto","background-attachment":"scroll","background-type":"","background-media":"","overlay-type":"","overlay-color":"","overlay-opacity":"","overlay-gradient":""},"tablet":{"background-color":"var(--ast-global-color-5)","background-image":"","background-repeat":"repeat","background-position":"center center","background-size":"auto","background-attachment":"scroll","background-type":"","background-media":"","overlay-type":"","overlay-color":"","overlay-opacity":"","overlay-gradient":""},"mobile":{"background-color":"var(--ast-global-color-5)","background-image":"","background-repeat":"repeat","background-position":"center center","background-size":"auto","background-attachment":"scroll","background-type":"","background-media":"","overlay-type":"","overlay-color":"","overlay-opacity":"","overlay-gradient":""}}},"product_brand":[],"product_cat":[43,51],"product_tag":[338,648,73,652,76,650],"class_list":{"0":"post-4506","1":"product","2":"type-product","3":"status-publish","4":"has-post-thumbnail","6":"product_cat-tham-lot-san-o-to","7":"product_cat-tham-lot-san-o-to-ford","8":"product_tag-tham-lot-san-chong-nuoc","9":"product_tag-tham-lot-san-gia-re","10":"product_tag-tham-lot-san-o-to","11":"product_tag-tham-lot-san-o-to-ford-territory-2022-2024","12":"product_tag-tham-lot-san-o-to-tpe","13":"product_tag-tham-lot-san-xe-ford","14":"desktop-align-left","15":"tablet-align-left","16":"mobile-align-left","18":"first","19":"instock","20":"shipping-taxable","21":"purchasable","22":"product-type-variable"},"_links":{"self":[{"href":"https:\/\/topcar.vn\/index.php?rest_route=\/wp\/v2\/product\/4506","targetHints":{"allow":["GET"]}}],"collection":[{"href":"https:\/\/topcar.vn\/index.php?rest_route=\/wp\/v2\/product"}],"about":[{"href":"https:\/\/topcar.vn\/index.php?rest_route=\/wp\/v2\/types\/product"}],"replies":[{"embeddable":true,"href":"https:\/\/topcar.vn\/index.php?rest_route=%2Fwp%2Fv2%2Fcomments&post=4506"}],"version-history":[{"count":2,"href":"https:\/\/topcar.vn\/index.php?rest_route=\/wp\/v2\/product\/4506\/revisions"}],"predecessor-version":[{"id":4516,"href":"https:\/\/topcar.vn\/index.php?rest_route=\/wp\/v2\/product\/4506\/revisions\/4516"}],"wp:featuredmedia":[{"embeddable":true,"href":"https:\/\/topcar.vn\/index.php?rest_route=\/wp\/v2\/media\/4509"}],"wp:attachment":[{"href":"https:\/\/topcar.vn\/index.php?rest_route=%2Fwp%2Fv2%2Fmedia&parent=4506"}],"wp:term":[{"taxonomy":"product_brand","embeddable":true,"href":"https:\/\/topcar.vn\/index.php?rest_route=%2Fwp%2Fv2%2Fproduct_brand&post=4506"},{"taxonomy":"product_cat","embeddable":true,"href":"https:\/\/topcar.vn\/index.php?rest_route=%2Fwp%2Fv2%2Fproduct_cat&post=4506"},{"taxonomy":"product_tag","embeddable":true,"href":"https:\/\/topcar.vn\/index.php?rest_route=%2Fwp%2Fv2%2Fproduct_tag&post=4506"}],"curies":[{"name":"wp","href":"https:\/\/api.w.org\/{rel}","templated":true}]}}