{"id":4456,"date":"2025-10-21T11:05:18","date_gmt":"2025-10-21T04:05:18","guid":{"rendered":"https:\/\/topcar.vn\/?post_type=product&#038;p=4456"},"modified":"2025-10-21T13:55:47","modified_gmt":"2025-10-21T06:55:47","slug":"tham-lot-san-o-to-toyota-yaris-2019-2025-2","status":"publish","type":"product","link":"https:\/\/topcar.vn\/?product=tham-lot-san-o-to-toyota-yaris-2019-2025-2","title":{"rendered":"Th\u1ea3m l\u00f3t s\u00e0n \u00f4 t\u00f4 Toyota YARIS 2019-2025"},"content":{"rendered":"<p data-start=\"303\" data-end=\"672\"><em><strong>Th\u1ea3m l\u00f3t s\u00e0n \u00f4 t\u00f4 Toyota YARIS 2019-2025 kh\u00f4ng ch\u1ec9 l\u00e0 ph\u1ee5 ki\u1ec7n gi\u00fap gi\u1eef s\u1ea1ch n\u1ed9i th\u1ea5t m\u00e0 c\u00f2n gi\u00fap tr\u1ea3i nghi\u1ec7m l\u00e1i xe ti\u1ec7n nghi v\u00e0 an to\u00e0n h\u01a1n. S\u1ea3n ph\u1ea9m th\u1ea3m c\u1ee7a Topcar thi\u1ebft k\u1ebf ri\u00eang cho d\u00f2ng xe Yaris v\u1edbi c\u00f4ng ngh\u1ec7 hi\u1ec7n \u0111\u1ea1i, v\u1eadt li\u1ec7u cao c\u1ea5p s\u1ebd l\u00e0 l\u1ef1a ch\u1ecdn \u0111\u00e1ng \u0111\u1ea7u t\u01b0.<\/strong><\/em><\/p>\n<hr data-start=\"674\" data-end=\"677\" \/>\n<h2 data-start=\"679\" data-end=\"734\">1. Gi\u1edbi thi\u1ec7u v\u1ec1 th\u1ea3m l\u00f3t s\u00e0n \u00f4 t\u00f4 Toyota YARIS 2019-2025<\/h2>\n<div class=\"mceTemp\"><\/div>\n<figure id=\"attachment_4460\" aria-describedby=\"caption-attachment-4460\" style=\"width: 1024px\" class=\"wp-caption aligncenter\"><img fetchpriority=\"high\" decoding=\"async\" class=\"wp-image-4460 size-large\" src=\"https:\/\/topcar.vn\/wp-content\/uploads\/2025\/10\/tham-lot-san-o-to-toyota-yaris-2019-2025-1-1024x1024.webp\" alt=\"Th\u1ea3m l\u00f3t s\u00e0n \u00f4 t\u00f4 Toyota Yaris 2019-2025\" width=\"1024\" height=\"1024\" srcset=\"https:\/\/topcar.vn\/wp-content\/uploads\/2025\/10\/tham-lot-san-o-to-toyota-yaris-2019-2025-1-1024x1024.webp 1024w, https:\/\/topcar.vn\/wp-content\/uploads\/2025\/10\/tham-lot-san-o-to-toyota-yaris-2019-2025-1-300x300.webp 300w, https:\/\/topcar.vn\/wp-content\/uploads\/2025\/10\/tham-lot-san-o-to-toyota-yaris-2019-2025-1-150x150.webp 150w, https:\/\/topcar.vn\/wp-content\/uploads\/2025\/10\/tham-lot-san-o-to-toyota-yaris-2019-2025-1-768x767.webp 768w, https:\/\/topcar.vn\/wp-content\/uploads\/2025\/10\/tham-lot-san-o-to-toyota-yaris-2019-2025-1-600x599.webp 600w, https:\/\/topcar.vn\/wp-content\/uploads\/2025\/10\/tham-lot-san-o-to-toyota-yaris-2019-2025-1-100x100.webp 100w, https:\/\/topcar.vn\/wp-content\/uploads\/2025\/10\/tham-lot-san-o-to-toyota-yaris-2019-2025-1.webp 1081w\" sizes=\"(max-width: 1024px) 100vw, 1024px\" \/><figcaption id=\"caption-attachment-4460\" class=\"wp-caption-text\">Th\u1ea3m l\u00f3t s\u00e0n \u00f4 t\u00f4 Toyota Yaris 2019-2025<\/figcaption><\/figure>\n<p data-start=\"736\" data-end=\"1001\">Toyota YARIS l\u00e0 d\u00f2ng hatchback \u0111\u00f4 th\u1ecb c\u00f3 thi\u1ebft k\u1ebf g\u1ecdn g\u00e0ng, b\u1ec1n b\u1ec9 v\u00e0 ti\u1ebft ki\u1ec7m nhi\u00ean li\u1ec7u. \u0110\u1ec3 gi\u1eef cho n\u1ed9i th\u1ea5t lu\u00f4n s\u1ea1ch \u0111\u1eb9p, sang tr\u1ecdng v\u00e0 ti\u1ec7n nghi, vi\u1ec7c trang b\u1ecb <strong data-start=\"938\" data-end=\"977\"><a href=\"https:\/\/vi.wikipedia.org\/wiki\/Th%E1%BA%A3m_l%C3%B3t_s%C3%A0n_%C3%B4_t%C3%B4\" target=\"_blank\" rel=\"noopener\">th\u1ea3m l\u00f3t s\u00e0n<\/a> \u00f4 t\u00f4 Toyota YARIS<\/strong> l\u00e0 s\u1ef1 l\u1ef1a ch\u1ecdn th\u00f4ng minh.<\/p>\n<p data-start=\"1003\" data-end=\"1212\"><strong data-start=\"1003\" data-end=\"1026\">Th\u1ea3m l\u00f3t s\u00e0n <\/strong>d\u00e0nh ri\u00eang cho YARIS 2019\u20132025 \u0111\u01b0\u1ee3c s\u1ea3n xu\u1ea5t theo c\u00f4ng ngh\u1ec7 \u00e9p khu\u00f4n \u0111\u1ecbnh h\u00ecnh 3D hi\u1ec7n \u0111\u1ea1i, \u0111\u1ea3m b\u1ea3o \u0111\u1ed9 ch\u00ednh x\u00e1c tuy\u1ec7t \u0111\u1ed1i, v\u1eeba kh\u00edt s\u00e0n xe theo t\u1eebng phi\u00ean b\u1ea3n. M\u1ed9t s\u1ed1 \u0111\u1eb7c \u0111i\u1ec3m n\u1ed5i b\u1eadt:<\/p>\n<ul data-start=\"1214\" data-end=\"1814\">\n<li data-start=\"1214\" data-end=\"1343\">\n<p data-start=\"1216\" data-end=\"1343\"><strong data-start=\"1216\" data-end=\"1245\">Ch\u1ea5t li\u1ec7u TPE nguy\u00ean sinh<\/strong>: Th\u00e2n thi\u1ec7n v\u1edbi m\u00f4i tr\u01b0\u1eddng, kh\u00f4ng m\u00f9i, kh\u00f4ng \u0111\u1ed9c h\u1ea1i, \u0111\u1ea1t chu\u1ea9n RoHS ch\u00e2u \u00c2u v\u1ec1 an to\u00e0n s\u1ee9c kh\u1ecfe.<\/p>\n<\/li>\n<li data-start=\"1344\" data-end=\"1481\">\n<p data-start=\"1346\" data-end=\"1481\"><strong data-start=\"1346\" data-end=\"1371\">C\u00f4ng ngh\u1ec7 \u00e9p khu\u00f4n 3D<\/strong>: S\u1eed d\u1ee5ng m\u00e1y Scan Laser v\u00e0 CNC \u0111\u1ec3 t\u1ea1o h\u00ecnh ch\u00ednh x\u00e1c, \u0111\u1ea3m b\u1ea3o \u00f4m kh\u00edt s\u00e0n xe v\u00e0 kh\u00f4ng b\u1ecb x\u00ea d\u1ecbch khi s\u1eed d\u1ee5ng.<\/p>\n<\/li>\n<li data-start=\"1482\" data-end=\"1640\">\n<p data-start=\"1484\" data-end=\"1640\"><strong data-start=\"1484\" data-end=\"1507\">Thi\u1ebft k\u1ebf th\u00f4ng minh<\/strong>: \u0110\u01b0\u1eddng vi\u1ec1n cao, r\u00e3nh d\u1eabn n\u01b0\u1edbc, h\u1ec7 th\u1ed1ng kh\u00f3a c\u00e0i ch\u1eafc ch\u1eafn gi\u00fap gi\u1eef b\u1ee5i b\u1ea9n, n\u01b0\u1edbc th\u1ea3i kh\u00f4ng tr\u00e0n ra ngo\u00e0i, d\u1ec5 th\u00e1o l\u1eafp v\u00e0 v\u1ec7 sinh.<\/p>\n<\/li>\n<li data-start=\"1641\" data-end=\"1814\">\n<p data-start=\"1643\" data-end=\"1814\"><strong data-start=\"1643\" data-end=\"1662\">B\u1ed9 s\u1ea3n ph\u1ea9m g\u1ed3m<\/strong>: Th\u1ea3m gh\u1ebf l\u00e1i, th\u1ea3m gh\u1ebf ph\u1ee5 v\u00e0 th\u1ea3m h\u00e0ng gh\u1ebf sau (chia 2 ho\u1eb7c 3 m\u1ea3nh t\u00f9y \u0111\u1eddi xe), t\u00f9y ch\u1ecdn k\u00e8m l\u1edbp th\u1ea3m r\u1ed1i b\u00ean tr\u00ean \u0111\u1ec3 t\u0103ng \u0111\u1ed9 \u00eam v\u00e0 kh\u1ea3 n\u0103ng gi\u1eef b\u1ee5i.<\/p>\n<\/li>\n<\/ul>\n<hr data-start=\"1816\" data-end=\"1819\" \/>\n<h2 data-start=\"1821\" data-end=\"1891\">2. \u01afu \u0111i\u1ec3m v\u01b0\u1ee3t tr\u1ed9i c\u1ee7a th\u1ea3m l\u00f3t s\u00e0n \u00f4 t\u00f4 Toyota YARIS 2019-2025<\/h2>\n<figure id=\"attachment_4464\" aria-describedby=\"caption-attachment-4464\" style=\"width: 1024px\" class=\"wp-caption aligncenter\"><img decoding=\"async\" class=\"wp-image-4464 size-large\" src=\"https:\/\/topcar.vn\/wp-content\/uploads\/2025\/10\/tham-lot-san-o-to-toyota-yaris-2019-2025-5-1024x1024.webp\" alt=\"Th\u1ea3m l\u00f3t s\u00e0n \u00f4 t\u00f4 Toyota Yaris 2019-2025\" width=\"1024\" height=\"1024\" srcset=\"https:\/\/topcar.vn\/wp-content\/uploads\/2025\/10\/tham-lot-san-o-to-toyota-yaris-2019-2025-5-1024x1024.webp 1024w, https:\/\/topcar.vn\/wp-content\/uploads\/2025\/10\/tham-lot-san-o-to-toyota-yaris-2019-2025-5-300x300.webp 300w, https:\/\/topcar.vn\/wp-content\/uploads\/2025\/10\/tham-lot-san-o-to-toyota-yaris-2019-2025-5-150x150.webp 150w, https:\/\/topcar.vn\/wp-content\/uploads\/2025\/10\/tham-lot-san-o-to-toyota-yaris-2019-2025-5-768x767.webp 768w, https:\/\/topcar.vn\/wp-content\/uploads\/2025\/10\/tham-lot-san-o-to-toyota-yaris-2019-2025-5-600x599.webp 600w, https:\/\/topcar.vn\/wp-content\/uploads\/2025\/10\/tham-lot-san-o-to-toyota-yaris-2019-2025-5-100x100.webp 100w, https:\/\/topcar.vn\/wp-content\/uploads\/2025\/10\/tham-lot-san-o-to-toyota-yaris-2019-2025-5.webp 1081w\" sizes=\"(max-width: 1024px) 100vw, 1024px\" \/><figcaption id=\"caption-attachment-4464\" class=\"wp-caption-text\">Th\u1ea3m l\u00f3t s\u00e0n \u00f4 t\u00f4 Toyota Yaris 2019-2025<\/figcaption><\/figure>\n<p data-start=\"1893\" data-end=\"1991\">S\u1ea3n ph\u1ea9m th\u1ea3m s\u00e0n Topcar cho Toyota YARIS \u0111\u01b0\u1ee3c \u0111\u00e1nh gi\u00e1 cao b\u1edfi nh\u1eefng t\u00ednh n\u0103ng th\u1ef1c t\u1ebf v\u01b0\u1ee3t tr\u1ed9i:<\/p>\n<ul data-start=\"1993\" data-end=\"2459\">\n<li data-start=\"1993\" data-end=\"2080\">\n<p data-start=\"1995\" data-end=\"2080\"><strong data-start=\"1997\" data-end=\"2040\">Ch\u1ed1ng th\u1ea5m, ch\u1ecbu nhi\u1ec7t, ch\u1ed1ng cong v\u00eanh<\/strong> hi\u1ec7u qu\u1ea3 trong m\u1ecdi \u0111i\u1ec1u ki\u1ec7n th\u1eddi ti\u1ebft.<\/p>\n<\/li>\n<li data-start=\"2081\" data-end=\"2177\">\n<p data-start=\"2083\" data-end=\"2177\"><strong data-start=\"2085\" data-end=\"2120\">Ch\u1ed1ng tr\u01a1n tr\u01b0\u1ee3t, kh\u00f4ng x\u00ea d\u1ecbch<\/strong> trong qu\u00e1 tr\u00ecnh v\u1eadn h\u00e0nh nh\u1edd h\u1ec7 th\u1ed1ng ch\u1ed1t kh\u00f3a an to\u00e0n.<\/p>\n<\/li>\n<li data-start=\"2178\" data-end=\"2264\">\n<p data-start=\"2180\" data-end=\"2264\"><strong data-start=\"2182\" data-end=\"2203\">Thi\u1ebft k\u1ebf s\u00e1t form<\/strong>, bao ph\u1ee7 to\u00e0n b\u1ed9 m\u1eb7t s\u00e0n, t\u0103ng kh\u1ea3 n\u0103ng c\u00e1ch \u00e2m, c\u00e1ch nhi\u1ec7t.<\/p>\n<\/li>\n<li data-start=\"2265\" data-end=\"2327\">\n<p data-start=\"2267\" data-end=\"2327\"><strong data-start=\"2269\" data-end=\"2283\">D\u1ec5 v\u1ec7 sinh<\/strong>: Ch\u1ec9 c\u1ea7n th\u00e1o ra, x\u1ecbt n\u01b0\u1edbc l\u00e0 s\u1ea1ch nh\u01b0 m\u1edbi.<\/p>\n<\/li>\n<li data-start=\"2328\" data-end=\"2459\">\n<p data-start=\"2330\" data-end=\"2459\"><strong data-start=\"2332\" data-end=\"2375\">Th\u00e2n thi\u1ec7n v\u1edbi m\u00f4i tr\u01b0\u1eddng<\/strong>, kh\u00f4ng ch\u1ee9a c\u00e1c ch\u1ea5t \u0111\u1ed9c h\u1ea1i, an to\u00e0n tuy\u1ec7t \u0111\u1ed1i k\u1ec3 c\u1ea3 khi c\u00f3 tr\u1ebb nh\u1ecf ng\u1ed3i trong xe.<\/p>\n<\/li>\n<\/ul>\n<hr data-start=\"2461\" data-end=\"2464\" \/>\n<h2 data-start=\"2466\" data-end=\"2527\">3. Th\u1ea3m l\u00f3t s\u00e0n \u00f4 t\u00f4 Toyota YARIS 2019-2025 gi\u00e1 bao nhi\u00eau?<\/h2>\n<figure id=\"attachment_4463\" aria-describedby=\"caption-attachment-4463\" style=\"width: 1024px\" class=\"wp-caption aligncenter\"><img decoding=\"async\" class=\"wp-image-4463 size-large\" src=\"https:\/\/topcar.vn\/wp-content\/uploads\/2025\/10\/tham-lot-san-o-to-toyota-yaris-2019-2025-4-1024x1024.webp\" alt=\"Th\u1ea3m l\u00f3t s\u00e0n \u00f4 t\u00f4 Toyota Yaris 2019-2025\" width=\"1024\" height=\"1024\" srcset=\"https:\/\/topcar.vn\/wp-content\/uploads\/2025\/10\/tham-lot-san-o-to-toyota-yaris-2019-2025-4-1024x1024.webp 1024w, https:\/\/topcar.vn\/wp-content\/uploads\/2025\/10\/tham-lot-san-o-to-toyota-yaris-2019-2025-4-300x300.webp 300w, https:\/\/topcar.vn\/wp-content\/uploads\/2025\/10\/tham-lot-san-o-to-toyota-yaris-2019-2025-4-150x150.webp 150w, https:\/\/topcar.vn\/wp-content\/uploads\/2025\/10\/tham-lot-san-o-to-toyota-yaris-2019-2025-4-768x767.webp 768w, https:\/\/topcar.vn\/wp-content\/uploads\/2025\/10\/tham-lot-san-o-to-toyota-yaris-2019-2025-4-600x599.webp 600w, https:\/\/topcar.vn\/wp-content\/uploads\/2025\/10\/tham-lot-san-o-to-toyota-yaris-2019-2025-4-100x100.webp 100w, https:\/\/topcar.vn\/wp-content\/uploads\/2025\/10\/tham-lot-san-o-to-toyota-yaris-2019-2025-4.webp 1081w\" sizes=\"(max-width: 1024px) 100vw, 1024px\" \/><figcaption id=\"caption-attachment-4463\" class=\"wp-caption-text\">Th\u1ea3m l\u00f3t s\u00e0n \u00f4 t\u00f4 Toyota Yaris 2019-2025<\/figcaption><\/figure>\n<p data-start=\"0\" data-end=\"393\">Hi\u1ec7n nay, th\u1ea3m l\u00f3t s\u00e0n Toyota YARIS 2019\u20132025 c\u00f3 m\u1ee9c gi\u00e1 b\u00e1n l\u1ebb l\u00e0 <strong data-start=\"183\" data-end=\"200\">2.000.000 VN\u0110<\/strong>. B\u00ean c\u1ea1nh \u0111\u00f3, kh\u00e1ch h\u00e0ng c\u00f3 th\u1ec3 mua th\u00eam <a href=\"https:\/\/khaitest.rf.gd\/?p=1914\" target=\"_blank\" rel=\"noopener\">th\u1ea3m r\u1ed1i<\/a> gi\u00e1 l\u00e0 <strong data-start=\"183\" data-end=\"200\">200.000 VN\u0110<\/strong>. Mua <strong data-start=\"268\" data-end=\"324\">th\u1ea3m k\u00e8m theo l\u1edbp r\u1ed1i l\u00f3t tr\u00ean<\/strong> \u0111\u1ec3 t\u0103ng kh\u1ea3 n\u0103ng gi\u1eef b\u1ee5i, v\u1edbi m\u1ee9c gi\u00e1 <strong data-start=\"375\" data-end=\"392\">2.200.000 VN\u0110<\/strong>.<\/p>\n<p data-start=\"395\" data-end=\"650\" data-is-last-node=\"\" data-is-only-node=\"\">L\u01b0u \u00fd, gi\u00e1 c\u00f3 th\u1ec3 thay \u0111\u1ed5i t\u00f9y ch\u01b0\u01a1ng tr\u00ecnh khuy\u1ebfn m\u00e3i ho\u1eb7c c\u00e1c s\u1ef1 ki\u1ec7n tri \u00e2n theo th\u1eddi \u0111i\u1ec3m. \u0110\u1ec3 \u0111\u01b0\u1ee3c b\u00e1o gi\u00e1 ch\u00ednh x\u00e1c v\u00e0 c\u1eadp nh\u1eadt \u01b0u \u0111\u00e3i m\u1edbi, vui l\u00f2ng li\u00ean h\u1ec7 <strong data-start=\"624\" data-end=\"649\">Hotline: <a class=\"text-is-phone-number\" data-z-element-type=\"phone-number\">0889.385.222<\/a><\/strong><\/p>\n<hr data-start=\"2993\" data-end=\"2996\" \/>\n<h2 data-start=\"2998\" data-end=\"3058\">4. Mua th\u1ea3m l\u00f3t s\u00e0n Toyota YARIS ch\u00ednh h\u00e3ng \u1edf \u0111\u00e2u?<\/h2>\n<figure id=\"attachment_4461\" aria-describedby=\"caption-attachment-4461\" style=\"width: 1024px\" class=\"wp-caption aligncenter\"><img loading=\"lazy\" decoding=\"async\" class=\"wp-image-4461 size-large\" src=\"https:\/\/topcar.vn\/wp-content\/uploads\/2025\/10\/tham-lot-san-o-to-toyota-yaris-2019-2025-2-1024x1024.webp\" alt=\"Th\u1ea3m l\u00f3t s\u00e0n \u00f4 t\u00f4 Toyota Yaris 2019-2025\" width=\"1024\" height=\"1024\" srcset=\"https:\/\/topcar.vn\/wp-content\/uploads\/2025\/10\/tham-lot-san-o-to-toyota-yaris-2019-2025-2-1024x1024.webp 1024w, https:\/\/topcar.vn\/wp-content\/uploads\/2025\/10\/tham-lot-san-o-to-toyota-yaris-2019-2025-2-300x300.webp 300w, https:\/\/topcar.vn\/wp-content\/uploads\/2025\/10\/tham-lot-san-o-to-toyota-yaris-2019-2025-2-150x150.webp 150w, https:\/\/topcar.vn\/wp-content\/uploads\/2025\/10\/tham-lot-san-o-to-toyota-yaris-2019-2025-2-768x767.webp 768w, https:\/\/topcar.vn\/wp-content\/uploads\/2025\/10\/tham-lot-san-o-to-toyota-yaris-2019-2025-2-600x599.webp 600w, https:\/\/topcar.vn\/wp-content\/uploads\/2025\/10\/tham-lot-san-o-to-toyota-yaris-2019-2025-2-100x100.webp 100w, https:\/\/topcar.vn\/wp-content\/uploads\/2025\/10\/tham-lot-san-o-to-toyota-yaris-2019-2025-2.webp 1081w\" sizes=\"(max-width: 1024px) 100vw, 1024px\" \/><figcaption id=\"caption-attachment-4461\" class=\"wp-caption-text\">Th\u1ea3m l\u00f3t s\u00e0n \u00f4 t\u00f4 Toyota Yaris 2019-2025<\/figcaption><\/figure>\n<p data-start=\"3060\" data-end=\"3212\"><strong data-start=\"3060\" data-end=\"3123\">Th\u1ea3m l\u00f3t s\u00e0n \u00f4 t\u00f4 Toyota YARIS <\/strong>\u0111ang \u0111\u01b0\u1ee3c ph\u00e2n ph\u1ed1i ch\u00ednh h\u00e3ng b\u1edfi <strong data-start=\"3159\" data-end=\"3202\">Topcar<\/strong>, cam k\u1ebft:<\/p>\n<ul data-start=\"3214\" data-end=\"3422\">\n<li data-start=\"3214\" data-end=\"3251\">\n<p data-start=\"3216\" data-end=\"3251\"><strong data-start=\"3219\" data-end=\"3251\">Mi\u1ec5n ph\u00ed giao h\u00e0ng to\u00e0n qu\u1ed1c<\/strong><\/p>\n<\/li>\n<li data-start=\"3252\" data-end=\"3302\">\n<p data-start=\"3254\" data-end=\"3302\"><strong data-start=\"3257\" data-end=\"3285\">Mi\u1ec5n ph\u00ed l\u1eafp \u0111\u1eb7t t\u1ea1i nh\u00e0<\/strong> \u1edf m\u1ed9t s\u1ed1 khu v\u1ef1c<\/p>\n<\/li>\n<li data-start=\"3303\" data-end=\"3352\">\n<p data-start=\"3305\" data-end=\"3352\"><strong data-start=\"3308\" data-end=\"3332\">1 \u0111\u1ed5i 1 trong 7 ng\u00e0y<\/strong> n\u1ebfu c\u00f3 l\u1ed7i s\u1ea3n ph\u1ea9m<\/p>\n<\/li>\n<li data-start=\"3353\" data-end=\"3386\">\n<p data-start=\"3355\" data-end=\"3386\"><strong data-start=\"3358\" data-end=\"3386\">Thanh to\u00e1n khi nh\u1eadn h\u00e0ng<\/strong><\/p>\n<\/li>\n<li data-start=\"3387\" data-end=\"3422\">\n<p data-start=\"3389\" data-end=\"3422\"><strong data-start=\"3393\" data-end=\"3422\">B\u1ea3o h\u00e0nh ch\u00ednh h\u00e3ng 5 n\u0103m<\/strong><\/p>\n<\/li>\n<\/ul>\n<p data-start=\"3424\" data-end=\"3575\">S\u1ea3n ph\u1ea9m c\u00f3 m\u1eb7t t\u1ea1i nhi\u1ec1u \u0111\u1ea1i l\u00fd \u00f4 t\u00f4, c\u1eeda h\u00e0ng ph\u1ee5 ki\u1ec7n v\u00e0 c\u00e1c s\u00e0n th\u01b0\u01a1ng m\u1ea1i \u0111i\u1ec7n t\u1eed l\u1edbn. Qu\u00fd kh\u00e1ch c\u00f3 th\u1ec3 \u0111\u1eb7t mua online d\u1ec5 d\u00e0ng v\u00e0 nh\u1eadn h\u00e0ng trong v\u00f2ng 1\u20133 ng\u00e0y.<\/p>\n<hr data-start=\"3577\" data-end=\"3580\" \/>\n<h2 data-start=\"3582\" data-end=\"3596\">5. K\u1ebft lu\u1eadn<\/h2>\n<p data-start=\"3598\" data-end=\"3888\"><strong data-start=\"3598\" data-end=\"3643\">Th\u1ea3m l\u00f3t s\u00e0n Toyota YARIS TPE Topcar<\/strong> l\u00e0 l\u1ef1a ch\u1ecdn l\u00fd t\u01b0\u1edfng gi\u00fap b\u1ea3o v\u1ec7 s\u00e0n to\u00e0n di\u1ec7n, n\u00e2ng cao th\u1ea9m m\u1ef9 v\u00e0 \u0111\u1ea3m b\u1ea3o an to\u00e0n khi v\u1eadn h\u00e0nh. V\u1edbi ch\u1ea5t l\u01b0\u1ee3ng v\u01b0\u1ee3t tr\u1ed9i, thi\u1ebft k\u1ebf th\u00f4ng minh, s\u1ea3n ph\u1ea9m n\u00e0y x\u1ee9ng \u0111\u00e1ng c\u00f3 m\u1eb7t trong m\u1ed7i chi\u1ebfc YARIS.<\/p>\n<p data-start=\"3890\" data-end=\"3987\"><strong data-start=\"3893\" data-end=\"3930\">Li\u00ean h\u1ec7 ngay <\/strong>\u0111\u1ec3 \u0111\u01b0\u1ee3c t\u01b0 v\u1ea5n chi ti\u1ebft v\u00e0 nh\u1eadn \u01b0u \u0111\u00e3i t\u1ed1t nh\u1ea5t h\u00f4m nay:<\/p>\n<p>Hotline: 0889.385.222<\/p>\n<p>\u0110\u1ecba ch\u1ec9: S\u1ed1 9 Bt2 Khu \u0111\u00f4 th\u1ecb Foresa Xu\u00e2n Ph\u01b0\u01a1ng, Nam T\u1eeb Li\u00eam, H\u00e0 N\u1ed9i<\/p>\n<p data-start=\"3890\" data-end=\"3987\">Website: https:\/\/Topcar.vn\/<\/p>\n","protected":false},"excerpt":{"rendered":"<ul>\n<li>Mi\u1ec5n ph\u00ed giao h\u00e0ng to\u00e0n qu\u1ed1c<\/li>\n<li>Nh\u1eadn h\u00e0ng &gt; L\u1eafp \u0111\u1eb7t &gt; Thanh to\u00e1n<\/li>\n<li>B\u1ea3o h\u00e0nh 5 n\u0103m<\/li>\n<\/ul>\n","protected":false},"featured_media":3697,"comment_status":"closed","ping_status":"closed","template":"","meta":{"site-sidebar-layout":"no-sidebar","site-content-layout":"content-boxed-container","ast-site-content-layout":"normal-width-container","site-content-style":"boxed","site-sidebar-style":"unboxed","ast-global-header-display":"","ast-banner-title-visibility":"","ast-main-header-display":"","ast-hfb-above-header-display":"","ast-hfb-below-header-display":"","ast-hfb-mobile-header-display":"","site-post-title":"","ast-breadcrumbs-content":"","ast-featured-img":"","footer-sml-layout":"","ast-disable-related-posts":"","theme-transparent-header-meta":"default","adv-header-id-meta":"","stick-header-meta":"","header-above-stick-meta":"","header-main-stick-meta":"","header-below-stick-meta":"","astra-migrate-meta-layouts":"set","ast-page-background-enabled":"default","ast-page-background-meta":{"desktop":{"background-color":"var(--ast-global-color-4)","background-image":"","background-repeat":"repeat","background-position":"center center","background-size":"auto","background-attachment":"scroll","background-type":"","background-media":"","overlay-type":"","overlay-color":"","overlay-opacity":"","overlay-gradient":""},"tablet":{"background-color":"","background-image":"","background-repeat":"repeat","background-position":"center center","background-size":"auto","background-attachment":"scroll","background-type":"","background-media":"","overlay-type":"","overlay-color":"","overlay-opacity":"","overlay-gradient":""},"mobile":{"background-color":"","background-image":"","background-repeat":"repeat","background-position":"center center","background-size":"auto","background-attachment":"scroll","background-type":"","background-media":"","overlay-type":"","overlay-color":"","overlay-opacity":"","overlay-gradient":""}},"ast-content-background-meta":{"desktop":{"background-color":"var(--ast-global-color-5)","background-image":"","background-repeat":"repeat","background-position":"center center","background-size":"auto","background-attachment":"scroll","background-type":"","background-media":"","overlay-type":"","overlay-color":"","overlay-opacity":"","overlay-gradient":""},"tablet":{"background-color":"var(--ast-global-color-5)","background-image":"","background-repeat":"repeat","background-position":"center center","background-size":"auto","background-attachment":"scroll","background-type":"","background-media":"","overlay-type":"","overlay-color":"","overlay-opacity":"","overlay-gradient":""},"mobile":{"background-color":"var(--ast-global-color-5)","background-image":"","background-repeat":"repeat","background-position":"center center","background-size":"auto","background-attachment":"scroll","background-type":"","background-media":"","overlay-type":"","overlay-color":"","overlay-opacity":"","overlay-gradient":""}}},"product_brand":[],"product_cat":[43,45],"product_tag":[73,74,78,77,75,647,76],"class_list":{"0":"post-4456","1":"product","2":"type-product","3":"status-publish","4":"has-post-thumbnail","6":"product_cat-tham-lot-san-o-to","7":"product_cat-tham-lot-san-o-to-toyota","8":"product_tag-tham-lot-san-o-to","9":"product_tag-tham-lot-san-o-to-bang-nhua","10":"product_tag-tham-lot-san-o-to-cao-su-duc","11":"product_tag-tham-lot-san-o-to-nhua-duc","12":"product_tag-tham-lot-san-o-to-tot-nhat-hien-nay","13":"product_tag-tham-lot-san-o-to-toyota-yaris-2019-2025","14":"product_tag-tham-lot-san-o-to-tpe","15":"desktop-align-left","16":"tablet-align-left","17":"mobile-align-left","19":"first","20":"instock","21":"shipping-taxable","22":"purchasable","23":"product-type-variable"},"_links":{"self":[{"href":"https:\/\/topcar.vn\/index.php?rest_route=\/wp\/v2\/product\/4456","targetHints":{"allow":["GET"]}}],"collection":[{"href":"https:\/\/topcar.vn\/index.php?rest_route=\/wp\/v2\/product"}],"about":[{"href":"https:\/\/topcar.vn\/index.php?rest_route=\/wp\/v2\/types\/product"}],"replies":[{"embeddable":true,"href":"https:\/\/topcar.vn\/index.php?rest_route=%2Fwp%2Fv2%2Fcomments&post=4456"}],"version-history":[{"count":3,"href":"https:\/\/topcar.vn\/index.php?rest_route=\/wp\/v2\/product\/4456\/revisions"}],"predecessor-version":[{"id":4468,"href":"https:\/\/topcar.vn\/index.php?rest_route=\/wp\/v2\/product\/4456\/revisions\/4468"}],"wp:featuredmedia":[{"embeddable":true,"href":"https:\/\/topcar.vn\/index.php?rest_route=\/wp\/v2\/media\/3697"}],"wp:attachment":[{"href":"https:\/\/topcar.vn\/index.php?rest_route=%2Fwp%2Fv2%2Fmedia&parent=4456"}],"wp:term":[{"taxonomy":"product_brand","embeddable":true,"href":"https:\/\/topcar.vn\/index.php?rest_route=%2Fwp%2Fv2%2Fproduct_brand&post=4456"},{"taxonomy":"product_cat","embeddable":true,"href":"https:\/\/topcar.vn\/index.php?rest_route=%2Fwp%2Fv2%2Fproduct_cat&post=4456"},{"taxonomy":"product_tag","embeddable":true,"href":"https:\/\/topcar.vn\/index.php?rest_route=%2Fwp%2Fv2%2Fproduct_tag&post=4456"}],"curies":[{"name":"wp","href":"https:\/\/api.w.org\/{rel}","templated":true}]}}