{"id":4140,"date":"2025-09-12T11:38:23","date_gmt":"2025-09-12T04:38:23","guid":{"rendered":"http:\/\/khaitest.rf.gd\/?post_type=product&#038;p=4140"},"modified":"2025-12-08T10:32:18","modified_gmt":"2025-12-08T03:32:18","slug":"tham-lot-san-toyota-yaris-cross-xang-2023-2025","status":"publish","type":"product","link":"https:\/\/topcar.vn\/?product=tham-lot-san-toyota-yaris-cross-xang-2023-2025","title":{"rendered":"Th\u1ea3m l\u00f3t s\u00e0n Toyota Yaris Cross x\u0103ng 2023\u20132025"},"content":{"rendered":"<p data-start=\"228\" data-end=\"578\"><em><strong>Th\u1ea3m l\u00f3t s\u00e0n Toyota Yaris Cross x\u0103ng 2023\u20132025 TPE 5D tr\u00e0n vi\u1ec1n l\u00e0 l\u1ef1a ch\u1ecdn ph\u1ee5 ki\u1ec7n ho\u00e0n h\u1ea3o, gi\u00fap b\u1ea3o v\u1ec7 s\u00e0n xe to\u00e0n di\u1ec7n v\u00e0 n\u00e2ng t\u1ea7m tr\u1ea3i nghi\u1ec7m l\u00e1i. Toyota Yaris Cross x\u0103ng 2023\u20132025 l\u00e0 m\u1eabu SUV \u0111\u00f4 th\u1ecb m\u1edbi n\u1ed5i b\u1eadt v\u1edbi thi\u1ebft k\u1ebf tr\u1ebb trung, ti\u1ebft ki\u1ec7m nhi\u00ean li\u1ec7u v\u00e0 c\u00f4ng ngh\u1ec7 hi\u1ec7n \u0111\u1ea1i. \u0110\u1ec3 gi\u1eef cho khoang n\u1ed9i th\u1ea5t lu\u00f4n s\u1ea1ch s\u1ebd, g\u1ecdn g\u00e0ng v\u00e0 sang tr\u1ecdng trong su\u1ed1t qu\u00e1 tr\u00ecnh s\u1eed d\u1ee5ng.\u00a0<\/strong><\/em><\/p>\n<h2 data-start=\"580\" data-end=\"607\"><strong>Gi\u1edbi thi\u1ec7u s\u1ea3n ph\u1ea9m th\u1ea3m l\u00f3t s\u00e0n Toyota Yaris Cross x\u0103ng 2023\u20132025<\/strong><\/h2>\n<p data-start=\"608\" data-end=\"876\">Th\u1ea3m l\u00f3t s\u00e0n d\u00e0nh ri\u00eang cho Toyota Yaris Cross x\u0103ng 2023\u20132025 \u0111\u01b0\u1ee3c thi\u1ebft k\u1ebf chu\u1ea9n form 100% theo t\u1eebng chi ti\u1ebft s\u00e0n xe, \u00f4m s\u00e1t t\u1eebng g\u00f3c c\u1ea1nh, kh\u00f4ng cong v\u00eanh, kh\u00f4ng x\u00f4 l\u1ec7ch. V\u1edbi c\u00f4ng ngh\u1ec7 \u0111o c\u1eaft laser ch\u00ednh x\u00e1c, th\u1ea3m mang l\u1ea1i c\u1ea3m gi\u00e1c v\u1eeba kh\u00edt v\u00e0 th\u1ea9m m\u1ef9 cao.<\/p>\n<p data-start=\"878\" data-end=\"1165\">S\u1eed d\u1ee5ng ch\u1ea5t li\u1ec7u nh\u1ef1a TPE nguy\u00ean sinh cao c\u1ea5p, th\u1ea3m c\u00f3 \u0111\u1ed9 d\u1ebbo dai, b\u1ec1n b\u1ec9, kh\u00f4ng \u0111\u1ed9c h\u1ea1i, an to\u00e0n cho s\u1ee9c kh\u1ecfe c\u1ea3 gia \u0111\u00ecnh. Thi\u1ebft k\u1ebf 5D tr\u00e0n vi\u1ec1n gi\u00fap ch\u1ed1ng n\u01b0\u1edbc, ch\u1ed1ng b\u00e1m b\u1ee5i v\u00e0 ng\u0103n m\u1ecdi ch\u1ea5t b\u1ea9n tr\u00e0n xu\u1ed1ng s\u00e0n n\u1ec9 nguy\u00ean b\u1ea3n, t\u1eeb \u0111\u00f3 gi\u1eef cho n\u1ed9i th\u1ea5t xe lu\u00f4n s\u1ea1ch \u0111\u1eb9p nh\u01b0 m\u1edbi.<\/p>\n<figure id=\"attachment_4144\" aria-describedby=\"caption-attachment-4144\" style=\"width: 1024px\" class=\"wp-caption aligncenter\"><img fetchpriority=\"high\" decoding=\"async\" class=\"size-large wp-image-4144\" src=\"http:\/\/khaitest.rf.gd\/wp-content\/uploads\/2025\/09\/Bo-tham-lot-san-Toyota-Yaris-Cross-xang-2023\u20132025-1024x1024.png\" alt=\"Th\u1ea3m l\u00f3t s\u00e0n Toyota Yaris Cross 2023\u20132025 TPE 5D form chu\u1ea9n\" width=\"1024\" height=\"1024\" srcset=\"https:\/\/topcar.vn\/wp-content\/uploads\/2025\/09\/Bo-tham-lot-san-Toyota-Yaris-Cross-xang-2023\u20132025-1024x1024.png 1024w, https:\/\/topcar.vn\/wp-content\/uploads\/2025\/09\/Bo-tham-lot-san-Toyota-Yaris-Cross-xang-2023\u20132025-300x300.png 300w, https:\/\/topcar.vn\/wp-content\/uploads\/2025\/09\/Bo-tham-lot-san-Toyota-Yaris-Cross-xang-2023\u20132025-150x150.png 150w, https:\/\/topcar.vn\/wp-content\/uploads\/2025\/09\/Bo-tham-lot-san-Toyota-Yaris-Cross-xang-2023\u20132025-768x767.png 768w, https:\/\/topcar.vn\/wp-content\/uploads\/2025\/09\/Bo-tham-lot-san-Toyota-Yaris-Cross-xang-2023\u20132025-600x599.png 600w, https:\/\/topcar.vn\/wp-content\/uploads\/2025\/09\/Bo-tham-lot-san-Toyota-Yaris-Cross-xang-2023\u20132025-100x100.png 100w, https:\/\/topcar.vn\/wp-content\/uploads\/2025\/09\/Bo-tham-lot-san-Toyota-Yaris-Cross-xang-2023\u20132025.png 1081w\" sizes=\"(max-width: 1024px) 100vw, 1024px\" \/><figcaption id=\"caption-attachment-4144\" class=\"wp-caption-text\">Th\u1ea3m l\u00f3t s\u00e0n Toyota Yaris Cross x\u0103ng 2023\u20132025 TPE 5D form chu\u1ea9n tr\u00e0n vi\u1ec1n, ch\u1ed1ng n\u01b0\u1edbc, ch\u1ed1ng b\u1ee5i b\u1ea9n, d\u1ec5 v\u1ec7 sinh, sang tr\u1ecdng v\u00e0 b\u1ec1n b\u1ec9.<\/figcaption><\/figure>\n<p data-start=\"1167\" data-end=\"1193\"><strong>Th\u00f4ng tin s\u1ea3n ph\u1ea9m th\u1ea3m l\u00f3t s\u00e0n Toyota Yaris Cross x\u0103ng 2023\u20132025<\/strong><\/p>\n<ul>\n<li data-start=\"1196\" data-end=\"1252\">D\u00f2ng xe ph\u00f9 h\u1ee3p: Toyota Yaris Cross x\u0103ng 2023\u20132025<\/li>\n<li data-start=\"1255\" data-end=\"1316\">Ch\u1ea5t li\u1ec7u: Nh\u1ef1a TPE cao c\u1ea5p, \u0111\u00e0n h\u1ed3i, kh\u00f4ng m\u00f9i \u0111\u1ed9c h\u1ea1i<\/li>\n<li data-start=\"1319\" data-end=\"1378\">C\u00f4ng ngh\u1ec7: Th\u1ea3m 5D tr\u00e0n vi\u1ec1n, \u0111o c\u1eaft laser chu\u1ea9n form<\/li>\n<li data-start=\"1381\" data-end=\"1427\">M\u00e0u s\u1eafc: \u0110en<\/li>\n<li data-start=\"1430\" data-end=\"1498\">T\u00ednh n\u0103ng: Ch\u1ed1ng n\u01b0\u1edbc, ch\u1ed1ng b\u1ee5i, ch\u1ed1ng tr\u01a1n tr\u01b0\u1ee3t, d\u1ec5 v\u1ec7 sinh<\/li>\n<\/ul>\n<p data-start=\"1500\" data-end=\"1537\"><strong>\u01afu \u0111i\u1ec3m &amp; t\u00ednh n\u0103ng v\u01b0\u1ee3t tr\u1ed9i<\/strong><\/p>\n<ul>\n<li data-start=\"1540\" data-end=\"1594\">Form chu\u1ea9n 100% theo xe, \u00f4m s\u00e1t s\u00e0n, kh\u00f4ng cong v\u00eanh<\/li>\n<li data-start=\"1597\" data-end=\"1645\">B\u1ec1 m\u1eb7t ch\u1ed1ng tr\u01a1n tr\u01b0\u1ee3t, an to\u00e0n khi di chuy\u1ec3n<\/li>\n<li data-start=\"1648\" data-end=\"1701\">Ch\u1ed1ng th\u1ea5m n\u01b0\u1edbc tuy\u1ec7t \u0111\u1ed1i, b\u1ea3o v\u1ec7 s\u00e0n n\u1ec9 nguy\u00ean b\u1ea3n<\/li>\n<li data-start=\"1704\" data-end=\"1743\">D\u1ec5 d\u00e0ng th\u00e1o l\u1eafp, v\u1ec7 sinh nhanh ch\u00f3ng<\/li>\n<li data-start=\"1746\" data-end=\"1803\">N\u00e2ng cao t\u00ednh th\u1ea9m m\u1ef9, gi\u1eef xe lu\u00f4n g\u1ecdn g\u00e0ng, sang tr\u1ecdng<\/li>\n<\/ul>\n<figure id=\"attachment_4145\" aria-describedby=\"caption-attachment-4145\" style=\"width: 1024px\" class=\"wp-caption aligncenter\"><img decoding=\"async\" class=\"size-large wp-image-4145\" src=\"http:\/\/khaitest.rf.gd\/wp-content\/uploads\/2025\/09\/Tham-lot-san-Toyota-Yaris-Cross-xang-2023\u20132025-1024x1024.png\" alt=\"Th\u1ea3m s\u00e0n Toyota Yaris Cross 2023\u20132025 b\u1ec1n \u0111\u1eb9p sang tr\u1ecdng\" width=\"1024\" height=\"1024\" srcset=\"https:\/\/topcar.vn\/wp-content\/uploads\/2025\/09\/Tham-lot-san-Toyota-Yaris-Cross-xang-2023\u20132025-1024x1024.png 1024w, https:\/\/topcar.vn\/wp-content\/uploads\/2025\/09\/Tham-lot-san-Toyota-Yaris-Cross-xang-2023\u20132025-300x300.png 300w, https:\/\/topcar.vn\/wp-content\/uploads\/2025\/09\/Tham-lot-san-Toyota-Yaris-Cross-xang-2023\u20132025-150x150.png 150w, https:\/\/topcar.vn\/wp-content\/uploads\/2025\/09\/Tham-lot-san-Toyota-Yaris-Cross-xang-2023\u20132025-768x767.png 768w, https:\/\/topcar.vn\/wp-content\/uploads\/2025\/09\/Tham-lot-san-Toyota-Yaris-Cross-xang-2023\u20132025-600x599.png 600w, https:\/\/topcar.vn\/wp-content\/uploads\/2025\/09\/Tham-lot-san-Toyota-Yaris-Cross-xang-2023\u20132025-100x100.png 100w, https:\/\/topcar.vn\/wp-content\/uploads\/2025\/09\/Tham-lot-san-Toyota-Yaris-Cross-xang-2023\u20132025.png 1081w\" sizes=\"(max-width: 1024px) 100vw, 1024px\" \/><figcaption id=\"caption-attachment-4145\" class=\"wp-caption-text\">Th\u1ea3m l\u00f3t s\u00e0n Toyota Yaris Cross 2023\u20132025 b\u1ea3o v\u1ec7 s\u00e0n xe to\u00e0n di\u1ec7n, s\u1ea1ch bong nh\u01b0 m\u1edbi!<\/figcaption><\/figure>\n<p data-start=\"1805\" data-end=\"1832\"><strong>L\u1ee3i \u00edch khi s\u1eed d\u1ee5ng th\u1ea3m l\u00f3t s\u00e0n Toyota Yaris Cross x\u0103ng 2023\u20132025<\/strong><\/p>\n<ul>\n<li data-start=\"1835\" data-end=\"1888\">Gi\u00fap xe lu\u00f4n s\u1ea1ch s\u1ebd, kh\u00f4ng lo b\u00f9n \u0111\u1ea5t hay n\u01b0\u1edbc m\u01b0a<\/li>\n<li data-start=\"1891\" data-end=\"1940\">Gi\u1eef gi\u00e1 tr\u1ecb xe khi b\u00e1n l\u1ea1i nh\u1edd n\u1ed9i th\u1ea5t b\u1ec1n \u0111\u1eb9p<\/li>\n<li data-start=\"1943\" data-end=\"1985\">Ti\u1ebft ki\u1ec7m th\u1eddi gian v\u1ec7 sinh, ch\u0103m s\u00f3c xe<\/li>\n<li data-start=\"1988\" data-end=\"2046\">T\u1ea1o kh\u00f4ng gian tho\u1ea3i m\u00e1i, sang tr\u1ecdng trong m\u1ed7i chuy\u1ebfn \u0111i<\/li>\n<\/ul>\n<h2 data-start=\"2048\" data-end=\"2096\"><strong>T\u1ea1i sao n\u00ean mua th\u1ea3m l\u00f3t s\u00e0n Toyota Yaris Cross x\u0103ng 2023\u20132025 t\u1ea1i Topcar?<\/strong><\/h2>\n<ul>\n<li data-start=\"2099\" data-end=\"2143\">Chu\u1ea9n form t\u1eebng \u0111\u1eddi xe, t\u1eebng phi\u00ean b\u1ea3n<\/li>\n<li data-start=\"2146\" data-end=\"2197\">Ch\u1ea5t li\u1ec7u TPE cao c\u1ea5p, an to\u00e0n, kh\u00f4ng \u0111\u1ed9c h\u1ea1i<\/li>\n<li data-start=\"2200\" data-end=\"2258\">B\u1ea3o h\u00e0nh ch\u00ednh h\u00e3ng, h\u1ed7 tr\u1ee3 \u0111\u1ed5i tr\u1ea3 n\u1ebfu l\u1ed7i s\u1ea3n xu\u1ea5t<\/li>\n<li data-start=\"2261\" data-end=\"2317\">Gi\u00e1 c\u1ea1nh tranh, d\u1ecbch v\u1ee5 t\u01b0 v\u1ea5n v\u00e0 ch\u0103m s\u00f3c t\u1eadn t\u00e2m<\/li>\n<li data-start=\"2320\" data-end=\"2365\">Giao h\u00e0ng to\u00e0n qu\u1ed1c, nhanh ch\u00f3ng \u2013 ti\u1ec7n l\u1ee3i<\/li>\n<\/ul>\n<figure id=\"attachment_4146\" aria-describedby=\"caption-attachment-4146\" style=\"width: 1024px\" class=\"wp-caption aligncenter\"><img decoding=\"async\" class=\"size-large wp-image-4146\" src=\"http:\/\/khaitest.rf.gd\/wp-content\/uploads\/2025\/09\/Tham-lot-san-Toyota-Yaris-Cross-xang-1024x1024.png\" alt=\"Th\u1ea3m l\u00f3t s\u00e0n Toyota Yaris Cross 2023\u20132025 l\u00e0m t\u1eeb nh\u1ef1a TPE nguy\u00ean sinh cao c\u1ea5p\" width=\"1024\" height=\"1024\" srcset=\"https:\/\/topcar.vn\/wp-content\/uploads\/2025\/09\/Tham-lot-san-Toyota-Yaris-Cross-xang-1024x1024.png 1024w, https:\/\/topcar.vn\/wp-content\/uploads\/2025\/09\/Tham-lot-san-Toyota-Yaris-Cross-xang-300x300.png 300w, https:\/\/topcar.vn\/wp-content\/uploads\/2025\/09\/Tham-lot-san-Toyota-Yaris-Cross-xang-150x150.png 150w, https:\/\/topcar.vn\/wp-content\/uploads\/2025\/09\/Tham-lot-san-Toyota-Yaris-Cross-xang-768x767.png 768w, https:\/\/topcar.vn\/wp-content\/uploads\/2025\/09\/Tham-lot-san-Toyota-Yaris-Cross-xang-600x599.png 600w, https:\/\/topcar.vn\/wp-content\/uploads\/2025\/09\/Tham-lot-san-Toyota-Yaris-Cross-xang-100x100.png 100w, https:\/\/topcar.vn\/wp-content\/uploads\/2025\/09\/Tham-lot-san-Toyota-Yaris-Cross-xang.png 1081w\" sizes=\"(max-width: 1024px) 100vw, 1024px\" \/><figcaption id=\"caption-attachment-4146\" class=\"wp-caption-text\">Th\u1ea3m l\u00f3t s\u00e0n Toyota Yaris Cross 2023\u20132025 \u0111\u01b0\u1ee3c s\u1ea3n xu\u1ea5t v\u1edbi c\u00f4ng ngh\u1ec7 \u0111o c\u1eaft laser ch\u00ednh x\u00e1c tuy\u1ec7t \u0111\u1ed1i<\/figcaption><\/figure>\n<p><strong>Li\u00ean h\u1ec7 ngay \u0111\u1ec3 \u0111\u01b0\u1ee3c t\u01b0 v\u1ea5n &amp; \u0111\u1eb7t h\u00e0ng:<\/strong><\/p>\n<ul>\n<li>\ud83d\udcdeHotline \/ Zalo: 0889.385.222<\/li>\n<li>\ud83c\udfe0 \u0110\u1ecba ch\u1ec9: S\u1ed1 9 BT2, Khu \u0111\u00f4 th\u1ecb Foresa Xu\u00e2n Ph\u01b0\u01a1ng, Nam T\u1eeb Li\u00eam, H\u00e0 N\u1ed9i<\/li>\n<li>\ud83c\udf10 Website: https:\/\/Topcar.vn<\/li>\n<\/ul>\n","protected":false},"excerpt":{"rendered":"<ul>\n<li>Mi\u1ec5n ph\u00ed giao h\u00e0ng to\u00e0n qu\u1ed1c<\/li>\n<li>Nh\u1eadn h\u00e0ng &gt; L\u1eafp \u0111\u1eb7t &gt; Thanh to\u00e1n<\/li>\n<li>B\u1ea3o h\u00e0nh 5 n\u0103m<\/li>\n<\/ul>\n","protected":false},"featured_media":4143,"comment_status":"closed","ping_status":"closed","template":"","meta":{"site-sidebar-layout":"no-sidebar","site-content-layout":"content-boxed-container","ast-site-content-layout":"normal-width-container","site-content-style":"boxed","site-sidebar-style":"unboxed","ast-global-header-display":"","ast-banner-title-visibility":"","ast-main-header-display":"","ast-hfb-above-header-display":"","ast-hfb-below-header-display":"","ast-hfb-mobile-header-display":"","site-post-title":"","ast-breadcrumbs-content":"","ast-featured-img":"","footer-sml-layout":"","ast-disable-related-posts":"","theme-transparent-header-meta":"default","adv-header-id-meta":"","stick-header-meta":"","header-above-stick-meta":"","header-main-stick-meta":"","header-below-stick-meta":"","astra-migrate-meta-layouts":"set","ast-page-background-enabled":"default","ast-page-background-meta":{"desktop":{"background-color":"var(--ast-global-color-4)","background-image":"","background-repeat":"repeat","background-position":"center center","background-size":"auto","background-attachment":"scroll","background-type":"","background-media":"","overlay-type":"","overlay-color":"","overlay-opacity":"","overlay-gradient":""},"tablet":{"background-color":"","background-image":"","background-repeat":"repeat","background-position":"center center","background-size":"auto","background-attachment":"scroll","background-type":"","background-media":"","overlay-type":"","overlay-color":"","overlay-opacity":"","overlay-gradient":""},"mobile":{"background-color":"","background-image":"","background-repeat":"repeat","background-position":"center center","background-size":"auto","background-attachment":"scroll","background-type":"","background-media":"","overlay-type":"","overlay-color":"","overlay-opacity":"","overlay-gradient":""}},"ast-content-background-meta":{"desktop":{"background-color":"var(--ast-global-color-5)","background-image":"","background-repeat":"repeat","background-position":"center center","background-size":"auto","background-attachment":"scroll","background-type":"","background-media":"","overlay-type":"","overlay-color":"","overlay-opacity":"","overlay-gradient":""},"tablet":{"background-color":"var(--ast-global-color-5)","background-image":"","background-repeat":"repeat","background-position":"center center","background-size":"auto","background-attachment":"scroll","background-type":"","background-media":"","overlay-type":"","overlay-color":"","overlay-opacity":"","overlay-gradient":""},"mobile":{"background-color":"var(--ast-global-color-5)","background-image":"","background-repeat":"repeat","background-position":"center center","background-size":"auto","background-attachment":"scroll","background-type":"","background-media":"","overlay-type":"","overlay-color":"","overlay-opacity":"","overlay-gradient":""}}},"product_brand":[],"product_cat":[43,45],"product_tag":[],"class_list":{"0":"post-4140","1":"product","2":"type-product","3":"status-publish","4":"has-post-thumbnail","6":"product_cat-tham-lot-san-o-to","7":"product_cat-tham-lot-san-o-to-toyota","8":"desktop-align-left","9":"tablet-align-left","10":"mobile-align-left","12":"first","13":"instock","14":"shipping-taxable","15":"purchasable","16":"product-type-variable"},"_links":{"self":[{"href":"https:\/\/topcar.vn\/index.php?rest_route=\/wp\/v2\/product\/4140","targetHints":{"allow":["GET"]}}],"collection":[{"href":"https:\/\/topcar.vn\/index.php?rest_route=\/wp\/v2\/product"}],"about":[{"href":"https:\/\/topcar.vn\/index.php?rest_route=\/wp\/v2\/types\/product"}],"replies":[{"embeddable":true,"href":"https:\/\/topcar.vn\/index.php?rest_route=%2Fwp%2Fv2%2Fcomments&post=4140"}],"version-history":[{"count":3,"href":"https:\/\/topcar.vn\/index.php?rest_route=\/wp\/v2\/product\/4140\/revisions"}],"predecessor-version":[{"id":4149,"href":"https:\/\/topcar.vn\/index.php?rest_route=\/wp\/v2\/product\/4140\/revisions\/4149"}],"wp:featuredmedia":[{"embeddable":true,"href":"https:\/\/topcar.vn\/index.php?rest_route=\/wp\/v2\/media\/4143"}],"wp:attachment":[{"href":"https:\/\/topcar.vn\/index.php?rest_route=%2Fwp%2Fv2%2Fmedia&parent=4140"}],"wp:term":[{"taxonomy":"product_brand","embeddable":true,"href":"https:\/\/topcar.vn\/index.php?rest_route=%2Fwp%2Fv2%2Fproduct_brand&post=4140"},{"taxonomy":"product_cat","embeddable":true,"href":"https:\/\/topcar.vn\/index.php?rest_route=%2Fwp%2Fv2%2Fproduct_cat&post=4140"},{"taxonomy":"product_tag","embeddable":true,"href":"https:\/\/topcar.vn\/index.php?rest_route=%2Fwp%2Fv2%2Fproduct_tag&post=4140"}],"curies":[{"name":"wp","href":"https:\/\/api.w.org\/{rel}","templated":true}]}}