{"id":4132,"date":"2025-09-12T11:26:58","date_gmt":"2025-09-12T04:26:58","guid":{"rendered":"http:\/\/khaitest.rf.gd\/?post_type=product&#038;p=4132"},"modified":"2025-12-05T11:10:36","modified_gmt":"2025-12-05T04:10:36","slug":"tham-lot-san-toyota-corolla-cross-2022-2025","status":"publish","type":"product","link":"https:\/\/topcar.vn\/product\/tham-lot-san-toyota-corolla-cross-2022-2025\/","title":{"rendered":"Th\u1ea3m l\u00f3t s\u00e0n Toyota Corolla Cross 2022\u20132025"},"content":{"rendered":"<p data-start=\"586\" data-end=\"1024\"><em><strong>Th\u1ea3m l\u00f3t s\u00e0n Toyota Corolla Cross 2022\u20132025 ch\u1ea5t li\u1ec7u TPE c\u00f4ng ngh\u1ec7 5D tr\u00e0n vi\u1ec1n ra \u0111\u1eddi nh\u01b0 m\u1ed9t ph\u1ee5 ki\u1ec7n kh\u00f4ng th\u1ec3 thi\u1ebfu. Kh\u00f4ng ch\u1ec9 gi\u00fap b\u1ea3o v\u1ec7 s\u00e0n xe kh\u1ecfi b\u1ee5i b\u1ea9n, n\u01b0\u1edbc m\u01b0a v\u00e0 m\u1ea3nh v\u1ee5n th\u1ee9c \u0103n, th\u1ea3m c\u00f2n mang \u0111\u1ebfn di\u1ec7n m\u1ea1o sang tr\u1ecdng, g\u1ecdn g\u00e0ng v\u00e0 hi\u1ec7n \u0111\u1ea1i h\u01a1n cho kh\u00f4ng gian n\u1ed9i th\u1ea5t. \u0110\u00e2y ch\u00ednh l\u00e0 \u201cng\u01b0\u1eddi b\u1ea1n \u0111\u1ed3ng h\u00e0nh th\u1ea7m l\u1eb7ng\u201d gi\u00fap chi\u1ebfc Corolla Cross c\u1ee7a b\u1ea1n lu\u00f4n m\u1edbi m\u1ebb, s\u1ea1ch s\u1ebd v\u00e0 gi\u1eef tr\u1ecdn gi\u00e1 tr\u1ecb theo th\u1eddi gian.<\/strong><\/em><\/p>\n<p data-start=\"586\" data-end=\"1024\"><em><strong>Toyota Corolla Cross 2022\u20132025 \u0111\u01b0\u1ee3c xem l\u00e0 m\u1eabu SUV \u0111\u00f4 th\u1ecb \u0103n kh\u00e1ch nh\u1ea5t hi\u1ec7n nay, chinh ph\u1ee5c kh\u00e1ch h\u00e0ng nh\u1edd thi\u1ebft k\u1ebf hi\u1ec7n \u0111\u1ea1i, kh\u00f4ng gian r\u1ed9ng r\u00e3i v\u00e0 kh\u1ea3 n\u0103ng v\u1eadn h\u00e0nh m\u01b0\u1ee3t m\u00e0 trong m\u1ecdi \u0111i\u1ec1u ki\u1ec7n \u0111\u01b0\u1eddng s\u00e1. V\u1edbi m\u1ed9t chi\u1ebfc xe lu\u00f4n \u0111\u1ed3ng h\u00e0nh tr\u00ean nh\u1eefng ch\u1eb7ng \u0111\u01b0\u1eddng \u0111i l\u00e0m, d\u1ea1o ph\u1ed1 hay du l\u1ecbch \u0111\u01b0\u1eddng d\u00e0i, vi\u1ec7c b\u1ea3o v\u1ec7 n\u1ed9i th\u1ea5t \u2013 \u0111\u1eb7c bi\u1ec7t l\u00e0 khu v\u1ef1c s\u00e0n xe \u2013 \u0111\u00f3ng vai tr\u00f2 v\u00f4 c\u00f9ng quan tr\u1ecdng.<\/strong><\/em><\/p>\n<h2 data-start=\"1031\" data-end=\"1058\">Gi\u1edbi thi\u1ec7u s\u1ea3n ph\u1ea9m th\u1ea3m l\u00f3t s\u00e0n Toyota Corolla Cross 2022\u20132025<\/h2>\n<p data-start=\"576\" data-end=\"872\">Th\u1ea3m l\u00f3t s\u00e0n Toyota Corolla Cross 2022\u20132025 \u0111\u01b0\u1ee3c thi\u1ebft k\u1ebf chu\u1ea9n form 100% theo t\u1eebng chi ti\u1ebft c\u1ee7a xe, \u0111\u1ea3m b\u1ea3o \u00f4m s\u00e1t s\u00e0n, kh\u00f4ng x\u00f4 l\u1ec7ch hay cong v\u00eanh. V\u1edbi c\u00f4ng ngh\u1ec7 \u0111o c\u1eaft laser hi\u1ec7n \u0111\u1ea1i, t\u1eebng \u0111\u01b0\u1eddng n\u00e9t \u0111\u1ec1u kh\u1edbp ho\u00e0n h\u1ea3o v\u1edbi c\u1ea5u tr\u00fac n\u1ed9i th\u1ea5t, t\u1ea1o c\u1ea3m gi\u00e1c sang tr\u1ecdng v\u00e0 ti\u1ec7n nghi v\u01b0\u1ee3t tr\u1ed9i.<\/p>\n<p data-start=\"874\" data-end=\"1128\">S\u1ea3n ph\u1ea9m s\u1eed d\u1ee5ng ch\u1ea5t li\u1ec7u nh\u1ef1a TPE nguy\u00ean sinh cao c\u1ea5p \u2013 an to\u00e0n cho s\u1ee9c kh\u1ecfe, th\u00e2n thi\u1ec7n m\u00f4i tr\u01b0\u1eddng, kh\u00f4ng g\u00e2y m\u00f9i kh\u00f3 ch\u1ecbu. Thi\u1ebft k\u1ebf 5D tr\u00e0n vi\u1ec1n gi\u00fap ch\u1ed1ng n\u01b0\u1edbc, ch\u1ed1ng b\u1ee5i b\u1ea9n t\u1ed1i \u0111a, \u0111\u1ed3ng th\u1eddi d\u1ec5 d\u00e0ng v\u1ec7 sinh ch\u1ec9 v\u1edbi m\u1ed9t thao t\u00e1c \u0111\u01a1n gi\u1ea3n.<\/p>\n<figure id=\"attachment_4136\" aria-describedby=\"caption-attachment-4136\" style=\"width: 1024px\" class=\"wp-caption aligncenter\"><img fetchpriority=\"high\" decoding=\"async\" class=\"size-large wp-image-4136\" src=\"http:\/\/khaitest.rf.gd\/wp-content\/uploads\/2025\/09\/Bo-tham-lot-san-Toyota-Corolla-Cross-2022-2025-1024x1024.png\" alt=\"Th\u1ea3m l\u00f3t s\u00e0n Toyota Corolla Cross 2022\u20132025 TPE 5D form chu\u1ea9n\" width=\"1024\" height=\"1024\" srcset=\"https:\/\/topcar.vn\/wp-content\/uploads\/2025\/09\/Bo-tham-lot-san-Toyota-Corolla-Cross-2022-2025-1024x1024.png 1024w, https:\/\/topcar.vn\/wp-content\/uploads\/2025\/09\/Bo-tham-lot-san-Toyota-Corolla-Cross-2022-2025-300x300.png 300w, https:\/\/topcar.vn\/wp-content\/uploads\/2025\/09\/Bo-tham-lot-san-Toyota-Corolla-Cross-2022-2025-150x150.png 150w, https:\/\/topcar.vn\/wp-content\/uploads\/2025\/09\/Bo-tham-lot-san-Toyota-Corolla-Cross-2022-2025-768x767.png 768w, https:\/\/topcar.vn\/wp-content\/uploads\/2025\/09\/Bo-tham-lot-san-Toyota-Corolla-Cross-2022-2025-600x599.png 600w, https:\/\/topcar.vn\/wp-content\/uploads\/2025\/09\/Bo-tham-lot-san-Toyota-Corolla-Cross-2022-2025-100x100.png 100w, https:\/\/topcar.vn\/wp-content\/uploads\/2025\/09\/Bo-tham-lot-san-Toyota-Corolla-Cross-2022-2025.png 1081w\" sizes=\"(max-width: 1024px) 100vw, 1024px\" \/><figcaption id=\"caption-attachment-4136\" class=\"wp-caption-text\">Th\u1ea3m l\u00f3t s\u00e0n Toyota Corolla Cross 2022\u20132025 TPE 5D form chu\u1ea9n tr\u00e0n vi\u1ec1n, ch\u1ed1ng n\u01b0\u1edbc, ch\u1ed1ng b\u1ee5i b\u1ea9n, d\u1ec5 v\u1ec7 sinh, n\u00e2ng t\u1ea7m n\u1ed9i th\u1ea5t sang tr\u1ecdng.<\/figcaption><\/figure>\n<p data-start=\"1130\" data-end=\"1156\"><strong>Th\u00f4ng tin s\u1ea3n ph\u1ea9m th\u1ea3m l\u00f3t s\u00e0n Toyota Corolla Cross 2022\u20132025<\/strong><\/p>\n<ul>\n<li data-start=\"1159\" data-end=\"1212\">D\u00f2ng xe ph\u00f9 h\u1ee3p: Toyota Corolla Cross 2022\u20132025<\/li>\n<li data-start=\"1215\" data-end=\"1265\">Ch\u1ea5t li\u1ec7u: Nh\u1ef1a TPE cao c\u1ea5p, b\u1ec1n b\u1ec9, d\u1ebbo dai<\/li>\n<li data-start=\"1268\" data-end=\"1327\">C\u00f4ng ngh\u1ec7: Th\u1ea3m 5D tr\u00e0n vi\u1ec1n, \u0111o c\u1eaft laser form chu\u1ea9n<\/li>\n<li data-start=\"1330\" data-end=\"1392\">M\u00e0u s\u1eafc: \u0110en<\/li>\n<li data-start=\"1395\" data-end=\"1471\">T\u00ednh n\u0103ng: Ch\u1ed1ng n\u01b0\u1edbc, ch\u1ed1ng tr\u01a1n tr\u01b0\u1ee3t, d\u1ec5 v\u1ec7 sinh, t\u0103ng t\u00ednh th\u1ea9m m\u1ef9<\/li>\n<\/ul>\n<p data-start=\"1473\" data-end=\"1510\"><strong>\u01afu \u0111i\u1ec3m &amp; t\u00ednh n\u0103ng v\u01b0\u1ee3t tr\u1ed9i<\/strong><\/p>\n<ul>\n<li data-start=\"1513\" data-end=\"1564\">Form chu\u1ea9n tuy\u1ec7t \u0111\u1ed1i, \u00f4m s\u00e1t t\u1eebng g\u00f3c c\u1ea1nh s\u00e0n xe<\/li>\n<li data-start=\"1567\" data-end=\"1612\">Kh\u00f4ng cong v\u00eanh, kh\u00f4ng bai gi\u00e3n, \u0111\u1ed9 b\u1ec1n cao<\/li>\n<li data-start=\"1615\" data-end=\"1663\">B\u1ec1 m\u1eb7t ch\u1ed1ng tr\u01a1n tr\u01b0\u1ee3t, an to\u00e0n khi di chuy\u1ec3n<\/li>\n<li data-start=\"1666\" data-end=\"1710\">D\u1ec5 d\u00e0ng v\u1ec7 sinh \u2013 ch\u1ec9 c\u1ea7n x\u1ecbt r\u1eeda, lau kh\u00f4<\/li>\n<li data-start=\"1713\" data-end=\"1761\">Gi\u1eef s\u00e0n xe lu\u00f4n s\u1ea1ch \u0111\u1eb9p, ch\u1ed1ng m\u00f9i h\u00f4i \u1ea9m m\u1ed1c<\/li>\n<\/ul>\n<figure id=\"attachment_4137\" aria-describedby=\"caption-attachment-4137\" style=\"width: 1024px\" class=\"wp-caption aligncenter\"><img decoding=\"async\" class=\"size-large wp-image-4137\" src=\"http:\/\/khaitest.rf.gd\/wp-content\/uploads\/2025\/09\/Tham-lot-san-Toyota-Corolla-Cross-2022-2025-1024x1024.png\" alt=\"Th\u1ea3m l\u00f3t s\u00e0n TPE Corolla Cross gi\u00fap xe lu\u00f4n s\u1ea1ch nh\u01b0 m\u1edbi, b\u1ea3o v\u1ec7 s\u00e0n nguy\u00ean b\u1ea3n t\u1ed1i \u0111a.\" width=\"1024\" height=\"1024\" srcset=\"https:\/\/topcar.vn\/wp-content\/uploads\/2025\/09\/Tham-lot-san-Toyota-Corolla-Cross-2022-2025-1024x1024.png 1024w, https:\/\/topcar.vn\/wp-content\/uploads\/2025\/09\/Tham-lot-san-Toyota-Corolla-Cross-2022-2025-300x300.png 300w, https:\/\/topcar.vn\/wp-content\/uploads\/2025\/09\/Tham-lot-san-Toyota-Corolla-Cross-2022-2025-150x150.png 150w, https:\/\/topcar.vn\/wp-content\/uploads\/2025\/09\/Tham-lot-san-Toyota-Corolla-Cross-2022-2025-768x767.png 768w, https:\/\/topcar.vn\/wp-content\/uploads\/2025\/09\/Tham-lot-san-Toyota-Corolla-Cross-2022-2025-600x599.png 600w, https:\/\/topcar.vn\/wp-content\/uploads\/2025\/09\/Tham-lot-san-Toyota-Corolla-Cross-2022-2025-100x100.png 100w, https:\/\/topcar.vn\/wp-content\/uploads\/2025\/09\/Tham-lot-san-Toyota-Corolla-Cross-2022-2025.png 1081w\" sizes=\"(max-width: 1024px) 100vw, 1024px\" \/><figcaption id=\"caption-attachment-4137\" class=\"wp-caption-text\">N\u00e2ng t\u1ea7m n\u1ed9i th\u1ea5t Toyota Corolla Cross c\u1ee7a b\u1ea1n v\u1edbi th\u1ea3m l\u00f3t s\u00e0n TPE 5D tr\u00e0n vi\u1ec1n \u2013 sang tr\u1ecdng, b\u1ec1n b\u1ec9 v\u00e0 d\u1ec5 v\u1ec7 sinh!<\/figcaption><\/figure>\n<p data-start=\"1763\" data-end=\"1790\"><strong>L\u1ee3i \u00edch khi s\u1eed d\u1ee5ng th\u1ea3m l\u00f3t s\u00e0n Toyota Corolla Cross 2022\u20132025<\/strong><\/p>\n<ul>\n<li data-start=\"1793\" data-end=\"1848\">Gi\u00fap n\u1ed9i th\u1ea5t Corolla Cross lu\u00f4n sang tr\u1ecdng, g\u1ecdn g\u00e0ng<\/li>\n<li data-start=\"1851\" data-end=\"1894\">Ti\u1ebft ki\u1ec7m th\u1eddi gian v\u1ec7 sinh, b\u1ea3o d\u01b0\u1ee1ng xe<\/li>\n<li data-start=\"1897\" data-end=\"1934\">T\u0103ng tu\u1ed5i th\u1ecd cho s\u00e0n n\u1ec9 nguy\u00ean b\u1ea3n<\/li>\n<li data-start=\"1937\" data-end=\"1991\">Gi\u1eef gi\u00e1 tr\u1ecb xe khi b\u00e1n l\u1ea1i nh\u1edd n\u1ed9i th\u1ea5t lu\u00f4n nh\u01b0 m\u1edbi<\/li>\n<\/ul>\n<h2 data-start=\"1993\" data-end=\"2041\">\u00a0T\u1ea1i sao n\u00ean mua <strong>th\u1ea3m l\u00f3t s\u00e0n Toyota Corolla Cross 2022\u20132025 <\/strong>t\u1ea1i Topcar?<\/h2>\n<ul>\n<li data-start=\"2044\" data-end=\"2101\">Cam k\u1ebft chu\u1ea9n form theo t\u1eebng \u0111\u1eddi xe, t\u1eebng phi\u00ean b\u1ea3n<\/li>\n<li data-start=\"2104\" data-end=\"2160\">Ch\u1ea5t li\u1ec7u TPE 100% cao c\u1ea5p, an to\u00e0n, kh\u00f4ng \u0111\u1ed9c h\u1ea1i<\/li>\n<li data-start=\"2163\" data-end=\"2221\">B\u1ea3o h\u00e0nh ch\u00ednh h\u00e3ng, h\u1ed7 tr\u1ee3 \u0111\u1ed5i tr\u1ea3 n\u1ebfu l\u1ed7i s\u1ea3n xu\u1ea5t<\/li>\n<li data-start=\"2224\" data-end=\"2285\">Gi\u00e1 t\u1ed1t nh\u1ea5t th\u1ecb tr\u01b0\u1eddng \u2013 \u0111i k\u00e8m d\u1ecbch v\u1ee5 t\u01b0 v\u1ea5n t\u1eadn t\u00e2m<\/li>\n<li data-start=\"2288\" data-end=\"2340\">Giao h\u00e0ng to\u00e0n qu\u1ed1c, l\u1eafp \u0111\u1eb7t nhanh ch\u00f3ng, ti\u1ec7n l\u1ee3i<\/li>\n<\/ul>\n<figure id=\"attachment_4138\" aria-describedby=\"caption-attachment-4138\" style=\"width: 1024px\" class=\"wp-caption aligncenter\"><img decoding=\"async\" class=\"size-large wp-image-4138\" src=\"http:\/\/khaitest.rf.gd\/wp-content\/uploads\/2025\/09\/Toyota-Corolla-Cross-2022-2025-1024x1024.png\" alt=\"Th\u1ea3m l\u00f3t s\u00e0n Toyota Corolla Cross 2022\u20132025 sang tr\u1ecdng b\u1ec1n \u0111\u1eb9p\" width=\"1024\" height=\"1024\" srcset=\"https:\/\/topcar.vn\/wp-content\/uploads\/2025\/09\/Toyota-Corolla-Cross-2022-2025-1024x1024.png 1024w, https:\/\/topcar.vn\/wp-content\/uploads\/2025\/09\/Toyota-Corolla-Cross-2022-2025-300x300.png 300w, https:\/\/topcar.vn\/wp-content\/uploads\/2025\/09\/Toyota-Corolla-Cross-2022-2025-150x150.png 150w, https:\/\/topcar.vn\/wp-content\/uploads\/2025\/09\/Toyota-Corolla-Cross-2022-2025-768x767.png 768w, https:\/\/topcar.vn\/wp-content\/uploads\/2025\/09\/Toyota-Corolla-Cross-2022-2025-600x599.png 600w, https:\/\/topcar.vn\/wp-content\/uploads\/2025\/09\/Toyota-Corolla-Cross-2022-2025-100x100.png 100w, https:\/\/topcar.vn\/wp-content\/uploads\/2025\/09\/Toyota-Corolla-Cross-2022-2025.png 1081w\" sizes=\"(max-width: 1024px) 100vw, 1024px\" \/><figcaption id=\"caption-attachment-4138\" class=\"wp-caption-text\">Corolla Cross \u0111\u1eb9p h\u01a1n \u2013 s\u1ea1ch h\u01a1n \u2013 \u0111\u1eb3ng c\u1ea5p h\u01a1n v\u1edbi th\u1ea3m l\u00f3t s\u00e0n TPE 5D form chu\u1ea9n.<\/figcaption><\/figure>\n<p><strong>Li\u00ean h\u1ec7 ngay \u0111\u1ec3 \u0111\u01b0\u1ee3c t\u01b0 v\u1ea5n &amp; \u0111\u1eb7t h\u00e0ng:<\/strong><\/p>\n<ul>\n<li>\ud83d\udcdeHotline \/ Zalo: 0889.385.222<\/li>\n<li>\ud83c\udfe0 \u0110\u1ecba ch\u1ec9: S\u1ed1 9 BT2, Khu \u0111\u00f4 th\u1ecb Foresa Xu\u00e2n Ph\u01b0\u01a1ng, Nam T\u1eeb Li\u00eam, H\u00e0 N\u1ed9i<\/li>\n<li>\ud83c\udf10 Website: https:\/\/Topcar.vn<\/li>\n<\/ul>\n","protected":false},"excerpt":{"rendered":"<ul>\n<li>Mi\u1ec5n ph\u00ed giao h\u00e0ng to\u00e0n qu\u1ed1c<\/li>\n<li>Nh\u1eadn h\u00e0ng &gt; L\u1eafp \u0111\u1eb7t &gt; Thanh to\u00e1n<\/li>\n<li>B\u1ea3o h\u00e0nh 5 n\u0103m<\/li>\n<\/ul>\n","protected":false},"featured_media":4135,"comment_status":"closed","ping_status":"closed","template":"","meta":{"site-sidebar-layout":"no-sidebar","site-content-layout":"content-boxed-container","ast-site-content-layout":"normal-width-container","site-content-style":"boxed","site-sidebar-style":"unboxed","ast-global-header-display":"","ast-banner-title-visibility":"","ast-main-header-display":"","ast-hfb-above-header-display":"","ast-hfb-below-header-display":"","ast-hfb-mobile-header-display":"","site-post-title":"","ast-breadcrumbs-content":"","ast-featured-img":"","footer-sml-layout":"","ast-disable-related-posts":"","theme-transparent-header-meta":"default","adv-header-id-meta":"","stick-header-meta":"","header-above-stick-meta":"","header-main-stick-meta":"","header-below-stick-meta":"","astra-migrate-meta-layouts":"set","ast-page-background-enabled":"default","ast-page-background-meta":{"desktop":{"background-color":"var(--ast-global-color-4)","background-image":"","background-repeat":"repeat","background-position":"center center","background-size":"auto","background-attachment":"scroll","background-type":"","background-media":"","overlay-type":"","overlay-color":"","overlay-opacity":"","overlay-gradient":""},"tablet":{"background-color":"","background-image":"","background-repeat":"repeat","background-position":"center center","background-size":"auto","background-attachment":"scroll","background-type":"","background-media":"","overlay-type":"","overlay-color":"","overlay-opacity":"","overlay-gradient":""},"mobile":{"background-color":"","background-image":"","background-repeat":"repeat","background-position":"center center","background-size":"auto","background-attachment":"scroll","background-type":"","background-media":"","overlay-type":"","overlay-color":"","overlay-opacity":"","overlay-gradient":""}},"ast-content-background-meta":{"desktop":{"background-color":"var(--ast-global-color-5)","background-image":"","background-repeat":"repeat","background-position":"center center","background-size":"auto","background-attachment":"scroll","background-type":"","background-media":"","overlay-type":"","overlay-color":"","overlay-opacity":"","overlay-gradient":""},"tablet":{"background-color":"var(--ast-global-color-5)","background-image":"","background-repeat":"repeat","background-position":"center center","background-size":"auto","background-attachment":"scroll","background-type":"","background-media":"","overlay-type":"","overlay-color":"","overlay-opacity":"","overlay-gradient":""},"mobile":{"background-color":"var(--ast-global-color-5)","background-image":"","background-repeat":"repeat","background-position":"center center","background-size":"auto","background-attachment":"scroll","background-type":"","background-media":"","overlay-type":"","overlay-color":"","overlay-opacity":"","overlay-gradient":""}}},"product_brand":[],"product_cat":[43,45],"product_tag":[641,643,642],"class_list":{"0":"post-4132","1":"product","2":"type-product","3":"status-publish","4":"has-post-thumbnail","6":"product_cat-tham-lot-san-o-to","7":"product_cat-tham-lot-san-o-to-toyota","8":"product_tag-tham-lot-san-toyota-cross","9":"product_tag-tham-lot-san-toyota-cross-2024","10":"product_tag-tham-lot-san-toyota-yaris-cross","11":"desktop-align-left","12":"tablet-align-left","13":"mobile-align-left","15":"first","16":"instock","17":"shipping-taxable","18":"purchasable","19":"product-type-variable"},"_links":{"self":[{"href":"https:\/\/topcar.vn\/wp-json\/wp\/v2\/product\/4132","targetHints":{"allow":["GET"]}}],"collection":[{"href":"https:\/\/topcar.vn\/wp-json\/wp\/v2\/product"}],"about":[{"href":"https:\/\/topcar.vn\/wp-json\/wp\/v2\/types\/product"}],"replies":[{"embeddable":true,"href":"https:\/\/topcar.vn\/wp-json\/wp\/v2\/comments?post=4132"}],"version-history":[{"count":2,"href":"https:\/\/topcar.vn\/wp-json\/wp\/v2\/product\/4132\/revisions"}],"predecessor-version":[{"id":4363,"href":"https:\/\/topcar.vn\/wp-json\/wp\/v2\/product\/4132\/revisions\/4363"}],"wp:featuredmedia":[{"embeddable":true,"href":"https:\/\/topcar.vn\/wp-json\/wp\/v2\/media\/4135"}],"wp:attachment":[{"href":"https:\/\/topcar.vn\/wp-json\/wp\/v2\/media?parent=4132"}],"wp:term":[{"taxonomy":"product_brand","embeddable":true,"href":"https:\/\/topcar.vn\/wp-json\/wp\/v2\/product_brand?post=4132"},{"taxonomy":"product_cat","embeddable":true,"href":"https:\/\/topcar.vn\/wp-json\/wp\/v2\/product_cat?post=4132"},{"taxonomy":"product_tag","embeddable":true,"href":"https:\/\/topcar.vn\/wp-json\/wp\/v2\/product_tag?post=4132"}],"curies":[{"name":"wp","href":"https:\/\/api.w.org\/{rel}","templated":true}]}}