{"id":4123,"date":"2025-09-12T11:12:32","date_gmt":"2025-09-12T04:12:32","guid":{"rendered":"http:\/\/khaitest.rf.gd\/?post_type=product&#038;p=4123"},"modified":"2025-12-05T11:27:30","modified_gmt":"2025-12-05T04:27:30","slug":"tham-lot-san-toyota-hilux-2015-2025-cao-cap","status":"publish","type":"product","link":"https:\/\/topcar.vn\/product\/tham-lot-san-toyota-hilux-2015-2025-cao-cap\/","title":{"rendered":"Th\u1ea3m l\u00f3t s\u00e0n Toyota Hilux 2015\u20132025 cao c\u1ea5p"},"content":{"rendered":"<p data-start=\"319\" data-end=\"746\"><em><strong>Toyota Hilux kh\u00f4ng ch\u1ec9 l\u00e0 m\u1eabu b\u00e1n t\u1ea3i m\u1ea1nh m\u1ebd, b\u1ec1n b\u1ec9 tr\u00ean m\u1ecdi \u0111\u1ecba h\u00ecnh m\u00e0 c\u00f2n l\u00e0 bi\u1ec3u t\u01b0\u1ee3ng c\u1ee7a s\u1ef1 th\u1ef1c d\u1ee5ng v\u00e0 sang tr\u1ecdng. \u0110\u1ec3 x\u1ee9ng t\u1ea7m v\u1edbi chi\u1ebfc xe, vi\u1ec7c l\u1ef1a ch\u1ecdn th\u1ea3m l\u00f3t s\u00e0n Toyota Hilux 2015\u20132025 ch\u1ea5t l\u01b0\u1ee3ng cao l\u00e0 \u0111i\u1ec1u kh\u00f4ng th\u1ec3 thi\u1ebfu. Topcar mang \u0111\u1ebfn gi\u1ea3i ph\u00e1p th\u1ea3m l\u00f3t s\u00e0n Toyota Hilux 2015\u20132025 b\u1eb1ng ch\u1ea5t li\u1ec7u nh\u1ef1a TPE c\u00f4ng ngh\u1ec7 5D, thi\u1ebft k\u1ebf tr\u00e0n vi\u1ec1n, ch\u1ed1ng n\u01b0\u1edbc, b\u1ea3o v\u1ec7 s\u00e0n xe t\u1ed1i \u01b0u v\u00e0 mang l\u1ea1i kh\u00f4ng gian n\u1ed9i th\u1ea5t g\u1ecdn g\u00e0ng, tinh t\u1ebf.<\/strong><\/em><\/p>\n<h2 data-start=\"753\" data-end=\"777\">Gi\u1edbi thi\u1ec7u s\u1ea3n ph\u1ea9m th\u1ea3m l\u00f3t s\u00e0n Toyota Hilux 2015\u20132025<\/h2>\n<p data-start=\"778\" data-end=\"1064\">Th\u1ea3m l\u00f3t s\u00e0n Toyota Hilux \u0111\u01b0\u1ee3c s\u1ea3n xu\u1ea5t theo form chu\u1ea9n 100% c\u1ee7a t\u1eebng \u0111\u1eddi xe t\u1eeb 2015 \u0111\u1ebfn 2025, \u0111\u1ea3m b\u1ea3o \u00f4m kh\u00edt t\u1eebng chi ti\u1ebft s\u00e0n. V\u1edbi thi\u1ebft k\u1ebf c\u00f4ng ngh\u1ec7 5D, s\u1ea3n ph\u1ea9m kh\u00f4ng ch\u1ec9 mang t\u00ednh th\u1ea9m m\u1ef9 cao m\u00e0 c\u00f2n b\u1ea3o v\u1ec7 xe to\u00e0n di\u1ec7n, ch\u1ed1ng tr\u00e0n n\u01b0\u1edbc, ch\u1ed1ng b\u00e1m b\u1ee5i v\u00e0 d\u1ec5 d\u00e0ng v\u1ec7 sinh.<\/p>\n<figure id=\"attachment_4127\" aria-describedby=\"caption-attachment-4127\" style=\"width: 1024px\" class=\"wp-caption aligncenter\"><img fetchpriority=\"high\" decoding=\"async\" class=\"size-large wp-image-4127\" src=\"http:\/\/khaitest.rf.gd\/wp-content\/uploads\/2025\/09\/Tham-lot-san-o-to-Toyota-Hilux-2015-2025-1024x1024.png\" alt=\"Th\u1ea3m l\u00f3t s\u00e0n Toyota Hilux 2015\u20132025 TPE 5D, form chu\u1ea9n\" width=\"1024\" height=\"1024\" srcset=\"https:\/\/topcar.vn\/wp-content\/uploads\/2025\/09\/Tham-lot-san-o-to-Toyota-Hilux-2015-2025-1024x1024.png 1024w, https:\/\/topcar.vn\/wp-content\/uploads\/2025\/09\/Tham-lot-san-o-to-Toyota-Hilux-2015-2025-300x300.png 300w, https:\/\/topcar.vn\/wp-content\/uploads\/2025\/09\/Tham-lot-san-o-to-Toyota-Hilux-2015-2025-150x150.png 150w, https:\/\/topcar.vn\/wp-content\/uploads\/2025\/09\/Tham-lot-san-o-to-Toyota-Hilux-2015-2025-768x767.png 768w, https:\/\/topcar.vn\/wp-content\/uploads\/2025\/09\/Tham-lot-san-o-to-Toyota-Hilux-2015-2025-600x599.png 600w, https:\/\/topcar.vn\/wp-content\/uploads\/2025\/09\/Tham-lot-san-o-to-Toyota-Hilux-2015-2025-100x100.png 100w, https:\/\/topcar.vn\/wp-content\/uploads\/2025\/09\/Tham-lot-san-o-to-Toyota-Hilux-2015-2025.png 1081w\" sizes=\"(max-width: 1024px) 100vw, 1024px\" \/><figcaption id=\"caption-attachment-4127\" class=\"wp-caption-text\">Th\u1ea3m l\u00f3t s\u00e0n Toyota Hilux 2015\u20132025 TPE 5D, form chu\u1ea9n, tr\u00e0n vi\u1ec1n ch\u1ed1ng n\u01b0\u1edbc, b\u1ec1n b\u1ec9 \u2013 gi\u1eef s\u00e0n xe s\u1ea1ch s\u1ebd, n\u00e2ng t\u1ea7m n\u1ed9i th\u1ea5t.<\/figcaption><\/figure>\n<p data-start=\"1071\" data-end=\"1094\"><strong>Th\u00f4ng tin s\u1ea3n ph\u1ea9m th\u1ea3m l\u00f3t s\u00e0n Toyota Hilux 2015\u20132025<\/strong><\/p>\n<ul>\n<li data-start=\"1097\" data-end=\"1157\">T\u00ean s\u1ea3n ph\u1ea9m: Th\u1ea3m l\u00f3t s\u00e0n \u00f4 t\u00f4 Toyota Hilux 2015\u20132025<\/li>\n<li data-start=\"1160\" data-end=\"1235\">Ch\u1ea5t li\u1ec7u: Nh\u1ef1a TPE cao c\u1ea5p, th\u00e2n thi\u1ec7n m\u00f4i tr\u01b0\u1eddng, kh\u00f4ng m\u00f9i \u0111\u1ed9c h\u1ea1i<\/li>\n<li data-start=\"1238\" data-end=\"1299\">C\u00f4ng ngh\u1ec7: 5D \u2013 tr\u00e0n vi\u1ec1n, ch\u1ed1ng x\u00f4 l\u1ec7ch, \u00f4m s\u00e1t s\u00e0n xe<\/li>\n<li data-start=\"1302\" data-end=\"1363\">\u0110\u1ed9 b\u1ec1n: D\u1ebbo dai, ch\u1ecbu nhi\u1ec7t t\u1ed1t, s\u1eed d\u1ee5ng b\u1ec1n b\u1ec9 5\u201310 n\u0103m<\/li>\n<li data-start=\"1366\" data-end=\"1423\">M\u00e0u s\u1eafc: \u0110en<\/li>\n<\/ul>\n<p data-start=\"1430\" data-end=\"1464\"><strong>\u01afu \u0111i\u1ec3m &amp; t\u00ednh n\u0103ng v\u01b0\u1ee3t tr\u1ed9i<\/strong><\/p>\n<ul>\n<li data-start=\"1467\" data-end=\"1563\">Thi\u1ebft k\u1ebf theo form chu\u1ea9n Toyota Hilux 2015\u20132025, l\u1eafp \u0111\u1eb7t nhanh ch\u00f3ng, kh\u00f4ng c\u1ea7n ch\u1ec9nh s\u1eeda.<\/li>\n<li data-start=\"1566\" data-end=\"1672\">Ch\u1ed1ng n\u01b0\u1edbc, ch\u1ed1ng b\u1ee5i, ch\u1ed1ng b\u00f9n \u0111\u1ea5t c\u1ef1c t\u1ed1t \u2013 ph\u00f9 h\u1ee3p v\u1edbi Hilux th\u01b0\u1eddng xuy\u00ean \u0111i \u0111\u01b0\u1eddng d\u00e0i, offroad.<\/li>\n<li data-start=\"1675\" data-end=\"1745\">D\u1ec5 v\u1ec7 sinh: C\u00f3 th\u1ec3 r\u1eeda tr\u1ef1c ti\u1ebfp b\u1eb1ng n\u01b0\u1edbc, lau kh\u00f4 nhanh ch\u00f3ng.<\/li>\n<li data-start=\"1748\" data-end=\"1822\">Kh\u00f4ng m\u00f9i, an to\u00e0n tuy\u1ec7t \u0111\u1ed1i cho s\u1ee9c kh\u1ecfe ng\u01b0\u1eddi d\u00f9ng, k\u1ec3 c\u1ea3 tr\u1ebb nh\u1ecf.<\/li>\n<li data-start=\"1825\" data-end=\"1886\">B\u1ec1 m\u1eb7t ch\u1ed1ng tr\u01a1n tr\u01b0\u1ee3t, t\u0103ng \u0111\u1ed9 an to\u00e0n khi di chuy\u1ec3n.<\/li>\n<li data-start=\"1889\" data-end=\"1953\">Thi\u1ebft k\u1ebf sang tr\u1ecdng, l\u00e0m n\u1ed5i b\u1eadt khoang n\u1ed9i th\u1ea5t xe Hilux.<\/li>\n<\/ul>\n<p data-start=\"1960\" data-end=\"1984\"><strong>L\u1ee3i \u00edch khi s\u1eed d\u1ee5ng th\u1ea3m l\u00f3t s\u00e0n Toyota Hilux 2015\u20132025<\/strong><\/p>\n<ul>\n<li data-start=\"1987\" data-end=\"2047\">Gi\u1eef cho s\u00e0n xe lu\u00f4n s\u1ea1ch s\u1ebd, kh\u00f4 tho\u00e1ng, tr\u00e1nh \u1ea9m m\u1ed1c.<\/li>\n<li data-start=\"2050\" data-end=\"2113\">T\u0103ng \u0111\u1ed9 b\u1ec1n cho s\u00e0n zin, gi\u1ea3m chi ph\u00ed b\u1ea3o d\u01b0\u1ee1ng n\u1ed9i th\u1ea5t.<\/li>\n<li data-start=\"2116\" data-end=\"2188\">T\u1ea1o c\u1ea3m gi\u00e1c tho\u1ea3i m\u00e1i, sang tr\u1ecdng, n\u00e2ng t\u1ea7m gi\u00e1 tr\u1ecb Toyota Hilux.<\/li>\n<li data-start=\"2191\" data-end=\"2263\">L\u00e0 l\u1ef1a ch\u1ecdn th\u00f4ng minh cho ch\u1ee7 xe y\u00eau th\u00edch s\u1ef1 ti\u1ec7n l\u1ee3i v\u00e0 b\u1ec1n b\u1ec9.<\/li>\n<\/ul>\n<figure id=\"attachment_4128\" aria-describedby=\"caption-attachment-4128\" style=\"width: 1024px\" class=\"wp-caption aligncenter\"><img decoding=\"async\" class=\"size-large wp-image-4128\" src=\"http:\/\/khaitest.rf.gd\/wp-content\/uploads\/2025\/09\/Tham-lot-san-o-to-Toyota-Hilux-chong-nuoc-chong-bui-1024x1024.png\" alt=\"Th\u1ea3m l\u00f3t s\u00e0n Toyota Hilux 2015\u20132025 sang tr\u1ecdng b\u1ec1n \u0111\u1eb9p\" width=\"1024\" height=\"1024\" srcset=\"https:\/\/topcar.vn\/wp-content\/uploads\/2025\/09\/Tham-lot-san-o-to-Toyota-Hilux-chong-nuoc-chong-bui-1024x1024.png 1024w, https:\/\/topcar.vn\/wp-content\/uploads\/2025\/09\/Tham-lot-san-o-to-Toyota-Hilux-chong-nuoc-chong-bui-300x300.png 300w, https:\/\/topcar.vn\/wp-content\/uploads\/2025\/09\/Tham-lot-san-o-to-Toyota-Hilux-chong-nuoc-chong-bui-150x150.png 150w, https:\/\/topcar.vn\/wp-content\/uploads\/2025\/09\/Tham-lot-san-o-to-Toyota-Hilux-chong-nuoc-chong-bui-768x767.png 768w, https:\/\/topcar.vn\/wp-content\/uploads\/2025\/09\/Tham-lot-san-o-to-Toyota-Hilux-chong-nuoc-chong-bui-600x599.png 600w, https:\/\/topcar.vn\/wp-content\/uploads\/2025\/09\/Tham-lot-san-o-to-Toyota-Hilux-chong-nuoc-chong-bui-100x100.png 100w, https:\/\/topcar.vn\/wp-content\/uploads\/2025\/09\/Tham-lot-san-o-to-Toyota-Hilux-chong-nuoc-chong-bui.png 1081w\" sizes=\"(max-width: 1024px) 100vw, 1024px\" \/><figcaption id=\"caption-attachment-4128\" class=\"wp-caption-text\">Th\u1ea3m l\u00f3t s\u00e0n Toyota Hilux 2015\u20132025 TPE 5D ch\u00ednh l\u00e0 gi\u1ea3i ph\u00e1p t\u1ed1i \u01b0u, gi\u00fap b\u1ea3o v\u1ec7 tr\u1ecdn v\u1eb9n s\u00e0n xe v\u00e0 mang l\u1ea1i s\u1ef1 ti\u1ec7n nghi v\u01b0\u1ee3t tr\u1ed9i<\/figcaption><\/figure>\n<h2 data-start=\"2270\" data-end=\"2302\">T\u1ea1i sao n\u00ean mua <strong>th\u1ea3m l\u00f3t s\u00e0n Toyota Hilux 2015\u20132025 <\/strong>t\u1ea1i Topcar?<\/h2>\n<ul>\n<li data-start=\"2305\" data-end=\"2378\">S\u1ea3n ph\u1ea9m ch\u00ednh h\u00e3ng, cam k\u1ebft form chu\u1ea9n cho Toyota Hilux 2015\u20132025.<\/li>\n<li data-start=\"2381\" data-end=\"2447\">Ch\u1ea5t li\u1ec7u TPE 5D cao c\u1ea5p, \u0111\u1ed9 b\u1ec1n v\u01b0\u1ee3t tr\u1ed9i, b\u1ea3o h\u00e0nh uy t\u00edn.<\/li>\n<li data-start=\"2450\" data-end=\"2518\">\u0110a d\u1ea1ng m\u1eabu m\u00e3, m\u00e0u s\u1eafc, d\u1ec5 d\u00e0ng ch\u1ecdn theo phong c\u00e1ch c\u00e1 nh\u00e2n.<\/li>\n<li data-start=\"2521\" data-end=\"2588\">Gi\u00e1 t\u1ed1t nh\u1ea5t th\u1ecb tr\u01b0\u1eddng, nhi\u1ec1u \u01b0u \u0111\u00e3i h\u1ea5p d\u1eabn cho kh\u00e1ch h\u00e0ng.<\/li>\n<li data-start=\"2591\" data-end=\"2647\">H\u1ed7 tr\u1ee3 giao h\u00e0ng to\u00e0n qu\u1ed1c, nhanh ch\u00f3ng, ti\u1ec7n l\u1ee3i.<\/li>\n<li data-start=\"2650\" data-end=\"2709\">T\u01b0 v\u1ea5n chuy\u00ean nghi\u1ec7p, lu\u00f4n \u0111\u1ed3ng h\u00e0nh c\u00f9ng kh\u00e1ch h\u00e0ng.<\/li>\n<\/ul>\n<figure id=\"attachment_4129\" aria-describedby=\"caption-attachment-4129\" style=\"width: 1024px\" class=\"wp-caption aligncenter\"><img decoding=\"async\" class=\"size-large wp-image-4129\" src=\"http:\/\/khaitest.rf.gd\/wp-content\/uploads\/2025\/09\/Tham-lot-san-Toyota-Hilux-2015-2025-1024x1024.png\" alt=\"Th\u1ea3m l\u00f3t s\u00e0n Toyota Hilux \u0111\u01b0\u1ee3c s\u1ea3n xu\u1ea5t theo form chu\u1ea9n 100%\" width=\"1024\" height=\"1024\" srcset=\"https:\/\/topcar.vn\/wp-content\/uploads\/2025\/09\/Tham-lot-san-Toyota-Hilux-2015-2025-1024x1024.png 1024w, https:\/\/topcar.vn\/wp-content\/uploads\/2025\/09\/Tham-lot-san-Toyota-Hilux-2015-2025-300x300.png 300w, https:\/\/topcar.vn\/wp-content\/uploads\/2025\/09\/Tham-lot-san-Toyota-Hilux-2015-2025-150x150.png 150w, https:\/\/topcar.vn\/wp-content\/uploads\/2025\/09\/Tham-lot-san-Toyota-Hilux-2015-2025-768x767.png 768w, https:\/\/topcar.vn\/wp-content\/uploads\/2025\/09\/Tham-lot-san-Toyota-Hilux-2015-2025-600x599.png 600w, https:\/\/topcar.vn\/wp-content\/uploads\/2025\/09\/Tham-lot-san-Toyota-Hilux-2015-2025-100x100.png 100w, https:\/\/topcar.vn\/wp-content\/uploads\/2025\/09\/Tham-lot-san-Toyota-Hilux-2015-2025.png 1081w\" sizes=\"(max-width: 1024px) 100vw, 1024px\" \/><figcaption id=\"caption-attachment-4129\" class=\"wp-caption-text\">Th\u1ea3m l\u00f3t s\u00e0n Toyota Hilux \u0111\u01b0\u1ee3c s\u1ea3n xu\u1ea5t theo form chu\u1ea9n 100% c\u1ee7a t\u1eebng \u0111\u1eddi xe t\u1eeb 2015 \u0111\u1ebfn 2025<\/figcaption><\/figure>\n<p><strong>Li\u00ean h\u1ec7 ngay \u0111\u1ec3 \u0111\u01b0\u1ee3c t\u01b0 v\u1ea5n &amp; \u0111\u1eb7t h\u00e0ng:<\/strong><\/p>\n<ul>\n<li>\ud83d\udcdeHotline \/ Zalo: 0889.385.222<\/li>\n<li>\ud83c\udfe0 \u0110\u1ecba ch\u1ec9: S\u1ed1 9 BT2, Khu \u0111\u00f4 th\u1ecb Foresa Xu\u00e2n Ph\u01b0\u01a1ng, Nam T\u1eeb Li\u00eam, H\u00e0 N\u1ed9i<\/li>\n<li>\ud83c\udf10 Website: https:\/\/Topcar.vn<\/li>\n<\/ul>\n","protected":false},"excerpt":{"rendered":"<ul>\n<li>Mi\u1ec5n ph\u00ed giao h\u00e0ng to\u00e0n qu\u1ed1c<\/li>\n<li>Nh\u1eadn h\u00e0ng &gt; L\u1eafp \u0111\u1eb7t &gt; Thanh to\u00e1n<\/li>\n<li>B\u1ea3o h\u00e0nh 5 n\u0103m<\/li>\n<\/ul>\n","protected":false},"featured_media":4126,"comment_status":"closed","ping_status":"closed","template":"","meta":{"site-sidebar-layout":"no-sidebar","site-content-layout":"content-boxed-container","ast-site-content-layout":"normal-width-container","site-content-style":"boxed","site-sidebar-style":"unboxed","ast-global-header-display":"","ast-banner-title-visibility":"","ast-main-header-display":"","ast-hfb-above-header-display":"","ast-hfb-below-header-display":"","ast-hfb-mobile-header-display":"","site-post-title":"","ast-breadcrumbs-content":"","ast-featured-img":"","footer-sml-layout":"","ast-disable-related-posts":"","theme-transparent-header-meta":"default","adv-header-id-meta":"","stick-header-meta":"","header-above-stick-meta":"","header-main-stick-meta":"","header-below-stick-meta":"","astra-migrate-meta-layouts":"set","ast-page-background-enabled":"default","ast-page-background-meta":{"desktop":{"background-color":"var(--ast-global-color-4)","background-image":"","background-repeat":"repeat","background-position":"center center","background-size":"auto","background-attachment":"scroll","background-type":"","background-media":"","overlay-type":"","overlay-color":"","overlay-opacity":"","overlay-gradient":""},"tablet":{"background-color":"","background-image":"","background-repeat":"repeat","background-position":"center center","background-size":"auto","background-attachment":"scroll","background-type":"","background-media":"","overlay-type":"","overlay-color":"","overlay-opacity":"","overlay-gradient":""},"mobile":{"background-color":"","background-image":"","background-repeat":"repeat","background-position":"center center","background-size":"auto","background-attachment":"scroll","background-type":"","background-media":"","overlay-type":"","overlay-color":"","overlay-opacity":"","overlay-gradient":""}},"ast-content-background-meta":{"desktop":{"background-color":"var(--ast-global-color-5)","background-image":"","background-repeat":"repeat","background-position":"center center","background-size":"auto","background-attachment":"scroll","background-type":"","background-media":"","overlay-type":"","overlay-color":"","overlay-opacity":"","overlay-gradient":""},"tablet":{"background-color":"var(--ast-global-color-5)","background-image":"","background-repeat":"repeat","background-position":"center center","background-size":"auto","background-attachment":"scroll","background-type":"","background-media":"","overlay-type":"","overlay-color":"","overlay-opacity":"","overlay-gradient":""},"mobile":{"background-color":"var(--ast-global-color-5)","background-image":"","background-repeat":"repeat","background-position":"center center","background-size":"auto","background-attachment":"scroll","background-type":"","background-media":"","overlay-type":"","overlay-color":"","overlay-opacity":"","overlay-gradient":""}}},"product_brand":[],"product_cat":[43,45],"product_tag":[638,637,640,635,636,639],"class_list":{"0":"post-4123","1":"product","2":"type-product","3":"status-publish","4":"has-post-thumbnail","6":"product_cat-tham-lot-san-o-to","7":"product_cat-tham-lot-san-o-to-toyota","8":"product_tag-hilux-2-8l-4x4-at-adventure","9":"product_tag-toyota-hilux-2-4l-4x4-at","10":"product_tag-toyota-hilux-2-4l-4x4-mt","11":"product_tag-toyota-hilux-2025","12":"product_tag-toyota-hilux-2025-gia","13":"product_tag-xe-ban-tai-toyota-hilux-cu","14":"desktop-align-left","15":"tablet-align-left","16":"mobile-align-left","18":"first","19":"instock","20":"shipping-taxable","21":"purchasable","22":"product-type-variable"},"_links":{"self":[{"href":"https:\/\/topcar.vn\/wp-json\/wp\/v2\/product\/4123","targetHints":{"allow":["GET"]}}],"collection":[{"href":"https:\/\/topcar.vn\/wp-json\/wp\/v2\/product"}],"about":[{"href":"https:\/\/topcar.vn\/wp-json\/wp\/v2\/types\/product"}],"replies":[{"embeddable":true,"href":"https:\/\/topcar.vn\/wp-json\/wp\/v2\/comments?post=4123"}],"version-history":[{"count":2,"href":"https:\/\/topcar.vn\/wp-json\/wp\/v2\/product\/4123\/revisions"}],"predecessor-version":[{"id":4131,"href":"https:\/\/topcar.vn\/wp-json\/wp\/v2\/product\/4123\/revisions\/4131"}],"wp:featuredmedia":[{"embeddable":true,"href":"https:\/\/topcar.vn\/wp-json\/wp\/v2\/media\/4126"}],"wp:attachment":[{"href":"https:\/\/topcar.vn\/wp-json\/wp\/v2\/media?parent=4123"}],"wp:term":[{"taxonomy":"product_brand","embeddable":true,"href":"https:\/\/topcar.vn\/wp-json\/wp\/v2\/product_brand?post=4123"},{"taxonomy":"product_cat","embeddable":true,"href":"https:\/\/topcar.vn\/wp-json\/wp\/v2\/product_cat?post=4123"},{"taxonomy":"product_tag","embeddable":true,"href":"https:\/\/topcar.vn\/wp-json\/wp\/v2\/product_tag?post=4123"}],"curies":[{"name":"wp","href":"https:\/\/api.w.org\/{rel}","templated":true}]}}