{"id":4107,"date":"2025-09-11T16:45:48","date_gmt":"2025-09-11T09:45:48","guid":{"rendered":"https:\/\/khaitest.rf.gd\/?post_type=product&#038;p=4107"},"modified":"2025-12-05T11:43:15","modified_gmt":"2025-12-05T04:43:15","slug":"tham-lot-san-vinfast-limo-green","status":"publish","type":"product","link":"https:\/\/topcar.vn\/product\/tham-lot-san-vinfast-limo-green\/","title":{"rendered":"Th\u1ea3m l\u00f3t s\u00e0n VinFast Limo Green"},"content":{"rendered":"<p data-start=\"184\" data-end=\"632\"><em><strong>B\u1ea1n \u0111ang s\u1edf h\u1eefu VinFast Limo Green \u2013 chi\u1ebfc xe \u0111i\u1ec7n d\u1ecbch v\u1ee5 hi\u1ec7n \u0111\u1ea1i, sang tr\u1ecdng? \u0110\u1eebng \u0111\u1ec3 b\u1ee5i b\u1ea9n, b\u00f9n \u0111\u1ea5t v\u00e0 n\u01b0\u1edbc m\u01b0a l\u00e0m gi\u1ea3m gi\u00e1 tr\u1ecb n\u1ed9i th\u1ea5t. Gi\u1ea3i ph\u00e1p t\u1ed1i \u01b0u ch\u00ednh l\u00e0 th\u1ea3m l\u00f3t s\u00e0n VinFast Limo Green\u00a0 t\u1eeb nh\u1ef1a TPE &amp; 5D form chu\u1ea9n, \u0111\u01b0\u1ee3c thi\u1ebft k\u1ebf \u0111\u1ed9c quy\u1ec1n cho Limo Green. Kh\u00f4ng ch\u1ec9 b\u1ea3o v\u1ec7 s\u00e0n xe lu\u00f4n s\u1ea1ch \u0111\u1eb9p nh\u01b0 m\u1edbi, th\u1ea3m c\u00f2n mang \u0111\u1ebfn s\u1ef1 ti\u1ec7n nghi, sang tr\u1ecdng v\u00e0 chuy\u00ean nghi\u1ec7p \u2013 y\u1ebfu t\u1ed1 quan tr\u1ecdng \u0111\u1ec3 t\u1ea1o \u1ea5n t\u01b0\u1ee3ng v\u1edbi h\u00e0nh kh\u00e1ch ngay t\u1eeb l\u1ea7n \u0111\u1ea7u b\u01b0\u1edbc l\u00ean xe.<\/strong><\/em><\/p>\n<h2 data-start=\"268\" data-end=\"354\">Gi\u1edbi thi\u1ec7u th\u1ea3m l\u00f3t s\u00e0n VinFast Limo Green<\/h2>\n<p data-start=\"356\" data-end=\"678\">VinFast Limo Green l\u00e0 d\u00f2ng xe \u0111i\u1ec7n cao c\u1ea5p chuy\u00ean d\u00e0nh cho d\u1ecbch v\u1ee5 v\u1eadn chuy\u1ec3n h\u00e0nh kh\u00e1ch, \u0111\u01b0\u1ee3c bi\u1ebft \u0111\u1ebfn v\u1edbi thi\u1ebft k\u1ebf hi\u1ec7n \u0111\u1ea1i, v\u1eadn h\u00e0nh \u00eam \u00e1i v\u00e0 kh\u00f4ng gian n\u1ed9i th\u1ea5t r\u1ed9ng r\u00e3i. \u0110\u1ec3 gi\u1eef cho xe lu\u00f4n s\u1ea1ch s\u1ebd \u2013 sang tr\u1ecdng \u2013 chuy\u00ean nghi\u1ec7p, b\u1ed9 th\u1ea3m l\u00f3t s\u00e0n nh\u1ef1a TPE &amp; th\u1ea3m 5D form chu\u1ea9n ch\u00ednh l\u00e0 ph\u1ee5 ki\u1ec7n kh\u00f4ng th\u1ec3 thi\u1ebfu.<\/p>\n<figure id=\"attachment_4111\" aria-describedby=\"caption-attachment-4111\" style=\"width: 1024px\" class=\"wp-caption aligncenter\"><img fetchpriority=\"high\" decoding=\"async\" class=\"size-large wp-image-4111\" src=\"http:\/\/khaitest.rf.gd\/wp-content\/uploads\/2025\/09\/bo-tham-lot-san-VinFast-Limo-Green-1024x1024.png\" alt=\"Mua th\u1ea3m l\u00f3t s\u00e0n VinFast Limo Green t\u1ea1i Topcar\" width=\"1024\" height=\"1024\" srcset=\"https:\/\/topcar.vn\/wp-content\/uploads\/2025\/09\/bo-tham-lot-san-VinFast-Limo-Green-1024x1024.png 1024w, https:\/\/topcar.vn\/wp-content\/uploads\/2025\/09\/bo-tham-lot-san-VinFast-Limo-Green-300x300.png 300w, https:\/\/topcar.vn\/wp-content\/uploads\/2025\/09\/bo-tham-lot-san-VinFast-Limo-Green-150x150.png 150w, https:\/\/topcar.vn\/wp-content\/uploads\/2025\/09\/bo-tham-lot-san-VinFast-Limo-Green-768x767.png 768w, https:\/\/topcar.vn\/wp-content\/uploads\/2025\/09\/bo-tham-lot-san-VinFast-Limo-Green-600x599.png 600w, https:\/\/topcar.vn\/wp-content\/uploads\/2025\/09\/bo-tham-lot-san-VinFast-Limo-Green-100x100.png 100w, https:\/\/topcar.vn\/wp-content\/uploads\/2025\/09\/bo-tham-lot-san-VinFast-Limo-Green.png 1081w\" sizes=\"(max-width: 1024px) 100vw, 1024px\" \/><figcaption id=\"caption-attachment-4111\" class=\"wp-caption-text\">Mua th\u1ea3m l\u00f3t s\u00e0n VinFast Limo Green t\u1ea1i Topcar, b\u1ea1n kh\u00f4ng ch\u1ec9 nh\u1eadn \u0111\u01b0\u1ee3c s\u1ea3n ph\u1ea9m ch\u1ea5t l\u01b0\u1ee3ng cao m\u00e0 c\u00f2n l\u00e0 d\u1ecbch v\u1ee5 tr\u1ecdn g\u00f3i \u2013 uy t\u00edn \u2013 nhanh ch\u00f3ng, mang l\u1ea1i s\u1ef1 y\u00ean t\u00e2m tuy\u1ec7t \u0111\u1ed1i.<\/figcaption><\/figure>\n<p><strong>Th\u1ea3m l\u00f3t s\u00e0n VinFast Limo Green Form chu\u1ea9n 100% \u2013 \u0110o c\u1eaft ri\u00eang cho VinFast Limo Green<\/strong><\/p>\n<p data-start=\"747\" data-end=\"867\">Kh\u00f4ng gi\u1ed1ng c\u00e1c lo\u1ea1i th\u1ea3m ph\u1ed5 th\u00f4ng ngo\u00e0i th\u1ecb tr\u01b0\u1eddng, b\u1ed9 th\u1ea3m n\u00e0y \u0111\u01b0\u1ee3c thi\u1ebft k\u1ebf \u0111\u1ed9c quy\u1ec1n cho Limo Green, \u0111\u1ea3m b\u1ea3o:<\/p>\n<ul>\n<li data-start=\"871\" data-end=\"949\">V\u1eeba kh\u00edt t\u1eebng chi ti\u1ebft, \u00f4m tr\u1ecdn b\u1ec1 m\u1eb7t s\u00e0n xe, kh\u00f4ng th\u1eeba \u2013 kh\u00f4ng thi\u1ebfu.<\/li>\n<li data-start=\"952\" data-end=\"1021\">Tr\u00e0n vi\u1ec1n cao, ng\u0103n ho\u00e0n to\u00e0n n\u01b0\u1edbc, b\u1ee5i, b\u00f9n \u0111\u1ea5t l\u1ecdt xu\u1ed1ng s\u00e0n.<\/li>\n<li data-start=\"1024\" data-end=\"1100\">C\u1ed1 \u0111\u1ecbnh ch\u1eafc ch\u1eafn, kh\u00f4ng x\u00ea d\u1ecbch trong qu\u00e1 tr\u00ecnh xe v\u1eadn h\u00e0nh li\u00ean t\u1ee5c.<\/li>\n<li data-start=\"1103\" data-end=\"1173\">Che ph\u1ee7 to\u00e0n di\u1ec7n, b\u1ea3o v\u1ec7 c\u1ea3 nh\u1eefng g\u00f3c khu\u1ea5t th\u01b0\u1eddng kh\u00f3 v\u1ec7 sinh.<\/li>\n<\/ul>\n<p data-start=\"1175\" data-end=\"1294\">V\u1edbi thi\u1ebft k\u1ebf n\u00e0y, s\u00e0n xe c\u1ee7a b\u1ea1n s\u1ebd lu\u00f4n s\u1ea1ch nh\u01b0 m\u1edbi, ngay c\u1ea3 khi ph\u1ee5c v\u1ee5 h\u00e0ng tr\u0103m l\u01b0\u1ee3t h\u00e0nh kh\u00e1ch m\u1ed7i ng\u00e0y.<\/p>\n<p data-start=\"1301\" data-end=\"1361\"><strong>Ch\u1ea5t li\u1ec7u cao c\u1ea5p \u2013 Th\u1ea3m l\u00f3t s\u00e0n VinFast Limo Green TPE nguy\u00ean sinh &amp; 5D b\u1ec1n b\u1ec9<\/strong><\/p>\n<ul>\n<li data-start=\"1396\" data-end=\"1463\">\u0110\u00e0n h\u1ed3i t\u1ed1t, d\u1ebbo dai, kh\u00f4ng b\u1ecb bi\u1ebfn d\u1ea1ng khi s\u1eed d\u1ee5ng l\u00e2u d\u00e0i.<\/li>\n<li data-start=\"1466\" data-end=\"1544\">Ch\u1ed1ng n\u01b0\u1edbc tuy\u1ec7t \u0111\u1ed1i, kh\u00f4ng th\u1ea5m h\u00fat, d\u1ec5 d\u00e0ng v\u1ec7 sinh b\u1eb1ng c\u00e1ch x\u1ecbt r\u1eeda.<\/li>\n<li data-start=\"1547\" data-end=\"1612\">Kh\u00f4ng m\u00f9i \u0111\u1ed9c h\u1ea1i, an to\u00e0n cho s\u1ee9c kh\u1ecfe ng\u01b0\u1eddi ng\u1ed3i tr\u00ean xe.<\/li>\n<li data-start=\"1615\" data-end=\"1707\">Ch\u1ecbu nhi\u1ec7t t\u1ed1t, kh\u00f4ng b\u1ecb co ng\u00f3t hay r\u1ea1n n\u1ee9t trong \u0111i\u1ec1u ki\u1ec7n kh\u00ed h\u1eadu n\u00f3ng \u1ea9m Vi\u1ec7t Nam.<\/li>\n<\/ul>\n<p data-start=\"1709\" data-end=\"1735\"><strong>Th\u1ea3m l\u00f3t s\u00e0n VinFast Limo Green 5D cao c\u1ea5p:<\/strong><\/p>\n<ul>\n<li data-start=\"1738\" data-end=\"1845\">C\u1ea5u tr\u00fac 5 l\u1edbp th\u00f4ng minh: ch\u1ed1ng tr\u01a1n tr\u01b0\u1ee3t, c\u00e1ch \u00e2m, ng\u0103n b\u1ee5i b\u1ea9n, mang l\u1ea1i s\u1ef1 \u00eam \u00e1i cho ng\u01b0\u1eddi ng\u1ed3i.<\/li>\n<li data-start=\"1848\" data-end=\"1915\">B\u1ec1 m\u1eb7t da c\u00f4ng nghi\u1ec7p b\u1ec1n b\u1ec9, ch\u1ed1ng tr\u1ea7y x\u01b0\u1edbc, ch\u1ed1ng b\u00e1m b\u1ea9n.<\/li>\n<li data-start=\"1918\" data-end=\"1970\">L\u1edbp gi\u1eefa \u0111\u00e0n h\u1ed3i, gi\u1ea3m va ch\u1ea1m, t\u0103ng \u0111\u1ed9 \u00eam \u00e1i.<\/li>\n<li data-start=\"1973\" data-end=\"2047\">M\u1eb7t d\u01b0\u1edbi ch\u1ed1ng tr\u01b0\u1ee3t, gi\u1eef th\u1ea3m c\u1ed1 \u0111\u1ecbnh trong m\u1ecdi \u0111i\u1ec1u ki\u1ec7n v\u1eadn h\u00e0nh.<\/li>\n<\/ul>\n<p data-start=\"2049\" data-end=\"2177\">S\u1ef1 k\u1ebft h\u1ee3p gi\u1eefa TPE &amp; 5D kh\u00f4ng ch\u1ec9 b\u1ea3o v\u1ec7 m\u00e0 c\u00f2n t\u1ea1o n\u00ean m\u1ed9t kh\u00f4ng gian n\u1ed9i th\u1ea5t sang tr\u1ecdng \u2013 hi\u1ec7n \u0111\u1ea1i \u2013 ti\u1ec7n nghi.<\/p>\n<figure id=\"attachment_4112\" aria-describedby=\"caption-attachment-4112\" style=\"width: 1024px\" class=\"wp-caption aligncenter\"><img decoding=\"async\" class=\"size-large wp-image-4112\" src=\"http:\/\/khaitest.rf.gd\/wp-content\/uploads\/2025\/09\/Tham-lot-san-oto-VinFast-Limo-Green-1024x1024.png\" alt=\"mua th\u1ea3m l\u00f3t s\u00e0n VinFast Limo Green\" width=\"1024\" height=\"1024\" srcset=\"https:\/\/topcar.vn\/wp-content\/uploads\/2025\/09\/Tham-lot-san-oto-VinFast-Limo-Green-1024x1024.png 1024w, https:\/\/topcar.vn\/wp-content\/uploads\/2025\/09\/Tham-lot-san-oto-VinFast-Limo-Green-300x300.png 300w, https:\/\/topcar.vn\/wp-content\/uploads\/2025\/09\/Tham-lot-san-oto-VinFast-Limo-Green-150x150.png 150w, https:\/\/topcar.vn\/wp-content\/uploads\/2025\/09\/Tham-lot-san-oto-VinFast-Limo-Green-768x767.png 768w, https:\/\/topcar.vn\/wp-content\/uploads\/2025\/09\/Tham-lot-san-oto-VinFast-Limo-Green-600x599.png 600w, https:\/\/topcar.vn\/wp-content\/uploads\/2025\/09\/Tham-lot-san-oto-VinFast-Limo-Green-100x100.png 100w, https:\/\/topcar.vn\/wp-content\/uploads\/2025\/09\/Tham-lot-san-oto-VinFast-Limo-Green.png 1081w\" sizes=\"(max-width: 1024px) 100vw, 1024px\" \/><figcaption id=\"caption-attachment-4112\" class=\"wp-caption-text\">Topcar l\u00e0 \u0111\u01a1n v\u1ecb chuy\u00ean ph\u00e2n ph\u1ed1i ph\u1ee5 ki\u1ec7n \u00f4 t\u00f4 ch\u00ednh h\u00e3ng, \u0111\u01b0\u1ee3c nhi\u1ec1u kh\u00e1ch h\u00e0ng tin d\u00f9ng.<\/figcaption><\/figure>\n<p data-start=\"2184\" data-end=\"2226\"><strong>T\u00ednh n\u0103ng v\u01b0\u1ee3t tr\u1ed9i cho xe d\u1ecbch v\u1ee5<\/strong><\/p>\n<ul>\n<li data-start=\"390\" data-end=\"508\">Th\u1ea3m l\u00f3t s\u00e0n VinFast Limo Green c\u00f3 kh\u1ea3 n\u0103ng ch\u1ed1ng n\u01b0\u1edbc \u2013 ch\u1ed1ng b\u00e1m b\u1ee5i \u2013 ch\u1ed1ng m\u00e0i m\u00f2n, ph\u00f9 h\u1ee3p v\u1edbi t\u1ea7n su\u1ea5t ho\u1ea1t \u0111\u1ed9ng d\u00e0y \u0111\u1eb7c.<\/li>\n<li data-start=\"2321\" data-end=\"2401\">D\u1ec5 d\u00e0ng v\u1ec7 sinh: ch\u1ec9 c\u1ea7n nh\u1ea5c th\u1ea3m ra, lau ch\u00f9i ho\u1eb7c x\u1ecbt r\u1eeda l\u00e0 s\u1ea1ch ngay.<\/li>\n<li data-start=\"2404\" data-end=\"2477\">T\u0103ng tu\u1ed5i th\u1ecd s\u00e0n xe, h\u1ea1n ch\u1ebf chi ph\u00ed v\u1ec7 sinh v\u00e0 b\u1ea3o d\u01b0\u1ee1ng \u0111\u1ecbnh k\u1ef3.<\/li>\n<li data-start=\"2480\" data-end=\"2556\">C\u00e1ch \u00e2m v\u00e0 ch\u1ed1ng \u1ed3n nh\u1eb9, gi\u00fap h\u00e0nh kh\u00e1ch c\u00f3 tr\u1ea3i nghi\u1ec7m tho\u1ea3i m\u00e1i h\u01a1n.<\/li>\n<\/ul>\n<p><strong>Th\u1ea3m l\u00f3t s\u00e0n VinFast Limo Green<\/strong> t<strong style=\"font-size: 16px;\">h\u1ea9m m\u1ef9 sang tr\u1ecdng \u2013 N\u00e2ng t\u1ea7m h\u00ecnh \u1ea3nh chuy\u00ean nghi\u1ec7p<\/strong><\/p>\n<ul>\n<li>Kh\u00f4ng ch\u1ec9 l\u00e0 ph\u1ee5 ki\u1ec7n b\u1ea3o v\u1ec7, b\u1ed9 th\u1ea3m c\u00f2n l\u00e0 \u0111i\u1ec3m nh\u1ea5n cho n\u1ed9i th\u1ea5t xe:<\/li>\n<li>\u0110en huy\u1ec1n b\u00ed \u2013 sang tr\u1ecdng v\u00e0 d\u1ec5 v\u1ec7 sinh.<\/li>\n<li>N\u00e2u cafe \u2013 l\u1ecbch l\u00e3m, tinh t\u1ebf.<\/li>\n<li>Be s\u00e1ng \u2013 nh\u00e3 nh\u1eb7n, t\u1ea1o c\u1ea3m gi\u00e1c r\u1ed9ng r\u00e3i.<\/li>\n<li>\u0110en vi\u1ec1n \u0111\u1ecf \u2013 n\u1ed5i b\u1eadt, tr\u1ebb trung, \u0111\u1ea7y c\u00e1 t\u00ednh.<\/li>\n<li>N\u1ed9i th\u1ea5t xe Limo Green s\u1ebd tr\u1edf n\u00ean chuy\u00ean nghi\u1ec7p \u2013 \u0111\u1eb3ng c\u1ea5p \u2013 th\u00e2n thi\u1ec7n, g\u00e2y \u1ea5n t\u01b0\u1ee3ng m\u1ea1nh v\u1edbi kh\u00e1ch h\u00e0ng ngay t\u1eeb l\u1ea7n \u0111\u1ea7u b\u01b0\u1edbc l\u00ean xe.<\/li>\n<\/ul>\n<h2><strong>L\u1ee3i \u00edch khi trang b\u1ecb th\u1ea3m l\u00f3t s\u00e0n VinFast Limo Green<\/strong><\/h2>\n<ul>\n<li data-start=\"3107\" data-end=\"3158\">Gi\u1eef s\u00e0n xe lu\u00f4n s\u1ea1ch \u0111\u1eb9p, nh\u01b0 m\u1edbi xu\u1ea5t x\u01b0\u1edfng.<\/li>\n<li data-start=\"3161\" data-end=\"3221\">T\u0103ng gi\u00e1 tr\u1ecb th\u1ea9m m\u1ef9, n\u00e2ng cao tr\u1ea3i nghi\u1ec7m h\u00e0nh kh\u00e1ch.<\/li>\n<li data-start=\"3224\" data-end=\"3299\">H\u1ed7 tr\u1ee3 v\u1ec7 sinh nhanh ch\u00f3ng, ti\u1ebft ki\u1ec7m th\u1eddi gian v\u00e0 chi ph\u00ed b\u1ea3o d\u01b0\u1ee1ng.<\/li>\n<li data-start=\"3302\" data-end=\"3355\">\u0110\u1ed9 b\u1ec1n cao, \u0111\u1ed3ng h\u00e0nh l\u00e2u d\u00e0i v\u1edbi chi\u1ebfc Limo Green.<\/li>\n<li data-start=\"3358\" data-end=\"3435\">T\u1ea1o \u1ea5n t\u01b0\u1ee3ng chuy\u00ean nghi\u1ec7p, gi\u00fap d\u1ecbch v\u1ee5 c\u1ee7a b\u1ea1n \u0111\u01b0\u1ee3c \u0111\u00e1nh gi\u00e1 cao h\u01a1n.<\/li>\n<\/ul>\n<figure id=\"attachment_4113\" aria-describedby=\"caption-attachment-4113\" style=\"width: 1024px\" class=\"wp-caption aligncenter\"><img decoding=\"async\" class=\"size-large wp-image-4113\" src=\"http:\/\/khaitest.rf.gd\/wp-content\/uploads\/2025\/09\/Tham-lot-san-VinFast-Limo-Green-1024x1024.png\" alt=\"Th\u1ea3m l\u00f3t s\u00e0n VinFast Limo Green TPE nguy\u00ean sinh &amp; 5D cao c\u1ea5p\" width=\"1024\" height=\"1024\" srcset=\"https:\/\/topcar.vn\/wp-content\/uploads\/2025\/09\/Tham-lot-san-VinFast-Limo-Green-1024x1024.png 1024w, https:\/\/topcar.vn\/wp-content\/uploads\/2025\/09\/Tham-lot-san-VinFast-Limo-Green-300x300.png 300w, https:\/\/topcar.vn\/wp-content\/uploads\/2025\/09\/Tham-lot-san-VinFast-Limo-Green-150x150.png 150w, https:\/\/topcar.vn\/wp-content\/uploads\/2025\/09\/Tham-lot-san-VinFast-Limo-Green-768x767.png 768w, https:\/\/topcar.vn\/wp-content\/uploads\/2025\/09\/Tham-lot-san-VinFast-Limo-Green-600x599.png 600w, https:\/\/topcar.vn\/wp-content\/uploads\/2025\/09\/Tham-lot-san-VinFast-Limo-Green-100x100.png 100w, https:\/\/topcar.vn\/wp-content\/uploads\/2025\/09\/Tham-lot-san-VinFast-Limo-Green.png 1081w\" sizes=\"(max-width: 1024px) 100vw, 1024px\" \/><figcaption id=\"caption-attachment-4113\" class=\"wp-caption-text\">Topcar cung c\u1ea5p th\u1ea3m \u0111\u01b0\u1ee3c \u0111o c\u1eaft ri\u00eang cho t\u1eebng d\u00f2ng xe, \u0111\u1ea3m b\u1ea3o \u00f4m kh\u00edt s\u00e0n, kh\u00f4ng cong v\u00eanh, kh\u00f4ng tr\u01a1n tr\u01b0\u1ee3t.<\/figcaption><\/figure>\n<h2 data-start=\"286\" data-end=\"353\">T\u1ea1i sao n\u00ean mua th\u1ea3m l\u00f3t s\u00e0n VinFast Limo Green t\u1ea1i Topcar?<\/h2>\n<ul>\n<li data-start=\"390\" data-end=\"508\">Topcar cung c\u1ea5p th\u1ea3m l\u00f3t s\u00e0n VinFast Limo Green \u0111\u01b0\u1ee3c \u0111o c\u1eaft ri\u00eang cho t\u1eebng d\u00f2ng xe, \u0111\u1ea3m b\u1ea3o \u00f4m kh\u00edt s\u00e0n, kh\u00f4ng cong v\u00eanh, kh\u00f4ng tr\u01a1n tr\u01b0\u1ee3t.<\/li>\n<li data-start=\"390\" data-end=\"508\">\u0110\u1ed9 b\u1ec1n v\u01b0\u1ee3t tr\u1ed9i, ch\u1ecbu \u0111\u01b0\u1ee3c kh\u00ed h\u1eadu kh\u1eafc nghi\u1ec7t c\u1ee7a Vi\u1ec7t Nam.<\/li>\n<li data-start=\"390\" data-end=\"508\">S\u1ea3n ph\u1ea9m \u0111\u01b0\u1ee3c ki\u1ec3m duy\u1ec7t k\u1ef9 tr\u01b0\u1edbc khi giao, \u0111\u00fang form 100%, cam k\u1ebft chu\u1ea9n theo xe VinFast Limo Green.<\/li>\n<li data-start=\"390\" data-end=\"508\"><span style=\"font-size: 16px;\">Th<\/span>\u1ea3m l\u00f3t s\u00e0n VinFast Limo Green l\u00e0m t\u1eeb nh\u1ef1a TPE nguy\u00ean sinh &amp; 5D cao c\u1ea5p<span style=\"font-size: 16px;\">, kh\u00f4ng m\u00f9i \u0111\u1ed9c h\u1ea1i, an to\u00e0n tuy\u1ec7t \u0111\u1ed1i cho h\u00e0nh kh\u00e1ch, k\u1ec3 c\u1ea3 tr\u1ebb nh\u1ecf<\/span><\/li>\n<li data-start=\"390\" data-end=\"508\">B\u1ea3o h\u00e0nh s\u1ea3n ph\u1ea9m d\u00e0i h\u1ea1n, h\u1ed7 tr\u1ee3 \u0111\u1ed5i tr\u1ea3 n\u1ebfu th\u1ea3m kh\u00f4ng \u0111\u00fang form ho\u1eb7c l\u1ed7i t\u1eeb nh\u00e0 s\u1ea3n xu\u1ea5t.<\/li>\n<li data-start=\"390\" data-end=\"508\">H\u1ed7 tr\u1ee3 kh\u00e1ch h\u00e0ng t\u1eeb ch\u1ecdn m\u00e0u s\u1eafc, ch\u1ea5t li\u1ec7u cho \u0111\u1ebfn h\u01b0\u1edbng d\u1eabn l\u1eafp \u0111\u1eb7t.<\/li>\n<li data-start=\"390\" data-end=\"508\"><span style=\"font-size: 16px;\">\u0110\u1ed9i ng\u0169 am hi\u1ec3u k\u1ef9 thu\u1eadt, s\u1eb5n s\u00e0ng t\u01b0 v\u1ea5n lo\u1ea1i th\u1ea3m ph\u00f9 h\u1ee3p nh\u1ea5t cho nhu c\u1ea7u s\u1eed d\u1ee5ng<\/span><\/li>\n<li data-start=\"1326\" data-end=\"1407\">Ship COD to\u00e0n qu\u1ed1c, kh\u00e1ch h\u00e0ng \u0111\u01b0\u1ee3c ki\u1ec3m tra s\u1ea3n ph\u1ea9m tr\u01b0\u1edbc khi thanh to\u00e1n.<\/li>\n<li data-start=\"1326\" data-end=\"1407\"><span style=\"font-size: 16px;\">\u0110\u00f3ng g\u00f3i ch\u1eafc ch\u1eafn, \u0111\u1ea3m b\u1ea3o th\u1ea3m \u0111\u1ebfn tay kh\u00e1ch h\u00e0ng trong t\u00ecnh tr\u1ea1ng ho\u00e0n h\u1ea3o.<\/span><\/li>\n<li data-start=\"1326\" data-end=\"1407\"><span style=\"font-size: 16px;\">Topcar l\u00e0 <\/span>\u0111\u01a1n v\u1ecb chuy\u00ean ph\u00e2n ph\u1ed1i ph\u1ee5 ki\u1ec7n \u00f4 t\u00f4 ch\u00ednh h\u00e3ng<span style=\"font-size: 16px;\">, \u0111\u01b0\u1ee3c nhi\u1ec1u kh\u00e1ch h\u00e0ng tin d\u00f9ng.<\/span><\/li>\n<li data-start=\"1326\" data-end=\"1407\">H\u00e0ng ngh\u00ecn kh\u00e1ch h\u00e0ng tr\u00ean to\u00e0n qu\u1ed1c \u0111\u00e3 h\u00e0i l\u00f2ng v\u1edbi s\u1ea3n ph\u1ea9m v\u00e0 d\u1ecbch v\u1ee5 c\u1ee7a ch\u00fang t\u00f4i.<\/li>\n<\/ul>\n<p><strong>Li\u00ean h\u1ec7 ngay \u0111\u1ec3 \u0111\u01b0\u1ee3c t\u01b0 v\u1ea5n &amp; \u0111\u1eb7t h\u00e0ng:<\/strong><\/p>\n<ul>\n<li>\ud83d\udcdeHotline \/ Zalo: 0889.385.222<\/li>\n<li>\ud83c\udfe0 \u0110\u1ecba ch\u1ec9: S\u1ed1 9 BT2, Khu \u0111\u00f4 th\u1ecb Foresa Xu\u00e2n Ph\u01b0\u01a1ng, Nam T\u1eeb Li\u00eam, H\u00e0 N\u1ed9i<\/li>\n<li>\ud83c\udf10 Website: https:\/\/Topcar.vn<\/li>\n<\/ul>\n","protected":false},"excerpt":{"rendered":"<ul>\n<li>Mi\u1ec5n ph\u00ed giao h\u00e0ng to\u00e0n qu\u1ed1c<\/li>\n<li>Nh\u1eadn h\u00e0ng &gt; L\u1eafp \u0111\u1eb7t &gt; Thanh to\u00e1n<\/li>\n<li>B\u1ea3o h\u00e0nh 5 n\u0103m<\/li>\n<\/ul>\n","protected":false},"featured_media":4110,"comment_status":"closed","ping_status":"closed","template":"","meta":{"site-sidebar-layout":"no-sidebar","site-content-layout":"content-boxed-container","ast-site-content-layout":"normal-width-container","site-content-style":"boxed","site-sidebar-style":"unboxed","ast-global-header-display":"","ast-banner-title-visibility":"","ast-main-header-display":"","ast-hfb-above-header-display":"","ast-hfb-below-header-display":"","ast-hfb-mobile-header-display":"","site-post-title":"","ast-breadcrumbs-content":"","ast-featured-img":"","footer-sml-layout":"","ast-disable-related-posts":"","theme-transparent-header-meta":"default","adv-header-id-meta":"","stick-header-meta":"","header-above-stick-meta":"","header-main-stick-meta":"","header-below-stick-meta":"","astra-migrate-meta-layouts":"set","ast-page-background-enabled":"default","ast-page-background-meta":{"desktop":{"background-color":"var(--ast-global-color-4)","background-image":"","background-repeat":"repeat","background-position":"center center","background-size":"auto","background-attachment":"scroll","background-type":"","background-media":"","overlay-type":"","overlay-color":"","overlay-opacity":"","overlay-gradient":""},"tablet":{"background-color":"","background-image":"","background-repeat":"repeat","background-position":"center center","background-size":"auto","background-attachment":"scroll","background-type":"","background-media":"","overlay-type":"","overlay-color":"","overlay-opacity":"","overlay-gradient":""},"mobile":{"background-color":"","background-image":"","background-repeat":"repeat","background-position":"center center","background-size":"auto","background-attachment":"scroll","background-type":"","background-media":"","overlay-type":"","overlay-color":"","overlay-opacity":"","overlay-gradient":""}},"ast-content-background-meta":{"desktop":{"background-color":"var(--ast-global-color-5)","background-image":"","background-repeat":"repeat","background-position":"center center","background-size":"auto","background-attachment":"scroll","background-type":"","background-media":"","overlay-type":"","overlay-color":"","overlay-opacity":"","overlay-gradient":""},"tablet":{"background-color":"var(--ast-global-color-5)","background-image":"","background-repeat":"repeat","background-position":"center center","background-size":"auto","background-attachment":"scroll","background-type":"","background-media":"","overlay-type":"","overlay-color":"","overlay-opacity":"","overlay-gradient":""},"mobile":{"background-color":"var(--ast-global-color-5)","background-image":"","background-repeat":"repeat","background-position":"center center","background-size":"auto","background-attachment":"scroll","background-type":"","background-media":"","overlay-type":"","overlay-color":"","overlay-opacity":"","overlay-gradient":""}}},"product_brand":[],"product_cat":[43,48],"product_tag":[627,629,630,626,625,628],"class_list":{"0":"post-4107","1":"product","2":"type-product","3":"status-publish","4":"has-post-thumbnail","6":"product_cat-tham-lot-san-o-to","7":"product_cat-tham-lot-san-o-to-vinfast","8":"product_tag-limo-green-bao-gio-ra-mat","9":"product_tag-limo-green-co-may-mau","10":"product_tag-vinfast-limo-green-7-cho","11":"product_tag-vinfast-limo-green-7-cho-gia-bao-nhieu","12":"product_tag-vinfast-limo-green-gia-bao-nhieu","13":"product_tag-vinfast-limo-green-noi-that","14":"desktop-align-left","15":"tablet-align-left","16":"mobile-align-left","18":"first","19":"instock","20":"shipping-taxable","21":"purchasable","22":"product-type-variable"},"_links":{"self":[{"href":"https:\/\/topcar.vn\/wp-json\/wp\/v2\/product\/4107","targetHints":{"allow":["GET"]}}],"collection":[{"href":"https:\/\/topcar.vn\/wp-json\/wp\/v2\/product"}],"about":[{"href":"https:\/\/topcar.vn\/wp-json\/wp\/v2\/types\/product"}],"replies":[{"embeddable":true,"href":"https:\/\/topcar.vn\/wp-json\/wp\/v2\/comments?post=4107"}],"version-history":[{"count":2,"href":"https:\/\/topcar.vn\/wp-json\/wp\/v2\/product\/4107\/revisions"}],"predecessor-version":[{"id":4400,"href":"https:\/\/topcar.vn\/wp-json\/wp\/v2\/product\/4107\/revisions\/4400"}],"wp:featuredmedia":[{"embeddable":true,"href":"https:\/\/topcar.vn\/wp-json\/wp\/v2\/media\/4110"}],"wp:attachment":[{"href":"https:\/\/topcar.vn\/wp-json\/wp\/v2\/media?parent=4107"}],"wp:term":[{"taxonomy":"product_brand","embeddable":true,"href":"https:\/\/topcar.vn\/wp-json\/wp\/v2\/product_brand?post=4107"},{"taxonomy":"product_cat","embeddable":true,"href":"https:\/\/topcar.vn\/wp-json\/wp\/v2\/product_cat?post=4107"},{"taxonomy":"product_tag","embeddable":true,"href":"https:\/\/topcar.vn\/wp-json\/wp\/v2\/product_tag?post=4107"}],"curies":[{"name":"wp","href":"https:\/\/api.w.org\/{rel}","templated":true}]}}