{"id":4056,"date":"2025-09-11T14:01:10","date_gmt":"2025-09-11T07:01:10","guid":{"rendered":"https:\/\/khaitest.rf.gd\/?post_type=product&#038;p=4056"},"modified":"2025-12-05T15:24:45","modified_gmt":"2025-12-05T08:24:45","slug":"tham-lot-san-nissan-xtrail","status":"publish","type":"product","link":"https:\/\/topcar.vn\/?product=tham-lot-san-nissan-xtrail","title":{"rendered":"Th\u1ea3m l\u00f3t s\u00e0n Nissan Xtrail"},"content":{"rendered":"<p data-start=\"115\" data-end=\"193\"><em><strong>Th\u1ea3m l\u00f3t s\u00e0n Nissan XTrail, \u00f4m s\u00e1t t\u1eebng g\u00f3c c\u1ea1nh, kh\u00f4ng cong v\u00eanh hay x\u00ea d\u1ecbch khi di chuy\u1ec3n. Nh\u1edd v\u1eady, to\u00e0n b\u1ed9 khoang n\u1ed9i th\u1ea5t lu\u00f4n g\u1ecdn g\u00e0ng v\u00e0 an to\u00e0n. Nissan X-Trail l\u00e0 m\u1eabu SUV gia \u0111\u00ecnh hi\u1ec7n \u0111\u1ea1i, \u0111\u01b0\u1ee3c y\u00eau th\u00edch b\u1edfi thi\u1ebft k\u1ebf r\u1ed9ng r\u00e3i, ti\u1ec7n nghi v\u00e0 kh\u1ea3 n\u0103ng v\u1eadn h\u00e0nh b\u1ec1n b\u1ec9. \u0110\u1ec3 gi\u1eef cho khoang n\u1ed9i th\u1ea5t lu\u00f4n s\u1ea1ch s\u1ebd \u2013 sang tr\u1ecdng \u2013 ti\u1ec7n l\u1ee3i, vi\u1ec7c trang b\u1ecb th\u1ea3m l\u00f3t s\u00e0n form chu\u1ea9n l\u00e0 gi\u1ea3i ph\u00e1p ho\u00e0n h\u1ea3o m\u00e0 ch\u1ee7 xe kh\u00f4ng th\u1ec3 b\u1ecf qua.<\/strong><\/em><\/p>\n<h2 data-start=\"115\" data-end=\"193\">Th\u1ea3m l\u00f3t s\u00e0n Nissan XTrail<\/h2>\n<p data-start=\"195\" data-end=\"494\">Nissan X-Trail l\u00e0 m\u1eabu SUV 5+2 ch\u1ed7 \u0111\u01b0\u1ee3c nhi\u1ec1u gia \u0111\u00ecnh l\u1ef1a ch\u1ecdn nh\u1edd thi\u1ebft k\u1ebf hi\u1ec7n \u0111\u1ea1i, kh\u00f4ng gian r\u1ed9ng r\u00e3i v\u00e0 kh\u1ea3 n\u0103ng v\u1eadn h\u00e0nh b\u1ec1n b\u1ec9. \u0110\u1ec3 gi\u1eef cho khoang xe lu\u00f4n s\u1ea1ch s\u1ebd \u2013 sang tr\u1ecdng \u2013 ti\u1ec7n nghi, vi\u1ec7c trang b\u1ecb th\u1ea3m l\u00f3t s\u00e0n form chu\u1ea9n l\u00e0 l\u1ef1a ch\u1ecdn th\u00f4ng minh m\u00e0 b\u1ea5t k\u1ef3 ch\u1ee7 xe n\u00e0o c\u0169ng n\u00ean c\u00f3.<\/p>\n<figure id=\"attachment_4052\" aria-describedby=\"caption-attachment-4052\" style=\"width: 1024px\" class=\"wp-caption aligncenter\"><img fetchpriority=\"high\" decoding=\"async\" class=\"size-large wp-image-4052\" src=\"http:\/\/khaitest.rf.gd\/wp-content\/uploads\/2025\/09\/Bo-tham-lot-san-Nissan-XTrail--1024x1024.png\" alt=\"Th\u1ea3m l\u00f3t s\u00e0n Nissan XTrail \" width=\"1024\" height=\"1024\" srcset=\"https:\/\/topcar.vn\/wp-content\/uploads\/2025\/09\/Bo-tham-lot-san-Nissan-XTrail--1024x1024.png 1024w, https:\/\/topcar.vn\/wp-content\/uploads\/2025\/09\/Bo-tham-lot-san-Nissan-XTrail--300x300.png 300w, https:\/\/topcar.vn\/wp-content\/uploads\/2025\/09\/Bo-tham-lot-san-Nissan-XTrail--150x150.png 150w, https:\/\/topcar.vn\/wp-content\/uploads\/2025\/09\/Bo-tham-lot-san-Nissan-XTrail--768x767.png 768w, https:\/\/topcar.vn\/wp-content\/uploads\/2025\/09\/Bo-tham-lot-san-Nissan-XTrail--600x599.png 600w, https:\/\/topcar.vn\/wp-content\/uploads\/2025\/09\/Bo-tham-lot-san-Nissan-XTrail--100x100.png 100w, https:\/\/topcar.vn\/wp-content\/uploads\/2025\/09\/Bo-tham-lot-san-Nissan-XTrail-.png 1081w\" sizes=\"(max-width: 1024px) 100vw, 1024px\" \/><figcaption id=\"caption-attachment-4052\" class=\"wp-caption-text\">Th\u1ea3m l\u00f3t s\u00e0n Nissan XTrail \u2013 Ph\u1ee5 ki\u1ec7n ho\u00e0n h\u1ea3o cho SUV gia \u0111\u00ecnh hi\u1ec7n \u0111\u1ea1i<\/figcaption><\/figure>\n<p data-start=\"496\" data-end=\"547\"><strong>Form chu\u1ea9n 100% \u2013 \u0110o ri\u00eang cho Nissan XTrail<\/strong><\/p>\n<p data-start=\"548\" data-end=\"822\">Th\u1ea3m l\u00f3t s\u00e0n \u0111\u01b0\u1ee3c \u0111o c\u1eaft b\u1eb1ng c\u00f4ng ngh\u1ec7 5D ch\u00ednh x\u00e1c tuy\u1ec7t \u0111\u1ed1i, \u00f4m s\u00e1t t\u1eebng chi ti\u1ebft s\u00e0n xe t\u1eeb h\u00e0ng gh\u1ebf tr\u01b0\u1edbc, gh\u1ebf sau \u0111\u1ebfn khoang h\u00e0nh l\u00fd. Thi\u1ebft k\u1ebf v\u1eeba kh\u00edt gi\u00fap th\u1ea3m kh\u00f4ng b\u1ecb cong v\u00eanh hay x\u00ea d\u1ecbch trong qu\u00e1 tr\u00ecnh s\u1eed d\u1ee5ng, mang \u0111\u1ebfn s\u1ef1 g\u1ecdn g\u00e0ng v\u00e0 an to\u00e0n t\u1ed1i \u0111a.<\/p>\n<p data-start=\"824\" data-end=\"876\"><strong>Ch\u1ea5t li\u1ec7u cao c\u1ea5p \u2013 \u0110\u1ea3m b\u1ea3o b\u1ec1n \u0111\u1eb9p v\u00e0 an to\u00e0n<\/strong><\/p>\n<ul>\n<li data-start=\"879\" data-end=\"973\">TPE nguy\u00ean sinh \/ nh\u1ef1a \u0111\u00fac: d\u1ebbo dai, kh\u00e1ng n\u01b0\u1edbc, kh\u00e1ng b\u1ee5i, ch\u1ecbu l\u1ef1c t\u1ed1t, kh\u00f4ng \u0111\u1ed9c h\u1ea1i.<\/li>\n<li data-start=\"976\" data-end=\"1059\">5D cao c\u1ea5p: b\u1ec1 m\u1eb7t da ch\u1ed1ng x\u01b0\u1edbc, m\u1ec1m m\u1ea1i, sang tr\u1ecdng, d\u1ec5 d\u00e0ng v\u1ec7 sinh.<\/li>\n<li data-start=\"1062\" data-end=\"1155\">Th\u00e2n thi\u1ec7n &amp; kh\u00f4ng m\u00f9i: an to\u00e0n tuy\u1ec7t \u0111\u1ed1i cho s\u1ee9c kh\u1ecfe, ph\u00f9 h\u1ee3p c\u1ea3 gia \u0111\u00ecnh c\u00f3 tr\u1ebb nh\u1ecf.<\/li>\n<\/ul>\n<p data-start=\"1157\" data-end=\"1182\"><strong>T\u00ednh n\u0103ng v\u01b0\u1ee3t tr\u1ed9i c\u1ee7a th\u1ea3m l\u00f3t s\u00e0n Nissan XTrail<\/strong><\/p>\n<ul>\n<li data-start=\"1185\" data-end=\"1290\">Ch\u1ed1ng n\u01b0\u1edbc \u2013 ch\u1ed1ng b\u1ea9n tuy\u1ec7t \u0111\u1ed1i: tr\u00e0n vi\u1ec1n cao, ng\u0103n n\u01b0\u1edbc, c\u00e1t b\u1ee5i, th\u1ee9c \u0103n r\u01a1i v\u00e3i l\u1ecdt xu\u1ed1ng s\u00e0n.<\/li>\n<li data-start=\"1293\" data-end=\"1373\">Ch\u1ed1ng tr\u01a1n tr\u01b0\u1ee3t: m\u1eb7t d\u01b0\u1edbi b\u00e1m ch\u1eafc, gi\u1eef th\u1ea3m c\u1ed1 \u0111\u1ecbnh tr\u00ean m\u1ecdi cung \u0111\u01b0\u1eddng.<\/li>\n<li data-start=\"1376\" data-end=\"1476\">D\u1ec5 d\u00e0ng v\u1ec7 sinh: c\u00f3 th\u1ec3 th\u00e1o r\u1eddi, x\u1ecbt r\u1eeda nhanh ho\u1eb7c lau b\u1eb1ng kh\u0103n \u1ea9m, th\u1ea3m lu\u00f4n s\u1ea1ch nh\u01b0 m\u1edbi.<\/li>\n<li data-start=\"1479\" data-end=\"1580\">\u0110\u1ed9 b\u1ec1n cao: th\u00edch nghi t\u1ed1t v\u1edbi th\u1eddi ti\u1ebft n\u00f3ng \u1ea9m t\u1ea1i Vi\u1ec7t Nam, kh\u00f4ng phai m\u00e0u, kh\u00f4ng bong tr\u00f3c.<\/li>\n<\/ul>\n<figure id=\"attachment_4053\" aria-describedby=\"caption-attachment-4053\" style=\"width: 1024px\" class=\"wp-caption aligncenter\"><img decoding=\"async\" class=\"size-large wp-image-4053\" src=\"http:\/\/khaitest.rf.gd\/wp-content\/uploads\/2025\/09\/Tham-lot-san-Nissan-XTrail--1024x1024.png\" alt=\"Th\u1ea3m l\u00f3t s\u00e0n \u0111\u01b0\u1ee3c \u0111o c\u1eaft b\u1eb1ng c\u00f4ng ngh\u1ec7 5D\" width=\"1024\" height=\"1024\" srcset=\"https:\/\/topcar.vn\/wp-content\/uploads\/2025\/09\/Tham-lot-san-Nissan-XTrail--1024x1024.png 1024w, https:\/\/topcar.vn\/wp-content\/uploads\/2025\/09\/Tham-lot-san-Nissan-XTrail--300x300.png 300w, https:\/\/topcar.vn\/wp-content\/uploads\/2025\/09\/Tham-lot-san-Nissan-XTrail--150x150.png 150w, https:\/\/topcar.vn\/wp-content\/uploads\/2025\/09\/Tham-lot-san-Nissan-XTrail--768x767.png 768w, https:\/\/topcar.vn\/wp-content\/uploads\/2025\/09\/Tham-lot-san-Nissan-XTrail--600x599.png 600w, https:\/\/topcar.vn\/wp-content\/uploads\/2025\/09\/Tham-lot-san-Nissan-XTrail--100x100.png 100w, https:\/\/topcar.vn\/wp-content\/uploads\/2025\/09\/Tham-lot-san-Nissan-XTrail-.png 1081w\" sizes=\"(max-width: 1024px) 100vw, 1024px\" \/><figcaption id=\"caption-attachment-4053\" class=\"wp-caption-text\">Th\u1ea3m l\u00f3t s\u00e0n \u0111\u01b0\u1ee3c \u0111o c\u1eaft b\u1eb1ng c\u00f4ng ngh\u1ec7 5D ch\u00ednh x\u00e1c tuy\u1ec7t \u0111\u1ed1i, \u00f4m s\u00e1t t\u1eebng chi ti\u1ebft s\u00e0n xe t\u1eeb h\u00e0ng gh\u1ebf tr\u01b0\u1edbc, gh\u1ebf sau \u0111\u1ebfn khoang h\u00e0nh l\u00fd.<\/figcaption><\/figure>\n<p data-start=\"1869\" data-end=\"1918\"><strong>Th\u1ea3m l\u00f3t s\u00e0n Nissan XTrail t\u0103ng th\u1ea9m m\u1ef9 cho n\u1ed9i th\u1ea5t XTrail<\/strong><\/p>\n<p data-start=\"1622\" data-end=\"1862\">B\u1ed9 th\u1ea3m kh\u00f4ng ch\u1ec9 b\u1ea3o v\u1ec7 m\u00e0 c\u00f2n t\u00f4n vinh s\u1ef1 sang tr\u1ecdng trong khoang n\u1ed9i th\u1ea5t. V\u1edbi nhi\u1ec1u l\u1ef1a ch\u1ecdn m\u00e0u s\u1eafc: \u0111en l\u1ecbch l\u00e3m, n\u00e2u sang tr\u1ecdng, be thanh nh\u00e3, \u0111\u1ecf vi\u1ec1n c\u00e1 t\u00ednh, b\u1ea1n c\u00f3 th\u1ec3 d\u1ec5 d\u00e0ng t\u00f9y ch\u1ec9nh theo s\u1edf th\u00edch v\u00e0 phong c\u00e1ch ri\u00eang.<\/p>\n<h2 data-start=\"1869\" data-end=\"1918\">V\u00ec sao n\u00ean ch\u1ecdn th\u1ea3m l\u00f3t s\u00e0n Nissan XTrail t\u1ea1i Topcar?<\/h2>\n<ul>\n<li data-start=\"1921\" data-end=\"1980\"><strong>Th\u1ea3m l\u00f3t s\u00e0n Nissan XTrail b<\/strong>\u1ea3o v\u1ec7 to\u00e0n di\u1ec7n s\u00e0n xe, gi\u1eef n\u1ed9i th\u1ea5t s\u1ea1ch s\u1ebd v\u00e0 nh\u01b0 m\u1edbi.<\/li>\n<li data-start=\"1983\" data-end=\"2031\">T\u0103ng t\u00ednh th\u1ea9m m\u1ef9, n\u00e2ng t\u1ea7m gi\u00e1 tr\u1ecb chi\u1ebfc SUV.<\/li>\n<li data-start=\"2034\" data-end=\"2080\">D\u1ec5 v\u1ec7 sinh, ti\u1ebft ki\u1ec7m th\u1eddi gian ch\u0103m s\u00f3c xe.<\/li>\n<li data-start=\"2083\" data-end=\"2147\">\u0110\u1ed9 b\u1ec1n v\u01b0\u1ee3t tr\u1ed9i, s\u1eed d\u1ee5ng l\u00e2u d\u00e0i, ph\u00f9 h\u1ee3p v\u1edbi m\u1ecdi h\u00e0nh tr\u00ecnh.<\/li>\n<\/ul>\n<p data-start=\"2154\" data-end=\"2352\">\u00a0V\u1edbi th\u1ea3m l\u00f3t s\u00e0n Nissan XTrail form chu\u1ea9n, b\u1ea1n kh\u00f4ng ch\u1ec9 s\u1edf h\u1eefu m\u1ed9t ph\u1ee5 ki\u1ec7n b\u1ea3o v\u1ec7 \u0111\u01a1n thu\u1ea7n, m\u00e0 c\u00f2n c\u00f3 m\u1ed9t gi\u1ea3i ph\u00e1p n\u00e2ng t\u1ea7m ti\u1ec7n nghi v\u00e0 phong c\u00e1ch cho chi\u1ebfc SUV gia \u0111\u00ecnh hi\u1ec7n \u0111\u1ea1i.<\/p>\n<figure id=\"attachment_4054\" aria-describedby=\"caption-attachment-4054\" style=\"width: 1024px\" class=\"wp-caption aligncenter\"><img decoding=\"async\" class=\"size-large wp-image-4054\" src=\"http:\/\/khaitest.rf.gd\/wp-content\/uploads\/2025\/09\/Tham-lot-san-oto-Nissan-XTrail--1024x1024.png\" alt=\"Th\u1ea3m l\u00f3t s\u00e0n Nissan X-Trail form chu\u1ea9n\" width=\"1024\" height=\"1024\" srcset=\"https:\/\/topcar.vn\/wp-content\/uploads\/2025\/09\/Tham-lot-san-oto-Nissan-XTrail--1024x1024.png 1024w, https:\/\/topcar.vn\/wp-content\/uploads\/2025\/09\/Tham-lot-san-oto-Nissan-XTrail--300x300.png 300w, https:\/\/topcar.vn\/wp-content\/uploads\/2025\/09\/Tham-lot-san-oto-Nissan-XTrail--150x150.png 150w, https:\/\/topcar.vn\/wp-content\/uploads\/2025\/09\/Tham-lot-san-oto-Nissan-XTrail--768x767.png 768w, https:\/\/topcar.vn\/wp-content\/uploads\/2025\/09\/Tham-lot-san-oto-Nissan-XTrail--600x599.png 600w, https:\/\/topcar.vn\/wp-content\/uploads\/2025\/09\/Tham-lot-san-oto-Nissan-XTrail--100x100.png 100w, https:\/\/topcar.vn\/wp-content\/uploads\/2025\/09\/Tham-lot-san-oto-Nissan-XTrail-.png 1081w\" sizes=\"(max-width: 1024px) 100vw, 1024px\" \/><figcaption id=\"caption-attachment-4054\" class=\"wp-caption-text\">V\u1edbi th\u1ea3m l\u00f3t s\u00e0n Nissan X-Trail form chu\u1ea9n, b\u1ea1n kh\u00f4ng ch\u1ec9 s\u1edf h\u1eefu m\u1ed9t ph\u1ee5 ki\u1ec7n b\u1ea3o v\u1ec7 \u0111\u01a1n thu\u1ea7n, m\u00e0 c\u00f2n c\u00f3 m\u1ed9t gi\u1ea3i ph\u00e1p n\u00e2ng t\u1ea7m ti\u1ec7n nghi v\u00e0 phong c\u00e1ch cho chi\u1ebfc SUV gia \u0111\u00ecnh hi\u1ec7n \u0111\u1ea1i.<\/figcaption><\/figure>\n<p data-pm-slice=\"0 0 []\"><strong>Li\u00ean h\u1ec7 ngay \u0111\u1ec3 \u0111\u01b0\u1ee3c t\u01b0 v\u1ea5n &amp; \u0111\u1eb7t h\u00e0ng:<\/strong><\/p>\n<p>\ud83d\udcdeHotline \/ Zalo: 0889.385.222<\/p>\n<p>\ud83c\udfe0 \u0110\u1ecba ch\u1ec9: S\u1ed1 9 BT2, Khu \u0111\u00f4 th\u1ecb Foresa Xu\u00e2n Ph\u01b0\u01a1ng, Nam T\u1eeb Li\u00eam, H\u00e0 N\u1ed9i<\/p>\n<p>\ud83c\udf10 Website: https:\/\/Topcar.vn<\/p>\n","protected":false},"excerpt":{"rendered":"<ul>\n<li>Mi\u1ec5n ph\u00ed giao h\u00e0ng to\u00e0n qu\u1ed1c<\/li>\n<li>Nh\u1eadn h\u00e0ng &gt; L\u1eafp \u0111\u1eb7t &gt; Thanh to\u00e1n<\/li>\n<li>B\u1ea3o h\u00e0nh 5 n\u0103m<\/li>\n<\/ul>\n","protected":false},"featured_media":4034,"comment_status":"closed","ping_status":"closed","template":"","meta":{"site-sidebar-layout":"no-sidebar","site-content-layout":"content-boxed-container","ast-site-content-layout":"normal-width-container","site-content-style":"boxed","site-sidebar-style":"unboxed","ast-global-header-display":"","ast-banner-title-visibility":"","ast-main-header-display":"","ast-hfb-above-header-display":"","ast-hfb-below-header-display":"","ast-hfb-mobile-header-display":"","site-post-title":"","ast-breadcrumbs-content":"","ast-featured-img":"","footer-sml-layout":"","ast-disable-related-posts":"","theme-transparent-header-meta":"default","adv-header-id-meta":"","stick-header-meta":"","header-above-stick-meta":"","header-main-stick-meta":"","header-below-stick-meta":"","astra-migrate-meta-layouts":"set","ast-page-background-enabled":"default","ast-page-background-meta":{"desktop":{"background-color":"var(--ast-global-color-4)","background-image":"","background-repeat":"repeat","background-position":"center center","background-size":"auto","background-attachment":"scroll","background-type":"","background-media":"","overlay-type":"","overlay-color":"","overlay-opacity":"","overlay-gradient":""},"tablet":{"background-color":"","background-image":"","background-repeat":"repeat","background-position":"center center","background-size":"auto","background-attachment":"scroll","background-type":"","background-media":"","overlay-type":"","overlay-color":"","overlay-opacity":"","overlay-gradient":""},"mobile":{"background-color":"","background-image":"","background-repeat":"repeat","background-position":"center center","background-size":"auto","background-attachment":"scroll","background-type":"","background-media":"","overlay-type":"","overlay-color":"","overlay-opacity":"","overlay-gradient":""}},"ast-content-background-meta":{"desktop":{"background-color":"var(--ast-global-color-5)","background-image":"","background-repeat":"repeat","background-position":"center center","background-size":"auto","background-attachment":"scroll","background-type":"","background-media":"","overlay-type":"","overlay-color":"","overlay-opacity":"","overlay-gradient":""},"tablet":{"background-color":"var(--ast-global-color-5)","background-image":"","background-repeat":"repeat","background-position":"center center","background-size":"auto","background-attachment":"scroll","background-type":"","background-media":"","overlay-type":"","overlay-color":"","overlay-opacity":"","overlay-gradient":""},"mobile":{"background-color":"var(--ast-global-color-5)","background-image":"","background-repeat":"repeat","background-position":"center center","background-size":"auto","background-attachment":"scroll","background-type":"","background-media":"","overlay-type":"","overlay-color":"","overlay-opacity":"","overlay-gradient":""}}},"product_brand":[],"product_cat":[59,43],"product_tag":[224,225,222,75,223],"class_list":{"0":"post-4056","1":"product","2":"type-product","3":"status-publish","4":"has-post-thumbnail","6":"product_cat-tham-lot-san-o-to-nissan","7":"product_cat-tham-lot-san-o-to","8":"product_tag-nissan-terra-2025-gia-bao-nhieu","9":"product_tag-nissan-terra-co-bao-nhieu-phien-ban","10":"product_tag-nissan-terra-dai-bao-nhieu-met","11":"product_tag-tham-lot-san-o-to-tot-nhat-hien-nay","12":"product_tag-xe-nissan-5-cho-gia-bao-nhieu","13":"desktop-align-left","14":"tablet-align-left","15":"mobile-align-left","17":"first","18":"instock","19":"shipping-taxable","20":"purchasable","21":"product-type-variable"},"_links":{"self":[{"href":"https:\/\/topcar.vn\/index.php?rest_route=\/wp\/v2\/product\/4056","targetHints":{"allow":["GET"]}}],"collection":[{"href":"https:\/\/topcar.vn\/index.php?rest_route=\/wp\/v2\/product"}],"about":[{"href":"https:\/\/topcar.vn\/index.php?rest_route=\/wp\/v2\/types\/product"}],"replies":[{"embeddable":true,"href":"https:\/\/topcar.vn\/index.php?rest_route=%2Fwp%2Fv2%2Fcomments&post=4056"}],"version-history":[{"count":2,"href":"https:\/\/topcar.vn\/index.php?rest_route=\/wp\/v2\/product\/4056\/revisions"}],"predecessor-version":[{"id":4395,"href":"https:\/\/topcar.vn\/index.php?rest_route=\/wp\/v2\/product\/4056\/revisions\/4395"}],"wp:featuredmedia":[{"embeddable":true,"href":"https:\/\/topcar.vn\/index.php?rest_route=\/wp\/v2\/media\/4034"}],"wp:attachment":[{"href":"https:\/\/topcar.vn\/index.php?rest_route=%2Fwp%2Fv2%2Fmedia&parent=4056"}],"wp:term":[{"taxonomy":"product_brand","embeddable":true,"href":"https:\/\/topcar.vn\/index.php?rest_route=%2Fwp%2Fv2%2Fproduct_brand&post=4056"},{"taxonomy":"product_cat","embeddable":true,"href":"https:\/\/topcar.vn\/index.php?rest_route=%2Fwp%2Fv2%2Fproduct_cat&post=4056"},{"taxonomy":"product_tag","embeddable":true,"href":"https:\/\/topcar.vn\/index.php?rest_route=%2Fwp%2Fv2%2Fproduct_tag&post=4056"}],"curies":[{"name":"wp","href":"https:\/\/api.w.org\/{rel}","templated":true}]}}