{"id":2361,"date":"2025-07-29T20:40:52","date_gmt":"2025-07-29T13:40:52","guid":{"rendered":"http:\/\/khaitest.rf.gd\/?post_type=product&#038;p=2361"},"modified":"2025-12-05T14:38:28","modified_gmt":"2025-12-05T07:38:28","slug":"tham-lot-san-honda-cr-v-2024-5-cho","status":"publish","type":"product","link":"https:\/\/topcar.vn\/?product=tham-lot-san-honda-cr-v-2024-5-cho","title":{"rendered":"Th\u1ea3m l\u00f3t s\u00e0n Honda CR-V 2024 (5 ch\u1ed7)"},"content":{"rendered":"<p data-start=\"226\" data-end=\"592\"><strong data-start=\"226\" data-end=\"255\">Honda CR-V 2024 b\u1ea3n 5 ch\u1ed7<\/strong> l\u00e0 m\u1eabu SUV th\u1ebf h\u1ec7 m\u1edbi v\u1edbi thi\u1ebft k\u1ebf m\u1ea1nh m\u1ebd, n\u1ed9i th\u1ea5t cao c\u1ea5p v\u00e0 trang b\u1ecb nhi\u1ec1u c\u00f4ng ngh\u1ec7 hi\u1ec7n \u0111\u1ea1i. Tuy nhi\u00ean, trong \u0111i\u1ec1u ki\u1ec7n kh\u00ed h\u1eadu n\u00f3ng \u1ea9m, nhi\u1ec1u b\u1ee5i b\u1ea9n t\u1ea1i Vi\u1ec7t Nam, s\u00e0n xe r\u1ea5t d\u1ec5 b\u00e1m b\u1ee5i, \u1ea9m m\u1ed1c v\u00e0 tr\u1ea7y x\u01b0\u1edbc. Gi\u1ea3i ph\u00e1p hi\u1ec7u qu\u1ea3 \u0111\u1ec3 b\u1ea3o v\u1ec7 s\u00e0n xe ch\u00ednh l\u00e0 s\u1eed d\u1ee5ng <strong>Th\u1ea3m l\u00f3t s\u00e0n Honda CR-V 2024 (5 ch\u1ed7)\u00a0b\u1eb1ng ch\u1ea5t li\u1ec7u TPE cao c\u1ea5p<\/strong>.<\/p>\n<hr data-start=\"594\" data-end=\"597\" \/>\n<h2 data-section-id=\"h6xmia\" data-start=\"599\" data-end=\"658\">Gi\u1edbi thi\u1ec7u s\u1ea3n ph\u1ea9m Th\u1ea3m l\u00f3t s\u00e0n Honda CR-V 2024 (5 ch\u1ed7)<\/h2>\n<figure id=\"attachment_3410\" aria-describedby=\"caption-attachment-3410\" style=\"width: 1024px\" class=\"wp-caption aligncenter\"><img fetchpriority=\"high\" decoding=\"async\" class=\"wp-image-3410 size-large\" src=\"http:\/\/khaitest.rf.gd\/wp-content\/uploads\/2025\/07\/tham-lot-san-honda-cr-v-2024-5-cho-1-1024x1024.webp\" alt=\"Th\u1ea3m l\u00f3t s\u00e0n Honda CR-V 2024 (5 ch\u1ed7)\" width=\"1024\" height=\"1024\" srcset=\"https:\/\/topcar.vn\/wp-content\/uploads\/2025\/07\/tham-lot-san-honda-cr-v-2024-5-cho-1-1024x1024.webp 1024w, https:\/\/topcar.vn\/wp-content\/uploads\/2025\/07\/tham-lot-san-honda-cr-v-2024-5-cho-1-300x300.webp 300w, https:\/\/topcar.vn\/wp-content\/uploads\/2025\/07\/tham-lot-san-honda-cr-v-2024-5-cho-1-150x150.webp 150w, https:\/\/topcar.vn\/wp-content\/uploads\/2025\/07\/tham-lot-san-honda-cr-v-2024-5-cho-1-768x767.webp 768w, https:\/\/topcar.vn\/wp-content\/uploads\/2025\/07\/tham-lot-san-honda-cr-v-2024-5-cho-1-600x599.webp 600w, https:\/\/topcar.vn\/wp-content\/uploads\/2025\/07\/tham-lot-san-honda-cr-v-2024-5-cho-1-100x100.webp 100w, https:\/\/topcar.vn\/wp-content\/uploads\/2025\/07\/tham-lot-san-honda-cr-v-2024-5-cho-1.webp 1081w\" sizes=\"(max-width: 1024px) 100vw, 1024px\" \/><figcaption id=\"caption-attachment-3410\" class=\"wp-caption-text\">Th\u1ea3m l\u00f3t s\u00e0n Honda CR-V 2024 (5 ch\u1ed7)<\/figcaption><\/figure>\n<p data-start=\"660\" data-end=\"869\"><strong data-start=\"660\" data-end=\"700\">Th\u1ea3m l\u00f3t s\u00e0n Honda CR-V 2024<\/strong>\u00a0\u0111\u01b0\u1ee3c thi\u1ebft k\u1ebf ri\u00eang theo k\u00edch th\u01b0\u1edbc chu\u1ea9n form s\u00e0n xe, \u1ee9ng d\u1ee5ng c\u00f4ng ngh\u1ec7 <strong data-start=\"775\" data-end=\"800\">\u0111\u00fac khu\u00f4n 3D \u00e9p nhi\u1ec7t<\/strong>, \u00f4m s\u00e1t t\u1eebng chi ti\u1ebft n\u1ed9i th\u1ea5t t\u1eeb h\u00e0ng gh\u1ebf tr\u01b0\u1edbc \u0111\u1ebfn khoang h\u00e0nh l\u00fd.<\/p>\n<p data-start=\"871\" data-end=\"1024\">Ch\u1ea5t li\u1ec7u <strong data-start=\"881\" data-end=\"900\">TPE nguy\u00ean sinh<\/strong>, kh\u00f4ng m\u00f9i, kh\u00f4ng ch\u1ee9a ch\u1ea5t \u0111\u1ed9c h\u1ea1i, th\u00e2n thi\u1ec7n v\u1edbi m\u00f4i tr\u01b0\u1eddng v\u00e0 an to\u00e0n cho ng\u01b0\u1eddi s\u1eed d\u1ee5ng, k\u1ec3 c\u1ea3 tr\u1ebb nh\u1ecf v\u00e0 ng\u01b0\u1eddi d\u1ecb \u1ee9ng.<\/p>\n<p data-start=\"1026\" data-end=\"1256\">B\u1ec1 m\u1eb7t th\u1ea3m c\u00f3 c\u00e1c <strong data-start=\"1045\" data-end=\"1075\">\u0111\u01b0\u1eddng g\u00e2n ch\u1ed1ng tr\u01a1n tr\u01b0\u1ee3t<\/strong>, trong khi m\u1eb7t d\u01b0\u1edbi t\u00edch h\u1ee3p <strong data-start=\"1105\" data-end=\"1120\">gai c\u1ed1 \u0111\u1ecbnh<\/strong>, gi\u00fap th\u1ea3m kh\u00f4ng b\u1ecb x\u00f4 l\u1ec7ch trong qu\u00e1 tr\u00ecnh s\u1eed d\u1ee5ng. C\u00e1c <strong data-start=\"1178\" data-end=\"1197\">r\u00e3nh ch\u1ed1ng tr\u00e0n<\/strong> hi\u1ec7u qu\u1ea3 trong vi\u1ec7c gi\u1eef n\u01b0\u1edbc, b\u00f9n \u0111\u1ea5t kh\u00f4ng lan ra s\u00e0n xe.<\/p>\n<hr data-start=\"1258\" data-end=\"1261\" \/>\n<h2 data-section-id=\"1yjsv7l\" data-start=\"1263\" data-end=\"1293\">Th\u00f4ng tin chi ti\u1ebft s\u1ea3n ph\u1ea9m Th\u1ea3m l\u00f3t s\u00e0n Honda CR-V 2024 (5 ch\u1ed7)<\/h2>\n<figure id=\"attachment_3413\" aria-describedby=\"caption-attachment-3413\" style=\"width: 1024px\" class=\"wp-caption aligncenter\"><img decoding=\"async\" class=\"size-large wp-image-3413\" src=\"http:\/\/khaitest.rf.gd\/wp-content\/uploads\/2025\/07\/tham-lot-san-honda-cr-v-2024-5-cho-3-1024x1024.webp\" alt=\"Th\u1ea3m l\u00f3t s\u00e0n Honda CR-V 2024 (5 ch\u1ed7)\" width=\"1024\" height=\"1024\" srcset=\"https:\/\/topcar.vn\/wp-content\/uploads\/2025\/07\/tham-lot-san-honda-cr-v-2024-5-cho-3-1024x1024.webp 1024w, https:\/\/topcar.vn\/wp-content\/uploads\/2025\/07\/tham-lot-san-honda-cr-v-2024-5-cho-3-300x300.webp 300w, https:\/\/topcar.vn\/wp-content\/uploads\/2025\/07\/tham-lot-san-honda-cr-v-2024-5-cho-3-150x150.webp 150w, https:\/\/topcar.vn\/wp-content\/uploads\/2025\/07\/tham-lot-san-honda-cr-v-2024-5-cho-3-768x767.webp 768w, https:\/\/topcar.vn\/wp-content\/uploads\/2025\/07\/tham-lot-san-honda-cr-v-2024-5-cho-3-600x599.webp 600w, https:\/\/topcar.vn\/wp-content\/uploads\/2025\/07\/tham-lot-san-honda-cr-v-2024-5-cho-3-100x100.webp 100w, https:\/\/topcar.vn\/wp-content\/uploads\/2025\/07\/tham-lot-san-honda-cr-v-2024-5-cho-3.webp 1081w\" sizes=\"(max-width: 1024px) 100vw, 1024px\" \/><figcaption id=\"caption-attachment-3413\" class=\"wp-caption-text\">Th\u1ea3m l\u00f3t s\u00e0n Honda CR-V 2024 (5 ch\u1ed7)<\/figcaption><\/figure>\n<ul data-start=\"1295\" data-end=\"1606\">\n<li data-start=\"1295\" data-end=\"1343\">\n<p data-start=\"1297\" data-end=\"1343\"><strong data-start=\"1297\" data-end=\"1317\">Lo\u1ea1i xe ph\u00f9 h\u1ee3p:<\/strong> Honda CR-V 2024 (5 ch\u1ed7)<\/p>\n<\/li>\n<li data-start=\"1344\" data-end=\"1397\">\n<p data-start=\"1346\" data-end=\"1397\"><strong data-start=\"1346\" data-end=\"1360\">Ch\u1ea5t li\u1ec7u:<\/strong> TPE nguy\u00ean sinh, an to\u00e0n tuy\u1ec7t \u0111\u1ed1i<\/p>\n<\/li>\n<li data-start=\"1398\" data-end=\"1447\">\n<p data-start=\"1400\" data-end=\"1447\"><strong data-start=\"1400\" data-end=\"1423\">C\u00f4ng ngh\u1ec7 s\u1ea3n xu\u1ea5t:<\/strong> \u0110\u00fac khu\u00f4n \u00e9p nhi\u1ec7t 3D<\/p>\n<\/li>\n<li data-start=\"1448\" data-end=\"1510\">\n<p data-start=\"1450\" data-end=\"1510\"><strong data-start=\"1450\" data-end=\"1474\">C\u1ea5u t\u1ea1o b\u1ed9 s\u1ea3n ph\u1ea9m:<\/strong> Th\u1ea3m 2 h\u00e0ng gh\u1ebf v\u00e0 khoang h\u00e0nh l\u00fd<\/p>\n<\/li>\n<li data-start=\"1511\" data-end=\"1552\">\n<p data-start=\"1513\" data-end=\"1552\"><strong data-start=\"1513\" data-end=\"1525\">M\u00e0u s\u1eafc:<\/strong> \u0110en cao c\u1ea5p \u2013 d\u1ec5 v\u1ec7 sinh<\/p>\n<\/li>\n<li data-start=\"1553\" data-end=\"1606\">\n<p data-start=\"1555\" data-end=\"1606\"><strong data-start=\"1555\" data-end=\"1568\">B\u1ea3o h\u00e0nh:<\/strong> 5 n\u0103m \u2013 1 \u0111\u1ed5i 1 n\u1ebfu c\u00f3 l\u1ed7i k\u1ef9 thu\u1eadt<\/p>\n<\/li>\n<\/ul>\n<hr data-start=\"1608\" data-end=\"1611\" \/>\n<h2 data-section-id=\"fmi9cw\" data-start=\"1613\" data-end=\"1631\">\u01afu \u0111i\u1ec3m n\u1ed5i b\u1eadt<\/h2>\n<figure id=\"attachment_3414\" aria-describedby=\"caption-attachment-3414\" style=\"width: 1024px\" class=\"wp-caption aligncenter\"><img decoding=\"async\" class=\"size-large wp-image-3414\" src=\"http:\/\/khaitest.rf.gd\/wp-content\/uploads\/2025\/07\/tham-lot-san-honda-cr-v-2024-5-cho-4-1024x1024.webp\" alt=\"Th\u1ea3m l\u00f3t s\u00e0n Honda CR-V 2024 (5 ch\u1ed7)\" width=\"1024\" height=\"1024\" srcset=\"https:\/\/topcar.vn\/wp-content\/uploads\/2025\/07\/tham-lot-san-honda-cr-v-2024-5-cho-4-1024x1024.webp 1024w, https:\/\/topcar.vn\/wp-content\/uploads\/2025\/07\/tham-lot-san-honda-cr-v-2024-5-cho-4-300x300.webp 300w, https:\/\/topcar.vn\/wp-content\/uploads\/2025\/07\/tham-lot-san-honda-cr-v-2024-5-cho-4-150x150.webp 150w, https:\/\/topcar.vn\/wp-content\/uploads\/2025\/07\/tham-lot-san-honda-cr-v-2024-5-cho-4-768x767.webp 768w, https:\/\/topcar.vn\/wp-content\/uploads\/2025\/07\/tham-lot-san-honda-cr-v-2024-5-cho-4-600x599.webp 600w, https:\/\/topcar.vn\/wp-content\/uploads\/2025\/07\/tham-lot-san-honda-cr-v-2024-5-cho-4-100x100.webp 100w, https:\/\/topcar.vn\/wp-content\/uploads\/2025\/07\/tham-lot-san-honda-cr-v-2024-5-cho-4.webp 1081w\" sizes=\"(max-width: 1024px) 100vw, 1024px\" \/><figcaption id=\"caption-attachment-3414\" class=\"wp-caption-text\">Th\u1ea3m l\u00f3t s\u00e0n Honda CR-V 2024 (5 ch\u1ed7)<\/figcaption><\/figure>\n<p data-start=\"125\" data-end=\"437\"><strong data-start=\"125\" data-end=\"212\">Kh\u00f4ng m\u00f9i \u2013 Kh\u00f4ng \u0111\u1ed9c h\u1ea1i: Th\u00e2n thi\u1ec7n v\u1edbi s\u1ee9c kh\u1ecfe, ph\u00f9 h\u1ee3p cho gia \u0111\u00ecnh c\u00f3 tr\u1ebb nh\u1ecf<\/strong><br data-start=\"212\" data-end=\"215\" \/>Th\u1ea3m \u0111\u01b0\u1ee3c l\u00e0m t\u1eeb ch\u1ea5t li\u1ec7u TPE nguy\u00ean sinh, kh\u00f4ng pha t\u1ea1p, \u0111\u1ea3m b\u1ea3o an to\u00e0n tuy\u1ec7t \u0111\u1ed1i. Ng\u01b0\u1eddi d\u00f9ng s\u1ebd kh\u00f4ng b\u1ecb kh\u00f3 ch\u1ecbu b\u1edfi m\u00f9i cao su hay h\u00f3a ch\u1ea5t. \u0110\u00e2y l\u00e0 l\u1ef1a ch\u1ecdn l\u00fd t\u01b0\u1edfng cho nh\u1eefng gia \u0111\u00ecnh c\u00f3 tr\u1ebb nh\u1ecf v\u00e0 ng\u01b0\u1eddi nh\u1ea1y c\u1ea3m.<\/p>\n<p data-start=\"439\" data-end=\"720\"><strong data-start=\"439\" data-end=\"515\">Ch\u1ed1ng tr\u01b0\u1ee3t \u2013 C\u1ed1 \u0111\u1ecbnh ch\u1eafc ch\u1eafn: Gai b\u00e1m gi\u1eef th\u1ea3m \u1ed5n \u0111\u1ecbnh, kh\u00f4ng x\u00f4 l\u1ec7ch<\/strong><br data-start=\"515\" data-end=\"518\" \/>M\u1eb7t d\u01b0\u1edbi th\u1ea3m \u0111\u01b0\u1ee3c thi\u1ebft k\u1ebf gai b\u00e1m ch\u1eafc v\u00e0o s\u00e0n xe, h\u1ea1n ch\u1ebf tr\u01b0\u1ee3t khi v\u1eadn h\u00e0nh. Nh\u1edd \u0111\u00f3, th\u1ea3m kh\u00f4ng b\u1ecb x\u00f4 l\u1ec7ch g\u00e2y v\u01b0\u1edbng ch\u00e2n ga hay ch\u00e2n phanh. \u0110i\u1ec1u n\u00e0y gi\u00fap t\u0103ng s\u1ef1 an to\u00e0n v\u00e0 y\u00ean t\u00e2m cho ng\u01b0\u1eddi l\u00e1i.<\/p>\n<p data-start=\"722\" data-end=\"1005\"><strong data-start=\"722\" data-end=\"800\">Ng\u0103n n\u01b0\u1edbc \u2013 Ch\u1ed1ng b\u00e1m b\u1ee5i: B\u1ea3o v\u1ec7 s\u00e0n xe to\u00e0n di\u1ec7n, \u0111\u1eb7c bi\u1ec7t trong m\u00f9a m\u01b0a<\/strong><br data-start=\"800\" data-end=\"803\" \/>B\u1ec1 m\u1eb7t th\u1ea3m ch\u1ed1ng th\u1ea5m, gi\u1eef l\u1ea1i to\u00e0n b\u1ed9 n\u01b0\u1edbc, \u0111\u1ea5t c\u00e1t v\u00e0 b\u00f9n b\u1ea9n. Nh\u1edd v\u1eady, s\u00e0n xe lu\u00f4n kh\u00f4 r\u00e1o v\u00e0 s\u1ea1ch s\u1ebd d\u00f9 di chuy\u1ec3n trong \u0111i\u1ec1u ki\u1ec7n m\u01b0a gi\u00f3. \u0110\u00e2y l\u00e0 l\u1edbp b\u1ea3o v\u1ec7 hi\u1ec7u qu\u1ea3 \u0111\u1ec3 k\u00e9o d\u00e0i tu\u1ed5i th\u1ecd n\u1ed9i th\u1ea5t.<\/p>\n<p data-start=\"1007\" data-end=\"1308\"><strong data-start=\"1007\" data-end=\"1094\">Ch\u1ecbu nhi\u1ec7t t\u1ed1t \u2013 Kh\u00f4ng cong v\u00eanh: D\u00f9ng \u0111\u01b0\u1ee3c quanh n\u0103m trong m\u1ecdi \u0111i\u1ec1u ki\u1ec7n th\u1eddi ti\u1ebft<\/strong><br data-start=\"1094\" data-end=\"1097\" \/>Th\u1ea3m v\u1eabn gi\u1eef \u0111\u01b0\u1ee3c form chu\u1ea9n ngay c\u1ea3 khi xe ph\u01a1i d\u01b0\u1edbi n\u1eafng g\u1eaft nhi\u1ec1u gi\u1edd. Kh\u1ea3 n\u0103ng ch\u1ed1ng co ng\u00f3t v\u00e0 cong v\u00eanh v\u01b0\u1ee3t tr\u1ed9i so v\u1edbi th\u1ea3m th\u00f4ng th\u01b0\u1eddng. Ng\u01b0\u1eddi d\u00f9ng c\u00f3 th\u1ec3 an t\u00e2m s\u1eed d\u1ee5ng b\u1ed1n m\u00f9a m\u00e0 kh\u00f4ng lo bi\u1ebfn d\u1ea1ng.<\/p>\n<p data-start=\"1310\" data-end=\"1570\"><strong data-start=\"1310\" data-end=\"1380\">D\u1ec5 v\u1ec7 sinh: C\u00f3 th\u1ec3 x\u1ecbt n\u01b0\u1edbc tr\u1ef1c ti\u1ebfp, kh\u00f4ng c\u1ea7n th\u00e1o r\u1eddi ph\u1ee9c t\u1ea1p<\/strong><br data-start=\"1380\" data-end=\"1383\" \/>Khi b\u1ecb b\u00e1m b\u1ea9n, b\u1ea1n ch\u1ec9 c\u1ea7n l\u1ea5y v\u00f2i x\u1ecbt r\u1eeda nh\u1eb9 l\u00e0 th\u1ea3m l\u1ea1i nh\u01b0 m\u1edbi. Kh\u00f4ng t\u1ed1n nhi\u1ec1u th\u1eddi gian hay ph\u1ea3i th\u00e1o r\u1eddi r\u01b0\u1eddm r\u00e0. \u0110i\u1ec1u n\u00e0y mang l\u1ea1i s\u1ef1 ti\u1ec7n l\u1ee3i t\u1ed1i \u0111a cho qu\u00e1 tr\u00ecnh ch\u0103m s\u00f3c xe.<\/p>\n<p data-start=\"1572\" data-end=\"1834\"><strong data-start=\"1572\" data-end=\"1640\">T\u0103ng th\u1ea9m m\u1ef9 n\u1ed9i th\u1ea5t: Gi\u1eef khoang cabin lu\u00f4n s\u1ea1ch s\u1ebd, sang tr\u1ecdng<\/strong><br data-start=\"1640\" data-end=\"1643\" \/>Th\u1ea3m c\u00f3 m\u00e0u s\u1eafc tinh t\u1ebf, thi\u1ebft k\u1ebf \u00f4m s\u00e1t form xe, t\u1ea1o s\u1ef1 \u0111\u1ed3ng b\u1ed9. Cabin xe v\u00ec th\u1ebf tr\u1edf n\u00ean g\u1ecdn g\u00e0ng, hi\u1ec7n \u0111\u1ea1i v\u00e0 \u0111\u1eb3ng c\u1ea5p h\u01a1n. \u0110\u00e2y c\u0169ng l\u00e0 m\u1ed9t ph\u1ee5 ki\u1ec7n gi\u00fap kh\u1eb3ng \u0111\u1ecbnh phong c\u00e1ch c\u1ee7a ch\u1ee7 xe.<\/p>\n<hr data-start=\"2058\" data-end=\"2061\" \/>\n<h2 data-section-id=\"1a17sy1\" data-start=\"2063\" data-end=\"2110\"><a href=\"http:\/\/khaitest.rf.gd\/?p=1861\" target=\"_blank\" rel=\"noopener\">Gi\u00e1 b\u00e1n Th\u1ea3m l\u00f3t s\u00e0n Honda CR-V 2024 (5 ch\u1ed7)<\/a><\/h2>\n<figure id=\"attachment_3412\" aria-describedby=\"caption-attachment-3412\" style=\"width: 1024px\" class=\"wp-caption aligncenter\"><img loading=\"lazy\" decoding=\"async\" class=\"size-large wp-image-3412\" src=\"http:\/\/khaitest.rf.gd\/wp-content\/uploads\/2025\/07\/tham-lot-san-honda-cr-v-2024-5-cho-2-1024x1024.webp\" alt=\"Th\u1ea3m l\u00f3t s\u00e0n Honda CR-V 2024 (5 ch\u1ed7)\" width=\"1024\" height=\"1024\" srcset=\"https:\/\/topcar.vn\/wp-content\/uploads\/2025\/07\/tham-lot-san-honda-cr-v-2024-5-cho-2-1024x1024.webp 1024w, https:\/\/topcar.vn\/wp-content\/uploads\/2025\/07\/tham-lot-san-honda-cr-v-2024-5-cho-2-300x300.webp 300w, https:\/\/topcar.vn\/wp-content\/uploads\/2025\/07\/tham-lot-san-honda-cr-v-2024-5-cho-2-150x150.webp 150w, https:\/\/topcar.vn\/wp-content\/uploads\/2025\/07\/tham-lot-san-honda-cr-v-2024-5-cho-2-768x767.webp 768w, https:\/\/topcar.vn\/wp-content\/uploads\/2025\/07\/tham-lot-san-honda-cr-v-2024-5-cho-2-600x599.webp 600w, https:\/\/topcar.vn\/wp-content\/uploads\/2025\/07\/tham-lot-san-honda-cr-v-2024-5-cho-2-100x100.webp 100w, https:\/\/topcar.vn\/wp-content\/uploads\/2025\/07\/tham-lot-san-honda-cr-v-2024-5-cho-2.webp 1081w\" sizes=\"(max-width: 1024px) 100vw, 1024px\" \/><figcaption id=\"caption-attachment-3412\" class=\"wp-caption-text\">Th\u1ea3m l\u00f3t s\u00e0n Honda CR-V 2024 (5 ch\u1ed7)<\/figcaption><\/figure>\n<ul data-start=\"2112\" data-end=\"2249\">\n<li data-start=\"2112\" data-end=\"2157\">\n<p data-start=\"2114\" data-end=\"2157\"><strong data-start=\"2114\" data-end=\"2141\">B\u1ed9 th\u1ea3m TPE ti\u00eau chu\u1ea9n:<\/strong> 2.200.000 VN\u0110<\/p>\n<\/li>\n<li data-start=\"2158\" data-end=\"2207\">\n<p data-start=\"2160\" data-end=\"2207\"><strong data-start=\"2160\" data-end=\"2193\">Th\u1ea3m r\u1ed1i ph\u1ee7 th\u00eam (t\u00f9y ch\u1ecdn):<\/strong> 200.000 VN\u0110<\/p>\n<\/li>\n<li data-start=\"2208\" data-end=\"2249\">\n<p data-start=\"2210\" data-end=\"2249\"><strong data-start=\"2210\" data-end=\"2233\">Kh\u00f4ng l\u1ea5y th\u1ea3m r\u1ed1i:<\/strong> 2.000.000 VN\u0110<\/p>\n<\/li>\n<\/ul>\n<hr data-start=\"2251\" data-end=\"2254\" \/>\n<h2 data-section-id=\"22vnth\" data-start=\"2256\" data-end=\"2310\">Mua Th\u1ea3m l\u00f3t s\u00e0n Honda CR-V 2024 (5 ch\u1ed7) t\u1ea1i Topcar<\/h2>\n<figure id=\"attachment_3409\" aria-describedby=\"caption-attachment-3409\" style=\"width: 1024px\" class=\"wp-caption aligncenter\"><img loading=\"lazy\" decoding=\"async\" class=\"size-large wp-image-3409\" src=\"http:\/\/khaitest.rf.gd\/wp-content\/uploads\/2025\/07\/anh-dai-dien-tham-lot-san-honda-cr-v-2024-5-cho-1024x683.webp\" alt=\"Th\u1ea3m l\u00f3t s\u00e0n Honda CR-V 2024 (5 ch\u1ed7)\" width=\"1024\" height=\"683\" srcset=\"https:\/\/topcar.vn\/wp-content\/uploads\/2025\/07\/anh-dai-dien-tham-lot-san-honda-cr-v-2024-5-cho-1024x683.webp 1024w, https:\/\/topcar.vn\/wp-content\/uploads\/2025\/07\/anh-dai-dien-tham-lot-san-honda-cr-v-2024-5-cho-300x200.webp 300w, https:\/\/topcar.vn\/wp-content\/uploads\/2025\/07\/anh-dai-dien-tham-lot-san-honda-cr-v-2024-5-cho-768x512.webp 768w, https:\/\/topcar.vn\/wp-content\/uploads\/2025\/07\/anh-dai-dien-tham-lot-san-honda-cr-v-2024-5-cho-1536x1024.webp 1536w, https:\/\/topcar.vn\/wp-content\/uploads\/2025\/07\/anh-dai-dien-tham-lot-san-honda-cr-v-2024-5-cho-600x400.webp 600w, https:\/\/topcar.vn\/wp-content\/uploads\/2025\/07\/anh-dai-dien-tham-lot-san-honda-cr-v-2024-5-cho.webp 2048w\" sizes=\"(max-width: 1024px) 100vw, 1024px\" \/><figcaption id=\"caption-attachment-3409\" class=\"wp-caption-text\">Th\u1ea3m l\u00f3t s\u00e0n Honda CR-V 2024 (5 ch\u1ed7)<\/figcaption><\/figure>\n<p data-start=\"80\" data-end=\"404\">Topcar l\u00e0 \u0111\u01a1n v\u1ecb chuy\u00ean ph\u00e2n ph\u1ed1i <strong data-start=\"114\" data-end=\"152\">th\u1ea3m l\u00f3t s\u00e0n TPE \u0111\u00fac khu\u00f4n theo xe<\/strong> v\u1edbi ch\u1ea5t l\u01b0\u1ee3ng cao c\u1ea5p, \u0111\u1ea3m b\u1ea3o chu\u1ea9n form t\u1eebng \u0111\u1eddi xe, kh\u00f4ng c\u1ea7n ch\u1ec9nh s\u1eeda hay lo v\u00eanh m\u00e9p trong qu\u00e1 tr\u00ecnh s\u1eed d\u1ee5ng. C\u00e1c s\u1ea3n ph\u1ea9m \u0111\u01b0\u1ee3c s\u1ea3n xu\u1ea5t b\u1eb1ng c\u00f4ng ngh\u1ec7 \u00e9p nhi\u1ec7t 3D hi\u1ec7n \u0111\u1ea1i, mang l\u1ea1i \u0111\u1ed9 ch\u00ednh x\u00e1c tuy\u1ec7t \u0111\u1ed1i v\u00e0 kh\u1ea3 n\u0103ng b\u1ea3o v\u1ec7 s\u00e0n xe to\u00e0n di\u1ec7n.<\/p>\n<p data-start=\"406\" data-end=\"494\">Khi ch\u1ecdn mua th\u1ea3m l\u00f3t s\u00e0n Honda CR-V 2024 (5 ch\u1ed7) t\u1ea1i Topcar, b\u1ea1n ho\u00e0n to\u00e0n y\u00ean t\u00e2m v\u1edbi nh\u1eefng cam k\u1ebft r\u00f5 r\u00e0ng:<\/p>\n<ul data-start=\"495\" data-end=\"961\">\n<li data-start=\"495\" data-end=\"612\">\n<p data-start=\"497\" data-end=\"612\"><strong data-start=\"497\" data-end=\"526\">100% nh\u1ef1a TPE nguy\u00ean sinh<\/strong> cao c\u1ea5p, kh\u00f4ng pha nh\u1ef1a t\u00e1i ch\u1ebf, an to\u00e0n cho s\u1ee9c kh\u1ecfe v\u00e0 th\u00e2n thi\u1ec7n v\u1edbi m\u00f4i tr\u01b0\u1eddng.<\/p>\n<\/li>\n<li data-start=\"613\" data-end=\"713\">\n<p data-start=\"615\" data-end=\"713\"><strong data-start=\"615\" data-end=\"637\">Chu\u1ea9n form theo xe<\/strong>, l\u1eafp \u0111\u1eb7t v\u1eeba kh\u00edt, kh\u00f4ng c\u1ea7n c\u1eaft g\u1ecdt, kh\u00f4ng g\u00e2y c\u1ea3n tr\u1edf qu\u00e1 tr\u00ecnh l\u00e1i xe.<\/p>\n<\/li>\n<li data-start=\"714\" data-end=\"816\">\n<p data-start=\"716\" data-end=\"816\"><strong data-start=\"716\" data-end=\"745\">Ch\u00ednh s\u00e1ch b\u1ea3o h\u00e0nh 5 n\u0103m<\/strong>, h\u1ed7 tr\u1ee3 \u0111\u1ed5i m\u1edbi mi\u1ec5n ph\u00ed n\u1ebfu ph\u00e1t sinh l\u1ed7i k\u1ef9 thu\u1eadt t\u1eeb nh\u00e0 s\u1ea3n xu\u1ea5t.<\/p>\n<\/li>\n<li data-start=\"817\" data-end=\"961\">\n<p data-start=\"819\" data-end=\"961\"><strong data-start=\"819\" data-end=\"838\">T\u01b0 v\u1ea5n t\u1eadn t\u00ecnh<\/strong>, h\u1ed7 tr\u1ee3 giao h\u00e0ng nhanh ch\u00f3ng v\u00e0 l\u1eafp \u0111\u1eb7t chuy\u00ean nghi\u1ec7p t\u1ea1i H\u00e0 N\u1ed9i, mang l\u1ea1i s\u1ef1 ti\u1ec7n l\u1ee3i t\u1ed1i \u0111a cho kh\u00e1ch h\u00e0ng.<\/p>\n<\/li>\n<\/ul>\n<p data-start=\"963\" data-end=\"1153\">V\u1edbi uy t\u00edn nhi\u1ec1u n\u0103m tr\u00ean th\u1ecb tr\u01b0\u1eddng, Topcar kh\u00f4ng ch\u1ec9 cung c\u1ea5p s\u1ea3n ph\u1ea9m ch\u1ea5t l\u01b0\u1ee3ng m\u00e0 c\u00f2n ch\u00fa tr\u1ecdng d\u1ecbch v\u1ee5 ch\u0103m s\u00f3c kh\u00e1ch h\u00e0ng, gi\u00fap b\u1ea1n lu\u00f4n an t\u00e2m khi l\u1ef1a ch\u1ecdn th\u1ea3m l\u00f3t s\u00e0n cho x\u1ebf y\u00eau.<\/p>\n<hr data-start=\"2764\" data-end=\"2767\" \/>\n<p data-start=\"2769\" data-end=\"2795\"><strong data-start=\"2769\" data-end=\"2795\">Li\u00ean h\u1ec7 \u0111\u1eb7t h\u00e0ng ngay:<\/strong><\/p>\n<ul data-start=\"2797\" data-end=\"2958\">\n<li data-start=\"2797\" data-end=\"2833\">\n<p data-start=\"2799\" data-end=\"2833\"><strong data-start=\"2799\" data-end=\"2818\">Hotline \/ Zalo:<\/strong> 0889.385.222<\/p>\n<\/li>\n<li data-start=\"2834\" data-end=\"2904\">\n<p data-start=\"2836\" data-end=\"2904\"><strong data-start=\"2836\" data-end=\"2848\">\u0110\u1ecba ch\u1ec9:<\/strong> S\u1ed1 9 BT2, K\u0110T Foresa Xu\u00e2n Ph\u01b0\u01a1ng, Nam T\u1eeb Li\u00eam, H\u00e0 N\u1ed9i<\/p>\n<\/li>\n<li data-start=\"2905\" data-end=\"2958\">\n<p data-start=\"2907\" data-end=\"2958\"><strong data-start=\"2907\" data-end=\"2919\">Website:<\/strong> <a class=\"\" href=\"https:\/\/Topcar.vn\" target=\"_new\" rel=\"noopener\" data-start=\"2920\" data-end=\"2958\">https:\/\/Topcar.vn<\/a><\/p>\n<\/li>\n<\/ul>\n","protected":false},"excerpt":{"rendered":"<ul>\n<li>Mi\u1ec5n ph\u00ed giao h\u00e0ng to\u00e0n qu\u1ed1c<\/li>\n<li>Nh\u1eadn h\u00e0ng &gt; L\u1eafp \u0111\u1eb7t &gt; Thanh to\u00e1n<\/li>\n<li>B\u1ea3o h\u00e0nh 5 n\u0103m<\/li>\n<\/ul>\n","protected":false},"featured_media":3733,"comment_status":"closed","ping_status":"closed","template":"","meta":{"site-sidebar-layout":"no-sidebar","site-content-layout":"content-boxed-container","ast-site-content-layout":"normal-width-container","site-content-style":"boxed","site-sidebar-style":"unboxed","ast-global-header-display":"","ast-banner-title-visibility":"","ast-main-header-display":"","ast-hfb-above-header-display":"","ast-hfb-below-header-display":"","ast-hfb-mobile-header-display":"","site-post-title":"","ast-breadcrumbs-content":"","ast-featured-img":"","footer-sml-layout":"","ast-disable-related-posts":"","theme-transparent-header-meta":"default","adv-header-id-meta":"","stick-header-meta":"","header-above-stick-meta":"","header-main-stick-meta":"","header-below-stick-meta":"","astra-migrate-meta-layouts":"set","ast-page-background-enabled":"default","ast-page-background-meta":{"desktop":{"background-color":"var(--ast-global-color-4)","background-image":"","background-repeat":"repeat","background-position":"center center","background-size":"auto","background-attachment":"scroll","background-type":"","background-media":"","overlay-type":"","overlay-color":"","overlay-opacity":"","overlay-gradient":""},"tablet":{"background-color":"","background-image":"","background-repeat":"repeat","background-position":"center center","background-size":"auto","background-attachment":"scroll","background-type":"","background-media":"","overlay-type":"","overlay-color":"","overlay-opacity":"","overlay-gradient":""},"mobile":{"background-color":"","background-image":"","background-repeat":"repeat","background-position":"center center","background-size":"auto","background-attachment":"scroll","background-type":"","background-media":"","overlay-type":"","overlay-color":"","overlay-opacity":"","overlay-gradient":""}},"ast-content-background-meta":{"desktop":{"background-color":"var(--ast-global-color-5)","background-image":"","background-repeat":"repeat","background-position":"center center","background-size":"auto","background-attachment":"scroll","background-type":"","background-media":"","overlay-type":"","overlay-color":"","overlay-opacity":"","overlay-gradient":""},"tablet":{"background-color":"var(--ast-global-color-5)","background-image":"","background-repeat":"repeat","background-position":"center center","background-size":"auto","background-attachment":"scroll","background-type":"","background-media":"","overlay-type":"","overlay-color":"","overlay-opacity":"","overlay-gradient":""},"mobile":{"background-color":"var(--ast-global-color-5)","background-image":"","background-repeat":"repeat","background-position":"center center","background-size":"auto","background-attachment":"scroll","background-type":"","background-media":"","overlay-type":"","overlay-color":"","overlay-opacity":"","overlay-gradient":""}}},"product_brand":[],"product_cat":[43,46],"product_tag":[73,110,152,308,108,151],"class_list":{"0":"post-2361","1":"product","2":"type-product","3":"status-publish","4":"has-post-thumbnail","6":"product_cat-tham-lot-san-o-to","7":"product_cat-tham-lot-san-o-to-honda","8":"product_tag-tham-lot-san-o-to","9":"product_tag-tham-lot-san-o-to-cao-cap","10":"product_tag-tham-lot-san-o-to-cao-su","11":"product_tag-tham-lot-san-o-to-chong-on","12":"product_tag-tham-lot-san-o-to-phukienxevip-com","13":"product_tag-tham-lot-san-o-to-pvc","14":"desktop-align-left","15":"tablet-align-left","16":"mobile-align-left","18":"first","19":"instock","20":"shipping-taxable","21":"purchasable","22":"product-type-variable"},"_links":{"self":[{"href":"https:\/\/topcar.vn\/index.php?rest_route=\/wp\/v2\/product\/2361","targetHints":{"allow":["GET"]}}],"collection":[{"href":"https:\/\/topcar.vn\/index.php?rest_route=\/wp\/v2\/product"}],"about":[{"href":"https:\/\/topcar.vn\/index.php?rest_route=\/wp\/v2\/types\/product"}],"replies":[{"embeddable":true,"href":"https:\/\/topcar.vn\/index.php?rest_route=%2Fwp%2Fv2%2Fcomments&post=2361"}],"version-history":[{"count":5,"href":"https:\/\/topcar.vn\/index.php?rest_route=\/wp\/v2\/product\/2361\/revisions"}],"predecessor-version":[{"id":3069,"href":"https:\/\/topcar.vn\/index.php?rest_route=\/wp\/v2\/product\/2361\/revisions\/3069"}],"wp:featuredmedia":[{"embeddable":true,"href":"https:\/\/topcar.vn\/index.php?rest_route=\/wp\/v2\/media\/3733"}],"wp:attachment":[{"href":"https:\/\/topcar.vn\/index.php?rest_route=%2Fwp%2Fv2%2Fmedia&parent=2361"}],"wp:term":[{"taxonomy":"product_brand","embeddable":true,"href":"https:\/\/topcar.vn\/index.php?rest_route=%2Fwp%2Fv2%2Fproduct_brand&post=2361"},{"taxonomy":"product_cat","embeddable":true,"href":"https:\/\/topcar.vn\/index.php?rest_route=%2Fwp%2Fv2%2Fproduct_cat&post=2361"},{"taxonomy":"product_tag","embeddable":true,"href":"https:\/\/topcar.vn\/index.php?rest_route=%2Fwp%2Fv2%2Fproduct_tag&post=2361"}],"curies":[{"name":"wp","href":"https:\/\/api.w.org\/{rel}","templated":true}]}}