{"id":2358,"date":"2025-07-29T20:29:03","date_gmt":"2025-07-29T13:29:03","guid":{"rendered":"http:\/\/khaitest.rf.gd\/?post_type=product&#038;p=2358"},"modified":"2025-12-05T14:37:16","modified_gmt":"2025-12-05T07:37:16","slug":"tham-lot-san-honda-cr-v-2024","status":"publish","type":"product","link":"https:\/\/topcar.vn\/?product=tham-lot-san-honda-cr-v-2024","title":{"rendered":"Th\u1ea3m l\u00f3t s\u00e0n Honda CR-V 2024 (7 ch\u1ed7)"},"content":{"rendered":"<p data-start=\"168\" data-end=\"572\"><strong data-start=\"168\" data-end=\"187\">Honda CR-V 2024<\/strong> l\u00e0 m\u1eabu SUV 7 ch\u1ed7 th\u1ebf h\u1ec7 m\u1edbi, n\u1ed5i b\u1eadt v\u1edbi thi\u1ebft k\u1ebf hi\u1ec7n \u0111\u1ea1i, kh\u00f4ng gian r\u1ed9ng r\u00e3i v\u00e0 c\u00f4ng ngh\u1ec7 ti\u00ean ti\u1ebfn. Tuy nhi\u00ean, trong \u0111i\u1ec1u ki\u1ec7n kh\u00ed h\u1eadu n\u00f3ng \u1ea9m v\u00e0 nhi\u1ec1u b\u1ee5i b\u1ea9n t\u1ea1i Vi\u1ec7t Nam, s\u00e0n xe d\u1ec5 b\u1ecb tr\u1ea7y x\u01b0\u1edbc, b\u00e1m b\u1ea9n v\u00e0 \u1ea9m m\u1ed1c n\u1ebfu kh\u00f4ng \u0111\u01b0\u1ee3c b\u1ea3o v\u1ec7 k\u1ef9. Vi\u1ec7c trang b\u1ecb <strong data-start=\"448\" data-end=\"492\">Th\u1ea3m l\u00f3t s\u00e0n Honda CR-V 2024 TPE cao c\u1ea5p<\/strong> l\u00e0 gi\u1ea3i ph\u00e1p t\u1ed1i \u01b0u gi\u00fap gi\u1eef cho n\u1ed9i th\u1ea5t lu\u00f4n s\u1ea1ch s\u1ebd, b\u1ec1n \u0111\u1eb9p theo th\u1eddi gian.<\/p>\n<h2 data-section-id=\"1ufb6ey\" data-start=\"574\" data-end=\"625\">Gi\u1edbi thi\u1ec7u s\u1ea3n ph\u1ea9m Th\u1ea3m l\u00f3t s\u00e0n Honda CR-V 2024<\/h2>\n<figure id=\"attachment_3403\" aria-describedby=\"caption-attachment-3403\" style=\"width: 1024px\" class=\"wp-caption aligncenter\"><img fetchpriority=\"high\" decoding=\"async\" class=\"wp-image-3403 size-large\" src=\"http:\/\/khaitest.rf.gd\/wp-content\/uploads\/2025\/07\/tham-lot-san-honda-cr-v-2024-1-1024x1024.webp\" alt=\"Th\u1ea3m l\u00f3t s\u00e0n Honda CR-V 2024\" width=\"1024\" height=\"1024\" srcset=\"https:\/\/topcar.vn\/wp-content\/uploads\/2025\/07\/tham-lot-san-honda-cr-v-2024-1-1024x1024.webp 1024w, https:\/\/topcar.vn\/wp-content\/uploads\/2025\/07\/tham-lot-san-honda-cr-v-2024-1-300x300.webp 300w, https:\/\/topcar.vn\/wp-content\/uploads\/2025\/07\/tham-lot-san-honda-cr-v-2024-1-150x150.webp 150w, https:\/\/topcar.vn\/wp-content\/uploads\/2025\/07\/tham-lot-san-honda-cr-v-2024-1-768x767.webp 768w, https:\/\/topcar.vn\/wp-content\/uploads\/2025\/07\/tham-lot-san-honda-cr-v-2024-1-600x599.webp 600w, https:\/\/topcar.vn\/wp-content\/uploads\/2025\/07\/tham-lot-san-honda-cr-v-2024-1-100x100.webp 100w, https:\/\/topcar.vn\/wp-content\/uploads\/2025\/07\/tham-lot-san-honda-cr-v-2024-1.webp 1081w\" sizes=\"(max-width: 1024px) 100vw, 1024px\" \/><figcaption id=\"caption-attachment-3403\" class=\"wp-caption-text\">Th\u1ea3m l\u00f3t s\u00e0n Honda CR-V 2024<\/figcaption><\/figure>\n<p data-start=\"627\" data-end=\"920\">B\u1ed9 th\u1ea3m s\u00e0n \u0111\u01b0\u1ee3c thi\u1ebft k\u1ebf chuy\u00ean bi\u1ec7t cho <strong data-start=\"669\" data-end=\"698\">Honda CR-V 2024 b\u1ea3n 7 ch\u1ed7<\/strong>, s\u1eed d\u1ee5ng c\u00f4ng ngh\u1ec7 \u0111\u00fac khu\u00f4n 3D hi\u1ec7n \u0111\u1ea1i, \u00f4m s\u00e1t t\u1eebng chi ti\u1ebft s\u00e0n xe t\u1eeb h\u00e0ng gh\u1ebf tr\u01b0\u1edbc \u0111\u1ebfn khoang gh\u1ebf th\u1ee9 ba. Nh\u1edd \u0111\u00f3, th\u1ea3m kh\u00f4ng b\u1ecb cong v\u00eanh, kh\u00f4ng l\u1ec7ch v\u1ecb tr\u00ed v\u00e0 mang l\u1ea1i c\u1ea3m gi\u00e1c li\u1ec1n m\u1ea1ch, sang tr\u1ecdng cho n\u1ed9i th\u1ea5t xe.<\/p>\n<p data-start=\"922\" data-end=\"1074\"><strong data-start=\"922\" data-end=\"951\">Ch\u1ea5t li\u1ec7u TPE nguy\u00ean sinh<\/strong>, kh\u00f4ng m\u00f9i, th\u00e2n thi\u1ec7n v\u1edbi m\u00f4i tr\u01b0\u1eddng v\u00e0 ho\u00e0n to\u00e0n an to\u00e0n v\u1edbi ng\u01b0\u1eddi s\u1eed d\u1ee5ng, k\u1ec3 c\u1ea3 tr\u1ebb nh\u1ecf ho\u1eb7c ng\u01b0\u1eddi c\u00f3 c\u01a1 \u0111\u1ecba nh\u1ea1y c\u1ea3m.<\/p>\n<p data-start=\"1076\" data-end=\"1273\">Thi\u1ebft k\u1ebf b\u1ec1 m\u1eb7t g\u00e2n n\u1ed5i gi\u00fap ch\u1ed1ng tr\u01a1n tr\u01b0\u1ee3t hi\u1ec7u qu\u1ea3, trong khi m\u1eb7t d\u01b0\u1edbi c\u00f3 c\u00e1c \u0111i\u1ec3m gai gi\u1eef th\u1ea3m c\u1ed1 \u0111\u1ecbnh ch\u1eafc ch\u1eafn. R\u00e3nh ch\u1ed1ng tr\u00e0n ng\u0103n n\u01b0\u1edbc v\u00e0 b\u1ee5i b\u1ea9n lan ra ngo\u00e0i, gi\u1eef khoang xe lu\u00f4n s\u1ea1ch s\u1ebd.<\/p>\n<h2 data-section-id=\"1yjsv7l\" data-start=\"1275\" data-end=\"1305\">Th\u00f4ng tin chi ti\u1ebft s\u1ea3n ph\u1ea9m<\/h2>\n<figure id=\"attachment_3406\" aria-describedby=\"caption-attachment-3406\" style=\"width: 1024px\" class=\"wp-caption aligncenter\"><img decoding=\"async\" class=\"size-large wp-image-3406\" src=\"http:\/\/khaitest.rf.gd\/wp-content\/uploads\/2025\/07\/tham-lot-san-honda-cr-v-2024-3-1024x1024.webp\" alt=\"Th\u1ea3m l\u00f3t s\u00e0n Honda CR-V 2024\" width=\"1024\" height=\"1024\" srcset=\"https:\/\/topcar.vn\/wp-content\/uploads\/2025\/07\/tham-lot-san-honda-cr-v-2024-3-1024x1024.webp 1024w, https:\/\/topcar.vn\/wp-content\/uploads\/2025\/07\/tham-lot-san-honda-cr-v-2024-3-300x300.webp 300w, https:\/\/topcar.vn\/wp-content\/uploads\/2025\/07\/tham-lot-san-honda-cr-v-2024-3-150x150.webp 150w, https:\/\/topcar.vn\/wp-content\/uploads\/2025\/07\/tham-lot-san-honda-cr-v-2024-3-768x767.webp 768w, https:\/\/topcar.vn\/wp-content\/uploads\/2025\/07\/tham-lot-san-honda-cr-v-2024-3-600x599.webp 600w, https:\/\/topcar.vn\/wp-content\/uploads\/2025\/07\/tham-lot-san-honda-cr-v-2024-3-100x100.webp 100w, https:\/\/topcar.vn\/wp-content\/uploads\/2025\/07\/tham-lot-san-honda-cr-v-2024-3.webp 1081w\" sizes=\"(max-width: 1024px) 100vw, 1024px\" \/><figcaption id=\"caption-attachment-3406\" class=\"wp-caption-text\">Th\u1ea3m l\u00f3t s\u00e0n Honda CR-V 2024<\/figcaption><\/figure>\n<ul data-start=\"1307\" data-end=\"1608\">\n<li data-start=\"1307\" data-end=\"1357\">\n<p data-start=\"1309\" data-end=\"1357\"><strong data-start=\"1309\" data-end=\"1328\">Lo\u1ea1i xe ph\u00f9 h\u1ee3p<\/strong>: Honda CR-V 2024 (b\u1ea3n 7 ch\u1ed7)<\/p>\n<\/li>\n<li data-start=\"1358\" data-end=\"1414\">\n<p data-start=\"1360\" data-end=\"1414\"><strong data-start=\"1360\" data-end=\"1373\">Ch\u1ea5t li\u1ec7u<\/strong>: TPE nguy\u00ean sinh, an to\u00e0n, kh\u00f4ng \u0111\u1ed9c h\u1ea1i<\/p>\n<\/li>\n<li data-start=\"1415\" data-end=\"1462\">\n<p data-start=\"1417\" data-end=\"1462\"><strong data-start=\"1417\" data-end=\"1439\">C\u00f4ng ngh\u1ec7 s\u1ea3n xu\u1ea5t<\/strong>: \u0110\u00fac khu\u00f4n \u00e9p nhi\u1ec7t 3D<\/p>\n<\/li>\n<li data-start=\"1463\" data-end=\"1519\">\n<p data-start=\"1465\" data-end=\"1519\"><strong data-start=\"1465\" data-end=\"1488\">C\u1ea5u t\u1ea1o b\u1ed9 s\u1ea3n ph\u1ea9m<\/strong>: G\u1ed3m 3 h\u00e0ng gh\u1ebf v\u00e0 s\u00e0n h\u00e0nh l\u00fd<\/p>\n<\/li>\n<li data-start=\"1520\" data-end=\"1559\">\n<p data-start=\"1522\" data-end=\"1559\"><strong data-start=\"1522\" data-end=\"1533\">M\u00e0u s\u1eafc<\/strong>: \u0110en cao c\u1ea5p, d\u1ec5 l\u00e0m s\u1ea1ch<\/p>\n<\/li>\n<li data-start=\"1560\" data-end=\"1608\">\n<p data-start=\"1562\" data-end=\"1608\"><strong data-start=\"1562\" data-end=\"1574\">B\u1ea3o h\u00e0nh<\/strong>: 5 n\u0103m \u2013 1 \u0111\u1ed5i 1 n\u1ebfu l\u1ed7i k\u1ef9 thu\u1eadt<\/p>\n<\/li>\n<\/ul>\n<h2 data-section-id=\"fmi9cw\" data-start=\"1610\" data-end=\"1628\">\u01afu \u0111i\u1ec3m n\u1ed5i b\u1eadt<\/h2>\n<figure id=\"attachment_3407\" aria-describedby=\"caption-attachment-3407\" style=\"width: 1024px\" class=\"wp-caption aligncenter\"><img decoding=\"async\" class=\"size-large wp-image-3407\" src=\"http:\/\/khaitest.rf.gd\/wp-content\/uploads\/2025\/07\/tham-lot-san-honda-cr-v-2024-4-1024x1024.webp\" alt=\"Th\u1ea3m l\u00f3t s\u00e0n Honda CR-V 2024\" width=\"1024\" height=\"1024\" srcset=\"https:\/\/topcar.vn\/wp-content\/uploads\/2025\/07\/tham-lot-san-honda-cr-v-2024-4-1024x1024.webp 1024w, https:\/\/topcar.vn\/wp-content\/uploads\/2025\/07\/tham-lot-san-honda-cr-v-2024-4-300x300.webp 300w, https:\/\/topcar.vn\/wp-content\/uploads\/2025\/07\/tham-lot-san-honda-cr-v-2024-4-150x150.webp 150w, https:\/\/topcar.vn\/wp-content\/uploads\/2025\/07\/tham-lot-san-honda-cr-v-2024-4-768x767.webp 768w, https:\/\/topcar.vn\/wp-content\/uploads\/2025\/07\/tham-lot-san-honda-cr-v-2024-4-600x599.webp 600w, https:\/\/topcar.vn\/wp-content\/uploads\/2025\/07\/tham-lot-san-honda-cr-v-2024-4-100x100.webp 100w, https:\/\/topcar.vn\/wp-content\/uploads\/2025\/07\/tham-lot-san-honda-cr-v-2024-4.webp 1081w\" sizes=\"(max-width: 1024px) 100vw, 1024px\" \/><figcaption id=\"caption-attachment-3407\" class=\"wp-caption-text\">Th\u1ea3m l\u00f3t s\u00e0n Honda CR-V 2024<\/figcaption><\/figure>\n<ul data-start=\"1630\" data-end=\"1997\">\n<li data-start=\"1630\" data-end=\"1681\">\n<p data-start=\"1632\" data-end=\"1681\">Kh\u00f4ng m\u00f9i \u2013 Kh\u00f4ng g\u00e2y kh\u00f3 ch\u1ecbu d\u00f9 \u0111\u1ec3 xe d\u01b0\u1edbi n\u1eafng<\/p>\n<\/li>\n<li data-start=\"1682\" data-end=\"1737\">\n<p data-start=\"1684\" data-end=\"1737\">\u00d4m s\u00e1t s\u00e0n \u2013 Kh\u00f4ng x\u00f4 l\u1ec7ch, kh\u00f4ng v\u01b0\u1edbng ch\u00e2n ga\/phanh<\/p>\n<\/li>\n<li data-start=\"1738\" data-end=\"1784\">\n<p data-start=\"1740\" data-end=\"1784\">Kh\u00e1ng n\u01b0\u1edbc \u2013 Ng\u0103n b\u00f9n \u0111\u1ea5t, n\u01b0\u1edbc m\u01b0a hi\u1ec7u qu\u1ea3<\/p>\n<\/li>\n<li data-start=\"1785\" data-end=\"1836\">\n<p data-start=\"1787\" data-end=\"1836\">D\u1ec5 v\u1ec7 sinh \u2013 X\u1ecbt n\u01b0\u1edbc ho\u1eb7c lau \u1ea9m l\u00e0 s\u1ea1ch nh\u01b0 m\u1edbi<\/p>\n<\/li>\n<li data-start=\"1837\" data-end=\"1877\">\n<p data-start=\"1839\" data-end=\"1877\">Ch\u1ed1ng tr\u01a1n tr\u01b0\u1ee3t \u2013 An to\u00e0n khi s\u1eed d\u1ee5ng<\/p>\n<\/li>\n<li data-start=\"1878\" data-end=\"1931\">\n<p data-start=\"1880\" data-end=\"1931\">B\u1ec1n b\u1ec9 \u2013 Kh\u00f4ng n\u1ee9t v\u1ee1, kh\u00f4ng bay m\u00e0u theo th\u1eddi gian<\/p>\n<\/li>\n<li data-start=\"1932\" data-end=\"1997\">\n<p data-start=\"1934\" data-end=\"1997\">T\u0103ng t\u00ednh th\u1ea9m m\u1ef9 \u2013 Gi\u1eef n\u1ed9i th\u1ea5t xe lu\u00f4n s\u1ea1ch \u0111\u1eb9p v\u00e0 sang tr\u1ecdng<\/p>\n<\/li>\n<\/ul>\n<h2 data-section-id=\"fknm75\" data-start=\"1999\" data-end=\"2038\"><a href=\"http:\/\/khaitest.rf.gd\/?p=1861\" target=\"_blank\" rel=\"noopener\">Gi\u00e1 b\u00e1n th\u1ea3m<\/a> l\u00f3t s\u00e0n Honda CR-V 2024<\/h2>\n<figure id=\"attachment_3402\" aria-describedby=\"caption-attachment-3402\" style=\"width: 1024px\" class=\"wp-caption aligncenter\"><img loading=\"lazy\" decoding=\"async\" class=\"size-large wp-image-3402\" src=\"http:\/\/khaitest.rf.gd\/wp-content\/uploads\/2025\/07\/anh-dai-dien-tham-lot-san-honda-cr-v-2024-1024x683.webp\" alt=\"Th\u1ea3m l\u00f3t s\u00e0n Honda CR-V 2024\" width=\"1024\" height=\"683\" srcset=\"https:\/\/topcar.vn\/wp-content\/uploads\/2025\/07\/anh-dai-dien-tham-lot-san-honda-cr-v-2024-1024x683.webp 1024w, https:\/\/topcar.vn\/wp-content\/uploads\/2025\/07\/anh-dai-dien-tham-lot-san-honda-cr-v-2024-300x200.webp 300w, https:\/\/topcar.vn\/wp-content\/uploads\/2025\/07\/anh-dai-dien-tham-lot-san-honda-cr-v-2024-768x512.webp 768w, https:\/\/topcar.vn\/wp-content\/uploads\/2025\/07\/anh-dai-dien-tham-lot-san-honda-cr-v-2024-1536x1024.webp 1536w, https:\/\/topcar.vn\/wp-content\/uploads\/2025\/07\/anh-dai-dien-tham-lot-san-honda-cr-v-2024-600x400.webp 600w, https:\/\/topcar.vn\/wp-content\/uploads\/2025\/07\/anh-dai-dien-tham-lot-san-honda-cr-v-2024.webp 2048w\" sizes=\"(max-width: 1024px) 100vw, 1024px\" \/><figcaption id=\"caption-attachment-3402\" class=\"wp-caption-text\">Th\u1ea3m l\u00f3t s\u00e0n Honda CR-V 2024<\/figcaption><\/figure>\n<ul data-start=\"2040\" data-end=\"2175\">\n<li data-start=\"2040\" data-end=\"2085\">\n<p data-start=\"2042\" data-end=\"2085\"><strong data-start=\"2042\" data-end=\"2068\">B\u1ed9 th\u1ea3m s\u00e0n TPE \u0111\u1ea7y \u0111\u1ee7<\/strong>: 2.400.000 VN\u0110<\/p>\n<\/li>\n<li data-start=\"2086\" data-end=\"2135\">\n<p data-start=\"2088\" data-end=\"2135\"><strong data-start=\"2088\" data-end=\"2120\">Th\u1ea3m r\u1ed1i ph\u1ee7 tr\u00ean (t\u00f9y ch\u1ecdn)<\/strong>: 250.000 VN\u0110<\/p>\n<\/li>\n<li data-start=\"2136\" data-end=\"2175\">\n<p data-start=\"2138\" data-end=\"2175\"><strong data-start=\"2138\" data-end=\"2160\">Kh\u00f4ng mua th\u1ea3m r\u1ed1i<\/strong>: 2.150.000 VN\u0110<\/p>\n<\/li>\n<\/ul>\n<h2 data-section-id=\"13an40t\" data-start=\"2177\" data-end=\"2223\">Mua Th\u1ea3m l\u00f3t s\u00e0n Honda CR-V 2024 t\u1ea1i Topcar<\/h2>\n<figure id=\"attachment_3405\" aria-describedby=\"caption-attachment-3405\" style=\"width: 1024px\" class=\"wp-caption aligncenter\"><img loading=\"lazy\" decoding=\"async\" class=\"size-large wp-image-3405\" src=\"http:\/\/khaitest.rf.gd\/wp-content\/uploads\/2025\/07\/tham-lot-san-honda-cr-v-2024-2-1024x1024.webp\" alt=\"Th\u1ea3m l\u00f3t s\u00e0n Honda CR-V 2024\" width=\"1024\" height=\"1024\" srcset=\"https:\/\/topcar.vn\/wp-content\/uploads\/2025\/07\/tham-lot-san-honda-cr-v-2024-2-1024x1024.webp 1024w, https:\/\/topcar.vn\/wp-content\/uploads\/2025\/07\/tham-lot-san-honda-cr-v-2024-2-300x300.webp 300w, https:\/\/topcar.vn\/wp-content\/uploads\/2025\/07\/tham-lot-san-honda-cr-v-2024-2-150x150.webp 150w, https:\/\/topcar.vn\/wp-content\/uploads\/2025\/07\/tham-lot-san-honda-cr-v-2024-2-768x767.webp 768w, https:\/\/topcar.vn\/wp-content\/uploads\/2025\/07\/tham-lot-san-honda-cr-v-2024-2-600x599.webp 600w, https:\/\/topcar.vn\/wp-content\/uploads\/2025\/07\/tham-lot-san-honda-cr-v-2024-2-100x100.webp 100w, https:\/\/topcar.vn\/wp-content\/uploads\/2025\/07\/tham-lot-san-honda-cr-v-2024-2.webp 1081w\" sizes=\"(max-width: 1024px) 100vw, 1024px\" \/><figcaption id=\"caption-attachment-3405\" class=\"wp-caption-text\">Th\u1ea3m l\u00f3t s\u00e0n Honda CR-V 2024<\/figcaption><\/figure>\n<p data-start=\"2225\" data-end=\"2405\">Topcar l\u00e0 \u0111\u01a1n v\u1ecb chuy\u00ean cung c\u1ea5p <strong data-start=\"2258\" data-end=\"2301\">th\u1ea3m l\u00f3t s\u00e0n \u00f4 t\u00f4 TPE \u0111\u00fac khu\u00f4n theo xe<\/strong>, \u0111\u1ea3m b\u1ea3o ch\u1ea5t l\u01b0\u1ee3ng v\u00e0 \u0111\u1ed9 ch\u00ednh x\u00e1c cao nh\u1ea5t. V\u1edbi s\u1ea3n ph\u1ea9m d\u00e0nh cho Honda CR-V 2024, ch\u00fang t\u00f4i cam k\u1ebft:<\/p>\n<ul data-start=\"2407\" data-end=\"2662\">\n<li data-start=\"2407\" data-end=\"2461\">\n<p data-start=\"2409\" data-end=\"2461\">S\u1eed d\u1ee5ng 100% <strong data-start=\"2422\" data-end=\"2446\">nh\u1ef1a TPE nguy\u00ean sinh<\/strong>, kh\u00f4ng pha t\u1ea1p<\/p>\n<\/li>\n<li data-start=\"2462\" data-end=\"2512\">\n<p data-start=\"2464\" data-end=\"2512\">Thi\u1ebft k\u1ebf <strong data-start=\"2473\" data-end=\"2490\">chu\u1ea9n form 3D<\/strong> \u2013 Kh\u00f4ng c\u1ea7n c\u1eaft ch\u1ec9nh<\/p>\n<\/li>\n<li data-start=\"2513\" data-end=\"2566\">\n<p data-start=\"2515\" data-end=\"2566\"><strong data-start=\"2515\" data-end=\"2533\">B\u1ea3o h\u00e0nh 5 n\u0103m<\/strong> \u2013 \u0110\u1ed5i m\u1edbi n\u1ebfu c\u00f3 l\u1ed7i do s\u1ea3n xu\u1ea5t<\/p>\n<\/li>\n<li data-start=\"2567\" data-end=\"2630\">\n<p data-start=\"2569\" data-end=\"2630\">Giao h\u00e0ng to\u00e0n qu\u1ed1c \u2013 <strong data-start=\"2591\" data-end=\"2630\">L\u1eafp \u0111\u1eb7t t\u1eadn n\u01a1i t\u1ea1i H\u00e0 N\u1ed9i &amp; TP.HCM<\/strong><\/p>\n<\/li>\n<li data-start=\"2631\" data-end=\"2662\">\n<p data-start=\"2633\" data-end=\"2662\">T\u01b0 v\u1ea5n nhanh, h\u1ed7 tr\u1ee3 t\u1eadn t\u00ecnh<\/p>\n<\/li>\n<\/ul>\n<p data-start=\"2664\" data-end=\"2690\"><strong data-start=\"2664\" data-end=\"2690\">Li\u00ean h\u1ec7 \u0111\u1eb7t h\u00e0ng ngay:<\/strong><\/p>\n<ul data-start=\"2692\" data-end=\"2860\">\n<li data-start=\"2692\" data-end=\"2728\">\n<p data-start=\"2694\" data-end=\"2728\"><strong data-start=\"2694\" data-end=\"2712\">Hotline \/ Zalo<\/strong>: 0889.385.222<\/p>\n<\/li>\n<li data-start=\"2729\" data-end=\"2806\">\n<p data-start=\"2731\" data-end=\"2806\"><strong data-start=\"2731\" data-end=\"2742\">\u0110\u1ecba ch\u1ec9<\/strong>: S\u1ed1 9 BT2, Khu \u0111\u00f4 th\u1ecb Foresa Xu\u00e2n Ph\u01b0\u01a1ng, Nam T\u1eeb Li\u00eam, H\u00e0 N\u1ed9i<\/p>\n<\/li>\n<li data-start=\"2807\" data-end=\"2860\">\n<p data-start=\"2809\" data-end=\"2860\"><strong data-start=\"2809\" data-end=\"2820\">Website<\/strong>: <a class=\"\" href=\"https:\/\/Topcar.vn\" target=\"_new\" rel=\"noopener\" data-start=\"2822\" data-end=\"2860\">https:\/\/Topcar.vn<\/a><\/p>\n<\/li>\n<\/ul>\n","protected":false},"excerpt":{"rendered":"<ul>\n<li>Mi\u1ec5n ph\u00ed giao h\u00e0ng to\u00e0n qu\u1ed1c<\/li>\n<li>Nh\u1eadn h\u00e0ng &gt; L\u1eafp \u0111\u1eb7t &gt; Thanh to\u00e1n<\/li>\n<li>B\u1ea3o h\u00e0nh 5 n\u0103m<\/li>\n<\/ul>\n","protected":false},"featured_media":3734,"comment_status":"closed","ping_status":"closed","template":"","meta":{"site-sidebar-layout":"no-sidebar","site-content-layout":"content-boxed-container","ast-site-content-layout":"normal-width-container","site-content-style":"boxed","site-sidebar-style":"unboxed","ast-global-header-display":"","ast-banner-title-visibility":"","ast-main-header-display":"","ast-hfb-above-header-display":"","ast-hfb-below-header-display":"","ast-hfb-mobile-header-display":"","site-post-title":"","ast-breadcrumbs-content":"","ast-featured-img":"","footer-sml-layout":"","ast-disable-related-posts":"","theme-transparent-header-meta":"default","adv-header-id-meta":"","stick-header-meta":"","header-above-stick-meta":"","header-main-stick-meta":"","header-below-stick-meta":"","astra-migrate-meta-layouts":"set","ast-page-background-enabled":"default","ast-page-background-meta":{"desktop":{"background-color":"var(--ast-global-color-4)","background-image":"","background-repeat":"repeat","background-position":"center center","background-size":"auto","background-attachment":"scroll","background-type":"","background-media":"","overlay-type":"","overlay-color":"","overlay-opacity":"","overlay-gradient":""},"tablet":{"background-color":"","background-image":"","background-repeat":"repeat","background-position":"center center","background-size":"auto","background-attachment":"scroll","background-type":"","background-media":"","overlay-type":"","overlay-color":"","overlay-opacity":"","overlay-gradient":""},"mobile":{"background-color":"","background-image":"","background-repeat":"repeat","background-position":"center center","background-size":"auto","background-attachment":"scroll","background-type":"","background-media":"","overlay-type":"","overlay-color":"","overlay-opacity":"","overlay-gradient":""}},"ast-content-background-meta":{"desktop":{"background-color":"var(--ast-global-color-5)","background-image":"","background-repeat":"repeat","background-position":"center center","background-size":"auto","background-attachment":"scroll","background-type":"","background-media":"","overlay-type":"","overlay-color":"","overlay-opacity":"","overlay-gradient":""},"tablet":{"background-color":"var(--ast-global-color-5)","background-image":"","background-repeat":"repeat","background-position":"center center","background-size":"auto","background-attachment":"scroll","background-type":"","background-media":"","overlay-type":"","overlay-color":"","overlay-opacity":"","overlay-gradient":""},"mobile":{"background-color":"var(--ast-global-color-5)","background-image":"","background-repeat":"repeat","background-position":"center center","background-size":"auto","background-attachment":"scroll","background-type":"","background-media":"","overlay-type":"","overlay-color":"","overlay-opacity":"","overlay-gradient":""}}},"product_brand":[],"product_cat":[43,46],"product_tag":[73,110,152,308,108,151],"class_list":{"0":"post-2358","1":"product","2":"type-product","3":"status-publish","4":"has-post-thumbnail","6":"product_cat-tham-lot-san-o-to","7":"product_cat-tham-lot-san-o-to-honda","8":"product_tag-tham-lot-san-o-to","9":"product_tag-tham-lot-san-o-to-cao-cap","10":"product_tag-tham-lot-san-o-to-cao-su","11":"product_tag-tham-lot-san-o-to-chong-on","12":"product_tag-tham-lot-san-o-to-phukienxevip-com","13":"product_tag-tham-lot-san-o-to-pvc","14":"desktop-align-left","15":"tablet-align-left","16":"mobile-align-left","18":"first","19":"instock","20":"shipping-taxable","21":"purchasable","22":"product-type-variable"},"_links":{"self":[{"href":"https:\/\/topcar.vn\/index.php?rest_route=\/wp\/v2\/product\/2358","targetHints":{"allow":["GET"]}}],"collection":[{"href":"https:\/\/topcar.vn\/index.php?rest_route=\/wp\/v2\/product"}],"about":[{"href":"https:\/\/topcar.vn\/index.php?rest_route=\/wp\/v2\/types\/product"}],"replies":[{"embeddable":true,"href":"https:\/\/topcar.vn\/index.php?rest_route=%2Fwp%2Fv2%2Fcomments&post=2358"}],"version-history":[{"count":3,"href":"https:\/\/topcar.vn\/index.php?rest_route=\/wp\/v2\/product\/2358\/revisions"}],"predecessor-version":[{"id":3401,"href":"https:\/\/topcar.vn\/index.php?rest_route=\/wp\/v2\/product\/2358\/revisions\/3401"}],"wp:featuredmedia":[{"embeddable":true,"href":"https:\/\/topcar.vn\/index.php?rest_route=\/wp\/v2\/media\/3734"}],"wp:attachment":[{"href":"https:\/\/topcar.vn\/index.php?rest_route=%2Fwp%2Fv2%2Fmedia&parent=2358"}],"wp:term":[{"taxonomy":"product_brand","embeddable":true,"href":"https:\/\/topcar.vn\/index.php?rest_route=%2Fwp%2Fv2%2Fproduct_brand&post=2358"},{"taxonomy":"product_cat","embeddable":true,"href":"https:\/\/topcar.vn\/index.php?rest_route=%2Fwp%2Fv2%2Fproduct_cat&post=2358"},{"taxonomy":"product_tag","embeddable":true,"href":"https:\/\/topcar.vn\/index.php?rest_route=%2Fwp%2Fv2%2Fproduct_tag&post=2358"}],"curies":[{"name":"wp","href":"https:\/\/api.w.org\/{rel}","templated":true}]}}