{"id":2355,"date":"2025-07-29T20:15:09","date_gmt":"2025-07-29T13:15:09","guid":{"rendered":"http:\/\/khaitest.rf.gd\/?post_type=product&#038;p=2355"},"modified":"2025-12-08T10:58:08","modified_gmt":"2025-12-08T03:58:08","slug":"tham-lot-san-honda-br-v-20232024","status":"publish","type":"product","link":"https:\/\/topcar.vn\/?product=tham-lot-san-honda-br-v-20232024","title":{"rendered":"Th\u1ea3m l\u00f3t s\u00e0n Honda BR-V 2023\u20132024"},"content":{"rendered":"<p data-start=\"243\" data-end=\"715\">Honda BR-V 2023\u20132024 l\u00e0 m\u1eabu SUV 7 ch\u1ed7 \u0111\u01b0\u1ee3c \u01b0a chu\u1ed9ng nh\u1edd thi\u1ebft k\u1ebf hi\u1ec7n \u0111\u1ea1i, kh\u1ea3 n\u0103ng v\u1eadn h\u00e0nh linh ho\u1ea1t v\u00e0 m\u1ee9c gi\u00e1 h\u1ee3p l\u00fd. \u0110\u01b0\u1ee3c ph\u00e1t tri\u1ec3n \u0111\u1ec3 ph\u1ee5c v\u1ee5 nhu c\u1ea7u gia \u0111\u00ecnh v\u00e0 di chuy\u1ec3n \u0111\u01b0\u1eddng d\u00e0i, Honda BR-V s\u1edf h\u1eefu kh\u00f4ng gian n\u1ed9i th\u1ea5t r\u1ed9ng r\u00e3i, ti\u1ec7n nghi. Tuy nhi\u00ean, do \u0111\u1eb7c th\u00f9 xe s\u1eed d\u1ee5ng nhi\u1ec1u v\u00e0 ch\u1edf \u0111\u00f4ng ng\u01b0\u1eddi, vi\u1ec7c trang b\u1ecb Th\u1ea3m l\u00f3t s\u00e0n Honda BR-V 2023\u20132024\u00a0TPE cao c\u1ea5p l\u00e0 c\u00e1ch b\u1ea3o v\u1ec7 s\u00e0n xe hi\u1ec7u qu\u1ea3, \u0111\u1ed3ng th\u1eddi duy tr\u00ec s\u1ef1 s\u1ea1ch s\u1ebd v\u00e0 \u0111\u1eb3ng c\u1ea5p cho khoang cabin.<\/p>\n<hr data-start=\"717\" data-end=\"720\" \/>\n<h2 data-section-id=\"25x44r\" data-start=\"722\" data-end=\"778\">Gi\u1edbi thi\u1ec7u s\u1ea3n ph\u1ea9m Th\u1ea3m l\u00f3t s\u00e0n Honda BR-V 2023\u20132024<\/h2>\n<figure id=\"attachment_3725\" aria-describedby=\"caption-attachment-3725\" style=\"width: 1024px\" class=\"wp-caption aligncenter\"><img fetchpriority=\"high\" decoding=\"async\" class=\"wp-image-3725 size-large\" src=\"http:\/\/khaitest.rf.gd\/wp-content\/uploads\/2025\/07\/Tham-lot-san-Honda-BR-V-2023\u20132024-11-1024x1024.webp\" alt=\"Th\u1ea3m l\u00f3t s\u00e0n Honda BR-V 2023\u20132024\" width=\"1024\" height=\"1024\" srcset=\"https:\/\/topcar.vn\/wp-content\/uploads\/2025\/07\/Tham-lot-san-Honda-BR-V-2023\u20132024-11-1024x1024.webp 1024w, https:\/\/topcar.vn\/wp-content\/uploads\/2025\/07\/Tham-lot-san-Honda-BR-V-2023\u20132024-11-300x300.webp 300w, https:\/\/topcar.vn\/wp-content\/uploads\/2025\/07\/Tham-lot-san-Honda-BR-V-2023\u20132024-11-150x150.webp 150w, https:\/\/topcar.vn\/wp-content\/uploads\/2025\/07\/Tham-lot-san-Honda-BR-V-2023\u20132024-11-768x768.webp 768w, https:\/\/topcar.vn\/wp-content\/uploads\/2025\/07\/Tham-lot-san-Honda-BR-V-2023\u20132024-11-600x600.webp 600w, https:\/\/topcar.vn\/wp-content\/uploads\/2025\/07\/Tham-lot-san-Honda-BR-V-2023\u20132024-11-100x100.webp 100w, https:\/\/topcar.vn\/wp-content\/uploads\/2025\/07\/Tham-lot-san-Honda-BR-V-2023\u20132024-11.webp 1080w\" sizes=\"(max-width: 1024px) 100vw, 1024px\" \/><figcaption id=\"caption-attachment-3725\" class=\"wp-caption-text\">Th\u1ea3m l\u00f3t s\u00e0n Honda BR-V 2023\u20132024<\/figcaption><\/figure>\n<p data-start=\"780\" data-end=\"1041\"><strong data-start=\"780\" data-end=\"810\">B\u1ed9 th\u1ea3m TPE cho Honda BR-V<\/strong> \u0111\u01b0\u1ee3c thi\u1ebft k\u1ebf ri\u00eang theo t\u1eebng chi ti\u1ebft s\u00e0n xe, \u1ee9ng d\u1ee5ng <strong data-start=\"867\" data-end=\"912\">c\u00f4ng ngh\u1ec7 \u0111\u00fac khu\u00f4n 3D \u00e9p nhi\u1ec7t ch\u00ednh x\u00e1c<\/strong>, gi\u00fap \u00f4m s\u00e1t form s\u00e0n t\u1eebng h\u00e0ng gh\u1ebf \u2013 t\u1eeb h\u00e0ng tr\u01b0\u1edbc, gi\u1eefa \u0111\u1ebfn h\u00e0ng sau. S\u1ea3n ph\u1ea9m kh\u00f4ng c\u1ea7n c\u1eaft ch\u1ec9nh, kh\u00f4ng x\u00f4 l\u1ec7ch khi s\u1eed d\u1ee5ng.<\/p>\n<p data-start=\"1043\" data-end=\"1201\">Ch\u1ea5t li\u1ec7u <strong data-start=\"1053\" data-end=\"1072\">TPE nguy\u00ean sinh<\/strong>, kh\u00f4ng pha nh\u1ef1a t\u00e1i ch\u1ebf, kh\u00f4ng m\u00f9i \u2013 \u0111\u1ea3m b\u1ea3o an to\u00e0n tuy\u1ec7t \u0111\u1ed1i cho s\u1ee9c kh\u1ecfe ng\u01b0\u1eddi d\u00f9ng, k\u1ec3 c\u1ea3 khi xe \u0111\u1ec3 l\u00e2u d\u01b0\u1edbi tr\u1eddi n\u1eafng n\u00f3ng.<\/p>\n<p data-start=\"1203\" data-end=\"1421\">B\u1ec1 m\u1eb7t th\u1ea3m c\u00f3 <strong data-start=\"1218\" data-end=\"1252\">\u0111\u01b0\u1eddng g\u00e2n n\u1ed5i gi\u00fap ch\u1ed1ng tr\u01b0\u1ee3t<\/strong>, k\u1ebft h\u1ee3p h\u1ec7 th\u1ed1ng <strong data-start=\"1271\" data-end=\"1303\">r\u00e3nh ch\u1ed1ng tr\u00e0n v\u00e0 tho\u00e1t b\u1ee5i<\/strong> th\u00f4ng minh. M\u1eb7t d\u01b0\u1edbi \u0111\u01b0\u1ee3c thi\u1ebft k\u1ebf <strong data-start=\"1339\" data-end=\"1358\">gai b\u00e1m c\u1ed1 \u0111\u1ecbnh<\/strong>, ch\u1ed1ng x\u00ea d\u1ecbch khi xe di chuy\u1ec3n hay l\u00ean xu\u1ed1ng xe th\u01b0\u1eddng xuy\u00ean.<\/p>\n<hr data-start=\"1423\" data-end=\"1426\" \/>\n<h2 data-section-id=\"1yjsv7l\" data-start=\"1428\" data-end=\"1458\">Th\u00f4ng tin chi ti\u1ebft s\u1ea3n ph\u1ea9m<\/h2>\n<figure id=\"attachment_3397\" aria-describedby=\"caption-attachment-3397\" style=\"width: 1024px\" class=\"wp-caption aligncenter\"><img decoding=\"async\" class=\"size-large wp-image-3397\" src=\"http:\/\/khaitest.rf.gd\/wp-content\/uploads\/2025\/07\/tham-lot-san-honda-br-v-2023-2024-3-1024x1024.webp\" alt=\"Th\u1ea3m l\u00f3t s\u00e0n Honda BR-V 2023\u20132024\" width=\"1024\" height=\"1024\" srcset=\"https:\/\/topcar.vn\/wp-content\/uploads\/2025\/07\/tham-lot-san-honda-br-v-2023-2024-3-1024x1024.webp 1024w, https:\/\/topcar.vn\/wp-content\/uploads\/2025\/07\/tham-lot-san-honda-br-v-2023-2024-3-300x300.webp 300w, https:\/\/topcar.vn\/wp-content\/uploads\/2025\/07\/tham-lot-san-honda-br-v-2023-2024-3-150x150.webp 150w, https:\/\/topcar.vn\/wp-content\/uploads\/2025\/07\/tham-lot-san-honda-br-v-2023-2024-3-768x767.webp 768w, https:\/\/topcar.vn\/wp-content\/uploads\/2025\/07\/tham-lot-san-honda-br-v-2023-2024-3-600x599.webp 600w, https:\/\/topcar.vn\/wp-content\/uploads\/2025\/07\/tham-lot-san-honda-br-v-2023-2024-3-100x100.webp 100w, https:\/\/topcar.vn\/wp-content\/uploads\/2025\/07\/tham-lot-san-honda-br-v-2023-2024-3.webp 1081w\" sizes=\"(max-width: 1024px) 100vw, 1024px\" \/><figcaption id=\"caption-attachment-3397\" class=\"wp-caption-text\">Th\u1ea3m l\u00f3t s\u00e0n Honda BR-V 2023\u20132024<\/figcaption><\/figure>\n<ul data-start=\"1460\" data-end=\"1821\">\n<li data-start=\"1460\" data-end=\"1527\">\n<p data-start=\"1462\" data-end=\"1527\"><strong data-start=\"1462\" data-end=\"1481\">Lo\u1ea1i xe ph\u00f9 h\u1ee3p<\/strong>: Honda BR-V 2023\u20132024 (t\u1ea5t c\u1ea3 phi\u00ean b\u1ea3n G, L)<\/p>\n<\/li>\n<li data-start=\"1528\" data-end=\"1591\">\n<p data-start=\"1530\" data-end=\"1591\"><strong data-start=\"1530\" data-end=\"1543\">Ch\u1ea5t li\u1ec7u<\/strong>: Nh\u1ef1a TPE nguy\u00ean sinh \u0111\u1ea1t chu\u1ea9n an to\u00e0n qu\u1ed1c t\u1ebf<\/p>\n<\/li>\n<li data-start=\"1592\" data-end=\"1642\">\n<p data-start=\"1594\" data-end=\"1642\"><strong data-start=\"1594\" data-end=\"1607\">C\u00f4ng ngh\u1ec7<\/strong>: \u0110\u00fac \u00e9p nhi\u1ec7t 3D \u2013 chu\u1ea9n form 100%<\/p>\n<\/li>\n<li data-start=\"1643\" data-end=\"1701\">\n<p data-start=\"1645\" data-end=\"1701\"><strong data-start=\"1645\" data-end=\"1656\">C\u1ea5u t\u1ea1o<\/strong>: B\u1ed9 th\u1ea3m g\u1ed3m c\u00e1c ph\u1ea7n cho h\u00e0ng gh\u1ebf 1, 2 v\u00e0 3<\/p>\n<\/li>\n<li data-start=\"1702\" data-end=\"1756\">\n<p data-start=\"1704\" data-end=\"1756\"><strong data-start=\"1704\" data-end=\"1715\">M\u00e0u s\u1eafc<\/strong>: \u0110en tinh t\u1ebf \u2013 d\u1ec5 v\u1ec7 sinh, kh\u00f4ng b\u00e1m b\u1ee5i<\/p>\n<\/li>\n<li data-start=\"1757\" data-end=\"1821\">\n<p data-start=\"1759\" data-end=\"1821\"><strong data-start=\"1759\" data-end=\"1771\">B\u1ea3o h\u00e0nh<\/strong>: 5 n\u0103m \u2013 1 \u0111\u1ed5i 1 n\u1ebfu l\u1ed7i k\u1ef9 thu\u1eadt t\u1eeb nh\u00e0 s\u1ea3n xu\u1ea5t<\/p>\n<\/li>\n<\/ul>\n<hr data-start=\"1823\" data-end=\"1826\" \/>\n<h2 data-section-id=\"fmi9cw\" data-start=\"1828\" data-end=\"1846\">\u01afu \u0111i\u1ec3m n\u1ed5i b\u1eadt Th\u1ea3m l\u00f3t s\u00e0n Honda BR-V 2023\u20132024<\/h2>\n<figure id=\"attachment_3398\" aria-describedby=\"caption-attachment-3398\" style=\"width: 1024px\" class=\"wp-caption aligncenter\"><img decoding=\"async\" class=\"size-large wp-image-3398\" src=\"http:\/\/khaitest.rf.gd\/wp-content\/uploads\/2025\/07\/tham-lot-san-honda-br-v-2023-2024-4-1024x1024.webp\" alt=\"Th\u1ea3m l\u00f3t s\u00e0n Honda BR-V 2023\u20132024\" width=\"1024\" height=\"1024\" srcset=\"https:\/\/topcar.vn\/wp-content\/uploads\/2025\/07\/tham-lot-san-honda-br-v-2023-2024-4-1024x1024.webp 1024w, https:\/\/topcar.vn\/wp-content\/uploads\/2025\/07\/tham-lot-san-honda-br-v-2023-2024-4-300x300.webp 300w, https:\/\/topcar.vn\/wp-content\/uploads\/2025\/07\/tham-lot-san-honda-br-v-2023-2024-4-150x150.webp 150w, https:\/\/topcar.vn\/wp-content\/uploads\/2025\/07\/tham-lot-san-honda-br-v-2023-2024-4-768x767.webp 768w, https:\/\/topcar.vn\/wp-content\/uploads\/2025\/07\/tham-lot-san-honda-br-v-2023-2024-4-600x599.webp 600w, https:\/\/topcar.vn\/wp-content\/uploads\/2025\/07\/tham-lot-san-honda-br-v-2023-2024-4-100x100.webp 100w, https:\/\/topcar.vn\/wp-content\/uploads\/2025\/07\/tham-lot-san-honda-br-v-2023-2024-4.webp 1081w\" sizes=\"(max-width: 1024px) 100vw, 1024px\" \/><figcaption id=\"caption-attachment-3398\" class=\"wp-caption-text\">Th\u1ea3m l\u00f3t s\u00e0n Honda BR-V 2023\u20132024<\/figcaption><\/figure>\n<p data-start=\"125\" data-end=\"437\"><strong data-start=\"125\" data-end=\"212\">Kh\u00f4ng m\u00f9i \u2013 Kh\u00f4ng \u0111\u1ed9c h\u1ea1i: Th\u00e2n thi\u1ec7n v\u1edbi s\u1ee9c kh\u1ecfe, ph\u00f9 h\u1ee3p cho gia \u0111\u00ecnh c\u00f3 tr\u1ebb nh\u1ecf<\/strong><br data-start=\"212\" data-end=\"215\" \/>Th\u1ea3m \u0111\u01b0\u1ee3c l\u00e0m t\u1eeb ch\u1ea5t li\u1ec7u TPE nguy\u00ean sinh, kh\u00f4ng pha t\u1ea1p, \u0111\u1ea3m b\u1ea3o an to\u00e0n tuy\u1ec7t \u0111\u1ed1i. Ng\u01b0\u1eddi d\u00f9ng s\u1ebd kh\u00f4ng b\u1ecb kh\u00f3 ch\u1ecbu b\u1edfi m\u00f9i cao su hay h\u00f3a ch\u1ea5t. \u0110\u00e2y l\u00e0 l\u1ef1a ch\u1ecdn l\u00fd t\u01b0\u1edfng cho nh\u1eefng gia \u0111\u00ecnh c\u00f3 tr\u1ebb nh\u1ecf v\u00e0 ng\u01b0\u1eddi nh\u1ea1y c\u1ea3m.<\/p>\n<p data-start=\"439\" data-end=\"720\"><strong data-start=\"439\" data-end=\"515\">Ch\u1ed1ng tr\u01b0\u1ee3t \u2013 C\u1ed1 \u0111\u1ecbnh ch\u1eafc ch\u1eafn: Gai b\u00e1m gi\u1eef th\u1ea3m \u1ed5n \u0111\u1ecbnh, kh\u00f4ng x\u00f4 l\u1ec7ch<\/strong><br data-start=\"515\" data-end=\"518\" \/>M\u1eb7t d\u01b0\u1edbi th\u1ea3m \u0111\u01b0\u1ee3c thi\u1ebft k\u1ebf gai b\u00e1m ch\u1eafc v\u00e0o s\u00e0n xe, h\u1ea1n ch\u1ebf tr\u01b0\u1ee3t khi v\u1eadn h\u00e0nh. Nh\u1edd \u0111\u00f3, th\u1ea3m kh\u00f4ng b\u1ecb x\u00f4 l\u1ec7ch g\u00e2y v\u01b0\u1edbng ch\u00e2n ga hay ch\u00e2n phanh. \u0110i\u1ec1u n\u00e0y gi\u00fap t\u0103ng s\u1ef1 an to\u00e0n v\u00e0 y\u00ean t\u00e2m cho ng\u01b0\u1eddi l\u00e1i.<\/p>\n<p data-start=\"722\" data-end=\"1005\"><strong data-start=\"722\" data-end=\"800\">Ng\u0103n n\u01b0\u1edbc \u2013 Ch\u1ed1ng b\u00e1m b\u1ee5i: B\u1ea3o v\u1ec7 s\u00e0n xe to\u00e0n di\u1ec7n, \u0111\u1eb7c bi\u1ec7t trong m\u00f9a m\u01b0a<\/strong><br data-start=\"800\" data-end=\"803\" \/>B\u1ec1 m\u1eb7t th\u1ea3m ch\u1ed1ng th\u1ea5m, gi\u1eef l\u1ea1i to\u00e0n b\u1ed9 n\u01b0\u1edbc, \u0111\u1ea5t c\u00e1t v\u00e0 b\u00f9n b\u1ea9n. Nh\u1edd v\u1eady, s\u00e0n xe lu\u00f4n kh\u00f4 r\u00e1o v\u00e0 s\u1ea1ch s\u1ebd d\u00f9 di chuy\u1ec3n trong \u0111i\u1ec1u ki\u1ec7n m\u01b0a gi\u00f3. \u0110\u00e2y l\u00e0 l\u1edbp b\u1ea3o v\u1ec7 hi\u1ec7u qu\u1ea3 \u0111\u1ec3 k\u00e9o d\u00e0i tu\u1ed5i th\u1ecd n\u1ed9i th\u1ea5t.<\/p>\n<p data-start=\"1007\" data-end=\"1308\"><strong data-start=\"1007\" data-end=\"1094\">Ch\u1ecbu nhi\u1ec7t t\u1ed1t \u2013 Kh\u00f4ng cong v\u00eanh: D\u00f9ng \u0111\u01b0\u1ee3c quanh n\u0103m trong m\u1ecdi \u0111i\u1ec1u ki\u1ec7n th\u1eddi ti\u1ebft<\/strong><br data-start=\"1094\" data-end=\"1097\" \/>Th\u1ea3m v\u1eabn gi\u1eef \u0111\u01b0\u1ee3c form chu\u1ea9n ngay c\u1ea3 khi xe ph\u01a1i d\u01b0\u1edbi n\u1eafng g\u1eaft nhi\u1ec1u gi\u1edd. Kh\u1ea3 n\u0103ng ch\u1ed1ng co ng\u00f3t v\u00e0 cong v\u00eanh v\u01b0\u1ee3t tr\u1ed9i so v\u1edbi th\u1ea3m th\u00f4ng th\u01b0\u1eddng. Ng\u01b0\u1eddi d\u00f9ng c\u00f3 th\u1ec3 an t\u00e2m s\u1eed d\u1ee5ng b\u1ed1n m\u00f9a m\u00e0 kh\u00f4ng lo bi\u1ebfn d\u1ea1ng.<\/p>\n<p data-start=\"1310\" data-end=\"1570\"><strong data-start=\"1310\" data-end=\"1380\">D\u1ec5 v\u1ec7 sinh: C\u00f3 th\u1ec3 x\u1ecbt n\u01b0\u1edbc tr\u1ef1c ti\u1ebfp, kh\u00f4ng c\u1ea7n th\u00e1o r\u1eddi ph\u1ee9c t\u1ea1p<\/strong><br data-start=\"1380\" data-end=\"1383\" \/>Khi b\u1ecb b\u00e1m b\u1ea9n, b\u1ea1n ch\u1ec9 c\u1ea7n l\u1ea5y v\u00f2i x\u1ecbt r\u1eeda nh\u1eb9 l\u00e0 th\u1ea3m l\u1ea1i nh\u01b0 m\u1edbi. Kh\u00f4ng t\u1ed1n nhi\u1ec1u th\u1eddi gian hay ph\u1ea3i th\u00e1o r\u1eddi r\u01b0\u1eddm r\u00e0. \u0110i\u1ec1u n\u00e0y mang l\u1ea1i s\u1ef1 ti\u1ec7n l\u1ee3i t\u1ed1i \u0111a cho qu\u00e1 tr\u00ecnh ch\u0103m s\u00f3c xe.<\/p>\n<p data-start=\"1572\" data-end=\"1834\"><strong data-start=\"1572\" data-end=\"1640\">T\u0103ng th\u1ea9m m\u1ef9 n\u1ed9i th\u1ea5t: Gi\u1eef khoang cabin lu\u00f4n s\u1ea1ch s\u1ebd, sang tr\u1ecdng<\/strong><br data-start=\"1640\" data-end=\"1643\" \/>Th\u1ea3m c\u00f3 m\u00e0u s\u1eafc tinh t\u1ebf, thi\u1ebft k\u1ebf \u00f4m s\u00e1t form xe, t\u1ea1o s\u1ef1 \u0111\u1ed3ng b\u1ed9. Cabin xe v\u00ec th\u1ebf tr\u1edf n\u00ean g\u1ecdn g\u00e0ng, hi\u1ec7n \u0111\u1ea1i v\u00e0 \u0111\u1eb3ng c\u1ea5p h\u01a1n. \u0110\u00e2y c\u0169ng l\u00e0 m\u1ed9t ph\u1ee5 ki\u1ec7n gi\u00fap kh\u1eb3ng \u0111\u1ecbnh phong c\u00e1ch c\u1ee7a ch\u1ee7 xe.<\/p>\n<hr data-start=\"2333\" data-end=\"2336\" \/>\n<h2 data-section-id=\"vdlgxc\" data-start=\"2338\" data-end=\"2382\"><a href=\"http:\/\/khaitest.rf.gd\/?p=1861\" target=\"_blank\" rel=\"noopener\">Gi\u00e1 b\u00e1n Th\u1ea3m<\/a> l\u00f3t s\u00e0n Honda BR-V 2023\u20132024<\/h2>\n<figure id=\"attachment_3726\" aria-describedby=\"caption-attachment-3726\" style=\"width: 768px\" class=\"wp-caption aligncenter\"><img loading=\"lazy\" decoding=\"async\" class=\"wp-image-3726 size-full\" src=\"http:\/\/khaitest.rf.gd\/wp-content\/uploads\/2025\/07\/Tham-lot-san-Honda-BR-V-2023\u20132024-1.webp\" alt=\"Th\u1ea3m l\u00f3t s\u00e0n Honda BR-V 2023\u20132024\" width=\"768\" height=\"768\" srcset=\"https:\/\/topcar.vn\/wp-content\/uploads\/2025\/07\/Tham-lot-san-Honda-BR-V-2023\u20132024-1.webp 768w, https:\/\/topcar.vn\/wp-content\/uploads\/2025\/07\/Tham-lot-san-Honda-BR-V-2023\u20132024-1-300x300.webp 300w, https:\/\/topcar.vn\/wp-content\/uploads\/2025\/07\/Tham-lot-san-Honda-BR-V-2023\u20132024-1-150x150.webp 150w, https:\/\/topcar.vn\/wp-content\/uploads\/2025\/07\/Tham-lot-san-Honda-BR-V-2023\u20132024-1-600x600.webp 600w, https:\/\/topcar.vn\/wp-content\/uploads\/2025\/07\/Tham-lot-san-Honda-BR-V-2023\u20132024-1-100x100.webp 100w\" sizes=\"(max-width: 768px) 100vw, 768px\" \/><figcaption id=\"caption-attachment-3726\" class=\"wp-caption-text\">Th\u1ea3m l\u00f3t s\u00e0n Honda BR-V 2023\u20132024<\/figcaption><\/figure>\n<ul data-start=\"2384\" data-end=\"2526\">\n<li data-start=\"2384\" data-end=\"2431\">\n<p data-start=\"2386\" data-end=\"2431\"><strong data-start=\"2386\" data-end=\"2414\">B\u1ed9 \u0111\u1ea7y \u0111\u1ee7 (th\u1ea3m s\u00e0n TPE)<\/strong>: 2.500.000 VN\u0110<\/p>\n<\/li>\n<li data-start=\"2432\" data-end=\"2481\">\n<p data-start=\"2434\" data-end=\"2481\"><strong data-start=\"2434\" data-end=\"2466\">Th\u1ea3m r\u1ed1i ph\u1ee7 tr\u00ean (t\u00f9y ch\u1ecdn)<\/strong>: 250.000 VN\u0110<\/p>\n<\/li>\n<li data-start=\"2482\" data-end=\"2526\">\n<p data-start=\"2484\" data-end=\"2526\"><strong data-start=\"2484\" data-end=\"2509\">Mua l\u1ebb kh\u00f4ng th\u1ea3m r\u1ed1i<\/strong>: 2.250.000 VN\u0110<\/p>\n<\/li>\n<\/ul>\n<hr data-start=\"2528\" data-end=\"2531\" \/>\n<h2 data-section-id=\"uihuqg\" data-start=\"2533\" data-end=\"2574\">Mua th\u1ea3m l\u00f3t s\u00e0n Honda BR-V t\u1ea1i Topcar<\/h2>\n<p data-start=\"80\" data-end=\"404\">Topcar l\u00e0 \u0111\u01a1n v\u1ecb chuy\u00ean ph\u00e2n ph\u1ed1i <strong data-start=\"114\" data-end=\"152\">th\u1ea3m l\u00f3t s\u00e0n TPE \u0111\u00fac khu\u00f4n theo xe<\/strong> v\u1edbi ch\u1ea5t l\u01b0\u1ee3ng cao c\u1ea5p, \u0111\u1ea3m b\u1ea3o chu\u1ea9n form t\u1eebng \u0111\u1eddi xe, kh\u00f4ng c\u1ea7n ch\u1ec9nh s\u1eeda hay lo v\u00eanh m\u00e9p trong qu\u00e1 tr\u00ecnh s\u1eed d\u1ee5ng. C\u00e1c s\u1ea3n ph\u1ea9m \u0111\u01b0\u1ee3c s\u1ea3n xu\u1ea5t b\u1eb1ng c\u00f4ng ngh\u1ec7 \u00e9p nhi\u1ec7t 3D hi\u1ec7n \u0111\u1ea1i, mang l\u1ea1i \u0111\u1ed9 ch\u00ednh x\u00e1c tuy\u1ec7t \u0111\u1ed1i v\u00e0 kh\u1ea3 n\u0103ng b\u1ea3o v\u1ec7 s\u00e0n xe to\u00e0n di\u1ec7n.<\/p>\n<p data-start=\"406\" data-end=\"494\">Khi ch\u1ecdn mua th\u1ea3m l\u00f3t s\u00e0n t\u1ea1i Topcar, b\u1ea1n ho\u00e0n to\u00e0n y\u00ean t\u00e2m v\u1edbi nh\u1eefng cam k\u1ebft r\u00f5 r\u00e0ng:<\/p>\n<ul data-start=\"495\" data-end=\"961\">\n<li data-start=\"495\" data-end=\"612\">\n<p data-start=\"497\" data-end=\"612\"><strong data-start=\"497\" data-end=\"526\">100% nh\u1ef1a TPE nguy\u00ean sinh<\/strong> cao c\u1ea5p, kh\u00f4ng pha nh\u1ef1a t\u00e1i ch\u1ebf, an to\u00e0n cho s\u1ee9c kh\u1ecfe v\u00e0 th\u00e2n thi\u1ec7n v\u1edbi m\u00f4i tr\u01b0\u1eddng.<\/p>\n<\/li>\n<li data-start=\"613\" data-end=\"713\">\n<p data-start=\"615\" data-end=\"713\"><strong data-start=\"615\" data-end=\"637\">Chu\u1ea9n form theo xe<\/strong>, l\u1eafp \u0111\u1eb7t v\u1eeba kh\u00edt, kh\u00f4ng c\u1ea7n c\u1eaft g\u1ecdt, kh\u00f4ng g\u00e2y c\u1ea3n tr\u1edf qu\u00e1 tr\u00ecnh l\u00e1i xe.<\/p>\n<\/li>\n<li data-start=\"714\" data-end=\"816\">\n<p data-start=\"716\" data-end=\"816\"><strong data-start=\"716\" data-end=\"745\">Ch\u00ednh s\u00e1ch b\u1ea3o h\u00e0nh 5 n\u0103m<\/strong>, h\u1ed7 tr\u1ee3 \u0111\u1ed5i m\u1edbi mi\u1ec5n ph\u00ed n\u1ebfu ph\u00e1t sinh l\u1ed7i k\u1ef9 thu\u1eadt t\u1eeb nh\u00e0 s\u1ea3n xu\u1ea5t.<\/p>\n<\/li>\n<li data-start=\"817\" data-end=\"961\">\n<p data-start=\"819\" data-end=\"961\"><strong data-start=\"819\" data-end=\"838\">T\u01b0 v\u1ea5n t\u1eadn t\u00ecnh<\/strong>, h\u1ed7 tr\u1ee3 giao h\u00e0ng nhanh ch\u00f3ng v\u00e0 l\u1eafp \u0111\u1eb7t chuy\u00ean nghi\u1ec7p t\u1ea1i H\u00e0 N\u1ed9i, mang l\u1ea1i s\u1ef1 ti\u1ec7n l\u1ee3i t\u1ed1i \u0111a cho kh\u00e1ch h\u00e0ng.<\/p>\n<\/li>\n<\/ul>\n<p data-start=\"963\" data-end=\"1153\">V\u1edbi uy t\u00edn nhi\u1ec1u n\u0103m tr\u00ean th\u1ecb tr\u01b0\u1eddng, Topcar kh\u00f4ng ch\u1ec9 cung c\u1ea5p s\u1ea3n ph\u1ea9m ch\u1ea5t l\u01b0\u1ee3ng m\u00e0 c\u00f2n ch\u00fa tr\u1ecdng d\u1ecbch v\u1ee5 ch\u0103m s\u00f3c kh\u00e1ch h\u00e0ng, gi\u00fap b\u1ea1n lu\u00f4n an t\u00e2m khi l\u1ef1a ch\u1ecdn th\u1ea3m l\u00f3t s\u00e0n cho x\u1ebf y\u00eau.<\/p>\n<hr data-start=\"2993\" data-end=\"2996\" \/>\n<p data-start=\"2998\" data-end=\"3022\"><strong data-start=\"3001\" data-end=\"3022\">Li\u00ean h\u1ec7 \u0111\u1eb7t h\u00e0ng:<\/strong><\/p>\n<ul data-start=\"3024\" data-end=\"3192\">\n<li data-start=\"3024\" data-end=\"3060\">\n<p data-start=\"3026\" data-end=\"3060\"><strong data-start=\"3026\" data-end=\"3044\">Hotline \/ Zalo<\/strong>: 0889.385.222<\/p>\n<\/li>\n<li data-start=\"3061\" data-end=\"3138\">\n<p data-start=\"3063\" data-end=\"3138\"><strong data-start=\"3063\" data-end=\"3074\">\u0110\u1ecba ch\u1ec9<\/strong>: S\u1ed1 9 BT2, Khu \u0111\u00f4 th\u1ecb Foresa Xu\u00e2n Ph\u01b0\u01a1ng, Nam T\u1eeb Li\u00eam, H\u00e0 N\u1ed9i<\/p>\n<\/li>\n<li data-start=\"3139\" data-end=\"3192\">\n<p data-start=\"3141\" data-end=\"3192\"><strong data-start=\"3141\" data-end=\"3152\">Website<\/strong>: <a class=\"\" href=\"https:\/\/Topcar.vn\" target=\"_new\" rel=\"noopener\" data-start=\"3154\" data-end=\"3192\">https:\/\/Topcar.vn<\/a><\/p>\n<\/li>\n<\/ul>\n","protected":false},"excerpt":{"rendered":"<ul>\n<li>Mi\u1ec5n ph\u00ed giao h\u00e0ng to\u00e0n qu\u1ed1c<\/li>\n<li>Nh\u1eadn h\u00e0ng &gt; L\u1eafp \u0111\u1eb7t &gt; Thanh to\u00e1n<\/li>\n<li>B\u1ea3o h\u00e0nh 5 n\u0103m<\/li>\n<\/ul>\n","protected":false},"featured_media":3725,"comment_status":"closed","ping_status":"closed","template":"","meta":{"site-sidebar-layout":"no-sidebar","site-content-layout":"content-boxed-container","ast-site-content-layout":"normal-width-container","site-content-style":"boxed","site-sidebar-style":"unboxed","ast-global-header-display":"","ast-banner-title-visibility":"","ast-main-header-display":"","ast-hfb-above-header-display":"","ast-hfb-below-header-display":"","ast-hfb-mobile-header-display":"","site-post-title":"","ast-breadcrumbs-content":"","ast-featured-img":"","footer-sml-layout":"","ast-disable-related-posts":"","theme-transparent-header-meta":"default","adv-header-id-meta":"","stick-header-meta":"","header-above-stick-meta":"","header-main-stick-meta":"","header-below-stick-meta":"","astra-migrate-meta-layouts":"set","ast-page-background-enabled":"default","ast-page-background-meta":{"desktop":{"background-color":"var(--ast-global-color-4)","background-image":"","background-repeat":"repeat","background-position":"center center","background-size":"auto","background-attachment":"scroll","background-type":"","background-media":"","overlay-type":"","overlay-color":"","overlay-opacity":"","overlay-gradient":""},"tablet":{"background-color":"","background-image":"","background-repeat":"repeat","background-position":"center center","background-size":"auto","background-attachment":"scroll","background-type":"","background-media":"","overlay-type":"","overlay-color":"","overlay-opacity":"","overlay-gradient":""},"mobile":{"background-color":"","background-image":"","background-repeat":"repeat","background-position":"center center","background-size":"auto","background-attachment":"scroll","background-type":"","background-media":"","overlay-type":"","overlay-color":"","overlay-opacity":"","overlay-gradient":""}},"ast-content-background-meta":{"desktop":{"background-color":"var(--ast-global-color-5)","background-image":"","background-repeat":"repeat","background-position":"center center","background-size":"auto","background-attachment":"scroll","background-type":"","background-media":"","overlay-type":"","overlay-color":"","overlay-opacity":"","overlay-gradient":""},"tablet":{"background-color":"var(--ast-global-color-5)","background-image":"","background-repeat":"repeat","background-position":"center center","background-size":"auto","background-attachment":"scroll","background-type":"","background-media":"","overlay-type":"","overlay-color":"","overlay-opacity":"","overlay-gradient":""},"mobile":{"background-color":"var(--ast-global-color-5)","background-image":"","background-repeat":"repeat","background-position":"center center","background-size":"auto","background-attachment":"scroll","background-type":"","background-media":"","overlay-type":"","overlay-color":"","overlay-opacity":"","overlay-gradient":""}}},"product_brand":[],"product_cat":[43,46],"product_tag":[73,110,152,308,108,151],"class_list":{"0":"post-2355","1":"product","2":"type-product","3":"status-publish","4":"has-post-thumbnail","6":"product_cat-tham-lot-san-o-to","7":"product_cat-tham-lot-san-o-to-honda","8":"product_tag-tham-lot-san-o-to","9":"product_tag-tham-lot-san-o-to-cao-cap","10":"product_tag-tham-lot-san-o-to-cao-su","11":"product_tag-tham-lot-san-o-to-chong-on","12":"product_tag-tham-lot-san-o-to-phukienxevip-com","13":"product_tag-tham-lot-san-o-to-pvc","14":"desktop-align-left","15":"tablet-align-left","16":"mobile-align-left","18":"first","19":"instock","20":"shipping-taxable","21":"purchasable","22":"product-type-variable"},"_links":{"self":[{"href":"https:\/\/topcar.vn\/index.php?rest_route=\/wp\/v2\/product\/2355","targetHints":{"allow":["GET"]}}],"collection":[{"href":"https:\/\/topcar.vn\/index.php?rest_route=\/wp\/v2\/product"}],"about":[{"href":"https:\/\/topcar.vn\/index.php?rest_route=\/wp\/v2\/types\/product"}],"replies":[{"embeddable":true,"href":"https:\/\/topcar.vn\/index.php?rest_route=%2Fwp%2Fv2%2Fcomments&post=2355"}],"version-history":[{"count":5,"href":"https:\/\/topcar.vn\/index.php?rest_route=\/wp\/v2\/product\/2355\/revisions"}],"predecessor-version":[{"id":3392,"href":"https:\/\/topcar.vn\/index.php?rest_route=\/wp\/v2\/product\/2355\/revisions\/3392"}],"wp:featuredmedia":[{"embeddable":true,"href":"https:\/\/topcar.vn\/index.php?rest_route=\/wp\/v2\/media\/3725"}],"wp:attachment":[{"href":"https:\/\/topcar.vn\/index.php?rest_route=%2Fwp%2Fv2%2Fmedia&parent=2355"}],"wp:term":[{"taxonomy":"product_brand","embeddable":true,"href":"https:\/\/topcar.vn\/index.php?rest_route=%2Fwp%2Fv2%2Fproduct_brand&post=2355"},{"taxonomy":"product_cat","embeddable":true,"href":"https:\/\/topcar.vn\/index.php?rest_route=%2Fwp%2Fv2%2Fproduct_cat&post=2355"},{"taxonomy":"product_tag","embeddable":true,"href":"https:\/\/topcar.vn\/index.php?rest_route=%2Fwp%2Fv2%2Fproduct_tag&post=2355"}],"curies":[{"name":"wp","href":"https:\/\/api.w.org\/{rel}","templated":true}]}}