{"id":2298,"date":"2025-07-29T14:20:11","date_gmt":"2025-07-29T07:20:11","guid":{"rendered":"http:\/\/khaitest.rf.gd\/?post_type=product&#038;p=2298"},"modified":"2025-12-05T15:26:52","modified_gmt":"2025-12-05T08:26:52","slug":"tham-lot-san-mitsubishi-xforce-2024","status":"publish","type":"product","link":"https:\/\/topcar.vn\/?product=tham-lot-san-mitsubishi-xforce-2024","title":{"rendered":"Th\u1ea3m l\u00f3t s\u00e0n Mitsubishi Xforce 2024"},"content":{"rendered":"<article class=\"text-token-text-primary w-full\" dir=\"auto\" data-testid=\"conversation-turn-10\" data-scroll-anchor=\"true\">\n<div class=\"text-base my-auto mx-auto pb-10 [--thread-content-margin:--spacing(4)] @[37rem]:[--thread-content-margin:--spacing(6)] @[72rem]:[--thread-content-margin:--spacing(16)] px-(--thread-content-margin)\">\n<div class=\"[--thread-content-max-width:32rem] @[34rem]:[--thread-content-max-width:40rem] @[64rem]:[--thread-content-max-width:48rem] mx-auto max-w-(--thread-content-max-width) flex-1 group\/turn-messages focus-visible:outline-hidden relative flex w-full min-w-0 flex-col agent-turn\" tabindex=\"-1\">\n<div class=\"flex max-w-full flex-col grow\">\n<div class=\"min-h-8 text-message relative flex w-full flex-col items-end gap-2 text-start break-words whitespace-normal [.text-message+&amp;]:mt-5\" dir=\"auto\" data-message-author-role=\"assistant\" data-message-id=\"6ee8a93f-7fdb-4c7e-b8bb-2a874c3d517b\" data-message-model-slug=\"gpt-4o\">\n<div class=\"flex w-full flex-col gap-1 empty:hidden first:pt-[3px]\">\n<article class=\"text-token-text-primary w-full\" dir=\"auto\" data-testid=\"conversation-turn-10\" data-scroll-anchor=\"true\">\n<div class=\"text-base my-auto mx-auto pb-10 [--thread-content-margin:--spacing(4)] @[37rem]:[--thread-content-margin:--spacing(6)] @[72rem]:[--thread-content-margin:--spacing(16)] px-(--thread-content-margin)\">\n<div class=\"[--thread-content-max-width:32rem] @[34rem]:[--thread-content-max-width:40rem] @[64rem]:[--thread-content-max-width:48rem] mx-auto max-w-(--thread-content-max-width) flex-1 group\/turn-messages focus-visible:outline-hidden relative flex w-full min-w-0 flex-col agent-turn\" tabindex=\"-1\">\n<div class=\"flex max-w-full flex-col grow\">\n<div class=\"min-h-8 text-message relative flex w-full flex-col items-end gap-2 text-start break-words whitespace-normal [.text-message+&amp;]:mt-5\" dir=\"auto\" data-message-author-role=\"assistant\" data-message-id=\"6ee8a93f-7fdb-4c7e-b8bb-2a874c3d517b\" data-message-model-slug=\"gpt-4o\">\n<div class=\"flex w-full flex-col gap-1 empty:hidden first:pt-[3px]\">\n<p data-section-id=\"1hjdzxh\" data-start=\"163\" data-end=\"262\"><em><strong>Th\u1ea3m l\u00f3t s\u00e0n Mitsubishi Xforce 2024 TPE. Gi\u1ea3i ph\u00e1p b\u1ea3o v\u1ec7 n\u1ed9i th\u1ea5t to\u00e0n di\u1ec7n, chu\u1ea9n qu\u1ed1c t\u1ebf. Mitsubishi Xforce 2024 m\u1eabu SUV c\u1ee1 B v\u1eeba ra m\u1eaft \u0111ang g\u00e2y \u201cs\u1ed1t\u201d th\u1ecb tr\u01b0\u1eddng nh\u1edd thi\u1ebft k\u1ebf c\u00e1 t\u00ednh, ti\u1ec7n nghi hi\u1ec7n \u0111\u1ea1i v\u00e0 kh\u1ea3 n\u0103ng v\u1eadn h\u00e0nh linh ho\u1ea1t. \u0110\u1ec3 gi\u1eef cho n\u1ed9i th\u1ea5t xe lu\u00f4n s\u1ea1ch s\u1ebd, sang tr\u1ecdng v\u00e0 b\u1ec1n b\u1ec9 theo th\u1eddi gian, th\u1ea3m l\u00f3t s\u00e0n TPE nguy\u00ean sinh cao c\u1ea5p thi\u1ebft k\u1ebf ri\u00eang cho Mitsubishi Xforce 2024 l\u00e0 l\u1ef1a ch\u1ecdn t\u1ed1i \u01b0u d\u00e0nh cho b\u1ea1n.<\/strong><\/em><\/p>\n<h2 data-section-id=\"1lokkp0\" data-start=\"608\" data-end=\"682\"><strong data-start=\"611\" data-end=\"682\">Gi\u1edbi thi\u1ec7u s\u1ea3n ph\u1ea9m th\u1ea3m l\u00f3t s\u00e0n Mitsubishi Xforce 2024<\/strong><\/h2>\n<p data-section-id=\"1lokkp0\" data-start=\"608\" data-end=\"682\"><strong data-start=\"611\" data-end=\"682\">Th\u1ea3m l\u00f3t s\u00e0n Mitsubishi Xforce 2024 <\/strong>TPE d\u00e0nh ri\u00eang cho Mitsubishi Xforce 2024 \u0111\u01b0\u1ee3c \u0111\u00fac khu\u00f4n 5D chu\u1ea9n x\u00e1c theo form xe, gi\u00fap che ph\u1ee7 to\u00e0n b\u1ed9 s\u00e0n m\u1ed9t c\u00e1ch v\u1eeba kh\u00edt, li\u1ec1n m\u1ea1ch, kh\u00f4ng x\u00f4 l\u1ec7ch, kh\u00f4ng cong v\u00eanh. Ch\u1ea5t li\u1ec7u nh\u1ef1a TPE nguy\u00ean sinh, nh\u1eadp kh\u1ea9u, kh\u00f4ng pha t\u1ea1p, kh\u00f4ng m\u00f9i, \u0111\u1ea3m b\u1ea3o an to\u00e0n tuy\u1ec7t \u0111\u1ed1i cho s\u1ee9c kh\u1ecfe ng\u01b0\u1eddi d\u00f9ng, k\u1ec3 c\u1ea3 tr\u1ebb nh\u1ecf ho\u1eb7c ng\u01b0\u1eddi d\u1ecb \u1ee9ng m\u00f9i nh\u1ef1a.<\/p>\n<p data-start=\"1037\" data-end=\"1214\">V\u1edbi thi\u1ebft k\u1ebf th\u00f4ng minh, vi\u1ec1n cao v\u00e0 c\u00e1c \u0111\u01b0\u1eddng r\u00e3nh d\u1eabn n\u01b0\u1edbc, th\u1ea3m gi\u00fap ng\u0103n ch\u1ea5t l\u1ecfng, \u0111\u1ea5t c\u00e1t, v\u1ee5n r\u00e1c&#8230; kh\u00f4ng th\u1ea5m xu\u1ed1ng s\u00e0n n\u1ec9, gi\u1eef cho n\u1ed9i th\u1ea5t xe lu\u00f4n s\u1ea1ch s\u1ebd v\u00e0 kh\u00f4 r\u00e1o.<\/p>\n<figure id=\"attachment_3810\" aria-describedby=\"caption-attachment-3810\" style=\"width: 1024px\" class=\"wp-caption aligncenter\"><img fetchpriority=\"high\" decoding=\"async\" class=\"size-large wp-image-3810\" src=\"http:\/\/khaitest.rf.gd\/wp-content\/uploads\/2025\/07\/z6885323977773_d16b2293ffcfb0942d0d6a93df58f0c3-sao-chep-1024x683.jpg\" alt=\"Th\u1ea3m l\u00f3t s\u00e0n Mitsubishi Xforce 2024\" width=\"1024\" height=\"683\" srcset=\"https:\/\/topcar.vn\/wp-content\/uploads\/2025\/07\/z6885323977773_d16b2293ffcfb0942d0d6a93df58f0c3-sao-chep-1024x683.jpg 1024w, https:\/\/topcar.vn\/wp-content\/uploads\/2025\/07\/z6885323977773_d16b2293ffcfb0942d0d6a93df58f0c3-sao-chep-300x200.jpg 300w, https:\/\/topcar.vn\/wp-content\/uploads\/2025\/07\/z6885323977773_d16b2293ffcfb0942d0d6a93df58f0c3-sao-chep-768x512.jpg 768w, https:\/\/topcar.vn\/wp-content\/uploads\/2025\/07\/z6885323977773_d16b2293ffcfb0942d0d6a93df58f0c3-sao-chep-1536x1024.jpg 1536w, https:\/\/topcar.vn\/wp-content\/uploads\/2025\/07\/z6885323977773_d16b2293ffcfb0942d0d6a93df58f0c3-sao-chep-600x400.jpg 600w, https:\/\/topcar.vn\/wp-content\/uploads\/2025\/07\/z6885323977773_d16b2293ffcfb0942d0d6a93df58f0c3-sao-chep.jpg 2048w\" sizes=\"(max-width: 1024px) 100vw, 1024px\" \/><figcaption id=\"caption-attachment-3810\" class=\"wp-caption-text\">Th\u1ea3m l\u00f3t s\u00e0n Mitsubishi Xforce 2024<\/figcaption><\/figure>\n<p data-section-id=\"1t7yibm\" data-start=\"1221\" data-end=\"1256\"><strong data-start=\"1225\" data-end=\"1256\">Th\u00f4ng tin chi ti\u1ebft s\u1ea3n ph\u1ea9m th\u1ea3m l\u00f3t s\u00e0n Mitsubishi Xforce 2024<\/strong><\/p>\n<ul>\n<li data-start=\"1260\" data-end=\"1332\">T\u00ean s\u1ea3n ph\u1ea9m: Th\u1ea3m l\u00f3t s\u00e0n \u00f4 t\u00f4 TPE cao c\u1ea5p Mitsubishi Xforce 2024<\/li>\n<li data-start=\"1335\" data-end=\"1398\">Ch\u1ea5t li\u1ec7u: TPE nguy\u00ean sinh \u0111\u1ea1t chu\u1ea9n ROHS \u2013 kh\u00f4ng \u0111\u1ed9c h\u1ea1i<\/li>\n<li data-start=\"1401\" data-end=\"1454\">Thi\u1ebft k\u1ebf: \u0110\u00fac khu\u00f4n 5D, \u00f4m s\u00e1t to\u00e0n b\u1ed9 form s\u00e0n<\/li>\n<li data-start=\"1457\" data-end=\"1520\">M\u00e0u s\u1eafc: \u0110en, n\u00e2u, kem ph\u1ed1i h\u1ee3p d\u1ec5 d\u00e0ng v\u1edbi n\u1ed9i th\u1ea5t xe<\/li>\n<li data-start=\"1523\" data-end=\"1593\">T\u01b0\u01a1ng th\u00edch: D\u00e0nh ri\u00eang cho Mitsubishi Xforce b\u1ea3n 5 ch\u1ed7 \u0111\u1eddi 2024<\/li>\n<li data-start=\"1596\" data-end=\"1640\">B\u1ea3o h\u00e0nh: 5 n\u0103m, l\u1ed7i k\u1ef9 thu\u1eadt 1 \u0111\u1ed5i 1<\/li>\n<\/ul>\n<p data-section-id=\"16xyppf\" data-start=\"1647\" data-end=\"1670\"><strong data-start=\"1651\" data-end=\"1670\">\u01afu \u0111i\u1ec3m n\u1ed5i b\u1eadt th\u1ea3m l\u00f3t s\u00e0n Mitsubishi Xforce 2024<\/strong><\/p>\n<ul>\n<li data-start=\"1672\" data-end=\"2126\">Chu\u1ea9n form tuy\u1ec7t \u0111\u1ed1i: \u0110\u00fac theo xe, kh\u00f4ng c\u1ea7n ch\u1ec9nh s\u1eeda, l\u1eafp l\u00e0 v\u1eeba<\/li>\n<li data-start=\"1672\" data-end=\"2126\">Ch\u1ed1ng tr\u01a1n tr\u01b0\u1ee3t: M\u1eb7t th\u1ea3m c\u00f3 g\u00e2n n\u1ed5i gi\u00fap b\u00e1m ch\u00e2n t\u1ed1t, kh\u00f4ng tr\u01b0\u1ee3t khi l\u00e1i<\/li>\n<li data-start=\"1672\" data-end=\"2126\">D\u1ec5 v\u1ec7 sinh: Ch\u1ec9 c\u1ea7n x\u1ecbt n\u01b0\u1edbc l\u00e0 s\u1ea1ch, kh\u00f4ng b\u00e1m b\u1ea9n dai<\/li>\n<li data-start=\"1672\" data-end=\"2126\">An to\u00e0n cho s\u1ee9c kh\u1ecfe: Kh\u00f4ng m\u00f9i, kh\u00f4ng VOC, d\u00f9ng \u0111\u01b0\u1ee3c cho ng\u01b0\u1eddi nh\u1ea1y c\u1ea3m<\/li>\n<li data-start=\"1672\" data-end=\"2126\">B\u1ea3o v\u1ec7 to\u00e0n di\u1ec7n: Vi\u1ec1n cao 3\u20135cm ng\u0103n tr\u00e0n n\u01b0\u1edbc, b\u00f9n \u0111\u1ea5t<\/li>\n<li data-start=\"1672\" data-end=\"2126\">Th\u1ea9m m\u1ef9 hi\u1ec7n \u0111\u1ea1i: \u0110\u01b0\u1eddng n\u00e9t tinh x\u1ea3o, t\u0103ng v\u1ebb sang tr\u1ecdng cho khoang xe<\/li>\n<\/ul>\n<figure id=\"attachment_3809\" aria-describedby=\"caption-attachment-3809\" style=\"width: 1024px\" class=\"wp-caption aligncenter\"><img decoding=\"async\" class=\"size-large wp-image-3809\" src=\"http:\/\/khaitest.rf.gd\/wp-content\/uploads\/2025\/07\/z6885323919333_eeea39e9ed8141b94733bcc03411962e-sao-chep-1024x683.jpg\" alt=\"Kh\u00f4ng m\u00f9i, an to\u00e0n, b\u1ec1n b\u1ec9, th\u00e2n thi\u1ec7n m\u00f4i tr\u01b0\u1eddng, v\u1eeba kh\u00edt theo form xe.\" width=\"1024\" height=\"683\" srcset=\"https:\/\/topcar.vn\/wp-content\/uploads\/2025\/07\/z6885323919333_eeea39e9ed8141b94733bcc03411962e-sao-chep-1024x683.jpg 1024w, https:\/\/topcar.vn\/wp-content\/uploads\/2025\/07\/z6885323919333_eeea39e9ed8141b94733bcc03411962e-sao-chep-300x200.jpg 300w, https:\/\/topcar.vn\/wp-content\/uploads\/2025\/07\/z6885323919333_eeea39e9ed8141b94733bcc03411962e-sao-chep-768x512.jpg 768w, https:\/\/topcar.vn\/wp-content\/uploads\/2025\/07\/z6885323919333_eeea39e9ed8141b94733bcc03411962e-sao-chep-1536x1024.jpg 1536w, https:\/\/topcar.vn\/wp-content\/uploads\/2025\/07\/z6885323919333_eeea39e9ed8141b94733bcc03411962e-sao-chep-600x400.jpg 600w, https:\/\/topcar.vn\/wp-content\/uploads\/2025\/07\/z6885323919333_eeea39e9ed8141b94733bcc03411962e-sao-chep.jpg 2048w\" sizes=\"(max-width: 1024px) 100vw, 1024px\" \/><figcaption id=\"caption-attachment-3809\" class=\"wp-caption-text\">Th\u1ea3m l\u00f3t s\u00e0n \u00f4 t\u00f4 l\u00e0 ph\u1ee5 ki\u1ec7n b\u1ea3o v\u1ec7 s\u00e0n xe<\/figcaption><\/figure>\n<p data-section-id=\"1biumfi\" data-start=\"2133\" data-end=\"2184\"><strong data-start=\"2137\" data-end=\"2184\">Gi\u00e1 b\u00e1n th\u1ea3m l\u00f3t s\u00e0n Mitsubishi Xforce 2024<\/strong><\/p>\n<ul>\n<li data-start=\"2237\" data-end=\"2421\"><strong data-start=\"2240\" data-end=\"2255\">Gi\u00e1 combo tr\u1ecdn b\u1ed9:<\/strong> <strong data-start=\"2256\" data-end=\"2273\">2.200.000\u0111\/b\u1ed9<\/strong><\/li>\n<li data-start=\"2237\" data-end=\"2421\"><strong>B\u00e1n l\u1ebb: 2.000.000\u0111<\/strong><\/li>\n<li data-start=\"2237\" data-end=\"2421\"><strong>Th\u1ea3m r\u1ed1i: 200.000\u0111<\/strong><\/li>\n<\/ul>\n<h2 data-section-id=\"18op31y\" data-start=\"2380\" data-end=\"2466\"><strong data-start=\"2383\" data-end=\"2466\">Mua th\u1ea3m l\u00f3t s\u00e0n Mitsubishi Xforce 2024 TPE ch\u00ednh h\u00e3ng t\u1ea1i Topcar \u2013 Cam k\u1ebft \u0111\u00fang form, \u0111\u00fang ch\u1ea5t l\u01b0\u1ee3ng<\/strong><\/h2>\n<p data-start=\"2468\" data-end=\"2761\">T\u1ea1i Topcar, b\u1ea1n \u0111\u01b0\u1ee3c tr\u1ea3i nghi\u1ec7m d\u1ecbch v\u1ee5 c\u00e1 nh\u00e2n h\u00f3a s\u1ea3n ph\u1ea9m theo t\u1eebng d\u00f2ng xe, kh\u00f4ng b\u00e1n h\u00e0ng \u0111\u1ea1i tr\u00e0 c\u1eaft ch\u1ec9nh. S\u1ea3n ph\u1ea9m lu\u00f4n \u0111\u01b0\u1ee3c ki\u1ec3m \u0111\u1ecbnh ch\u1ea5t l\u01b0\u1ee3ng tr\u01b0\u1edbc khi giao t\u1edbi tay kh\u00e1ch h\u00e0ng. Ch\u00fang t\u00f4i cam k\u1ebft 100% s\u1eed d\u1ee5ng TPE nguy\u00ean sinh kh\u00f4ng pha t\u1ea1p, kh\u00f4ng t\u00e1i ch\u1ebf, kh\u00f4ng \u0111\u1ed9c h\u1ea1i.<\/p>\n<p data-start=\"2763\" data-end=\"2943\">Kh\u00f4ng ch\u1ec9 c\u00f3 ch\u00ednh s\u00e1ch b\u1ea3o h\u00e0nh 5 n\u0103m r\u00f5 r\u00e0ng, Topcar c\u00f2n h\u1ed7 tr\u1ee3 kh\u00e1ch h\u00e0ng tr\u01b0\u1edbc v\u00e0 sau b\u00e1n b\u1eb1ng d\u1ecbch v\u1ee5 t\u01b0 v\u1ea5n chi ti\u1ebft, l\u1eafp \u0111\u1eb7t th\u1eed t\u1ea1i showroom v\u00e0 giao h\u00e0ng t\u1eadn n\u01a1i to\u00e0n qu\u1ed1c.<\/p>\n<p data-section-id=\"1qd30cl\" data-start=\"2950\" data-end=\"2988\"><strong data-start=\"2954\" data-end=\"2988\">V\u00ec sao kh\u00e1ch h\u00e0ng ch\u1ecdn Topcar?<\/strong><\/p>\n<ul>\n<li data-start=\"2990\" data-end=\"3247\">\u00a0H\u00e0ng \u0111\u00fac s\u1eb5n \u2013 kh\u00f4ng ph\u1ea3i th\u1ea3m c\u1eaft tay<\/li>\n<li data-start=\"2990\" data-end=\"3247\">\u00a0L\u1eafp \u0111\u1eb7t d\u1ec5 d\u00e0ng \u2013 chu\u1ea9n t\u1eebng chi ti\u1ebft nh\u1ecf<\/li>\n<li data-start=\"2990\" data-end=\"3247\">\u00a0T\u01b0 v\u1ea5n 1:1 theo xe \u2013 kh\u00f4ng b\u00e1n sai m\u1eabu<\/li>\n<li data-start=\"2990\" data-end=\"3247\">\u00a0B\u1ea3o h\u00e0nh uy t\u00edn 5 n\u0103m \u2013 kh\u00f4ng lo ph\u00e1t sinh chi ph\u00ed<\/li>\n<li data-start=\"2990\" data-end=\"3247\">H\u1ed7 tr\u1ee3 giao h\u00e0ng COD to\u00e0n qu\u1ed1c \u2013 xem tr\u01b0\u1edbc r\u1ed3i m\u1edbi thanh to\u00e1n<\/li>\n<\/ul>\n<figure id=\"attachment_3807\" aria-describedby=\"caption-attachment-3807\" style=\"width: 1024px\" class=\"wp-caption aligncenter\"><img decoding=\"async\" class=\"size-large wp-image-3807\" src=\"http:\/\/khaitest.rf.gd\/wp-content\/uploads\/2025\/07\/z6885323817090_7ba7340e595cba07dc8ff5de0f3f1345-sao-chep-1024x683.jpg\" alt=\"V\u1eadt li\u1ec7u cao c\u1ea5p\" width=\"1024\" height=\"683\" srcset=\"https:\/\/topcar.vn\/wp-content\/uploads\/2025\/07\/z6885323817090_7ba7340e595cba07dc8ff5de0f3f1345-sao-chep-1024x683.jpg 1024w, https:\/\/topcar.vn\/wp-content\/uploads\/2025\/07\/z6885323817090_7ba7340e595cba07dc8ff5de0f3f1345-sao-chep-300x200.jpg 300w, https:\/\/topcar.vn\/wp-content\/uploads\/2025\/07\/z6885323817090_7ba7340e595cba07dc8ff5de0f3f1345-sao-chep-768x512.jpg 768w, https:\/\/topcar.vn\/wp-content\/uploads\/2025\/07\/z6885323817090_7ba7340e595cba07dc8ff5de0f3f1345-sao-chep-1536x1024.jpg 1536w, https:\/\/topcar.vn\/wp-content\/uploads\/2025\/07\/z6885323817090_7ba7340e595cba07dc8ff5de0f3f1345-sao-chep-600x400.jpg 600w, https:\/\/topcar.vn\/wp-content\/uploads\/2025\/07\/z6885323817090_7ba7340e595cba07dc8ff5de0f3f1345-sao-chep.jpg 2048w\" sizes=\"(max-width: 1024px) 100vw, 1024px\" \/><figcaption id=\"caption-attachment-3807\" class=\"wp-caption-text\">Th\u1ea3m l\u00f3t s\u00e0n oto h\u1ea1n ch\u1ebf b\u1ee5i b\u1ea9n, b\u00f9n \u0111\u1ea5t, n\u01b0\u1edbc v\u00e0 c\u00e1c t\u00e1c nh\u00e2n g\u00e2y h\u01b0 h\u1ea1i \u0111\u1ebfn s\u00e0n xe g\u1ed1c.<\/figcaption><\/figure>\n<\/div>\n<\/div>\n<\/div>\n<\/div>\n<\/div>\n<\/article>\n<div class=\"markdown prose dark:prose-invert w-full break-words light\">\n<p><strong>\ud83d\udcde Li\u00ean h\u1ec7 \u0111\u1eb7t h\u00e0ng:<\/strong><\/p>\n<ul>\n<li><strong data-start=\"2794\" data-end=\"2813\">Hotline \/ Zalo:<\/strong> 0889.385.222<\/li>\n<li><strong data-start=\"2831\" data-end=\"2843\">\u0110\u1ecba ch\u1ec9:<\/strong> S\u1ed1 9 BT2, Khu \u0111\u00f4 th\u1ecb Foresa Xu\u00e2n Ph\u01b0\u01a1ng, Nam T\u1eeb Li\u00eam, H\u00e0 N\u1ed9i<\/li>\n<li><strong data-start=\"2909\" data-end=\"2921\">Website:<\/strong> <a class=\"\" href=\"https:\/\/Topcar.vn\" target=\"_new\" rel=\"noopener\" data-start=\"2922\" data-end=\"2960\">https:\/\/Topcar.vn<\/a><\/li>\n<\/ul>\n<\/div>\n<\/div>\n<\/div>\n<\/div>\n<\/div>\n<\/div>\n<\/article>\n","protected":false},"excerpt":{"rendered":"<ul>\n<li>Mi\u1ec5n ph\u00ed giao h\u00e0ng to\u00e0n qu\u1ed1c<\/li>\n<li>Nh\u1eadn h\u00e0ng &gt; L\u1eafp \u0111\u1eb7t &gt; Thanh to\u00e1n<\/li>\n<li>B\u1ea3o h\u00e0nh 5 n\u0103m<\/li>\n<\/ul>\n","protected":false},"featured_media":3819,"comment_status":"closed","ping_status":"closed","template":"","meta":{"site-sidebar-layout":"no-sidebar","site-content-layout":"content-boxed-container","ast-site-content-layout":"normal-width-container","site-content-style":"boxed","site-sidebar-style":"unboxed","ast-global-header-display":"","ast-banner-title-visibility":"","ast-main-header-display":"","ast-hfb-above-header-display":"","ast-hfb-below-header-display":"","ast-hfb-mobile-header-display":"","site-post-title":"","ast-breadcrumbs-content":"","ast-featured-img":"","footer-sml-layout":"","ast-disable-related-posts":"","theme-transparent-header-meta":"default","adv-header-id-meta":"","stick-header-meta":"","header-above-stick-meta":"","header-main-stick-meta":"","header-below-stick-meta":"","astra-migrate-meta-layouts":"set","ast-page-background-enabled":"default","ast-page-background-meta":{"desktop":{"background-color":"var(--ast-global-color-4)","background-image":"","background-repeat":"repeat","background-position":"center center","background-size":"auto","background-attachment":"scroll","background-type":"","background-media":"","overlay-type":"","overlay-color":"","overlay-opacity":"","overlay-gradient":""},"tablet":{"background-color":"","background-image":"","background-repeat":"repeat","background-position":"center center","background-size":"auto","background-attachment":"scroll","background-type":"","background-media":"","overlay-type":"","overlay-color":"","overlay-opacity":"","overlay-gradient":""},"mobile":{"background-color":"","background-image":"","background-repeat":"repeat","background-position":"center center","background-size":"auto","background-attachment":"scroll","background-type":"","background-media":"","overlay-type":"","overlay-color":"","overlay-opacity":"","overlay-gradient":""}},"ast-content-background-meta":{"desktop":{"background-color":"var(--ast-global-color-5)","background-image":"","background-repeat":"repeat","background-position":"center center","background-size":"auto","background-attachment":"scroll","background-type":"","background-media":"","overlay-type":"","overlay-color":"","overlay-opacity":"","overlay-gradient":""},"tablet":{"background-color":"var(--ast-global-color-5)","background-image":"","background-repeat":"repeat","background-position":"center center","background-size":"auto","background-attachment":"scroll","background-type":"","background-media":"","overlay-type":"","overlay-color":"","overlay-opacity":"","overlay-gradient":""},"mobile":{"background-color":"var(--ast-global-color-5)","background-image":"","background-repeat":"repeat","background-position":"center center","background-size":"auto","background-attachment":"scroll","background-type":"","background-media":"","overlay-type":"","overlay-color":"","overlay-opacity":"","overlay-gradient":""}}},"product_brand":[],"product_cat":[54,43],"product_tag":[138,322,321,110,77,75,76],"class_list":{"0":"post-2298","1":"product","2":"type-product","3":"status-publish","4":"has-post-thumbnail","6":"product_cat-tham-lot-san-o-to-mitsubishi","7":"product_cat-tham-lot-san-o-to","8":"product_tag-tham-lot-san","9":"product_tag-tham-lot-san-mazda-3-2016","10":"product_tag-tham-lot-san-mazda-3-2018","11":"product_tag-tham-lot-san-o-to-cao-cap","12":"product_tag-tham-lot-san-o-to-nhua-duc","13":"product_tag-tham-lot-san-o-to-tot-nhat-hien-nay","14":"product_tag-tham-lot-san-o-to-tpe","15":"desktop-align-left","16":"tablet-align-left","17":"mobile-align-left","19":"first","20":"instock","21":"shipping-taxable","22":"purchasable","23":"product-type-variable"},"_links":{"self":[{"href":"https:\/\/topcar.vn\/index.php?rest_route=\/wp\/v2\/product\/2298","targetHints":{"allow":["GET"]}}],"collection":[{"href":"https:\/\/topcar.vn\/index.php?rest_route=\/wp\/v2\/product"}],"about":[{"href":"https:\/\/topcar.vn\/index.php?rest_route=\/wp\/v2\/types\/product"}],"replies":[{"embeddable":true,"href":"https:\/\/topcar.vn\/index.php?rest_route=%2Fwp%2Fv2%2Fcomments&post=2298"}],"version-history":[{"count":3,"href":"https:\/\/topcar.vn\/index.php?rest_route=\/wp\/v2\/product\/2298\/revisions"}],"predecessor-version":[{"id":3820,"href":"https:\/\/topcar.vn\/index.php?rest_route=\/wp\/v2\/product\/2298\/revisions\/3820"}],"wp:featuredmedia":[{"embeddable":true,"href":"https:\/\/topcar.vn\/index.php?rest_route=\/wp\/v2\/media\/3819"}],"wp:attachment":[{"href":"https:\/\/topcar.vn\/index.php?rest_route=%2Fwp%2Fv2%2Fmedia&parent=2298"}],"wp:term":[{"taxonomy":"product_brand","embeddable":true,"href":"https:\/\/topcar.vn\/index.php?rest_route=%2Fwp%2Fv2%2Fproduct_brand&post=2298"},{"taxonomy":"product_cat","embeddable":true,"href":"https:\/\/topcar.vn\/index.php?rest_route=%2Fwp%2Fv2%2Fproduct_cat&post=2298"},{"taxonomy":"product_tag","embeddable":true,"href":"https:\/\/topcar.vn\/index.php?rest_route=%2Fwp%2Fv2%2Fproduct_tag&post=2298"}],"curies":[{"name":"wp","href":"https:\/\/api.w.org\/{rel}","templated":true}]}}