{"id":2291,"date":"2025-07-29T14:07:54","date_gmt":"2025-07-29T07:07:54","guid":{"rendered":"http:\/\/khaitest.rf.gd\/?post_type=product&#038;p=2291"},"modified":"2025-12-05T15:00:27","modified_gmt":"2025-12-05T08:00:27","slug":"tham-lot-san-mazda-3-2020-2024","status":"publish","type":"product","link":"https:\/\/topcar.vn\/?product=tham-lot-san-mazda-3-2020-2024","title":{"rendered":"Th\u1ea3m l\u00f3t s\u00e0n Mazda 3 2020\u20132025"},"content":{"rendered":"<article class=\"text-token-text-primary w-full\" dir=\"auto\" data-testid=\"conversation-turn-10\" data-scroll-anchor=\"true\">\n<div class=\"text-base my-auto mx-auto pb-10 [--thread-content-margin:--spacing(4)] @[37rem]:[--thread-content-margin:--spacing(6)] @[72rem]:[--thread-content-margin:--spacing(16)] px-(--thread-content-margin)\">\n<div class=\"[--thread-content-max-width:32rem] @[34rem]:[--thread-content-max-width:40rem] @[64rem]:[--thread-content-max-width:48rem] mx-auto max-w-(--thread-content-max-width) flex-1 group\/turn-messages focus-visible:outline-hidden relative flex w-full min-w-0 flex-col agent-turn\" tabindex=\"-1\">\n<div class=\"flex max-w-full flex-col grow\">\n<div class=\"min-h-8 text-message relative flex w-full flex-col items-end gap-2 text-start break-words whitespace-normal [.text-message+&amp;]:mt-5\" dir=\"auto\" data-message-author-role=\"assistant\" data-message-id=\"6ee8a93f-7fdb-4c7e-b8bb-2a874c3d517b\" data-message-model-slug=\"gpt-4o\">\n<div class=\"flex w-full flex-col gap-1 empty:hidden first:pt-[3px]\">\n<article class=\"text-token-text-primary w-full\" dir=\"auto\" data-testid=\"conversation-turn-10\" data-scroll-anchor=\"true\">\n<div class=\"text-base my-auto mx-auto pb-10 [--thread-content-margin:--spacing(4)] @[37rem]:[--thread-content-margin:--spacing(6)] @[72rem]:[--thread-content-margin:--spacing(16)] px-(--thread-content-margin)\">\n<div class=\"[--thread-content-max-width:32rem] @[34rem]:[--thread-content-max-width:40rem] @[64rem]:[--thread-content-max-width:48rem] mx-auto max-w-(--thread-content-max-width) flex-1 group\/turn-messages focus-visible:outline-hidden relative flex w-full min-w-0 flex-col agent-turn\" tabindex=\"-1\">\n<div class=\"flex max-w-full flex-col grow\">\n<div class=\"min-h-8 text-message relative flex w-full flex-col items-end gap-2 text-start break-words whitespace-normal [.text-message+&amp;]:mt-5\" dir=\"auto\" data-message-author-role=\"assistant\" data-message-id=\"6ee8a93f-7fdb-4c7e-b8bb-2a874c3d517b\" data-message-model-slug=\"gpt-4o\">\n<div class=\"flex w-full flex-col gap-1 empty:hidden first:pt-[3px]\">\n<p data-section-id=\"1y9uyeb\" data-start=\"151\" data-end=\"242\"><em><strong>Th\u1ea3m l\u00f3t s\u00e0n Mazda 3 2020\u20132025 \u2013 T\u1ed1i \u01b0u s\u1ef1 s\u1ea1ch s\u1ebd, n\u00e2ng t\u1ea7m kh\u00f4ng gian n\u1ed9i th\u1ea5t. Mazda 3 2020\u20132025 mang \u0111\u1ebfn m\u1ed9t b\u01b0\u1edbc \u0111\u1ed9t ph\u00e1 trong ph\u00e2n kh\u00fac sedan h\u1ea1ng C v\u1edbi thi\u1ebft k\u1ebf hi\u1ec7n \u0111\u1ea1i, n\u1ed9i th\u1ea5t cao c\u1ea5p v\u00e0 tr\u1ea3i nghi\u1ec7m l\u00e1i \u00eam \u00e1i. Tuy nhi\u00ean, \u0111\u1ec3 gi\u1eef cho khoang cabin lu\u00f4n s\u1ea1ch s\u1ebd, sang tr\u1ecdng theo th\u1eddi gian, ch\u1ee7 xe c\u1ea7n \u0111\u1ebfn m\u1ed9t gi\u1ea3i ph\u00e1p b\u1ea3o v\u1ec7 hi\u1ec7u qu\u1ea3, b\u1ec1n b\u1ec9 m\u00e0 kh\u00f4ng l\u00e0m \u1ea3nh h\u01b0\u1edfng \u0111\u1ebfn th\u1ea9m m\u1ef9 \u2013 \u0111\u00f3 ch\u00ednh l\u00e0 th\u1ea3m l\u00f3t s\u00e0n TPE nguy\u00ean sinh cao c\u1ea5p.<\/strong><\/em><\/p>\n<p data-start=\"604\" data-end=\"828\"><em><strong>S\u1ea3n ph\u1ea9m \u0111\u01b0\u1ee3c thi\u1ebft k\u1ebf ri\u00eang cho Mazda 3, \u00f4m s\u00e1t t\u1eebng \u0111\u01b0\u1eddng cong c\u1ee7a s\u00e0n xe, ch\u1ed1ng tr\u01a1n tr\u01b0\u1ee3t, ch\u1ed1ng tr\u00e0n v\u00e0 d\u1ec5 d\u00e0ng v\u1ec7 sinh. \u0110\u00e2y l\u00e0 ph\u1ee5 ki\u1ec7n kh\u00f4ng th\u1ec3 thi\u1ebfu n\u1ebfu b\u1ea1n mong mu\u1ed1n xe lu\u00f4n s\u1ea1ch \u0111\u1eb9p v\u00e0 tinh t\u1ebf trong t\u1eebng chi ti\u1ebft.<\/strong><\/em><\/p>\n<h2 data-section-id=\"1ah7pda\" data-start=\"835\" data-end=\"928\"><strong data-start=\"838\" data-end=\"928\">Gi\u1edbi thi\u1ec7u th\u1ea3m l\u00f3t s\u00e0n Mazda 3 2020\u20132025 ch\u1ea5t li\u1ec7u nh\u1ef1a TPE nguy\u00ean sinh chu\u1ea9n qu\u1ed1c t\u1ebf<\/strong><\/h2>\n<p data-start=\"930\" data-end=\"1255\">Th\u1ea3m TPE cho Mazda 3 \u0111\u1eddi 2020\u20132025 \u0111\u01b0\u1ee3c s\u1ea3n xu\u1ea5t theo c\u00f4ng ngh\u1ec7 \u0111\u00fac nguy\u00ean kh\u1ed1i 3D hi\u1ec7n \u0111\u1ea1i, mang \u0111\u1ebfn \u0111\u1ed9 ch\u00ednh x\u00e1c tuy\u1ec7t \u0111\u1ed1i trong t\u1eebng \u0111\u01b0\u1eddng c\u1eaft, \u0111\u1ea3m b\u1ea3o v\u1eeba kh\u00edt 100% v\u1edbi form s\u00e0n nguy\u00ean b\u1ea3n c\u1ee7a xe. Ch\u1ea5t li\u1ec7u TPE nguy\u00ean sinh chu\u1ea9n qu\u1ed1c t\u1ebf kh\u00f4ng m\u00f9i, kh\u00f4ng ch\u1ee9a ch\u1ea5t \u0111\u1ed9c h\u1ea1i, th\u00e2n thi\u1ec7n v\u1edbi ng\u01b0\u1eddi d\u00f9ng v\u00e0 m\u00f4i tr\u01b0\u1eddng.<\/p>\n<p data-start=\"1257\" data-end=\"1468\">Ngo\u00e0i kh\u1ea3 n\u0103ng ch\u1ed1ng th\u1ea5m n\u01b0\u1edbc, ch\u1ed1ng b\u00e1m b\u1ea9n, b\u1ec1 m\u1eb7t th\u1ea3m c\u00f2n \u0111\u01b0\u1ee3c thi\u1ebft k\u1ebf g\u00e2n n\u1ed5i v\u00e0 vi\u1ec1n cao \u0111\u1ec3 ng\u0103n n\u01b0\u1edbc ho\u1eb7c v\u1ee5n r\u00e1c tr\u00e0n ra ngo\u00e0i \u2013 gi\u00fap b\u1ea3o v\u1ec7 n\u1ed9i th\u1ea5t xe t\u1ed1i \u0111a ngay c\u1ea3 trong \u0111i\u1ec1u ki\u1ec7n th\u1eddi ti\u1ebft \u1ea9m \u01b0\u1edbt.<\/p>\n<figure id=\"attachment_2772\" aria-describedby=\"caption-attachment-2772\" style=\"width: 1024px\" class=\"wp-caption aligncenter\"><img fetchpriority=\"high\" decoding=\"async\" class=\"wp-image-2772 size-large\" src=\"http:\/\/khaitest.rf.gd\/wp-content\/uploads\/2025\/07\/Ben-lai-1024x1024.jpg\" alt=\"th\u1ea3m l\u00f3t s\u00e0n Mazda 3\" width=\"1024\" height=\"1024\" srcset=\"https:\/\/topcar.vn\/wp-content\/uploads\/2025\/07\/Ben-lai-1024x1024.jpg 1024w, https:\/\/topcar.vn\/wp-content\/uploads\/2025\/07\/Ben-lai-300x300.jpg 300w, https:\/\/topcar.vn\/wp-content\/uploads\/2025\/07\/Ben-lai-150x150.jpg 150w, https:\/\/topcar.vn\/wp-content\/uploads\/2025\/07\/Ben-lai-768x768.jpg 768w, https:\/\/topcar.vn\/wp-content\/uploads\/2025\/07\/Ben-lai-1536x1536.jpg 1536w, https:\/\/topcar.vn\/wp-content\/uploads\/2025\/07\/Ben-lai-600x600.jpg 600w, https:\/\/topcar.vn\/wp-content\/uploads\/2025\/07\/Ben-lai-100x100.jpg 100w, https:\/\/topcar.vn\/wp-content\/uploads\/2025\/07\/Ben-lai.jpg 1920w\" sizes=\"(max-width: 1024px) 100vw, 1024px\" \/><figcaption id=\"caption-attachment-2772\" class=\"wp-caption-text\">Th\u1ea3m l\u00f3t s\u00e0n b\u00ean l\u00e1i<\/figcaption><\/figure>\n<p data-section-id=\"1t7yibm\" data-start=\"1475\" data-end=\"1510\"><strong data-start=\"1479\" data-end=\"1510\">Th\u00f4ng tin chi ti\u1ebft s\u1ea3n ph\u1ea9m th\u1ea3m l\u00f3t s\u00e0n Mazda 3<\/strong><\/p>\n<ul>\n<li data-start=\"1514\" data-end=\"1560\">Ph\u00f9 h\u1ee3p: Mazda 3 Sedan &amp; Sport 2020\u20132025<\/li>\n<li data-start=\"1563\" data-end=\"1608\">Ch\u1ea5t li\u1ec7u: Nh\u1ef1a TPE nguy\u00ean sinh cao c\u1ea5p<\/li>\n<li data-start=\"1611\" data-end=\"1672\">Thi\u1ebft k\u1ebf: 5D &#8211; \u0111\u00fac form theo t\u1eebng phi\u00ean b\u1ea3n xe<\/li>\n<li data-start=\"1797\" data-end=\"1863\">T\u00ednh n\u0103ng: Ch\u1ed1ng n\u01b0\u1edbc, ch\u1ed1ng tr\u01b0\u1ee3t, d\u1ec5 v\u1ec7 sinh, kh\u00f4ng bai x\u00f9<\/li>\n<li data-start=\"1866\" data-end=\"1908\">B\u1ea3o h\u00e0nh: 5 n\u0103m \u2013 l\u1ed7i k\u1ef9 thu\u1eadt 1 \u0111\u1ed5i 1<\/li>\n<\/ul>\n<figure id=\"attachment_2773\" aria-describedby=\"caption-attachment-2773\" style=\"width: 1024px\" class=\"wp-caption aligncenter\"><img decoding=\"async\" class=\"size-large wp-image-2773\" src=\"http:\/\/khaitest.rf.gd\/wp-content\/uploads\/2025\/07\/Ben-phu-1024x1024.jpg\" alt=\"\" width=\"1024\" height=\"1024\" srcset=\"https:\/\/topcar.vn\/wp-content\/uploads\/2025\/07\/Ben-phu-1024x1024.jpg 1024w, https:\/\/topcar.vn\/wp-content\/uploads\/2025\/07\/Ben-phu-300x300.jpg 300w, https:\/\/topcar.vn\/wp-content\/uploads\/2025\/07\/Ben-phu-150x150.jpg 150w, https:\/\/topcar.vn\/wp-content\/uploads\/2025\/07\/Ben-phu-768x768.jpg 768w, https:\/\/topcar.vn\/wp-content\/uploads\/2025\/07\/Ben-phu-1536x1536.jpg 1536w, https:\/\/topcar.vn\/wp-content\/uploads\/2025\/07\/Ben-phu-600x600.jpg 600w, https:\/\/topcar.vn\/wp-content\/uploads\/2025\/07\/Ben-phu-100x100.jpg 100w, https:\/\/topcar.vn\/wp-content\/uploads\/2025\/07\/Ben-phu.jpg 1920w\" sizes=\"(max-width: 1024px) 100vw, 1024px\" \/><figcaption id=\"caption-attachment-2773\" class=\"wp-caption-text\">Th\u1ea3m l\u00f3t s\u00e0n b\u00ean ph\u1ee5<\/figcaption><\/figure>\n<p data-section-id=\"1szfcav\" data-start=\"1915\" data-end=\"1971\"><strong data-start=\"1919\" data-end=\"1971\">\u01afu \u0111i\u1ec3m n\u1ed5i b\u1eadt c\u1ee7a th\u1ea3m l\u00f3t s\u00e0n th\u1ea3m l\u00f3t s\u00e0n Mazda 3<\/strong><\/p>\n<ul>\n<li data-start=\"1973\" data-end=\"2373\">Form \u00f4m s\u00e1t tuy\u1ec7t \u0111\u1ed1i \u2013 kh\u00f4ng x\u00f4 l\u1ec7ch, kh\u00f4ng c\u1eaft ch\u1ec9nh th\u1ee7 c\u00f4ng<\/li>\n<li data-start=\"1973\" data-end=\"2373\">Kh\u00f4ng m\u00f9i \u2013 an to\u00e0n s\u1ee9c kh\u1ecfe \u2013 d\u00f9ng \u0111\u01b0\u1ee3c ngay sau khi l\u1eafp<\/li>\n<li data-start=\"1973\" data-end=\"2373\">Ch\u1ed1ng n\u01b0\u1edbc, ch\u1ed1ng b\u1ea9n v\u01b0\u1ee3t tr\u1ed9i \u2013 ng\u0103n b\u00f9n \u0111\u1ea5t, n\u01b0\u1edbc m\u01b0a hi\u1ec7u qu\u1ea3<\/li>\n<li data-start=\"1973\" data-end=\"2373\">Bo vi\u1ec1n cao 3\u20134cm \u2013 gi\u1eef s\u1ea1ch to\u00e0n b\u1ed9 s\u00e0n xe<\/li>\n<li data-start=\"1973\" data-end=\"2373\">V\u1ec7 sinh d\u1ec5 d\u00e0ng \u2013 ch\u1ec9 c\u1ea7n x\u1ecbt n\u01b0\u1edbc ho\u1eb7c lau b\u1eb1ng kh\u0103n \u01b0\u1edbt<\/li>\n<li data-start=\"1973\" data-end=\"2373\">Th\u1ea9m m\u1ef9 cao \u2013 ph\u00f9 h\u1ee3p phong c\u00e1ch sang tr\u1ecdng, tinh t\u1ebf c\u1ee7a Mazda 3<\/li>\n<li data-start=\"1973\" data-end=\"2373\">\n<p><figure id=\"attachment_2774\" aria-describedby=\"caption-attachment-2774\" style=\"width: 1024px\" class=\"wp-caption aligncenter\"><img decoding=\"async\" class=\"size-large wp-image-2774\" src=\"http:\/\/khaitest.rf.gd\/wp-content\/uploads\/2025\/07\/Sau-Phu-1024x1024.jpg\" alt=\"\" width=\"1024\" height=\"1024\" srcset=\"https:\/\/topcar.vn\/wp-content\/uploads\/2025\/07\/Sau-Phu-1024x1024.jpg 1024w, https:\/\/topcar.vn\/wp-content\/uploads\/2025\/07\/Sau-Phu-300x300.jpg 300w, https:\/\/topcar.vn\/wp-content\/uploads\/2025\/07\/Sau-Phu-150x150.jpg 150w, https:\/\/topcar.vn\/wp-content\/uploads\/2025\/07\/Sau-Phu-768x768.jpg 768w, https:\/\/topcar.vn\/wp-content\/uploads\/2025\/07\/Sau-Phu-1536x1536.jpg 1536w, https:\/\/topcar.vn\/wp-content\/uploads\/2025\/07\/Sau-Phu-600x600.jpg 600w, https:\/\/topcar.vn\/wp-content\/uploads\/2025\/07\/Sau-Phu-100x100.jpg 100w, https:\/\/topcar.vn\/wp-content\/uploads\/2025\/07\/Sau-Phu.jpg 1920w\" sizes=\"(max-width: 1024px) 100vw, 1024px\" \/><figcaption id=\"caption-attachment-2774\" class=\"wp-caption-text\">Th\u1ea3m l\u00f3t s\u00e0n sau-ph\u1ee5<\/figcaption><\/figure><\/li>\n<\/ul>\n<p data-section-id=\"gc73mf\" data-start=\"2380\" data-end=\"2426\"><strong data-start=\"2384\" data-end=\"2426\">Gi\u00e1 b\u00e1n th\u1ea3m l\u00f3t s\u00e0n Mazda 3 2020\u20132025<\/strong><\/p>\n<ul>\n<li data-start=\"2237\" data-end=\"2421\"><strong data-start=\"2240\" data-end=\"2255\">Gi\u00e1 combo tr\u1ecdn b\u1ed9:<\/strong> <strong data-start=\"2256\" data-end=\"2273\">2.200.000\u0111\/b\u1ed9<\/strong><\/li>\n<li data-start=\"2237\" data-end=\"2421\"><strong>B\u00e1n l\u1ebb: 2.000.000\u0111<\/strong><\/li>\n<li data-start=\"2237\" data-end=\"2421\"><strong>Th\u1ea3m r\u1ed1i: 200.000\u0111<\/strong><\/li>\n<\/ul>\n<h2 data-section-id=\"1nuir5y\" data-start=\"2596\" data-end=\"2688\"><strong data-start=\"2599\" data-end=\"2688\">Mua th\u1ea3m l\u00f3t s\u00e0n ch\u00ednh h\u00e3ng cho Mazda 3 t\u1ea1i Topcar \u2013 L\u1ef1a ch\u1ecdn an t\u00e2m, s\u1eed d\u1ee5ng b\u1ec1n l\u00e2u<\/strong><\/h2>\n<p data-start=\"2690\" data-end=\"3064\">Topcar l\u00e0 th\u01b0\u01a1ng hi\u1ec7u chuy\u00ean ph\u00e2n ph\u1ed1i th\u1ea3m l\u00f3t s\u00e0n nh\u1ef1a TPE nguy\u00ean sinh cao c\u1ea5p, thi\u1ebft k\u1ebf ri\u00eang cho t\u1eebng d\u00f2ng xe. M\u1ed7i b\u1ed9 s\u1ea3n ph\u1ea9m \u0111\u1ec1u \u0111\u01b0\u1ee3c ki\u1ec3m tra k\u1ef9 l\u01b0\u1ee1ng tr\u01b0\u1edbc khi giao \u0111\u1ebfn tay kh\u00e1ch h\u00e0ng, \u0111\u1ea3m b\u1ea3o form chu\u1ea9n tuy\u1ec7t \u0111\u1ed1i \u2013 kh\u00f4ng x\u00ea d\u1ecbch \u2013 kh\u00f4ng m\u00f9i l\u1ea1. Ngo\u00e0i ra, v\u1edbi ch\u00ednh s\u00e1ch b\u1ea3o h\u00e0nh 5 n\u0103m, kh\u00e1ch h\u00e0ng ho\u00e0n to\u00e0n y\u00ean t\u00e2m s\u1eed d\u1ee5ng l\u00e2u d\u00e0i m\u00e0 kh\u00f4ng lo xu\u1ed1ng c\u1ea5p.<\/p>\n<p data-section-id=\"ze7p1j\" data-start=\"3071\" data-end=\"3102\"><strong data-start=\"3075\" data-end=\"3102\">V\u00ec sao n\u00ean ch\u1ecdn Topcar?<\/strong><\/p>\n<ul>\n<li data-start=\"3104\" data-end=\"3374\">\u00a0S\u1ea3n ph\u1ea9m thi\u1ebft k\u1ebf ri\u00eang cho Mazda 3 \u2013 chu\u1ea9n t\u1eebng chi ti\u1ebft<\/li>\n<li data-start=\"3104\" data-end=\"3374\">\u00a0Ch\u1ea5t li\u1ec7u TPE cao c\u1ea5p \u2013 an to\u00e0n, b\u1ec1n \u0111\u1eb9p, kh\u00f4ng m\u00f9i<\/li>\n<li data-start=\"3104\" data-end=\"3374\">\u00a0D\u1ec5 v\u1ec7 sinh \u2013 ch\u1ed1ng th\u1ea5m \u2013 kh\u00f4ng tr\u01a1n tr\u01b0\u1ee3t<\/li>\n<li data-start=\"3104\" data-end=\"3374\">\u00a0D\u1ecbch v\u1ee5 chuy\u00ean nghi\u1ec7p \u2013 giao h\u00e0ng to\u00e0n qu\u1ed1c<\/li>\n<li data-start=\"3104\" data-end=\"3374\">\u00a0B\u1ea3o h\u00e0nh ch\u00ednh h\u00e3ng 5 n\u0103m \u2013 h\u1ed7 tr\u1ee3 \u0111\u1ed5i m\u1edbi n\u1ebfu l\u1ed7i<\/li>\n<\/ul>\n<figure id=\"attachment_2775\" aria-describedby=\"caption-attachment-2775\" style=\"width: 1024px\" class=\"wp-caption aligncenter\"><img loading=\"lazy\" decoding=\"async\" class=\"size-large wp-image-2775\" src=\"http:\/\/khaitest.rf.gd\/wp-content\/uploads\/2025\/07\/Sau-trai-1024x1024.jpg\" alt=\"\" width=\"1024\" height=\"1024\" srcset=\"https:\/\/topcar.vn\/wp-content\/uploads\/2025\/07\/Sau-trai-1024x1024.jpg 1024w, https:\/\/topcar.vn\/wp-content\/uploads\/2025\/07\/Sau-trai-300x300.jpg 300w, https:\/\/topcar.vn\/wp-content\/uploads\/2025\/07\/Sau-trai-150x150.jpg 150w, https:\/\/topcar.vn\/wp-content\/uploads\/2025\/07\/Sau-trai-768x768.jpg 768w, https:\/\/topcar.vn\/wp-content\/uploads\/2025\/07\/Sau-trai-1536x1536.jpg 1536w, https:\/\/topcar.vn\/wp-content\/uploads\/2025\/07\/Sau-trai-600x600.jpg 600w, https:\/\/topcar.vn\/wp-content\/uploads\/2025\/07\/Sau-trai-100x100.jpg 100w, https:\/\/topcar.vn\/wp-content\/uploads\/2025\/07\/Sau-trai.jpg 1920w\" sizes=\"(max-width: 1024px) 100vw, 1024px\" \/><figcaption id=\"caption-attachment-2775\" class=\"wp-caption-text\">Th\u1ea3m l\u00f3t s\u00e0n sau l\u00e1i<\/figcaption><\/figure>\n<\/div>\n<\/div>\n<\/div>\n<\/div>\n<\/div>\n<\/article>\n<div class=\"markdown prose dark:prose-invert w-full break-words light\">\n<p><strong>\ud83d\udcde Li\u00ean h\u1ec7 \u0111\u1eb7t h\u00e0ng:<\/strong><\/p>\n<ul>\n<li><strong data-start=\"2794\" data-end=\"2813\">Hotline \/ Zalo:<\/strong> 0889.385.222<\/li>\n<li><strong data-start=\"2831\" data-end=\"2843\">\u0110\u1ecba ch\u1ec9:<\/strong> S\u1ed1 9 BT2, Khu \u0111\u00f4 th\u1ecb Foresa Xu\u00e2n Ph\u01b0\u01a1ng, Nam T\u1eeb Li\u00eam, H\u00e0 N\u1ed9i<\/li>\n<li><strong data-start=\"2909\" data-end=\"2921\">Website:<\/strong> <a class=\"\" href=\"https:\/\/Topcar.vn\" target=\"_new\" rel=\"noopener\" data-start=\"2922\" data-end=\"2960\">https:\/\/Topcar.vn<\/a><\/li>\n<\/ul>\n<\/div>\n<\/div>\n<\/div>\n<\/div>\n<\/div>\n<\/div>\n<\/article>\n","protected":false},"excerpt":{"rendered":"<ul>\n<li>Mi\u1ec5n ph\u00ed giao h\u00e0ng to\u00e0n qu\u1ed1c<\/li>\n<li>Nh\u1eadn h\u00e0ng &gt; L\u1eafp \u0111\u1eb7t &gt; Thanh to\u00e1n<\/li>\n<li>B\u1ea3o h\u00e0nh 5 n\u0103m<\/li>\n<\/ul>\n","protected":false},"featured_media":3863,"comment_status":"closed","ping_status":"closed","template":"","meta":{"site-sidebar-layout":"no-sidebar","site-content-layout":"content-boxed-container","ast-site-content-layout":"normal-width-container","site-content-style":"boxed","site-sidebar-style":"unboxed","ast-global-header-display":"","ast-banner-title-visibility":"","ast-main-header-display":"","ast-hfb-above-header-display":"","ast-hfb-below-header-display":"","ast-hfb-mobile-header-display":"","site-post-title":"","ast-breadcrumbs-content":"","ast-featured-img":"","footer-sml-layout":"","ast-disable-related-posts":"","theme-transparent-header-meta":"default","adv-header-id-meta":"","stick-header-meta":"","header-above-stick-meta":"","header-main-stick-meta":"","header-below-stick-meta":"","astra-migrate-meta-layouts":"set","ast-page-background-enabled":"default","ast-page-background-meta":{"desktop":{"background-color":"var(--ast-global-color-4)","background-image":"","background-repeat":"repeat","background-position":"center center","background-size":"auto","background-attachment":"scroll","background-type":"","background-media":"","overlay-type":"","overlay-color":"","overlay-opacity":"","overlay-gradient":""},"tablet":{"background-color":"","background-image":"","background-repeat":"repeat","background-position":"center center","background-size":"auto","background-attachment":"scroll","background-type":"","background-media":"","overlay-type":"","overlay-color":"","overlay-opacity":"","overlay-gradient":""},"mobile":{"background-color":"","background-image":"","background-repeat":"repeat","background-position":"center center","background-size":"auto","background-attachment":"scroll","background-type":"","background-media":"","overlay-type":"","overlay-color":"","overlay-opacity":"","overlay-gradient":""}},"ast-content-background-meta":{"desktop":{"background-color":"var(--ast-global-color-5)","background-image":"","background-repeat":"repeat","background-position":"center center","background-size":"auto","background-attachment":"scroll","background-type":"","background-media":"","overlay-type":"","overlay-color":"","overlay-opacity":"","overlay-gradient":""},"tablet":{"background-color":"var(--ast-global-color-5)","background-image":"","background-repeat":"repeat","background-position":"center center","background-size":"auto","background-attachment":"scroll","background-type":"","background-media":"","overlay-type":"","overlay-color":"","overlay-opacity":"","overlay-gradient":""},"mobile":{"background-color":"var(--ast-global-color-5)","background-image":"","background-repeat":"repeat","background-position":"center center","background-size":"auto","background-attachment":"scroll","background-type":"","background-media":"","overlay-type":"","overlay-color":"","overlay-opacity":"","overlay-gradient":""}}},"product_brand":[],"product_cat":[43,50],"product_tag":[138,322,321,110,77,75,76],"class_list":{"0":"post-2291","1":"product","2":"type-product","3":"status-publish","4":"has-post-thumbnail","6":"product_cat-tham-lot-san-o-to","7":"product_cat-tham-lot-san-o-to-mazda","8":"product_tag-tham-lot-san","9":"product_tag-tham-lot-san-mazda-3-2016","10":"product_tag-tham-lot-san-mazda-3-2018","11":"product_tag-tham-lot-san-o-to-cao-cap","12":"product_tag-tham-lot-san-o-to-nhua-duc","13":"product_tag-tham-lot-san-o-to-tot-nhat-hien-nay","14":"product_tag-tham-lot-san-o-to-tpe","15":"desktop-align-left","16":"tablet-align-left","17":"mobile-align-left","19":"first","20":"instock","21":"shipping-taxable","22":"purchasable","23":"product-type-variable"},"_links":{"self":[{"href":"https:\/\/topcar.vn\/index.php?rest_route=\/wp\/v2\/product\/2291","targetHints":{"allow":["GET"]}}],"collection":[{"href":"https:\/\/topcar.vn\/index.php?rest_route=\/wp\/v2\/product"}],"about":[{"href":"https:\/\/topcar.vn\/index.php?rest_route=\/wp\/v2\/types\/product"}],"replies":[{"embeddable":true,"href":"https:\/\/topcar.vn\/index.php?rest_route=%2Fwp%2Fv2%2Fcomments&post=2291"}],"version-history":[{"count":6,"href":"https:\/\/topcar.vn\/index.php?rest_route=\/wp\/v2\/product\/2291\/revisions"}],"predecessor-version":[{"id":4354,"href":"https:\/\/topcar.vn\/index.php?rest_route=\/wp\/v2\/product\/2291\/revisions\/4354"}],"wp:featuredmedia":[{"embeddable":true,"href":"https:\/\/topcar.vn\/index.php?rest_route=\/wp\/v2\/media\/3863"}],"wp:attachment":[{"href":"https:\/\/topcar.vn\/index.php?rest_route=%2Fwp%2Fv2%2Fmedia&parent=2291"}],"wp:term":[{"taxonomy":"product_brand","embeddable":true,"href":"https:\/\/topcar.vn\/index.php?rest_route=%2Fwp%2Fv2%2Fproduct_brand&post=2291"},{"taxonomy":"product_cat","embeddable":true,"href":"https:\/\/topcar.vn\/index.php?rest_route=%2Fwp%2Fv2%2Fproduct_cat&post=2291"},{"taxonomy":"product_tag","embeddable":true,"href":"https:\/\/topcar.vn\/index.php?rest_route=%2Fwp%2Fv2%2Fproduct_tag&post=2291"}],"curies":[{"name":"wp","href":"https:\/\/api.w.org\/{rel}","templated":true}]}}