{"id":2284,"date":"2025-07-29T13:59:19","date_gmt":"2025-07-29T06:59:19","guid":{"rendered":"http:\/\/khaitest.rf.gd\/?post_type=product&#038;p=2284"},"modified":"2025-12-05T15:05:28","modified_gmt":"2025-12-05T08:05:28","slug":"tham-lot-san-mazda-bt-50-2022-2024","status":"publish","type":"product","link":"https:\/\/topcar.vn\/?product=tham-lot-san-mazda-bt-50-2022-2024","title":{"rendered":"Th\u1ea3m l\u00f3t s\u00e0n MAZDA BT-50 2022\u20132024"},"content":{"rendered":"<article class=\"text-token-text-primary w-full\" dir=\"auto\" data-testid=\"conversation-turn-10\" data-scroll-anchor=\"true\">\n<div class=\"text-base my-auto mx-auto pb-10 [--thread-content-margin:--spacing(4)] @[37rem]:[--thread-content-margin:--spacing(6)] @[72rem]:[--thread-content-margin:--spacing(16)] px-(--thread-content-margin)\">\n<div class=\"[--thread-content-max-width:32rem] @[34rem]:[--thread-content-max-width:40rem] @[64rem]:[--thread-content-max-width:48rem] mx-auto max-w-(--thread-content-max-width) flex-1 group\/turn-messages focus-visible:outline-hidden relative flex w-full min-w-0 flex-col agent-turn\" tabindex=\"-1\">\n<div class=\"flex max-w-full flex-col grow\">\n<div class=\"min-h-8 text-message relative flex w-full flex-col items-end gap-2 text-start break-words whitespace-normal [.text-message+&amp;]:mt-5\" dir=\"auto\" data-message-author-role=\"assistant\" data-message-id=\"6ee8a93f-7fdb-4c7e-b8bb-2a874c3d517b\" data-message-model-slug=\"gpt-4o\">\n<div class=\"flex w-full flex-col gap-1 empty:hidden first:pt-[3px]\">\n<article class=\"text-token-text-primary w-full\" dir=\"auto\" data-testid=\"conversation-turn-10\" data-scroll-anchor=\"true\">\n<div class=\"text-base my-auto mx-auto pb-10 [--thread-content-margin:--spacing(4)] @[37rem]:[--thread-content-margin:--spacing(6)] @[72rem]:[--thread-content-margin:--spacing(16)] px-(--thread-content-margin)\">\n<div class=\"[--thread-content-max-width:32rem] @[34rem]:[--thread-content-max-width:40rem] @[64rem]:[--thread-content-max-width:48rem] mx-auto max-w-(--thread-content-max-width) flex-1 group\/turn-messages focus-visible:outline-hidden relative flex w-full min-w-0 flex-col agent-turn\" tabindex=\"-1\">\n<div class=\"flex max-w-full flex-col grow\">\n<div class=\"min-h-8 text-message relative flex w-full flex-col items-end gap-2 text-start break-words whitespace-normal [.text-message+&amp;]:mt-5\" dir=\"auto\" data-message-author-role=\"assistant\" data-message-id=\"6ee8a93f-7fdb-4c7e-b8bb-2a874c3d517b\" data-message-model-slug=\"gpt-4o\">\n<div class=\"flex w-full flex-col gap-1 empty:hidden first:pt-[3px]\">\n<p data-section-id=\"1t06ytp\" data-start=\"222\" data-end=\"317\"><strong><em>Th\u1ea3m l\u00f3t s\u00e0n Mazda BT-50 2022\u20132024 \u2013 T\u0103ng hi\u1ec7u su\u1ea5t b\u1ea3o v\u1ec7, gi\u1eef s\u1ea1ch khoang n\u1ed9i th\u1ea5t. Mazda BT-50 \u0111\u1eddi m\u1edbi t\u1eeb 2022 \u0111\u1ebfn 2024 kh\u00f4ng ch\u1ec9 n\u1ed5i b\u1eadt v\u1edbi thi\u1ebft k\u1ebf th\u1ec3 thao, g\u00f3c c\u1ea1nh m\u00e0 c\u00f2n ghi \u0111i\u1ec3m \u1edf kh\u00f4ng gian n\u1ed9i th\u1ea5t hi\u1ec7n \u0111\u1ea1i, r\u1ed9ng r\u00e3i \u2013 \u0111i\u1ec1u hi\u1ebfm th\u1ea5y \u1edf m\u1ed9t m\u1eabu xe b\u00e1n t\u1ea3i. Tuy nhi\u00ean, vi\u1ec7c duy tr\u00ec s\u1ef1 s\u1ea1ch s\u1ebd v\u00e0 m\u1edbi m\u1ebb cho khoang cabin l\u1ea1i l\u00e0 b\u00e0i to\u00e1n khi\u1ebfn nhi\u1ec1u ch\u1ee7 xe \u0111au \u0111\u1ea7u, nh\u1ea5t l\u00e0 khi xe th\u01b0\u1eddng xuy\u00ean di chuy\u1ec3n trong \u0111i\u1ec1u ki\u1ec7n b\u1ee5i b\u1ea9n ho\u1eb7c \u0111\u1ecba h\u00ecnh x\u1ea5u.<\/em><\/strong><\/p>\n<p data-start=\"690\" data-end=\"917\"><strong><em>Th\u1ea3m l\u00f3t s\u00e0n TPE nguy\u00ean sinh cao c\u1ea5p ch\u00ednh l\u00e0 l\u1eddi gi\u1ea3i to\u00e0n di\u1ec7n \u2013 kh\u00f4ng ch\u1ec9 b\u1ea3o v\u1ec7 ph\u1ea7n s\u00e0n xe kh\u1ecfi n\u01b0\u1edbc, b\u00f9n \u0111\u1ea5t, v\u1ee5n r\u00e1c&#8230; m\u00e0 c\u00f2n gi\u1eef cho n\u1ed9i th\u1ea5t lu\u00f4n g\u1ecdn g\u00e0ng, s\u1ea1ch s\u1ebd m\u00e0 kh\u00f4ng l\u00e0m m\u1ea5t \u0111i t\u00ednh th\u1ea9m m\u1ef9 t\u1ed5ng th\u1ec3 c\u1ee7a xe.<\/em><\/strong><\/p>\n<h2 data-section-id=\"44ro1k\" data-start=\"924\" data-end=\"1005\"><strong data-start=\"927\" data-end=\"1005\">Gi\u1edbi thi\u1ec7u s\u1ea3n ph\u1ea9m th\u1ea3m l\u00f3t s\u00e0n Mazda BT-50 2022\u20132024<\/strong><\/h2>\n<p data-start=\"1007\" data-end=\"1383\">Th\u1ea3m l\u00f3t s\u00e0n Mazda BT-50 \u0111\u1eddi 2022\u20132024 \u0111\u01b0\u1ee3c thi\u1ebft k\u1ebf ri\u00eang theo c\u1ea5u tr\u00fac s\u00e0n xe, \u0111\u1ea3m b\u1ea3o t\u1eebng chi ti\u1ebft \u0111\u1ec1u kh\u1edbp ho\u00e0n h\u1ea3o v\u1edbi v\u1ecb tr\u00ed gh\u1ebf l\u00e1i, gh\u1ebf ph\u1ee5 v\u00e0 h\u00e0ng gh\u1ebf sau. S\u1ea3n ph\u1ea9m \u0111\u01b0\u1ee3c s\u1ea3n xu\u1ea5t t\u1eeb nh\u1ef1a TPE nguy\u00ean sinh chu\u1ea9n qu\u1ed1c t\u1ebf, kh\u00f4ng ch\u1ee9a h\u00f3a ch\u1ea5t \u0111\u1ed9c h\u1ea1i, \u0111\u1ea3m b\u1ea3o kh\u00f4ng m\u00f9i, an to\u00e0n cho c\u1ea3 ng\u01b0\u1eddi l\u1edbn v\u00e0 tr\u1ebb nh\u1ecf khi s\u1eed d\u1ee5ng l\u00e2u d\u00e0i trong kh\u00f4ng gian k\u00edn.<\/p>\n<p data-start=\"1385\" data-end=\"1575\">C\u00f4ng ngh\u1ec7 \u00e9p \u0111\u00fac 5D hi\u1ec7n \u0111\u1ea1i gi\u00fap th\u1ea3m \u00f4m s\u00e1t t\u1eebng g\u1edd, r\u00e3nh s\u00e0n v\u00e0 b\u1ec1 m\u1eb7t th\u1ea3m c\u00f3 r\u00e3nh ch\u1ed1ng tr\u01b0\u1ee3t gi\u00fap ch\u1ed1ng tr\u00e0n hi\u1ec7u qu\u1ea3, k\u1ec3 c\u1ea3 khi d\u00ednh n\u01b0\u1edbc m\u01b0a, c\u00e0 ph\u00ea hay b\u00f9n \u0111\u1ea5t sau m\u1ed7i chuy\u1ebfn \u0111i xa.<\/p>\n<figure id=\"attachment_2764\" aria-describedby=\"caption-attachment-2764\" style=\"width: 1024px\" class=\"wp-caption aligncenter\"><img fetchpriority=\"high\" decoding=\"async\" class=\"wp-image-2764 size-large\" src=\"http:\/\/khaitest.rf.gd\/wp-content\/uploads\/2025\/07\/AnyConv.com__5-1024x1024.webp\" alt=\"Th\u1ea3m l\u00f3t s\u00e0n Mazda BT-50 \u0111\u1eddi 2022\u20132024\" width=\"1024\" height=\"1024\" srcset=\"https:\/\/topcar.vn\/wp-content\/uploads\/2025\/07\/AnyConv.com__5-1024x1024.webp 1024w, https:\/\/topcar.vn\/wp-content\/uploads\/2025\/07\/AnyConv.com__5-300x300.webp 300w, https:\/\/topcar.vn\/wp-content\/uploads\/2025\/07\/AnyConv.com__5-150x150.webp 150w, https:\/\/topcar.vn\/wp-content\/uploads\/2025\/07\/AnyConv.com__5-768x767.webp 768w, https:\/\/topcar.vn\/wp-content\/uploads\/2025\/07\/AnyConv.com__5-600x599.webp 600w, https:\/\/topcar.vn\/wp-content\/uploads\/2025\/07\/AnyConv.com__5-100x100.webp 100w, https:\/\/topcar.vn\/wp-content\/uploads\/2025\/07\/AnyConv.com__5.webp 1081w\" sizes=\"(max-width: 1024px) 100vw, 1024px\" \/><figcaption id=\"caption-attachment-2764\" class=\"wp-caption-text\">Th\u1ea3m l\u00f3t s\u00e0n Mazda BT-50 \u0111\u1eddi 2022\u20132024<\/figcaption><\/figure>\n<p data-section-id=\"t7l1pc\" data-start=\"1582\" data-end=\"1608\"><strong data-start=\"1586\" data-end=\"1608\">Th\u00f4ng tin chi ti\u1ebft<\/strong> <strong>th\u1ea3m l\u00f3t s\u00e0n MAZDA BT-50<\/strong><\/p>\n<ul>\n<li data-start=\"1612\" data-end=\"1686\">D\u00f2ng xe t\u01b0\u01a1ng th\u00edch: Mazda BT-50 \u0111\u1eddi 2022 \u0111\u1ebfn 2024 (t\u1ea5t c\u1ea3 bi\u1ebfn th\u1ec3)<\/li>\n<li data-start=\"1689\" data-end=\"1747\">Ch\u1ea5t li\u1ec7u: TPE nguy\u00ean sinh \u2013 ti\u00eau chu\u1ea9n xu\u1ea5t kh\u1ea9u EU<\/li>\n<li data-start=\"1808\" data-end=\"1866\">Thi\u1ebft k\u1ebf: Form 5D \u0111\u00fac nguy\u00ean kh\u1ed1i \u2013 l\u1eafp \u0111\u1eb7t v\u1eeba kh\u00edt<\/li>\n<li data-start=\"1945\" data-end=\"2014\">T\u00ednh n\u0103ng: Ch\u1ed1ng n\u01b0\u1edbc, ch\u1ed1ng tr\u01a1n, kh\u00f4ng b\u00e1m b\u1ea9n, kh\u00f4ng x\u00f4 l\u1ec7ch<\/li>\n<li data-start=\"2017\" data-end=\"2074\">B\u1ea3o h\u00e0nh: Ch\u00ednh h\u00e3ng 5 n\u0103m \u2013 1 \u0111\u1ed5i 1 n\u1ebfu l\u1ed7i s\u1ea3n ph\u1ea9m<\/li>\n<\/ul>\n<p data-section-id=\"8vcdpl\" data-start=\"2081\" data-end=\"2137\"><strong data-start=\"2085\" data-end=\"2137\">\u01afu \u0111i\u1ec3m n\u1ed5i b\u1eadt c\u1ee7a th\u1ea3m l\u00f3t s\u00e0n BT-50 2022\u20132024<\/strong><\/p>\n<ul>\n<li data-start=\"2139\" data-end=\"2602\">V\u1eeba kh\u00edt nh\u01b0 zin 100% \u2013 L\u1eafp \u0111\u00fang \u0111\u1eddi, \u0111\u00fang form, kh\u00f4ng x\u00f4 l\u1ec7ch<\/li>\n<li data-start=\"2139\" data-end=\"2602\">Ch\u1ea5t li\u1ec7u TPE nguy\u00ean sinh cao c\u1ea5p \u2013 Kh\u00f4ng pha nh\u1ef1a t\u00e1i ch\u1ebf, kh\u00f4ng m\u00f9i kh\u00f3 ch\u1ecbu<\/li>\n<li data-start=\"2139\" data-end=\"2602\">Bo vi\u1ec1n cao, ch\u1ed1ng tr\u00e0n t\u1ed1i \u0111a \u2013 Gi\u1eef s\u1ea1ch tri\u1ec7t \u0111\u1ec3 khu v\u1ef1c \u0111\u1ec3 ch\u00e2n<\/li>\n<li data-start=\"2139\" data-end=\"2602\">D\u1ec5 d\u00e0ng th\u00e1o l\u1eafp \u2013 v\u1ec7 sinh \u2013 Ch\u1ec9 c\u1ea7n 1 ph\u00fat \u0111\u1ec3 l\u00e0m s\u1ea1ch to\u00e0n b\u1ed9 th\u1ea3m<\/li>\n<li data-start=\"2139\" data-end=\"2602\">Kh\u00f4ng ng\u1ea3 m\u00e0u \u2013 kh\u00f4ng bong tr\u00f3c \u2013 Duy tr\u00ec \u0111\u1ed9 m\u1edbi su\u1ed1t nhi\u1ec1u n\u0103m s\u1eed d\u1ee5ng<\/li>\n<li data-start=\"2139\" data-end=\"2602\">An to\u00e0n s\u1ee9c kh\u1ecfe \u2013 th\u00e2n thi\u1ec7n m\u00f4i tr\u01b0\u1eddng \u2013 \u0110\u1ea1t ch\u1ee9ng nh\u1eadn ROHS, SGS<\/li>\n<\/ul>\n<figure id=\"attachment_2765\" aria-describedby=\"caption-attachment-2765\" style=\"width: 1024px\" class=\"wp-caption aligncenter\"><img decoding=\"async\" class=\"wp-image-2765 size-large\" src=\"http:\/\/khaitest.rf.gd\/wp-content\/uploads\/2025\/07\/AnyConv.com__6-1024x1024.webp\" alt=\"Ch\u1ea5t li\u1ec7u TPE nguy\u00ean sinh cao c\u1ea5p \u2013 Kh\u00f4ng pha nh\u1ef1a t\u00e1i ch\u1ebf, kh\u00f4ng m\u00f9i kh\u00f3 ch\u1ecbu\" width=\"1024\" height=\"1024\" srcset=\"https:\/\/topcar.vn\/wp-content\/uploads\/2025\/07\/AnyConv.com__6-1024x1024.webp 1024w, https:\/\/topcar.vn\/wp-content\/uploads\/2025\/07\/AnyConv.com__6-300x300.webp 300w, https:\/\/topcar.vn\/wp-content\/uploads\/2025\/07\/AnyConv.com__6-150x150.webp 150w, https:\/\/topcar.vn\/wp-content\/uploads\/2025\/07\/AnyConv.com__6-768x767.webp 768w, https:\/\/topcar.vn\/wp-content\/uploads\/2025\/07\/AnyConv.com__6-600x599.webp 600w, https:\/\/topcar.vn\/wp-content\/uploads\/2025\/07\/AnyConv.com__6-100x100.webp 100w, https:\/\/topcar.vn\/wp-content\/uploads\/2025\/07\/AnyConv.com__6.webp 1081w\" sizes=\"(max-width: 1024px) 100vw, 1024px\" \/><figcaption id=\"caption-attachment-2765\" class=\"wp-caption-text\">Ch\u1ea5t li\u1ec7u TPE nguy\u00ean sinh cao c\u1ea5p<\/figcaption><\/figure>\n<p data-section-id=\"pz1zrb\" data-start=\"2609\" data-end=\"2662\"><strong data-start=\"2613\" data-end=\"2662\">Gi\u00e1 b\u00e1n l\u1ebb tr\u1ecdn b\u1ed9 th\u1ea3m l\u00f3t s\u00e0n Mazda BT-50 2022\u20132024<\/strong><\/p>\n<ul>\n<li><strong data-start=\"2240\" data-end=\"2255\">Gi\u00e1 combo tr\u1ecdn b\u1ed9:<\/strong> <strong data-start=\"2256\" data-end=\"2273\">2.200.000\u0111\/b\u1ed9<\/strong><\/li>\n<li><strong>B\u00e1n l\u1ebb: 2.000.000\u0111<\/strong><\/li>\n<li><strong>Th\u1ea3m r\u1ed1i: 200.000\u0111<\/strong><\/li>\n<\/ul>\n<h2 data-section-id=\"ngu6u6\" data-start=\"2828\" data-end=\"2915\"><strong data-start=\"2831\" data-end=\"2915\">\u0110\u1eb7t mua th\u1ea3m TPE ch\u00ednh h\u00e3ng Mazda BT-50 t\u1ea1i Topcar \u2013 Ch\u1ea5t l\u01b0\u1ee3ng x\u1ee9ng t\u1ea7m b\u00e1n t\u1ea3i<\/strong><\/h2>\n<p data-start=\"2917\" data-end=\"3216\">Topcar l\u00e0 \u0111\u01a1n v\u1ecb chuy\u00ean ph\u00e2n ph\u1ed1i th\u1ea3m l\u00f3t s\u00e0n TPE nguy\u00ean sinh ch\u00ednh h\u00e3ng cho t\u1eebng \u0111\u1eddi xe. M\u1ed7i s\u1ea3n ph\u1ea9m \u0111\u1ec1u \u0111\u01b0\u1ee3c ki\u1ec3m tra nghi\u00eam ng\u1eb7t v\u1ec1 ch\u1ea5t l\u01b0\u1ee3ng, \u0111\u1ea3m b\u1ea3o form kh\u1edbp ho\u00e0n h\u1ea3o cho t\u1eebng model ri\u00eang bi\u1ec7t. V\u1edbi ch\u00ednh s\u00e1ch b\u1ea3o h\u00e0nh 5 n\u0103m, ch\u00fang t\u00f4i cam k\u1ebft b\u1ea3o v\u1ec7 quy\u1ec1n l\u1ee3i kh\u00e1ch h\u00e0ng t\u1ed1i \u0111a.<\/p>\n<p data-section-id=\"1j2mvc0\" data-start=\"3223\" data-end=\"3260\"><strong data-start=\"3227\" data-end=\"3260\">L\u00fd do n\u00ean ch\u1ecdn mua th\u1ea3m l\u00f3t s\u00e0n MAZDA BT-50 t\u1ea1i Topcar<\/strong><\/p>\n<ul>\n<li data-start=\"3262\" data-end=\"3548\">100% h\u00e0ng m\u1edbi \u2013 thi\u1ebft k\u1ebf ri\u00eang theo t\u1eebng \u0111\u1eddi xe<\/li>\n<li data-start=\"3262\" data-end=\"3548\">\u00a0V\u1eadt li\u1ec7u TPE nguy\u00ean sinh \u2013 ti\u00eau chu\u1ea9n an to\u00e0n ch\u00e2u \u00c2u<\/li>\n<li data-start=\"3262\" data-end=\"3548\">\u00a0Kh\u00f4ng m\u00f9i \u2013 kh\u00f4ng g\u00e2y k\u00edch \u1ee9ng \u2013 kh\u00f4ng \u0111\u1ed9c h\u1ea1i<\/li>\n<li data-start=\"3262\" data-end=\"3548\">\u00a0D\u1ecbch v\u1ee5 giao h\u00e0ng nhanh to\u00e0n qu\u1ed1c \u2013 h\u1ed7 tr\u1ee3 l\u1eafp \u0111\u1eb7t t\u1ea1i showroom<\/li>\n<li data-start=\"3262\" data-end=\"3548\">\u00a0H\u1eadu m\u00e3i d\u00e0i h\u1ea1n \u2013 b\u1ea3o h\u00e0nh 5 n\u0103m, l\u1ed7i \u0111\u1ed5i m\u1edbi ngay<\/li>\n<\/ul>\n<figure id=\"attachment_2766\" aria-describedby=\"caption-attachment-2766\" style=\"width: 1024px\" class=\"wp-caption aligncenter\"><img decoding=\"async\" class=\"wp-image-2766 size-large\" src=\"http:\/\/khaitest.rf.gd\/wp-content\/uploads\/2025\/07\/AnyConv.com__7-1024x1024.webp\" alt=\"b\u1ea3o h\u00e0nh 5 n\u0103m, l\u1ed7i \u0111\u1ed5i m\u1edbi ngay\" width=\"1024\" height=\"1024\" srcset=\"https:\/\/topcar.vn\/wp-content\/uploads\/2025\/07\/AnyConv.com__7-1024x1024.webp 1024w, https:\/\/topcar.vn\/wp-content\/uploads\/2025\/07\/AnyConv.com__7-300x300.webp 300w, https:\/\/topcar.vn\/wp-content\/uploads\/2025\/07\/AnyConv.com__7-150x150.webp 150w, https:\/\/topcar.vn\/wp-content\/uploads\/2025\/07\/AnyConv.com__7-768x767.webp 768w, https:\/\/topcar.vn\/wp-content\/uploads\/2025\/07\/AnyConv.com__7-600x599.webp 600w, https:\/\/topcar.vn\/wp-content\/uploads\/2025\/07\/AnyConv.com__7-100x100.webp 100w, https:\/\/topcar.vn\/wp-content\/uploads\/2025\/07\/AnyConv.com__7.webp 1081w\" sizes=\"(max-width: 1024px) 100vw, 1024px\" \/><figcaption id=\"caption-attachment-2766\" class=\"wp-caption-text\">H\u1eadu m\u00e3i d\u00e0i h\u1ea1n \u2013 b\u1ea3o h\u00e0nh 5 n\u0103m, l\u1ed7i \u0111\u1ed5i m\u1edbi ngay<\/figcaption><\/figure>\n<\/div>\n<\/div>\n<\/div>\n<\/div>\n<\/div>\n<\/article>\n<div class=\"markdown prose dark:prose-invert w-full break-words light\">\n<p><strong>\ud83d\udcde Li\u00ean h\u1ec7 \u0111\u1eb7t h\u00e0ng:<\/strong><\/p>\n<ul>\n<li><strong data-start=\"2794\" data-end=\"2813\">Hotline \/ Zalo:<\/strong> 0889.385.222<\/li>\n<li><strong data-start=\"2831\" data-end=\"2843\">\u0110\u1ecba ch\u1ec9:<\/strong> S\u1ed1 9 BT2, Khu \u0111\u00f4 th\u1ecb Foresa Xu\u00e2n Ph\u01b0\u01a1ng, Nam T\u1eeb Li\u00eam, H\u00e0 N\u1ed9i<\/li>\n<li><strong data-start=\"2909\" data-end=\"2921\">Website:<\/strong> <a class=\"\" href=\"https:\/\/Topcar.vn\" target=\"_new\" rel=\"noopener\" data-start=\"2922\" data-end=\"2960\">https:\/\/Topcar.vn<\/a><\/li>\n<\/ul>\n<\/div>\n<\/div>\n<\/div>\n<\/div>\n<\/div>\n<\/div>\n<\/article>\n","protected":false},"excerpt":{"rendered":"<ul>\n<li>Mi\u1ec5n ph\u00ed giao h\u00e0ng to\u00e0n qu\u1ed1c<\/li>\n<li>Nh\u1eadn h\u00e0ng &gt; L\u1eafp \u0111\u1eb7t &gt; Thanh to\u00e1n<\/li>\n<li>B\u1ea3o h\u00e0nh 5 n\u0103m<\/li>\n<\/ul>\n","protected":false},"featured_media":3865,"comment_status":"closed","ping_status":"closed","template":"","meta":{"site-sidebar-layout":"no-sidebar","site-content-layout":"content-boxed-container","ast-site-content-layout":"normal-width-container","site-content-style":"boxed","site-sidebar-style":"unboxed","ast-global-header-display":"","ast-banner-title-visibility":"","ast-main-header-display":"","ast-hfb-above-header-display":"","ast-hfb-below-header-display":"","ast-hfb-mobile-header-display":"","site-post-title":"","ast-breadcrumbs-content":"","ast-featured-img":"","footer-sml-layout":"","ast-disable-related-posts":"","theme-transparent-header-meta":"default","adv-header-id-meta":"","stick-header-meta":"","header-above-stick-meta":"","header-main-stick-meta":"","header-below-stick-meta":"","astra-migrate-meta-layouts":"set","ast-page-background-enabled":"default","ast-page-background-meta":{"desktop":{"background-color":"var(--ast-global-color-4)","background-image":"","background-repeat":"repeat","background-position":"center center","background-size":"auto","background-attachment":"scroll","background-type":"","background-media":"","overlay-type":"","overlay-color":"","overlay-opacity":"","overlay-gradient":""},"tablet":{"background-color":"","background-image":"","background-repeat":"repeat","background-position":"center center","background-size":"auto","background-attachment":"scroll","background-type":"","background-media":"","overlay-type":"","overlay-color":"","overlay-opacity":"","overlay-gradient":""},"mobile":{"background-color":"","background-image":"","background-repeat":"repeat","background-position":"center center","background-size":"auto","background-attachment":"scroll","background-type":"","background-media":"","overlay-type":"","overlay-color":"","overlay-opacity":"","overlay-gradient":""}},"ast-content-background-meta":{"desktop":{"background-color":"var(--ast-global-color-5)","background-image":"","background-repeat":"repeat","background-position":"center center","background-size":"auto","background-attachment":"scroll","background-type":"","background-media":"","overlay-type":"","overlay-color":"","overlay-opacity":"","overlay-gradient":""},"tablet":{"background-color":"var(--ast-global-color-5)","background-image":"","background-repeat":"repeat","background-position":"center center","background-size":"auto","background-attachment":"scroll","background-type":"","background-media":"","overlay-type":"","overlay-color":"","overlay-opacity":"","overlay-gradient":""},"mobile":{"background-color":"var(--ast-global-color-5)","background-image":"","background-repeat":"repeat","background-position":"center center","background-size":"auto","background-attachment":"scroll","background-type":"","background-media":"","overlay-type":"","overlay-color":"","overlay-opacity":"","overlay-gradient":""}}},"product_brand":[],"product_cat":[50,43],"product_tag":[138,110,77,75,76],"class_list":{"0":"post-2284","1":"product","2":"type-product","3":"status-publish","4":"has-post-thumbnail","6":"product_cat-tham-lot-san-o-to-mazda","7":"product_cat-tham-lot-san-o-to","8":"product_tag-tham-lot-san","9":"product_tag-tham-lot-san-o-to-cao-cap","10":"product_tag-tham-lot-san-o-to-nhua-duc","11":"product_tag-tham-lot-san-o-to-tot-nhat-hien-nay","12":"product_tag-tham-lot-san-o-to-tpe","13":"desktop-align-left","14":"tablet-align-left","15":"mobile-align-left","17":"first","18":"instock","19":"shipping-taxable","20":"purchasable","21":"product-type-variable"},"_links":{"self":[{"href":"https:\/\/topcar.vn\/index.php?rest_route=\/wp\/v2\/product\/2284","targetHints":{"allow":["GET"]}}],"collection":[{"href":"https:\/\/topcar.vn\/index.php?rest_route=\/wp\/v2\/product"}],"about":[{"href":"https:\/\/topcar.vn\/index.php?rest_route=\/wp\/v2\/types\/product"}],"replies":[{"embeddable":true,"href":"https:\/\/topcar.vn\/index.php?rest_route=%2Fwp%2Fv2%2Fcomments&post=2284"}],"version-history":[{"count":5,"href":"https:\/\/topcar.vn\/index.php?rest_route=\/wp\/v2\/product\/2284\/revisions"}],"predecessor-version":[{"id":3868,"href":"https:\/\/topcar.vn\/index.php?rest_route=\/wp\/v2\/product\/2284\/revisions\/3868"}],"wp:featuredmedia":[{"embeddable":true,"href":"https:\/\/topcar.vn\/index.php?rest_route=\/wp\/v2\/media\/3865"}],"wp:attachment":[{"href":"https:\/\/topcar.vn\/index.php?rest_route=%2Fwp%2Fv2%2Fmedia&parent=2284"}],"wp:term":[{"taxonomy":"product_brand","embeddable":true,"href":"https:\/\/topcar.vn\/index.php?rest_route=%2Fwp%2Fv2%2Fproduct_brand&post=2284"},{"taxonomy":"product_cat","embeddable":true,"href":"https:\/\/topcar.vn\/index.php?rest_route=%2Fwp%2Fv2%2Fproduct_cat&post=2284"},{"taxonomy":"product_tag","embeddable":true,"href":"https:\/\/topcar.vn\/index.php?rest_route=%2Fwp%2Fv2%2Fproduct_tag&post=2284"}],"curies":[{"name":"wp","href":"https:\/\/api.w.org\/{rel}","templated":true}]}}