{"id":2258,"date":"2025-07-29T11:53:21","date_gmt":"2025-07-29T04:53:21","guid":{"rendered":"http:\/\/khaitest.rf.gd\/?post_type=product&#038;p=2258"},"modified":"2025-12-08T11:00:34","modified_gmt":"2025-12-08T04:00:34","slug":"tham-lot-san-mazda-cx-5-2018-2025","status":"publish","type":"product","link":"https:\/\/topcar.vn\/?product=tham-lot-san-mazda-cx-5-2018-2025","title":{"rendered":"Th\u1ea3m l\u00f3t s\u00e0n MAZDA CX-5 2018-2025"},"content":{"rendered":"<article class=\"text-token-text-primary w-full\" dir=\"auto\" data-testid=\"conversation-turn-10\" data-scroll-anchor=\"true\">\n<div class=\"text-base my-auto mx-auto pb-10 [--thread-content-margin:--spacing(4)] @[37rem]:[--thread-content-margin:--spacing(6)] @[72rem]:[--thread-content-margin:--spacing(16)] px-(--thread-content-margin)\">\n<div class=\"[--thread-content-max-width:32rem] @[34rem]:[--thread-content-max-width:40rem] @[64rem]:[--thread-content-max-width:48rem] mx-auto max-w-(--thread-content-max-width) flex-1 group\/turn-messages focus-visible:outline-hidden relative flex w-full min-w-0 flex-col agent-turn\" tabindex=\"-1\">\n<div class=\"flex max-w-full flex-col grow\">\n<div class=\"min-h-8 text-message relative flex w-full flex-col items-end gap-2 text-start break-words whitespace-normal [.text-message+&amp;]:mt-5\" dir=\"auto\" data-message-author-role=\"assistant\" data-message-id=\"6ee8a93f-7fdb-4c7e-b8bb-2a874c3d517b\" data-message-model-slug=\"gpt-4o\">\n<div class=\"flex w-full flex-col gap-1 empty:hidden first:pt-[3px]\">\n<p class=\"markdown prose dark:prose-invert w-full break-words light\"><strong><em>Th\u1ea3m l\u00f3t s\u00e0n Mazda CX-5 \u2013 Gi\u1ea3i ph\u00e1p b\u1ea3o v\u1ec7 n\u1ed9i th\u1ea5t th\u00f4ng minh, tinh t\u1ebf. <span style=\"font-size: 16px;\">Mazda CX-5 \u2013 m\u1eabu crossover 5 ch\u1ed7 b\u00e1n ch\u1ea1y t\u1ea1i Vi\u1ec7t Nam \u2013 n\u1ed5i b\u1eadt v\u1edbi thi\u1ebft k\u1ebf th\u1ec3 thao, n\u1ed9i th\u1ea5t hi\u1ec7n \u0111\u1ea1i v\u00e0 tr\u1ea3i nghi\u1ec7m l\u00e1i linh ho\u1ea1t. Tuy nhi\u00ean, n\u1ebfu kh\u00f4ng b\u1ea3o v\u1ec7 t\u1ed1t ph\u1ea7n s\u00e0n xe, b\u1ee5i b\u1ea9n, n\u01b0\u1edbc, hay m\u00f9i \u1ea9m m\u1ed1c s\u1ebd d\u1ec5 d\u00e0ng l\u00e0m \u1ea3nh h\u01b0\u1edfng \u0111\u1ebfn v\u1ebb s\u1ea1ch \u0111\u1eb9p b\u00ean trong. \u0110\u00f3 l\u00e0 l\u00fd do v\u00ec sao <\/span>th\u1ea3m l\u00f3t s\u00e0n nh\u1ef1a TPE nguy\u00ean sinh chu\u1ea9n qu\u1ed1c t\u1ebf<span style=\"font-size: 16px;\"> tr\u1edf th\u00e0nh ph\u1ee5 ki\u1ec7n kh\u00f4ng th\u1ec3 thi\u1ebfu cho Mazda CX-5 \u0111\u1eddi 2018\u20132025.<\/span><\/em><\/strong><\/p>\n<div class=\"markdown prose dark:prose-invert w-full break-words light\">\n<h2 data-section-id=\"1xicj30\" data-start=\"668\" data-end=\"694\"><strong data-start=\"671\" data-end=\"694\">Gi\u1edbi thi\u1ec7u s\u1ea3n ph\u1ea9m th\u1ea3m l\u00f3t s\u00e0n Mazda CX-5 2018-2025<\/strong><\/h2>\n<p data-start=\"696\" data-end=\"982\">Th\u1ea3m l\u00f3t s\u00e0n Mazda CX-5 2018-2025 d\u00e0nh ri\u00eang cho Mazda CX-5 \u0111\u01b0\u1ee3c s\u1ea3n xu\u1ea5t t\u1eeb nh\u1ef1a TPE nguy\u00ean sinh cao c\u1ea5p, c\u00f3 \u0111\u1ed9 b\u1ec1n v\u01b0\u1ee3t tr\u1ed9i v\u00e0 an to\u00e0n v\u1edbi s\u1ee9c kh\u1ecfe ng\u01b0\u1eddi d\u00f9ng. Thi\u1ebft k\u1ebf chu\u1ea9n form t\u1eebng milimet theo m\u1eb7t s\u00e0n c\u1ee7a c\u00e1c \u0111\u1eddi xe t\u1eeb 2018 \u0111\u1ebfn 2025, \u0111\u1ea3m b\u1ea3o \u0111\u1ed9 kh\u00edt ho\u00e0n h\u1ea3o, kh\u00f4ng x\u00f4 l\u1ec7ch, kh\u00f4ng c\u1ea7n c\u1eaft ch\u1ec9nh.<\/p>\n<figure id=\"attachment_2995\" aria-describedby=\"caption-attachment-2995\" style=\"width: 1024px\" class=\"wp-caption aligncenter\"><img fetchpriority=\"high\" decoding=\"async\" class=\"wp-image-2995 size-large\" src=\"http:\/\/khaitest.rf.gd\/wp-content\/uploads\/2025\/07\/sdt.1-19-1024x1024.jpg\" alt=\"th\u1ea3m l\u00f3t s\u00e0n Mazda CX-5 2018-2025\" width=\"1024\" height=\"1024\" srcset=\"https:\/\/topcar.vn\/wp-content\/uploads\/2025\/07\/sdt.1-19-1024x1024.jpg 1024w, https:\/\/topcar.vn\/wp-content\/uploads\/2025\/07\/sdt.1-19-300x300.jpg 300w, https:\/\/topcar.vn\/wp-content\/uploads\/2025\/07\/sdt.1-19-150x150.jpg 150w, https:\/\/topcar.vn\/wp-content\/uploads\/2025\/07\/sdt.1-19-768x768.jpg 768w, https:\/\/topcar.vn\/wp-content\/uploads\/2025\/07\/sdt.1-19-1536x1536.jpg 1536w, https:\/\/topcar.vn\/wp-content\/uploads\/2025\/07\/sdt.1-19-600x600.jpg 600w, https:\/\/topcar.vn\/wp-content\/uploads\/2025\/07\/sdt.1-19-100x100.jpg 100w, https:\/\/topcar.vn\/wp-content\/uploads\/2025\/07\/sdt.1-19.jpg 1920w\" sizes=\"(max-width: 1024px) 100vw, 1024px\" \/><figcaption id=\"caption-attachment-2995\" class=\"wp-caption-text\">th\u1ea3m l\u00f3t s\u00e0n Mazda CX-5 2018-2025<\/figcaption><\/figure>\n<p data-section-id=\"t7l1pc\" data-start=\"989\" data-end=\"1015\"><strong data-start=\"993\" data-end=\"1015\">Th\u00f4ng tin chi ti\u1ebft th\u1ea3m l\u00f3t s\u00e0n Mazda CX-5 2018-2025<\/strong><\/p>\n<ul>\n<li data-start=\"1019\" data-end=\"1061\">Ph\u00f9 h\u1ee3p: Mazda CX-5 t\u1eeb 2018 \u0111\u1ebfn 2025<\/li>\n<li data-start=\"1064\" data-end=\"1124\">Ch\u1ea5t li\u1ec7u: TPE nguy\u00ean sinh \u2013 \u0111\u1ea1t ch\u1ee9ng ch\u1ec9 SGS ch\u00e2u \u00c2u<\/li>\n<li data-start=\"1127\" data-end=\"1175\">Ki\u1ec3u d\u00e1ng: Th\u1ea3m 5D \u00f4m s\u00e1t, g\u1edd cao to\u00e0n s\u00e0n<\/li>\n<li data-start=\"1178\" data-end=\"1268\">S\u1ed1 l\u01b0\u1ee3ng chi ti\u1ebft: Tr\u1ecdn b\u1ed9 4 chi ti\u1ebft s\u00e0n l\u00e1i, ph\u1ee5, tr\u01b0\u1edbc, sau<\/li>\n<li data-start=\"1271\" data-end=\"1307\">M\u00e0u s\u1eafc l\u1ef1a ch\u1ecdn: \u0110en<\/li>\n<li data-start=\"1310\" data-end=\"1369\">L\u1eafp \u0111\u1eb7t: Nhanh ch\u00f3ng trong 5 ph\u00fat \u2013 kh\u00f4ng c\u1ea7n d\u1ee5ng c\u1ee5<\/li>\n<li data-start=\"1372\" data-end=\"1428\">B\u1ea3o h\u00e0nh: 24 th\u00e1ng \u2013 1 \u0111\u1ed5i 1 n\u1ebfu l\u1ed7i do nh\u00e0 s\u1ea3n xu\u1ea5t<\/li>\n<\/ul>\n<p><img decoding=\"async\" class=\"size-large wp-image-2997 aligncenter\" src=\"http:\/\/khaitest.rf.gd\/wp-content\/uploads\/2025\/07\/sdt.3-19-1024x1024.jpg\" alt=\"\" width=\"1024\" height=\"1024\" srcset=\"https:\/\/topcar.vn\/wp-content\/uploads\/2025\/07\/sdt.3-19-1024x1024.jpg 1024w, https:\/\/topcar.vn\/wp-content\/uploads\/2025\/07\/sdt.3-19-300x300.jpg 300w, https:\/\/topcar.vn\/wp-content\/uploads\/2025\/07\/sdt.3-19-150x150.jpg 150w, https:\/\/topcar.vn\/wp-content\/uploads\/2025\/07\/sdt.3-19-768x768.jpg 768w, https:\/\/topcar.vn\/wp-content\/uploads\/2025\/07\/sdt.3-19-1536x1536.jpg 1536w, https:\/\/topcar.vn\/wp-content\/uploads\/2025\/07\/sdt.3-19-600x600.jpg 600w, https:\/\/topcar.vn\/wp-content\/uploads\/2025\/07\/sdt.3-19-100x100.jpg 100w, https:\/\/topcar.vn\/wp-content\/uploads\/2025\/07\/sdt.3-19.jpg 1920w\" sizes=\"(max-width: 1024px) 100vw, 1024px\" \/><\/p>\n<p data-section-id=\"16xyppf\" data-start=\"1435\" data-end=\"1458\"><strong data-start=\"1439\" data-end=\"1458\">\u01afu \u0111i\u1ec3m n\u1ed5i b\u1eadt th\u1ea3m l\u00f3t s\u00e0n Mazda CX-5 2018-2025<\/strong><\/p>\n<ul>\n<li data-start=\"1460\" data-end=\"1833\">Ch\u1ed1ng th\u1ea5m tuy\u1ec7t \u0111\u1ed1i \u2013 Kh\u00f4ng lo n\u01b0\u1edbc tr\u00e0n xu\u1ed1ng s\u00e0n xe<\/li>\n<li data-start=\"1460\" data-end=\"1833\">D\u1ec5 v\u1ec7 sinh \u2013 Lau kh\u00f4 ho\u1eb7c x\u1ecbt n\u01b0\u1edbc \u0111\u1ec1u s\u1ea1ch<\/li>\n<li data-start=\"1460\" data-end=\"1833\">Kh\u00f4ng m\u00f9i nh\u1ef1a \u2013 An to\u00e0n cho tr\u1ebb nh\u1ecf v\u00e0 ph\u1ee5 n\u1eef mang thai<\/li>\n<li data-start=\"1460\" data-end=\"1833\">Kh\u00f4ng bi\u1ebfn d\u1ea1ng \u2013 D\u00f9 g\u1eb7p n\u1eafng n\u00f3ng hay m\u00f9a \u0111\u00f4ng l\u1ea1nh<\/li>\n<li data-start=\"1460\" data-end=\"1833\">Ch\u1ed1ng tr\u01a1n tr\u01b0\u1ee3t \u2013 G\u1edd ch\u1ed1ng x\u00f4 gi\u00fap th\u1ea3m lu\u00f4n \u1ed5n \u0111\u1ecbnh<\/li>\n<li data-start=\"1460\" data-end=\"1833\">T\u0103ng t\u00ednh th\u1ea9m m\u1ef9 \u2013 Kh\u00f4ng gian n\u1ed9i th\u1ea5t g\u1ecdn g\u00e0ng, sang tr\u1ecdng h\u01a1n<\/li>\n<\/ul>\n<p><img decoding=\"async\" class=\"size-large wp-image-2998 aligncenter\" src=\"http:\/\/khaitest.rf.gd\/wp-content\/uploads\/2025\/07\/sdt.4-15-1024x1024.jpg\" alt=\"\" width=\"1024\" height=\"1024\" srcset=\"https:\/\/topcar.vn\/wp-content\/uploads\/2025\/07\/sdt.4-15-1024x1024.jpg 1024w, https:\/\/topcar.vn\/wp-content\/uploads\/2025\/07\/sdt.4-15-300x300.jpg 300w, https:\/\/topcar.vn\/wp-content\/uploads\/2025\/07\/sdt.4-15-150x150.jpg 150w, https:\/\/topcar.vn\/wp-content\/uploads\/2025\/07\/sdt.4-15-768x768.jpg 768w, https:\/\/topcar.vn\/wp-content\/uploads\/2025\/07\/sdt.4-15-1536x1536.jpg 1536w, https:\/\/topcar.vn\/wp-content\/uploads\/2025\/07\/sdt.4-15-600x600.jpg 600w, https:\/\/topcar.vn\/wp-content\/uploads\/2025\/07\/sdt.4-15-100x100.jpg 100w, https:\/\/topcar.vn\/wp-content\/uploads\/2025\/07\/sdt.4-15.jpg 1920w\" sizes=\"(max-width: 1024px) 100vw, 1024px\" \/><\/p>\n<p data-section-id=\"1002fnf\" data-start=\"1840\" data-end=\"1865\"><strong data-start=\"1844\" data-end=\"1865\">Gi\u00e1 b\u00e1n th\u1ea3m l\u00f3t s\u00e0n Mazda CX-5 2018-2025<\/strong><\/p>\n<ul>\n<li data-start=\"2237\" data-end=\"2421\"><strong data-start=\"2240\" data-end=\"2255\">Gi\u00e1 combo tr\u1ecdn b\u1ed9:<\/strong> <strong data-start=\"2256\" data-end=\"2273\">2.200.000\u0111\/b\u1ed9<\/strong><\/li>\n<li data-start=\"2237\" data-end=\"2421\"><strong>B\u00e1n l\u1ebb: 2.000.000\u0111<\/strong><\/li>\n<li data-start=\"2237\" data-end=\"2421\"><strong>Th\u1ea3m r\u1ed1i: 200.000\u0111<\/strong><\/li>\n<\/ul>\n<h2 data-section-id=\"1xfblj1\" data-start=\"2044\" data-end=\"2089\"><strong data-start=\"2047\" data-end=\"2089\">Mua th\u1ea3m l\u00f3t s\u00e0n Mazda CX-5 2018-2025 ch\u00ednh h\u00e3ng t\u1ea1i Topcar<\/strong><\/h2>\n<p data-start=\"2091\" data-end=\"2378\">T\u1ea1i Topcar, ch\u00fang t\u00f4i cam k\u1ebft cung c\u1ea5p th\u1ea3m l\u00f3t s\u00e0n TPE chu\u1ea9n form xe \u2013 ch\u00ednh h\u00e3ng 100%, mang l\u1ea1i tr\u1ea3i nghi\u1ec7m s\u1eed d\u1ee5ng an to\u00e0n, ti\u1ec7n l\u1ee3i v\u00e0 th\u1ea9m m\u1ef9 cho ng\u01b0\u1eddi d\u00f9ng. M\u1ed7i b\u1ed9 th\u1ea3m \u0111\u1ec1u \u0111\u01b0\u1ee3c \u0111o \u0111\u1ea1c v\u00e0 ki\u1ec3m \u0111\u1ecbnh th\u1ef1c t\u1ebf tr\u00ean xe Mazda CX-5 c\u00e1c \u0111\u1eddi, \u0111\u1ea3m b\u1ea3o l\u1eafp l\u00e0 v\u1eeba \u2013 d\u00f9ng l\u00e0 th\u00edch.<\/p>\n<p data-section-id=\"1xzgbut\" data-start=\"2385\" data-end=\"2414\"><strong data-start=\"2389\" data-end=\"2414\">L\u00fd do n\u00ean ch\u1ecdn th\u1ea3m l\u00f3t s\u00e0n Mazda CX-5 2018-2025 t\u1ea1i Topcar:\u00a0<\/strong><\/p>\n<ul>\n<li>Form \u0111\u00fang 100% theo t\u1eebng \u0111\u1eddi xe \u2013 kh\u00f4ng x\u00f4 l\u1ec7ch<\/li>\n<li>Nh\u1ef1a TPE nguy\u00ean sinh \u2013 kh\u00f4ng m\u00f9i, kh\u00f4ng \u0111\u1ed9c h\u1ea1i<\/li>\n<li>B\u1ea3o h\u00e0nh r\u00f5 r\u00e0ng \u2013 h\u1ed7 tr\u1ee3 sau b\u00e1n t\u1eadn t\u00e2m<\/li>\n<li>T\u01b0 v\u1ea5n t\u1eadn t\u00ecnh \u2013 giao h\u00e0ng nhanh ch\u00f3ng<\/li>\n<\/ul>\n<p><img loading=\"lazy\" decoding=\"async\" class=\"size-large wp-image-2996 aligncenter\" src=\"http:\/\/khaitest.rf.gd\/wp-content\/uploads\/2025\/07\/sdt.2-19-1024x1024.jpg\" alt=\"\" width=\"1024\" height=\"1024\" srcset=\"https:\/\/topcar.vn\/wp-content\/uploads\/2025\/07\/sdt.2-19-1024x1024.jpg 1024w, https:\/\/topcar.vn\/wp-content\/uploads\/2025\/07\/sdt.2-19-300x300.jpg 300w, https:\/\/topcar.vn\/wp-content\/uploads\/2025\/07\/sdt.2-19-150x150.jpg 150w, https:\/\/topcar.vn\/wp-content\/uploads\/2025\/07\/sdt.2-19-768x768.jpg 768w, https:\/\/topcar.vn\/wp-content\/uploads\/2025\/07\/sdt.2-19-1536x1536.jpg 1536w, https:\/\/topcar.vn\/wp-content\/uploads\/2025\/07\/sdt.2-19-600x600.jpg 600w, https:\/\/topcar.vn\/wp-content\/uploads\/2025\/07\/sdt.2-19-100x100.jpg 100w, https:\/\/topcar.vn\/wp-content\/uploads\/2025\/07\/sdt.2-19.jpg 1920w\" sizes=\"(max-width: 1024px) 100vw, 1024px\" \/><\/p>\n<p><strong>\ud83d\udcde Li\u00ean h\u1ec7 \u0111\u1eb7t h\u00e0ng:<\/strong><\/p>\n<ul>\n<li data-start=\"2794\" data-end=\"2828\"><strong data-start=\"2794\" data-end=\"2813\">Hotline \/ Zalo:<\/strong> 0889.385.222<\/li>\n<li data-start=\"2831\" data-end=\"2906\"><strong data-start=\"2831\" data-end=\"2843\">\u0110\u1ecba ch\u1ec9:<\/strong> S\u1ed1 9 BT2, Khu \u0111\u00f4 th\u1ecb Foresa Xu\u00e2n Ph\u01b0\u01a1ng, Nam T\u1eeb Li\u00eam, H\u00e0 N\u1ed9i<\/li>\n<li data-start=\"2909\" data-end=\"2960\"><strong data-start=\"2909\" data-end=\"2921\">Website:<\/strong> <a class=\"\" href=\"https:\/\/Topcar.vn\" target=\"_new\" rel=\"noopener\" data-start=\"2922\" data-end=\"2960\">https:\/\/Topcar.vn<\/a><\/li>\n<\/ul>\n<\/div>\n<\/div>\n<\/div>\n<\/div>\n<\/div>\n<\/div>\n<\/article>\n","protected":false},"excerpt":{"rendered":"<ul>\n<li>Mi\u1ec5n ph\u00ed giao h\u00e0ng to\u00e0n qu\u1ed1c<\/li>\n<li>Nh\u1eadn h\u00e0ng &gt; L\u1eafp \u0111\u1eb7t &gt; Thanh to\u00e1n<\/li>\n<li>B\u1ea3o h\u00e0nh 5 n\u0103m<\/li>\n<\/ul>\n","protected":false},"featured_media":2993,"comment_status":"closed","ping_status":"closed","template":"","meta":{"site-sidebar-layout":"no-sidebar","site-content-layout":"content-boxed-container","ast-site-content-layout":"normal-width-container","site-content-style":"boxed","site-sidebar-style":"unboxed","ast-global-header-display":"","ast-banner-title-visibility":"","ast-main-header-display":"","ast-hfb-above-header-display":"","ast-hfb-below-header-display":"","ast-hfb-mobile-header-display":"","site-post-title":"","ast-breadcrumbs-content":"","ast-featured-img":"","footer-sml-layout":"","ast-disable-related-posts":"","theme-transparent-header-meta":"default","adv-header-id-meta":"","stick-header-meta":"","header-above-stick-meta":"","header-main-stick-meta":"","header-below-stick-meta":"","astra-migrate-meta-layouts":"set","ast-page-background-enabled":"default","ast-page-background-meta":{"desktop":{"background-color":"var(--ast-global-color-4)","background-image":"","background-repeat":"repeat","background-position":"center center","background-size":"auto","background-attachment":"scroll","background-type":"","background-media":"","overlay-type":"","overlay-color":"","overlay-opacity":"","overlay-gradient":""},"tablet":{"background-color":"","background-image":"","background-repeat":"repeat","background-position":"center center","background-size":"auto","background-attachment":"scroll","background-type":"","background-media":"","overlay-type":"","overlay-color":"","overlay-opacity":"","overlay-gradient":""},"mobile":{"background-color":"","background-image":"","background-repeat":"repeat","background-position":"center center","background-size":"auto","background-attachment":"scroll","background-type":"","background-media":"","overlay-type":"","overlay-color":"","overlay-opacity":"","overlay-gradient":""}},"ast-content-background-meta":{"desktop":{"background-color":"var(--ast-global-color-5)","background-image":"","background-repeat":"repeat","background-position":"center center","background-size":"auto","background-attachment":"scroll","background-type":"","background-media":"","overlay-type":"","overlay-color":"","overlay-opacity":"","overlay-gradient":""},"tablet":{"background-color":"var(--ast-global-color-5)","background-image":"","background-repeat":"repeat","background-position":"center center","background-size":"auto","background-attachment":"scroll","background-type":"","background-media":"","overlay-type":"","overlay-color":"","overlay-opacity":"","overlay-gradient":""},"mobile":{"background-color":"var(--ast-global-color-5)","background-image":"","background-repeat":"repeat","background-position":"center center","background-size":"auto","background-attachment":"scroll","background-type":"","background-media":"","overlay-type":"","overlay-color":"","overlay-opacity":"","overlay-gradient":""}}},"product_brand":[],"product_cat":[50,43],"product_tag":[322,321,78,308,77,151,75,76],"class_list":{"0":"post-2258","1":"product","2":"type-product","3":"status-publish","4":"has-post-thumbnail","6":"product_cat-tham-lot-san-o-to-mazda","7":"product_cat-tham-lot-san-o-to","8":"product_tag-tham-lot-san-mazda-3-2016","9":"product_tag-tham-lot-san-mazda-3-2018","10":"product_tag-tham-lot-san-o-to-cao-su-duc","11":"product_tag-tham-lot-san-o-to-chong-on","12":"product_tag-tham-lot-san-o-to-nhua-duc","13":"product_tag-tham-lot-san-o-to-pvc","14":"product_tag-tham-lot-san-o-to-tot-nhat-hien-nay","15":"product_tag-tham-lot-san-o-to-tpe","16":"desktop-align-left","17":"tablet-align-left","18":"mobile-align-left","20":"first","21":"instock","22":"shipping-taxable","23":"purchasable","24":"product-type-variable"},"_links":{"self":[{"href":"https:\/\/topcar.vn\/index.php?rest_route=\/wp\/v2\/product\/2258","targetHints":{"allow":["GET"]}}],"collection":[{"href":"https:\/\/topcar.vn\/index.php?rest_route=\/wp\/v2\/product"}],"about":[{"href":"https:\/\/topcar.vn\/index.php?rest_route=\/wp\/v2\/types\/product"}],"replies":[{"embeddable":true,"href":"https:\/\/topcar.vn\/index.php?rest_route=%2Fwp%2Fv2%2Fcomments&post=2258"}],"version-history":[{"count":5,"href":"https:\/\/topcar.vn\/index.php?rest_route=\/wp\/v2\/product\/2258\/revisions"}],"predecessor-version":[{"id":3155,"href":"https:\/\/topcar.vn\/index.php?rest_route=\/wp\/v2\/product\/2258\/revisions\/3155"}],"wp:featuredmedia":[{"embeddable":true,"href":"https:\/\/topcar.vn\/index.php?rest_route=\/wp\/v2\/media\/2993"}],"wp:attachment":[{"href":"https:\/\/topcar.vn\/index.php?rest_route=%2Fwp%2Fv2%2Fmedia&parent=2258"}],"wp:term":[{"taxonomy":"product_brand","embeddable":true,"href":"https:\/\/topcar.vn\/index.php?rest_route=%2Fwp%2Fv2%2Fproduct_brand&post=2258"},{"taxonomy":"product_cat","embeddable":true,"href":"https:\/\/topcar.vn\/index.php?rest_route=%2Fwp%2Fv2%2Fproduct_cat&post=2258"},{"taxonomy":"product_tag","embeddable":true,"href":"https:\/\/topcar.vn\/index.php?rest_route=%2Fwp%2Fv2%2Fproduct_tag&post=2258"}],"curies":[{"name":"wp","href":"https:\/\/api.w.org\/{rel}","templated":true}]}}