{"id":2255,"date":"2025-07-29T11:47:43","date_gmt":"2025-07-29T04:47:43","guid":{"rendered":"http:\/\/khaitest.rf.gd\/?post_type=product&#038;p=2255"},"modified":"2025-12-08T11:01:05","modified_gmt":"2025-12-08T04:01:05","slug":"tham-lot-san-mazda-cx-8-2018-2025","status":"publish","type":"product","link":"https:\/\/topcar.vn\/?product=tham-lot-san-mazda-cx-8-2018-2025","title":{"rendered":"Th\u1ea3m l\u00f3t s\u00e0n MAZDA CX-8 2018-2025"},"content":{"rendered":"<article class=\"text-token-text-primary w-full\" dir=\"auto\" data-testid=\"conversation-turn-10\" data-scroll-anchor=\"true\">\n<div class=\"text-base my-auto mx-auto pb-10 [--thread-content-margin:--spacing(4)] @[37rem]:[--thread-content-margin:--spacing(6)] @[72rem]:[--thread-content-margin:--spacing(16)] px-(--thread-content-margin)\">\n<div class=\"[--thread-content-max-width:32rem] @[34rem]:[--thread-content-max-width:40rem] @[64rem]:[--thread-content-max-width:48rem] mx-auto max-w-(--thread-content-max-width) flex-1 group\/turn-messages focus-visible:outline-hidden relative flex w-full min-w-0 flex-col agent-turn\" tabindex=\"-1\">\n<div class=\"flex max-w-full flex-col grow\">\n<div class=\"min-h-8 text-message relative flex w-full flex-col items-end gap-2 text-start break-words whitespace-normal [.text-message+&amp;]:mt-5\" dir=\"auto\" data-message-author-role=\"assistant\" data-message-id=\"6ee8a93f-7fdb-4c7e-b8bb-2a874c3d517b\" data-message-model-slug=\"gpt-4o\">\n<div class=\"flex w-full flex-col gap-1 empty:hidden first:pt-[3px]\">\n<div class=\"markdown prose dark:prose-invert w-full break-words light\">\n<p data-section-id=\"11623ne\" data-start=\"182\" data-end=\"252\"><strong><em>Th\u1ea3m l\u00f3t s\u00e0n MAZDA CX-8 2018-2025 b\u1ea3o v\u1ec7 n\u1ed9i th\u1ea5t, n\u00e2ng t\u1ea7m tr\u1ea3i nghi\u1ec7m. Mazda CX-8 l\u00e0 d\u00f2ng SUV 7 ch\u1ed7 \u0111\u01b0\u1ee3c y\u00eau th\u00edch nh\u1edd thi\u1ebft k\u1ebf th\u1eddi th\u01b0\u1ee3ng, r\u1ed9ng r\u00e3i v\u00e0 ti\u1ec7n nghi. \u0110\u1ec3 gi\u1eef cho kh\u00f4ng gian n\u1ed9i th\u1ea5t lu\u00f4n s\u1ea1ch s\u1ebd, b\u1ec1n \u0111\u1eb9p theo th\u1eddi gian, vi\u1ec7c trang b\u1ecb th\u1ea3m l\u00f3t s\u00e0n nh\u1ef1a TPE nguy\u00ean sinh chu\u1ea9n qu\u1ed1c t\u1ebf l\u00e0 l\u1ef1a ch\u1ecdn th\u00f4ng minh, ph\u00f9 h\u1ee3p v\u1edbi ti\u00eau chu\u1ea9n c\u1ee7a d\u00f2ng xe cao c\u1ea5p n\u00e0y.<\/em><\/strong><\/p>\n<h2 data-section-id=\"1xicj30\" data-start=\"560\" data-end=\"586\"><strong data-start=\"563\" data-end=\"586\">Gi\u1edbi thi\u1ec7u s\u1ea3n ph\u1ea9m<\/strong><\/h2>\n<p data-start=\"588\" data-end=\"904\">Th\u1ea3m l\u00f3t s\u00e0n MAZDA CX-8 2018-2025 \u0111\u01b0\u1ee3c thi\u1ebft k\u1ebf chuy\u00ean bi\u1ec7t cho Mazda CX-8 (\u0111\u1eddi 2018\u20132025), s\u1ea3n xu\u1ea5t t\u1eeb nh\u1ef1a TPE nguy\u00ean sinh cao c\u1ea5p, an to\u00e0n tuy\u1ec7t \u0111\u1ed1i cho s\u1ee9c kh\u1ecfe ng\u01b0\u1eddi d\u00f9ng. V\u1edbi thi\u1ebft k\u1ebf \u0111o ni \u0111\u00f3ng gi\u00e0y t\u1eebng chi ti\u1ebft s\u00e0n xe, s\u1ea3n ph\u1ea9m mang l\u1ea1i \u0111\u1ed9 kh\u00edt s\u00e1t ho\u00e0n h\u1ea3o, b\u1ea3o v\u1ec7 to\u00e0n di\u1ec7n m\u1ecdi khu v\u1ef1c d\u1ec5 b\u00e1m b\u1ee5i b\u1ea9n, n\u01b0\u1edbc hay m\u00f9i \u1ea9m m\u1ed1c.<\/p>\n<figure id=\"attachment_3000\" aria-describedby=\"caption-attachment-3000\" style=\"width: 1024px\" class=\"wp-caption aligncenter\"><img fetchpriority=\"high\" decoding=\"async\" class=\"wp-image-3000 size-large\" src=\"http:\/\/khaitest.rf.gd\/wp-content\/uploads\/2025\/07\/sdt.1-20-1024x1024.jpg\" alt=\"Th\u1ea3m l\u00f3t s\u00e0n MAZDA CX-8 2018-2025\" width=\"1024\" height=\"1024\" srcset=\"https:\/\/topcar.vn\/wp-content\/uploads\/2025\/07\/sdt.1-20-1024x1024.jpg 1024w, https:\/\/topcar.vn\/wp-content\/uploads\/2025\/07\/sdt.1-20-300x300.jpg 300w, https:\/\/topcar.vn\/wp-content\/uploads\/2025\/07\/sdt.1-20-150x150.jpg 150w, https:\/\/topcar.vn\/wp-content\/uploads\/2025\/07\/sdt.1-20-768x768.jpg 768w, https:\/\/topcar.vn\/wp-content\/uploads\/2025\/07\/sdt.1-20-1536x1536.jpg 1536w, https:\/\/topcar.vn\/wp-content\/uploads\/2025\/07\/sdt.1-20-600x600.jpg 600w, https:\/\/topcar.vn\/wp-content\/uploads\/2025\/07\/sdt.1-20-100x100.jpg 100w, https:\/\/topcar.vn\/wp-content\/uploads\/2025\/07\/sdt.1-20.jpg 1920w\" sizes=\"(max-width: 1024px) 100vw, 1024px\" \/><figcaption id=\"caption-attachment-3000\" class=\"wp-caption-text\">Th\u1ea3m l\u00f3t s\u00e0n MAZDA CX-8 2018-2025<\/figcaption><\/figure>\n<h3 data-section-id=\"t7l1pc\" data-start=\"911\" data-end=\"937\"><strong data-start=\"915\" data-end=\"937\">Th\u00f4ng tin chi ti\u1ebft th\u1ea3m l\u00f3t s\u00e0n MAZDA CX-8 2018-2025\u00a0<\/strong><\/h3>\n<ul>\n<li data-start=\"941\" data-end=\"995\">D\u00f2ng xe \u00e1p d\u1ee5ng: Mazda CX-8 \u0111\u1eddi t\u1eeb 2018 \u0111\u1ebfn 2025<\/li>\n<li data-start=\"998\" data-end=\"1061\">Ch\u1ea5t li\u1ec7u: TPE nguy\u00ean sinh \u0111\u1ea1t ti\u00eau chu\u1ea9n an to\u00e0n ch\u00e2u \u00c2u<\/li>\n<li data-start=\"1064\" data-end=\"1118\">C\u1ea5u t\u1ea1o: Th\u1ea3m 5D\u00a0 \u2013 full s\u00e0n<\/li>\n<li data-start=\"1121\" data-end=\"1159\">T\u00f9y ch\u1ecdn m\u00e0u s\u1eafc<\/li>\n<li data-start=\"1162\" data-end=\"1223\">Th\u1eddi gian l\u1eafp \u0111\u1eb7t: D\u1ec5 d\u00e0ng t\u1ef1 th\u1ef1c hi\u1ec7n trong 5\u201310 ph\u00fat<\/li>\n<li data-start=\"1226\" data-end=\"1272\">B\u1ea3o h\u00e0nh: 5 n\u0103m \u2013 \u0111\u1ed5i m\u1edbi n\u1ebfu l\u1ed7i k\u1ef9 thu\u1eadt<\/li>\n<\/ul>\n<p><img decoding=\"async\" class=\"size-large wp-image-3002 aligncenter\" src=\"http:\/\/khaitest.rf.gd\/wp-content\/uploads\/2025\/07\/sdt.3-20-1024x1024.jpg\" alt=\"\" width=\"1024\" height=\"1024\" srcset=\"https:\/\/topcar.vn\/wp-content\/uploads\/2025\/07\/sdt.3-20-1024x1024.jpg 1024w, https:\/\/topcar.vn\/wp-content\/uploads\/2025\/07\/sdt.3-20-300x300.jpg 300w, https:\/\/topcar.vn\/wp-content\/uploads\/2025\/07\/sdt.3-20-150x150.jpg 150w, https:\/\/topcar.vn\/wp-content\/uploads\/2025\/07\/sdt.3-20-768x768.jpg 768w, https:\/\/topcar.vn\/wp-content\/uploads\/2025\/07\/sdt.3-20-1536x1536.jpg 1536w, https:\/\/topcar.vn\/wp-content\/uploads\/2025\/07\/sdt.3-20-600x600.jpg 600w, https:\/\/topcar.vn\/wp-content\/uploads\/2025\/07\/sdt.3-20-100x100.jpg 100w, https:\/\/topcar.vn\/wp-content\/uploads\/2025\/07\/sdt.3-20.jpg 1920w\" sizes=\"(max-width: 1024px) 100vw, 1024px\" \/><\/p>\n<h3 data-section-id=\"16xyppf\" data-start=\"1279\" data-end=\"1302\"><strong data-start=\"1283\" data-end=\"1302\">\u01afu \u0111i\u1ec3m n\u1ed5i b\u1eadt th\u1ea3m l\u00f3t s\u00e0n MAZDA CX-8 2018-2025\u00a0<\/strong><\/h3>\n<ul>\n<li data-start=\"1304\" data-end=\"1702\">Kh\u00f4ng th\u1ea5m n\u01b0\u1edbc, kh\u00f4ng \u1ea9m m\u1ed1c \u2013 th\u00edch h\u1ee3p cho kh\u00ed h\u1eadu \u1ea9m Vi\u1ec7t Nam<\/li>\n<li data-start=\"1304\" data-end=\"1702\">Kh\u00f4ng m\u00f9i nh\u1ef1a, an to\u00e0n v\u1edbi tr\u1ebb nh\u1ecf v\u00e0 ng\u01b0\u1eddi nh\u1ea1y c\u1ea3m<\/li>\n<li data-start=\"1304\" data-end=\"1702\">D\u1ec5 v\u1ec7 sinh, ch\u1ec9 c\u1ea7n x\u1ecbt n\u01b0\u1edbc ho\u1eb7c lau kh\u0103n l\u00e0 s\u1ea1ch nh\u01b0 m\u1edbi<\/li>\n<li data-start=\"1304\" data-end=\"1702\">G\u1edd cao ch\u1ed1ng tr\u00e0n, ng\u0103n b\u1ee5i b\u1ea9n l\u1ecdt xu\u1ed1ng s\u00e0n xe<\/li>\n<li data-start=\"1304\" data-end=\"1702\">Ch\u1ed1ng tr\u01b0\u1ee3t tuy\u1ec7t \u0111\u1ed1i, kh\u00f4ng x\u00f4 l\u1ec7ch khi s\u1eed d\u1ee5ng<\/li>\n<li data-start=\"1304\" data-end=\"1702\">Kh\u00f4ng bi\u1ebfn d\u1ea1ng, ch\u1ecbu nhi\u1ec7t t\u1ed1t \u2013 th\u00edch h\u1ee3p c\u1ea3 tr\u1eddi n\u00f3ng l\u1eabn m\u00f9a l\u1ea1nh<\/li>\n<\/ul>\n<h3 data-section-id=\"1002fnf\" data-start=\"1709\" data-end=\"1734\"><strong data-start=\"1713\" data-end=\"1734\">Gi\u00e1 b\u00e1n tham kh\u1ea3o th\u1ea3m l\u00f3t s\u00e0n MAZDA CX-8 2018-2025\u00a0<\/strong><\/h3>\n<\/div>\n<ul>\n<li data-start=\"2237\" data-end=\"2421\"><strong data-start=\"2240\" data-end=\"2255\">Gi\u00e1 combo tr\u1ecdn b\u1ed9:<\/strong> <strong data-start=\"2256\" data-end=\"2273\">2.500.000\u0111\/b\u1ed9<\/strong><\/li>\n<li data-start=\"2237\" data-end=\"2421\"><strong>B\u00e1n l\u1ebb: 2.250.000\u0111<\/strong><\/li>\n<li data-start=\"2237\" data-end=\"2421\"><strong>Th\u1ea3m r\u1ed1i: 250.000\u0111<\/strong><\/li>\n<\/ul>\n<p><img decoding=\"async\" class=\"size-large wp-image-3001 aligncenter\" src=\"http:\/\/khaitest.rf.gd\/wp-content\/uploads\/2025\/07\/sdt.2-20-1024x1024.jpg\" alt=\"\" width=\"1024\" height=\"1024\" srcset=\"https:\/\/topcar.vn\/wp-content\/uploads\/2025\/07\/sdt.2-20-1024x1024.jpg 1024w, https:\/\/topcar.vn\/wp-content\/uploads\/2025\/07\/sdt.2-20-300x300.jpg 300w, https:\/\/topcar.vn\/wp-content\/uploads\/2025\/07\/sdt.2-20-150x150.jpg 150w, https:\/\/topcar.vn\/wp-content\/uploads\/2025\/07\/sdt.2-20-768x768.jpg 768w, https:\/\/topcar.vn\/wp-content\/uploads\/2025\/07\/sdt.2-20-1536x1536.jpg 1536w, https:\/\/topcar.vn\/wp-content\/uploads\/2025\/07\/sdt.2-20-600x600.jpg 600w, https:\/\/topcar.vn\/wp-content\/uploads\/2025\/07\/sdt.2-20-100x100.jpg 100w, https:\/\/topcar.vn\/wp-content\/uploads\/2025\/07\/sdt.2-20.jpg 1920w\" sizes=\"(max-width: 1024px) 100vw, 1024px\" \/><\/p>\n<div class=\"markdown prose dark:prose-invert w-full break-words light\">\n<h2 data-section-id=\"1xfblj1\" data-start=\"1933\" data-end=\"1978\"><strong data-start=\"1936\" data-end=\"1978\">Mua Th\u1ea3m l\u00f3t s\u00e0n MAZDA CX-8 2018-2025 ch\u00ednh h\u00e3ng t\u1ea1i Topcar<\/strong><\/h2>\n<p data-start=\"1980\" data-end=\"2366\">Topcar l\u00e0 \u0111\u01a1n v\u1ecb ph\u00e2n ph\u1ed1i th\u1ea3m l\u00f3t s\u00e0n TPE ch\u00ednh h\u00e3ng, form chu\u1ea9n tuy\u1ec7t \u0111\u1ed1i theo t\u1eebng d\u00f2ng xe. Ch\u00fang t\u00f4i cam k\u1ebft kh\u00f4ng b\u00e1n h\u00e0ng tr\u00f4i n\u1ed5i, k\u00e9m ch\u1ea5t l\u01b0\u1ee3ng. S\u1ea3n ph\u1ea9m t\u1ea1i Topcar kh\u00f4ng ch\u1ec9 gi\u00fap b\u1ea3o v\u1ec7 s\u00e0n xe m\u00e0 c\u00f2n t\u0103ng t\u00ednh th\u1ea9m m\u1ef9, n\u00e2ng t\u1ea7m kh\u00f4ng gian n\u1ed9i th\u1ea5t c\u1ee7a Mazda CX-8, \u0111\u1eb7c bi\u1ec7t ph\u00f9 h\u1ee3p v\u1edbi nh\u1eefng kh\u00e1ch h\u00e0ng y\u00eau th\u00edch s\u1ef1 ch\u1ec9n chu, s\u1ea1ch s\u1ebd v\u00e0 ti\u1ec7n nghi trong t\u1eebng chuy\u1ebfn \u0111i.<\/p>\n<p data-section-id=\"10rhoun\" data-start=\"2373\" data-end=\"2398\"><strong data-start=\"2377\" data-end=\"2398\">L\u00fd do ch\u1ecdn Topcar<\/strong><\/p>\n<ul>\n<li data-start=\"2400\" data-end=\"2621\">Form chu\u1ea9n t\u1eebng \u0111\u1eddi xe \u2013 kh\u00f4ng c\u1ea7n c\u1eaft ch\u1ec9nh<\/li>\n<li data-start=\"2400\" data-end=\"2621\">Ch\u1ea5t li\u1ec7u TPE nguy\u00ean sinh an to\u00e0n tuy\u1ec7t \u0111\u1ed1i<\/li>\n<li data-start=\"2400\" data-end=\"2621\">Ch\u00ednh s\u00e1ch b\u1ea3o h\u00e0nh r\u00f5 r\u00e0ng \u2013 \u0111\u1ed5i tr\u1ea3 linh ho\u1ea1t<\/li>\n<li data-start=\"2400\" data-end=\"2621\">H\u1ed7 tr\u1ee3 t\u01b0 v\u1ea5n ch\u1ecdn th\u1ea3m theo \u0111\u00fang \u0111\u1eddi xe, m\u00e0u n\u1ed9i th\u1ea5t<\/li>\n<\/ul>\n<p><strong>\ud83d\udcde Li\u00ean h\u1ec7 \u0111\u1eb7t h\u00e0ng:<\/strong><\/p>\n<ul>\n<li data-start=\"2794\" data-end=\"2828\"><strong data-start=\"2794\" data-end=\"2813\">Hotline \/ Zalo:<\/strong> 0889.385.222<\/li>\n<li data-start=\"2831\" data-end=\"2906\"><strong data-start=\"2831\" data-end=\"2843\">\u0110\u1ecba ch\u1ec9:<\/strong> S\u1ed1 9 BT2, Khu \u0111\u00f4 th\u1ecb Foresa Xu\u00e2n Ph\u01b0\u01a1ng, Nam T\u1eeb Li\u00eam, H\u00e0 N\u1ed9i<\/li>\n<li data-start=\"2909\" data-end=\"2960\"><strong data-start=\"2909\" data-end=\"2921\">Website:<\/strong> <a class=\"\" href=\"https:\/\/Topcar.vn\" target=\"_new\" rel=\"noopener\" data-start=\"2922\" data-end=\"2960\">https:\/\/Topcar.vn<\/a><\/li>\n<\/ul>\n<\/div>\n<\/div>\n<\/div>\n<\/div>\n<\/div>\n<\/div>\n<\/article>\n","protected":false},"excerpt":{"rendered":"<ul>\n<li>Mi\u1ec5n ph\u00ed giao h\u00e0ng to\u00e0n qu\u1ed1c<\/li>\n<li>Nh\u1eadn h\u00e0ng &gt; L\u1eafp \u0111\u1eb7t &gt; Thanh to\u00e1n<\/li>\n<li>B\u1ea3o h\u00e0nh 5 n\u0103m<\/li>\n<\/ul>\n","protected":false},"featured_media":3004,"comment_status":"closed","ping_status":"closed","template":"","meta":{"site-sidebar-layout":"no-sidebar","site-content-layout":"content-boxed-container","ast-site-content-layout":"normal-width-container","site-content-style":"boxed","site-sidebar-style":"unboxed","ast-global-header-display":"","ast-banner-title-visibility":"","ast-main-header-display":"","ast-hfb-above-header-display":"","ast-hfb-below-header-display":"","ast-hfb-mobile-header-display":"","site-post-title":"","ast-breadcrumbs-content":"","ast-featured-img":"","footer-sml-layout":"","ast-disable-related-posts":"","theme-transparent-header-meta":"default","adv-header-id-meta":"","stick-header-meta":"","header-above-stick-meta":"","header-main-stick-meta":"","header-below-stick-meta":"","astra-migrate-meta-layouts":"set","ast-page-background-enabled":"default","ast-page-background-meta":{"desktop":{"background-color":"var(--ast-global-color-4)","background-image":"","background-repeat":"repeat","background-position":"center center","background-size":"auto","background-attachment":"scroll","background-type":"","background-media":"","overlay-type":"","overlay-color":"","overlay-opacity":"","overlay-gradient":""},"tablet":{"background-color":"","background-image":"","background-repeat":"repeat","background-position":"center center","background-size":"auto","background-attachment":"scroll","background-type":"","background-media":"","overlay-type":"","overlay-color":"","overlay-opacity":"","overlay-gradient":""},"mobile":{"background-color":"","background-image":"","background-repeat":"repeat","background-position":"center center","background-size":"auto","background-attachment":"scroll","background-type":"","background-media":"","overlay-type":"","overlay-color":"","overlay-opacity":"","overlay-gradient":""}},"ast-content-background-meta":{"desktop":{"background-color":"var(--ast-global-color-5)","background-image":"","background-repeat":"repeat","background-position":"center center","background-size":"auto","background-attachment":"scroll","background-type":"","background-media":"","overlay-type":"","overlay-color":"","overlay-opacity":"","overlay-gradient":""},"tablet":{"background-color":"var(--ast-global-color-5)","background-image":"","background-repeat":"repeat","background-position":"center center","background-size":"auto","background-attachment":"scroll","background-type":"","background-media":"","overlay-type":"","overlay-color":"","overlay-opacity":"","overlay-gradient":""},"mobile":{"background-color":"var(--ast-global-color-5)","background-image":"","background-repeat":"repeat","background-position":"center center","background-size":"auto","background-attachment":"scroll","background-type":"","background-media":"","overlay-type":"","overlay-color":"","overlay-opacity":"","overlay-gradient":""}}},"product_brand":[],"product_cat":[50,43],"product_tag":[322,321,78,308,77,151,75,76],"class_list":{"0":"post-2255","1":"product","2":"type-product","3":"status-publish","4":"has-post-thumbnail","6":"product_cat-tham-lot-san-o-to-mazda","7":"product_cat-tham-lot-san-o-to","8":"product_tag-tham-lot-san-mazda-3-2016","9":"product_tag-tham-lot-san-mazda-3-2018","10":"product_tag-tham-lot-san-o-to-cao-su-duc","11":"product_tag-tham-lot-san-o-to-chong-on","12":"product_tag-tham-lot-san-o-to-nhua-duc","13":"product_tag-tham-lot-san-o-to-pvc","14":"product_tag-tham-lot-san-o-to-tot-nhat-hien-nay","15":"product_tag-tham-lot-san-o-to-tpe","16":"desktop-align-left","17":"tablet-align-left","18":"mobile-align-left","20":"first","21":"instock","22":"shipping-taxable","23":"purchasable","24":"product-type-variable"},"_links":{"self":[{"href":"https:\/\/topcar.vn\/index.php?rest_route=\/wp\/v2\/product\/2255","targetHints":{"allow":["GET"]}}],"collection":[{"href":"https:\/\/topcar.vn\/index.php?rest_route=\/wp\/v2\/product"}],"about":[{"href":"https:\/\/topcar.vn\/index.php?rest_route=\/wp\/v2\/types\/product"}],"replies":[{"embeddable":true,"href":"https:\/\/topcar.vn\/index.php?rest_route=%2Fwp%2Fv2%2Fcomments&post=2255"}],"version-history":[{"count":4,"href":"https:\/\/topcar.vn\/index.php?rest_route=\/wp\/v2\/product\/2255\/revisions"}],"predecessor-version":[{"id":3005,"href":"https:\/\/topcar.vn\/index.php?rest_route=\/wp\/v2\/product\/2255\/revisions\/3005"}],"wp:featuredmedia":[{"embeddable":true,"href":"https:\/\/topcar.vn\/index.php?rest_route=\/wp\/v2\/media\/3004"}],"wp:attachment":[{"href":"https:\/\/topcar.vn\/index.php?rest_route=%2Fwp%2Fv2%2Fmedia&parent=2255"}],"wp:term":[{"taxonomy":"product_brand","embeddable":true,"href":"https:\/\/topcar.vn\/index.php?rest_route=%2Fwp%2Fv2%2Fproduct_brand&post=2255"},{"taxonomy":"product_cat","embeddable":true,"href":"https:\/\/topcar.vn\/index.php?rest_route=%2Fwp%2Fv2%2Fproduct_cat&post=2255"},{"taxonomy":"product_tag","embeddable":true,"href":"https:\/\/topcar.vn\/index.php?rest_route=%2Fwp%2Fv2%2Fproduct_tag&post=2255"}],"curies":[{"name":"wp","href":"https:\/\/api.w.org\/{rel}","templated":true}]}}