{"id":2253,"date":"2025-07-29T11:40:08","date_gmt":"2025-07-29T04:40:08","guid":{"rendered":"http:\/\/khaitest.rf.gd\/?post_type=product&#038;p=2253"},"modified":"2025-12-05T15:09:09","modified_gmt":"2025-12-05T08:09:09","slug":"tham-lot-san-mazda-cx-3-2018-2023","status":"publish","type":"product","link":"https:\/\/topcar.vn\/?product=tham-lot-san-mazda-cx-3-2018-2023","title":{"rendered":"Th\u1ea3m l\u00f3t s\u00e0n MAZDA CX-3 2018-2023"},"content":{"rendered":"<article class=\"text-token-text-primary w-full\" dir=\"auto\" data-testid=\"conversation-turn-10\" data-scroll-anchor=\"true\">\n<div class=\"text-base my-auto mx-auto pb-10 [--thread-content-margin:--spacing(4)] @[37rem]:[--thread-content-margin:--spacing(6)] @[72rem]:[--thread-content-margin:--spacing(16)] px-(--thread-content-margin)\">\n<div class=\"[--thread-content-max-width:32rem] @[34rem]:[--thread-content-max-width:40rem] @[64rem]:[--thread-content-max-width:48rem] mx-auto max-w-(--thread-content-max-width) flex-1 group\/turn-messages focus-visible:outline-hidden relative flex w-full min-w-0 flex-col agent-turn\" tabindex=\"-1\">\n<div class=\"flex max-w-full flex-col grow\">\n<div class=\"min-h-8 text-message relative flex w-full flex-col items-end gap-2 text-start break-words whitespace-normal [.text-message+&amp;]:mt-5\" dir=\"auto\" data-message-author-role=\"assistant\" data-message-id=\"6ee8a93f-7fdb-4c7e-b8bb-2a874c3d517b\" data-message-model-slug=\"gpt-4o\">\n<div class=\"flex w-full flex-col gap-1 empty:hidden first:pt-[3px]\">\n<div class=\"markdown prose dark:prose-invert w-full break-words light\">\n<p data-section-id=\"1bwdksd\" data-start=\"149\" data-end=\"225\"><em><strong>Th\u1ea3m l\u00f3t s\u00e0n Mazda CX-3. Ph\u1ee5 ki\u1ec7n thi\u1ebft y\u1ebfu, b\u1ea3o v\u1ec7 s\u00e0n xe to\u00e0n di\u1ec7n. Mazda CX-3 n\u1ed5i b\u1eadt v\u1edbi thi\u1ebft k\u1ebf nh\u1ecf g\u1ecdn, n\u0103ng \u0111\u1ed9ng v\u00e0 phong c\u00e1ch sang tr\u1ecdng. \u0110\u1ec3 gi\u1eef g\u00ecn v\u1ebb \u0111\u1eb9p n\u1ed9i th\u1ea5t v\u00e0 \u0111\u1ea3m b\u1ea3o s\u1ef1 s\u1ea1ch s\u1ebd trong qu\u00e1 tr\u00ecnh s\u1eed d\u1ee5ng, th\u1ea3m l\u00f3t s\u00e0n TPE nguy\u00ean sinh chu\u1ea9n qu\u1ed1c t\u1ebf l\u00e0 l\u1ef1a ch\u1ecdn th\u00f4ng minh cho ch\u1ee7 xe y\u00eau th\u00edch s\u1ef1 ch\u1ec9n chu v\u00e0 ti\u1ec7n d\u1ee5ng.<\/strong><\/em><\/p>\n<h2 data-section-id=\"1xicj30\" data-start=\"501\" data-end=\"527\"><strong data-start=\"504\" data-end=\"527\">Gi\u1edbi thi\u1ec7u s\u1ea3n ph\u1ea9m<\/strong> t<strong>h\u1ea3m l\u00f3t s\u00e0n Mazda CX-3<\/strong><\/h2>\n<p data-start=\"529\" data-end=\"812\">Th\u1ea3m l\u00f3t s\u00e0n Mazda CX-3 \u0111\u01b0\u1ee3c \u0111\u00fac nguy\u00ean kh\u1ed1i theo form s\u00e0n nguy\u00ean b\u1ea3n, gi\u00fap \u00f4m kh\u00edt t\u1eebng g\u00f3c c\u1ea1nh m\u00e0 kh\u00f4ng c\u1ea7n ch\u1ec9nh s\u1eeda. Ch\u1ea5t li\u1ec7u TPE nguy\u00ean sinh cao c\u1ea5p, kh\u00f4ng pha t\u1ea1p, kh\u00f4ng m\u00f9i, \u0111\u1ea1t chu\u1ea9n RoHS v\u00e0 REACH \u2013 tuy\u1ec7t \u0111\u1ed1i an to\u00e0n cho ng\u01b0\u1eddi s\u1eed d\u1ee5ng, k\u1ec3 c\u1ea3 tr\u1ebb nh\u1ecf.<\/p>\n<figure id=\"attachment_2760\" aria-describedby=\"caption-attachment-2760\" style=\"width: 1024px\" class=\"wp-caption aligncenter\"><img fetchpriority=\"high\" decoding=\"async\" class=\"wp-image-2760 size-large\" title=\"Th\u1ea3m l\u00f3t s\u00e0n MAZDA CX-3 2018-2023\" src=\"http:\/\/khaitest.rf.gd\/wp-content\/uploads\/2025\/07\/AnyConv.com__1-1024x1024.webp\" alt=\"Th\u1ea3m l\u00f3t s\u00e0n MAZDA CX-3 2018-2023 Ch\u1ed1ng b\u1ea9n v\u00e0 ch\u1ed1ng n\u01b0\u1edbc tuy\u1ec7t \u0111\u1ed1i. \" width=\"1024\" height=\"1024\" srcset=\"https:\/\/topcar.vn\/wp-content\/uploads\/2025\/07\/AnyConv.com__1-1024x1024.webp 1024w, https:\/\/topcar.vn\/wp-content\/uploads\/2025\/07\/AnyConv.com__1-300x300.webp 300w, https:\/\/topcar.vn\/wp-content\/uploads\/2025\/07\/AnyConv.com__1-150x150.webp 150w, https:\/\/topcar.vn\/wp-content\/uploads\/2025\/07\/AnyConv.com__1-768x767.webp 768w, https:\/\/topcar.vn\/wp-content\/uploads\/2025\/07\/AnyConv.com__1-600x599.webp 600w, https:\/\/topcar.vn\/wp-content\/uploads\/2025\/07\/AnyConv.com__1-100x100.webp 100w, https:\/\/topcar.vn\/wp-content\/uploads\/2025\/07\/AnyConv.com__1.webp 1081w\" sizes=\"(max-width: 1024px) 100vw, 1024px\" \/><figcaption id=\"caption-attachment-2760\" class=\"wp-caption-text\">Ch\u1ed1ng b\u1ea9n v\u00e0 ch\u1ed1ng n\u01b0\u1edbc tuy\u1ec7t \u0111\u1ed1i. Ng\u0103n b\u1ee5i b\u1ea9n, b\u00f9n \u0111\u1ea5t, n\u01b0\u1edbc tr\u00e0n ra s\u00e0n xe; d\u1ec5 d\u00e0ng th\u00e1o l\u1eafp v\u00e0 v\u1ec7 sinh.<\/figcaption><\/figure>\n<p data-section-id=\"t7l1pc\" data-start=\"819\" data-end=\"845\"><strong data-start=\"823\" data-end=\"845\">Th\u00f4ng tin chi ti\u1ebft th\u1ea3m l\u00f3t s\u00e0n Mazda CX-3<\/strong><\/p>\n<ul>\n<li data-start=\"849\" data-end=\"899\">D\u00f2ng xe ph\u00f9 h\u1ee3p: Mazda CX-3 t\u1eeb 2018 \u0111\u1ebfn 2023<\/li>\n<li data-start=\"902\" data-end=\"949\">Ch\u1ea5t li\u1ec7u: Nh\u1ef1a TPE nguy\u00ean sinh nh\u1eadp kh\u1ea9u<\/li>\n<li data-start=\"952\" data-end=\"1005\">Thi\u1ebft k\u1ebf: 5D full form \u2013 g\u1edd cao bao tr\u1ecdn s\u00e0n xe<\/li>\n<li data-start=\"1008\" data-end=\"1070\">M\u00e0u s\u1eafc ph\u1ed5 bi\u1ebfn: \u0110en<\/li>\n<li data-start=\"1073\" data-end=\"1130\">Th\u1eddi gian l\u1eafp \u0111\u1eb7t: D\u01b0\u1edbi 10 ph\u00fat \u2013 kh\u00f4ng c\u1ea7n d\u1ee5ng c\u1ee5<\/li>\n<li data-start=\"1133\" data-end=\"1178\">B\u1ea3o h\u00e0nh: 5 n\u0103m<\/li>\n<\/ul>\n<p data-section-id=\"1gm2jwt\" data-start=\"1185\" data-end=\"1210\"><strong data-start=\"1189\" data-end=\"1210\">\u01afu \u0111i\u1ec3m v\u01b0\u1ee3t tr\u1ed9i c\u1ee7a th\u1ea3m l\u00f3t s\u00e0n Mazda CX-3<\/strong><\/p>\n<ul>\n<li>Kh\u00f4ng tr\u01a1n tr\u01b0\u1ee3t, \u0111\u1ea3m b\u1ea3o an to\u00e0n khi l\u00ean\/xu\u1ed1ng xe<\/li>\n<li>Nh\u1ef1a TPE ch\u1ed1ng b\u00e1m b\u1ee5i, ch\u1ed1ng th\u1ea5m n\u01b0\u1edbc, v\u1ec7 sinh nhanh g\u1ecdn<\/li>\n<li>Kh\u00f4ng m\u00f9i nh\u1ef1a, kh\u00f4ng g\u00e2y kh\u00f3 ch\u1ecbu trong m\u00f4i tr\u01b0\u1eddng k\u00edn<\/li>\n<li>\u0110\u1ed9 b\u1ec1n cao, ch\u1ecbu nhi\u1ec7t t\u1ed1t, kh\u00f4ng cong v\u00eanh theo th\u1eddi gian<\/li>\n<li>G\u1edd cao ch\u1ed1ng tr\u00e0n, gi\u1eef cho s\u00e0n xe lu\u00f4n kh\u00f4 tho\u00e1ng<\/li>\n<li data-start=\"278\" data-end=\"389\">An to\u00e0n cho s\u1ee9c kh\u1ecfe v\u00e0 th\u00e2n thi\u1ec7n m\u00f4i tr\u01b0\u1eddng.<\/li>\n<li data-start=\"278\" data-end=\"389\">Thi\u1ebft k\u1ebf th\u00f4ng minh: B\u1ec1 m\u1eb7t ch\u1ed1ng tr\u01a1n tr\u01b0\u1ee3t, \u00f4m s\u00e1t s\u00e0n, kh\u00f4ng x\u00f4 l\u1ec7ch, kh\u00f4ng \u1ea3nh h\u01b0\u1edfng ch\u00e2n ga \u2013 ch\u00e2n phanh.<\/li>\n<li data-start=\"626\" data-end=\"727\">Th\u1ea9m m\u1ef9 &amp; ti\u1ec7n nghi: T\u0103ng v\u1ebb hi\u1ec7n \u0111\u1ea1i, sang tr\u1ecdng cho n\u1ed9i th\u1ea5t Mazda CX-3, gi\u1eef xe lu\u00f4n nh\u01b0 m\u1edbi.<\/li>\n<\/ul>\n<figure id=\"attachment_2765\" aria-describedby=\"caption-attachment-2765\" style=\"width: 1024px\" class=\"wp-caption aligncenter\"><img decoding=\"async\" class=\"wp-image-2765 size-large\" src=\"http:\/\/khaitest.rf.gd\/wp-content\/uploads\/2025\/07\/AnyConv.com__6-1024x1024.webp\" alt=\"Th\u1ea9m m\u1ef9 v\u00e0 ti\u1ec7n nghi. T\u0103ng v\u1ebb hi\u1ec7n \u0111\u1ea1i, sang tr\u1ecdng cho n\u1ed9i th\u1ea5t Mazda CX-3, gi\u1eef xe lu\u00f4n nh\u01b0 m\u1edbi.\" width=\"1024\" height=\"1024\" srcset=\"https:\/\/topcar.vn\/wp-content\/uploads\/2025\/07\/AnyConv.com__6-1024x1024.webp 1024w, https:\/\/topcar.vn\/wp-content\/uploads\/2025\/07\/AnyConv.com__6-300x300.webp 300w, https:\/\/topcar.vn\/wp-content\/uploads\/2025\/07\/AnyConv.com__6-150x150.webp 150w, https:\/\/topcar.vn\/wp-content\/uploads\/2025\/07\/AnyConv.com__6-768x767.webp 768w, https:\/\/topcar.vn\/wp-content\/uploads\/2025\/07\/AnyConv.com__6-600x599.webp 600w, https:\/\/topcar.vn\/wp-content\/uploads\/2025\/07\/AnyConv.com__6-100x100.webp 100w, https:\/\/topcar.vn\/wp-content\/uploads\/2025\/07\/AnyConv.com__6.webp 1081w\" sizes=\"(max-width: 1024px) 100vw, 1024px\" \/><figcaption id=\"caption-attachment-2765\" class=\"wp-caption-text\">T\u0103ng v\u1ebb hi\u1ec7n \u0111\u1ea1i, sang tr\u1ecdng cho n\u1ed9i th\u1ea5t Mazda CX-3, gi\u1eef xe lu\u00f4n nh\u01b0 m\u1edbi.<\/figcaption><\/figure>\n<p data-section-id=\"tg4lok\" data-start=\"1527\" data-end=\"1542\"><strong data-start=\"1531\" data-end=\"1542\">Gi\u00e1 b\u00e1n th\u1ea3m l\u00f3t s\u00e0n Mazda CX-3<\/strong><\/p>\n<ul>\n<li data-start=\"2237\" data-end=\"2421\"><strong data-start=\"2240\" data-end=\"2255\">Gi\u00e1 combo tr\u1ecdn b\u1ed9:<\/strong> <strong data-start=\"2256\" data-end=\"2273\">2.200.000\u0111\/b\u1ed9<\/strong><\/li>\n<li data-start=\"2237\" data-end=\"2421\"><strong>B\u00e1n l\u1ebb: 2.000.000\u0111<\/strong><\/li>\n<li data-start=\"2237\" data-end=\"2421\"><strong>Th\u1ea3m r\u1ed1i: 200.000\u0111<\/strong><\/li>\n<\/ul>\n<h2 data-section-id=\"1xfblj1\" data-start=\"1732\" data-end=\"1777\"><strong data-start=\"1735\" data-end=\"1777\">Mua th\u1ea3m l\u00f3t s\u00e0n Mazda CX-3 ch\u00ednh h\u00e3ng t\u1ea1i Topcar<\/strong><\/h2>\n<p data-start=\"1779\" data-end=\"2104\">Topcar cam k\u1ebft cung c\u1ea5p th\u1ea3m l\u00f3t s\u00e0n Mazda CX-3 t\u1eeb nh\u1ef1a TPE nguy\u00ean sinh ch\u00ednh h\u00e3ng, \u0111\u01b0\u1ee3c c\u1eaft \u0111\u00fac ri\u00eang cho t\u1eebng d\u00f2ng xe, thi\u1ebft k\u1ebf 5D \u0111\u1ea3m b\u1ea3o v\u1eeba v\u1eb7n tuy\u1ec7t \u0111\u1ed1i \u2013 kh\u00f4ng b\u1ecb x\u00f4 l\u1ec7ch, kh\u00f4ng c\u1ea3n tr\u1edf thao t\u00e1c l\u00e1i xe. S\u1ea3n ph\u1ea9m t\u1ea1i Topcar kh\u00f4ng ch\u1ec9 gi\u00fap b\u1ea3o v\u1ec7 s\u00e0n xe m\u00e0 c\u00f2n n\u00e2ng t\u1ea7m n\u1ed9i th\u1ea5t, mang l\u1ea1i c\u1ea3m gi\u00e1c sang tr\u1ecdng v\u00e0 s\u1ea1ch s\u1ebd m\u1ed7i khi b\u01b0\u1edbc v\u00e0o cabin.<\/p>\n<p data-section-id=\"ze7p1j\" data-start=\"2111\" data-end=\"2142\"><strong data-start=\"2115\" data-end=\"2142\">V\u00ec sao n\u00ean ch\u1ecdn mua th\u1ea3m l\u00f3t s\u00e0n oto t\u1ea1i Topcar?<\/strong><\/p>\n<ul>\n<li>Form chu\u1ea9n tuy\u1ec7t \u0111\u1ed1i theo t\u1eebng d\u00f2ng xe \u2013 kh\u00f4ng c\u1ea7n ch\u1ec9nh s\u1eeda<\/li>\n<li>Ch\u1ea5t li\u1ec7u th\u00e2n thi\u1ec7n m\u00f4i tr\u01b0\u1eddng \u2013 an to\u00e0n cho s\u1ee9c kh\u1ecfe ng\u01b0\u1eddi d\u00f9ng<\/li>\n<li>D\u1ec5 v\u1ec7 sinh, lau s\u1ea1ch ch\u1ec9 trong v\u00e0i gi\u00e2y<\/li>\n<li>Ch\u00ednh s\u00e1ch b\u1ea3o h\u00e0nh r\u00f5 r\u00e0ng \u2013 h\u1ed7 tr\u1ee3 t\u01b0 v\u1ea5n ch\u1ecdn th\u1ea3m \u0111\u00fang chu\u1ea9n. B\u1ea3o h\u00e0nh 5 n\u0103m l\u1ed7i 1 \u0111\u1ed5i 1<\/li>\n<\/ul>\n<figure id=\"attachment_2766\" aria-describedby=\"caption-attachment-2766\" style=\"width: 1024px\" class=\"wp-caption aligncenter\"><img decoding=\"async\" class=\"wp-image-2766 size-large\" src=\"http:\/\/khaitest.rf.gd\/wp-content\/uploads\/2025\/07\/AnyConv.com__7-1024x1024.webp\" alt=\"Th\u1ea3m l\u00f3t s\u00e0n Mazda CX-3 2018\u20132023 ch\u00ednh l\u00e0 l\u1ef1a ch\u1ecdn t\u1ed1i \u01b0u \u0111\u1ec3 b\u1ea3o v\u1ec7 n\u1ed9i th\u1ea5t v\u00e0 n\u00e2ng t\u1ea7m tr\u1ea3i nghi\u1ec7m l\u00e1i xe c\u1ee7a b\u1ea1n.\" width=\"1024\" height=\"1024\" srcset=\"https:\/\/topcar.vn\/wp-content\/uploads\/2025\/07\/AnyConv.com__7-1024x1024.webp 1024w, https:\/\/topcar.vn\/wp-content\/uploads\/2025\/07\/AnyConv.com__7-300x300.webp 300w, https:\/\/topcar.vn\/wp-content\/uploads\/2025\/07\/AnyConv.com__7-150x150.webp 150w, https:\/\/topcar.vn\/wp-content\/uploads\/2025\/07\/AnyConv.com__7-768x767.webp 768w, https:\/\/topcar.vn\/wp-content\/uploads\/2025\/07\/AnyConv.com__7-600x599.webp 600w, https:\/\/topcar.vn\/wp-content\/uploads\/2025\/07\/AnyConv.com__7-100x100.webp 100w, https:\/\/topcar.vn\/wp-content\/uploads\/2025\/07\/AnyConv.com__7.webp 1081w\" sizes=\"(max-width: 1024px) 100vw, 1024px\" \/><figcaption id=\"caption-attachment-2766\" class=\"wp-caption-text\">Th\u1ea3m l\u00f3t s\u00e0n Mazda CX-3 2018\u20132023 ch\u00ednh l\u00e0 l\u1ef1a ch\u1ecdn t\u1ed1i \u01b0u \u0111\u1ec3 b\u1ea3o v\u1ec7 n\u1ed9i th\u1ea5t v\u00e0 n\u00e2ng t\u1ea7m tr\u1ea3i nghi\u1ec7m l\u00e1i xe c\u1ee7a b\u1ea1n.<\/figcaption><\/figure>\n<p><strong style=\"font-size: 16px;\">\ud83d\udcde Li\u00ean h\u1ec7 \u0111\u1eb7t h\u00e0ng:<\/strong><\/p>\n<ul>\n<li data-start=\"2794\" data-end=\"2828\"><strong data-start=\"2794\" data-end=\"2813\">Hotline \/ Zalo:<\/strong> 0889.385.222<\/li>\n<li data-start=\"2831\" data-end=\"2906\"><strong data-start=\"2831\" data-end=\"2843\">\u0110\u1ecba ch\u1ec9:<\/strong> S\u1ed1 9 BT2, Khu \u0111\u00f4 th\u1ecb Foresa Xu\u00e2n Ph\u01b0\u01a1ng, Nam T\u1eeb Li\u00eam, H\u00e0 N\u1ed9i<\/li>\n<li data-start=\"2909\" data-end=\"2960\"><strong data-start=\"2909\" data-end=\"2921\">Website:<\/strong> <a class=\"\" href=\"https:\/\/Topcar.vn\" target=\"_new\" rel=\"noopener\" data-start=\"2922\" data-end=\"2960\">https:\/\/Topcar.vn<\/a><\/li>\n<\/ul>\n<\/div>\n<\/div>\n<\/div>\n<\/div>\n<\/div>\n<\/div>\n<\/article>\n","protected":false},"excerpt":{"rendered":"<ul>\n<li>Mi\u1ec5n ph\u00ed giao h\u00e0ng to\u00e0n qu\u1ed1c<\/li>\n<li>Nh\u1eadn h\u00e0ng &gt; L\u1eafp \u0111\u1eb7t &gt; Thanh to\u00e1n<\/li>\n<li>B\u1ea3o h\u00e0nh 5 n\u0103m<\/li>\n<\/ul>\n","protected":false},"featured_media":3873,"comment_status":"closed","ping_status":"closed","template":"","meta":{"site-sidebar-layout":"no-sidebar","site-content-layout":"content-boxed-container","ast-site-content-layout":"normal-width-container","site-content-style":"boxed","site-sidebar-style":"unboxed","ast-global-header-display":"","ast-banner-title-visibility":"","ast-main-header-display":"","ast-hfb-above-header-display":"","ast-hfb-below-header-display":"","ast-hfb-mobile-header-display":"","site-post-title":"","ast-breadcrumbs-content":"","ast-featured-img":"","footer-sml-layout":"","ast-disable-related-posts":"","theme-transparent-header-meta":"default","adv-header-id-meta":"","stick-header-meta":"","header-above-stick-meta":"","header-main-stick-meta":"","header-below-stick-meta":"","astra-migrate-meta-layouts":"set","ast-page-background-enabled":"default","ast-page-background-meta":{"desktop":{"background-color":"var(--ast-global-color-4)","background-image":"","background-repeat":"repeat","background-position":"center center","background-size":"auto","background-attachment":"scroll","background-type":"","background-media":"","overlay-type":"","overlay-color":"","overlay-opacity":"","overlay-gradient":""},"tablet":{"background-color":"","background-image":"","background-repeat":"repeat","background-position":"center center","background-size":"auto","background-attachment":"scroll","background-type":"","background-media":"","overlay-type":"","overlay-color":"","overlay-opacity":"","overlay-gradient":""},"mobile":{"background-color":"","background-image":"","background-repeat":"repeat","background-position":"center center","background-size":"auto","background-attachment":"scroll","background-type":"","background-media":"","overlay-type":"","overlay-color":"","overlay-opacity":"","overlay-gradient":""}},"ast-content-background-meta":{"desktop":{"background-color":"var(--ast-global-color-5)","background-image":"","background-repeat":"repeat","background-position":"center center","background-size":"auto","background-attachment":"scroll","background-type":"","background-media":"","overlay-type":"","overlay-color":"","overlay-opacity":"","overlay-gradient":""},"tablet":{"background-color":"var(--ast-global-color-5)","background-image":"","background-repeat":"repeat","background-position":"center center","background-size":"auto","background-attachment":"scroll","background-type":"","background-media":"","overlay-type":"","overlay-color":"","overlay-opacity":"","overlay-gradient":""},"mobile":{"background-color":"var(--ast-global-color-5)","background-image":"","background-repeat":"repeat","background-position":"center center","background-size":"auto","background-attachment":"scroll","background-type":"","background-media":"","overlay-type":"","overlay-color":"","overlay-opacity":"","overlay-gradient":""}}},"product_brand":[],"product_cat":[50,43],"product_tag":[322,321,78,308,77,151,75,76],"class_list":{"0":"post-2253","1":"product","2":"type-product","3":"status-publish","4":"has-post-thumbnail","6":"product_cat-tham-lot-san-o-to-mazda","7":"product_cat-tham-lot-san-o-to","8":"product_tag-tham-lot-san-mazda-3-2016","9":"product_tag-tham-lot-san-mazda-3-2018","10":"product_tag-tham-lot-san-o-to-cao-su-duc","11":"product_tag-tham-lot-san-o-to-chong-on","12":"product_tag-tham-lot-san-o-to-nhua-duc","13":"product_tag-tham-lot-san-o-to-pvc","14":"product_tag-tham-lot-san-o-to-tot-nhat-hien-nay","15":"product_tag-tham-lot-san-o-to-tpe","16":"desktop-align-left","17":"tablet-align-left","18":"mobile-align-left","20":"first","21":"instock","22":"shipping-taxable","23":"purchasable","24":"product-type-variable"},"_links":{"self":[{"href":"https:\/\/topcar.vn\/index.php?rest_route=\/wp\/v2\/product\/2253","targetHints":{"allow":["GET"]}}],"collection":[{"href":"https:\/\/topcar.vn\/index.php?rest_route=\/wp\/v2\/product"}],"about":[{"href":"https:\/\/topcar.vn\/index.php?rest_route=\/wp\/v2\/types\/product"}],"replies":[{"embeddable":true,"href":"https:\/\/topcar.vn\/index.php?rest_route=%2Fwp%2Fv2%2Fcomments&post=2253"}],"version-history":[{"count":5,"href":"https:\/\/topcar.vn\/index.php?rest_route=\/wp\/v2\/product\/2253\/revisions"}],"predecessor-version":[{"id":2799,"href":"https:\/\/topcar.vn\/index.php?rest_route=\/wp\/v2\/product\/2253\/revisions\/2799"}],"wp:featuredmedia":[{"embeddable":true,"href":"https:\/\/topcar.vn\/index.php?rest_route=\/wp\/v2\/media\/3873"}],"wp:attachment":[{"href":"https:\/\/topcar.vn\/index.php?rest_route=%2Fwp%2Fv2%2Fmedia&parent=2253"}],"wp:term":[{"taxonomy":"product_brand","embeddable":true,"href":"https:\/\/topcar.vn\/index.php?rest_route=%2Fwp%2Fv2%2Fproduct_brand&post=2253"},{"taxonomy":"product_cat","embeddable":true,"href":"https:\/\/topcar.vn\/index.php?rest_route=%2Fwp%2Fv2%2Fproduct_cat&post=2253"},{"taxonomy":"product_tag","embeddable":true,"href":"https:\/\/topcar.vn\/index.php?rest_route=%2Fwp%2Fv2%2Fproduct_tag&post=2253"}],"curies":[{"name":"wp","href":"https:\/\/api.w.org\/{rel}","templated":true}]}}