{"id":2241,"date":"2025-07-29T11:07:47","date_gmt":"2025-07-29T04:07:47","guid":{"rendered":"http:\/\/khaitest.rf.gd\/?post_type=product&#038;p=2241"},"modified":"2025-09-08T16:16:56","modified_gmt":"2025-09-08T09:16:56","slug":"tham-lot-san-mg-hs","status":"publish","type":"product","link":"https:\/\/topcar.vn\/?product=tham-lot-san-mg-hs","title":{"rendered":"Th\u1ea3m l\u00f3t s\u00e0n MG HS"},"content":{"rendered":"<article class=\"text-token-text-primary w-full\" dir=\"auto\" data-testid=\"conversation-turn-10\" data-scroll-anchor=\"true\">\n<div class=\"text-base my-auto mx-auto pb-10 [--thread-content-margin:--spacing(4)] @[37rem]:[--thread-content-margin:--spacing(6)] @[72rem]:[--thread-content-margin:--spacing(16)] px-(--thread-content-margin)\">\n<div class=\"[--thread-content-max-width:32rem] @[34rem]:[--thread-content-max-width:40rem] @[64rem]:[--thread-content-max-width:48rem] mx-auto max-w-(--thread-content-max-width) flex-1 group\/turn-messages focus-visible:outline-hidden relative flex w-full min-w-0 flex-col agent-turn\" tabindex=\"-1\">\n<div class=\"flex max-w-full flex-col grow\">\n<div class=\"min-h-8 text-message relative flex w-full flex-col items-end gap-2 text-start break-words whitespace-normal [.text-message+&amp;]:mt-5\" dir=\"auto\" data-message-author-role=\"assistant\" data-message-id=\"6ee8a93f-7fdb-4c7e-b8bb-2a874c3d517b\" data-message-model-slug=\"gpt-4o\">\n<div class=\"flex w-full flex-col gap-1 empty:hidden first:pt-[3px]\">\n<div class=\"markdown prose dark:prose-invert w-full break-words light\">\n<p data-section-id=\"11wn1gp\" data-start=\"168\" data-end=\"238\"><strong><em>Th\u1ea3m l\u00f3t s\u00e0n MG HS \u2013 B\u1ea3o v\u1ec7 s\u00e0n xe to\u00e0n di\u1ec7n, n\u00e2ng t\u1ea7m n\u1ed9i th\u1ea5t. MG HS \u2013 m\u1eabu SUV h\u1ea1ng C s\u1edf h\u1eefu thi\u1ebft k\u1ebf th\u1ec3 thao, n\u1ed9i th\u1ea5t cao c\u1ea5p v\u00e0 \u0111\u1ea7y \u0111\u1ee7 ti\u1ec7n nghi. \u0110\u1ec3 gi\u1eef khoang l\u00e1i lu\u00f4n s\u1ea1ch s\u1ebd, g\u1ecdn g\u00e0ng v\u00e0 \u0111\u1ed3ng b\u1ed9 v\u1edbi \u0111\u1eb3ng c\u1ea5p xe, th\u1ea3m l\u00f3t s\u00e0n ch\u1ea5t li\u1ec7u TPE nguy\u00ean sinh chu\u1ea9n qu\u1ed1c t\u1ebf l\u00e0 l\u1ef1a ch\u1ecdn kh\u00f4ng th\u1ec3 thi\u1ebfu cho ch\u1ee7 xe MG HS hi\u1ec7n \u0111\u1ea1i.<\/em><\/strong><\/p>\n<h2 data-section-id=\"1xicj30\" data-start=\"514\" data-end=\"540\"><strong data-start=\"517\" data-end=\"540\">Gi\u1edbi thi\u1ec7u s\u1ea3n ph\u1ea9m th\u1ea3m l\u00f3t s\u00e0n MG HS<\/strong><\/h2>\n<p data-start=\"542\" data-end=\"867\">Th\u1ea3m l\u00f3t s\u00e0n MG HS-\u00a0Topcar \u0111\u01b0\u1ee3c thi\u1ebft k\u1ebf ri\u00eang cho d\u00f2ng MG HS, \u0111\u1ea3m b\u1ea3o \u00f4m kh\u00edt to\u00e0n b\u1ed9 m\u1eb7t s\u00e0n theo \u0111\u00fang form nguy\u00ean b\u1ea3n. S\u1ea3n ph\u1ea9m \u0111\u01b0\u1ee3c \u0111\u00fac nguy\u00ean kh\u1ed1i b\u1eb1ng <strong data-start=\"692\" data-end=\"716\">nh\u1ef1a TPE nguy\u00ean sinh<\/strong> \u2013 lo\u1ea1i v\u1eadt li\u1ec7u cao c\u1ea5p th\u01b0\u1eddng \u0111\u01b0\u1ee3c s\u1eed d\u1ee5ng trong ng\u00e0nh c\u00f4ng nghi\u1ec7p \u00f4 t\u00f4, \u0111\u1ea1t ti\u00eau chu\u1ea9n RoHS v\u00e0 REACH (Ch\u00e2u \u00c2u), an to\u00e0n tuy\u1ec7t \u0111\u1ed1i cho ng\u01b0\u1eddi s\u1eed d\u1ee5ng.<\/p>\n<figure id=\"attachment_3014\" aria-describedby=\"caption-attachment-3014\" style=\"width: 960px\" class=\"wp-caption aligncenter\"><img fetchpriority=\"high\" decoding=\"async\" class=\"wp-image-3014 size-full\" src=\"http:\/\/khaitest.rf.gd\/wp-content\/uploads\/2025\/07\/sdt.1-22.jpg\" alt=\"th\u1ea3m l\u00f3t s\u00e0n MG HS\" width=\"960\" height=\"960\" srcset=\"https:\/\/topcar.vn\/wp-content\/uploads\/2025\/07\/sdt.1-22.jpg 960w, https:\/\/topcar.vn\/wp-content\/uploads\/2025\/07\/sdt.1-22-300x300.jpg 300w, https:\/\/topcar.vn\/wp-content\/uploads\/2025\/07\/sdt.1-22-150x150.jpg 150w, https:\/\/topcar.vn\/wp-content\/uploads\/2025\/07\/sdt.1-22-768x768.jpg 768w, https:\/\/topcar.vn\/wp-content\/uploads\/2025\/07\/sdt.1-22-600x600.jpg 600w, https:\/\/topcar.vn\/wp-content\/uploads\/2025\/07\/sdt.1-22-100x100.jpg 100w\" sizes=\"(max-width: 960px) 100vw, 960px\" \/><figcaption id=\"caption-attachment-3014\" class=\"wp-caption-text\">Th\u1ea3m l\u00f3t s\u00e0n chuy\u00ean d\u1ee5ng cho MG HS, thi\u1ebft k\u1ebf chu\u1ea9n form 100% theo s\u00e0n xe, \u00f4m kh\u00edt t\u1eebng chi ti\u1ebft, ch\u1ed1ng x\u00f4 l\u1ec7ch khi di chuy\u1ec3n.<\/figcaption><\/figure>\n<p data-section-id=\"t7l1pc\" data-start=\"874\" data-end=\"900\"><strong data-start=\"878\" data-end=\"900\">Th\u00f4ng tin chi ti\u1ebft th\u1ea3m l\u00f3t s\u00e0n MG HS<\/strong><\/p>\n<ul>\n<li data-start=\"904\" data-end=\"967\">D\u00f2ng xe \u00e1p d\u1ee5ng: MG HS (t\u1ea5t c\u1ea3 phi\u00ean b\u1ea3n t\u1eeb 2020 \u2013 AT\/MT)<\/li>\n<li data-start=\"970\" data-end=\"1027\">Ch\u1ea5t li\u1ec7u: TPE nguy\u00ean sinh \u2013 kh\u00f4ng pha nh\u1ef1a t\u00e1i ch\u1ebf<\/li>\n<li data-start=\"1030\" data-end=\"1097\">Thi\u1ebft k\u1ebf: 3D full form \u2013 \u00f4m tr\u1ecdn m\u1eb7t s\u00e0n, kh\u00f4ng c\u1ea7n ch\u1ec9nh s\u1eeda<\/li>\n<li data-start=\"1100\" data-end=\"1171\">M\u00e0u s\u1eafc ti\u00eau chu\u1ea9n: \u0110en (c\u00f3 th\u1ec3 \u0111\u1eb7t th\u00eam m\u00e0u be\/n\u00e2u theo y\u00eau c\u1ea7u)<\/li>\n<li data-start=\"1174\" data-end=\"1209\">B\u1ea3o h\u00e0nh: 2 n\u0103m \u2013 l\u1ed7i 1 \u0111\u1ed5i 1<\/li>\n<li data-start=\"1212\" data-end=\"1258\">Th\u1eddi gian l\u1eafp: 5 ph\u00fat \u2013 th\u00e1o l\u1eafp nhanh g\u1ecdn<\/li>\n<\/ul>\n<p data-section-id=\"16xyppf\" data-start=\"1265\" data-end=\"1288\"><strong data-start=\"1269\" data-end=\"1288\">\u01afu \u0111i\u1ec3m n\u1ed5i b\u1eadt th\u1ea3m l\u00f3t s\u00e0n MG HS<\/strong><\/p>\n<ul>\n<li>Ch\u1ed1ng tr\u01a1n tr\u01b0\u1ee3t tuy\u1ec7t \u0111\u1ed1i, t\u0103ng \u0111\u1ed9 an to\u00e0n khi v\u1eadn h\u00e0nh xe<\/li>\n<li>G\u1edd cao to\u00e0n vi\u1ec1n, ng\u0103n n\u01b0\u1edbc v\u00e0 b\u1ee5i l\u1ecdt xu\u1ed1ng s\u00e0n<\/li>\n<li>Ch\u1ecbu nhi\u1ec7t t\u1ed1t, kh\u00f4ng cong v\u00eanh d\u01b0\u1edbi th\u1eddi ti\u1ebft n\u00f3ng<\/li>\n<li>Kh\u00f4ng m\u00f9i, kh\u00f4ng g\u00e2y kh\u00f3 ch\u1ecbu trong khoang k\u00edn<\/li>\n<li>Lau r\u1eeda d\u1ec5 d\u00e0ng, ti\u1ebft ki\u1ec7m th\u1eddi gian v\u1ec7 sinh<\/li>\n<\/ul>\n<p data-section-id=\"tg4lok\" data-start=\"1587\" data-end=\"1602\"><strong data-start=\"1591\" data-end=\"1602\">Gi\u00e1 b\u00e1n th\u1ea3m l\u00f3t s\u00e0n MG HS<\/strong><\/p>\n<ul>\n<li data-start=\"2237\" data-end=\"2421\">Gi\u00e1 combo tr\u1ecdn b\u1ed9: 2.300.000\u0111\/b\u1ed9<\/li>\n<li data-start=\"2237\" data-end=\"2421\">B\u00e1n l\u1ebb: 2.100.000\u0111<\/li>\n<li data-start=\"2237\" data-end=\"2421\">Th\u1ea3m r\u1ed1i: 200.000\u0111<\/li>\n<\/ul>\n<figure id=\"attachment_3016\" aria-describedby=\"caption-attachment-3016\" style=\"width: 960px\" class=\"wp-caption aligncenter\"><img decoding=\"async\" class=\"wp-image-3016 size-full\" src=\"http:\/\/khaitest.rf.gd\/wp-content\/uploads\/2025\/07\/sdt.3-22.jpg\" alt=\"N\u00e2ng t\u1ea7m th\u1ea9m m\u1ef9 n\u1ed9i th\u1ea5t MG HS\" width=\"960\" height=\"960\" srcset=\"https:\/\/topcar.vn\/wp-content\/uploads\/2025\/07\/sdt.3-22.jpg 960w, https:\/\/topcar.vn\/wp-content\/uploads\/2025\/07\/sdt.3-22-300x300.jpg 300w, https:\/\/topcar.vn\/wp-content\/uploads\/2025\/07\/sdt.3-22-150x150.jpg 150w, https:\/\/topcar.vn\/wp-content\/uploads\/2025\/07\/sdt.3-22-768x768.jpg 768w, https:\/\/topcar.vn\/wp-content\/uploads\/2025\/07\/sdt.3-22-600x600.jpg 600w, https:\/\/topcar.vn\/wp-content\/uploads\/2025\/07\/sdt.3-22-100x100.jpg 100w\" sizes=\"(max-width: 960px) 100vw, 960px\" \/><figcaption id=\"caption-attachment-3016\" class=\"wp-caption-text\">N\u00e2ng t\u1ea7m th\u1ea9m m\u1ef9 n\u1ed9i th\u1ea5t MG HS, v\u1eeba ti\u1ec7n l\u1ee3i, v\u1eeba \u0111\u1eb3ng c\u1ea5p.<\/figcaption><\/figure>\n<h2 data-section-id=\"1xfblj1\" data-start=\"1787\" data-end=\"1832\"><strong data-start=\"1790\" data-end=\"1832\">Mua th\u1ea3m l\u00f3t s\u00e0n MG HS ch\u00ednh h\u00e3ng t\u1ea1i Topcar<\/strong><\/h2>\n<p data-start=\"1834\" data-end=\"2153\">Topcar l\u00e0 \u0111\u01a1n v\u1ecb chuy\u00ean cung c\u1ea5p th\u1ea3m l\u00f3t s\u00e0n \u00f4 t\u00f4 TPE nguy\u00ean sinh theo \u0111\u00fang khu\u00f4n xe \u2013 kh\u00f4ng s\u1eed d\u1ee5ng h\u00e0ng c\u1eaft s\u1eb5n, kh\u00f4ng tr\u00f4i l\u1ec7ch, kh\u00f4ng v\u01b0\u1edbng ch\u00e2n ga. V\u1edbi quy tr\u00ecnh s\u1ea3n xu\u1ea5t hi\u1ec7n \u0111\u1ea1i v\u00e0 ki\u1ec3m \u0111\u1ecbnh k\u1ef9 l\u01b0\u1ee1ng, s\u1ea3n ph\u1ea9m th\u1ea3m cho MG HS \u0111\u1ea3m b\u1ea3o form chu\u1ea9n, \u0111\u1ed9 b\u1ec1n cao, th\u00e2n thi\u1ec7n m\u00f4i tr\u01b0\u1eddng v\u00e0 an to\u00e0n cho s\u1ee9c kh\u1ecfe.<\/p>\n<p data-section-id=\"1xzgbut\" data-start=\"2160\" data-end=\"2189\"><strong data-start=\"2164\" data-end=\"2189\">L\u00fd do n\u00ean ch\u1ecdn Topcar<\/strong><\/p>\n<ul>\n<li data-start=\"2191\" data-end=\"2443\">Form \u0111\u00fang chu\u1ea9n MG HS \u2013 kh\u00f4ng c\u1ea7n ch\u1ec9nh, kh\u00f4ng x\u00f4 l\u1ec7ch<\/li>\n<li data-start=\"2191\" data-end=\"2443\">TPE nguy\u00ean sinh \u0111\u1ea1t chu\u1ea9n qu\u1ed1c t\u1ebf \u2013 kh\u00f4ng m\u00f9i, kh\u00f4ng \u0111\u1ed9c h\u1ea1i<\/li>\n<li data-start=\"2191\" data-end=\"2443\">Lau r\u1eeda d\u1ec5, kh\u00f4ng th\u1ea5m n\u01b0\u1edbc \u2013 gi\u1eef s\u00e0n lu\u00f4n s\u1ea1ch \u0111\u1eb9p<\/li>\n<li data-start=\"2191\" data-end=\"2443\">Giao h\u00e0ng nhanh \u2013 h\u1ed7 tr\u1ee3 t\u01b0 v\u1ea5n k\u1ef9 thu\u1eadt tr\u1ecdn \u0111\u1eddi<\/li>\n<\/ul>\n<p data-start=\"2633\" data-end=\"2811\">Th\u1ea3m l\u00f3t s\u00e0n MG HS c\u1ee7a Topcar \u2013 L\u1ef1a ch\u1ecdn \u0111\u00fang chu\u1ea9n cho ng\u01b0\u1eddi y\u00eau xe v\u00e0 y\u00eau s\u1ef1 s\u1ea1ch s\u1ebd, an to\u00e0n. Kh\u00f4ng ch\u1ec9 l\u00e0 ph\u1ee5 ki\u1ec7n, m\u00e0 l\u00e0 m\u1ed9t ph\u1ea7n t\u1ea1o n\u00ean tr\u1ea3i nghi\u1ec7m l\u00e1i xe ho\u00e0n h\u1ea3o.<\/p>\n<figure id=\"attachment_3017\" aria-describedby=\"caption-attachment-3017\" style=\"width: 960px\" class=\"wp-caption aligncenter\"><img decoding=\"async\" class=\"wp-image-3017 size-full\" title=\"Th\u1ea3m l\u00f3t s\u00e0n MG HS\" src=\"http:\/\/khaitest.rf.gd\/wp-content\/uploads\/2025\/07\/sdt.4-18.jpg\" alt=\"Th\u1ea3m l\u00f3t s\u00e0n MG HS\" width=\"960\" height=\"960\" srcset=\"https:\/\/topcar.vn\/wp-content\/uploads\/2025\/07\/sdt.4-18.jpg 960w, https:\/\/topcar.vn\/wp-content\/uploads\/2025\/07\/sdt.4-18-300x300.jpg 300w, https:\/\/topcar.vn\/wp-content\/uploads\/2025\/07\/sdt.4-18-150x150.jpg 150w, https:\/\/topcar.vn\/wp-content\/uploads\/2025\/07\/sdt.4-18-768x768.jpg 768w, https:\/\/topcar.vn\/wp-content\/uploads\/2025\/07\/sdt.4-18-600x600.jpg 600w, https:\/\/topcar.vn\/wp-content\/uploads\/2025\/07\/sdt.4-18-100x100.jpg 100w\" sizes=\"(max-width: 960px) 100vw, 960px\" \/><figcaption id=\"caption-attachment-3017\" class=\"wp-caption-text\">Th\u1ea3m l\u00f3t s\u00e0n MG HS l\u00e0 l\u1ef1a ch\u1ecdn l\u00fd t\u01b0\u1edfng \u0111\u1ec3 b\u1ea3o v\u1ec7 v\u00e0 l\u00e0m \u0111\u1eb9p n\u1ed9i th\u1ea5t cho chi\u1ebfc SUV th\u1eddi th\u01b0\u1ee3ng c\u1ee7a b\u1ea1n.<\/figcaption><\/figure>\n<p><strong>\ud83d\udcde Li\u00ean h\u1ec7 \u0111\u1eb7t h\u00e0ng:<\/strong><\/p>\n<ul>\n<li data-start=\"2794\" data-end=\"2828\"><strong data-start=\"2794\" data-end=\"2813\">Hotline \/ Zalo:<\/strong> 0889.385.222<\/li>\n<li data-start=\"2831\" data-end=\"2906\"><strong data-start=\"2831\" data-end=\"2843\">\u0110\u1ecba ch\u1ec9:<\/strong> S\u1ed1 9 BT2, Khu \u0111\u00f4 th\u1ecb Foresa Xu\u00e2n Ph\u01b0\u01a1ng, Nam T\u1eeb Li\u00eam, H\u00e0 N\u1ed9i<\/li>\n<li data-start=\"2909\" data-end=\"2960\"><strong data-start=\"2909\" data-end=\"2921\">Website:<\/strong> <a class=\"\" href=\"https:\/\/Topcar.vn\" target=\"_new\" rel=\"noopener\" data-start=\"2922\" data-end=\"2960\">https:\/\/Topcar.vn<\/a><\/li>\n<\/ul>\n<\/div>\n<\/div>\n<\/div>\n<\/div>\n<\/div>\n<\/div>\n<\/article>\n","protected":false},"excerpt":{"rendered":"<ul>\n<li>Mi\u1ec5n ph\u00ed giao h\u00e0ng to\u00e0n qu\u1ed1c<\/li>\n<li>Nh\u1eadn h\u00e0ng &gt; L\u1eafp \u0111\u1eb7t &gt; Thanh to\u00e1n<\/li>\n<li>B\u1ea3o h\u00e0nh 5 n\u0103m<\/li>\n<\/ul>\n","protected":false},"featured_media":3020,"comment_status":"closed","ping_status":"closed","template":"","meta":{"site-sidebar-layout":"no-sidebar","site-content-layout":"content-boxed-container","ast-site-content-layout":"normal-width-container","site-content-style":"boxed","site-sidebar-style":"unboxed","ast-global-header-display":"","ast-banner-title-visibility":"","ast-main-header-display":"","ast-hfb-above-header-display":"","ast-hfb-below-header-display":"","ast-hfb-mobile-header-display":"","site-post-title":"","ast-breadcrumbs-content":"","ast-featured-img":"","footer-sml-layout":"","ast-disable-related-posts":"","theme-transparent-header-meta":"default","adv-header-id-meta":"","stick-header-meta":"","header-above-stick-meta":"","header-main-stick-meta":"","header-below-stick-meta":"","astra-migrate-meta-layouts":"set","ast-page-background-enabled":"default","ast-page-background-meta":{"desktop":{"background-color":"var(--ast-global-color-4)","background-image":"","background-repeat":"repeat","background-position":"center center","background-size":"auto","background-attachment":"scroll","background-type":"","background-media":"","overlay-type":"","overlay-color":"","overlay-opacity":"","overlay-gradient":""},"tablet":{"background-color":"","background-image":"","background-repeat":"repeat","background-position":"center center","background-size":"auto","background-attachment":"scroll","background-type":"","background-media":"","overlay-type":"","overlay-color":"","overlay-opacity":"","overlay-gradient":""},"mobile":{"background-color":"","background-image":"","background-repeat":"repeat","background-position":"center center","background-size":"auto","background-attachment":"scroll","background-type":"","background-media":"","overlay-type":"","overlay-color":"","overlay-opacity":"","overlay-gradient":""}},"ast-content-background-meta":{"desktop":{"background-color":"var(--ast-global-color-5)","background-image":"","background-repeat":"repeat","background-position":"center center","background-size":"auto","background-attachment":"scroll","background-type":"","background-media":"","overlay-type":"","overlay-color":"","overlay-opacity":"","overlay-gradient":""},"tablet":{"background-color":"var(--ast-global-color-5)","background-image":"","background-repeat":"repeat","background-position":"center center","background-size":"auto","background-attachment":"scroll","background-type":"","background-media":"","overlay-type":"","overlay-color":"","overlay-opacity":"","overlay-gradient":""},"mobile":{"background-color":"var(--ast-global-color-5)","background-image":"","background-repeat":"repeat","background-position":"center center","background-size":"auto","background-attachment":"scroll","background-type":"","background-media":"","overlay-type":"","overlay-color":"","overlay-opacity":"","overlay-gradient":""}}},"product_brand":[],"product_cat":[49,43],"product_tag":[78,308,77,151,75,76],"class_list":{"0":"post-2241","1":"product","2":"type-product","3":"status-publish","4":"has-post-thumbnail","6":"product_cat-tham-lot-san-o-to-mg","7":"product_cat-tham-lot-san-o-to","8":"product_tag-tham-lot-san-o-to-cao-su-duc","9":"product_tag-tham-lot-san-o-to-chong-on","10":"product_tag-tham-lot-san-o-to-nhua-duc","11":"product_tag-tham-lot-san-o-to-pvc","12":"product_tag-tham-lot-san-o-to-tot-nhat-hien-nay","13":"product_tag-tham-lot-san-o-to-tpe","14":"desktop-align-left","15":"tablet-align-left","16":"mobile-align-left","18":"first","19":"instock","20":"shipping-taxable","21":"purchasable","22":"product-type-variable"},"_links":{"self":[{"href":"https:\/\/topcar.vn\/index.php?rest_route=\/wp\/v2\/product\/2241","targetHints":{"allow":["GET"]}}],"collection":[{"href":"https:\/\/topcar.vn\/index.php?rest_route=\/wp\/v2\/product"}],"about":[{"href":"https:\/\/topcar.vn\/index.php?rest_route=\/wp\/v2\/types\/product"}],"replies":[{"embeddable":true,"href":"https:\/\/topcar.vn\/index.php?rest_route=%2Fwp%2Fv2%2Fcomments&post=2241"}],"version-history":[{"count":5,"href":"https:\/\/topcar.vn\/index.php?rest_route=\/wp\/v2\/product\/2241\/revisions"}],"predecessor-version":[{"id":3878,"href":"https:\/\/topcar.vn\/index.php?rest_route=\/wp\/v2\/product\/2241\/revisions\/3878"}],"wp:featuredmedia":[{"embeddable":true,"href":"https:\/\/topcar.vn\/index.php?rest_route=\/wp\/v2\/media\/3020"}],"wp:attachment":[{"href":"https:\/\/topcar.vn\/index.php?rest_route=%2Fwp%2Fv2%2Fmedia&parent=2241"}],"wp:term":[{"taxonomy":"product_brand","embeddable":true,"href":"https:\/\/topcar.vn\/index.php?rest_route=%2Fwp%2Fv2%2Fproduct_brand&post=2241"},{"taxonomy":"product_cat","embeddable":true,"href":"https:\/\/topcar.vn\/index.php?rest_route=%2Fwp%2Fv2%2Fproduct_cat&post=2241"},{"taxonomy":"product_tag","embeddable":true,"href":"https:\/\/topcar.vn\/index.php?rest_route=%2Fwp%2Fv2%2Fproduct_tag&post=2241"}],"curies":[{"name":"wp","href":"https:\/\/api.w.org\/{rel}","templated":true}]}}