{"id":2239,"date":"2025-07-29T11:03:07","date_gmt":"2025-07-29T04:03:07","guid":{"rendered":"http:\/\/khaitest.rf.gd\/?post_type=product&#038;p=2239"},"modified":"2025-09-08T16:19:55","modified_gmt":"2025-09-08T09:19:55","slug":"tham-lot-san-mg-zs","status":"publish","type":"product","link":"https:\/\/topcar.vn\/?product=tham-lot-san-mg-zs","title":{"rendered":"Th\u1ea3m l\u00f3t s\u00e0n MG ZS"},"content":{"rendered":"<article class=\"text-token-text-primary w-full\" dir=\"auto\" data-testid=\"conversation-turn-10\" data-scroll-anchor=\"true\">\n<div class=\"text-base my-auto mx-auto pb-10 [--thread-content-margin:--spacing(4)] @[37rem]:[--thread-content-margin:--spacing(6)] @[72rem]:[--thread-content-margin:--spacing(16)] px-(--thread-content-margin)\">\n<div class=\"[--thread-content-max-width:32rem] @[34rem]:[--thread-content-max-width:40rem] @[64rem]:[--thread-content-max-width:48rem] mx-auto max-w-(--thread-content-max-width) flex-1 group\/turn-messages focus-visible:outline-hidden relative flex w-full min-w-0 flex-col agent-turn\" tabindex=\"-1\">\n<div class=\"flex max-w-full flex-col grow\">\n<div class=\"min-h-8 text-message relative flex w-full flex-col items-end gap-2 text-start break-words whitespace-normal [.text-message+&amp;]:mt-5\" dir=\"auto\" data-message-author-role=\"assistant\" data-message-id=\"6ee8a93f-7fdb-4c7e-b8bb-2a874c3d517b\" data-message-model-slug=\"gpt-4o\">\n<div class=\"flex w-full flex-col gap-1 empty:hidden first:pt-[3px]\">\n<div class=\"markdown prose dark:prose-invert w-full break-words light\">\n<p data-section-id=\"m79p4l\" data-start=\"164\" data-end=\"229\"><strong><em>Th\u1ea3m l\u00f3t s\u00e0n MG ZS \u2013 B\u1ea3o v\u1ec7 to\u00e0n di\u1ec7n, gi\u1eef v\u1eefng phong c\u00e1ch. MG ZS l\u00e0 m\u1eabu SUV \u0111\u00f4 th\u1ecb n\u1ed5i b\u1eadt v\u1edbi thi\u1ebft k\u1ebf hi\u1ec7n \u0111\u1ea1i, n\u1ed9i th\u1ea5t r\u1ed9ng r\u00e3i v\u00e0 ti\u1ec7n nghi. \u0110\u1ec3 b\u1ea3o v\u1ec7 s\u00e0n xe kh\u1ecfi b\u1ee5i b\u1ea9n, n\u01b0\u1edbc, b\u00f9n \u0111\u1ea5t trong qu\u00e1 tr\u00ecnh s\u1eed d\u1ee5ng h\u00e0ng ng\u00e0y, th\u1ea3m l\u00f3t s\u00e0n TPE nguy\u00ean sinh l\u00e0 l\u1ef1a ch\u1ecdn l\u00fd t\u01b0\u1edfng, kh\u00f4ng ch\u1ec9 gi\u1eef khoang l\u00e1i s\u1ea1ch s\u1ebd m\u00e0 c\u00f2n n\u00e2ng t\u1ea7m th\u1ea9m m\u1ef9 cho kh\u00f4ng gian n\u1ed9i th\u1ea5t.<\/em><\/strong><\/p>\n<h2 data-section-id=\"1xicj30\" data-start=\"541\" data-end=\"567\"><strong data-start=\"544\" data-end=\"567\">Gi\u1edbi thi\u1ec7u s\u1ea3n ph\u1ea9m th\u1ea3m l\u00f3t s\u00e0n MG ZS<\/strong><\/h2>\n<p data-start=\"569\" data-end=\"762\">Th\u1ea3m l\u00f3t s\u00e0n MG ZS &#8211; Topcar d\u00e0nh ri\u00eang cho MG ZS (\u0111\u1ee7 c\u00e1c \u0111\u1eddi t\u1eeb 2020 \u0111\u1ebfn nay) \u0111\u01b0\u1ee3c s\u1ea3n xu\u1ea5t b\u1eb1ng ch\u1ea5t li\u1ec7u nh\u1ef1a TPE nguy\u00ean sinh chu\u1ea9n qu\u1ed1c t\u1ebf, kh\u00f4ng pha t\u1ea1p, kh\u00f4ng m\u00f9i, kh\u00f4ng ch\u1ee9a ch\u1ea5t \u0111\u1ed9c h\u1ea1i. Thi\u1ebft k\u1ebf 5D full form \u2013 chu\u1ea9n t\u1eebng chi ti\u1ebft, \u00f4m kh\u00edt s\u00e0n xe, kh\u00f4ng x\u00f4 l\u1ec7ch khi di chuy\u1ec3n, d\u1ec5 d\u00e0ng th\u00e1o l\u1eafp v\u1ec7 sinh. B\u1ec1 m\u1eb7t th\u1ea3m n\u1ed5i v\u00e2n ch\u1ed1ng tr\u01b0\u1ee3t, g\u1edd cao ch\u1ed1ng n\u01b0\u1edbc tr\u00e0n ra ngo\u00e0i, gi\u00fap s\u00e0n xe lu\u00f4n s\u1ea1ch s\u1ebd, kh\u00f4 r\u00e1o.<\/p>\n<figure id=\"attachment_3023\" aria-describedby=\"caption-attachment-3023\" style=\"width: 1024px\" class=\"wp-caption aligncenter\"><img fetchpriority=\"high\" decoding=\"async\" class=\"wp-image-3023 size-large\" src=\"http:\/\/khaitest.rf.gd\/wp-content\/uploads\/2025\/07\/sdt.1-23-1024x1024.jpg\" alt=\"th\u1ea3m l\u00f3t s\u00e0n MG ZS\" width=\"1024\" height=\"1024\" srcset=\"https:\/\/topcar.vn\/wp-content\/uploads\/2025\/07\/sdt.1-23-1024x1024.jpg 1024w, https:\/\/topcar.vn\/wp-content\/uploads\/2025\/07\/sdt.1-23-300x300.jpg 300w, https:\/\/topcar.vn\/wp-content\/uploads\/2025\/07\/sdt.1-23-150x150.jpg 150w, https:\/\/topcar.vn\/wp-content\/uploads\/2025\/07\/sdt.1-23-768x768.jpg 768w, https:\/\/topcar.vn\/wp-content\/uploads\/2025\/07\/sdt.1-23-1536x1536.jpg 1536w, https:\/\/topcar.vn\/wp-content\/uploads\/2025\/07\/sdt.1-23-600x600.jpg 600w, https:\/\/topcar.vn\/wp-content\/uploads\/2025\/07\/sdt.1-23-100x100.jpg 100w, https:\/\/topcar.vn\/wp-content\/uploads\/2025\/07\/sdt.1-23.jpg 1920w\" sizes=\"(max-width: 1024px) 100vw, 1024px\" \/><figcaption id=\"caption-attachment-3023\" class=\"wp-caption-text\">Th\u1ea3m l\u00f3t s\u00e0n \u0111\u01b0\u1ee3c thi\u1ebft k\u1ebf ri\u00eang cho MG ZS, \u0111\u1ea3m b\u1ea3o chu\u1ea9n form, \u00f4m kh\u00edt t\u1eebng chi ti\u1ebft s\u00e0n xe. V\u1edbi \u0111\u01b0\u1eddng c\u1eaft ch\u00ednh x\u00e1c, th\u1ea3m kh\u00f4ng b\u1ecb x\u00f4 l\u1ec7ch trong qu\u00e1 tr\u00ecnh l\u00e1i, mang l\u1ea1i c\u1ea3m gi\u00e1c an to\u00e0n v\u00e0 tho\u1ea3i m\u00e1i.<\/figcaption><\/figure>\n<p data-start=\"569\" data-end=\"762\"><strong data-start=\"991\" data-end=\"1013\">Th\u00f4ng tin chi ti\u1ebft th\u1ea3m l\u00f3t s\u00e0n MG ZS<\/strong><\/p>\n<ul>\n<li data-start=\"1017\" data-end=\"1063\">D\u00f2ng xe \u00e1p d\u1ee5ng: MG ZS (t\u1eeb 2020 \u2013 AT\/MT)<\/li>\n<li data-start=\"1066\" data-end=\"1129\">Ch\u1ea5t li\u1ec7u: Nh\u1ef1a TPE nguy\u00ean sinh \u2013 \u0111\u1ed9 d\u1ebbo cao, \u0111\u00e0n h\u1ed3i t\u1ed1t<\/li>\n<li data-start=\"1185\" data-end=\"1245\">M\u00e0u s\u1eafc: \u0110en nguy\u00ean b\u1ea3n<\/li>\n<li data-start=\"1248\" data-end=\"1303\">Th\u1eddi gian l\u1eafp \u0111\u1eb7t: 5\u201310 ph\u00fat, kh\u00f4ng c\u1ea7n c\u1eaft ch\u1ec9nh<\/li>\n<li data-start=\"1306\" data-end=\"1346\">B\u1ea3o h\u00e0nh: L\u00ean t\u1edbi 5 n\u0103m<\/li>\n<\/ul>\n<p data-section-id=\"16xyppf\" data-start=\"1353\" data-end=\"1376\"><strong data-start=\"1357\" data-end=\"1376\">\u01afu \u0111i\u1ec3m n\u1ed5i b\u1eadt th\u1ea3m l\u00f3t s\u00e0n MG ZS<\/strong><\/p>\n<ul>\n<li data-start=\"1378\" data-end=\"1691\">Ch\u1ed1ng n\u01b0\u1edbc 100% \u2013 kh\u00f4ng lo ng\u1ea5m b\u1ea9n khi m\u01b0a, \u1ea9m<\/li>\n<li data-start=\"1378\" data-end=\"1691\">Ch\u1ed1ng tr\u01b0\u1ee3t \u2013 t\u0103ng an to\u00e0n cho ng\u01b0\u1eddi l\u00e1i v\u00e0 h\u00e0nh kh\u00e1ch<\/li>\n<li data-start=\"1378\" data-end=\"1691\">D\u1ec5 v\u1ec7 sinh \u2013 ch\u1ec9 c\u1ea7n x\u1ecbt n\u01b0\u1edbc ho\u1eb7c lau b\u1eb1ng kh\u0103n \u1ea9m<\/li>\n<li data-start=\"1378\" data-end=\"1691\">Kh\u00f4ng m\u00f9i, kh\u00f4ng \u0111\u1ed9c t\u1ed1 \u2013 an to\u00e0n v\u1edbi tr\u1ebb nh\u1ecf, ng\u01b0\u1eddi d\u1ecb \u1ee9ng<\/li>\n<li data-start=\"1378\" data-end=\"1691\">\u00d4m kh\u00edt form s\u00e0n \u2013 kh\u00f4ng tr\u01b0\u1ee3t l\u1ec7ch, kh\u00f4ng c\u1ea5n ch\u00e2n ga\/phanh<\/li>\n<\/ul>\n<p data-section-id=\"tg4lok\" data-start=\"1698\" data-end=\"1713\"><strong data-start=\"1702\" data-end=\"1713\">Gi\u00e1 b\u00e1n th\u1ea3m l\u00f3t s\u00e0n MG ZS<\/strong><\/p>\n<ul>\n<li data-start=\"2237\" data-end=\"2421\"><strong data-start=\"2240\" data-end=\"2255\">Gi\u00e1 combo tr\u1ecdn b\u1ed9:<\/strong> <strong data-start=\"2256\" data-end=\"2273\">2.300.000\u0111\/b\u1ed9<\/strong><\/li>\n<li data-start=\"2237\" data-end=\"2421\"><strong>B\u00e1n l\u1ebb: 2.100.000\u0111<\/strong><\/li>\n<li data-start=\"2237\" data-end=\"2421\"><strong>Th\u1ea3m r\u1ed1i: 200.000\u0111<\/strong><\/li>\n<\/ul>\n<p data-start=\"1715\" data-end=\"1871\">\ud83d\ude9a <strong data-start=\"1816\" data-end=\"1871\">Giao h\u00e0ng to\u00e0n qu\u1ed1c \u2013 ki\u1ec3m tra tr\u01b0\u1edbc khi thanh to\u00e1n<\/strong><\/p>\n<figure id=\"attachment_3024\" aria-describedby=\"caption-attachment-3024\" style=\"width: 1024px\" class=\"wp-caption aligncenter\"><img decoding=\"async\" class=\"wp-image-3024 size-large\" title=\"Th\u1ea3m l\u00f3t s\u00e0n MG ZS\" src=\"http:\/\/khaitest.rf.gd\/wp-content\/uploads\/2025\/07\/sdt.2-23-1024x1024.jpg\" alt=\"Th\u1ea3m l\u00f3t s\u00e0n MG ZS\" width=\"1024\" height=\"1024\" srcset=\"https:\/\/topcar.vn\/wp-content\/uploads\/2025\/07\/sdt.2-23-1024x1024.jpg 1024w, https:\/\/topcar.vn\/wp-content\/uploads\/2025\/07\/sdt.2-23-300x300.jpg 300w, https:\/\/topcar.vn\/wp-content\/uploads\/2025\/07\/sdt.2-23-150x150.jpg 150w, https:\/\/topcar.vn\/wp-content\/uploads\/2025\/07\/sdt.2-23-768x768.jpg 768w, https:\/\/topcar.vn\/wp-content\/uploads\/2025\/07\/sdt.2-23-1536x1536.jpg 1536w, https:\/\/topcar.vn\/wp-content\/uploads\/2025\/07\/sdt.2-23-600x600.jpg 600w, https:\/\/topcar.vn\/wp-content\/uploads\/2025\/07\/sdt.2-23-100x100.jpg 100w, https:\/\/topcar.vn\/wp-content\/uploads\/2025\/07\/sdt.2-23.jpg 1920w\" sizes=\"(max-width: 1024px) 100vw, 1024px\" \/><figcaption id=\"caption-attachment-3024\" class=\"wp-caption-text\">Th\u1ea3m l\u00f3t s\u00e0n MG ZS kh\u00f4ng ch\u1ec9 l\u00e0 ph\u1ee5 ki\u1ec7n b\u1ea3o v\u1ec7 m\u00e0 c\u00f2n l\u00e0 \u0111i\u1ec3m nh\u1ea5n gi\u00fap xe c\u1ee7a b\u1ea1n lu\u00f4n s\u1ea1ch s\u1ebd, sang tr\u1ecdng v\u00e0 \u0111\u1eb3ng c\u1ea5p h\u01a1n<\/figcaption><\/figure>\n<h2 data-section-id=\"1xfblj1\" data-start=\"1878\" data-end=\"1923\"><strong data-start=\"1881\" data-end=\"1923\">Mua th\u1ea3m l\u00f3t s\u00e0n MG ZS ch\u00ednh h\u00e3ng t\u1ea1i Topcar<\/strong><\/h2>\n<p data-start=\"170\" data-end=\"239\">Topcar \u2013 Chuy\u00ean gia th\u1ea3m TPE cao c\u1ea5p theo form chu\u1ea9n t\u1eebng d\u00f2ng xe. Topcar t\u1ef1 h\u00e0o l\u00e0 \u0111\u01a1n v\u1ecb chuy\u00ean cung c\u1ea5p th\u1ea3m s\u00e0n \u00f4 t\u00f4 TPE cao c\u1ea5p, \u0111\u01b0\u1ee3c thi\u1ebft k\u1ebf v\u00e0 s\u1ea3n xu\u1ea5t theo \u0111\u00fang form t\u1eebng d\u00f2ng xe, cam k\u1ebft kh\u00f4ng d\u00f9ng th\u1ea3m c\u1eaft chung, kh\u00f4ng ch\u1ec9nh s\u1eeda th\u1ee7 c\u00f4ng, \u0111\u1ea3m b\u1ea3o \u0111\u1ed9 ho\u00e0n thi\u1ec7n v\u00e0 \u0111\u1ed9 v\u1eeba kh\u00edt \u0111\u1ea1t \u0111\u1ebfn t\u1eebng milimet.<\/p>\n<p data-start=\"496\" data-end=\"1099\">M\u1ed7i b\u1ed9 th\u1ea3m do Topcar cung c\u1ea5p \u0111\u1ec1u \u0111\u01b0\u1ee3c nghi\u00ean c\u1ee9u k\u1ef9 l\u01b0\u1ee1ng theo th\u00f4ng s\u1ed1 th\u1ef1c t\u1ebf c\u1ee7a t\u1eebng m\u1eabu xe, \u0111\u01b0\u1ee3c \u0111\u1ed9i ng\u0169 k\u1ef9 thu\u1eadt chuy\u00ean nghi\u1ec7p \u0111o \u0111\u1ea1c, l\u1ea5y form tr\u1ef1c ti\u1ebfp t\u1ea1i Vi\u1ec7t Nam.<\/p>\n<p data-start=\"496\" data-end=\"1099\">V\u00ed d\u1ee5, v\u1edbi d\u00f2ng xe MG ZS, Topcar \u0111\u00e3 ti\u1ebfn h\u00e0nh \u0111o khu\u00f4n m\u1eabu b\u1eb1ng c\u00f4ng ngh\u1ec7 3D scan \u0111\u1ec3 \u0111\u1ea3m b\u1ea3o th\u1ea3m l\u1eafp v\u00e0o l\u00e0 kh\u00edt ho\u00e0n to\u00e0n \u2013 chu\u1ea9n x\u00e1c \u0111\u1ebfn t\u1eebng chi ti\u1ebft, t\u1eeb g\u1edd ch\u1eafn b\u00f9n, khu v\u1ef1c g\u00e1c ch\u00e2n, t\u1edbi m\u00e9p c\u1eeda v\u00e0 m\u1eb7t s\u00e0n h\u00e0nh kh\u00e1ch. \u0110i\u1ec1u n\u00e0y kh\u00f4ng ch\u1ec9 mang l\u1ea1i t\u00ednh th\u1ea9m m\u1ef9 cao, m\u00e0 c\u00f2n gi\u00fap th\u1ea3m \u00f4m s\u00e1t s\u00e0n xe, kh\u00f4ng x\u00ea d\u1ecbch, kh\u00f4ng cong v\u00eanh, kh\u00f4ng c\u1ea3n tr\u1edf b\u00e0n \u0111\u1ea1p ga, phanh, t\u0103ng c\u01b0\u1eddng an to\u00e0n trong qu\u00e1 tr\u00ecnh s\u1eed d\u1ee5ng.<\/p>\n<p data-start=\"1925\" data-end=\"2156\"><strong style=\"font-size: 16px;\" data-start=\"2297\" data-end=\"2331\">V\u00ec sao kh\u00e1ch h\u00e0ng ch\u1ecdn Topcar?<\/strong><\/p>\n<ul>\n<li data-start=\"2333\" data-end=\"2634\">Th\u1ea3m \u0111\u00fang khu\u00f4n MG ZS \u2013 kh\u00f4ng x\u00f4 l\u1ec7ch, kh\u00f4ng tr\u01b0\u1ee3t ch\u00e2n<\/li>\n<li data-start=\"2333\" data-end=\"2634\">Ch\u1ea5t li\u1ec7u TPE \u0111\u1ea1t chu\u1ea9n RoHS &amp; REACH ch\u00e2u \u00c2u<\/li>\n<li data-start=\"2333\" data-end=\"2634\">Kh\u00f4ng m\u00f9i nh\u1ef1a \u2013 kh\u00f4ng ch\u1ee9a ch\u1ea5t g\u00e2y h\u1ea1i s\u1ee9c kh\u1ecfe<\/li>\n<li data-start=\"2333\" data-end=\"2634\">L\u1eafp nhanh \u2013 kh\u00f4ng c\u1ea7n th\u00e1o gh\u1ebf, kh\u00f4ng \u1ea3nh h\u01b0\u1edfng n\u1ed9i th\u1ea5t<\/li>\n<li data-start=\"2333\" data-end=\"2634\">\u0110\u00f3ng g\u00f3i k\u1ef9 \u2013 v\u1eadn chuy\u1ec3n an to\u00e0n \u2013 b\u1ea3o h\u00e0nh uy t\u00edn<\/li>\n<\/ul>\n<figure id=\"attachment_3026\" aria-describedby=\"caption-attachment-3026\" style=\"width: 1024px\" class=\"wp-caption aligncenter\"><img decoding=\"async\" class=\"wp-image-3026 size-large\" src=\"http:\/\/khaitest.rf.gd\/wp-content\/uploads\/2025\/07\/sdt.3-23-1024x1024.jpg\" alt=\"B\u1ec1 m\u1eb7t ch\u1ed1ng tr\u01a1n tr\u01b0\u1ee3t\" width=\"1024\" height=\"1024\" srcset=\"https:\/\/topcar.vn\/wp-content\/uploads\/2025\/07\/sdt.3-23-1024x1024.jpg 1024w, https:\/\/topcar.vn\/wp-content\/uploads\/2025\/07\/sdt.3-23-300x300.jpg 300w, https:\/\/topcar.vn\/wp-content\/uploads\/2025\/07\/sdt.3-23-150x150.jpg 150w, https:\/\/topcar.vn\/wp-content\/uploads\/2025\/07\/sdt.3-23-768x768.jpg 768w, https:\/\/topcar.vn\/wp-content\/uploads\/2025\/07\/sdt.3-23-1536x1536.jpg 1536w, https:\/\/topcar.vn\/wp-content\/uploads\/2025\/07\/sdt.3-23-600x600.jpg 600w, https:\/\/topcar.vn\/wp-content\/uploads\/2025\/07\/sdt.3-23-100x100.jpg 100w, https:\/\/topcar.vn\/wp-content\/uploads\/2025\/07\/sdt.3-23.jpg 1920w\" sizes=\"(max-width: 1024px) 100vw, 1024px\" \/><figcaption id=\"caption-attachment-3026\" class=\"wp-caption-text\">Thi\u1ebft k\u1ebf tinh t\u1ebf: B\u1ec1 m\u1eb7t ch\u1ed1ng tr\u01a1n tr\u01b0\u1ee3t, c\u00e1c \u0111\u01b0\u1eddng may t\u1ec9 m\u1ec9, t\u0103ng \u0111\u1ed9 sang tr\u1ecdng cho khoang n\u1ed9i th\u1ea5t<\/figcaption><\/figure>\n<p><strong>\ud83d\udcde Li\u00ean h\u1ec7 \u0111\u1eb7t h\u00e0ng:<\/strong><\/p>\n<ul>\n<li data-start=\"2794\" data-end=\"2828\"><strong data-start=\"2794\" data-end=\"2813\">Hotline \/ Zalo:<\/strong> 0889.385.222<\/li>\n<li data-start=\"2831\" data-end=\"2906\"><strong data-start=\"2831\" data-end=\"2843\">\u0110\u1ecba ch\u1ec9:<\/strong> S\u1ed1 9 BT2, Khu \u0111\u00f4 th\u1ecb Foresa Xu\u00e2n Ph\u01b0\u01a1ng, Nam T\u1eeb Li\u00eam, H\u00e0 N\u1ed9i<\/li>\n<li data-start=\"2909\" data-end=\"2960\"><strong data-start=\"2909\" data-end=\"2921\">Website:<\/strong> <a class=\"\" href=\"https:\/\/Topcar.vn\" target=\"_new\" rel=\"noopener\" data-start=\"2922\" data-end=\"2960\">https:\/\/Topcar.vn<\/a><\/li>\n<\/ul>\n<\/div>\n<\/div>\n<\/div>\n<\/div>\n<\/div>\n<\/div>\n<\/article>\n","protected":false},"excerpt":{"rendered":"<ul>\n<li>Mi\u1ec5n ph\u00ed giao h\u00e0ng to\u00e0n qu\u1ed1c<\/li>\n<li>Nh\u1eadn h\u00e0ng &gt; L\u1eafp \u0111\u1eb7t &gt; Thanh to\u00e1n<\/li>\n<li>B\u1ea3o h\u00e0nh 5 n\u0103m<\/li>\n<\/ul>\n","protected":false},"featured_media":3021,"comment_status":"closed","ping_status":"closed","template":"","meta":{"site-sidebar-layout":"no-sidebar","site-content-layout":"content-boxed-container","ast-site-content-layout":"normal-width-container","site-content-style":"boxed","site-sidebar-style":"unboxed","ast-global-header-display":"","ast-banner-title-visibility":"","ast-main-header-display":"","ast-hfb-above-header-display":"","ast-hfb-below-header-display":"","ast-hfb-mobile-header-display":"","site-post-title":"","ast-breadcrumbs-content":"","ast-featured-img":"","footer-sml-layout":"","ast-disable-related-posts":"","theme-transparent-header-meta":"default","adv-header-id-meta":"","stick-header-meta":"","header-above-stick-meta":"","header-main-stick-meta":"","header-below-stick-meta":"","astra-migrate-meta-layouts":"set","ast-page-background-enabled":"default","ast-page-background-meta":{"desktop":{"background-color":"var(--ast-global-color-4)","background-image":"","background-repeat":"repeat","background-position":"center center","background-size":"auto","background-attachment":"scroll","background-type":"","background-media":"","overlay-type":"","overlay-color":"","overlay-opacity":"","overlay-gradient":""},"tablet":{"background-color":"","background-image":"","background-repeat":"repeat","background-position":"center center","background-size":"auto","background-attachment":"scroll","background-type":"","background-media":"","overlay-type":"","overlay-color":"","overlay-opacity":"","overlay-gradient":""},"mobile":{"background-color":"","background-image":"","background-repeat":"repeat","background-position":"center center","background-size":"auto","background-attachment":"scroll","background-type":"","background-media":"","overlay-type":"","overlay-color":"","overlay-opacity":"","overlay-gradient":""}},"ast-content-background-meta":{"desktop":{"background-color":"var(--ast-global-color-5)","background-image":"","background-repeat":"repeat","background-position":"center center","background-size":"auto","background-attachment":"scroll","background-type":"","background-media":"","overlay-type":"","overlay-color":"","overlay-opacity":"","overlay-gradient":""},"tablet":{"background-color":"var(--ast-global-color-5)","background-image":"","background-repeat":"repeat","background-position":"center center","background-size":"auto","background-attachment":"scroll","background-type":"","background-media":"","overlay-type":"","overlay-color":"","overlay-opacity":"","overlay-gradient":""},"mobile":{"background-color":"var(--ast-global-color-5)","background-image":"","background-repeat":"repeat","background-position":"center center","background-size":"auto","background-attachment":"scroll","background-type":"","background-media":"","overlay-type":"","overlay-color":"","overlay-opacity":"","overlay-gradient":""}}},"product_brand":[],"product_cat":[49,43],"product_tag":[78,308,77,151,75,76],"class_list":{"0":"post-2239","1":"product","2":"type-product","3":"status-publish","4":"has-post-thumbnail","6":"product_cat-tham-lot-san-o-to-mg","7":"product_cat-tham-lot-san-o-to","8":"product_tag-tham-lot-san-o-to-cao-su-duc","9":"product_tag-tham-lot-san-o-to-chong-on","10":"product_tag-tham-lot-san-o-to-nhua-duc","11":"product_tag-tham-lot-san-o-to-pvc","12":"product_tag-tham-lot-san-o-to-tot-nhat-hien-nay","13":"product_tag-tham-lot-san-o-to-tpe","14":"desktop-align-left","15":"tablet-align-left","16":"mobile-align-left","18":"first","19":"instock","20":"shipping-taxable","21":"purchasable","22":"product-type-variable"},"_links":{"self":[{"href":"https:\/\/topcar.vn\/index.php?rest_route=\/wp\/v2\/product\/2239","targetHints":{"allow":["GET"]}}],"collection":[{"href":"https:\/\/topcar.vn\/index.php?rest_route=\/wp\/v2\/product"}],"about":[{"href":"https:\/\/topcar.vn\/index.php?rest_route=\/wp\/v2\/types\/product"}],"replies":[{"embeddable":true,"href":"https:\/\/topcar.vn\/index.php?rest_route=%2Fwp%2Fv2%2Fcomments&post=2239"}],"version-history":[{"count":5,"href":"https:\/\/topcar.vn\/index.php?rest_route=\/wp\/v2\/product\/2239\/revisions"}],"predecessor-version":[{"id":3879,"href":"https:\/\/topcar.vn\/index.php?rest_route=\/wp\/v2\/product\/2239\/revisions\/3879"}],"wp:featuredmedia":[{"embeddable":true,"href":"https:\/\/topcar.vn\/index.php?rest_route=\/wp\/v2\/media\/3021"}],"wp:attachment":[{"href":"https:\/\/topcar.vn\/index.php?rest_route=%2Fwp%2Fv2%2Fmedia&parent=2239"}],"wp:term":[{"taxonomy":"product_brand","embeddable":true,"href":"https:\/\/topcar.vn\/index.php?rest_route=%2Fwp%2Fv2%2Fproduct_brand&post=2239"},{"taxonomy":"product_cat","embeddable":true,"href":"https:\/\/topcar.vn\/index.php?rest_route=%2Fwp%2Fv2%2Fproduct_cat&post=2239"},{"taxonomy":"product_tag","embeddable":true,"href":"https:\/\/topcar.vn\/index.php?rest_route=%2Fwp%2Fv2%2Fproduct_tag&post=2239"}],"curies":[{"name":"wp","href":"https:\/\/api.w.org\/{rel}","templated":true}]}}