{"id":2235,"date":"2025-07-29T10:54:15","date_gmt":"2025-07-29T03:54:15","guid":{"rendered":"http:\/\/khaitest.rf.gd\/?post_type=product&#038;p=2235"},"modified":"2025-09-08T16:22:08","modified_gmt":"2025-09-08T09:22:08","slug":"tham-lot-san-mg5-at-so-tu-dong","status":"publish","type":"product","link":"https:\/\/topcar.vn\/?product=tham-lot-san-mg5-at-so-tu-dong","title":{"rendered":"Th\u1ea3m l\u00f3t s\u00e0n MG5 AT s\u1ed1 t\u1ef1 \u0111\u1ed9ng"},"content":{"rendered":"<article class=\"text-token-text-primary w-full\" dir=\"auto\" data-testid=\"conversation-turn-10\" data-scroll-anchor=\"true\">\n<div class=\"text-base my-auto mx-auto pb-10 [--thread-content-margin:--spacing(4)] @[37rem]:[--thread-content-margin:--spacing(6)] @[72rem]:[--thread-content-margin:--spacing(16)] px-(--thread-content-margin)\">\n<div class=\"[--thread-content-max-width:32rem] @[34rem]:[--thread-content-max-width:40rem] @[64rem]:[--thread-content-max-width:48rem] mx-auto max-w-(--thread-content-max-width) flex-1 group\/turn-messages focus-visible:outline-hidden relative flex w-full min-w-0 flex-col agent-turn\" tabindex=\"-1\">\n<div class=\"flex max-w-full flex-col grow\">\n<div class=\"min-h-8 text-message relative flex w-full flex-col items-end gap-2 text-start break-words whitespace-normal [.text-message+&amp;]:mt-5\" dir=\"auto\" data-message-author-role=\"assistant\" data-message-id=\"6ee8a93f-7fdb-4c7e-b8bb-2a874c3d517b\" data-message-model-slug=\"gpt-4o\">\n<div class=\"flex w-full flex-col gap-1 empty:hidden first:pt-[3px]\">\n<div class=\"markdown prose dark:prose-invert w-full break-words light\">\n<p data-section-id=\"1c9mpm0\" data-start=\"167\" data-end=\"236\"><em><strong>Th\u1ea3m l\u00f3t s\u00e0n MG5 AT \u2013 Ch\u1ed1ng b\u1ea9n to\u00e0n di\u1ec7n, n\u00e2ng t\u1ea7m khoang l\u00e1i. B\u1ea1n s\u1edf h\u1eefu chi\u1ebfc MG5 AT tr\u1ebb trung, hi\u1ec7n \u0111\u1ea1i v\u00e0 \u0111ang t\u00ecm gi\u1ea3i ph\u00e1p gi\u1eef cho s\u00e0n xe lu\u00f4n s\u1ea1ch \u0111\u1eb9p, b\u1ec1n b\u1ec9 theo th\u1eddi gian? B\u1ed9 th\u1ea3m l\u00f3t s\u00e0n nh\u1ef1a TPE nguy\u00ean sinh chu\u1ea9n qu\u1ed1c t\u1ebf l\u00e0 ph\u1ee5 ki\u1ec7n kh\u00f4ng th\u1ec3 thi\u1ebfu \u0111\u1ec3 b\u1ea3o v\u1ec7 n\u1ed9i th\u1ea5t, \u0111\u1ea3m b\u1ea3o v\u1ec7 sinh v\u00e0 mang l\u1ea1i tr\u1ea3i nghi\u1ec7m l\u00e1i xe tho\u1ea3i m\u00e1i m\u1ed7i ng\u00e0y.<\/strong><\/em><\/p>\n<h2 data-section-id=\"1xicj30\" data-start=\"533\" data-end=\"559\"><strong data-start=\"536\" data-end=\"559\">Gi\u1edbi thi\u1ec7u s\u1ea3n ph\u1ea9m th\u1ea3m l\u00f3t s\u00e0n MG5 AT<\/strong><\/h2>\n<p data-start=\"561\" data-end=\"804\">B\u1ed9 th\u1ea3m l\u00f3t s\u00e0n MG5 AT t\u1ea1i Topcar \u0111\u01b0\u1ee3c thi\u1ebft k\u1ebf chuy\u00ean bi\u1ec7t, d\u1ef1a tr\u00ean khu\u00f4n s\u00e0n nguy\u00ean b\u1ea3n c\u1ee7a t\u1eebng phi\u00ean b\u1ea3n MG5 AT t\u1ea1i th\u1ecb tr\u01b0\u1eddng Vi\u1ec7t Nam. Nh\u1edd \u00e1p d\u1ee5ng c\u00f4ng ngh\u1ec7 \u0111o form th\u1ef1c t\u1ebf v\u00e0 s\u1ea3n xu\u1ea5t theo m\u1eabu \u0111\u1ed9c l\u1eadp, th\u1ea3m l\u1eafp v\u00e0o kh\u00f4ng c\u1ea7n c\u1eaft ch\u1ec9nh, kh\u00f4ng h\u1edf m\u00e9p, \u00f4m s\u00e1t to\u00e0n b\u1ed9 s\u00e0n xe \u2013 \u0111\u1eb7c bi\u1ec7t l\u00e0 c\u00e1c v\u1ecb tr\u00ed nh\u1ea1y c\u1ea3m nh\u01b0 khu v\u1ef1c \u0111\u1ec3 ch\u00e2n t\u00e0i x\u1ebf, h\u00e0nh kh\u00e1ch ph\u00eda tr\u01b0\u1edbc v\u00e0 s\u00e0n h\u00e0ng gh\u1ebf sau.<\/p>\n<p data-start=\"561\" data-end=\"804\">S\u1ef1 v\u1eeba kh\u00edt n\u00e0y kh\u00f4ng ch\u1ec9 gi\u00fap n\u00e2ng cao t\u00ednh th\u1ea9m m\u1ef9 m\u00e0 c\u00f2n \u0111\u1ea3m b\u1ea3o kh\u00f4ng g\u00e2y v\u01b0\u1edbng v\u00edu khi \u0111\u1ea1p ga phanh, g\u00f3p ph\u1ea7n t\u0103ng \u0111\u1ed9 an to\u00e0n trong qu\u00e1 tr\u00ecnh v\u1eadn h\u00e0nh. Th\u1ea3m MG5 AT t\u1ea1i Topcar \u1ee9ng d\u1ee5ng c\u00f4ng ngh\u1ec7 \u00e9p nhi\u1ec7t 5D hi\u1ec7n \u0111\u1ea1i, t\u1ea1o n\u00ean b\u1ec1 m\u1eb7t v\u1edbi c\u00e1c \u0111\u01b0\u1eddng g\u00e2n n\u1ed5i s\u1eafc n\u00e9t, kh\u00f4ng ch\u1ec9 t\u0103ng \u0111\u1ed9 b\u00e1m ch\u00e2n gi\u00fap ng\u01b0\u1eddi l\u00e1i \u0111i\u1ec1u khi\u1ec3n an to\u00e0n h\u01a1n, m\u00e0 c\u00f2n gi\u1eef b\u1ee5i b\u1ea9n, \u0111\u1ea5t c\u00e1t v\u00e0 n\u01b0\u1edbc \u0111\u1ecdng kh\u00f4ng b\u1ecb tr\u00e0n lan ra s\u00e0n xe. B\u1ec1 m\u1eb7t d\u1ec5 lau ch\u00f9i, ch\u1ed1ng b\u00e1m b\u1ea9n, gi\u00fap ti\u1ebft ki\u1ec7m th\u1eddi gian v\u1ec7 sinh, gi\u1eef cho n\u1ed9i th\u1ea5t lu\u00f4n g\u1ecdn g\u00e0ng, s\u1ea1ch s\u1ebd.<\/p>\n<figure id=\"attachment_3029\" aria-describedby=\"caption-attachment-3029\" style=\"width: 718px\" class=\"wp-caption aligncenter\"><img fetchpriority=\"high\" decoding=\"async\" class=\"wp-image-3029 size-full\" src=\"http:\/\/khaitest.rf.gd\/wp-content\/uploads\/2025\/07\/sdt.1-24.jpg\" alt=\"th\u1ea3m l\u00f3t s\u00e0n MG5 AT\" width=\"718\" height=\"718\" srcset=\"https:\/\/topcar.vn\/wp-content\/uploads\/2025\/07\/sdt.1-24.jpg 718w, https:\/\/topcar.vn\/wp-content\/uploads\/2025\/07\/sdt.1-24-300x300.jpg 300w, https:\/\/topcar.vn\/wp-content\/uploads\/2025\/07\/sdt.1-24-150x150.jpg 150w, https:\/\/topcar.vn\/wp-content\/uploads\/2025\/07\/sdt.1-24-600x600.jpg 600w, https:\/\/topcar.vn\/wp-content\/uploads\/2025\/07\/sdt.1-24-100x100.jpg 100w\" sizes=\"(max-width: 718px) 100vw, 718px\" \/><figcaption id=\"caption-attachment-3029\" class=\"wp-caption-text\">th\u1ea3m l\u00f3t s\u00e0n MG5 AT<\/figcaption><\/figure>\n<p data-section-id=\"t7l1pc\" data-start=\"951\" data-end=\"977\"><strong data-start=\"955\" data-end=\"977\">Th\u00f4ng tin chi ti\u1ebft th\u1ea3m l\u00f3t s\u00e0n MG5 AT<\/strong><\/p>\n<ul>\n<li data-start=\"981\" data-end=\"1038\">D\u00f2ng xe \u00e1p d\u1ee5ng: MG5 s\u1ed1 t\u1ef1 \u0111\u1ed9ng AT (t\u1eeb 2022 tr\u1edf \u0111i)<\/li>\n<li data-start=\"1041\" data-end=\"1098\">S\u1ed1 l\u01b0\u1ee3ng chi ti\u1ebft: 5\u20136 mi\u1ebfng (c\u00f3 t\u00f9y ch\u1ecdn th\u1ea3m c\u1ed1p)<\/li>\n<li data-start=\"1101\" data-end=\"1155\">Ch\u1ea5t li\u1ec7u: Nh\u1ef1a TPE cao c\u1ea5p \u2013 kh\u00f4ng pha t\u00e1i sinh<\/li>\n<li data-start=\"1158\" data-end=\"1225\">M\u00e0u s\u1eafc ph\u1ed5 bi\u1ebfn: \u0110en nguy\u00ean b\u1ea3n<\/li>\n<li data-start=\"1228\" data-end=\"1272\">B\u1ea3o h\u00e0nh: 5 n\u0103m \u2013 l\u1ed7i k\u1ef9 thu\u1eadt \u0111\u1ed5i m\u1edbi<\/li>\n<\/ul>\n<p data-section-id=\"16xyppf\" data-start=\"1279\" data-end=\"1302\"><strong data-start=\"1283\" data-end=\"1302\">\u01afu \u0111i\u1ec3m n\u1ed5i b\u1eadt th\u1ea3m l\u00f3t s\u00e0n MG5 AT<\/strong><\/p>\n<ul>\n<li data-start=\"1304\" data-end=\"1604\">Kh\u00f4ng th\u1ea5m n\u01b0\u1edbc \u2013 b\u1ea3o v\u1ec7 s\u00e0n xe t\u1ed1i \u0111a trong m\u00f9a m\u01b0a<\/li>\n<li data-start=\"1304\" data-end=\"1604\">Ch\u1ed1ng tr\u01a1n tr\u01b0\u1ee3t hi\u1ec7u qu\u1ea3 \u2013 an to\u00e0n khi ra v\u00e0o xe<\/li>\n<li data-start=\"1304\" data-end=\"1604\">Kh\u00f4ng b\u1ed1c m\u00f9i d\u00f9 s\u1eed d\u1ee5ng th\u1eddi gian d\u00e0i<\/li>\n<li data-start=\"1304\" data-end=\"1604\">Kh\u00f4ng c\u1ea7n v\u1ec7 sinh th\u01b0\u1eddng xuy\u00ean \u2013 lau ch\u00f9i \u0111\u01a1n gi\u1ea3n b\u1eb1ng kh\u0103n \u1ea9m<\/li>\n<li data-start=\"1304\" data-end=\"1604\">Gi\u1eef xe lu\u00f4n g\u1ecdn g\u00e0ng, s\u1ea1ch s\u1ebd \u2013 t\u0103ng gi\u00e1 tr\u1ecb khi b\u00e1n l\u1ea1i<\/li>\n<\/ul>\n<figure id=\"attachment_3030\" aria-describedby=\"caption-attachment-3030\" style=\"width: 718px\" class=\"wp-caption aligncenter\"><img decoding=\"async\" class=\"wp-image-3030 size-full\" src=\"http:\/\/khaitest.rf.gd\/wp-content\/uploads\/2025\/07\/sdt.2-24.jpg\" alt=\"Kh\u00f4ng b\u1ed1c m\u00f9i d\u00f9 s\u1eed d\u1ee5ng th\u1eddi gian d\u00e0i\" width=\"718\" height=\"718\" srcset=\"https:\/\/topcar.vn\/wp-content\/uploads\/2025\/07\/sdt.2-24.jpg 718w, https:\/\/topcar.vn\/wp-content\/uploads\/2025\/07\/sdt.2-24-300x300.jpg 300w, https:\/\/topcar.vn\/wp-content\/uploads\/2025\/07\/sdt.2-24-150x150.jpg 150w, https:\/\/topcar.vn\/wp-content\/uploads\/2025\/07\/sdt.2-24-600x600.jpg 600w, https:\/\/topcar.vn\/wp-content\/uploads\/2025\/07\/sdt.2-24-100x100.jpg 100w\" sizes=\"(max-width: 718px) 100vw, 718px\" \/><figcaption id=\"caption-attachment-3030\" class=\"wp-caption-text\">Th\u1ea3m l\u00f3t kh\u00f4ng b\u1ed1c m\u00f9i d\u00f9 s\u1eed d\u1ee5ng th\u1eddi gian d\u00e0i<\/figcaption><\/figure>\n<p data-section-id=\"tg4lok\" data-start=\"1611\" data-end=\"1626\"><strong data-start=\"1615\" data-end=\"1626\">Gi\u00e1 b\u00e1n th\u1ea3m l\u00f3t s\u00e0n MG5 AT<\/strong><\/p>\n<ul>\n<li data-start=\"2237\" data-end=\"2421\"><strong data-start=\"2240\" data-end=\"2255\">Gi\u00e1 combo tr\u1ecdn b\u1ed9:<\/strong> <strong data-start=\"2256\" data-end=\"2273\">2.200.000\u0111\/b\u1ed9<\/strong><\/li>\n<li data-start=\"2237\" data-end=\"2421\"><strong>B\u00e1n l\u1ebb: 2.000.000\u0111<\/strong><\/li>\n<li data-start=\"2237\" data-end=\"2421\"><strong>Th\u1ea3m r\u1ed1i: 200.000\u0111<\/strong><\/li>\n<\/ul>\n<p data-start=\"1628\" data-end=\"1789\">\ud83d\ude9b <strong data-start=\"1728\" data-end=\"1789\">Giao h\u00e0ng to\u00e0n qu\u1ed1c \u2013 Nh\u1eadn h\u00e0ng ki\u1ec3m tra tr\u01b0\u1edbc thanh to\u00e1n<\/strong><\/p>\n<h2 data-section-id=\"1xfblj1\" data-start=\"1796\" data-end=\"1841\"><strong data-start=\"1799\" data-end=\"1841\">Mua th\u1ea3m l\u00f3t s\u00e0n MG5 AT ch\u00ednh h\u00e3ng t\u1ea1i Topcar<\/strong><\/h2>\n<p data-start=\"212\" data-end=\"699\">T\u1ea1i Topcar, ch\u00fang t\u00f4i hi\u1ec3u r\u1eb1ng m\u1ed7i chi\u1ebfc xe \u0111\u1ec1u x\u1ee9ng \u0111\u00e1ng \u0111\u01b0\u1ee3c ch\u0103m ch\u00fat t\u1ec9 m\u1ec9 \u0111\u1ebfn t\u1eebng chi ti\u1ebft nh\u1ecf nh\u1ea5t \u2013 \u0111\u1eb7c bi\u1ec7t l\u00e0 khu v\u1ef1c s\u00e0n xe, n\u01a1i d\u1ec5 b\u00e1m b\u1ee5i b\u1ea9n, \u1ea9m m\u1ed1c v\u00e0 ch\u1ecbu \u1ea3nh h\u01b0\u1edfng tr\u1ef1c ti\u1ebfp t\u1eeb th\u1eddi ti\u1ebft. Ch\u00ednh v\u00ec v\u1eady, Topcar kh\u00f4ng cung c\u1ea5p th\u1ea3m l\u00f3t s\u1ea3n xu\u1ea5t \u0111\u1ea1i tr\u00e0, kh\u00f4ng d\u00f9ng h\u00e0ng c\u1eaft s\u1eb5n th\u1ee7 c\u00f4ng hay form &#8220;g\u1ea7n \u0111\u00fang&#8221;. Thay v\u00e0o \u0111\u00f3, ch\u00fang t\u00f4i \u0111\u1ea7u t\u01b0 \u0111o m\u1eabu ri\u00eang bi\u1ec7t cho t\u1eebng phi\u00ean b\u1ea3n xe, trong \u0111\u00f3 bao g\u1ed3m c\u1ea3 d\u00f2ng MG5 AT \u2013 m\u1ed9t m\u1eabu sedan \u0111ang \u0111\u01b0\u1ee3c \u01b0a chu\u1ed9ng t\u1ea1i Vi\u1ec7t Nam.<\/p>\n<p data-start=\"701\" data-end=\"1073\">V\u1edbi MG5 AT, \u0111\u1ed9i ng\u0169 k\u1ef9 thu\u1eadt vi\u00ean c\u1ee7a Topcar \u0111\u00e3 tr\u1ef1c ti\u1ebfp ti\u1ebfn h\u00e0nh scan 5D v\u00e0 \u0111o \u0111\u1ea1c form th\u1ef1c t\u1ebf tr\u00ean xe t\u1ea1i th\u1ecb tr\u01b0\u1eddng Vi\u1ec7t Nam, \u0111\u1ea3m b\u1ea3o th\u1ea3m khi s\u1ea3n xu\u1ea5t ra s\u1ebd kh\u00edt ho\u00e0n to\u00e0n v\u1edbi m\u1eb7t s\u00e0n nguy\u00ean b\u1ea3n, t\u1eeb h\u1ed1c ch\u00e2n gh\u1ebf, g\u1edd s\u00e0n cho \u0111\u1ebfn t\u1eebng \u0111\u01b0\u1eddng vi\u1ec1n s\u00e1t c\u1eeda. Nh\u1edd v\u1eady, khi l\u1eafp l\u00ean xe, th\u1ea3m v\u1eeba v\u1eb7n tuy\u1ec7t \u0111\u1ed1i, kh\u00f4ng b\u1ecb x\u00f4 l\u1ec7ch hay cong v\u00eanh trong qu\u00e1 tr\u00ecnh s\u1eed d\u1ee5ng.<\/p>\n<p data-start=\"701\" data-end=\"1073\">S\u1ea3n ph\u1ea9m th\u1ea3m l\u00f3t s\u00e0n TPE d\u00e0nh cho MG5 AT t\u1ea1i Topcar kh\u00f4ng ch\u1ec9 \u0111\u01a1n thu\u1ea7n l\u00e0 ph\u1ee5 ki\u1ec7n b\u1ea3o v\u1ec7, m\u00e0 c\u00f2n l\u00e0 \u0111i\u1ec3m nh\u1ea5n n\u00e2ng t\u1ea7m kh\u00f4ng gian n\u1ed9i th\u1ea5t, th\u1ec3 hi\u1ec7n s\u1ef1 k\u1ef9 l\u01b0\u1ee1ng v\u00e0 gu th\u1ea9m m\u1ef9 c\u1ee7a ch\u1ee7 xe. M\u1ed7i chi ti\u1ebft \u0111\u01b0\u1ee3c thi\u1ebft k\u1ebf \u0111\u1ec3 v\u1eeba \u0111\u1ea3m b\u1ea3o c\u00f4ng n\u0103ng s\u1eed d\u1ee5ng, v\u1eeba gi\u1eef \u0111\u01b0\u1ee3c v\u1ebb tinh t\u1ebf, hi\u1ec7n \u0111\u1ea1i, ph\u00f9 h\u1ee3p v\u1edbi phong c\u00e1ch c\u1ee7a nh\u1eefng ng\u01b0\u1eddi s\u1edf h\u1eefu MG5 AT \u2013 n\u0103ng \u0111\u1ed9ng, th\u1eddi th\u01b0\u1ee3ng v\u00e0 th\u1ef1c t\u1ebf.<\/p>\n<p data-section-id=\"1xzgbut\" data-start=\"2234\" data-end=\"2263\"><strong data-start=\"2238\" data-end=\"2263\">L\u00fd do n\u00ean ch\u1ecdn Topcar<\/strong><\/p>\n<ul>\n<li data-start=\"2265\" data-end=\"2517\">Cam k\u1ebft \u0111\u00fang form MG5 AT \u2013 kh\u00f4ng l\u1ec7ch, kh\u00f4ng v\u00eanh<\/li>\n<li data-start=\"2265\" data-end=\"2517\">Ch\u1ea5t li\u1ec7u nh\u1ef1a TPE chu\u1ea9n qu\u1ed1c t\u1ebf \u2013 kh\u00f4ng pha h\u00e0ng t\u00e1i ch\u1ebf<\/li>\n<li data-start=\"2265\" data-end=\"2517\">S\u1ea3n ph\u1ea9m \u0111\u1ea1t chu\u1ea9n an to\u00e0n s\u1ee9c kh\u1ecfe ch\u00e2u \u00c2u (RoHS, REACH)<\/li>\n<li data-start=\"2265\" data-end=\"2517\">H\u1ed7 tr\u1ee3 l\u1eafp \u0111\u1eb7t, giao nhanh to\u00e0n qu\u1ed1c, h\u1eadu m\u00e3i uy t\u00edn<\/li>\n<\/ul>\n<figure id=\"attachment_3032\" aria-describedby=\"caption-attachment-3032\" style=\"width: 718px\" class=\"wp-caption aligncenter\"><img decoding=\"async\" class=\"wp-image-3032 size-full\" src=\"http:\/\/khaitest.rf.gd\/wp-content\/uploads\/2025\/07\/sdt.4-19.jpg\" alt=\"S\u1ea3n ph\u1ea9m th\u1ea3m l\u00f3t s\u00e0n TPE d\u00e0nh cho MG5 AT\" width=\"718\" height=\"718\" srcset=\"https:\/\/topcar.vn\/wp-content\/uploads\/2025\/07\/sdt.4-19.jpg 718w, https:\/\/topcar.vn\/wp-content\/uploads\/2025\/07\/sdt.4-19-300x300.jpg 300w, https:\/\/topcar.vn\/wp-content\/uploads\/2025\/07\/sdt.4-19-150x150.jpg 150w, https:\/\/topcar.vn\/wp-content\/uploads\/2025\/07\/sdt.4-19-600x600.jpg 600w, https:\/\/topcar.vn\/wp-content\/uploads\/2025\/07\/sdt.4-19-100x100.jpg 100w\" sizes=\"(max-width: 718px) 100vw, 718px\" \/><figcaption id=\"caption-attachment-3032\" class=\"wp-caption-text\">S\u1ea3n ph\u1ea9m th\u1ea3m l\u00f3t s\u00e0n TPE d\u00e0nh cho MG5 AT t\u1ea1i Topcar<\/figcaption><\/figure>\n<p><strong>\ud83d\udcde Li\u00ean h\u1ec7 \u0111\u1eb7t h\u00e0ng:<\/strong><\/p>\n<ul>\n<li data-start=\"2794\" data-end=\"2828\"><strong data-start=\"2794\" data-end=\"2813\">Hotline \/ Zalo:<\/strong> 0889.385.222<\/li>\n<li data-start=\"2831\" data-end=\"2906\"><strong data-start=\"2831\" data-end=\"2843\">\u0110\u1ecba ch\u1ec9:<\/strong> S\u1ed1 9 BT2, Khu \u0111\u00f4 th\u1ecb Foresa Xu\u00e2n Ph\u01b0\u01a1ng, Nam T\u1eeb Li\u00eam, H\u00e0 N\u1ed9i<\/li>\n<li data-start=\"2909\" data-end=\"2960\"><strong data-start=\"2909\" data-end=\"2921\">Website:<\/strong> <a class=\"\" href=\"https:\/\/Topcar.vn\" target=\"_new\" rel=\"noopener\" data-start=\"2922\" data-end=\"2960\">https:\/\/Topcar.vn<\/a><\/li>\n<\/ul>\n<\/div>\n<\/div>\n<\/div>\n<\/div>\n<\/div>\n<\/div>\n<\/article>\n","protected":false},"excerpt":{"rendered":"<ul>\n<li>Mi\u1ec5n ph\u00ed giao h\u00e0ng to\u00e0n qu\u1ed1c<\/li>\n<li>Nh\u1eadn h\u00e0ng &gt; L\u1eafp \u0111\u1eb7t &gt; Thanh to\u00e1n<\/li>\n<li>B\u1ea3o h\u00e0nh 5 n\u0103m<\/li>\n<\/ul>\n","protected":false},"featured_media":3019,"comment_status":"closed","ping_status":"closed","template":"","meta":{"site-sidebar-layout":"no-sidebar","site-content-layout":"content-boxed-container","ast-site-content-layout":"normal-width-container","site-content-style":"boxed","site-sidebar-style":"unboxed","ast-global-header-display":"","ast-banner-title-visibility":"","ast-main-header-display":"","ast-hfb-above-header-display":"","ast-hfb-below-header-display":"","ast-hfb-mobile-header-display":"","site-post-title":"","ast-breadcrumbs-content":"","ast-featured-img":"","footer-sml-layout":"","ast-disable-related-posts":"","theme-transparent-header-meta":"default","adv-header-id-meta":"","stick-header-meta":"","header-above-stick-meta":"","header-main-stick-meta":"","header-below-stick-meta":"","astra-migrate-meta-layouts":"set","ast-page-background-enabled":"default","ast-page-background-meta":{"desktop":{"background-color":"var(--ast-global-color-4)","background-image":"","background-repeat":"repeat","background-position":"center center","background-size":"auto","background-attachment":"scroll","background-type":"","background-media":"","overlay-type":"","overlay-color":"","overlay-opacity":"","overlay-gradient":""},"tablet":{"background-color":"","background-image":"","background-repeat":"repeat","background-position":"center center","background-size":"auto","background-attachment":"scroll","background-type":"","background-media":"","overlay-type":"","overlay-color":"","overlay-opacity":"","overlay-gradient":""},"mobile":{"background-color":"","background-image":"","background-repeat":"repeat","background-position":"center center","background-size":"auto","background-attachment":"scroll","background-type":"","background-media":"","overlay-type":"","overlay-color":"","overlay-opacity":"","overlay-gradient":""}},"ast-content-background-meta":{"desktop":{"background-color":"var(--ast-global-color-5)","background-image":"","background-repeat":"repeat","background-position":"center center","background-size":"auto","background-attachment":"scroll","background-type":"","background-media":"","overlay-type":"","overlay-color":"","overlay-opacity":"","overlay-gradient":""},"tablet":{"background-color":"var(--ast-global-color-5)","background-image":"","background-repeat":"repeat","background-position":"center center","background-size":"auto","background-attachment":"scroll","background-type":"","background-media":"","overlay-type":"","overlay-color":"","overlay-opacity":"","overlay-gradient":""},"mobile":{"background-color":"var(--ast-global-color-5)","background-image":"","background-repeat":"repeat","background-position":"center center","background-size":"auto","background-attachment":"scroll","background-type":"","background-media":"","overlay-type":"","overlay-color":"","overlay-opacity":"","overlay-gradient":""}}},"product_brand":[],"product_cat":[49,43],"product_tag":[78,308,77,151,75,76],"class_list":{"0":"post-2235","1":"product","2":"type-product","3":"status-publish","4":"has-post-thumbnail","6":"product_cat-tham-lot-san-o-to-mg","7":"product_cat-tham-lot-san-o-to","8":"product_tag-tham-lot-san-o-to-cao-su-duc","9":"product_tag-tham-lot-san-o-to-chong-on","10":"product_tag-tham-lot-san-o-to-nhua-duc","11":"product_tag-tham-lot-san-o-to-pvc","12":"product_tag-tham-lot-san-o-to-tot-nhat-hien-nay","13":"product_tag-tham-lot-san-o-to-tpe","14":"desktop-align-left","15":"tablet-align-left","16":"mobile-align-left","18":"first","19":"instock","20":"shipping-taxable","21":"purchasable","22":"product-type-variable"},"_links":{"self":[{"href":"https:\/\/topcar.vn\/index.php?rest_route=\/wp\/v2\/product\/2235","targetHints":{"allow":["GET"]}}],"collection":[{"href":"https:\/\/topcar.vn\/index.php?rest_route=\/wp\/v2\/product"}],"about":[{"href":"https:\/\/topcar.vn\/index.php?rest_route=\/wp\/v2\/types\/product"}],"replies":[{"embeddable":true,"href":"https:\/\/topcar.vn\/index.php?rest_route=%2Fwp%2Fv2%2Fcomments&post=2235"}],"version-history":[{"count":5,"href":"https:\/\/topcar.vn\/index.php?rest_route=\/wp\/v2\/product\/2235\/revisions"}],"predecessor-version":[{"id":3880,"href":"https:\/\/topcar.vn\/index.php?rest_route=\/wp\/v2\/product\/2235\/revisions\/3880"}],"wp:featuredmedia":[{"embeddable":true,"href":"https:\/\/topcar.vn\/index.php?rest_route=\/wp\/v2\/media\/3019"}],"wp:attachment":[{"href":"https:\/\/topcar.vn\/index.php?rest_route=%2Fwp%2Fv2%2Fmedia&parent=2235"}],"wp:term":[{"taxonomy":"product_brand","embeddable":true,"href":"https:\/\/topcar.vn\/index.php?rest_route=%2Fwp%2Fv2%2Fproduct_brand&post=2235"},{"taxonomy":"product_cat","embeddable":true,"href":"https:\/\/topcar.vn\/index.php?rest_route=%2Fwp%2Fv2%2Fproduct_cat&post=2235"},{"taxonomy":"product_tag","embeddable":true,"href":"https:\/\/topcar.vn\/index.php?rest_route=%2Fwp%2Fv2%2Fproduct_tag&post=2235"}],"curies":[{"name":"wp","href":"https:\/\/api.w.org\/{rel}","templated":true}]}}