{"id":2225,"date":"2025-07-29T10:07:06","date_gmt":"2025-07-29T03:07:06","guid":{"rendered":"http:\/\/khaitest.rf.gd\/?post_type=product&#038;p=2225"},"modified":"2025-09-08T16:50:59","modified_gmt":"2025-09-08T09:50:59","slug":"tham-lot-san-lexus-rx350-2023-2025","status":"publish","type":"product","link":"https:\/\/topcar.vn\/product\/tham-lot-san-lexus-rx350-2023-2025\/","title":{"rendered":"Th\u1ea3m l\u00f3t s\u00e0n Lexus RX350 2023\u20132025"},"content":{"rendered":"<article class=\"text-token-text-primary w-full\" dir=\"auto\" data-testid=\"conversation-turn-10\" data-scroll-anchor=\"true\">\n<div class=\"text-base my-auto mx-auto pb-10 [--thread-content-margin:--spacing(4)] @[37rem]:[--thread-content-margin:--spacing(6)] @[72rem]:[--thread-content-margin:--spacing(16)] px-(--thread-content-margin)\">\n<div class=\"[--thread-content-max-width:32rem] @[34rem]:[--thread-content-max-width:40rem] @[64rem]:[--thread-content-max-width:48rem] mx-auto max-w-(--thread-content-max-width) flex-1 group\/turn-messages focus-visible:outline-hidden relative flex w-full min-w-0 flex-col agent-turn\" tabindex=\"-1\">\n<div class=\"flex max-w-full flex-col grow\">\n<div class=\"min-h-8 text-message relative flex w-full flex-col items-end gap-2 text-start break-words whitespace-normal [.text-message+&amp;]:mt-5\" dir=\"auto\" data-message-author-role=\"assistant\" data-message-id=\"6ee8a93f-7fdb-4c7e-b8bb-2a874c3d517b\" data-message-model-slug=\"gpt-4o\">\n<div class=\"flex w-full flex-col gap-1 empty:hidden first:pt-[3px]\">\n<div class=\"markdown prose dark:prose-invert w-full break-words light\">\n<p data-section-id=\"b97cdu\" data-start=\"190\" data-end=\"297\"><em><strong>Th\u1ea3m l\u00f3t s\u00e0n Lexus RX350 2023\u20132025 \u2013 Sang tr\u1ecdng, an to\u00e0n v\u1edbi ch\u1ea5t li\u1ec7u TPE nguy\u00ean sinh chu\u1ea9n qu\u1ed1c t\u1ebf. Chi\u1ebfc Lexus RX350 2023\u20132025 th\u1ebf h\u1ec7 m\u1edbi kh\u00f4ng ch\u1ec9 n\u1ed5i b\u1eadt nh\u1edd thi\u1ebft k\u1ebf hi\u1ec7n \u0111\u1ea1i v\u00e0 c\u00f4ng ngh\u1ec7 ti\u00ean ti\u1ebfn m\u00e0 c\u00f2n c\u1ea7n \u0111\u01b0\u1ee3c b\u1ea3o v\u1ec7 t\u1ed1i \u01b0u t\u1eeb b\u00ean trong. B\u1ed9 th\u1ea3m l\u00f3t s\u00e0n nh\u1ef1a TPE nguy\u00ean sinh chu\u1ea9n qu\u1ed1c t\u1ebf ch\u00ednh l\u00e0 l\u1ef1a ch\u1ecdn ho\u00e0n h\u1ea3o \u0111\u1ec3 gi\u1eef cho n\u1ed9i th\u1ea5t xe lu\u00f4n s\u1ea1ch s\u1ebd, an to\u00e0n v\u00e0 \u0111\u1eb3ng c\u1ea5p \u0111\u00fang ch\u1ea5t SUV h\u1ea1ng sang.<\/strong><\/em><\/p>\n<h2 data-section-id=\"1xicj30\" data-start=\"615\" data-end=\"641\"><strong data-start=\"618\" data-end=\"641\">Gi\u1edbi thi\u1ec7u s\u1ea3n ph\u1ea9m th\u1ea3m l\u00f3t s\u00e0n Lexus RX350 2023\u20132025<\/strong><\/h2>\n<p data-section-id=\"1xicj30\" data-start=\"615\" data-end=\"641\"><strong data-start=\"618\" data-end=\"641\">Th\u1ea3m l\u00f3t s\u00e0n Lexus RX350 2023\u20132025<\/strong>\u00a0\u0111\u01b0\u1ee3c thi\u1ebft k\u1ebf theo \u0111\u00fang chu\u1ea9n k\u00edch th\u01b0\u1edbc v\u00e0 m\u1eb7t s\u00e0n xe nguy\u00ean b\u1ea3n. S\u1ea3n ph\u1ea9m \u0111\u01b0\u1ee3c \u0111\u00fac nguy\u00ean kh\u1ed1i b\u1eb1ng nh\u1ef1a TPE nguy\u00ean sinh kh\u00f4ng pha t\u1ea1p, \u0111\u1ea1t ti\u00eau chu\u1ea9n qu\u1ed1c t\u1ebf v\u1ec1 \u0111\u1ed9 an to\u00e0n v\u00e0 th\u00e2n thi\u1ec7n v\u1edbi s\u1ee9c kh\u1ecfe ng\u01b0\u1eddi d\u00f9ng.<\/p>\n<p data-start=\"920\" data-end=\"1166\">Th\u1ea3m c\u00f3 \u0111\u1ed9 \u0111\u00e0n h\u1ed3i cao, ch\u1ecbu nhi\u1ec7t t\u1ed1t, kh\u00f4ng m\u00f9i v\u00e0 kh\u00f4ng g\u00e2y tr\u01a1n tr\u01b0\u1ee3t \u2013 \u0111\u1eb7c bi\u1ec7t an to\u00e0n cho c\u1ea3 ng\u01b0\u1eddi l\u00e1i v\u00e0 h\u00e0nh kh\u00e1ch. Nh\u1edd thi\u1ebft k\u1ebf th\u00f4ng minh, ph\u1ea7n th\u1ea3m \u00f4m s\u00e1t t\u1eebng \u0111\u01b0\u1eddng n\u00e9t s\u00e0n xe, kh\u00f4ng x\u00f4 l\u1ec7ch trong qu\u00e1 tr\u00ecnh s\u1eed d\u1ee5ng v\u00e0 r\u1ea5t d\u1ec5 v\u1ec7 sinh.<\/p>\n<figure id=\"attachment_3038\" aria-describedby=\"caption-attachment-3038\" style=\"width: 1024px\" class=\"wp-caption aligncenter\"><img fetchpriority=\"high\" decoding=\"async\" class=\"wp-image-3038 size-large\" src=\"http:\/\/khaitest.rf.gd\/wp-content\/uploads\/2025\/07\/sdt.5-5-1024x1024.jpg\" alt=\"th\u1ea3m l\u00f3t s\u00e0n Lexus RX350 2023\u20132025\" width=\"1024\" height=\"1024\" srcset=\"https:\/\/topcar.vn\/wp-content\/uploads\/2025\/07\/sdt.5-5-1024x1024.jpg 1024w, https:\/\/topcar.vn\/wp-content\/uploads\/2025\/07\/sdt.5-5-300x300.jpg 300w, https:\/\/topcar.vn\/wp-content\/uploads\/2025\/07\/sdt.5-5-150x150.jpg 150w, https:\/\/topcar.vn\/wp-content\/uploads\/2025\/07\/sdt.5-5-768x768.jpg 768w, https:\/\/topcar.vn\/wp-content\/uploads\/2025\/07\/sdt.5-5-1536x1536.jpg 1536w, https:\/\/topcar.vn\/wp-content\/uploads\/2025\/07\/sdt.5-5-600x600.jpg 600w, https:\/\/topcar.vn\/wp-content\/uploads\/2025\/07\/sdt.5-5-100x100.jpg 100w, https:\/\/topcar.vn\/wp-content\/uploads\/2025\/07\/sdt.5-5.jpg 1920w\" sizes=\"(max-width: 1024px) 100vw, 1024px\" \/><figcaption id=\"caption-attachment-3038\" class=\"wp-caption-text\">th\u1ea3m l\u00f3t s\u00e0n Lexus RX350 2023\u20132025<\/figcaption><\/figure>\n<p data-section-id=\"t7l1pc\" data-start=\"1173\" data-end=\"1199\"><strong data-start=\"1177\" data-end=\"1199\">Th\u00f4ng tin chi ti\u1ebft th\u1ea3m l\u00f3t s\u00e0n Lexus RX350 2023\u20132025<\/strong><\/p>\n<ul>\n<li data-start=\"1203\" data-end=\"1251\">D\u00f2ng xe \u00e1p d\u1ee5ng: Lexus RX350 \u0111\u1eddi 2023\u20132025<\/li>\n<li data-start=\"1254\" data-end=\"1301\">Ch\u1ea5t li\u1ec7u: Nh\u1ef1a TPE nguy\u00ean sinh nh\u1eadp kh\u1ea9u<\/li>\n<li data-start=\"1304\" data-end=\"1345\">C\u00f4ng ngh\u1ec7 s\u1ea3n xu\u1ea5t: \u0110\u00fac \u00e9p nhi\u1ec7t 5D<\/li>\n<li data-start=\"1348\" data-end=\"1408\">Ki\u1ec3u d\u00e1ng: B\u1ed9 th\u1ea3m 5 chi ti\u1ebft, \u00f4m kh\u00edt s\u00e0n t\u1eebng v\u1ecb tr\u00ed<\/li>\n<li data-start=\"1411\" data-end=\"1492\">\u0110\u1eb7c \u0111i\u1ec3m: Kh\u00f4ng th\u1ea5m n\u01b0\u1edbc \u2013 Kh\u00f4ng m\u00f9i \u2013 Kh\u00f4ng cong v\u00eanh \u2013 An to\u00e0n tuy\u1ec7t \u0111\u1ed1i<\/li>\n<li data-start=\"1495\" data-end=\"1552\">M\u00e0u s\u1eafc: \u0110en<\/li>\n<li data-start=\"1555\" data-end=\"1608\">B\u1ea3o h\u00e0nh: 5 n\u0103m ch\u00ednh h\u00e3ng \u2013 l\u1ed7i k\u1ef9 thu\u1eadt \u0111\u1ed5i m\u1edbi<\/li>\n<\/ul>\n<p data-section-id=\"16xyppf\" data-start=\"1615\" data-end=\"1638\"><strong data-start=\"1619\" data-end=\"1638\">\u01afu \u0111i\u1ec3m n\u1ed5i b\u1eadt th\u1ea3m l\u00f3t s\u00e0n Lexus RX350 2023\u20132025<\/strong><\/p>\n<ul>\n<li data-start=\"1640\" data-end=\"2076\">Ch\u1ed1ng tr\u01a1n tr\u01b0\u1ee3t tuy\u1ec7t \u0111\u1ed1i \u2013 T\u0103ng \u0111\u1ed9 an to\u00e0n khi \u0111i\u1ec1u khi\u1ec3n xe<\/li>\n<li data-start=\"1640\" data-end=\"2076\">Thi\u1ebft k\u1ebf chu\u1ea9n form \u2013 L\u1eafp \u0111\u1eb7t nhanh, kh\u00f4ng c\u1ea7n c\u1eaft ch\u1ec9nh<\/li>\n<li data-start=\"1640\" data-end=\"2076\">Kh\u00f4ng m\u00f9i, kh\u00f4ng \u0111\u1ed9c h\u1ea1i \u2013 An to\u00e0n cho tr\u1ebb nh\u1ecf v\u00e0 ng\u01b0\u1eddi nh\u1ea1y c\u1ea3m<\/li>\n<li data-start=\"1640\" data-end=\"2076\">Ch\u1ecbu nhi\u1ec7t t\u1ed1t \u2013 Kh\u00f4ng bi\u1ebfn d\u1ea1ng trong \u0111i\u1ec1u ki\u1ec7n n\u00f3ng \u1ea9m ho\u1eb7c l\u1ea1nh s\u00e2u<\/li>\n<li data-start=\"1640\" data-end=\"2076\">V\u1ec7 sinh \u0111\u01a1n gi\u1ea3n \u2013 C\u00f3 th\u1ec3 lau b\u1eb1ng kh\u0103n \u01b0\u1edbt ho\u1eb7c x\u1ecbt r\u1eeda tr\u1ef1c ti\u1ebfp<\/li>\n<li data-start=\"1640\" data-end=\"2076\">B\u1ea3o v\u1ec7 s\u00e0n xe to\u00e0n di\u1ec7n \u2013 Ng\u0103n b\u00e1m b\u1ea9n, n\u01b0\u1edbc, b\u00f9n \u0111\u1ea5t l\u1ecdt xu\u1ed1ng s\u00e0n<\/li>\n<\/ul>\n<p data-section-id=\"tg4lok\" data-start=\"2083\" data-end=\"2098\"><strong data-start=\"2087\" data-end=\"2098\">Gi\u00e1 b\u00e1n th\u1ea3m l\u00f3t s\u00e0n Lexus RX350 2023\u20132025<\/strong><\/p>\n<ul>\n<li data-section-id=\"tg4lok\" data-start=\"2083\" data-end=\"2098\">Gi\u00e1 th\u1ea3m l\u00f3t s\u00e0n TPE cho Lexus RX350 2023\u20132025: 2.500.000\u0111\/b\u1ed9<\/li>\n<\/ul>\n<figure id=\"attachment_3039\" aria-describedby=\"caption-attachment-3039\" style=\"width: 1024px\" class=\"wp-caption aligncenter\"><img decoding=\"async\" class=\"wp-image-3039 size-large\" src=\"http:\/\/khaitest.rf.gd\/wp-content\/uploads\/2025\/07\/sdt.6-1024x1024.jpg\" alt=\"S\u1ea3n ph\u1ea9m \u0111\u01b0\u1ee3c gia c\u00f4ng b\u1eb1ng c\u00f4ng ngh\u1ec7 \u00e9p nhi\u1ec7t hi\u1ec7n \u0111\u1ea1i\" width=\"1024\" height=\"1024\" srcset=\"https:\/\/topcar.vn\/wp-content\/uploads\/2025\/07\/sdt.6-1024x1024.jpg 1024w, https:\/\/topcar.vn\/wp-content\/uploads\/2025\/07\/sdt.6-300x300.jpg 300w, https:\/\/topcar.vn\/wp-content\/uploads\/2025\/07\/sdt.6-150x150.jpg 150w, https:\/\/topcar.vn\/wp-content\/uploads\/2025\/07\/sdt.6-768x768.jpg 768w, https:\/\/topcar.vn\/wp-content\/uploads\/2025\/07\/sdt.6-1536x1536.jpg 1536w, https:\/\/topcar.vn\/wp-content\/uploads\/2025\/07\/sdt.6-600x600.jpg 600w, https:\/\/topcar.vn\/wp-content\/uploads\/2025\/07\/sdt.6-100x100.jpg 100w, https:\/\/topcar.vn\/wp-content\/uploads\/2025\/07\/sdt.6.jpg 1920w\" sizes=\"(max-width: 1024px) 100vw, 1024px\" \/><figcaption id=\"caption-attachment-3039\" class=\"wp-caption-text\">S\u1ea3n ph\u1ea9m \u0111\u01b0\u1ee3c gia c\u00f4ng b\u1eb1ng c\u00f4ng ngh\u1ec7 \u00e9p nhi\u1ec7t hi\u1ec7n \u0111\u1ea1i, \u0111\u1ea3m b\u1ea3o \u0111\u1ed9 kh\u00edt v\u00e0 \u0111\u1ed9 b\u1ec1n cao, ph\u00f9 h\u1ee3p ho\u00e0n h\u1ea3o v\u1edbi n\u1ed9i th\u1ea5t xe Lexus RX th\u1ebf h\u1ec7 m\u1edbi.<\/figcaption><\/figure>\n<h2 data-section-id=\"1xfblj1\" data-start=\"2249\" data-end=\"2294\"><strong data-start=\"2252\" data-end=\"2294\">Mua th\u1ea3m l\u00f3t s\u00e0n Lexus RX350 2023\u20132025 ch\u00ednh h\u00e3ng t\u1ea1i Topcar<\/strong><\/h2>\n<p data-start=\"2296\" data-end=\"2555\">Topcar cam k\u1ebft cung c\u1ea5p th\u1ea3m l\u00f3t s\u00e0n TPE \u0111\u00fac chu\u1ea9n form theo t\u1eebng \u0111\u1eddi xe, kh\u00f4ng d\u00f9ng h\u00e0ng c\u1eaft s\u1eb5n hay form chung. S\u1ea3n ph\u1ea9m \u0111\u01b0\u1ee3c gia c\u00f4ng b\u1eb1ng c\u00f4ng ngh\u1ec7 \u00e9p nhi\u1ec7t hi\u1ec7n \u0111\u1ea1i, \u0111\u1ea3m b\u1ea3o \u0111\u1ed9 kh\u00edt v\u00e0 \u0111\u1ed9 b\u1ec1n cao, ph\u00f9 h\u1ee3p ho\u00e0n h\u1ea3o v\u1edbi n\u1ed9i th\u1ea5t xe Lexus RX th\u1ebf h\u1ec7 m\u1edbi.<\/p>\n<p data-section-id=\"1j2mvc0\" data-start=\"2562\" data-end=\"2599\"><strong data-start=\"2566\" data-end=\"2599\">L\u00fd do n\u00ean ch\u1ecdn mua t\u1ea1i Topcar<\/strong><\/p>\n<ul>\n<li>Form thi\u1ebft k\u1ebf ri\u00eang \u2013 Kh\u00f4ng x\u00ea d\u1ecbch, kh\u00f4ng c\u1ea7n ch\u1ec9nh s\u1eeda<\/li>\n<li>TPE nguy\u00ean sinh nh\u1eadp kh\u1ea9u \u2013 B\u1ec1n g\u1ea5p 3 l\u1ea7n th\u1ea3m ph\u1ed5 th\u00f4ng<\/li>\n<li>Mi\u1ec5n ph\u00ed giao h\u00e0ng to\u00e0n qu\u1ed1c<\/li>\n<li>H\u1eadu m\u00e3i uy t\u00edn \u2013 B\u1ea3o h\u00e0nh 1 \u0111\u1ed5i 1 n\u1ebfu ph\u00e1t hi\u1ec7n l\u1ed7i k\u1ef9 thu\u1eadt<\/li>\n<li>\u0110\u01b0\u1ee3c ki\u1ec3m tra h\u00e0ng tr\u01b0\u1edbc khi thanh to\u00e1n<\/li>\n<\/ul>\n<p><strong>\ud83d\udcde Li\u00ean h\u1ec7 \u0111\u1eb7t h\u00e0ng:<\/strong><\/p>\n<ul>\n<li data-start=\"2794\" data-end=\"2828\"><strong data-start=\"2794\" data-end=\"2813\">Hotline \/ Zalo:<\/strong> 0889.385.222<\/li>\n<li data-start=\"2831\" data-end=\"2906\"><strong data-start=\"2831\" data-end=\"2843\">\u0110\u1ecba ch\u1ec9:<\/strong> S\u1ed1 9 BT2, Khu \u0111\u00f4 th\u1ecb Foresa Xu\u00e2n Ph\u01b0\u01a1ng, Nam T\u1eeb Li\u00eam, H\u00e0 N\u1ed9i<\/li>\n<li data-start=\"2909\" data-end=\"2960\"><strong data-start=\"2909\" data-end=\"2921\">Website:<\/strong> <a class=\"\" href=\"https:\/\/Topcar.vn\" target=\"_new\" rel=\"noopener\" data-start=\"2922\" data-end=\"2960\">https:\/\/Topcar.vn<\/a><\/li>\n<\/ul>\n<\/div>\n<\/div>\n<\/div>\n<\/div>\n<\/div>\n<\/div>\n<\/article>\n","protected":false},"excerpt":{"rendered":"<ul>\n<li>Mi\u1ec5n ph\u00ed giao h\u00e0ng to\u00e0n qu\u1ed1c<\/li>\n<li>Nh\u1eadn h\u00e0ng &gt; L\u1eafp \u0111\u1eb7t &gt; Thanh to\u00e1n<\/li>\n<li>B\u1ea3o h\u00e0nh 5 n\u0103m<\/li>\n<\/ul>\n","protected":false},"featured_media":3041,"comment_status":"closed","ping_status":"closed","template":"","meta":{"site-sidebar-layout":"no-sidebar","site-content-layout":"content-boxed-container","ast-site-content-layout":"normal-width-container","site-content-style":"boxed","site-sidebar-style":"unboxed","ast-global-header-display":"","ast-banner-title-visibility":"","ast-main-header-display":"","ast-hfb-above-header-display":"","ast-hfb-below-header-display":"","ast-hfb-mobile-header-display":"","site-post-title":"","ast-breadcrumbs-content":"","ast-featured-img":"","footer-sml-layout":"","ast-disable-related-posts":"","theme-transparent-header-meta":"default","adv-header-id-meta":"","stick-header-meta":"","header-above-stick-meta":"","header-main-stick-meta":"","header-below-stick-meta":"","astra-migrate-meta-layouts":"set","ast-page-background-enabled":"default","ast-page-background-meta":{"desktop":{"background-color":"var(--ast-global-color-4)","background-image":"","background-repeat":"repeat","background-position":"center center","background-size":"auto","background-attachment":"scroll","background-type":"","background-media":"","overlay-type":"","overlay-color":"","overlay-opacity":"","overlay-gradient":""},"tablet":{"background-color":"","background-image":"","background-repeat":"repeat","background-position":"center center","background-size":"auto","background-attachment":"scroll","background-type":"","background-media":"","overlay-type":"","overlay-color":"","overlay-opacity":"","overlay-gradient":""},"mobile":{"background-color":"","background-image":"","background-repeat":"repeat","background-position":"center center","background-size":"auto","background-attachment":"scroll","background-type":"","background-media":"","overlay-type":"","overlay-color":"","overlay-opacity":"","overlay-gradient":""}},"ast-content-background-meta":{"desktop":{"background-color":"var(--ast-global-color-5)","background-image":"","background-repeat":"repeat","background-position":"center center","background-size":"auto","background-attachment":"scroll","background-type":"","background-media":"","overlay-type":"","overlay-color":"","overlay-opacity":"","overlay-gradient":""},"tablet":{"background-color":"var(--ast-global-color-5)","background-image":"","background-repeat":"repeat","background-position":"center center","background-size":"auto","background-attachment":"scroll","background-type":"","background-media":"","overlay-type":"","overlay-color":"","overlay-opacity":"","overlay-gradient":""},"mobile":{"background-color":"var(--ast-global-color-5)","background-image":"","background-repeat":"repeat","background-position":"center center","background-size":"auto","background-attachment":"scroll","background-type":"","background-media":"","overlay-type":"","overlay-color":"","overlay-opacity":"","overlay-gradient":""}}},"product_brand":[],"product_cat":[58,43],"product_tag":[78,308,77,151,75,76],"class_list":{"0":"post-2225","1":"product","2":"type-product","3":"status-publish","4":"has-post-thumbnail","6":"product_cat-tham-lot-san-o-to-lexus","7":"product_cat-tham-lot-san-o-to","8":"product_tag-tham-lot-san-o-to-cao-su-duc","9":"product_tag-tham-lot-san-o-to-chong-on","10":"product_tag-tham-lot-san-o-to-nhua-duc","11":"product_tag-tham-lot-san-o-to-pvc","12":"product_tag-tham-lot-san-o-to-tot-nhat-hien-nay","13":"product_tag-tham-lot-san-o-to-tpe","14":"desktop-align-left","15":"tablet-align-left","16":"mobile-align-left","18":"first","19":"instock","20":"shipping-taxable","21":"purchasable","22":"product-type-variable"},"_links":{"self":[{"href":"https:\/\/topcar.vn\/wp-json\/wp\/v2\/product\/2225","targetHints":{"allow":["GET"]}}],"collection":[{"href":"https:\/\/topcar.vn\/wp-json\/wp\/v2\/product"}],"about":[{"href":"https:\/\/topcar.vn\/wp-json\/wp\/v2\/types\/product"}],"replies":[{"embeddable":true,"href":"https:\/\/topcar.vn\/wp-json\/wp\/v2\/comments?post=2225"}],"version-history":[{"count":4,"href":"https:\/\/topcar.vn\/wp-json\/wp\/v2\/product\/2225\/revisions"}],"predecessor-version":[{"id":2227,"href":"https:\/\/topcar.vn\/wp-json\/wp\/v2\/product\/2225\/revisions\/2227"}],"wp:featuredmedia":[{"embeddable":true,"href":"https:\/\/topcar.vn\/wp-json\/wp\/v2\/media\/3041"}],"wp:attachment":[{"href":"https:\/\/topcar.vn\/wp-json\/wp\/v2\/media?parent=2225"}],"wp:term":[{"taxonomy":"product_brand","embeddable":true,"href":"https:\/\/topcar.vn\/wp-json\/wp\/v2\/product_brand?post=2225"},{"taxonomy":"product_cat","embeddable":true,"href":"https:\/\/topcar.vn\/wp-json\/wp\/v2\/product_cat?post=2225"},{"taxonomy":"product_tag","embeddable":true,"href":"https:\/\/topcar.vn\/wp-json\/wp\/v2\/product_tag?post=2225"}],"curies":[{"name":"wp","href":"https:\/\/api.w.org\/{rel}","templated":true}]}}