{"id":2163,"date":"2025-07-28T16:23:30","date_gmt":"2025-07-28T09:23:30","guid":{"rendered":"http:\/\/khaitest.rf.gd\/?post_type=product&#038;p=2163"},"modified":"2025-12-08T11:08:29","modified_gmt":"2025-12-08T04:08:29","slug":"tham-lot-san-hyundai-accent-2018-2024","status":"publish","type":"product","link":"https:\/\/topcar.vn\/?product=tham-lot-san-hyundai-accent-2018-2024","title":{"rendered":"Th\u1ea3m l\u00f3t s\u00e0n Hyundai Accent 2018\u20132024"},"content":{"rendered":"<article class=\"text-token-text-primary w-full\" dir=\"auto\" data-testid=\"conversation-turn-10\" data-scroll-anchor=\"true\">\n<div class=\"text-base my-auto mx-auto pb-10 [--thread-content-margin:--spacing(4)] @[37rem]:[--thread-content-margin:--spacing(6)] @[72rem]:[--thread-content-margin:--spacing(16)] px-(--thread-content-margin)\">\n<div class=\"[--thread-content-max-width:32rem] @[34rem]:[--thread-content-max-width:40rem] @[64rem]:[--thread-content-max-width:48rem] mx-auto max-w-(--thread-content-max-width) flex-1 group\/turn-messages focus-visible:outline-hidden relative flex w-full min-w-0 flex-col agent-turn\" tabindex=\"-1\">\n<div class=\"flex max-w-full flex-col grow\">\n<div class=\"min-h-8 text-message relative flex w-full flex-col items-end gap-2 text-start break-words whitespace-normal [.text-message+&amp;]:mt-5\" dir=\"auto\" data-message-author-role=\"assistant\" data-message-id=\"6ee8a93f-7fdb-4c7e-b8bb-2a874c3d517b\" data-message-model-slug=\"gpt-4o\">\n<div class=\"flex w-full flex-col gap-1 empty:hidden first:pt-[3px]\">\n<div class=\"markdown prose dark:prose-invert w-full break-words light\">\n<p data-start=\"142\" data-end=\"226\"><strong><em>Th\u1ea3m l\u00f3t s\u00e0n Hyundai Accent 2018\u20132024 \u2013 Thi\u1ebft k\u1ebf ri\u00eang, \u00f4m kh\u00edt t\u1eebng chi ti\u1ebft. Kh\u00f4ng ch\u1ec9 gi\u00fap b\u1ea3o v\u1ec7 s\u00e0n xe kh\u1ecfi b\u1ee5i b\u1ea9n, n\u01b0\u1edbc \u0111\u1ecdng hay tr\u1ea7y x\u01b0\u1edbc, th\u1ea3m l\u00f3t s\u00e0n Hyundai Accent 2018\u20132024 c\u1ee7a Topcar c\u00f2n n\u00e2ng t\u1ea7m v\u1ebb sang tr\u1ecdng cho n\u1ed9i th\u1ea5t xe. Thi\u1ebft k\u1ebf may \u0111o ch\u00ednh x\u00e1c theo t\u1eebng \u0111\u1eddi xe, \u0111\u1ea3m b\u1ea3o v\u1eeba v\u1eb7n tuy\u1ec7t \u0111\u1ed1i v\u00e0 d\u1ec5 d\u00e0ng l\u1eafp \u0111\u1eb7t.<\/em><\/strong><\/p>\n<h2 data-start=\"485\" data-end=\"511\"><strong data-start=\"488\" data-end=\"511\">Gi\u1edbi thi\u1ec7u s\u1ea3n ph\u1ea9m<\/strong> th\u1ea3m l\u00f3t s\u00e0n Hyundai Accent<\/h2>\n<p data-start=\"513\" data-end=\"807\">Th\u1ea3m l\u00f3t s\u00e0n Hyundai Accent 2018 \u0111\u1ebfn 2024 l\u00e0 m\u1ed9t trong nh\u1eefng m\u1eabu sedan h\u1ea1ng B b\u00e1n ch\u1ea1y nh\u1ea5t t\u1ea1i Vi\u1ec7t Nam, \u0111\u01b0\u1ee3c \u01b0a chu\u1ed9ng nh\u1edd thi\u1ebft k\u1ebf hi\u1ec7n \u0111\u1ea1i, ti\u1ebft ki\u1ec7m nhi\u00ean li\u1ec7u v\u00e0 n\u1ed9i th\u1ea5t ti\u1ec7n nghi. Tuy nhi\u00ean, sau m\u1ed9t th\u1eddi gian s\u1eed d\u1ee5ng, khu v\u1ef1c s\u00e0n xe d\u1ec5 b\u1ecb xu\u1ed1ng c\u1ea5p n\u1ebfu kh\u00f4ng c\u00f3 bi\u1ec7n ph\u00e1p b\u1ea3o v\u1ec7 hi\u1ec7u qu\u1ea3.<\/p>\n<p data-start=\"809\" data-end=\"1105\">Hi\u1ec3u \u0111\u01b0\u1ee3c \u0111i\u1ec1u \u0111\u00f3, Topcar cung c\u1ea5p b\u1ed9 th\u1ea3m l\u00f3t s\u00e0n chuy\u00ean bi\u1ec7t d\u00e0nh cho Hyundai Accent 2018\u20132024, gi\u00fap gi\u1eef cho n\u1ed9i th\u1ea5t lu\u00f4n s\u1ea1ch \u0111\u1eb9p, \u0111\u1ed3ng th\u1eddi t\u1ea1o \u0111i\u1ec3m nh\u1ea5n sang tr\u1ecdng v\u00e0 g\u1ecdn g\u00e0ng. T\u1eebng b\u1ed9 th\u1ea3m \u0111\u01b0\u1ee3c \u0111o v\u00e0 c\u1eaft CNC theo \u0111\u00fang k\u00edch th\u01b0\u1edbc th\u1ef1c t\u1ebf c\u1ee7a xe, kh\u00f4ng h\u1edf m\u00e9p hay b\u1ecb x\u00f4 l\u1ec7ch khi s\u1eed d\u1ee5ng.<\/p>\n<figure id=\"attachment_2876\" aria-describedby=\"caption-attachment-2876\" style=\"width: 768px\" class=\"wp-caption aligncenter\"><img fetchpriority=\"high\" decoding=\"async\" class=\"wp-image-2876 size-full\" src=\"http:\/\/khaitest.rf.gd\/wp-content\/uploads\/2025\/07\/sdt.4.jpg\" alt=\"th\u1ea3m l\u00f3t s\u00e0n Hyundai Accent\u00a0\" width=\"768\" height=\"768\" srcset=\"https:\/\/topcar.vn\/wp-content\/uploads\/2025\/07\/sdt.4.jpg 768w, https:\/\/topcar.vn\/wp-content\/uploads\/2025\/07\/sdt.4-300x300.jpg 300w, https:\/\/topcar.vn\/wp-content\/uploads\/2025\/07\/sdt.4-150x150.jpg 150w, https:\/\/topcar.vn\/wp-content\/uploads\/2025\/07\/sdt.4-600x600.jpg 600w, https:\/\/topcar.vn\/wp-content\/uploads\/2025\/07\/sdt.4-100x100.jpg 100w\" sizes=\"(max-width: 768px) 100vw, 768px\" \/><figcaption id=\"caption-attachment-2876\" class=\"wp-caption-text\">Th\u1ea3m l\u00f3t s\u00e0n gh\u1ebf l\u00e1i, th\u1ea3m l\u00f3t s\u00e0n Hyundai Accent<\/figcaption><\/figure>\n<p data-start=\"1112\" data-end=\"1138\"><strong data-start=\"1116\" data-end=\"1138\">Th\u00f4ng tin chi ti\u1ebft th\u1ea3m l\u00f3t s\u00e0n Hyundai Accent\u00a0<\/strong><\/p>\n<ul>\n<li data-start=\"1142\" data-end=\"1220\">D\u00f2ng xe \u00e1p d\u1ee5ng: Hyundai Accent 2018, 2019, 2020, 2021, 2022, 2023, 2024<\/li>\n<li data-start=\"1223\" data-end=\"1260\">S\u1ed1 ch\u1ed7 ng\u1ed3i: 5 ch\u1ed7 (2 h\u00e0ng gh\u1ebf)<\/li>\n<li data-start=\"1263\" data-end=\"1290\">Ki\u1ec3u xe: Sedan h\u1ea1ng B<\/li>\n<li data-start=\"1293\" data-end=\"1364\">Ch\u1ea5t li\u1ec7u: Nh\u1ef1a TPE nguy\u00ean sinh<\/li>\n<li data-start=\"1367\" data-end=\"1426\">C\u1ea5u tr\u00fac: 5D- ch\u1ed1ng n\u01b0\u1edbc, \u0111\u1ecbnh h\u00ecnh v\u00e0 \u0111\u1ebf b\u00e1m s\u00e0n<\/li>\n<li data-start=\"1429\" data-end=\"1484\">K\u1ef9 thu\u1eadt: C\u1eaft CNC theo form s\u00e0n xe t\u1eebng phi\u00ean b\u1ea3n<\/li>\n<\/ul>\n<figure id=\"attachment_2875\" aria-describedby=\"caption-attachment-2875\" style=\"width: 768px\" class=\"wp-caption aligncenter\"><img decoding=\"async\" class=\"size-full wp-image-2875\" src=\"http:\/\/khaitest.rf.gd\/wp-content\/uploads\/2025\/07\/sdt.3.jpg\" alt=\"\" width=\"768\" height=\"768\" srcset=\"https:\/\/topcar.vn\/wp-content\/uploads\/2025\/07\/sdt.3.jpg 768w, https:\/\/topcar.vn\/wp-content\/uploads\/2025\/07\/sdt.3-300x300.jpg 300w, https:\/\/topcar.vn\/wp-content\/uploads\/2025\/07\/sdt.3-150x150.jpg 150w, https:\/\/topcar.vn\/wp-content\/uploads\/2025\/07\/sdt.3-600x600.jpg 600w, https:\/\/topcar.vn\/wp-content\/uploads\/2025\/07\/sdt.3-100x100.jpg 100w\" sizes=\"(max-width: 768px) 100vw, 768px\" \/><figcaption id=\"caption-attachment-2875\" class=\"wp-caption-text\">th\u1ecfm l\u00f3t s\u00e0n gh\u1ebf ph\u1ee5<\/figcaption><\/figure>\n<p data-start=\"1553\" data-end=\"1576\"><strong data-start=\"1557\" data-end=\"1576\">\u01afu \u0111i\u1ec3m n\u1ed5i b\u1eadt c\u1ee7a th\u1ea3m l\u00f3t s\u00e0n Hyundai Accent\u00a0<\/strong><\/p>\n<ul>\n<li data-start=\"1578\" data-end=\"1901\">\u0110o c\u1eaft ri\u00eang cho t\u1eebng \u0111\u1eddi Accent \u2013 kh\u00f4ng c\u1ea7n ch\u1ec9nh s\u1eeda khi l\u1eafp<\/li>\n<li data-start=\"1578\" data-end=\"1901\">Nh\u1ef1a TPE nguy\u00ean sinh n\u1ed5i b\u1eadt v\u1edbi \u0111\u1ed9 b\u1ec1n cao, kh\u1ea3 n\u0103ng ch\u1ed1ng tr\u01b0\u1ee3t. Kh\u00f4ng th\u1ea5m n\u01b0\u1edbc, d\u1ec5 d\u00e0ng v\u1ec7 sinh v\u00e0 \u0111\u1eb7c bi\u1ec7t an to\u00e0n cho s\u1ee9c kh\u1ecfe do kh\u00f4ng ch\u1ee9a ch\u1ea5t \u0111\u1ed9c h\u1ea1i.<\/li>\n<li data-start=\"1578\" data-end=\"1901\">Th\u1ea3m \u0111\u01b0\u1ee3c thi\u1ebft k\u1ebf theo khu\u00f4n m\u1eabu, \u00f4m s\u00e1t t\u1eebng chi ti\u1ebft c\u1ee7a s\u00e0n xe. Gi\u00fap ng\u0103n ch\u1eb7n b\u1ee5i b\u1ea9n, n\u01b0\u1edbc v\u00e0 c\u00e1c ch\u1ea5t l\u1ecfng kh\u00e1c r\u01a1i xu\u1ed1ng s\u00e0n xe, b\u1ea3o v\u1ec7 s\u00e0n xe t\u1ed1t h\u01a1n.<\/li>\n<li data-start=\"1578\" data-end=\"1901\">Ch\u1ed1ng tr\u01a1n, ch\u1ed1ng m\u00f9i, d\u1ec5 v\u1ec7 sinh \u2013 ph\u00f9 h\u1ee3p c\u1ea3 th\u1eddi ti\u1ebft n\u1ed3m \u1ea9m<\/li>\n<li data-start=\"1578\" data-end=\"1901\">Kh\u00f4ng \u1ea3nh h\u01b0\u1edfng ch\u00e2n ga\/phanh \u2013 an to\u00e0n tuy\u1ec7t \u0111\u1ed1i<\/li>\n<li data-start=\"1578\" data-end=\"1901\">T\u0103ng t\u00ednh th\u1ea9m m\u1ef9 n\u1ed9i th\u1ea5t \u2013 \u0111\u1ed3ng b\u1ed9 m\u00e0u s\u1eafc gh\u1ebf\/s\u00e0n<\/li>\n<li data-start=\"1578\" data-end=\"1901\">Lau s\u1ea1ch b\u1eb1ng kh\u0103n \u1ea9m \u2013 kh\u00f4ng c\u1ea7n th\u00e1o r\u1eeda th\u01b0\u1eddng xuy\u00ean<\/li>\n<\/ul>\n<figure id=\"attachment_2874\" aria-describedby=\"caption-attachment-2874\" style=\"width: 768px\" class=\"wp-caption aligncenter\"><img decoding=\"async\" class=\"size-full wp-image-2874\" src=\"http:\/\/khaitest.rf.gd\/wp-content\/uploads\/2025\/07\/sdt.2.jpg\" alt=\"\" width=\"768\" height=\"768\" srcset=\"https:\/\/topcar.vn\/wp-content\/uploads\/2025\/07\/sdt.2.jpg 768w, https:\/\/topcar.vn\/wp-content\/uploads\/2025\/07\/sdt.2-300x300.jpg 300w, https:\/\/topcar.vn\/wp-content\/uploads\/2025\/07\/sdt.2-150x150.jpg 150w, https:\/\/topcar.vn\/wp-content\/uploads\/2025\/07\/sdt.2-600x600.jpg 600w, https:\/\/topcar.vn\/wp-content\/uploads\/2025\/07\/sdt.2-100x100.jpg 100w\" sizes=\"(max-width: 768px) 100vw, 768px\" \/><figcaption id=\"caption-attachment-2874\" class=\"wp-caption-text\">Th\u1ecfm l\u00f3t s\u00e0n gh\u1ebf sau<\/figcaption><\/figure>\n<p data-start=\"1908\" data-end=\"1923\"><strong data-start=\"1912\" data-end=\"1923\">Gi\u00e1 b\u00e1n<\/strong><\/p>\n<ul>\n<li data-start=\"1925\" data-end=\"2067\">Gi\u00e1 tr\u1ecdn b\u1ed9 th\u1ea3m Hyundai Accent 2018\u20132024: <strong data-start=\"1975\" data-end=\"1989\">1.950.000\u0111<\/strong><\/li>\n<\/ul>\n<h2 data-start=\"2074\" data-end=\"2119\"><strong data-start=\"2077\" data-end=\"2119\">Mua th\u1ea3m l\u00f3t s\u00e0n Hyundai Accent s\u00e0n ch\u00ednh h\u00e3ng t\u1ea1i Topcar<\/strong><\/h2>\n<p data-start=\"2121\" data-end=\"2367\">Topcar chuy\u00ean cung c\u1ea5p c\u00e1c d\u00f2ng th\u1ea3m l\u00f3t s\u00e0n \u0111\u01b0\u1ee3c c\u1eaft form ri\u00eang theo t\u1eebng d\u00f2ng xe, kh\u00f4ng d\u00f9ng h\u00e0ng c\u1eaft s\u1eb5n \u0111\u1ea1i tr\u00e0. V\u1edbi Hyundai Accent, m\u1ed7i b\u1ed9 th\u1ea3m \u0111\u1ec1u \u0111\u01b0\u1ee3c l\u1ea5y m\u1eabu th\u1ef1c t\u1ebf \u0111\u1ec3 \u0111\u1ea3m b\u1ea3o v\u1eeba kh\u00edt \u0111\u1ebfn t\u1eebng chi ti\u1ebft \u2013 kh\u00f4ng x\u00ea d\u1ecbch, kh\u00f4ng g\u1eadp g\u00f9.<\/p>\n<p data-start=\"2374\" data-end=\"2406\"><strong data-start=\"2378\" data-end=\"2406\">T\u1ea1i sao n\u00ean ch\u1ecdn Topcar?<\/strong><\/p>\n<ul>\n<li data-start=\"2408\" data-end=\"2725\">Chu\u1ea9n k\u00edch th\u01b0\u1edbc \u2013 ph\u00f9 h\u1ee3p t\u1eebng phi\u00ean b\u1ea3n t\u1eeb 2018 \u0111\u1ebfn 2024<\/li>\n<li data-start=\"2408\" data-end=\"2725\">Ch\u1ea5t li\u1ec7u cao c\u1ea5p \u2013 kh\u00f4ng phai m\u00e0u, kh\u00f4ng bong tr\u00f3c theo th\u1eddi gian<\/li>\n<li data-start=\"2408\" data-end=\"2725\">Mi\u1ec5n ph\u00ed l\u1eafp \u0111\u1eb7t t\u1ea1i showroom ho\u1eb7c h\u1ed7 tr\u1ee3 h\u01b0\u1edbng d\u1eabn online<\/li>\n<li data-start=\"2408\" data-end=\"2725\">B\u1ea3o h\u00e0nh 5 n\u0103m- l\u1ed7i k\u1ef9 thu\u1eadt \u0111\u1ed5i m\u1edbi<\/li>\n<li data-start=\"2408\" data-end=\"2725\">T\u01b0 v\u1ea5n nhi\u1ec7t t\u00ecnh<\/li>\n<\/ul>\n<p><strong>\ud83d\udcde Li\u00ean h\u1ec7 \u0111\u1eb7t h\u00e0ng:<\/strong><\/p>\n<ul>\n<li data-start=\"2794\" data-end=\"2828\"><strong data-start=\"2794\" data-end=\"2813\">Hotline \/ Zalo:<\/strong> 0889.385.222<\/li>\n<li data-start=\"2831\" data-end=\"2906\"><strong data-start=\"2831\" data-end=\"2843\">\u0110\u1ecba ch\u1ec9:<\/strong> S\u1ed1 9 BT2, Khu \u0111\u00f4 th\u1ecb Foresa Xu\u00e2n Ph\u01b0\u01a1ng, Nam T\u1eeb Li\u00eam, H\u00e0 N\u1ed9i<\/li>\n<li data-start=\"2909\" data-end=\"2960\"><strong data-start=\"2909\" data-end=\"2921\">Website:<\/strong> <a class=\"\" href=\"https:\/\/Topcar.vn\" target=\"_new\" rel=\"noopener\" data-start=\"2922\" data-end=\"2960\">https:\/\/Topcar.vn<\/a><\/li>\n<\/ul>\n<\/div>\n<\/div>\n<\/div>\n<\/div>\n<\/div>\n<\/div>\n<\/article>\n","protected":false},"excerpt":{"rendered":"<ul>\n<li>Mi\u1ec5n ph\u00ed giao h\u00e0ng to\u00e0n qu\u1ed1c<\/li>\n<li>Nh\u1eadn h\u00e0ng &gt; L\u1eafp \u0111\u1eb7t &gt; Thanh to\u00e1n<\/li>\n<li>B\u1ea3o h\u00e0nh 5 n\u0103m<\/li>\n<\/ul>\n","protected":false},"featured_media":2801,"comment_status":"closed","ping_status":"closed","template":"","meta":{"site-sidebar-layout":"no-sidebar","site-content-layout":"content-boxed-container","ast-site-content-layout":"normal-width-container","site-content-style":"boxed","site-sidebar-style":"unboxed","ast-global-header-display":"","ast-banner-title-visibility":"","ast-main-header-display":"","ast-hfb-above-header-display":"","ast-hfb-below-header-display":"","ast-hfb-mobile-header-display":"","site-post-title":"","ast-breadcrumbs-content":"","ast-featured-img":"","footer-sml-layout":"","ast-disable-related-posts":"","theme-transparent-header-meta":"default","adv-header-id-meta":"","stick-header-meta":"","header-above-stick-meta":"","header-main-stick-meta":"","header-below-stick-meta":"","astra-migrate-meta-layouts":"set","ast-page-background-enabled":"default","ast-page-background-meta":{"desktop":{"background-color":"var(--ast-global-color-4)","background-image":"","background-repeat":"repeat","background-position":"center center","background-size":"auto","background-attachment":"scroll","background-type":"","background-media":"","overlay-type":"","overlay-color":"","overlay-opacity":"","overlay-gradient":""},"tablet":{"background-color":"","background-image":"","background-repeat":"repeat","background-position":"center center","background-size":"auto","background-attachment":"scroll","background-type":"","background-media":"","overlay-type":"","overlay-color":"","overlay-opacity":"","overlay-gradient":""},"mobile":{"background-color":"","background-image":"","background-repeat":"repeat","background-position":"center center","background-size":"auto","background-attachment":"scroll","background-type":"","background-media":"","overlay-type":"","overlay-color":"","overlay-opacity":"","overlay-gradient":""}},"ast-content-background-meta":{"desktop":{"background-color":"var(--ast-global-color-5)","background-image":"","background-repeat":"repeat","background-position":"center center","background-size":"auto","background-attachment":"scroll","background-type":"","background-media":"","overlay-type":"","overlay-color":"","overlay-opacity":"","overlay-gradient":""},"tablet":{"background-color":"var(--ast-global-color-5)","background-image":"","background-repeat":"repeat","background-position":"center center","background-size":"auto","background-attachment":"scroll","background-type":"","background-media":"","overlay-type":"","overlay-color":"","overlay-opacity":"","overlay-gradient":""},"mobile":{"background-color":"var(--ast-global-color-5)","background-image":"","background-repeat":"repeat","background-position":"center center","background-size":"auto","background-attachment":"scroll","background-type":"","background-media":"","overlay-type":"","overlay-color":"","overlay-opacity":"","overlay-gradient":""}}},"product_brand":[],"product_cat":[47,43],"product_tag":[252,248,251],"class_list":{"0":"post-2163","1":"product","2":"type-product","3":"status-publish","4":"has-post-thumbnail","6":"product_cat-tham-lot-san-o-to-hyundai","7":"product_cat-tham-lot-san-o-to","8":"product_tag-tham-lot-san-accent-2023","9":"product_tag-tham-lot-san-accent-2024","10":"product_tag-tham-lot-san-xe-accent","11":"desktop-align-left","12":"tablet-align-left","13":"mobile-align-left","15":"first","16":"instock","17":"shipping-taxable","18":"purchasable","19":"product-type-variable"},"_links":{"self":[{"href":"https:\/\/topcar.vn\/index.php?rest_route=\/wp\/v2\/product\/2163","targetHints":{"allow":["GET"]}}],"collection":[{"href":"https:\/\/topcar.vn\/index.php?rest_route=\/wp\/v2\/product"}],"about":[{"href":"https:\/\/topcar.vn\/index.php?rest_route=\/wp\/v2\/types\/product"}],"replies":[{"embeddable":true,"href":"https:\/\/topcar.vn\/index.php?rest_route=%2Fwp%2Fv2%2Fcomments&post=2163"}],"version-history":[{"count":6,"href":"https:\/\/topcar.vn\/index.php?rest_route=\/wp\/v2\/product\/2163\/revisions"}],"predecessor-version":[{"id":4377,"href":"https:\/\/topcar.vn\/index.php?rest_route=\/wp\/v2\/product\/2163\/revisions\/4377"}],"wp:featuredmedia":[{"embeddable":true,"href":"https:\/\/topcar.vn\/index.php?rest_route=\/wp\/v2\/media\/2801"}],"wp:attachment":[{"href":"https:\/\/topcar.vn\/index.php?rest_route=%2Fwp%2Fv2%2Fmedia&parent=2163"}],"wp:term":[{"taxonomy":"product_brand","embeddable":true,"href":"https:\/\/topcar.vn\/index.php?rest_route=%2Fwp%2Fv2%2Fproduct_brand&post=2163"},{"taxonomy":"product_cat","embeddable":true,"href":"https:\/\/topcar.vn\/index.php?rest_route=%2Fwp%2Fv2%2Fproduct_cat&post=2163"},{"taxonomy":"product_tag","embeddable":true,"href":"https:\/\/topcar.vn\/index.php?rest_route=%2Fwp%2Fv2%2Fproduct_tag&post=2163"}],"curies":[{"name":"wp","href":"https:\/\/api.w.org\/{rel}","templated":true}]}}