{"id":2158,"date":"2025-07-28T16:15:15","date_gmt":"2025-07-28T09:15:15","guid":{"rendered":"http:\/\/khaitest.rf.gd\/?post_type=product&#038;p=2158"},"modified":"2025-12-05T15:33:30","modified_gmt":"2025-12-05T08:33:30","slug":"tham-lot-san-hyundai-elantra-2019-2021","status":"publish","type":"product","link":"https:\/\/topcar.vn\/product\/tham-lot-san-hyundai-elantra-2019-2021\/","title":{"rendered":"Th\u1ea3m l\u00f3t s\u00e0n Hyundai Elantra 2019\u20132021"},"content":{"rendered":"<article class=\"text-token-text-primary w-full\" dir=\"auto\" data-testid=\"conversation-turn-10\" data-scroll-anchor=\"true\">\n<div class=\"text-base my-auto mx-auto pb-10 [--thread-content-margin:--spacing(4)] @[37rem]:[--thread-content-margin:--spacing(6)] @[72rem]:[--thread-content-margin:--spacing(16)] px-(--thread-content-margin)\">\n<div class=\"[--thread-content-max-width:32rem] @[34rem]:[--thread-content-max-width:40rem] @[64rem]:[--thread-content-max-width:48rem] mx-auto max-w-(--thread-content-max-width) flex-1 group\/turn-messages focus-visible:outline-hidden relative flex w-full min-w-0 flex-col agent-turn\" tabindex=\"-1\">\n<div class=\"flex max-w-full flex-col grow\">\n<div class=\"min-h-8 text-message relative flex w-full flex-col items-end gap-2 text-start break-words whitespace-normal [.text-message+&amp;]:mt-5\" dir=\"auto\" data-message-author-role=\"assistant\" data-message-id=\"6ee8a93f-7fdb-4c7e-b8bb-2a874c3d517b\" data-message-model-slug=\"gpt-4o\">\n<div class=\"flex w-full flex-col gap-1 empty:hidden first:pt-[3px]\">\n<div class=\"markdown prose dark:prose-invert w-full break-words light\">\n<p data-start=\"144\" data-end=\"240\"><strong>Th\u1ea3m l\u00f3t s\u00e0n Hyundai Elantra 2019\u20132021. Gi\u1ea3i ph\u00e1p b\u1ea3o v\u1ec7 n\u1ed9i th\u1ea5t hi\u1ec7u qu\u1ea3 v\u00e0 sang tr\u1ecdng. <\/strong><strong>B\u1ed9 th\u1ea3m l\u00f3t s\u00e0n \u0111\u01b0\u1ee3c thi\u1ebft k\u1ebf ri\u00eang cho Hyundai Elantra \u0111\u1eddi 2019 \u0111\u1ebfn 2021 gi\u00fap b\u1ea3o v\u1ec7 s\u00e0n xe kh\u1ecfi b\u1ee5i b\u1ea9n, \u1ea9m m\u1ed1c v\u00e0 m\u00e0i m\u00f2n, \u0111\u1ed3ng th\u1eddi n\u00e2ng t\u1ea7m th\u1ea9m m\u1ef9 kh\u00f4ng gian n\u1ed9i th\u1ea5t. \u0110\u00e2y l\u00e0 ph\u1ee5 ki\u1ec7n thi\u1ebft y\u1ebfu cho ch\u1ee7 xe mu\u1ed1n gi\u1eef chi\u1ebfc Elantra lu\u00f4n b\u1ec1n \u0111\u1eb9p nh\u01b0 m\u1edbi.<\/strong><\/p>\n<h2 data-start=\"504\" data-end=\"530\"><strong data-start=\"507\" data-end=\"530\">Gi\u1edbi thi\u1ec7u s\u1ea3n ph\u1ea9m th\u1ea3m l\u00f3t s\u00e0n Hyundai Elantra 2019\u20132021<\/strong><\/h2>\n<p data-start=\"532\" data-end=\"755\">Hyundai Elantra t\u1eeb 2019 \u0111\u1ebfn 2021 mang phong c\u00e1ch th\u1ec3 thao, hi\u1ec7n \u0111\u1ea1i, ph\u00f9 h\u1ee3p cho c\u1ea3 nhu c\u1ea7u c\u00e1 nh\u00e2n v\u00e0 gia \u0111\u00ecnh. Tuy nhi\u00ean, l\u1edbp n\u1ec9 s\u00e0n nguy\u00ean b\u1ea3n c\u1ee7a xe r\u1ea5t d\u1ec5 b\u00e1m b\u1ea9n v\u00e0 kh\u00f3 v\u1ec7 sinh n\u1ebfu kh\u00f4ng c\u00f3 bi\u1ec7n ph\u00e1p b\u1ea3o v\u1ec7 \u0111\u00fang c\u00e1ch.<\/p>\n<p data-start=\"757\" data-end=\"1015\">Th\u1ea3m l\u00f3t s\u00e0n thi\u1ebft k\u1ebf ri\u00eang cho Elantra t\u1ea1i <strong data-start=\"801\" data-end=\"811\">Topcar<\/strong> l\u00e0 gi\u1ea3i ph\u00e1p chuy\u00ean bi\u1ec7t \u2013 \u00f4m kh\u00edt t\u1eebng \u0111\u01b0\u1eddng n\u00e9t s\u00e0n xe, gi\u00fap ch\u1ed1ng b\u1ee5i, ch\u1ed1ng \u1ea9m v\u00e0 l\u00e0m s\u1ea1ch c\u1ef1c k\u1ef3 d\u1ec5 d\u00e0ng. Ch\u1ea5t li\u1ec7u nh\u1ef1a TPE nguy\u00ean sinh n\u1ed5i b\u1eadt v\u1edbi \u0111\u1ed9 b\u1ec1n cao, kh\u1ea3 n\u0103ng ch\u1ed1ng tr\u01b0\u1ee3t, kh\u00f4ng th\u1ea5m n\u01b0\u1edbc, d\u1ec5 d\u00e0ng v\u1ec7 sinh v\u00e0 \u0111\u1eb7c bi\u1ec7t an to\u00e0n cho s\u1ee9c kh\u1ecfe do kh\u00f4ng ch\u1ee9a ch\u1ea5t \u0111\u1ed9c h\u1ea1i.<\/p>\n<figure id=\"attachment_2807\" aria-describedby=\"caption-attachment-2807\" style=\"width: 1024px\" class=\"wp-caption aligncenter\"><img fetchpriority=\"high\" decoding=\"async\" class=\"wp-image-2807 size-large\" src=\"http:\/\/khaitest.rf.gd\/wp-content\/uploads\/2025\/07\/AnyConv.com__ELANTRA-22-25-1024x1024.webp\" alt=\"Th\u1ea3m l\u00f3t s\u00e0n Hyundai Elantra 2019\u20132021\" width=\"1024\" height=\"1024\" srcset=\"https:\/\/topcar.vn\/wp-content\/uploads\/2025\/07\/AnyConv.com__ELANTRA-22-25-1024x1024.webp 1024w, https:\/\/topcar.vn\/wp-content\/uploads\/2025\/07\/AnyConv.com__ELANTRA-22-25-300x300.webp 300w, https:\/\/topcar.vn\/wp-content\/uploads\/2025\/07\/AnyConv.com__ELANTRA-22-25-150x150.webp 150w, https:\/\/topcar.vn\/wp-content\/uploads\/2025\/07\/AnyConv.com__ELANTRA-22-25-768x768.webp 768w, https:\/\/topcar.vn\/wp-content\/uploads\/2025\/07\/AnyConv.com__ELANTRA-22-25-600x600.webp 600w, https:\/\/topcar.vn\/wp-content\/uploads\/2025\/07\/AnyConv.com__ELANTRA-22-25-100x100.webp 100w, https:\/\/topcar.vn\/wp-content\/uploads\/2025\/07\/AnyConv.com__ELANTRA-22-25.webp 1080w\" sizes=\"(max-width: 1024px) 100vw, 1024px\" \/><figcaption id=\"caption-attachment-2807\" class=\"wp-caption-text\">Th\u1ea3m l\u00f3t s\u00e0n Hyundai Elantra 2019\u20132021<\/figcaption><\/figure>\n<p data-start=\"1022\" data-end=\"1048\"><strong data-start=\"1026\" data-end=\"1048\">Th\u00f4ng tin chi ti\u1ebft th\u1ea3m l\u00f3t s\u00e0n Hyundai Elantra 2019\u20132021<\/strong><\/p>\n<ul>\n<li data-start=\"1052\" data-end=\"1121\">D\u00f2ng xe \u00e1p d\u1ee5ng: Hyundai Elantra c\u00e1c phi\u00ean b\u1ea3n t\u1eeb 2019 \u0111\u1ebfn 2021<\/li>\n<li data-start=\"1124\" data-end=\"1176\">Lo\u1ea1i xe: Sedan 5 ch\u1ed7 \u2013 th\u1ea3m ph\u1ee7 k\u00edn 2 h\u00e0ng gh\u1ebf<\/li>\n<li data-start=\"1179\" data-end=\"1261\">Ch\u1ea5t li\u1ec7u: Th\u1ea3m l\u00f3t s\u00e0n \u00f4 t\u00f4 nh\u1ef1a TPE nguy\u00ean sinh<\/li>\n<li data-start=\"1264\" data-end=\"1320\">M\u00e0u s\u1eafc: \u0110en sang tr\u1ecdng<\/li>\n<li data-start=\"1323\" data-end=\"1400\">Thi\u1ebft k\u1ebf: 5D- C\u1eaft \u0111o theo form Elantra \u2013 kh\u00f4ng x\u00f4 l\u1ec7ch, kh\u00f4ng c\u1ea7n c\u1eaft ch\u1ec9nh<\/li>\n<li data-start=\"1403\" data-end=\"1469\">L\u1eafp \u0111\u1eb7t: Th\u00e1o l\u1eafp \u0111\u01a1n gi\u1ea3n, kh\u00f4ng c\u1ea7n can thi\u1ec7p v\u00e0o k\u1ebft c\u1ea5u xe<\/li>\n<\/ul>\n<p data-start=\"1476\" data-end=\"1499\"><strong data-start=\"1480\" data-end=\"1499\">\u01afu \u0111i\u1ec3m n\u1ed5i b\u1eadt c\u1ee7a th\u1ea3m l\u00f3t s\u00e0n Hyundai Elantra 2019\u20132021<\/strong><\/p>\n<ul>\n<li data-start=\"1501\" data-end=\"1855\">Chu\u1ea9n k\u00edch th\u01b0\u1edbc Elantra 2019\u20132021 \u2013 v\u1eeba v\u1eb7n t\u1eebng \u0111\u01b0\u1eddng g\u1edd, g\u00f3c s\u00e0n<\/li>\n<li data-start=\"1501\" data-end=\"1855\">Ch\u1ed1ng tr\u01a1n tr\u01b0\u1ee3t \u2013 \u0111\u1ea3m b\u1ea3o an to\u00e0n khi di chuy\u1ec3n trong xe<\/li>\n<li data-start=\"1501\" data-end=\"1855\">Ch\u1ed1ng b\u00e1m b\u1ee5i, ch\u1ed1ng th\u1ea5m \u2013 d\u1ec5 d\u00e0ng v\u1ec7 sinh b\u1eb1ng kh\u0103n \u1ea9m ho\u1eb7c m\u00e1y h\u00fat b\u1ee5i<\/li>\n<li data-start=\"1501\" data-end=\"1855\">Kh\u00f4ng m\u00f9i, kh\u00f4ng \u0111\u1ed9c h\u1ea1i \u2013 th\u00e2n thi\u1ec7n v\u1edbi tr\u1ebb nh\u1ecf v\u00e0 ng\u01b0\u1eddi nh\u1ea1y c\u1ea3m<\/li>\n<li data-start=\"1501\" data-end=\"1855\">T\u0103ng \u0111\u1ed9 b\u1ec1n cho l\u1edbp s\u00e0n g\u1ed1c, gi\u1eef xe lu\u00f4n nh\u01b0 m\u1edbi<\/li>\n<\/ul>\n<p><img decoding=\"async\" class=\"size-large wp-image-2782 aligncenter\" src=\"http:\/\/khaitest.rf.gd\/wp-content\/uploads\/2025\/07\/AnyConv.com__z6885323919333_eeea39e9ed8141b94733bcc03411962e-sao-chep-1-1024x683.webp\" alt=\"\" width=\"1024\" height=\"683\" srcset=\"https:\/\/topcar.vn\/wp-content\/uploads\/2025\/07\/AnyConv.com__z6885323919333_eeea39e9ed8141b94733bcc03411962e-sao-chep-1-1024x683.webp 1024w, https:\/\/topcar.vn\/wp-content\/uploads\/2025\/07\/AnyConv.com__z6885323919333_eeea39e9ed8141b94733bcc03411962e-sao-chep-1-300x200.webp 300w, https:\/\/topcar.vn\/wp-content\/uploads\/2025\/07\/AnyConv.com__z6885323919333_eeea39e9ed8141b94733bcc03411962e-sao-chep-1-768x512.webp 768w, https:\/\/topcar.vn\/wp-content\/uploads\/2025\/07\/AnyConv.com__z6885323919333_eeea39e9ed8141b94733bcc03411962e-sao-chep-1-1536x1024.webp 1536w, https:\/\/topcar.vn\/wp-content\/uploads\/2025\/07\/AnyConv.com__z6885323919333_eeea39e9ed8141b94733bcc03411962e-sao-chep-1-600x400.webp 600w, https:\/\/topcar.vn\/wp-content\/uploads\/2025\/07\/AnyConv.com__z6885323919333_eeea39e9ed8141b94733bcc03411962e-sao-chep-1.webp 2048w\" sizes=\"(max-width: 1024px) 100vw, 1024px\" \/><\/p>\n<p data-start=\"1862\" data-end=\"1877\"><strong data-start=\"1866\" data-end=\"1877\">Gi\u00e1 b\u00e1n th\u1ea3m l\u00f3t s\u00e0n Hyundai Elantra 2019\u20132021<\/strong><\/p>\n<ul>\n<li data-start=\"1862\" data-end=\"1877\"><strong data-start=\"1882\" data-end=\"1935\">Combo tr\u1ecdn b\u1ed9 th\u1ea3m l\u00f3t s\u00e0n Hyundai Elantra:<\/strong> <strong data-start=\"1936\" data-end=\"1950\">2.200.000\u0111<\/strong><\/li>\n<\/ul>\n<h2 data-start=\"2047\" data-end=\"2092\"><strong data-start=\"2050\" data-end=\"2092\">Mua th\u1ea3m l\u00f3t s\u00e0n Hyundai Elantra 2019\u20132021ch\u00ednh h\u00e3ng t\u1ea1i Topcar<\/strong><\/h2>\n<p data-start=\"2094\" data-end=\"2366\">T\u1ea1i Topcar, m\u1ed7i b\u1ed9 th\u1ea3m \u0111\u1ec1u \u0111\u01b0\u1ee3c s\u1ea3n xu\u1ea5t ri\u00eang theo m\u1eabu xe, tuy\u1ec7t \u0111\u1ed1i kh\u00f4ng d\u00f9ng th\u1ea3m c\u1eaft s\u1eb5n ho\u1eb7c form chung. V\u1edbi kinh nghi\u1ec7m chuy\u00ean s\u00e2u trong l\u0129nh v\u1ef1c ph\u1ee5 ki\u1ec7n \u00f4 t\u00f4, ch\u00fang t\u00f4i cam k\u1ebft mang \u0111\u1ebfn s\u1ea3n ph\u1ea9m v\u1eeba b\u1ec1n, v\u1eeba \u0111\u1eb9p v\u00e0 c\u1ef1c k\u1ef3 v\u1eeba v\u1eb7n v\u1edbi n\u1ed9i th\u1ea5t xe c\u1ee7a b\u1ea1n.<\/p>\n<p data-start=\"2368\" data-end=\"2394\"><strong data-start=\"2368\" data-end=\"2394\">L\u00fd do n\u00ean ch\u1ecdn Topcar:<\/strong><\/p>\n<ul>\n<li>Form chu\u1ea9n Elantra \u2013 kh\u00f4ng b\u1ecb l\u1ec7ch khung, kh\u00f4ng bung vi\u1ec1n<\/li>\n<li>Ch\u1ea5t li\u1ec7u nh\u1eadp kh\u1ea9u \u2013 ch\u1ed1ng m\u00e0i m\u00f2n, kh\u00f4ng phai m\u00e0u<\/li>\n<li>\u0110a d\u1ea1ng m\u00e0u s\u1eafc \u2013 d\u1ec5 ph\u1ed1i v\u1edbi n\u1ed9i th\u1ea5t xe<\/li>\n<li>Giao h\u00e0ng to\u00e0n qu\u1ed1c \u2013 h\u1ed7 tr\u1ee3 l\u1eafp \u0111\u1eb7t t\u1ea1i H\u00e0 N\u1ed9i<\/li>\n<li>B\u1ea3o h\u00e0nh r\u00f5 r\u00e0ng t\u1eeb 12\u201324 th\u00e1ng<\/li>\n<\/ul>\n<p><img decoding=\"async\" class=\"size-large wp-image-2766 aligncenter\" src=\"http:\/\/khaitest.rf.gd\/wp-content\/uploads\/2025\/07\/AnyConv.com__7-1024x1024.webp\" alt=\"\" width=\"1024\" height=\"1024\" srcset=\"https:\/\/topcar.vn\/wp-content\/uploads\/2025\/07\/AnyConv.com__7-1024x1024.webp 1024w, https:\/\/topcar.vn\/wp-content\/uploads\/2025\/07\/AnyConv.com__7-300x300.webp 300w, https:\/\/topcar.vn\/wp-content\/uploads\/2025\/07\/AnyConv.com__7-150x150.webp 150w, https:\/\/topcar.vn\/wp-content\/uploads\/2025\/07\/AnyConv.com__7-768x767.webp 768w, https:\/\/topcar.vn\/wp-content\/uploads\/2025\/07\/AnyConv.com__7-600x599.webp 600w, https:\/\/topcar.vn\/wp-content\/uploads\/2025\/07\/AnyConv.com__7-100x100.webp 100w, https:\/\/topcar.vn\/wp-content\/uploads\/2025\/07\/AnyConv.com__7.webp 1081w\" sizes=\"(max-width: 1024px) 100vw, 1024px\" \/><\/p>\n<p><strong>\ud83d\udcde Li\u00ean h\u1ec7 \u0111\u1eb7t h\u00e0ng:<\/strong><\/p>\n<ul>\n<li data-start=\"2794\" data-end=\"2828\"><strong data-start=\"2794\" data-end=\"2813\">Hotline \/ Zalo:<\/strong> 0889.385.222<\/li>\n<li data-start=\"2831\" data-end=\"2906\"><strong data-start=\"2831\" data-end=\"2843\">\u0110\u1ecba ch\u1ec9:<\/strong> S\u1ed1 9 BT2, Khu \u0111\u00f4 th\u1ecb Foresa Xu\u00e2n Ph\u01b0\u01a1ng, Nam T\u1eeb Li\u00eam, H\u00e0 N\u1ed9i<\/li>\n<li data-start=\"2909\" data-end=\"2960\"><strong data-start=\"2909\" data-end=\"2921\">Website:<\/strong> <a class=\"\" href=\"https:\/\/Topcar.vn\" target=\"_new\" rel=\"noopener\" data-start=\"2922\" data-end=\"2960\">https:\/\/Topcar.vn<\/a><\/li>\n<\/ul>\n<\/div>\n<\/div>\n<\/div>\n<\/div>\n<\/div>\n<\/div>\n<\/article>\n","protected":false},"excerpt":{"rendered":"<ul>\n<li>Mi\u1ec5n ph\u00ed giao h\u00e0ng to\u00e0n qu\u1ed1c<\/li>\n<li>Nh\u1eadn h\u00e0ng &gt; L\u1eafp \u0111\u1eb7t &gt; Thanh to\u00e1n<\/li>\n<li>B\u1ea3o h\u00e0nh 5 n\u0103m<\/li>\n<\/ul>\n","protected":false},"featured_media":2807,"comment_status":"closed","ping_status":"closed","template":"","meta":{"site-sidebar-layout":"no-sidebar","site-content-layout":"content-boxed-container","ast-site-content-layout":"normal-width-container","site-content-style":"boxed","site-sidebar-style":"unboxed","ast-global-header-display":"","ast-banner-title-visibility":"","ast-main-header-display":"","ast-hfb-above-header-display":"","ast-hfb-below-header-display":"","ast-hfb-mobile-header-display":"","site-post-title":"","ast-breadcrumbs-content":"","ast-featured-img":"","footer-sml-layout":"","ast-disable-related-posts":"","theme-transparent-header-meta":"default","adv-header-id-meta":"","stick-header-meta":"","header-above-stick-meta":"","header-main-stick-meta":"","header-below-stick-meta":"","astra-migrate-meta-layouts":"set","ast-page-background-enabled":"default","ast-page-background-meta":{"desktop":{"background-color":"var(--ast-global-color-4)","background-image":"","background-repeat":"repeat","background-position":"center center","background-size":"auto","background-attachment":"scroll","background-type":"","background-media":"","overlay-type":"","overlay-color":"","overlay-opacity":"","overlay-gradient":""},"tablet":{"background-color":"","background-image":"","background-repeat":"repeat","background-position":"center center","background-size":"auto","background-attachment":"scroll","background-type":"","background-media":"","overlay-type":"","overlay-color":"","overlay-opacity":"","overlay-gradient":""},"mobile":{"background-color":"","background-image":"","background-repeat":"repeat","background-position":"center center","background-size":"auto","background-attachment":"scroll","background-type":"","background-media":"","overlay-type":"","overlay-color":"","overlay-opacity":"","overlay-gradient":""}},"ast-content-background-meta":{"desktop":{"background-color":"var(--ast-global-color-5)","background-image":"","background-repeat":"repeat","background-position":"center center","background-size":"auto","background-attachment":"scroll","background-type":"","background-media":"","overlay-type":"","overlay-color":"","overlay-opacity":"","overlay-gradient":""},"tablet":{"background-color":"var(--ast-global-color-5)","background-image":"","background-repeat":"repeat","background-position":"center center","background-size":"auto","background-attachment":"scroll","background-type":"","background-media":"","overlay-type":"","overlay-color":"","overlay-opacity":"","overlay-gradient":""},"mobile":{"background-color":"var(--ast-global-color-5)","background-image":"","background-repeat":"repeat","background-position":"center center","background-size":"auto","background-attachment":"scroll","background-type":"","background-media":"","overlay-type":"","overlay-color":"","overlay-opacity":"","overlay-gradient":""}}},"product_brand":[],"product_cat":[47,43],"product_tag":[147,227,138,73,77,249,250],"class_list":{"0":"post-2158","1":"product","2":"type-product","3":"status-publish","4":"has-post-thumbnail","6":"product_cat-tham-lot-san-o-to-hyundai","7":"product_cat-tham-lot-san-o-to","8":"product_tag-carsen-tham-san","9":"product_tag-tham-carlsen","10":"product_tag-tham-lot-san","11":"product_tag-tham-lot-san-o-to","12":"product_tag-tham-lot-san-o-to-nhua-duc","13":"product_tag-tham-lot-san-xe-santafe-2021","14":"product_tag-tham-san-3d-huvi","15":"desktop-align-left","16":"tablet-align-left","17":"mobile-align-left","19":"first","20":"instock","21":"shipping-taxable","22":"purchasable","23":"product-type-variable"},"_links":{"self":[{"href":"https:\/\/topcar.vn\/wp-json\/wp\/v2\/product\/2158","targetHints":{"allow":["GET"]}}],"collection":[{"href":"https:\/\/topcar.vn\/wp-json\/wp\/v2\/product"}],"about":[{"href":"https:\/\/topcar.vn\/wp-json\/wp\/v2\/types\/product"}],"replies":[{"embeddable":true,"href":"https:\/\/topcar.vn\/wp-json\/wp\/v2\/comments?post=2158"}],"version-history":[{"count":4,"href":"https:\/\/topcar.vn\/wp-json\/wp\/v2\/product\/2158\/revisions"}],"predecessor-version":[{"id":2815,"href":"https:\/\/topcar.vn\/wp-json\/wp\/v2\/product\/2158\/revisions\/2815"}],"wp:featuredmedia":[{"embeddable":true,"href":"https:\/\/topcar.vn\/wp-json\/wp\/v2\/media\/2807"}],"wp:attachment":[{"href":"https:\/\/topcar.vn\/wp-json\/wp\/v2\/media?parent=2158"}],"wp:term":[{"taxonomy":"product_brand","embeddable":true,"href":"https:\/\/topcar.vn\/wp-json\/wp\/v2\/product_brand?post=2158"},{"taxonomy":"product_cat","embeddable":true,"href":"https:\/\/topcar.vn\/wp-json\/wp\/v2\/product_cat?post=2158"},{"taxonomy":"product_tag","embeddable":true,"href":"https:\/\/topcar.vn\/wp-json\/wp\/v2\/product_tag?post=2158"}],"curies":[{"name":"wp","href":"https:\/\/api.w.org\/{rel}","templated":true}]}}