{"id":2154,"date":"2025-07-28T16:02:21","date_gmt":"2025-07-28T09:02:21","guid":{"rendered":"http:\/\/khaitest.rf.gd\/?post_type=product&#038;p=2154"},"modified":"2025-12-08T11:09:07","modified_gmt":"2025-12-08T04:09:07","slug":"tham-lot-san-hyundai-elantra-2022-2025","status":"publish","type":"product","link":"https:\/\/topcar.vn\/?product=tham-lot-san-hyundai-elantra-2022-2025","title":{"rendered":"Th\u1ea3m l\u00f3t s\u00e0n Hyundai Elantra 2022\u20132025"},"content":{"rendered":"<article class=\"text-token-text-primary w-full\" dir=\"auto\" data-testid=\"conversation-turn-10\" data-scroll-anchor=\"true\">\n<div class=\"text-base my-auto mx-auto pb-10 [--thread-content-margin:--spacing(4)] @[37rem]:[--thread-content-margin:--spacing(6)] @[72rem]:[--thread-content-margin:--spacing(16)] px-(--thread-content-margin)\">\n<div class=\"[--thread-content-max-width:32rem] @[34rem]:[--thread-content-max-width:40rem] @[64rem]:[--thread-content-max-width:48rem] mx-auto max-w-(--thread-content-max-width) flex-1 group\/turn-messages focus-visible:outline-hidden relative flex w-full min-w-0 flex-col agent-turn\" tabindex=\"-1\">\n<div class=\"flex max-w-full flex-col grow\">\n<div class=\"min-h-8 text-message relative flex w-full flex-col items-end gap-2 text-start break-words whitespace-normal [.text-message+&amp;]:mt-5\" dir=\"auto\" data-message-author-role=\"assistant\" data-message-id=\"6ee8a93f-7fdb-4c7e-b8bb-2a874c3d517b\" data-message-model-slug=\"gpt-4o\">\n<div class=\"flex w-full flex-col gap-1 empty:hidden first:pt-[3px]\">\n<div class=\"markdown prose dark:prose-invert w-full break-words light\">\n<p data-start=\"159\" data-end=\"259\"><strong><em>Th\u1ea3m l\u00f3t s\u00e0n Hyundai Elantra 2022\u20132025 \u2013 Gi\u1ea3i ph\u00e1p b\u1ea3o v\u1ec7 s\u00e0n xe t\u1ed1i \u01b0u cho sedan th\u1eddi th\u01b0\u1ee3ng. Hyundai Elantra th\u1ebf h\u1ec7 m\u1edbi g\u00e2y \u1ea5n t\u01b0\u1ee3ng v\u1edbi thi\u1ebft k\u1ebf t\u00e1o b\u1ea1o, khoang n\u1ed9i th\u1ea5t r\u1ed9ng r\u00e3i v\u00e0 nhi\u1ec1u c\u00f4ng ngh\u1ec7 th\u00f4ng minh. Nh\u01b0ng \u0111\u1ec3 gi\u1eef cho n\u1ed9i th\u1ea5t xe lu\u00f4n s\u1ea1ch s\u1ebd, b\u1ec1n \u0111\u1eb9p theo th\u1eddi gian, th\u1ea3m l\u00f3t s\u00e0n thi\u1ebft k\u1ebf ri\u00eang cho Elantra 2022\u20132025 l\u00e0 ph\u1ee5 ki\u1ec7n kh\u00f4ng th\u1ec3 thi\u1ebfu.<\/em><\/strong><\/p>\n<h2 data-start=\"535\" data-end=\"562\"><strong data-start=\"539\" data-end=\"562\">Gi\u1edbi thi\u1ec7u s\u1ea3n ph\u1ea9m th\u1ea3m l\u00f3t s\u00e0n Hyundai Elantra 2022\u20132025 <\/strong><\/h2>\n<p data-start=\"564\" data-end=\"898\">V\u1edbi s\u00e0n xe ph\u1eb3ng v\u00e0 r\u1ed9ng \u0111\u1eb7c tr\u01b0ng c\u1ee7a d\u00f2ng sedan h\u1ea1ng C, Hyundai Elantra \u0111\u00f2i h\u1ecfi lo\u1ea1i th\u1ea3m c\u00f3 \u0111\u1ed9 \u00f4m kh\u00edt cao, tr\u00e1nh tr\u01a1n tr\u01b0\u1ee3t v\u00e0 kh\u00f4ng l\u00e0m \u1ea3nh h\u01b0\u1edfng \u0111\u1ebfn v\u1eadn h\u00e0nh xe. Th\u1ea3m l\u00f3t s\u00e0n may \u0111o theo form Elantra t\u1ea1i Topcar \u0111\u01b0\u1ee3c ch\u1ebf t\u00e1c t\u1eeb ch\u1ea5t li\u1ec7u nh\u1ef1a TPE cao c\u1ea5p, ch\u1ed1ng n\u01b0\u1edbc, ch\u1ecbu nhi\u1ec7t t\u1ed1t, d\u1ec5 lau ch\u00f9i v\u00e0 ho\u00e0n to\u00e0n kh\u00f4ng m\u00f9i.<\/p>\n<p data-start=\"564\" data-end=\"898\">\u0110\u00e2y l\u00e0 gi\u1ea3i ph\u00e1p gi\u00fap ng\u0103n ng\u1eeba b\u1ee5i b\u1ea9n, n\u01b0\u1edbc m\u01b0a, v\u1ee5n \u0111\u1ed3 \u0103n, hay b\u00f9n \u0111\u1ea5t \u2013 \u0111\u1eb7c bi\u1ec7t h\u1eefu \u00edch cho xe di chuy\u1ec3n trong \u0111i\u1ec1u ki\u1ec7n th\u1eddi ti\u1ebft \u1ea9m ho\u1eb7c s\u1eed d\u1ee5ng h\u1eb1ng ng\u00e0y.<\/p>\n<figure id=\"attachment_2878\" aria-describedby=\"caption-attachment-2878\" style=\"width: 900px\" class=\"wp-caption aligncenter\"><img fetchpriority=\"high\" decoding=\"async\" class=\"wp-image-2878\" src=\"http:\/\/khaitest.rf.gd\/wp-content\/uploads\/2025\/07\/sdt.1-1.jpg\" alt=\"\" width=\"900\" height=\"900\" srcset=\"https:\/\/topcar.vn\/wp-content\/uploads\/2025\/07\/sdt.1-1.jpg 588w, https:\/\/topcar.vn\/wp-content\/uploads\/2025\/07\/sdt.1-1-300x300.jpg 300w, https:\/\/topcar.vn\/wp-content\/uploads\/2025\/07\/sdt.1-1-150x150.jpg 150w, https:\/\/topcar.vn\/wp-content\/uploads\/2025\/07\/sdt.1-1-100x100.jpg 100w\" sizes=\"(max-width: 900px) 100vw, 900px\" \/><figcaption id=\"caption-attachment-2878\" class=\"wp-caption-text\">Th\u1ea3m l\u00f3t s\u00e0n gh\u1ebf l\u00e1i<\/figcaption><\/figure>\n<p data-start=\"1069\" data-end=\"1095\"><strong data-start=\"1073\" data-end=\"1095\">Th\u00f4ng tin s\u1ea3n ph\u1ea9m <\/strong><strong data-start=\"539\" data-end=\"562\">th\u1ea3m l\u00f3t s\u00e0n Hyundai Elantra 2022\u20132025<\/strong><\/p>\n<ul>\n<li data-start=\"1099\" data-end=\"1164\">D\u00f2ng xe ph\u00f9 h\u1ee3p: Hyundai Elantra \u0111\u1eddi 2022, 2023, 2024, 2025<\/li>\n<li data-start=\"1167\" data-end=\"1218\">S\u1ed1 ch\u1ed7: Sedan 5 ch\u1ed7 \u2013 th\u1ea3m ph\u1ee7 k\u00edn 2 h\u00e0ng gh\u1ebf<\/li>\n<li data-start=\"1221\" data-end=\"1295\">Ch\u1ea5t li\u1ec7u: nh\u1ef1a TPE cao c\u1ea5p, c\u00f3 kh\u1ea3 n\u0103ng ch\u1ecbu nhi\u1ec7t, ch\u1ecbu l\u1ef1c v\u00e0 \u0111\u1ed9 \u0111\u00e0n h\u1ed3i t\u1ed1t, gi\u00fap th\u1ea3m kh\u00f4ng b\u1ecb bi\u1ebfn d\u1ea1ng, cong v\u00eanh d\u01b0\u1edbi t\u00e1c \u0111\u1ed9ng c\u1ee7a th\u1eddi ti\u1ebft v\u00e0 th\u1eddi gian s\u1eed d\u1ee5ng.<\/li>\n<li data-start=\"1298\" data-end=\"1370\">M\u00e0u s\u1eafc t\u00f9y ch\u1ecdn: \u0110en<\/li>\n<li data-start=\"1373\" data-end=\"1458\">Thi c\u00f4ng: L\u1eafp \u0111\u1eb7t v\u1eeba v\u1eb7n t\u1eebng chi ti\u1ebft \u2013 kh\u00f4ng c\u1ea7n th\u00e1o gh\u1ebf \u2013 d\u1ec5 v\u1ec7 sinh \u0111\u1ecbnh k\u1ef3<\/li>\n<\/ul>\n<p><strong data-start=\"1469\" data-end=\"1488\">\u01afu \u0111i\u1ec3m n\u1ed5i b\u1eadt th\u1ea3m l\u00f3t s\u00e0n Hyundai Elantra 2022\u20132025<\/strong><\/p>\n<ul>\n<li data-start=\"1490\" data-end=\"1839\">Th\u1ea3m \u0111\u01b0\u1ee3c thi\u1ebft k\u1ebf theo khu\u00f4n m\u1eabu, \u00f4m s\u00e1t t\u1eebng chi ti\u1ebft c\u1ee7a s\u00e0n xe, gi\u00fap ng\u0103n ch\u1eb7n b\u1ee5i b\u1ea9n, n\u01b0\u1edbc v\u00e0 c\u00e1c ch\u1ea5t l\u1ecfng kh\u00e1c r\u01a1i xu\u1ed1ng s\u00e0n xe, b\u1ea3o v\u1ec7 s\u00e0n xe t\u1ed1t h\u01a1n.<\/li>\n<li data-start=\"1490\" data-end=\"1839\">Kh\u1ea3 n\u0103ng ch\u1ed1ng th\u1ea5m, ch\u1ed1ng b\u00e1m b\u1ea9n v\u01b0\u1ee3t tr\u1ed9i<\/li>\n<li data-start=\"1490\" data-end=\"1839\">Nh\u1ef1a TPE nguy\u00ean sinh kh\u00f4ng ch\u1ee9a c\u00e1c h\u00f3a ch\u1ea5t \u0111\u1ed9c h\u1ea1i, kh\u00f4ng g\u00e2y m\u00f9i kh\u00f3 ch\u1ecbu, an to\u00e0n cho s\u1ee9c kh\u1ecfe ng\u01b0\u1eddi s\u1eed d\u1ee5ng, \u0111\u1eb7c bi\u1ec7t l\u00e0 tr\u1ebb nh\u1ecf<\/li>\n<li data-start=\"1490\" data-end=\"1839\">B\u1ec1 m\u1eb7t th\u1ea3m c\u00f3 c\u00e1c v\u00e2n n\u1ed5i gi\u00fap t\u0103ng \u0111\u1ed9 ma s\u00e1t, ch\u1ed1ng tr\u01a1n tr\u01b0\u1ee3t, \u0111\u1ea3m b\u1ea3o an to\u00e0n khi l\u00e1i xe.<\/li>\n<li data-start=\"1490\" data-end=\"1839\">Thi\u1ebft k\u1ebf tr\u00e0n vi\u1ec1n m\u00e9p c\u1eeda gi\u00fap b\u1ea3o v\u1ec7 b\u1eadc xe kh\u00f4ng b\u1ecb x\u01b0\u1edbc<\/li>\n<li data-start=\"1490\" data-end=\"1839\">T\u0103ng gi\u00e1 tr\u1ecb th\u1ea9m m\u1ef9 cho xe \u2013 n\u1ed9i th\u1ea5t tr\u00f4ng g\u1ecdn g\u00e0ng, cao c\u1ea5p h\u01a1n<\/li>\n<\/ul>\n<figure id=\"attachment_2879\" aria-describedby=\"caption-attachment-2879\" style=\"width: 900px\" class=\"wp-caption aligncenter\"><img decoding=\"async\" class=\"wp-image-2879\" src=\"http:\/\/khaitest.rf.gd\/wp-content\/uploads\/2025\/07\/sdt.2-1.jpg\" alt=\"\" width=\"900\" height=\"900\" srcset=\"https:\/\/topcar.vn\/wp-content\/uploads\/2025\/07\/sdt.2-1.jpg 589w, https:\/\/topcar.vn\/wp-content\/uploads\/2025\/07\/sdt.2-1-300x300.jpg 300w, https:\/\/topcar.vn\/wp-content\/uploads\/2025\/07\/sdt.2-1-150x150.jpg 150w, https:\/\/topcar.vn\/wp-content\/uploads\/2025\/07\/sdt.2-1-100x100.jpg 100w\" sizes=\"(max-width: 900px) 100vw, 900px\" \/><figcaption id=\"caption-attachment-2879\" class=\"wp-caption-text\">Th\u1ea3m l\u00f3t s\u00e0n gh\u1ebf ph\u1ee5<\/figcaption><\/figure>\n<div class=\"mceTemp\"><\/div>\n<p><strong data-start=\"1850\" data-end=\"1900\">Gi\u00e1 b\u00e1n tr\u1ecdn b\u1ed9 th\u1ea3m l\u00f3t s\u00e0n Hyundai Elantra 2022\u20132025<\/strong><\/p>\n<ul>\n<li data-start=\"1902\" data-end=\"1999\"><strong data-start=\"1905\" data-end=\"1937\">Combo:<\/strong> 2.200.000 VN\u0110<\/li>\n<\/ul>\n<h2 data-start=\"535\" data-end=\"562\"><strong data-start=\"539\" data-end=\"562\">Mua th\u1ea3m l\u00f3t s\u00e0n Hyundai Elantra ch\u00ednh h\u00e3ng t\u1ea1i Topcar<\/strong><\/h2>\n<p>\u0110\u1ea7u t\u01b0 v\u00e0o th\u1ea3m l\u00f3t s\u00e0n l\u00e0 c\u00e1ch \u0111\u01a1n gi\u1ea3n nh\u01b0ng hi\u1ec7u qu\u1ea3 \u0111\u1ec3 gi\u1eef cho n\u1ed9i th\u1ea5t Elantra lu\u00f4n m\u1edbi, s\u1ea1ch v\u00e0 tinh t\u1ebf. H\u00e3y \u0111\u1ec3 Topcar gi\u00fap b\u1ea1n ch\u0103m s\u00f3c xe k\u1ef9 l\u01b0\u1ee1ng t\u1eeb nh\u1eefng chi ti\u1ebft nh\u1ecf nh\u1ea5t. Kh\u00f4ng ch\u1ec9 l\u00e0 ph\u1ee5 ki\u1ec7n, th\u1ea3m l\u00f3t s\u00e0n \u0111o ri\u00eang theo xe c\u00f2n th\u1ec3 hi\u1ec7n s\u1ef1 ch\u1ec9n chu v\u00e0 gu th\u1ea9m m\u1ef9. T\u1ea1i Topcar, b\u1ea1n ho\u00e0n to\u00e0n y\u00ean t\u00e2m khi ch\u1ecdn th\u1ea3m l\u00f3t s\u00e0n cho Hyundai Elantra b\u1edfi:<\/p>\n<ul>\n<li>Th\u1ea3m \u0111\u01b0\u1ee3c c\u1eaft laser ch\u00ednh x\u00e1c theo \u0111\u1eddi xe Elantra<\/li>\n<li>Ch\u1ea5t li\u1ec7u nh\u1eadp kh\u1ea9u \u2013 kh\u00f4ng bong tr\u00f3c, kh\u00f4ng th\u1ea5m ng\u01b0\u1ee3c, d\u1ec5 v\u1ec7 sinh<\/li>\n<li>M\u00e0u s\u1eafc \u0111a d\u1ea1ng \u2013 d\u1ec5 ph\u1ed1i c\u00f9ng tone n\u1ed9i th\u1ea5t xe<\/li>\n<li>T\u01b0 v\u1ea5n t\u1eadn t\u00e2m \u2013 nh\u1eadn h\u00e0ng ki\u1ec3m tra m\u1edbi thanh to\u00e1n<\/li>\n<li>B\u1ea3o h\u00e0nh 12\u201324 th\u00e1ng t\u00f9y ch\u1ea5t li\u1ec7u<\/li>\n<\/ul>\n<figure id=\"attachment_2880\" aria-describedby=\"caption-attachment-2880\" style=\"width: 900px\" class=\"wp-caption aligncenter\"><img decoding=\"async\" class=\"wp-image-2880\" src=\"http:\/\/khaitest.rf.gd\/wp-content\/uploads\/2025\/07\/sdt.3-1.jpg\" alt=\"\" width=\"900\" height=\"900\" srcset=\"https:\/\/topcar.vn\/wp-content\/uploads\/2025\/07\/sdt.3-1.jpg 592w, https:\/\/topcar.vn\/wp-content\/uploads\/2025\/07\/sdt.3-1-300x300.jpg 300w, https:\/\/topcar.vn\/wp-content\/uploads\/2025\/07\/sdt.3-1-150x150.jpg 150w, https:\/\/topcar.vn\/wp-content\/uploads\/2025\/07\/sdt.3-1-100x100.jpg 100w\" sizes=\"(max-width: 900px) 100vw, 900px\" \/><figcaption id=\"caption-attachment-2880\" class=\"wp-caption-text\">Th\u1ea3m l\u00f3t s\u00e0n gh\u1ebf sau<\/figcaption><\/figure>\n<p><strong>\ud83d\udcde Li\u00ean h\u1ec7 \u0111\u1eb7t h\u00e0ng:<\/strong><\/p>\n<ul>\n<li data-start=\"2794\" data-end=\"2828\"><strong data-start=\"2794\" data-end=\"2813\">Hotline \/ Zalo:<\/strong> 0889.385.222<\/li>\n<li data-start=\"2831\" data-end=\"2906\"><strong data-start=\"2831\" data-end=\"2843\">\u0110\u1ecba ch\u1ec9:<\/strong> S\u1ed1 9 BT2, Khu \u0111\u00f4 th\u1ecb Foresa Xu\u00e2n Ph\u01b0\u01a1ng, Nam T\u1eeb Li\u00eam, H\u00e0 N\u1ed9i<\/li>\n<li data-start=\"2909\" data-end=\"2960\"><strong data-start=\"2909\" data-end=\"2921\">Website:<\/strong> <a class=\"\" href=\"https:\/\/Topcar.vn\" target=\"_new\" rel=\"noopener\" data-start=\"2922\" data-end=\"2960\">https:\/\/Topcar.vn<\/a><\/li>\n<\/ul>\n<\/div>\n<\/div>\n<\/div>\n<\/div>\n<\/div>\n<\/div>\n<\/article>\n","protected":false},"excerpt":{"rendered":"<ul>\n<li>Mi\u1ec5n ph\u00ed giao h\u00e0ng to\u00e0n qu\u1ed1c<\/li>\n<li>Nh\u1eadn h\u00e0ng &gt; L\u1eafp \u0111\u1eb7t &gt; Thanh to\u00e1n<\/li>\n<li>B\u1ea3o h\u00e0nh 5 n\u0103m<\/li>\n<\/ul>\n","protected":false},"featured_media":2807,"comment_status":"closed","ping_status":"closed","template":"","meta":{"site-sidebar-layout":"no-sidebar","site-content-layout":"content-boxed-container","ast-site-content-layout":"normal-width-container","site-content-style":"boxed","site-sidebar-style":"unboxed","ast-global-header-display":"","ast-banner-title-visibility":"","ast-main-header-display":"","ast-hfb-above-header-display":"","ast-hfb-below-header-display":"","ast-hfb-mobile-header-display":"","site-post-title":"","ast-breadcrumbs-content":"","ast-featured-img":"","footer-sml-layout":"","ast-disable-related-posts":"","theme-transparent-header-meta":"default","adv-header-id-meta":"","stick-header-meta":"","header-above-stick-meta":"","header-main-stick-meta":"","header-below-stick-meta":"","astra-migrate-meta-layouts":"set","ast-page-background-enabled":"default","ast-page-background-meta":{"desktop":{"background-color":"var(--ast-global-color-4)","background-image":"","background-repeat":"repeat","background-position":"center center","background-size":"auto","background-attachment":"scroll","background-type":"","background-media":"","overlay-type":"","overlay-color":"","overlay-opacity":"","overlay-gradient":""},"tablet":{"background-color":"","background-image":"","background-repeat":"repeat","background-position":"center center","background-size":"auto","background-attachment":"scroll","background-type":"","background-media":"","overlay-type":"","overlay-color":"","overlay-opacity":"","overlay-gradient":""},"mobile":{"background-color":"","background-image":"","background-repeat":"repeat","background-position":"center center","background-size":"auto","background-attachment":"scroll","background-type":"","background-media":"","overlay-type":"","overlay-color":"","overlay-opacity":"","overlay-gradient":""}},"ast-content-background-meta":{"desktop":{"background-color":"var(--ast-global-color-5)","background-image":"","background-repeat":"repeat","background-position":"center center","background-size":"auto","background-attachment":"scroll","background-type":"","background-media":"","overlay-type":"","overlay-color":"","overlay-opacity":"","overlay-gradient":""},"tablet":{"background-color":"var(--ast-global-color-5)","background-image":"","background-repeat":"repeat","background-position":"center center","background-size":"auto","background-attachment":"scroll","background-type":"","background-media":"","overlay-type":"","overlay-color":"","overlay-opacity":"","overlay-gradient":""},"mobile":{"background-color":"var(--ast-global-color-5)","background-image":"","background-repeat":"repeat","background-position":"center center","background-size":"auto","background-attachment":"scroll","background-type":"","background-media":"","overlay-type":"","overlay-color":"","overlay-opacity":"","overlay-gradient":""}}},"product_brand":[],"product_cat":[47,43],"product_tag":[73,77,249,250],"class_list":{"0":"post-2154","1":"product","2":"type-product","3":"status-publish","4":"has-post-thumbnail","6":"product_cat-tham-lot-san-o-to-hyundai","7":"product_cat-tham-lot-san-o-to","8":"product_tag-tham-lot-san-o-to","9":"product_tag-tham-lot-san-o-to-nhua-duc","10":"product_tag-tham-lot-san-xe-santafe-2021","11":"product_tag-tham-san-3d-huvi","12":"desktop-align-left","13":"tablet-align-left","14":"mobile-align-left","16":"first","17":"instock","18":"shipping-taxable","19":"purchasable","20":"product-type-variable"},"_links":{"self":[{"href":"https:\/\/topcar.vn\/index.php?rest_route=\/wp\/v2\/product\/2154","targetHints":{"allow":["GET"]}}],"collection":[{"href":"https:\/\/topcar.vn\/index.php?rest_route=\/wp\/v2\/product"}],"about":[{"href":"https:\/\/topcar.vn\/index.php?rest_route=\/wp\/v2\/types\/product"}],"replies":[{"embeddable":true,"href":"https:\/\/topcar.vn\/index.php?rest_route=%2Fwp%2Fv2%2Fcomments&post=2154"}],"version-history":[{"count":5,"href":"https:\/\/topcar.vn\/index.php?rest_route=\/wp\/v2\/product\/2154\/revisions"}],"predecessor-version":[{"id":2818,"href":"https:\/\/topcar.vn\/index.php?rest_route=\/wp\/v2\/product\/2154\/revisions\/2818"}],"wp:featuredmedia":[{"embeddable":true,"href":"https:\/\/topcar.vn\/index.php?rest_route=\/wp\/v2\/media\/2807"}],"wp:attachment":[{"href":"https:\/\/topcar.vn\/index.php?rest_route=%2Fwp%2Fv2%2Fmedia&parent=2154"}],"wp:term":[{"taxonomy":"product_brand","embeddable":true,"href":"https:\/\/topcar.vn\/index.php?rest_route=%2Fwp%2Fv2%2Fproduct_brand&post=2154"},{"taxonomy":"product_cat","embeddable":true,"href":"https:\/\/topcar.vn\/index.php?rest_route=%2Fwp%2Fv2%2Fproduct_cat&post=2154"},{"taxonomy":"product_tag","embeddable":true,"href":"https:\/\/topcar.vn\/index.php?rest_route=%2Fwp%2Fv2%2Fproduct_tag&post=2154"}],"curies":[{"name":"wp","href":"https:\/\/api.w.org\/{rel}","templated":true}]}}