{"id":2145,"date":"2025-07-28T15:39:07","date_gmt":"2025-07-28T08:39:07","guid":{"rendered":"http:\/\/khaitest.rf.gd\/?post_type=product&#038;p=2145"},"modified":"2025-08-29T09:43:46","modified_gmt":"2025-08-29T02:43:46","slug":"tham-lot-san-hyundai-stargazer-2022-2024","status":"publish","type":"product","link":"https:\/\/topcar.vn\/?product=tham-lot-san-hyundai-stargazer-2022-2024","title":{"rendered":"Th\u1ea3m l\u00f3t s\u00e0n Hyundai Stargazer 2022\u20132024"},"content":{"rendered":"<article class=\"text-token-text-primary w-full\" dir=\"auto\" data-testid=\"conversation-turn-10\" data-scroll-anchor=\"true\">\n<div class=\"text-base my-auto mx-auto pb-10 [--thread-content-margin:--spacing(4)] @[37rem]:[--thread-content-margin:--spacing(6)] @[72rem]:[--thread-content-margin:--spacing(16)] px-(--thread-content-margin)\">\n<div class=\"[--thread-content-max-width:32rem] @[34rem]:[--thread-content-max-width:40rem] @[64rem]:[--thread-content-max-width:48rem] mx-auto max-w-(--thread-content-max-width) flex-1 group\/turn-messages focus-visible:outline-hidden relative flex w-full min-w-0 flex-col agent-turn\" tabindex=\"-1\">\n<div class=\"flex max-w-full flex-col grow\">\n<div class=\"min-h-8 text-message relative flex w-full flex-col items-end gap-2 text-start break-words whitespace-normal [.text-message+&amp;]:mt-5\" dir=\"auto\" data-message-author-role=\"assistant\" data-message-id=\"6ee8a93f-7fdb-4c7e-b8bb-2a874c3d517b\" data-message-model-slug=\"gpt-4o\">\n<div class=\"flex w-full flex-col gap-1 empty:hidden first:pt-[3px]\">\n<div class=\"markdown prose dark:prose-invert w-full break-words light\">\n<p data-start=\"231\" data-end=\"325\"><strong><em>Th\u1ea3m l\u00f3t s\u00e0n Hyundai Stargazer 2022\u20132024, g\u1ecdn g\u00e0ng, s\u1ea1ch s\u1ebd, n\u00e2ng t\u1ea7m kh\u00f4ng gian n\u1ed9i th\u1ea5t. Hyundai Stargazer 2022\u20132024 l\u00e0 m\u1eabu MPV 7 ch\u1ed7 l\u00fd t\u01b0\u1edfng cho gia \u0111\u00ecnh v\u1edbi thi\u1ebft k\u1ebf hi\u1ec7n \u0111\u1ea1i, linh ho\u1ea1t v\u00e0 nhi\u1ec1u trang b\u1ecb th\u00f4ng minh. \u0110\u1ec3 gi\u1eef cho khoang xe lu\u00f4n s\u1ea1ch \u0111\u1eb9p v\u00e0 h\u1ea1n ch\u1ebf t\u00ecnh tr\u1ea1ng b\u00e1m b\u1ee5i, th\u1ea3m l\u00f3t s\u00e0n \u0111o theo xe l\u00e0 ph\u1ee5 ki\u1ec7n kh\u00f4ng th\u1ec3 thi\u1ebfu v\u1edbi b\u1ea5t k\u1ef3 ch\u1ee7 xe Stargazer n\u00e0o.<\/em><\/strong><\/p>\n<h2 data-start=\"614\" data-end=\"641\"><strong data-start=\"618\" data-end=\"641\">Gi\u1edbi thi\u1ec7u s\u1ea3n ph\u1ea9m<\/strong><\/h2>\n<p data-start=\"643\" data-end=\"904\">Khoang n\u1ed9i th\u1ea5t c\u1ee7a Stargazer c\u00f3 thi\u1ebft k\u1ebf m\u1edf, s\u00e0n xe th\u1ea5p, nhi\u1ec1u h\u1ed9c ch\u1ee9a v\u00e0 b\u1ec1 m\u1eb7t ph\u1eb3ng \u2013 \u0111i\u1ec1u n\u00e0y khi\u1ebfn b\u1ee5i b\u1ea9n, c\u00e1t \u0111\u1ea5t ho\u1eb7c n\u01b0\u1edbc d\u1ec5 l\u1ecdt v\u00e0o c\u00e1c khe s\u00e0n. N\u1ebfu kh\u00f4ng s\u1eed d\u1ee5ng th\u1ea3m l\u00f3t chuy\u00ean d\u1ee5ng, vi\u1ec7c v\u1ec7 sinh s\u1ebd m\u1ea5t th\u1eddi gian v\u00e0 \u1ea3nh h\u01b0\u1edfng \u0111\u1ebfn \u0111\u1ed9 b\u1ec1n n\u1ed9i th\u1ea5t.<\/p>\n<p data-start=\"906\" data-end=\"1181\">Th\u1ea3m l\u00f3t s\u00e0n Hyundai Stargazer do Topcar cung c\u1ea5p \u0111\u01b0\u1ee3c thi\u1ebft k\u1ebf ri\u00eang theo t\u1eebng phi\u00ean b\u1ea3n xe, 5D \u0111\u1ea3m b\u1ea3o \u00f4m s\u00e1t s\u00e0n, kh\u00f4ng x\u00f4 l\u1ec7ch, kh\u00f4ng c\u1ea7n th\u00e1o gh\u1ebf khi l\u1eafp \u0111\u1eb7t. S\u1ea3n ph\u1ea9m s\u1eed d\u1ee5ng ch\u1ea5t li\u1ec7u nh\u1ef1a TPE cao c\u1ea5p v\u1edbi kh\u1ea3 n\u0103ng ch\u1ed1ng n\u01b0\u1edbc, ch\u1ed1ng tr\u01b0\u1ee3t v\u00e0 d\u1ec5 lau ch\u00f9i.<\/p>\n<figure id=\"attachment_2910\" aria-describedby=\"caption-attachment-2910\" style=\"width: 1024px\" class=\"wp-caption aligncenter\"><img fetchpriority=\"high\" decoding=\"async\" class=\"wp-image-2910 size-large\" src=\"http:\/\/khaitest.rf.gd\/wp-content\/uploads\/2025\/07\/sdt.1-6-1024x1024.jpg\" alt=\"Th\u1ea3m l\u00f3t s\u00e0n Hyundai Stargazer 2022\u20132024\" width=\"1024\" height=\"1024\" srcset=\"https:\/\/topcar.vn\/wp-content\/uploads\/2025\/07\/sdt.1-6-1024x1024.jpg 1024w, https:\/\/topcar.vn\/wp-content\/uploads\/2025\/07\/sdt.1-6-300x300.jpg 300w, https:\/\/topcar.vn\/wp-content\/uploads\/2025\/07\/sdt.1-6-150x150.jpg 150w, https:\/\/topcar.vn\/wp-content\/uploads\/2025\/07\/sdt.1-6-768x768.jpg 768w, https:\/\/topcar.vn\/wp-content\/uploads\/2025\/07\/sdt.1-6-1536x1536.jpg 1536w, https:\/\/topcar.vn\/wp-content\/uploads\/2025\/07\/sdt.1-6-600x600.jpg 600w, https:\/\/topcar.vn\/wp-content\/uploads\/2025\/07\/sdt.1-6-100x100.jpg 100w, https:\/\/topcar.vn\/wp-content\/uploads\/2025\/07\/sdt.1-6.jpg 1920w\" sizes=\"(max-width: 1024px) 100vw, 1024px\" \/><figcaption id=\"caption-attachment-2910\" class=\"wp-caption-text\">Th\u1ea3m l\u00f3t s\u00e0n Hyundai Stargazer 2022\u20132024<\/figcaption><\/figure>\n<p data-start=\"1188\" data-end=\"1214\"><strong data-start=\"1192\" data-end=\"1214\">Th\u00f4ng tin s\u1ea3n ph\u1ea9m th\u1ea3m l\u00f3t s\u00e0n Hyundai Stargazer 2022\u20132024<\/strong><\/p>\n<ul>\n<li data-start=\"1218\" data-end=\"1283\">D\u00f2ng xe \u00e1p d\u1ee5ng: Hyundai Stargazer 2022, 2023, 2024 \u2013 7 ch\u1ed7<\/li>\n<li data-start=\"1286\" data-end=\"1343\">Thi\u1ebft k\u1ebf: Th\u1ea3m 5D l\u1eafp full 3 h\u00e0ng gh\u1ebf<\/li>\n<li data-start=\"1346\" data-end=\"1393\">Ch\u1ea5t li\u1ec7u: Nh\u1ef1a TPE nguy\u00ean sinh cao c\u1ea5p<\/li>\n<li data-start=\"1396\" data-end=\"1457\">M\u00e0u s\u1eafc t\u00f9y ch\u1ecdn: \u0110en<\/li>\n<li data-start=\"1460\" data-end=\"1520\">L\u1eafp \u0111\u1eb7t: G\u1ecdn g\u00e0ng \u2013 kh\u00f4ng khoan c\u1eaft \u2013 kh\u00f4ng c\u1ea7n th\u00e1o gh\u1ebf<\/li>\n<\/ul>\n<p><img decoding=\"async\" class=\"size-large wp-image-2912 aligncenter\" src=\"http:\/\/khaitest.rf.gd\/wp-content\/uploads\/2025\/07\/sdt.3-6-1024x1024.jpg\" alt=\"\" width=\"1024\" height=\"1024\" srcset=\"https:\/\/topcar.vn\/wp-content\/uploads\/2025\/07\/sdt.3-6-1024x1024.jpg 1024w, https:\/\/topcar.vn\/wp-content\/uploads\/2025\/07\/sdt.3-6-300x300.jpg 300w, https:\/\/topcar.vn\/wp-content\/uploads\/2025\/07\/sdt.3-6-150x150.jpg 150w, https:\/\/topcar.vn\/wp-content\/uploads\/2025\/07\/sdt.3-6-768x768.jpg 768w, https:\/\/topcar.vn\/wp-content\/uploads\/2025\/07\/sdt.3-6-1536x1536.jpg 1536w, https:\/\/topcar.vn\/wp-content\/uploads\/2025\/07\/sdt.3-6-600x600.jpg 600w, https:\/\/topcar.vn\/wp-content\/uploads\/2025\/07\/sdt.3-6-100x100.jpg 100w, https:\/\/topcar.vn\/wp-content\/uploads\/2025\/07\/sdt.3-6.jpg 1926w\" sizes=\"(max-width: 1024px) 100vw, 1024px\" \/><\/p>\n<p data-start=\"1527\" data-end=\"1554\"><strong data-start=\"1531\" data-end=\"1554\">T\u00ednh n\u0103ng v\u01b0\u1ee3t tr\u1ed9i<\/strong><\/p>\n<ul>\n<li data-start=\"1556\" data-end=\"1884\">Ph\u1ee7 k\u00edn to\u00e0n b\u1ed9 m\u1eb7t s\u00e0n \u2013 ng\u0103n b\u1ee5i, b\u00f9n \u0111\u1ea5t, n\u01b0\u1edbc tr\u00e0n<\/li>\n<li data-start=\"1556\" data-end=\"1884\">Ch\u1ed1ng tr\u01b0\u1ee3t, ch\u1ed1ng x\u00f4 l\u1ec7ch \u2013 \u0111\u1ea3m b\u1ea3o an to\u00e0n khi di chuy\u1ec3n<\/li>\n<li data-start=\"1556\" data-end=\"1884\">Kh\u00f4ng m\u00f9i nh\u1ef1a \u2013 an to\u00e0n cho tr\u1ebb nh\u1ecf &amp; ng\u01b0\u1eddi nh\u1ea1y c\u1ea3m<\/li>\n<li data-start=\"1556\" data-end=\"1884\">Ch\u1ed1ng n\u01b0\u1edbc, d\u1ec5 lau ch\u00f9i \u2013 ch\u1ec9 c\u1ea7n kh\u0103n \u1ea9m ho\u1eb7c h\u00fat b\u1ee5i mini<\/li>\n<li data-start=\"1556\" data-end=\"1884\">T\u0103ng t\u00ednh th\u1ea9m m\u1ef9, sang tr\u1ecdng v\u00e0 g\u1ecdn g\u00e0ng cho n\u1ed9i th\u1ea5t xe<\/li>\n<\/ul>\n<p><strong data-start=\"1895\" data-end=\"1947\">Gi\u00e1 b\u00e1n th\u1ea3m l\u00f3t s\u00e0n Hyundai Stargazer 2022\u20132024<\/strong><\/p>\n<ul>\n<li data-start=\"1949\" data-end=\"1995\">\ud83d\udcb0 <strong data-start=\"1952\" data-end=\"1981\">Combo tr\u1ecdn b\u1ed9:<\/strong> 2.200.000 VN\u0110<\/li>\n<\/ul>\n<p><img decoding=\"async\" class=\"size-large wp-image-2911 aligncenter\" src=\"http:\/\/khaitest.rf.gd\/wp-content\/uploads\/2025\/07\/sdt.2-6-1024x1024.jpg\" alt=\"\" width=\"1024\" height=\"1024\" srcset=\"https:\/\/topcar.vn\/wp-content\/uploads\/2025\/07\/sdt.2-6-1024x1024.jpg 1024w, https:\/\/topcar.vn\/wp-content\/uploads\/2025\/07\/sdt.2-6-300x300.jpg 300w, https:\/\/topcar.vn\/wp-content\/uploads\/2025\/07\/sdt.2-6-150x150.jpg 150w, https:\/\/topcar.vn\/wp-content\/uploads\/2025\/07\/sdt.2-6-768x768.jpg 768w, https:\/\/topcar.vn\/wp-content\/uploads\/2025\/07\/sdt.2-6-1536x1536.jpg 1536w, https:\/\/topcar.vn\/wp-content\/uploads\/2025\/07\/sdt.2-6-600x600.jpg 600w, https:\/\/topcar.vn\/wp-content\/uploads\/2025\/07\/sdt.2-6-100x100.jpg 100w, https:\/\/topcar.vn\/wp-content\/uploads\/2025\/07\/sdt.2-6.jpg 1920w\" sizes=\"(max-width: 1024px) 100vw, 1024px\" \/><\/p>\n<h2><strong data-start=\"2066\" data-end=\"2108\">Mua th\u1ea3m l\u00f3t s\u00e0n Hyundai Stargazer 2022\u20132024 ch\u00ednh h\u00e3ng t\u1ea1i Topcar<\/strong><\/h2>\n<p>Topcar l\u00e0 \u0111\u01a1n v\u1ecb chuy\u00ean cung c\u1ea5p th\u1ea3m l\u00f3t s\u00e0n \u00f4 t\u00f4 \u0111o ri\u00eang theo t\u1eebng \u0111\u1eddi xe, \u0111\u1eb7c bi\u1ec7t c\u00e1c m\u1eabu MPV nh\u01b0 Stargazer. S\u1edf h\u1eefu th\u1ea3m l\u00f3t s\u00e0n ph\u00f9 h\u1ee3p kh\u00f4ng ch\u1ec9 l\u00e0 c\u00e1ch b\u1ea3o v\u1ec7 n\u1ed9i th\u1ea5t xe, m\u00e0 c\u00f2n l\u00e0 l\u1eddi kh\u1eb3ng \u0111\u1ecbnh v\u1ec1 s\u1ef1 quan t\u00e2m v\u00e0 tinh t\u1ebf c\u1ee7a ch\u1ee7 nh\u00e2n. H\u00e3y l\u1ef1a ch\u1ecdn s\u1ea3n ph\u1ea9m ch\u1ea5t l\u01b0\u1ee3ng \u2013 v\u1eeba v\u1eb7n \u2013 \u0111\u00fang form \u2013 sang tr\u1ecdng cho Hyundai Stargazer t\u1ea1i Topcar.<\/p>\n<ul>\n<li data-start=\"2246\" data-end=\"2311\">C\u1eaft \u0111o chu\u1ea9n x\u00e1c t\u1eebng \u0111\u01b0\u1eddng n\u00e9t s\u00e0n xe b\u1eb1ng c\u00f4ng ngh\u1ec7 laser<\/li>\n<li data-start=\"2314\" data-end=\"2391\">Ch\u1ea5t li\u1ec7u nh\u1ef1a TPE cao c\u1ea5p, kh\u00f4ng bong tr\u00f3c, kh\u00f4ng th\u1ea5m n\u01b0\u1edbc, kh\u00f4ng x\u00f9 b\u1ec1 m\u1eb7t<\/li>\n<li data-start=\"2394\" data-end=\"2458\">T\u01b0 v\u1ea5n t\u1eadn t\u00e2m \u2013 nhi\u1ec1u m\u00e0u s\u1eafc l\u1ef1a ch\u1ecdn theo tone n\u1ed9i th\u1ea5t<\/li>\n<li data-start=\"2461\" data-end=\"2522\">B\u1ea3o h\u00e0nh s\u1ea3n ph\u1ea9m t\u1eeb 12 \u0111\u1ebfn 24 th\u00e1ng t\u00f9y d\u00f2ng ch\u1ea5t li\u1ec7u<\/li>\n<li data-start=\"2525\" data-end=\"2595\">Giao h\u00e0ng nhanh, h\u1ed7 tr\u1ee3 l\u1eafp \u0111\u1eb7t t\u1ea1i nh\u00e0 v\u1edbi kh\u00e1ch n\u1ed9i th\u00e0nh H\u00e0 N\u1ed9i<\/li>\n<\/ul>\n<p><img loading=\"lazy\" decoding=\"async\" class=\"size-large wp-image-2913 aligncenter\" src=\"http:\/\/khaitest.rf.gd\/wp-content\/uploads\/2025\/07\/sdt.4-6-1024x1024.jpg\" alt=\"\" width=\"1024\" height=\"1024\" srcset=\"https:\/\/topcar.vn\/wp-content\/uploads\/2025\/07\/sdt.4-6-1024x1024.jpg 1024w, https:\/\/topcar.vn\/wp-content\/uploads\/2025\/07\/sdt.4-6-300x300.jpg 300w, https:\/\/topcar.vn\/wp-content\/uploads\/2025\/07\/sdt.4-6-150x150.jpg 150w, https:\/\/topcar.vn\/wp-content\/uploads\/2025\/07\/sdt.4-6-768x768.jpg 768w, https:\/\/topcar.vn\/wp-content\/uploads\/2025\/07\/sdt.4-6-1536x1536.jpg 1536w, https:\/\/topcar.vn\/wp-content\/uploads\/2025\/07\/sdt.4-6-600x600.jpg 600w, https:\/\/topcar.vn\/wp-content\/uploads\/2025\/07\/sdt.4-6-100x100.jpg 100w, https:\/\/topcar.vn\/wp-content\/uploads\/2025\/07\/sdt.4-6.jpg 1920w\" sizes=\"(max-width: 1024px) 100vw, 1024px\" \/><\/p>\n<p><strong>\ud83d\udcde Li\u00ean h\u1ec7 t\u01b0 v\u1ea5n &amp; \u0111\u1eb7t h\u00e0ng:<\/strong><\/p>\n<ul>\n<li><strong data-start=\"2882\" data-end=\"2901\">Hotline \/ Zalo:<\/strong> 0889.385.222<\/li>\n<li><strong data-start=\"2919\" data-end=\"2931\">\u0110\u1ecba ch\u1ec9:<\/strong> S\u1ed1 9 BT2, K\u0110T Foresa Xu\u00e2n Ph\u01b0\u01a1ng, Nam T\u1eeb Li\u00eam, H\u00e0 N\u1ed9i<\/li>\n<li><strong data-start=\"2990\" data-end=\"3002\">Website:<\/strong> <a class=\"\" href=\"https:\/\/Topcar.vn\" target=\"_new\" rel=\"noopener\" data-start=\"3003\" data-end=\"3041\">https:\/\/Topcar.vn<\/a><\/li>\n<\/ul>\n<\/div>\n<\/div>\n<\/div>\n<\/div>\n<\/div>\n<\/div>\n<\/article>\n","protected":false},"excerpt":{"rendered":"<ul>\n<li>Mi\u1ec5n ph\u00ed giao h\u00e0ng to\u00e0n qu\u1ed1c<\/li>\n<li>Nh\u1eadn h\u00e0ng &gt; L\u1eafp \u0111\u1eb7t &gt; Thanh to\u00e1n<\/li>\n<li>B\u1ea3o h\u00e0nh 5 n\u0103m<\/li>\n<\/ul>\n","protected":false},"featured_media":2811,"comment_status":"closed","ping_status":"closed","template":"","meta":{"site-sidebar-layout":"no-sidebar","site-content-layout":"content-boxed-container","ast-site-content-layout":"normal-width-container","site-content-style":"boxed","site-sidebar-style":"unboxed","ast-global-header-display":"","ast-banner-title-visibility":"","ast-main-header-display":"","ast-hfb-above-header-display":"","ast-hfb-below-header-display":"","ast-hfb-mobile-header-display":"","site-post-title":"","ast-breadcrumbs-content":"","ast-featured-img":"","footer-sml-layout":"","ast-disable-related-posts":"","theme-transparent-header-meta":"default","adv-header-id-meta":"","stick-header-meta":"","header-above-stick-meta":"","header-main-stick-meta":"","header-below-stick-meta":"","astra-migrate-meta-layouts":"set","ast-page-background-enabled":"default","ast-page-background-meta":{"desktop":{"background-color":"var(--ast-global-color-4)","background-image":"","background-repeat":"repeat","background-position":"center center","background-size":"auto","background-attachment":"scroll","background-type":"","background-media":"","overlay-type":"","overlay-color":"","overlay-opacity":"","overlay-gradient":""},"tablet":{"background-color":"","background-image":"","background-repeat":"repeat","background-position":"center center","background-size":"auto","background-attachment":"scroll","background-type":"","background-media":"","overlay-type":"","overlay-color":"","overlay-opacity":"","overlay-gradient":""},"mobile":{"background-color":"","background-image":"","background-repeat":"repeat","background-position":"center center","background-size":"auto","background-attachment":"scroll","background-type":"","background-media":"","overlay-type":"","overlay-color":"","overlay-opacity":"","overlay-gradient":""}},"ast-content-background-meta":{"desktop":{"background-color":"var(--ast-global-color-5)","background-image":"","background-repeat":"repeat","background-position":"center center","background-size":"auto","background-attachment":"scroll","background-type":"","background-media":"","overlay-type":"","overlay-color":"","overlay-opacity":"","overlay-gradient":""},"tablet":{"background-color":"var(--ast-global-color-5)","background-image":"","background-repeat":"repeat","background-position":"center center","background-size":"auto","background-attachment":"scroll","background-type":"","background-media":"","overlay-type":"","overlay-color":"","overlay-opacity":"","overlay-gradient":""},"mobile":{"background-color":"var(--ast-global-color-5)","background-image":"","background-repeat":"repeat","background-position":"center center","background-size":"auto","background-attachment":"scroll","background-type":"","background-media":"","overlay-type":"","overlay-color":"","overlay-opacity":"","overlay-gradient":""}}},"product_brand":[],"product_cat":[47,43],"product_tag":[147,138,248,246,247,73,74,77,249,226],"class_list":{"0":"post-2145","1":"product","2":"type-product","3":"status-publish","4":"has-post-thumbnail","6":"product_cat-tham-lot-san-o-to-hyundai","7":"product_cat-tham-lot-san-o-to","8":"product_tag-carsen-tham-san","9":"product_tag-tham-lot-san","10":"product_tag-tham-lot-san-accent-2024","11":"product_tag-tham-lot-san-i10-hatchback","12":"product_tag-tham-lot-san-i10-sedan","13":"product_tag-tham-lot-san-o-to","14":"product_tag-tham-lot-san-o-to-bang-nhua","15":"product_tag-tham-lot-san-o-to-nhua-duc","16":"product_tag-tham-lot-san-xe-santafe-2021","17":"product_tag-tham-san-tpe","18":"desktop-align-left","19":"tablet-align-left","20":"mobile-align-left","22":"first","23":"instock","24":"shipping-taxable","25":"purchasable","26":"product-type-variable"},"_links":{"self":[{"href":"https:\/\/topcar.vn\/index.php?rest_route=\/wp\/v2\/product\/2145","targetHints":{"allow":["GET"]}}],"collection":[{"href":"https:\/\/topcar.vn\/index.php?rest_route=\/wp\/v2\/product"}],"about":[{"href":"https:\/\/topcar.vn\/index.php?rest_route=\/wp\/v2\/types\/product"}],"replies":[{"embeddable":true,"href":"https:\/\/topcar.vn\/index.php?rest_route=%2Fwp%2Fv2%2Fcomments&post=2145"}],"version-history":[{"count":5,"href":"https:\/\/topcar.vn\/index.php?rest_route=\/wp\/v2\/product\/2145\/revisions"}],"predecessor-version":[{"id":3244,"href":"https:\/\/topcar.vn\/index.php?rest_route=\/wp\/v2\/product\/2145\/revisions\/3244"}],"wp:featuredmedia":[{"embeddable":true,"href":"https:\/\/topcar.vn\/index.php?rest_route=\/wp\/v2\/media\/2811"}],"wp:attachment":[{"href":"https:\/\/topcar.vn\/index.php?rest_route=%2Fwp%2Fv2%2Fmedia&parent=2145"}],"wp:term":[{"taxonomy":"product_brand","embeddable":true,"href":"https:\/\/topcar.vn\/index.php?rest_route=%2Fwp%2Fv2%2Fproduct_brand&post=2145"},{"taxonomy":"product_cat","embeddable":true,"href":"https:\/\/topcar.vn\/index.php?rest_route=%2Fwp%2Fv2%2Fproduct_cat&post=2145"},{"taxonomy":"product_tag","embeddable":true,"href":"https:\/\/topcar.vn\/index.php?rest_route=%2Fwp%2Fv2%2Fproduct_tag&post=2145"}],"curies":[{"name":"wp","href":"https:\/\/api.w.org\/{rel}","templated":true}]}}