{"id":2141,"date":"2025-07-28T15:23:36","date_gmt":"2025-07-28T08:23:36","guid":{"rendered":"http:\/\/khaitest.rf.gd\/?post_type=product&#038;p=2141"},"modified":"2025-08-29T09:51:04","modified_gmt":"2025-08-29T02:51:04","slug":"tham-lot-san-hyundai-santafe-2019-2020","status":"publish","type":"product","link":"https:\/\/topcar.vn\/?product=tham-lot-san-hyundai-santafe-2019-2020","title":{"rendered":"Th\u1ea3m l\u00f3t s\u00e0n Hyundai Santafe 2019\u20132020"},"content":{"rendered":"<article class=\"text-token-text-primary w-full\" dir=\"auto\" data-testid=\"conversation-turn-10\" data-scroll-anchor=\"true\">\n<div class=\"text-base my-auto mx-auto pb-10 [--thread-content-margin:--spacing(4)] @[37rem]:[--thread-content-margin:--spacing(6)] @[72rem]:[--thread-content-margin:--spacing(16)] px-(--thread-content-margin)\">\n<div class=\"[--thread-content-max-width:32rem] @[34rem]:[--thread-content-max-width:40rem] @[64rem]:[--thread-content-max-width:48rem] mx-auto max-w-(--thread-content-max-width) flex-1 group\/turn-messages focus-visible:outline-hidden relative flex w-full min-w-0 flex-col agent-turn\" tabindex=\"-1\">\n<div class=\"flex max-w-full flex-col grow\">\n<div class=\"min-h-8 text-message relative flex w-full flex-col items-end gap-2 text-start break-words whitespace-normal [.text-message+&amp;]:mt-5\" dir=\"auto\" data-message-author-role=\"assistant\" data-message-id=\"6ee8a93f-7fdb-4c7e-b8bb-2a874c3d517b\" data-message-model-slug=\"gpt-4o\">\n<div class=\"flex w-full flex-col gap-1 empty:hidden first:pt-[3px]\">\n<div class=\"markdown prose dark:prose-invert w-full break-words light\">\n<p data-start=\"289\" data-end=\"611\"><em><strong>Th\u1ea3m l\u00f3t s\u00e0n Hyundai Santafe 2019\u20132020 l\u00e0 th\u1ebf h\u1ec7 SUV n\u1ed5i b\u1eadt v\u1edbi thi\u1ebft k\u1ebf c\u1ee9ng c\u00e1p, n\u1ed9i th\u1ea5t r\u1ed9ng v\u00e0 kh\u1ea3 n\u0103ng v\u1eadn h\u00e0nh \u1ed5n \u0111\u1ecbnh. Tuy nhi\u00ean, sau th\u1eddi gian s\u1eed d\u1ee5ng, s\u00e0n xe d\u1ec5 b\u1ecb b\u00e1m b\u1ea9n, \u1ea9m m\u1ed1c n\u1ebfu kh\u00f4ng \u0111\u01b0\u1ee3c b\u1ea3o v\u1ec7 \u0111\u00fang c\u00e1ch. B\u1ed9 th\u1ea3m l\u00f3t s\u00e0n Hyundai Santafe 2019\u20132020 thi\u1ebft k\u1ebf 5D d\u00e0nh ri\u00eang cho Santafe 2019\u20132020 t\u1ea1i Topcar s\u1ebd gi\u00fap b\u1ea1n gi\u1ea3i quy\u1ebft tri\u1ec7t \u0111\u1ec3 v\u1ea5n \u0111\u1ec1 n\u00e0y.<\/strong><\/em><\/p>\n<h2 data-start=\"618\" data-end=\"645\"><strong data-start=\"622\" data-end=\"645\">Gi\u1edbi thi\u1ec7u s\u1ea3n ph\u1ea9m th\u1ea3m l\u00f3t s\u00e0n Hyundai Santafe 2019\u20132020<\/strong><\/h2>\n<p data-start=\"647\" data-end=\"962\">Kh\u00f4ng gi\u1ed1ng c\u00e1c lo\u1ea1i th\u1ea3m l\u00f3t ph\u1ed5 th\u00f4ng, th\u1ea3m \u0111o ri\u00eang theo form s\u00e0n Hyundai Santafe \u0111\u1eddi 2019\u20132020 \u0111\u01b0\u1ee3c Topcar ph\u00e1t tri\u1ec3n d\u1ef1a tr\u00ean t\u1eebng chi ti\u1ebft c\u1ee7a s\u00e0n xe, \u00f4m s\u00e1t t\u1eebng khe m\u00e9p, g\u1edd n\u1ed5i. Ch\u1ea5t li\u1ec7u th\u1ea3m l\u00f3t s\u00e0n \u00f4 t\u00f4 nh\u1ef1a TPE nguy\u00ean sinh, \u0111\u1ed9 b\u1ec1n cao, ch\u1ed1ng tr\u01b0\u1ee3t, kh\u00f4ng th\u1ea5m, d\u1ec5 d\u00e0ng v\u1ec7 sinh, an to\u00e0n cho s\u1ee9c kh\u1ecfe. T\u0103ng t\u00ednh sang tr\u1ecdng cho n\u1ed9i th\u1ea5t xe.<\/p>\n<p data-start=\"964\" data-end=\"1087\">Th\u1ea3m ph\u00f9 h\u1ee3p cho c\u1ea3 phi\u00ean b\u1ea3n m\u00e1y x\u0103ng v\u00e0 m\u00e1y d\u1ea7u, c\u1ea5u h\u00ecnh 2WD ho\u1eb7c AWD, v\u1edbi kh\u1ea3 n\u0103ng ch\u1ed1ng tr\u01b0\u1ee3t v\u00e0 ch\u1ed1ng n\u01b0\u1edbc tuy\u1ec7t \u0111\u1ed1i.<\/p>\n<figure id=\"attachment_2917\" aria-describedby=\"caption-attachment-2917\" style=\"width: 768px\" class=\"wp-caption aligncenter\"><img fetchpriority=\"high\" decoding=\"async\" class=\"wp-image-2917 size-full\" src=\"http:\/\/khaitest.rf.gd\/wp-content\/uploads\/2025\/07\/sdt.2-7.jpg\" alt=\"th\u1ea3m l\u00f3t s\u00e0n Hyundai Santafe 2019\u20132020\" width=\"768\" height=\"768\" srcset=\"https:\/\/topcar.vn\/wp-content\/uploads\/2025\/07\/sdt.2-7.jpg 768w, https:\/\/topcar.vn\/wp-content\/uploads\/2025\/07\/sdt.2-7-300x300.jpg 300w, https:\/\/topcar.vn\/wp-content\/uploads\/2025\/07\/sdt.2-7-150x150.jpg 150w, https:\/\/topcar.vn\/wp-content\/uploads\/2025\/07\/sdt.2-7-600x600.jpg 600w, https:\/\/topcar.vn\/wp-content\/uploads\/2025\/07\/sdt.2-7-100x100.jpg 100w\" sizes=\"(max-width: 768px) 100vw, 768px\" \/><figcaption id=\"caption-attachment-2917\" class=\"wp-caption-text\">th\u1ea3m l\u00f3t s\u00e0n Hyundai Santafe 2019\u20132020<\/figcaption><\/figure>\n<p data-start=\"1094\" data-end=\"1120\"><strong data-start=\"1098\" data-end=\"1120\">Th\u00f4ng tin s\u1ea3n ph\u1ea9m th\u1ea3m l\u00f3t s\u00e0n Hyundai Santafe 2019\u20132020<\/strong><\/p>\n<ul>\n<li data-start=\"1124\" data-end=\"1179\">D\u00f2ng xe \u00e1p d\u1ee5ng: Hyundai Santafe \u0111\u1eddi 2019 v\u00e0 2020<\/li>\n<li data-start=\"1182\" data-end=\"1241\">Thi\u1ebft k\u1ebf: Th\u1ea3m 5D ph\u1ee7 k\u00edn s\u00e0n<\/li>\n<li data-start=\"1244\" data-end=\"1291\">Ch\u1ea5t li\u1ec7u: Nh\u1ef1a TPE nguy\u00ean sinh cao c\u1ea5p<\/li>\n<li data-start=\"1294\" data-end=\"1360\">M\u00e0u s\u1eafc t\u00f9y ch\u1ecdn: \u0110en tr\u01a1n<\/li>\n<li data-start=\"1363\" data-end=\"1441\">L\u1eafp \u0111\u1eb7t: Kh\u00f4ng c\u1ea7n th\u00e1o gh\u1ebf \u2013 d\u1ec5 d\u00e0ng t\u1ef1 v\u1ec7 sinh \u2013 \u00f4m kh\u00edt t\u1eebng chi ti\u1ebft<\/li>\n<\/ul>\n<p><img decoding=\"async\" class=\"size-full wp-image-2918 aligncenter\" src=\"http:\/\/khaitest.rf.gd\/wp-content\/uploads\/2025\/07\/sdt.3-7.jpg\" alt=\"\" width=\"768\" height=\"768\" srcset=\"https:\/\/topcar.vn\/wp-content\/uploads\/2025\/07\/sdt.3-7.jpg 768w, https:\/\/topcar.vn\/wp-content\/uploads\/2025\/07\/sdt.3-7-300x300.jpg 300w, https:\/\/topcar.vn\/wp-content\/uploads\/2025\/07\/sdt.3-7-150x150.jpg 150w, https:\/\/topcar.vn\/wp-content\/uploads\/2025\/07\/sdt.3-7-600x600.jpg 600w, https:\/\/topcar.vn\/wp-content\/uploads\/2025\/07\/sdt.3-7-100x100.jpg 100w\" sizes=\"(max-width: 768px) 100vw, 768px\" \/><\/p>\n<p data-start=\"1448\" data-end=\"1475\"><strong data-start=\"1452\" data-end=\"1475\">T\u00ednh n\u0103ng v\u01b0\u1ee3t tr\u1ed9i<\/strong><\/p>\n<ul>\n<li>Che ph\u1ee7 to\u00e0n b\u1ed9 s\u00e0n xe \u2013 k\u1ec3 c\u1ea3 khu v\u1ef1c g\u1ea7m gh\u1ebf v\u00e0 b\u1ec7 gi\u1eefa<\/li>\n<li>Ch\u1ed1ng n\u01b0\u1edbc, b\u1ee5i, th\u1ee9c \u0103n r\u01a1i v\u00e3i \u2013 \u0111\u1eb7c bi\u1ec7t ph\u00f9 h\u1ee3p v\u1edbi xe gia \u0111\u00ecnh<\/li>\n<li>Kh\u00f4ng m\u00f9i nh\u1ef1a \u2013 th\u00e2n thi\u1ec7n s\u1ee9c kh\u1ecfe<\/li>\n<li>Ch\u1ed1ng tr\u01b0\u1ee3t t\u1ed1t \u2013 t\u0103ng \u0111\u1ed9 an to\u00e0n khi \u0111i\u1ec1u khi\u1ec3n xe<\/li>\n<li>D\u1ec5 v\u1ec7 sinh \u2013 ch\u1ec9 c\u1ea7n kh\u0103n \u1ea9m ho\u1eb7c m\u00e1y h\u00fat b\u1ee5i mini<\/li>\n<li>T\u0103ng gi\u00e1 tr\u1ecb th\u1ea9m m\u1ef9 \u2013 t\u1ea1o c\u1ea3m gi\u00e1c s\u1ea1ch s\u1ebd, cao c\u1ea5p cho n\u1ed9i th\u1ea5t xe<\/li>\n<\/ul>\n<p data-start=\"1870\" data-end=\"1924\"><strong data-start=\"1874\" data-end=\"1924\">Gi\u00e1 b\u00e1n th\u1ea3m l\u00f3t s\u00e0n Hyundai Santafe 2019\u20132020<\/strong><\/p>\n<p data-start=\"1926\" data-end=\"1969\">\ud83d\udcb0 <strong data-start=\"1929\" data-end=\"1955\">Combo full:<\/strong> 2.500.000 VN\u0110<\/p>\n<figure id=\"attachment_2920\" aria-describedby=\"caption-attachment-2920\" style=\"width: 768px\" class=\"wp-caption aligncenter\"><img decoding=\"async\" class=\"wp-image-2920 size-full\" src=\"http:\/\/khaitest.rf.gd\/wp-content\/uploads\/2025\/07\/sdt.5-2.jpg\" alt=\"L\u00f3t th\u1ea3m ph\u00eda gh\u1ebf l\u00e1i\" width=\"768\" height=\"768\" srcset=\"https:\/\/topcar.vn\/wp-content\/uploads\/2025\/07\/sdt.5-2.jpg 768w, https:\/\/topcar.vn\/wp-content\/uploads\/2025\/07\/sdt.5-2-300x300.jpg 300w, https:\/\/topcar.vn\/wp-content\/uploads\/2025\/07\/sdt.5-2-150x150.jpg 150w, https:\/\/topcar.vn\/wp-content\/uploads\/2025\/07\/sdt.5-2-600x600.jpg 600w, https:\/\/topcar.vn\/wp-content\/uploads\/2025\/07\/sdt.5-2-100x100.jpg 100w\" sizes=\"(max-width: 768px) 100vw, 768px\" \/><figcaption id=\"caption-attachment-2920\" class=\"wp-caption-text\">L\u00f3t th\u1ea3m ph\u00eda gh\u1ebf l\u00e1i<\/figcaption><\/figure>\n<h3 data-start=\"2036\" data-end=\"2067\"><strong data-start=\"2040\" data-end=\"2067\">V\u00ec sao n\u00ean ch\u1ecdn th\u1ea3m l\u00f3t s\u00e0n Hyundai Santafe 2019\u20132020 t\u1ea1i Topcar?<\/strong><\/h3>\n<p>Th\u1ea3m l\u00f3t s\u00e0n kh\u00f4ng ch\u1ec9 \u0111\u1ec3 gi\u1eef s\u1ea1ch, m\u00e0 c\u00f2n th\u1ec3 hi\u1ec7n s\u1ef1 ch\u1ec9n chu trong c\u00e1ch ch\u0103m s\u00f3c xe. \u0110\u1ed1i v\u1edbi ch\u1ee7 xe Santafe 2019\u20132020, \u0111\u1ea7u t\u01b0 v\u00e0o b\u1ed9 th\u1ea3m \u0111\u00fang chu\u1ea9n t\u1eeb Topcar l\u00e0 c\u00e1ch \u0111\u01a1n gi\u1ea3n nh\u01b0ng hi\u1ec7u qu\u1ea3 \u0111\u1ec3 gi\u1eef khoang n\u1ed9i th\u1ea5t lu\u00f4n m\u1edbi m\u1ebb v\u00e0 tinh t\u1ebf.<\/p>\n<ul>\n<li data-start=\"2071\" data-end=\"2125\">C\u1eaft \u0111o chu\u1ea9n form t\u1eebng \u0111\u1eddi xe b\u1eb1ng c\u00f4ng ngh\u1ec7 laser<\/li>\n<li data-start=\"2128\" data-end=\"2205\">S\u1ea3n ph\u1ea9m ch\u00ednh h\u00e3ng, ch\u1ea5t li\u1ec7u cao c\u1ea5p \u2013 kh\u00f4ng bong tr\u00f3c, kh\u00f4ng x\u00f9 b\u1ec1 m\u1eb7t<\/li>\n<li data-start=\"2208\" data-end=\"2262\">T\u01b0 v\u1ea5n t\u1eadn t\u00e2m \u2013 ch\u1ecdn m\u00e0u, ph\u1ed1i tone theo n\u1ed9i th\u1ea5t<\/li>\n<li data-start=\"2265\" data-end=\"2305\">Ch\u00ednh s\u00e1ch b\u1ea3o h\u00e0nh l\u00ean t\u1edbi 24 th\u00e1ng<\/li>\n<li data-start=\"2308\" data-end=\"2379\">C\u00f3 s\u1eb5n th\u1ea3m cho nhi\u1ec1u phi\u00ean b\u1ea3n: b\u1ea3n th\u01b0\u1eddng, b\u1ea3n cao c\u1ea5p, 2WD, AWD\u2026<\/li>\n<\/ul>\n<p><img loading=\"lazy\" decoding=\"async\" class=\"size-full wp-image-2916 aligncenter\" src=\"http:\/\/khaitest.rf.gd\/wp-content\/uploads\/2025\/07\/sdt.1-7.jpg\" alt=\"\" width=\"768\" height=\"768\" srcset=\"https:\/\/topcar.vn\/wp-content\/uploads\/2025\/07\/sdt.1-7.jpg 768w, https:\/\/topcar.vn\/wp-content\/uploads\/2025\/07\/sdt.1-7-300x300.jpg 300w, https:\/\/topcar.vn\/wp-content\/uploads\/2025\/07\/sdt.1-7-150x150.jpg 150w, https:\/\/topcar.vn\/wp-content\/uploads\/2025\/07\/sdt.1-7-600x600.jpg 600w, https:\/\/topcar.vn\/wp-content\/uploads\/2025\/07\/sdt.1-7-100x100.jpg 100w\" sizes=\"(max-width: 768px) 100vw, 768px\" \/><\/p>\n<p>&nbsp;<\/p>\n<p><strong>\ud83d\udcde Li\u00ean h\u1ec7 t\u01b0 v\u1ea5n &amp; \u0111\u1eb7t mua:<\/strong><\/p>\n<ul>\n<li data-start=\"2673\" data-end=\"2707\"><strong data-start=\"2673\" data-end=\"2692\">Hotline \/ Zalo:<\/strong> 0889.385.222<\/li>\n<li data-start=\"2710\" data-end=\"2778\"><strong data-start=\"2710\" data-end=\"2722\">\u0110\u1ecba ch\u1ec9:<\/strong> S\u1ed1 9 BT2, K\u0110T Foresa Xu\u00e2n Ph\u01b0\u01a1ng, Nam T\u1eeb Li\u00eam, H\u00e0 N\u1ed9i<\/li>\n<li data-start=\"2781\" data-end=\"2832\"><strong data-start=\"2781\" data-end=\"2793\">Website:<\/strong> <a class=\"\" href=\"https:\/\/Topcar.vn\" target=\"_new\" rel=\"noopener\" data-start=\"2794\" data-end=\"2832\">https:\/\/Topcar.vn<\/a><\/li>\n<\/ul>\n<\/div>\n<\/div>\n<\/div>\n<\/div>\n<\/div>\n<\/div>\n<\/article>\n","protected":false},"excerpt":{"rendered":"<ul>\n<li>Mi\u1ec5n ph\u00ed giao h\u00e0ng to\u00e0n qu\u1ed1c<\/li>\n<li>Nh\u1eadn h\u00e0ng &gt; L\u1eafp \u0111\u1eb7t &gt; Thanh to\u00e1n<\/li>\n<li>B\u1ea3o h\u00e0nh 5 n\u0103m<\/li>\n<\/ul>\n","protected":false},"featured_media":2810,"comment_status":"closed","ping_status":"closed","template":"","meta":{"site-sidebar-layout":"no-sidebar","site-content-layout":"content-boxed-container","ast-site-content-layout":"normal-width-container","site-content-style":"boxed","site-sidebar-style":"unboxed","ast-global-header-display":"","ast-banner-title-visibility":"","ast-main-header-display":"","ast-hfb-above-header-display":"","ast-hfb-below-header-display":"","ast-hfb-mobile-header-display":"","site-post-title":"","ast-breadcrumbs-content":"","ast-featured-img":"","footer-sml-layout":"","ast-disable-related-posts":"","theme-transparent-header-meta":"default","adv-header-id-meta":"","stick-header-meta":"","header-above-stick-meta":"","header-main-stick-meta":"","header-below-stick-meta":"","astra-migrate-meta-layouts":"set","ast-page-background-enabled":"default","ast-page-background-meta":{"desktop":{"background-color":"var(--ast-global-color-4)","background-image":"","background-repeat":"repeat","background-position":"center center","background-size":"auto","background-attachment":"scroll","background-type":"","background-media":"","overlay-type":"","overlay-color":"","overlay-opacity":"","overlay-gradient":""},"tablet":{"background-color":"","background-image":"","background-repeat":"repeat","background-position":"center center","background-size":"auto","background-attachment":"scroll","background-type":"","background-media":"","overlay-type":"","overlay-color":"","overlay-opacity":"","overlay-gradient":""},"mobile":{"background-color":"","background-image":"","background-repeat":"repeat","background-position":"center center","background-size":"auto","background-attachment":"scroll","background-type":"","background-media":"","overlay-type":"","overlay-color":"","overlay-opacity":"","overlay-gradient":""}},"ast-content-background-meta":{"desktop":{"background-color":"var(--ast-global-color-5)","background-image":"","background-repeat":"repeat","background-position":"center center","background-size":"auto","background-attachment":"scroll","background-type":"","background-media":"","overlay-type":"","overlay-color":"","overlay-opacity":"","overlay-gradient":""},"tablet":{"background-color":"var(--ast-global-color-5)","background-image":"","background-repeat":"repeat","background-position":"center center","background-size":"auto","background-attachment":"scroll","background-type":"","background-media":"","overlay-type":"","overlay-color":"","overlay-opacity":"","overlay-gradient":""},"mobile":{"background-color":"var(--ast-global-color-5)","background-image":"","background-repeat":"repeat","background-position":"center center","background-size":"auto","background-attachment":"scroll","background-type":"","background-media":"","overlay-type":"","overlay-color":"","overlay-opacity":"","overlay-gradient":""}}},"product_brand":[],"product_cat":[47,43],"product_tag":[147,138,73,74,77,226],"class_list":{"0":"post-2141","1":"product","2":"type-product","3":"status-publish","4":"has-post-thumbnail","6":"product_cat-tham-lot-san-o-to-hyundai","7":"product_cat-tham-lot-san-o-to","8":"product_tag-carsen-tham-san","9":"product_tag-tham-lot-san","10":"product_tag-tham-lot-san-o-to","11":"product_tag-tham-lot-san-o-to-bang-nhua","12":"product_tag-tham-lot-san-o-to-nhua-duc","13":"product_tag-tham-san-tpe","14":"desktop-align-left","15":"tablet-align-left","16":"mobile-align-left","18":"first","19":"instock","20":"shipping-taxable","21":"purchasable","22":"product-type-variable"},"_links":{"self":[{"href":"https:\/\/topcar.vn\/index.php?rest_route=\/wp\/v2\/product\/2141","targetHints":{"allow":["GET"]}}],"collection":[{"href":"https:\/\/topcar.vn\/index.php?rest_route=\/wp\/v2\/product"}],"about":[{"href":"https:\/\/topcar.vn\/index.php?rest_route=\/wp\/v2\/types\/product"}],"replies":[{"embeddable":true,"href":"https:\/\/topcar.vn\/index.php?rest_route=%2Fwp%2Fv2%2Fcomments&post=2141"}],"version-history":[{"count":5,"href":"https:\/\/topcar.vn\/index.php?rest_route=\/wp\/v2\/product\/2141\/revisions"}],"predecessor-version":[{"id":3250,"href":"https:\/\/topcar.vn\/index.php?rest_route=\/wp\/v2\/product\/2141\/revisions\/3250"}],"wp:featuredmedia":[{"embeddable":true,"href":"https:\/\/topcar.vn\/index.php?rest_route=\/wp\/v2\/media\/2810"}],"wp:attachment":[{"href":"https:\/\/topcar.vn\/index.php?rest_route=%2Fwp%2Fv2%2Fmedia&parent=2141"}],"wp:term":[{"taxonomy":"product_brand","embeddable":true,"href":"https:\/\/topcar.vn\/index.php?rest_route=%2Fwp%2Fv2%2Fproduct_brand&post=2141"},{"taxonomy":"product_cat","embeddable":true,"href":"https:\/\/topcar.vn\/index.php?rest_route=%2Fwp%2Fv2%2Fproduct_cat&post=2141"},{"taxonomy":"product_tag","embeddable":true,"href":"https:\/\/topcar.vn\/index.php?rest_route=%2Fwp%2Fv2%2Fproduct_tag&post=2141"}],"curies":[{"name":"wp","href":"https:\/\/api.w.org\/{rel}","templated":true}]}}