{"id":2135,"date":"2025-07-28T15:06:28","date_gmt":"2025-07-28T08:06:28","guid":{"rendered":"http:\/\/khaitest.rf.gd\/?post_type=product&#038;p=2135"},"modified":"2025-12-05T15:31:39","modified_gmt":"2025-12-05T08:31:39","slug":"tham-lot-san-hyundai-custin","status":"publish","type":"product","link":"https:\/\/topcar.vn\/?product=tham-lot-san-hyundai-custin","title":{"rendered":"Th\u1ea3m l\u00f3t s\u00e0n Hyundai Custin"},"content":{"rendered":"<article class=\"text-token-text-primary w-full\" dir=\"auto\" data-testid=\"conversation-turn-10\" data-scroll-anchor=\"true\">\n<div class=\"text-base my-auto mx-auto pb-10 [--thread-content-margin:--spacing(4)] @[37rem]:[--thread-content-margin:--spacing(6)] @[72rem]:[--thread-content-margin:--spacing(16)] px-(--thread-content-margin)\">\n<div class=\"[--thread-content-max-width:32rem] @[34rem]:[--thread-content-max-width:40rem] @[64rem]:[--thread-content-max-width:48rem] mx-auto max-w-(--thread-content-max-width) flex-1 group\/turn-messages focus-visible:outline-hidden relative flex w-full min-w-0 flex-col agent-turn\" tabindex=\"-1\">\n<div class=\"flex max-w-full flex-col grow\">\n<div class=\"min-h-8 text-message relative flex w-full flex-col items-end gap-2 text-start break-words whitespace-normal [.text-message+&amp;]:mt-5\" dir=\"auto\" data-message-author-role=\"assistant\" data-message-id=\"6ee8a93f-7fdb-4c7e-b8bb-2a874c3d517b\" data-message-model-slug=\"gpt-4o\">\n<div class=\"flex w-full flex-col gap-1 empty:hidden first:pt-[3px]\">\n<div class=\"markdown prose dark:prose-invert w-full break-words light\">\n<p data-start=\"254\" data-end=\"538\"><em><strong>Hyundai Custin \u2013 m\u1eabu MPV 7 ch\u1ed7 cao c\u1ea5p v\u1edbi thi\u1ebft k\u1ebf hi\u1ec7n \u0111\u1ea1i, n\u1ed9i th\u1ea5t r\u1ed9ng r\u00e3i \u2013 x\u1ee9ng \u0111\u00e1ng \u0111\u01b0\u1ee3c ch\u0103m ch\u00fat t\u1eebng chi ti\u1ebft. N\u1ebfu b\u1ea1n \u0111ang t\u00ecm gi\u1ea3i ph\u00e1p gi\u1eef cho khoang xe lu\u00f4n s\u1ea1ch s\u1ebd, b\u1ec1n \u0111\u1eb9p nh\u01b0 m\u1edbi, th\u1ea3m l\u00f3t s\u00e0n Hyundai Custin thi\u1ebft k\u1ebf ri\u00eang theo xe s\u1ebd l\u00e0 ph\u1ee5 ki\u1ec7n kh\u00f4ng th\u1ec3 thi\u1ebfu.<\/strong><\/em><\/p>\n<h2 data-start=\"545\" data-end=\"574\"><strong data-start=\"549\" data-end=\"572\">Gi\u1edbi thi\u1ec7u s\u1ea3n ph\u1ea9m<\/strong><\/h2>\n<p data-start=\"575\" data-end=\"812\">Hyundai Custin l\u00e0 m\u1eabu MPV h\u1ea1ng D v\u1eeba ra m\u1eaft t\u1ea1i Vi\u1ec7t Nam, n\u1ed5i b\u1eadt v\u1edbi n\u1ed9i th\u1ea5t r\u1ed9ng, c\u1ea5u h\u00ecnh linh ho\u1ea1t v\u00e0 ti\u1ec7n nghi cao c\u1ea5p. Tuy nhi\u00ean, s\u00e0n xe r\u1ed9ng c\u0169ng \u0111\u1ed3ng ngh\u0129a v\u1edbi nguy c\u01a1 d\u1ec5 b\u00e1m b\u1ea9n, kh\u00f3 v\u1ec7 sinh n\u1ebfu kh\u00f4ng c\u00f3 th\u1ea3m b\u1ea3o v\u1ec7 \u0111\u00fang chu\u1ea9n.<\/p>\n<p data-start=\"814\" data-end=\"1068\">Th\u1ea3m l\u00f3t s\u00e0n may \u0111o ri\u00eang cho Hyundai Custin t\u1ea1i Topcar s\u1eed d\u1ee5ng ch\u1ea5t li\u1ec7u nh\u1ef1a TPE cao c\u1ea5p, thi\u1ebft k\u1ebf 5D\/6D v\u1eeba kh\u00edt t\u1eebng chi ti\u1ebft s\u00e0n, ph\u00f9 h\u1ee3p cho c\u1ea3 phi\u00ean b\u1ea3n 6 ch\u1ed7 v\u00e0 7 ch\u1ed7. S\u1ea3n ph\u1ea9m kh\u00f4ng ch\u1ec9 gi\u00fap gi\u1eef s\u00e0n s\u1ea1ch m\u00e0 c\u00f2n t\u0103ng t\u00ednh th\u1ea9m m\u1ef9 v\u00e0 sang tr\u1ecdng cho xe.<\/p>\n<figure id=\"attachment_2782\" aria-describedby=\"caption-attachment-2782\" style=\"width: 1024px\" class=\"wp-caption aligncenter\"><img fetchpriority=\"high\" decoding=\"async\" class=\"wp-image-2782 size-large\" src=\"http:\/\/khaitest.rf.gd\/wp-content\/uploads\/2025\/07\/AnyConv.com__z6885323919333_eeea39e9ed8141b94733bcc03411962e-sao-chep-1-1024x683.webp\" alt=\"Th\u1ea3m l\u00f3t s\u00e0n Hyundai Custin\" width=\"1024\" height=\"683\" srcset=\"https:\/\/topcar.vn\/wp-content\/uploads\/2025\/07\/AnyConv.com__z6885323919333_eeea39e9ed8141b94733bcc03411962e-sao-chep-1-1024x683.webp 1024w, https:\/\/topcar.vn\/wp-content\/uploads\/2025\/07\/AnyConv.com__z6885323919333_eeea39e9ed8141b94733bcc03411962e-sao-chep-1-300x200.webp 300w, https:\/\/topcar.vn\/wp-content\/uploads\/2025\/07\/AnyConv.com__z6885323919333_eeea39e9ed8141b94733bcc03411962e-sao-chep-1-768x512.webp 768w, https:\/\/topcar.vn\/wp-content\/uploads\/2025\/07\/AnyConv.com__z6885323919333_eeea39e9ed8141b94733bcc03411962e-sao-chep-1-1536x1024.webp 1536w, https:\/\/topcar.vn\/wp-content\/uploads\/2025\/07\/AnyConv.com__z6885323919333_eeea39e9ed8141b94733bcc03411962e-sao-chep-1-600x400.webp 600w, https:\/\/topcar.vn\/wp-content\/uploads\/2025\/07\/AnyConv.com__z6885323919333_eeea39e9ed8141b94733bcc03411962e-sao-chep-1.webp 2048w\" sizes=\"(max-width: 1024px) 100vw, 1024px\" \/><figcaption id=\"caption-attachment-2782\" class=\"wp-caption-text\">Th\u1ea3m l\u00f3t s\u00e0n Hyundai Custin<\/figcaption><\/figure>\n<p data-start=\"1075\" data-end=\"1112\"><strong data-start=\"1079\" data-end=\"1110\">Th\u00f4ng tin chi ti\u1ebft s\u1ea3n ph\u1ea9m<\/strong><\/p>\n<ul>\n<li data-start=\"1115\" data-end=\"1179\">D\u00f2ng xe \u00e1p d\u1ee5ng: Hyundai Custin 2023\u20132025 (6 ch\u1ed7 v\u00e0 7 ch\u1ed7)<\/li>\n<li data-start=\"1182\" data-end=\"1230\">Ch\u1ea5t li\u1ec7u: Nh\u1ef1a TPE<\/li>\n<li data-start=\"1233\" data-end=\"1280\">M\u00e0u s\u1eafc: \u0110en<\/li>\n<li data-start=\"1283\" data-end=\"1348\">L\u1eafp \u0111\u1eb7t: kh\u00f4ng c\u1ea7n th\u00e1o gh\u1ebf \u2013 d\u1ec5 v\u1ec7 sinh<\/li>\n<\/ul>\n<p data-start=\"1355\" data-end=\"1380\"><strong data-start=\"1359\" data-end=\"1378\">\u01afu \u0111i\u1ec3m n\u1ed5i b\u1eadt<\/strong><\/p>\n<ul>\n<li data-start=\"1383\" data-end=\"1443\">Che ph\u1ee7 to\u00e0n b\u1ed9 s\u00e0n xe 3 h\u00e0ng gh\u1ebf \u2013 b\u1ea3o v\u1ec7 to\u00e0n di\u1ec7n<\/li>\n<li data-start=\"1446\" data-end=\"1507\">Ch\u1ea5t l\u1ef1a ch\u1ed1ng b\u00e1m b\u1ea9n, n\u01b0\u1edbc v\u00e0 m\u00f9i \u2013 d\u1ec5 lau ch\u00f9i b\u1eb1ng kh\u0103n \u1ea9m<\/li>\n<li data-start=\"1510\" data-end=\"1559\">C\u1ea5u tr\u00fac ch\u1ed1ng tr\u01b0\u1ee3t \u2013 an to\u00e0n khi l\u00e1i xe<\/li>\n<li data-start=\"1562\" data-end=\"1624\">Nh\u1ef1a TPE nguy\u00ean sinh cao c\u1ea5p, kh\u00f4ng m\u00f9i nh\u1ef1a \u2013 th\u00e2n thi\u1ec7n v\u1edbi s\u1ee9c kh\u1ecfe v\u00e0 m\u00f4i tr\u01b0\u1eddng<\/li>\n<li data-start=\"1627\" data-end=\"1682\">Gi\u00fap khoang xe sang tr\u1ecdng, g\u1ecdn g\u00e0ng, \u0111\u1eb3ng c\u1ea5p h\u01a1n<\/li>\n<\/ul>\n<p data-start=\"1689\" data-end=\"1734\"><strong data-start=\"1693\" data-end=\"1732\">Gi\u00e1 b\u00e1n th\u1ea3m l\u00f3t s\u00e0n Hyundai Custin<\/strong><\/p>\n<ul data-start=\"1735\" data-end=\"1875\">\n<li data-start=\"1735\" data-end=\"1775\">\n<p data-start=\"1737\" data-end=\"1775\"><b>Combo tr\u1ecdn g\u00f3i gi\u00e1: 2.200.000\u0111<\/b><\/p>\n<\/li>\n<\/ul>\n<figure id=\"attachment_2766\" aria-describedby=\"caption-attachment-2766\" style=\"width: 1024px\" class=\"wp-caption aligncenter\"><img decoding=\"async\" class=\"wp-image-2766 size-large\" src=\"http:\/\/khaitest.rf.gd\/wp-content\/uploads\/2025\/07\/AnyConv.com__7-1024x1024.webp\" alt=\"Nh\u1ef1a TPE nguy\u00ean sinh cao c\u1ea5p\" width=\"1024\" height=\"1024\" srcset=\"https:\/\/topcar.vn\/wp-content\/uploads\/2025\/07\/AnyConv.com__7-1024x1024.webp 1024w, https:\/\/topcar.vn\/wp-content\/uploads\/2025\/07\/AnyConv.com__7-300x300.webp 300w, https:\/\/topcar.vn\/wp-content\/uploads\/2025\/07\/AnyConv.com__7-150x150.webp 150w, https:\/\/topcar.vn\/wp-content\/uploads\/2025\/07\/AnyConv.com__7-768x767.webp 768w, https:\/\/topcar.vn\/wp-content\/uploads\/2025\/07\/AnyConv.com__7-600x599.webp 600w, https:\/\/topcar.vn\/wp-content\/uploads\/2025\/07\/AnyConv.com__7-100x100.webp 100w, https:\/\/topcar.vn\/wp-content\/uploads\/2025\/07\/AnyConv.com__7.webp 1081w\" sizes=\"(max-width: 1024px) 100vw, 1024px\" \/><figcaption id=\"caption-attachment-2766\" class=\"wp-caption-text\">Nh\u1ef1a TPE nguy\u00ean sinh cao c\u1ea5p, kh\u00f4ng m\u00f9i nh\u1ef1a \u2013 th\u00e2n thi\u1ec7n v\u1edbi s\u1ee9c kh\u1ecfe v\u00e0 m\u00f4i tr\u01b0\u1eddng<\/figcaption><\/figure>\n<h2 data-start=\"1877\" data-end=\"1950\"><strong data-start=\"1961\" data-end=\"2018\">Mua th\u1ea3m l\u00f3t s\u00e0n ch\u00ednh h\u00e3ng Hyundai Custin t\u1ea1i Topcar<\/strong><\/h2>\n<p data-start=\"2021\" data-end=\"2178\">Topcar t\u1ef1 h\u00e0o l\u00e0 \u0111\u1ecba ch\u1ec9 chuy\u00ean cung c\u1ea5p th\u1ea3m l\u00f3t s\u00e0n \u00f4 t\u00f4 \u0111o theo t\u1eebng m\u1eabu xe, \u0111\u1ea3m b\u1ea3o \u0111\u1ed9 b\u1ec1n \u2013 \u0111\u1eb9p \u2013 \u0111\u00fang form cho t\u1eebng d\u00f2ng xe MPV cao c\u1ea5p nh\u01b0 Custin.<\/p>\n<p data-start=\"2180\" data-end=\"2210\"><strong data-start=\"2180\" data-end=\"2208\">T\u1ea1i sao n\u00ean ch\u1ecdn Topcar?<\/strong><\/p>\n<ul>\n<li data-start=\"2213\" data-end=\"2261\">\u00a0S\u1ea3n ph\u1ea9m \u0111\u01b0\u1ee3c c\u1eaft \u0111o laser chu\u1ea9n x\u00e1c theo xe<\/li>\n<li data-start=\"2264\" data-end=\"2313\">\u00a0Ch\u1ea5t li\u1ec7u nh\u1eadp kh\u1ea9u \u2013 ch\u1ed1ng \u1ea9m m\u1ed1c, bong tr\u00f3c<\/li>\n<li data-start=\"2316\" data-end=\"2363\">\u00a0\u0110a d\u1ea1ng l\u1ef1a ch\u1ecdn m\u00e0u s\u1eafc theo phong c\u00e1ch xe<\/li>\n<li data-start=\"2366\" data-end=\"2416\">\u00a0H\u1ed7 tr\u1ee3 t\u01b0 v\u1ea5n t\u1eadn t\u00ecnh \u2013 giao h\u00e0ng nhanh ch\u00f3ng<\/li>\n<li data-start=\"2419\" data-end=\"2453\">B\u1ea3o h\u00e0nh 5 n\u0103m<\/li>\n<\/ul>\n<p data-start=\"2479\" data-end=\"2826\">Th\u1ea3m l\u00f3t s\u00e0n kh\u00f4ng ch\u1ec9 gi\u00fap gi\u1eef s\u1ea1ch n\u1ed9i th\u1ea5t m\u00e0 c\u00f2n th\u1ec3 hi\u1ec7n s\u1ef1 ch\u0103m ch\u00fat v\u00e0 gu th\u1ea9m m\u1ef9 c\u1ee7a ch\u1ee7 xe. \u0110\u1ed1i v\u1edbi m\u1ed9t m\u1eabu xe gia \u0111\u00ecnh cao c\u1ea5p nh\u01b0 Hyundai Custin, \u0111\u1ea7u t\u01b0 v\u00e0o <strong data-start=\"2647\" data-end=\"2684\">th\u1ea3m l\u00f3t s\u00e0n ch\u00ednh h\u00e3ng t\u1eeb Topcar<\/strong> l\u00e0 l\u1ef1a ch\u1ecdn \u0111\u00fang \u0111\u1eafn \u0111\u1ec3 gi\u1eef khoang n\u1ed9i th\u1ea5t lu\u00f4n nh\u01b0 m\u1edbi.\u00a0Li\u00ean h\u1ec7 ngay \u0111\u1ec3 \u0111\u01b0\u1ee3c t\u01b0 v\u1ea5n m\u1eabu ph\u00f9 h\u1ee3p nh\u1ea5t v\u00e0 nh\u1eadn \u01b0u \u0111\u00e3i h\u1ea5p d\u1eabn t\u1eeb Topcar!<\/p>\n<figure id=\"attachment_2765\" aria-describedby=\"caption-attachment-2765\" style=\"width: 1024px\" class=\"wp-caption aligncenter\"><img decoding=\"async\" class=\"wp-image-2765 size-large\" src=\"http:\/\/khaitest.rf.gd\/wp-content\/uploads\/2025\/07\/AnyConv.com__6-1024x1024.webp\" alt=\"Th\u1ea3m l\u00f3t s\u00e0n\" width=\"1024\" height=\"1024\" srcset=\"https:\/\/topcar.vn\/wp-content\/uploads\/2025\/07\/AnyConv.com__6-1024x1024.webp 1024w, https:\/\/topcar.vn\/wp-content\/uploads\/2025\/07\/AnyConv.com__6-300x300.webp 300w, https:\/\/topcar.vn\/wp-content\/uploads\/2025\/07\/AnyConv.com__6-150x150.webp 150w, https:\/\/topcar.vn\/wp-content\/uploads\/2025\/07\/AnyConv.com__6-768x767.webp 768w, https:\/\/topcar.vn\/wp-content\/uploads\/2025\/07\/AnyConv.com__6-600x599.webp 600w, https:\/\/topcar.vn\/wp-content\/uploads\/2025\/07\/AnyConv.com__6-100x100.webp 100w, https:\/\/topcar.vn\/wp-content\/uploads\/2025\/07\/AnyConv.com__6.webp 1081w\" sizes=\"(max-width: 1024px) 100vw, 1024px\" \/><figcaption id=\"caption-attachment-2765\" class=\"wp-caption-text\">Th\u1ea3m l\u00f3t s\u00e0n kh\u00f4ng ch\u1ec9 gi\u00fap gi\u1eef s\u1ea1ch n\u1ed9i th\u1ea5t m\u00e0 c\u00f2n th\u1ec3 hi\u1ec7n s\u1ef1 ch\u0103m ch\u00fat v\u00e0 gu th\u1ea9m m\u1ef9 c\u1ee7a ch\u1ee7 xe.<\/figcaption><\/figure>\n<p><strong data-start=\"2575\" data-end=\"2618\">Li\u00ean h\u1ec7 ngay \u0111\u1ec3 \u0111\u01b0\u1ee3c t\u01b0 v\u1ea5n &amp; \u0111\u1eb7t h\u00e0ng:<\/strong><\/p>\n<ul>\n<li>\ud83d\udcdeHotline \/ Zalo: 0889.385.222<\/li>\n<li>\ud83c\udfe0 \u0110\u1ecba ch\u1ec9: S\u1ed1 9 BT2, Khu \u0111\u00f4 th\u1ecb Foresa Xu\u00e2n Ph\u01b0\u01a1ng, Nam T\u1eeb Li\u00eam, H\u00e0 N\u1ed9i<\/li>\n<li>\ud83c\udf10 Website: <a class=\"\" href=\"https:\/\/Topcar.vn\" target=\"_new\" rel=\"noopener\" data-start=\"3540\" data-end=\"3578\">https:\/\/Topcar.vn<\/a><\/li>\n<\/ul>\n<\/div>\n<\/div>\n<\/div>\n<\/div>\n<\/div>\n<\/div>\n<\/article>\n","protected":false},"excerpt":{"rendered":"<ul>\n<li>Mi\u1ec5n ph\u00ed giao h\u00e0ng to\u00e0n qu\u1ed1c<\/li>\n<li>Nh\u1eadn h\u00e0ng &gt; L\u1eafp \u0111\u1eb7t &gt; Thanh to\u00e1n<\/li>\n<li>B\u1ea3o h\u00e0nh 5 n\u0103m<\/li>\n<\/ul>\n","protected":false},"featured_media":3907,"comment_status":"closed","ping_status":"closed","template":"","meta":{"site-sidebar-layout":"no-sidebar","site-content-layout":"content-boxed-container","ast-site-content-layout":"normal-width-container","site-content-style":"boxed","site-sidebar-style":"unboxed","ast-global-header-display":"","ast-banner-title-visibility":"","ast-main-header-display":"","ast-hfb-above-header-display":"","ast-hfb-below-header-display":"","ast-hfb-mobile-header-display":"","site-post-title":"","ast-breadcrumbs-content":"","ast-featured-img":"","footer-sml-layout":"","ast-disable-related-posts":"","theme-transparent-header-meta":"default","adv-header-id-meta":"","stick-header-meta":"","header-above-stick-meta":"","header-main-stick-meta":"","header-below-stick-meta":"","astra-migrate-meta-layouts":"set","ast-page-background-enabled":"default","ast-page-background-meta":{"desktop":{"background-color":"var(--ast-global-color-4)","background-image":"","background-repeat":"repeat","background-position":"center center","background-size":"auto","background-attachment":"scroll","background-type":"","background-media":"","overlay-type":"","overlay-color":"","overlay-opacity":"","overlay-gradient":""},"tablet":{"background-color":"","background-image":"","background-repeat":"repeat","background-position":"center center","background-size":"auto","background-attachment":"scroll","background-type":"","background-media":"","overlay-type":"","overlay-color":"","overlay-opacity":"","overlay-gradient":""},"mobile":{"background-color":"","background-image":"","background-repeat":"repeat","background-position":"center center","background-size":"auto","background-attachment":"scroll","background-type":"","background-media":"","overlay-type":"","overlay-color":"","overlay-opacity":"","overlay-gradient":""}},"ast-content-background-meta":{"desktop":{"background-color":"var(--ast-global-color-5)","background-image":"","background-repeat":"repeat","background-position":"center center","background-size":"auto","background-attachment":"scroll","background-type":"","background-media":"","overlay-type":"","overlay-color":"","overlay-opacity":"","overlay-gradient":""},"tablet":{"background-color":"var(--ast-global-color-5)","background-image":"","background-repeat":"repeat","background-position":"center center","background-size":"auto","background-attachment":"scroll","background-type":"","background-media":"","overlay-type":"","overlay-color":"","overlay-opacity":"","overlay-gradient":""},"mobile":{"background-color":"var(--ast-global-color-5)","background-image":"","background-repeat":"repeat","background-position":"center center","background-size":"auto","background-attachment":"scroll","background-type":"","background-media":"","overlay-type":"","overlay-color":"","overlay-opacity":"","overlay-gradient":""}}},"product_brand":[],"product_cat":[47,43],"product_tag":[147,138,73,74,77,226],"class_list":{"0":"post-2135","1":"product","2":"type-product","3":"status-publish","4":"has-post-thumbnail","6":"product_cat-tham-lot-san-o-to-hyundai","7":"product_cat-tham-lot-san-o-to","8":"product_tag-carsen-tham-san","9":"product_tag-tham-lot-san","10":"product_tag-tham-lot-san-o-to","11":"product_tag-tham-lot-san-o-to-bang-nhua","12":"product_tag-tham-lot-san-o-to-nhua-duc","13":"product_tag-tham-san-tpe","14":"desktop-align-left","15":"tablet-align-left","16":"mobile-align-left","18":"first","19":"instock","20":"shipping-taxable","21":"purchasable","22":"product-type-variable"},"_links":{"self":[{"href":"https:\/\/topcar.vn\/index.php?rest_route=\/wp\/v2\/product\/2135","targetHints":{"allow":["GET"]}}],"collection":[{"href":"https:\/\/topcar.vn\/index.php?rest_route=\/wp\/v2\/product"}],"about":[{"href":"https:\/\/topcar.vn\/index.php?rest_route=\/wp\/v2\/types\/product"}],"replies":[{"embeddable":true,"href":"https:\/\/topcar.vn\/index.php?rest_route=%2Fwp%2Fv2%2Fcomments&post=2135"}],"version-history":[{"count":4,"href":"https:\/\/topcar.vn\/index.php?rest_route=\/wp\/v2\/product\/2135\/revisions"}],"predecessor-version":[{"id":2138,"href":"https:\/\/topcar.vn\/index.php?rest_route=\/wp\/v2\/product\/2135\/revisions\/2138"}],"wp:featuredmedia":[{"embeddable":true,"href":"https:\/\/topcar.vn\/index.php?rest_route=\/wp\/v2\/media\/3907"}],"wp:attachment":[{"href":"https:\/\/topcar.vn\/index.php?rest_route=%2Fwp%2Fv2%2Fmedia&parent=2135"}],"wp:term":[{"taxonomy":"product_brand","embeddable":true,"href":"https:\/\/topcar.vn\/index.php?rest_route=%2Fwp%2Fv2%2Fproduct_brand&post=2135"},{"taxonomy":"product_cat","embeddable":true,"href":"https:\/\/topcar.vn\/index.php?rest_route=%2Fwp%2Fv2%2Fproduct_cat&post=2135"},{"taxonomy":"product_tag","embeddable":true,"href":"https:\/\/topcar.vn\/index.php?rest_route=%2Fwp%2Fv2%2Fproduct_tag&post=2135"}],"curies":[{"name":"wp","href":"https:\/\/api.w.org\/{rel}","templated":true}]}}