{"id":2133,"date":"2025-07-28T15:05:59","date_gmt":"2025-07-28T08:05:59","guid":{"rendered":"http:\/\/khaitest.rf.gd\/?post_type=product&#038;p=2133"},"modified":"2025-12-08T11:09:24","modified_gmt":"2025-12-08T04:09:24","slug":"tham-lot-san-hyundai-i10-2021-2024","status":"publish","type":"product","link":"https:\/\/topcar.vn\/?product=tham-lot-san-hyundai-i10-2021-2024","title":{"rendered":"Th\u1ea3m l\u00f3t s\u00e0n Hyundai i10 2021\u20132024"},"content":{"rendered":"<article class=\"text-token-text-primary w-full\" dir=\"auto\" data-testid=\"conversation-turn-10\" data-scroll-anchor=\"true\">\n<div class=\"text-base my-auto mx-auto pb-10 [--thread-content-margin:--spacing(4)] @[37rem]:[--thread-content-margin:--spacing(6)] @[72rem]:[--thread-content-margin:--spacing(16)] px-(--thread-content-margin)\">\n<div class=\"[--thread-content-max-width:32rem] @[34rem]:[--thread-content-max-width:40rem] @[64rem]:[--thread-content-max-width:48rem] mx-auto max-w-(--thread-content-max-width) flex-1 group\/turn-messages focus-visible:outline-hidden relative flex w-full min-w-0 flex-col agent-turn\" tabindex=\"-1\">\n<div class=\"flex max-w-full flex-col grow\">\n<div class=\"min-h-8 text-message relative flex w-full flex-col items-end gap-2 text-start break-words whitespace-normal [.text-message+&amp;]:mt-5\" dir=\"auto\" data-message-author-role=\"assistant\" data-message-id=\"6ee8a93f-7fdb-4c7e-b8bb-2a874c3d517b\" data-message-model-slug=\"gpt-4o\">\n<div class=\"flex w-full flex-col gap-1 empty:hidden first:pt-[3px]\">\n<div class=\"markdown prose dark:prose-invert w-full break-words light\">\n<p data-start=\"238\" data-end=\"503\"><em><strong>B\u1ea1n \u0111ang s\u1edf h\u1eefu chi\u1ebfc Hyundai Grand i10 th\u1ebf h\u1ec7 m\u1edbi? \u0110\u1eebng \u0111\u1ec3 s\u00e0n xe d\u1ec5 b\u1ecb b\u00e1m b\u1ea9n hay tr\u1ea7y x\u01b0\u1edbc theo th\u1eddi gian. Th\u1ea3m l\u00f3t s\u00e0n Hyundai i10 2021\u20132024 s\u1ebd l\u00e0 l\u1ef1a ch\u1ecdn th\u00f4ng minh \u0111\u1ec3 b\u1ea3o v\u1ec7 n\u1ed9i th\u1ea5t, t\u0103ng \u0111\u1ed9 s\u1ea1ch s\u1ebd, sang tr\u1ecdng v\u00e0 gi\u1eef gi\u00e1 tr\u1ecb cho xe.<\/strong><\/em><\/p>\n<h2 data-start=\"510\" data-end=\"539\"><strong data-start=\"514\" data-end=\"537\">Gi\u1edbi thi\u1ec7u s\u1ea3n ph\u1ea9m<\/strong><\/h2>\n<p data-start=\"540\" data-end=\"778\">Hyundai Grand i10 l\u00e0 m\u1eabu xe \u0111\u00f4 th\u1ecb nh\u1ecf g\u1ecdn, ti\u1ebft ki\u1ec7m v\u00e0 r\u1ea5t ph\u1ed5 bi\u1ebfn t\u1ea1i Vi\u1ec7t Nam. Tuy nhi\u00ean, do th\u01b0\u1eddng xuy\u00ean s\u1eed d\u1ee5ng trong \u0111i\u1ec1u ki\u1ec7n \u0111\u01b0\u1eddng b\u1ee5i b\u1ea9n, m\u01b0a gi\u00f3, ph\u1ea7n s\u00e0n xe r\u1ea5t d\u1ec5 b\u1ecb b\u00e1m \u0111\u1ea5t, th\u1ea5m n\u01b0\u1edbc ho\u1eb7c \u00e1m m\u00f9i n\u1ebfu kh\u00f4ng \u0111\u01b0\u1ee3c b\u1ea3o v\u1ec7 t\u1ed1t.<\/p>\n<p data-start=\"780\" data-end=\"1010\">Th\u1ea3m l\u00f3t s\u00e0n Topcar d\u00e0nh ri\u00eang cho Grand i10 b\u1ea3n sedan v\u00e0 hatchback (2021\u20132024) l\u00e0 gi\u1ea3i ph\u00e1p t\u1ed1i \u01b0u. S\u1ea3n ph\u1ea9m \u0111\u01b0\u1ee3c c\u1eaft \u0111o theo form s\u00e0n t\u1eebng phi\u00ean b\u1ea3n, \u00f4m kh\u00edt t\u1eebng chi ti\u1ebft, kh\u00f4ng x\u00f4 l\u1ec7ch, kh\u00f4ng \u1ea3nh h\u01b0\u1edfng \u0111\u1ebfn ch\u00e2n ga \u2013 phanh.<\/p>\n<figure id=\"attachment_2932\" aria-describedby=\"caption-attachment-2932\" style=\"width: 960px\" class=\"wp-caption aligncenter\"><img fetchpriority=\"high\" decoding=\"async\" class=\"wp-image-2932 size-full\" src=\"http:\/\/khaitest.rf.gd\/wp-content\/uploads\/2025\/07\/sdt.1-10.jpg\" alt=\"Th\u1ea3m l\u00f3t s\u00e0n Hyundai i10 2021\u20132024\" width=\"960\" height=\"960\" srcset=\"https:\/\/topcar.vn\/wp-content\/uploads\/2025\/07\/sdt.1-10.jpg 960w, https:\/\/topcar.vn\/wp-content\/uploads\/2025\/07\/sdt.1-10-300x300.jpg 300w, https:\/\/topcar.vn\/wp-content\/uploads\/2025\/07\/sdt.1-10-150x150.jpg 150w, https:\/\/topcar.vn\/wp-content\/uploads\/2025\/07\/sdt.1-10-768x768.jpg 768w, https:\/\/topcar.vn\/wp-content\/uploads\/2025\/07\/sdt.1-10-600x600.jpg 600w, https:\/\/topcar.vn\/wp-content\/uploads\/2025\/07\/sdt.1-10-100x100.jpg 100w\" sizes=\"(max-width: 960px) 100vw, 960px\" \/><figcaption id=\"caption-attachment-2932\" class=\"wp-caption-text\">Th\u1ea3m l\u00f3t s\u00e0n Hyundai i10 2021\u20132024<\/figcaption><\/figure>\n<p data-start=\"1017\" data-end=\"1054\"><strong data-start=\"1021\" data-end=\"1052\">Th\u00f4ng tin chi ti\u1ebft s\u1ea3n ph\u1ea9m th\u1ea3m l\u00f3t s\u00e0n Hyundai i10 2021\u20132024<\/strong><\/p>\n<ul>\n<li data-start=\"1057\" data-end=\"1128\">D\u00f2ng xe \u00e1p d\u1ee5ng: Hyundai Grand i10 2021\u20132024 (hatchback v\u00e0 sedan)<\/li>\n<li data-start=\"1131\" data-end=\"1202\">Ch\u1ea5t li\u1ec7u: Nh\u1ef1a TPE cao c\u1ea5p, ch\u1ed1ng n\u01b0\u1edbc \u2013 ch\u1ed1ng tr\u01b0\u1ee3t<\/li>\n<li data-start=\"1205\" data-end=\"1264\">M\u00e0u s\u1eafc l\u1ef1a ch\u1ecdn: \u0110en tr\u01a1n<\/li>\n<li data-start=\"1267\" data-end=\"1332\">L\u1eafp \u0111\u1eb7t: Kh\u00f4ng c\u1ea7n khoan c\u1eaft hay th\u00e1o gh\u1ebf, v\u1ec7 sinh \u0111\u01a1n gi\u1ea3n<\/li>\n<\/ul>\n<p data-start=\"1339\" data-end=\"1393\"><strong data-start=\"1343\" data-end=\"1391\">\u01afu \u0111i\u1ec3m n\u1ed5i b\u1eadt c\u1ee7a th\u1ea3m l\u00f3t s\u00e0n Hyundai i10<\/strong><\/p>\n<ul>\n<li data-start=\"1396\" data-end=\"1464\">\u0110o chu\u1ea9n t\u1eebng milimet, \u00f4m s\u00e0n xe \u2013 ch\u1ed1ng tr\u01a1n tr\u01b0\u1ee3t hi\u1ec7u qu\u1ea3<\/li>\n<li data-start=\"1467\" data-end=\"1523\">Kh\u1ea3 n\u0103ng ch\u1ed1ng n\u01b0\u1edbc, ch\u1ed1ng b\u00f9n c\u00e1t \u2013 d\u1ec5 lau s\u1ea1ch<\/li>\n<li data-start=\"1526\" data-end=\"1580\">Kh\u00f4ng m\u00f9i \u2013 an to\u00e0n cho tr\u1ebb em v\u00e0 ng\u01b0\u1eddi d\u1ecb \u1ee9ng<\/li>\n<li data-start=\"1583\" data-end=\"1655\">Kh\u00f4ng cong v\u00eanh khi nhi\u1ec7t \u0111\u1ed9 cao ho\u1eb7c ti\u1ebfp x\u00fac n\u01b0\u1edbc th\u01b0\u1eddng xuy\u00ean<\/li>\n<li data-start=\"1658\" data-end=\"1718\">T\u0103ng \u0111\u1ed9 sang tr\u1ecdng cho khoang n\u1ed9i th\u1ea5t nh\u1ecf g\u1ecdn c\u1ee7a i10<\/li>\n<\/ul>\n<p data-start=\"1725\" data-end=\"1773\"><strong data-start=\"1729\" data-end=\"1771\">Gi\u00e1 b\u00e1n th\u1ea3m l\u00f3t s\u00e0n Hyundai Grand i10<\/strong><\/p>\n<ul data-start=\"1774\" data-end=\"1956\">\n<li data-start=\"1774\" data-end=\"1806\">Gi\u00e1 combo tr\u1ecdn b\u1ed9: <strong>2.200.000\u0111<\/strong><br data-start=\"1887\" data-end=\"1890\" \/><em data-start=\"1890\" data-end=\"1956\">H\u1ed7 tr\u1ee3 giao h\u00e0ng to\u00e0n qu\u1ed1c<\/em><\/li>\n<\/ul>\n<p><img decoding=\"async\" class=\"size-full wp-image-2933 aligncenter\" src=\"http:\/\/khaitest.rf.gd\/wp-content\/uploads\/2025\/07\/sdt.2-10.jpg\" alt=\"\" width=\"960\" height=\"960\" srcset=\"https:\/\/topcar.vn\/wp-content\/uploads\/2025\/07\/sdt.2-10.jpg 960w, https:\/\/topcar.vn\/wp-content\/uploads\/2025\/07\/sdt.2-10-300x300.jpg 300w, https:\/\/topcar.vn\/wp-content\/uploads\/2025\/07\/sdt.2-10-150x150.jpg 150w, https:\/\/topcar.vn\/wp-content\/uploads\/2025\/07\/sdt.2-10-768x768.jpg 768w, https:\/\/topcar.vn\/wp-content\/uploads\/2025\/07\/sdt.2-10-600x600.jpg 600w, https:\/\/topcar.vn\/wp-content\/uploads\/2025\/07\/sdt.2-10-100x100.jpg 100w\" sizes=\"(max-width: 960px) 100vw, 960px\" \/><\/p>\n<h2 data-start=\"1963\" data-end=\"2023\"><strong data-start=\"1967\" data-end=\"2021\">Mua th\u1ea3m l\u00f3t s\u00e0n Hyundai i10 ch\u00ednh h\u00e3ng t\u1ea1i Topcar<\/strong><\/h2>\n<p data-start=\"2024\" data-end=\"2144\">Topcar l\u00e0 \u0111\u1ecba ch\u1ec9 uy t\u00edn chuy\u00ean cung c\u1ea5p <strong data-start=\"2065\" data-end=\"2104\">th\u1ea3m l\u00f3t s\u00e0n\u00a0Hyundai i10 2021\u20132024 chu\u1ea9n form<\/strong>, cam k\u1ebft ch\u1ea5t l\u01b0\u1ee3ng v\u00e0 d\u1ecbch v\u1ee5 t\u1eadn t\u00e2m.<\/p>\n<p data-start=\"2146\" data-end=\"2174\"><strong data-start=\"2146\" data-end=\"2172\">L\u00fd do n\u00ean ch\u1ecdn Topcar:<\/strong><\/p>\n<ul>\n<li data-start=\"2177\" data-end=\"2253\">Thi\u1ebft k\u1ebf ri\u00eang cho t\u1eebng d\u00f2ng xe \u2013 kh\u00f4ng chung chung, kh\u00f4ng l\u1ec7ch kh\u1edbp<\/li>\n<li data-start=\"2256\" data-end=\"2317\">Ch\u1ea5t li\u1ec7u nh\u1ef1a cao c\u1ea5p b\u1ec1n \u0111\u1eb9p, kh\u00f4ng bong tr\u00f3c \u2013 b\u1ea3o h\u00e0nh d\u00e0i h\u1ea1n<\/li>\n<li data-start=\"2320\" data-end=\"2368\">Nhi\u1ec1u m\u00e0u s\u1eafc \u2013 ph\u00f9 h\u1ee3p n\u1ed9i th\u1ea5t t\u1eebng xe<\/li>\n<li data-start=\"2371\" data-end=\"2435\">T\u01b0 v\u1ea5n k\u1ef9 c\u00e0ng \u2013 ch\u1ecdn \u0111\u00fang m\u1eabu h\u1ee3p phong c\u00e1ch ng\u01b0\u1eddi d\u00f9ng<\/li>\n<li data-start=\"2438\" data-end=\"2490\">Giao nhanh \u2013 l\u1eafp nhanh \u2013 \u0111\u1ed5i tr\u1ea3 n\u1ebfu kh\u00f4ng v\u1eeba<\/li>\n<\/ul>\n<p data-start=\"2516\" data-end=\"2749\">\u0110\u1eebng ch\u1edd s\u00e0n xe d\u01a1, b\u1ed1c m\u00f9i m\u1edbi t\u00ecm c\u00e1ch x\u1eed l\u00fd. Th\u1ea3m l\u00f3t s\u00e0n Topcar ch\u00ednh l\u00e0 b\u01b0\u1edbc ch\u0103m s\u00f3c nh\u1ecf m\u00e0 hi\u1ec7u qu\u1ea3 l\u1edbn cho n\u1ed9i th\u1ea5t Hyundai i10.\u00a0\u0110\u1eb7t h\u00e0ng ngay h\u00f4m nay \u0111\u1ec3 \u0111\u01b0\u1ee3c gi\u00e1 \u01b0u \u0111\u00e3i + qu\u00e0 t\u1eb7ng \u0111i k\u00e8m, h\u1ed7 tr\u1ee3 t\u01b0 v\u1ea5n mi\u1ec5n ph\u00ed!<\/p>\n<p data-start=\"2516\" data-end=\"2749\"><img decoding=\"async\" class=\"size-full wp-image-2934 aligncenter\" src=\"http:\/\/khaitest.rf.gd\/wp-content\/uploads\/2025\/07\/sdt.3-10.jpg\" alt=\"\" width=\"960\" height=\"960\" srcset=\"https:\/\/topcar.vn\/wp-content\/uploads\/2025\/07\/sdt.3-10.jpg 960w, https:\/\/topcar.vn\/wp-content\/uploads\/2025\/07\/sdt.3-10-300x300.jpg 300w, https:\/\/topcar.vn\/wp-content\/uploads\/2025\/07\/sdt.3-10-150x150.jpg 150w, https:\/\/topcar.vn\/wp-content\/uploads\/2025\/07\/sdt.3-10-768x768.jpg 768w, https:\/\/topcar.vn\/wp-content\/uploads\/2025\/07\/sdt.3-10-600x600.jpg 600w, https:\/\/topcar.vn\/wp-content\/uploads\/2025\/07\/sdt.3-10-100x100.jpg 100w\" sizes=\"(max-width: 960px) 100vw, 960px\" \/><\/p>\n<p><strong data-start=\"2575\" data-end=\"2618\">Li\u00ean h\u1ec7 ngay \u0111\u1ec3 \u0111\u01b0\u1ee3c t\u01b0 v\u1ea5n &amp; \u0111\u1eb7t h\u00e0ng:<\/strong><\/p>\n<ul>\n<li>\ud83d\udcdeHotline \/ Zalo: 0889.385.222<\/li>\n<li>\ud83c\udfe0 \u0110\u1ecba ch\u1ec9: S\u1ed1 9 BT2, Khu \u0111\u00f4 th\u1ecb Foresa Xu\u00e2n Ph\u01b0\u01a1ng, Nam T\u1eeb Li\u00eam, H\u00e0 N\u1ed9i<\/li>\n<li>\ud83c\udf10 Website: <a class=\"\" href=\"https:\/\/Topcar.vn\" target=\"_new\" rel=\"noopener\" data-start=\"3540\" data-end=\"3578\">https:\/\/Topcar.vn<\/a><\/li>\n<\/ul>\n<\/div>\n<\/div>\n<\/div>\n<\/div>\n<\/div>\n<\/div>\n<\/article>\n","protected":false},"excerpt":{"rendered":"<ul>\n<li>Mi\u1ec5n ph\u00ed giao h\u00e0ng to\u00e0n qu\u1ed1c<\/li>\n<li>Nh\u1eadn h\u00e0ng &gt; L\u1eafp \u0111\u1eb7t &gt; Thanh to\u00e1n<\/li>\n<li>B\u1ea3o h\u00e0nh 5 n\u0103m<\/li>\n<\/ul>\n","protected":false},"featured_media":2838,"comment_status":"closed","ping_status":"closed","template":"","meta":{"site-sidebar-layout":"no-sidebar","site-content-layout":"content-boxed-container","ast-site-content-layout":"normal-width-container","site-content-style":"boxed","site-sidebar-style":"unboxed","ast-global-header-display":"","ast-banner-title-visibility":"","ast-main-header-display":"","ast-hfb-above-header-display":"","ast-hfb-below-header-display":"","ast-hfb-mobile-header-display":"","site-post-title":"","ast-breadcrumbs-content":"","ast-featured-img":"","footer-sml-layout":"","ast-disable-related-posts":"","theme-transparent-header-meta":"default","adv-header-id-meta":"","stick-header-meta":"","header-above-stick-meta":"","header-main-stick-meta":"","header-below-stick-meta":"","astra-migrate-meta-layouts":"set","ast-page-background-enabled":"default","ast-page-background-meta":{"desktop":{"background-color":"var(--ast-global-color-4)","background-image":"","background-repeat":"repeat","background-position":"center center","background-size":"auto","background-attachment":"scroll","background-type":"","background-media":"","overlay-type":"","overlay-color":"","overlay-opacity":"","overlay-gradient":""},"tablet":{"background-color":"","background-image":"","background-repeat":"repeat","background-position":"center center","background-size":"auto","background-attachment":"scroll","background-type":"","background-media":"","overlay-type":"","overlay-color":"","overlay-opacity":"","overlay-gradient":""},"mobile":{"background-color":"","background-image":"","background-repeat":"repeat","background-position":"center center","background-size":"auto","background-attachment":"scroll","background-type":"","background-media":"","overlay-type":"","overlay-color":"","overlay-opacity":"","overlay-gradient":""}},"ast-content-background-meta":{"desktop":{"background-color":"var(--ast-global-color-5)","background-image":"","background-repeat":"repeat","background-position":"center center","background-size":"auto","background-attachment":"scroll","background-type":"","background-media":"","overlay-type":"","overlay-color":"","overlay-opacity":"","overlay-gradient":""},"tablet":{"background-color":"var(--ast-global-color-5)","background-image":"","background-repeat":"repeat","background-position":"center center","background-size":"auto","background-attachment":"scroll","background-type":"","background-media":"","overlay-type":"","overlay-color":"","overlay-opacity":"","overlay-gradient":""},"mobile":{"background-color":"var(--ast-global-color-5)","background-image":"","background-repeat":"repeat","background-position":"center center","background-size":"auto","background-attachment":"scroll","background-type":"","background-media":"","overlay-type":"","overlay-color":"","overlay-opacity":"","overlay-gradient":""}}},"product_brand":[],"product_cat":[47,43],"product_tag":[147,248,246,247,73,77],"class_list":{"0":"post-2133","1":"product","2":"type-product","3":"status-publish","4":"has-post-thumbnail","6":"product_cat-tham-lot-san-o-to-hyundai","7":"product_cat-tham-lot-san-o-to","8":"product_tag-carsen-tham-san","9":"product_tag-tham-lot-san-accent-2024","10":"product_tag-tham-lot-san-i10-hatchback","11":"product_tag-tham-lot-san-i10-sedan","12":"product_tag-tham-lot-san-o-to","13":"product_tag-tham-lot-san-o-to-nhua-duc","14":"desktop-align-left","15":"tablet-align-left","16":"mobile-align-left","18":"first","19":"instock","20":"shipping-taxable","21":"purchasable","22":"product-type-variable"},"_links":{"self":[{"href":"https:\/\/topcar.vn\/index.php?rest_route=\/wp\/v2\/product\/2133","targetHints":{"allow":["GET"]}}],"collection":[{"href":"https:\/\/topcar.vn\/index.php?rest_route=\/wp\/v2\/product"}],"about":[{"href":"https:\/\/topcar.vn\/index.php?rest_route=\/wp\/v2\/types\/product"}],"replies":[{"embeddable":true,"href":"https:\/\/topcar.vn\/index.php?rest_route=%2Fwp%2Fv2%2Fcomments&post=2133"}],"version-history":[{"count":5,"href":"https:\/\/topcar.vn\/index.php?rest_route=\/wp\/v2\/product\/2133\/revisions"}],"predecessor-version":[{"id":2834,"href":"https:\/\/topcar.vn\/index.php?rest_route=\/wp\/v2\/product\/2133\/revisions\/2834"}],"wp:featuredmedia":[{"embeddable":true,"href":"https:\/\/topcar.vn\/index.php?rest_route=\/wp\/v2\/media\/2838"}],"wp:attachment":[{"href":"https:\/\/topcar.vn\/index.php?rest_route=%2Fwp%2Fv2%2Fmedia&parent=2133"}],"wp:term":[{"taxonomy":"product_brand","embeddable":true,"href":"https:\/\/topcar.vn\/index.php?rest_route=%2Fwp%2Fv2%2Fproduct_brand&post=2133"},{"taxonomy":"product_cat","embeddable":true,"href":"https:\/\/topcar.vn\/index.php?rest_route=%2Fwp%2Fv2%2Fproduct_cat&post=2133"},{"taxonomy":"product_tag","embeddable":true,"href":"https:\/\/topcar.vn\/index.php?rest_route=%2Fwp%2Fv2%2Fproduct_tag&post=2133"}],"curies":[{"name":"wp","href":"https:\/\/api.w.org\/{rel}","templated":true}]}}