{"id":2128,"date":"2025-07-28T14:53:51","date_gmt":"2025-07-28T07:53:51","guid":{"rendered":"http:\/\/khaitest.rf.gd\/?post_type=product&#038;p=2128"},"modified":"2025-12-08T11:09:50","modified_gmt":"2025-12-08T04:09:50","slug":"tham-lot-san-hyundai-palisade","status":"publish","type":"product","link":"https:\/\/topcar.vn\/?product=tham-lot-san-hyundai-palisade","title":{"rendered":"Th\u1ea3m l\u00f3t s\u00e0n Hyundai Palisade"},"content":{"rendered":"<article class=\"text-token-text-primary w-full\" dir=\"auto\" data-testid=\"conversation-turn-10\" data-scroll-anchor=\"true\">\n<div class=\"text-base my-auto mx-auto pb-10 [--thread-content-margin:--spacing(4)] @[37rem]:[--thread-content-margin:--spacing(6)] @[72rem]:[--thread-content-margin:--spacing(16)] px-(--thread-content-margin)\">\n<div class=\"[--thread-content-max-width:32rem] @[34rem]:[--thread-content-max-width:40rem] @[64rem]:[--thread-content-max-width:48rem] mx-auto max-w-(--thread-content-max-width) flex-1 group\/turn-messages focus-visible:outline-hidden relative flex w-full min-w-0 flex-col agent-turn\" tabindex=\"-1\">\n<div class=\"flex max-w-full flex-col grow\">\n<div class=\"min-h-8 text-message relative flex w-full flex-col items-end gap-2 text-start break-words whitespace-normal [.text-message+&amp;]:mt-5\" dir=\"auto\" data-message-author-role=\"assistant\" data-message-id=\"6ee8a93f-7fdb-4c7e-b8bb-2a874c3d517b\" data-message-model-slug=\"gpt-4o\">\n<div class=\"flex w-full flex-col gap-1 empty:hidden first:pt-[3px]\">\n<div class=\"markdown prose dark:prose-invert w-full break-words light\">\n<p data-start=\"237\" data-end=\"534\"><em><strong>Th\u1ea3m l\u00f3t s\u00e0n Hyundai Palisade m\u1eabu SUV 7 ch\u1ed7 h\u1ea1ng sang, hi\u1ec7n \u0111\u1ea1i v\u00e0 m\u1ea1nh m\u1ebd \u2013 x\u1ee9ng \u0111\u00e1ng \u0111\u01b0\u1ee3c ch\u0103m ch\u00fat \u0111\u1ebfn t\u1eebng chi ti\u1ebft nh\u1ecf nh\u1ea5t. B\u1ed9 th\u1ea3m l\u00f3t s\u00e0n Hyundai Palisade cao c\u1ea5p thi\u1ebft k\u1ebf ri\u00eang cho Hyundai Palisade l\u00e0 ph\u1ee5 ki\u1ec7n c\u1ea7n thi\u1ebft \u0111\u1ec3 gi\u1eef g\u00ecn n\u1ed9i th\u1ea5t s\u1ea1ch s\u1ebd, t\u0103ng t\u00ednh sang tr\u1ecdng v\u00e0 b\u1ea3o v\u1ec7 xe t\u1ed1i \u01b0u kh\u1ecfi t\u00e1c nh\u00e2n g\u00e2y h\u1ea1i.<\/strong><\/em><\/p>\n<h2 data-start=\"541\" data-end=\"570\"><strong data-start=\"545\" data-end=\"568\">Gi\u1edbi thi\u1ec7u s\u1ea3n ph\u1ea9m th\u1ea3m l\u00f3t s\u00e0n Hyundai Palisade<\/strong><\/h2>\n<p data-start=\"571\" data-end=\"911\">V\u1edbi m\u1ed9t m\u1eabu SUV r\u1ed9ng r\u00e3i nh\u01b0 Palisade, vi\u1ec7c gi\u1eef cho s\u00e0n xe lu\u00f4n s\u1ea1ch s\u1ebd v\u00e0 nh\u01b0 m\u1edbi l\u00e0 \u0111i\u1ec1u kh\u00f4ng d\u1ec5. B\u1ed9 th\u1ea3m l\u00f3t s\u00e0n thi\u1ebft k\u1ebf 5D Palisade gi\u00fap ch\u1ed1ng b\u1ea9n, ch\u1ed1ng n\u01b0\u1edbc, \u0111\u1ed3ng th\u1eddi mang l\u1ea1i s\u1ef1 ti\u1ec7n nghi v\u00e0 th\u1ea9m m\u1ef9 cao cho khoang n\u1ed9i th\u1ea5t. \u0110\u00e2y l\u00e0 l\u1ef1a ch\u1ecdn h\u00e0ng \u0111\u1ea7u cho c\u00e1c gia \u0111\u00ecnh ho\u1eb7c kh\u00e1ch h\u00e0ng c\u00e1 nh\u00e2n y\u00eau th\u00edch s\u1ef1 g\u1ecdn g\u00e0ng v\u00e0 tinh t\u1ebf.<\/p>\n<figure id=\"attachment_3261\" aria-describedby=\"caption-attachment-3261\" style=\"width: 960px\" class=\"wp-caption aligncenter\"><img fetchpriority=\"high\" decoding=\"async\" class=\"wp-image-3261 size-full\" src=\"http:\/\/khaitest.rf.gd\/wp-content\/uploads\/2025\/07\/sdt.1-30.jpg\" alt=\"th\u1ea3m l\u00f3t s\u00e0n Hyundai Palisade\" width=\"960\" height=\"960\" srcset=\"https:\/\/topcar.vn\/wp-content\/uploads\/2025\/07\/sdt.1-30.jpg 960w, https:\/\/topcar.vn\/wp-content\/uploads\/2025\/07\/sdt.1-30-300x300.jpg 300w, https:\/\/topcar.vn\/wp-content\/uploads\/2025\/07\/sdt.1-30-150x150.jpg 150w, https:\/\/topcar.vn\/wp-content\/uploads\/2025\/07\/sdt.1-30-768x768.jpg 768w, https:\/\/topcar.vn\/wp-content\/uploads\/2025\/07\/sdt.1-30-600x600.jpg 600w, https:\/\/topcar.vn\/wp-content\/uploads\/2025\/07\/sdt.1-30-100x100.jpg 100w\" sizes=\"(max-width: 960px) 100vw, 960px\" \/><figcaption id=\"caption-attachment-3261\" class=\"wp-caption-text\">th\u1ea3m l\u00f3t s\u00e0n Hyundai Palisade<\/figcaption><\/figure>\n<p data-start=\"918\" data-end=\"955\"><strong data-start=\"922\" data-end=\"953\">Th\u00f4ng tin chi ti\u1ebft s\u1ea3n ph\u1ea9m <\/strong><strong data-start=\"545\" data-end=\"568\">th\u1ea3m l\u00f3t s\u00e0n Hyundai Palisade<\/strong><\/p>\n<ul>\n<li data-start=\"958\" data-end=\"1015\">D\u00f2ng xe \u00e1p d\u1ee5ng: Hyundai Palisade 7 ch\u1ed7 (2020\u20132025)<\/li>\n<li data-start=\"1018\" data-end=\"1081\">Ch\u1ea5t li\u1ec7u: Nh\u1ef1a TPE nguy\u00ean sinh ch\u1ed1ng tr\u01b0\u1ee3t, ch\u1ed1ng n\u01b0\u1edbc<\/li>\n<li data-start=\"1084\" data-end=\"1137\">Thi\u1ebft k\u1ebf: 5D Full s\u00e0n 3 h\u00e0ng gh\u1ebf + khu v\u1ef1c \u0111\u1ec3 ch\u00e2n<\/li>\n<li data-start=\"1140\" data-end=\"1198\">T\u00f9y ch\u1ecdn m\u00e0u s\u1eafc: \u0110en<\/li>\n<li data-start=\"1201\" data-end=\"1255\">L\u1eafp \u0111\u1eb7t: D\u1ec5 d\u00e0ng \u2013 kh\u00f4ng khoan c\u1eaft, kh\u00f4ng bung keo<\/li>\n<\/ul>\n<p><img decoding=\"async\" class=\"size-full wp-image-3264 aligncenter\" src=\"http:\/\/khaitest.rf.gd\/wp-content\/uploads\/2025\/07\/sdt.4-24.jpg\" alt=\"\" width=\"960\" height=\"960\" srcset=\"https:\/\/topcar.vn\/wp-content\/uploads\/2025\/07\/sdt.4-24.jpg 960w, https:\/\/topcar.vn\/wp-content\/uploads\/2025\/07\/sdt.4-24-300x300.jpg 300w, https:\/\/topcar.vn\/wp-content\/uploads\/2025\/07\/sdt.4-24-150x150.jpg 150w, https:\/\/topcar.vn\/wp-content\/uploads\/2025\/07\/sdt.4-24-768x768.jpg 768w, https:\/\/topcar.vn\/wp-content\/uploads\/2025\/07\/sdt.4-24-600x600.jpg 600w, https:\/\/topcar.vn\/wp-content\/uploads\/2025\/07\/sdt.4-24-100x100.jpg 100w\" sizes=\"(max-width: 960px) 100vw, 960px\" \/><\/p>\n<p data-start=\"1262\" data-end=\"1305\"><strong data-start=\"1266\" data-end=\"1303\">\u01afu \u0111i\u1ec3m c\u1ee7a th\u1ea3m l\u00f3t s\u00e0n Palisade<\/strong><\/p>\n<ul>\n<li data-start=\"1308\" data-end=\"1360\">Ch\u1ed1ng n\u01b0\u1edbc \u2013 ng\u0103n b\u00f9n \u0111\u1ea5t, n\u01b0\u1edbc m\u01b0a hi\u1ec7u qu\u1ea3<\/li>\n<li data-start=\"1363\" data-end=\"1429\">Form chu\u1ea9n Palisade \u2013 \u00f4m kh\u00edt, kh\u00f4ng x\u00f4 l\u1ec7ch khi di chuy\u1ec3n<\/li>\n<li data-start=\"1432\" data-end=\"1484\">Kh\u00f4ng m\u00f9i \u2013 an to\u00e0n cho s\u1ee9c kh\u1ecfe c\u1ea3 gia \u0111\u00ecnh<\/li>\n<li data-start=\"1487\" data-end=\"1538\">C\u00e1ch \u00e2m nh\u1eb9 \u2013 h\u1ea1n ch\u1ebf ti\u1ebfng \u1ed3n t\u1eeb m\u1eb7t \u0111\u01b0\u1eddng<\/li>\n<li data-start=\"1541\" data-end=\"1607\">Lau ch\u00f9i c\u1ef1c d\u1ec5 \u2013 ch\u1ec9 c\u1ea7n kh\u0103n \u1ea9m ho\u1eb7c x\u1ecbt nh\u1eb9 b\u1eb1ng v\u00f2i n\u01b0\u1edbc<\/li>\n<\/ul>\n<p data-start=\"1614\" data-end=\"1661\"><strong data-start=\"1618\" data-end=\"1659\">Gi\u00e1 b\u00e1n th\u1ea3m l\u00f3t s\u00e0n Hyundai Palisade<\/strong><\/p>\n<ul data-start=\"1662\" data-end=\"1834\">\n<li data-start=\"1662\" data-end=\"1701\">\n<p data-start=\"1664\" data-end=\"1701\">Gi\u00e1 combo c\u1ea3 b\u1ed9: 2.700.000\u0111<\/p>\n<\/li>\n<\/ul>\n<p><img decoding=\"async\" class=\"size-full wp-image-3262 aligncenter\" src=\"http:\/\/khaitest.rf.gd\/wp-content\/uploads\/2025\/07\/sdt.2-30.jpg\" alt=\"\" width=\"960\" height=\"960\" srcset=\"https:\/\/topcar.vn\/wp-content\/uploads\/2025\/07\/sdt.2-30.jpg 960w, https:\/\/topcar.vn\/wp-content\/uploads\/2025\/07\/sdt.2-30-300x300.jpg 300w, https:\/\/topcar.vn\/wp-content\/uploads\/2025\/07\/sdt.2-30-150x150.jpg 150w, https:\/\/topcar.vn\/wp-content\/uploads\/2025\/07\/sdt.2-30-768x768.jpg 768w, https:\/\/topcar.vn\/wp-content\/uploads\/2025\/07\/sdt.2-30-600x600.jpg 600w, https:\/\/topcar.vn\/wp-content\/uploads\/2025\/07\/sdt.2-30-100x100.jpg 100w\" sizes=\"(max-width: 960px) 100vw, 960px\" \/><\/p>\n<h2 data-start=\"1841\" data-end=\"1906\"><strong data-start=\"1845\" data-end=\"1904\">Mua th\u1ea3m l\u00f3t s\u00e0n ch\u00ednh h\u00e3ng Hyundai Palisade t\u1ea1i Topcar<\/strong><\/h2>\n<p data-start=\"1907\" data-end=\"2106\">Topcar \u2013 \u0111\u01a1n v\u1ecb chuy\u00ean th\u1ea3m l\u00f3t s\u00e0n theo xe chu\u1ea9n form cho d\u00f2ng SUV cao c\u1ea5p nh\u01b0 Hyundai Palisade. M\u1ed7i s\u1ea3n ph\u1ea9m t\u1ea1i Topcar \u0111\u01b0\u1ee3c thi\u1ebft k\u1ebf ri\u00eang bi\u1ec7t cho t\u1eebng \u0111\u1eddi xe, \u0111\u1ea3m b\u1ea3o \u0111\u1ed9 ch\u00ednh x\u00e1c tuy\u1ec7t \u0111\u1ed1i.<\/p>\n<p data-start=\"2108\" data-end=\"2134\"><strong data-start=\"2108\" data-end=\"2132\">T\u1ea1i sao ch\u1ecdn Topcar:<\/strong><\/p>\n<ul>\n<li data-start=\"2137\" data-end=\"2203\">Thi\u1ebft k\u1ebf ri\u00eang cho t\u1eebng c\u1ea5u h\u00ecnh gh\u1ebf 7 ch\u1ed7 \u2013 kh\u00f4ng x\u00f4 l\u1ec7ch<\/li>\n<li data-start=\"2206\" data-end=\"2262\">Ch\u1ea5t li\u1ec7u ch\u1ecdn l\u1ecdc \u2013 kh\u00f4ng bay m\u00e0u, kh\u00f4ng co r\u00fat<\/li>\n<li data-start=\"2265\" data-end=\"2331\">Ch\u00ednh s\u00e1ch b\u1ea3o h\u00e0nh r\u00f5 r\u00e0ng \u2013 \u0111\u1ed5i tr\u1ea3 trong 7 ng\u00e0y n\u1ebfu l\u1ed7i<\/li>\n<li data-start=\"2334\" data-end=\"2390\">Giao h\u00e0ng to\u00e0n qu\u1ed1c \u2013 COD, ki\u1ec3m tra tr\u01b0\u1edbc khi nh\u1eadn<\/li>\n<\/ul>\n<p data-start=\"2416\" data-end=\"2707\">S\u1edf h\u1eefu Palisade l\u00e0 s\u1edf h\u1eefu m\u1ed9t kh\u00f4ng gian \u0111\u1eb3ng c\u1ea5p \u2013 h\u00e3y b\u1ea3o v\u1ec7 v\u00e0 n\u00e2ng t\u1ea7m chi\u1ebfc xe b\u1eb1ng b\u1ed9 th\u1ea3m l\u00f3t s\u00e0n cao c\u1ea5p t\u1eeb Topcar. Gi\u1ea3i ph\u00e1p ti\u1ec7n \u00edch, b\u1ec1n \u0111\u1eb9p v\u00e0 an to\u00e0n cho m\u1ecdi h\u00e0nh tr\u00ecnh. Li\u00ean h\u1ec7 ngay \u0111\u1ec3 \u0111\u01b0\u1ee3c t\u01b0 v\u1ea5n v\u00e0 nh\u1eadn \u01b0u \u0111\u00e3i l\u1eafp \u0111\u1eb7t t\u1ea1i nh\u00e0 d\u00e0nh ri\u00eang cho d\u00f2ng xe Hyundai Palisade!<\/p>\n<p data-start=\"2416\" data-end=\"2707\"><img loading=\"lazy\" decoding=\"async\" class=\"size-full wp-image-3263 aligncenter\" src=\"http:\/\/khaitest.rf.gd\/wp-content\/uploads\/2025\/07\/sdt.3-30.jpg\" alt=\"\" width=\"960\" height=\"960\" srcset=\"https:\/\/topcar.vn\/wp-content\/uploads\/2025\/07\/sdt.3-30.jpg 960w, https:\/\/topcar.vn\/wp-content\/uploads\/2025\/07\/sdt.3-30-300x300.jpg 300w, https:\/\/topcar.vn\/wp-content\/uploads\/2025\/07\/sdt.3-30-150x150.jpg 150w, https:\/\/topcar.vn\/wp-content\/uploads\/2025\/07\/sdt.3-30-768x768.jpg 768w, https:\/\/topcar.vn\/wp-content\/uploads\/2025\/07\/sdt.3-30-600x600.jpg 600w, https:\/\/topcar.vn\/wp-content\/uploads\/2025\/07\/sdt.3-30-100x100.jpg 100w\" sizes=\"(max-width: 960px) 100vw, 960px\" \/><\/p>\n<p><strong data-start=\"2575\" data-end=\"2618\">Li\u00ean h\u1ec7 ngay \u0111\u1ec3 \u0111\u01b0\u1ee3c t\u01b0 v\u1ea5n &amp; \u0111\u1eb7t h\u00e0ng:<\/strong><\/p>\n<ul>\n<li>\ud83d\udcdeHotline \/ Zalo: 0889.385.222<\/li>\n<li>\ud83c\udfe0 \u0110\u1ecba ch\u1ec9: S\u1ed1 9 BT2, Khu \u0111\u00f4 th\u1ecb Foresa Xu\u00e2n Ph\u01b0\u01a1ng, Nam T\u1eeb Li\u00eam, H\u00e0 N\u1ed9i<\/li>\n<li>\ud83c\udf10 Website: <a class=\"\" href=\"https:\/\/Topcar.vn\" target=\"_new\" rel=\"noopener\" data-start=\"3540\" data-end=\"3578\">https:\/\/Topcar.vn<\/a><\/li>\n<\/ul>\n<\/div>\n<\/div>\n<\/div>\n<\/div>\n<\/div>\n<\/div>\n<\/article>\n","protected":false},"excerpt":{"rendered":"<ul>\n<li>Mi\u1ec5n ph\u00ed giao h\u00e0ng to\u00e0n qu\u1ed1c<\/li>\n<li>Nh\u1eadn h\u00e0ng &gt; L\u1eafp \u0111\u1eb7t &gt; Thanh to\u00e1n<\/li>\n<li>B\u1ea3o h\u00e0nh 5 n\u0103m<\/li>\n<\/ul>\n","protected":false},"featured_media":2809,"comment_status":"closed","ping_status":"closed","template":"","meta":{"site-sidebar-layout":"no-sidebar","site-content-layout":"content-boxed-container","ast-site-content-layout":"normal-width-container","site-content-style":"boxed","site-sidebar-style":"unboxed","ast-global-header-display":"","ast-banner-title-visibility":"","ast-main-header-display":"","ast-hfb-above-header-display":"","ast-hfb-below-header-display":"","ast-hfb-mobile-header-display":"","site-post-title":"","ast-breadcrumbs-content":"","ast-featured-img":"","footer-sml-layout":"","ast-disable-related-posts":"","theme-transparent-header-meta":"default","adv-header-id-meta":"","stick-header-meta":"","header-above-stick-meta":"","header-main-stick-meta":"","header-below-stick-meta":"","astra-migrate-meta-layouts":"set","ast-page-background-enabled":"default","ast-page-background-meta":{"desktop":{"background-color":"var(--ast-global-color-4)","background-image":"","background-repeat":"repeat","background-position":"center center","background-size":"auto","background-attachment":"scroll","background-type":"","background-media":"","overlay-type":"","overlay-color":"","overlay-opacity":"","overlay-gradient":""},"tablet":{"background-color":"","background-image":"","background-repeat":"repeat","background-position":"center center","background-size":"auto","background-attachment":"scroll","background-type":"","background-media":"","overlay-type":"","overlay-color":"","overlay-opacity":"","overlay-gradient":""},"mobile":{"background-color":"","background-image":"","background-repeat":"repeat","background-position":"center center","background-size":"auto","background-attachment":"scroll","background-type":"","background-media":"","overlay-type":"","overlay-color":"","overlay-opacity":"","overlay-gradient":""}},"ast-content-background-meta":{"desktop":{"background-color":"var(--ast-global-color-5)","background-image":"","background-repeat":"repeat","background-position":"center center","background-size":"auto","background-attachment":"scroll","background-type":"","background-media":"","overlay-type":"","overlay-color":"","overlay-opacity":"","overlay-gradient":""},"tablet":{"background-color":"var(--ast-global-color-5)","background-image":"","background-repeat":"repeat","background-position":"center center","background-size":"auto","background-attachment":"scroll","background-type":"","background-media":"","overlay-type":"","overlay-color":"","overlay-opacity":"","overlay-gradient":""},"mobile":{"background-color":"var(--ast-global-color-5)","background-image":"","background-repeat":"repeat","background-position":"center center","background-size":"auto","background-attachment":"scroll","background-type":"","background-media":"","overlay-type":"","overlay-color":"","overlay-opacity":"","overlay-gradient":""}}},"product_brand":[],"product_cat":[47,43],"product_tag":[147,235,233,236,227,234],"class_list":{"0":"post-2128","1":"product","2":"type-product","3":"status-publish","4":"has-post-thumbnail","6":"product_cat-tham-lot-san-o-to-hyundai","7":"product_cat-tham-lot-san-o-to","8":"product_tag-carsen-tham-san","9":"product_tag-hyundai-venue-gia-bao-nhieu","10":"product_tag-hyundai-venue-lap-rap-o-dau","11":"product_tag-hyundai-venue-nang-bao-nhieu-kg","12":"product_tag-tham-carlsen","13":"product_tag-xe-venue-bao-nhieu-ma-luc","14":"desktop-align-left","15":"tablet-align-left","16":"mobile-align-left","18":"first","19":"instock","20":"shipping-taxable","21":"purchasable","22":"product-type-variable"},"_links":{"self":[{"href":"https:\/\/topcar.vn\/index.php?rest_route=\/wp\/v2\/product\/2128","targetHints":{"allow":["GET"]}}],"collection":[{"href":"https:\/\/topcar.vn\/index.php?rest_route=\/wp\/v2\/product"}],"about":[{"href":"https:\/\/topcar.vn\/index.php?rest_route=\/wp\/v2\/types\/product"}],"replies":[{"embeddable":true,"href":"https:\/\/topcar.vn\/index.php?rest_route=%2Fwp%2Fv2%2Fcomments&post=2128"}],"version-history":[{"count":5,"href":"https:\/\/topcar.vn\/index.php?rest_route=\/wp\/v2\/product\/2128\/revisions"}],"predecessor-version":[{"id":4317,"href":"https:\/\/topcar.vn\/index.php?rest_route=\/wp\/v2\/product\/2128\/revisions\/4317"}],"wp:featuredmedia":[{"embeddable":true,"href":"https:\/\/topcar.vn\/index.php?rest_route=\/wp\/v2\/media\/2809"}],"wp:attachment":[{"href":"https:\/\/topcar.vn\/index.php?rest_route=%2Fwp%2Fv2%2Fmedia&parent=2128"}],"wp:term":[{"taxonomy":"product_brand","embeddable":true,"href":"https:\/\/topcar.vn\/index.php?rest_route=%2Fwp%2Fv2%2Fproduct_brand&post=2128"},{"taxonomy":"product_cat","embeddable":true,"href":"https:\/\/topcar.vn\/index.php?rest_route=%2Fwp%2Fv2%2Fproduct_cat&post=2128"},{"taxonomy":"product_tag","embeddable":true,"href":"https:\/\/topcar.vn\/index.php?rest_route=%2Fwp%2Fv2%2Fproduct_tag&post=2128"}],"curies":[{"name":"wp","href":"https:\/\/api.w.org\/{rel}","templated":true}]}}