{"id":2126,"date":"2025-07-28T13:59:24","date_gmt":"2025-07-28T06:59:24","guid":{"rendered":"http:\/\/khaitest.rf.gd\/?post_type=product&#038;p=2126"},"modified":"2025-08-29T10:36:26","modified_gmt":"2025-08-29T03:36:26","slug":"tham-lot-san-hyundai-venue","status":"publish","type":"product","link":"https:\/\/topcar.vn\/?product=tham-lot-san-hyundai-venue","title":{"rendered":"Th\u1ea3m l\u00f3t s\u00e0n Hyundai Venue"},"content":{"rendered":"<article class=\"text-token-text-primary w-full\" dir=\"auto\" data-testid=\"conversation-turn-10\" data-scroll-anchor=\"true\">\n<div class=\"text-base my-auto mx-auto pb-10 [--thread-content-margin:--spacing(4)] @[37rem]:[--thread-content-margin:--spacing(6)] @[72rem]:[--thread-content-margin:--spacing(16)] px-(--thread-content-margin)\">\n<div class=\"[--thread-content-max-width:32rem] @[34rem]:[--thread-content-max-width:40rem] @[64rem]:[--thread-content-max-width:48rem] mx-auto max-w-(--thread-content-max-width) flex-1 group\/turn-messages focus-visible:outline-hidden relative flex w-full min-w-0 flex-col agent-turn\" tabindex=\"-1\">\n<div class=\"flex max-w-full flex-col grow\">\n<div class=\"min-h-8 text-message relative flex w-full flex-col items-end gap-2 text-start break-words whitespace-normal [.text-message+&amp;]:mt-5\" dir=\"auto\" data-message-author-role=\"assistant\" data-message-id=\"6ee8a93f-7fdb-4c7e-b8bb-2a874c3d517b\" data-message-model-slug=\"gpt-4o\">\n<div class=\"flex w-full flex-col gap-1 empty:hidden first:pt-[3px]\">\n<div class=\"markdown prose dark:prose-invert w-full break-words light\">\n<p data-start=\"242\" data-end=\"527\"><em><strong>Hyundai Venue v\u1edbi thi\u1ebft k\u1ebf nh\u1ecf g\u1ecdn, tr\u1ebb trung, l\u00e0 m\u1eabu SUV \u0111\u00f4 th\u1ecb r\u1ea5t \u0111\u01b0\u1ee3c \u01b0a chu\u1ed9ng hi\u1ec7n nay. \u0110\u1ec3 gi\u1eef g\u00ecn n\u1ed9i th\u1ea5t xe lu\u00f4n s\u1ea1ch s\u1ebd v\u00e0 b\u1ec1n \u0111\u1eb9p, b\u1ed9 th\u1ea3m l\u00f3t s\u00e0n Hyundai Venue cao c\u1ea5p may \u0111o ri\u00eang cho Hyundai Venue l\u00e0 ph\u1ee5 ki\u1ec7n kh\u00f4ng th\u1ec3 thi\u1ebfu cho b\u1ea5t k\u1ef3 ch\u1ee7 xe n\u00e0o mong mu\u1ed1n s\u1ef1 ch\u1ec9n chu v\u00e0 ti\u1ec7n l\u1ee3i.<\/strong><\/em><\/p>\n<h2 data-start=\"242\" data-end=\"527\"><strong data-start=\"538\" data-end=\"561\">Gi\u1edbi thi\u1ec7u s\u1ea3n ph\u1ea9m<\/strong><\/h2>\n<p data-start=\"242\" data-end=\"527\">S\u00e0n xe l\u00e0 n\u01a1i ti\u1ebfp x\u00fac tr\u1ef1c ti\u1ebfp v\u1edbi b\u1ee5i b\u1ea9n, n\u01b0\u1edbc, c\u00e1t\u2026 trong su\u1ed1t qu\u00e1 tr\u00ecnh s\u1eed d\u1ee5ng. V\u1edbi d\u00f2ng SUV nh\u01b0 Hyundai Venue, vi\u1ec7c s\u1eed d\u1ee5ng b\u1ed9 th\u1ea3m l\u00f3t s\u00e0n chuy\u00ean d\u1ee5ng theo xe gi\u00fap ch\u1ed1ng b\u00e1m b\u1ea9n, gi\u1eef v\u1ec7 sinh cho n\u1ed9i th\u1ea5t, \u0111\u1ed3ng th\u1eddi t\u0103ng t\u00ednh th\u1ea9m m\u1ef9 v\u00e0 an to\u00e0n khi l\u00e1i xe.<\/p>\n<figure id=\"attachment_2937\" aria-describedby=\"caption-attachment-2937\" style=\"width: 1024px\" class=\"wp-caption aligncenter\"><img fetchpriority=\"high\" decoding=\"async\" class=\"wp-image-2937 size-large\" src=\"http:\/\/khaitest.rf.gd\/wp-content\/uploads\/2025\/07\/sdt.2-11-1024x1024.jpg\" alt=\"Th\u1ea3m l\u00f3t s\u00e0n Hyundai Venue\" width=\"1024\" height=\"1024\" srcset=\"https:\/\/topcar.vn\/wp-content\/uploads\/2025\/07\/sdt.2-11-1024x1024.jpg 1024w, https:\/\/topcar.vn\/wp-content\/uploads\/2025\/07\/sdt.2-11-300x300.jpg 300w, https:\/\/topcar.vn\/wp-content\/uploads\/2025\/07\/sdt.2-11-150x150.jpg 150w, https:\/\/topcar.vn\/wp-content\/uploads\/2025\/07\/sdt.2-11-768x768.jpg 768w, https:\/\/topcar.vn\/wp-content\/uploads\/2025\/07\/sdt.2-11-1536x1536.jpg 1536w, https:\/\/topcar.vn\/wp-content\/uploads\/2025\/07\/sdt.2-11-600x600.jpg 600w, https:\/\/topcar.vn\/wp-content\/uploads\/2025\/07\/sdt.2-11-100x100.jpg 100w, https:\/\/topcar.vn\/wp-content\/uploads\/2025\/07\/sdt.2-11.jpg 1920w\" sizes=\"(max-width: 1024px) 100vw, 1024px\" \/><figcaption id=\"caption-attachment-2937\" class=\"wp-caption-text\">Th\u1ea3m l\u00f3t s\u00e0n Hyundai Venue<\/figcaption><\/figure>\n<h3 data-start=\"839\" data-end=\"876\"><strong data-start=\"843\" data-end=\"874\">Th\u00f4ng tin chi ti\u1ebft s\u1ea3n ph\u1ea9m th\u1ea3m l\u00f3t s\u00e0n Hyundai Venue<\/strong><\/h3>\n<ul>\n<li data-start=\"879\" data-end=\"925\">\u00c1p d\u1ee5ng: Hyundai Venue \u0111\u1eddi 2020 \u0111\u1ebfn 2024<\/li>\n<li data-start=\"928\" data-end=\"960\">D\u00f2ng xe: SUV c\u1ee1 nh\u1ecf, 5 ch\u1ed7<\/li>\n<li data-start=\"963\" data-end=\"1035\">Ch\u1ea5t li\u1ec7u: nh\u1ef1a TPE nguy\u00ean sinh cao c\u1ea5p<\/li>\n<li data-start=\"1038\" data-end=\"1100\">Thi\u1ebft k\u1ebf: Ph\u1ee7 k\u00edn to\u00e0n b\u1ed9 s\u00e0n tr\u01b0\u1edbc, s\u00e0n sau v\u00e0 h\u1ed1c ch\u00e2n<\/li>\n<li data-start=\"1103\" data-end=\"1155\">L\u1eafp \u0111\u1eb7t: May theo form Venue, kh\u00f4ng c\u1ea7n th\u00e1o gh\u1ebf<\/li>\n<\/ul>\n<h3 data-start=\"1162\" data-end=\"1187\"><strong data-start=\"1166\" data-end=\"1185\">\u01afu \u0111i\u1ec3m n\u1ed5i b\u1eadt th\u1ea3m l\u00f3t s\u00e0n Hyundai Venue<\/strong><\/h3>\n<ul>\n<li data-start=\"1190\" data-end=\"1245\">Ng\u0103n n\u01b0\u1edbc, ng\u0103n b\u1ee5i \u2013 b\u1ea3o v\u1ec7 s\u00e0n g\u1ed1c nguy\u00ean b\u1ea3n<\/li>\n<li data-start=\"1190\" data-end=\"1245\">Th\u1ea3m l\u00f3t s\u00e0n \u00f4 t\u00f4 nh\u1ef1a TPE nguy\u00ean sinh n\u1ed5i b\u1eadt v\u1edbi \u0111\u1ed9 b\u1ec1n cao, kh\u1ea3 n\u0103ng ch\u1ed1ng tr\u01b0\u1ee3t, kh\u00f4ng th\u1ea5m n\u01b0\u1edbc<\/li>\n<li data-start=\"1190\" data-end=\"1245\">D\u1ec5 d\u00e0ng v\u1ec7 sinh v\u00e0 \u0111\u1eb7c bi\u1ec7t an to\u00e0n cho s\u1ee9c kh\u1ecfe do kh\u00f4ng ch\u1ee9a ch\u1ea5t \u0111\u1ed9c h\u1ea1i.<\/li>\n<li data-start=\"1190\" data-end=\"1245\">\u00d4m kh\u00edt s\u00e0n xe: Th\u1ea3m \u0111\u01b0\u1ee3c thi\u1ebft k\u1ebf theo khu\u00f4n m\u1eabu, \u00f4m s\u00e1t t\u1eebng chi ti\u1ebft c\u1ee7a s\u00e0n xe. Gi\u00fap ng\u0103n ch\u1eb7n b\u1ee5i b\u1ea9n, n\u01b0\u1edbc, b\u1ea3o v\u1ec7 s\u00e0n xe t\u1ed1t h\u01a1n.<\/li>\n<li data-start=\"1190\" data-end=\"1245\">\u0110\u1ed9 b\u1ec1n cao: Nh\u1ef1a TPE c\u00f3 kh\u1ea3 n\u0103ng ch\u1ecbu nhi\u1ec7t, ch\u1ecbu l\u1ef1c v\u00e0 \u0111\u1ed9 \u0111\u00e0n h\u1ed3i t\u1ed1t, gi\u00fap th\u1ea3m kh\u00f4ng b\u1ecb bi\u1ebfn d\u1ea1ng<\/li>\n<li data-start=\"1190\" data-end=\"1245\">Kh\u00f4ng th\u1ea5m n\u01b0\u1edbc, d\u1ec5 v\u1ec7 sinh: B\u1ec1 m\u1eb7t th\u1ea3m tr\u01a1n nh\u1eb5n, kh\u00f4ng b\u00e1m b\u1ee5i, d\u1ec5 d\u00e0ng lau ch\u00f9i v\u00e0 v\u1ec7 sinh, gi\u1eef cho s\u00e0n xe lu\u00f4n s\u1ea1ch s\u1ebd.<\/li>\n<li data-start=\"1190\" data-end=\"1245\">An to\u00e0n cho s\u1ee9c kh\u1ecfe: Nh\u1ef1a TPE nguy\u00ean sinh kh\u00f4ng ch\u1ee9a c\u00e1c h\u00f3a ch\u1ea5t \u0111\u1ed9c h\u1ea1i, an to\u00e0n cho s\u1ee9c kh\u1ecfe ng\u01b0\u1eddi s\u1eed d\u1ee5ng, \u0111\u1eb7c bi\u1ec7t l\u00e0 tr\u1ebb nh\u1ecf.<\/li>\n<li data-start=\"1190\" data-end=\"1245\">Ch\u1ed1ng tr\u01a1n tr\u01b0\u1ee3t: B\u1ec1 m\u1eb7t th\u1ea3m c\u00f3 c\u00e1c v\u00e2n n\u1ed5i gi\u00fap t\u0103ng \u0111\u1ed9 ma s\u00e1t, ch\u1ed1ng tr\u01a1n tr\u01b0\u1ee3t, \u0111\u1ea3m b\u1ea3o an to\u00e0n khi l\u00e1i xe.<\/li>\n<li data-start=\"1190\" data-end=\"1245\">Tu\u1ed5i th\u1ecd cao: V\u1edbi c\u00e1c \u01b0u \u0111i\u1ec3m tr\u00ean, th\u1ea3m l\u00f3t s\u00e0n TPE c\u00f3 tu\u1ed5i th\u1ecd s\u1eed d\u1ee5ng l\u00e2u d\u00e0i, th\u01b0\u1eddng tr\u00ean 10 n\u0103m, ti\u1ebft ki\u1ec7m chi ph\u00ed thay th\u1ebf<\/li>\n<li data-start=\"1190\" data-end=\"1245\">Th\u00e2n thi\u1ec7n v\u1edbi m\u00f4i tr\u01b0\u1eddng: Nh\u1ef1a TPE c\u00f3 th\u1ec3 t\u00e1i ch\u1ebf, g\u00f3p ph\u1ea7n b\u1ea3o v\u1ec7 m\u00f4i tr\u01b0\u1eddng Thi\u1ebft k\u1ebf tr\u00e0n vi\u1ec1n m\u00e9p c\u1eeda gi\u00fap b\u1ea3o v\u1ec7 b\u1eadc xe kh\u00f4ng b\u1ecb x\u01b0\u1edbc<\/li>\n<\/ul>\n<h3 data-start=\"1511\" data-end=\"1555\"><strong data-start=\"1515\" data-end=\"1553\">Gi\u00e1 b\u00e1n th\u1ea3m l\u00f3t s\u00e0n Hyundai Venue<\/strong><\/h3>\n<ul data-start=\"1556\" data-end=\"1695\">\n<li data-start=\"1556\" data-end=\"1588\">\n<p data-start=\"1558\" data-end=\"1588\">Combo gi\u00e1: 2.200.000\u0111<\/p>\n<\/li>\n<\/ul>\n<p><img decoding=\"async\" class=\"size-large wp-image-2938 aligncenter\" src=\"http:\/\/khaitest.rf.gd\/wp-content\/uploads\/2025\/07\/sdt.3-11-1024x1024.jpg\" alt=\"\" width=\"1024\" height=\"1024\" srcset=\"https:\/\/topcar.vn\/wp-content\/uploads\/2025\/07\/sdt.3-11-1024x1024.jpg 1024w, https:\/\/topcar.vn\/wp-content\/uploads\/2025\/07\/sdt.3-11-300x300.jpg 300w, https:\/\/topcar.vn\/wp-content\/uploads\/2025\/07\/sdt.3-11-150x150.jpg 150w, https:\/\/topcar.vn\/wp-content\/uploads\/2025\/07\/sdt.3-11-768x768.jpg 768w, https:\/\/topcar.vn\/wp-content\/uploads\/2025\/07\/sdt.3-11-1536x1536.jpg 1536w, https:\/\/topcar.vn\/wp-content\/uploads\/2025\/07\/sdt.3-11-600x600.jpg 600w, https:\/\/topcar.vn\/wp-content\/uploads\/2025\/07\/sdt.3-11-100x100.jpg 100w, https:\/\/topcar.vn\/wp-content\/uploads\/2025\/07\/sdt.3-11.jpg 1920w\" sizes=\"(max-width: 1024px) 100vw, 1024px\" \/><\/p>\n<h2 data-start=\"1702\" data-end=\"1768\"><strong data-start=\"1706\" data-end=\"1766\">Mua th\u1ea3m l\u00f3t s\u00e0n ch\u00ednh h\u00e3ng cho Hyundai Venue t\u1ea1i Topcar<\/strong><\/h2>\n<p data-start=\"1769\" data-end=\"2016\">Topcar l\u00e0 \u0111\u1ecba ch\u1ec9 chuy\u00ean cung c\u1ea5p th\u1ea3m l\u00f3t s\u00e0n cao c\u1ea5p theo xe chu\u1ea9n form, \u0111\u01b0\u1ee3c h\u00e0ng ng\u00e0n kh\u00e1ch h\u00e0ng tin t\u01b0\u1edfng tr\u00ean to\u00e0n qu\u1ed1c. V\u1edbi Hyundai Venue, th\u1ea3m \u0111\u01b0\u1ee3c \u0111o c\u1eaft th\u1ee7 c\u00f4ng theo \u0111\u00fang m\u1eb7t s\u00e0n xe \u2013 \u0111\u1ea3m b\u1ea3o \u0111\u1ed9 ch\u00ednh x\u00e1c v\u00e0 \u0111\u1ed9 b\u1ec1n v\u01b0\u1ee3t tr\u1ed9i.<\/p>\n<p data-start=\"2018\" data-end=\"2046\"><strong data-start=\"2018\" data-end=\"2044\">L\u00fd do n\u00ean ch\u1ecdn Topcar:<\/strong><\/p>\n<ul>\n<li data-start=\"2049\" data-end=\"2102\">Cam k\u1ebft \u0111\u00fang m\u1eabu xe \u2013 kh\u00f4ng \u0111\u00fang \u0111\u1ed5i m\u1edbi 100%<\/li>\n<li data-start=\"2105\" data-end=\"2165\">Ch\u1ea5t li\u1ec7u da c\u00f4ng nghi\u1ec7p lo\u1ea1i 1 \u2013 b\u1ec1n m\u00e0u, kh\u00f4ng m\u00f9i<\/li>\n<li data-start=\"2168\" data-end=\"2229\">\u0110\u1ed9i ng\u0169 t\u01b0 v\u1ea5n am hi\u1ec3u \u2013 h\u1ed7 tr\u1ee3 ch\u1ecdn m\u1eabu h\u1ee3p n\u1ed9i th\u1ea5t<\/li>\n<li data-start=\"2232\" data-end=\"2293\">Giao h\u00e0ng to\u00e0n qu\u1ed1c \u2013 COD, ki\u1ec3m tra h\u00e0ng tr\u01b0\u1edbc khi nh\u1eadn<\/li>\n<\/ul>\n<p data-start=\"2319\" data-end=\"2602\">S\u1edf h\u1eefu Hyundai Venue hi\u1ec7n \u0111\u1ea1i, \u0111\u1eebng \u0111\u1ec3 s\u00e0n xe xu\u1ed1ng c\u1ea5p v\u00ec b\u1ee5i b\u1ea9n v\u00e0 n\u01b0\u1edbc \u0111\u1ecdng. H\u00e3y \u0111\u1ec3 Topcar gi\u00fap b\u1ea1n ch\u0103m s\u00f3c n\u1ed9i th\u1ea5t xe m\u1ed9t c\u00e1ch ch\u1ec9n chu v\u00e0 th\u00f4ng minh nh\u1ea5t. \u0110\u1eb7t h\u00e0ng ngay h\u00f4m nay \u0111\u1ec3 nh\u1eadn \u01b0u \u0111\u00e3i \u0111\u1ed9c quy\u1ec1n cho kh\u00e1ch h\u00e0ng m\u1edbi t\u1ea1i <strong data-start=\"2589\" data-end=\"2602\">Topcar.vn<\/strong><\/p>\n<p data-start=\"2319\" data-end=\"2602\"><img decoding=\"async\" class=\"size-large wp-image-2939 aligncenter\" src=\"http:\/\/khaitest.rf.gd\/wp-content\/uploads\/2025\/07\/sdt.4-10-1024x1024.jpg\" alt=\"\" width=\"1024\" height=\"1024\" srcset=\"https:\/\/topcar.vn\/wp-content\/uploads\/2025\/07\/sdt.4-10-1024x1024.jpg 1024w, https:\/\/topcar.vn\/wp-content\/uploads\/2025\/07\/sdt.4-10-300x300.jpg 300w, https:\/\/topcar.vn\/wp-content\/uploads\/2025\/07\/sdt.4-10-150x150.jpg 150w, https:\/\/topcar.vn\/wp-content\/uploads\/2025\/07\/sdt.4-10-768x768.jpg 768w, https:\/\/topcar.vn\/wp-content\/uploads\/2025\/07\/sdt.4-10-1536x1536.jpg 1536w, https:\/\/topcar.vn\/wp-content\/uploads\/2025\/07\/sdt.4-10-600x600.jpg 600w, https:\/\/topcar.vn\/wp-content\/uploads\/2025\/07\/sdt.4-10-100x100.jpg 100w, https:\/\/topcar.vn\/wp-content\/uploads\/2025\/07\/sdt.4-10.jpg 1920w\" sizes=\"(max-width: 1024px) 100vw, 1024px\" \/><\/p>\n<p><strong data-start=\"2575\" data-end=\"2618\">Li\u00ean h\u1ec7 ngay \u0111\u1ec3 \u0111\u01b0\u1ee3c t\u01b0 v\u1ea5n &amp; \u0111\u1eb7t h\u00e0ng:<\/strong><\/p>\n<ul>\n<li>\ud83d\udcdeHotline \/ Zalo: 0889.385.222<\/li>\n<li>\ud83c\udfe0 \u0110\u1ecba ch\u1ec9: S\u1ed1 9 BT2, Khu \u0111\u00f4 th\u1ecb Foresa Xu\u00e2n Ph\u01b0\u01a1ng, Nam T\u1eeb Li\u00eam, H\u00e0 N\u1ed9i<\/li>\n<li>\ud83c\udf10 Website: <a class=\"\" href=\"https:\/\/Topcar.vn\" target=\"_new\" rel=\"noopener\" data-start=\"3540\" data-end=\"3578\">https:\/\/Topcar.vn<\/a><\/li>\n<\/ul>\n<\/div>\n<\/div>\n<\/div>\n<\/div>\n<\/div>\n<\/div>\n<\/article>\n","protected":false},"excerpt":{"rendered":"<ul>\n<li>Mi\u1ec5n ph\u00ed giao h\u00e0ng to\u00e0n qu\u1ed1c<\/li>\n<li>Nh\u1eadn h\u00e0ng &gt; L\u1eafp \u0111\u1eb7t &gt; Thanh to\u00e1n<\/li>\n<li>B\u1ea3o h\u00e0nh 5 n\u0103m<\/li>\n<\/ul>\n","protected":false},"featured_media":2813,"comment_status":"closed","ping_status":"closed","template":"","meta":{"site-sidebar-layout":"no-sidebar","site-content-layout":"content-boxed-container","ast-site-content-layout":"normal-width-container","site-content-style":"boxed","site-sidebar-style":"unboxed","ast-global-header-display":"","ast-banner-title-visibility":"","ast-main-header-display":"","ast-hfb-above-header-display":"","ast-hfb-below-header-display":"","ast-hfb-mobile-header-display":"","site-post-title":"","ast-breadcrumbs-content":"","ast-featured-img":"","footer-sml-layout":"","ast-disable-related-posts":"","theme-transparent-header-meta":"default","adv-header-id-meta":"","stick-header-meta":"","header-above-stick-meta":"","header-main-stick-meta":"","header-below-stick-meta":"","astra-migrate-meta-layouts":"set","ast-page-background-enabled":"default","ast-page-background-meta":{"desktop":{"background-color":"var(--ast-global-color-4)","background-image":"","background-repeat":"repeat","background-position":"center center","background-size":"auto","background-attachment":"scroll","background-type":"","background-media":"","overlay-type":"","overlay-color":"","overlay-opacity":"","overlay-gradient":""},"tablet":{"background-color":"","background-image":"","background-repeat":"repeat","background-position":"center center","background-size":"auto","background-attachment":"scroll","background-type":"","background-media":"","overlay-type":"","overlay-color":"","overlay-opacity":"","overlay-gradient":""},"mobile":{"background-color":"","background-image":"","background-repeat":"repeat","background-position":"center center","background-size":"auto","background-attachment":"scroll","background-type":"","background-media":"","overlay-type":"","overlay-color":"","overlay-opacity":"","overlay-gradient":""}},"ast-content-background-meta":{"desktop":{"background-color":"var(--ast-global-color-5)","background-image":"","background-repeat":"repeat","background-position":"center center","background-size":"auto","background-attachment":"scroll","background-type":"","background-media":"","overlay-type":"","overlay-color":"","overlay-opacity":"","overlay-gradient":""},"tablet":{"background-color":"var(--ast-global-color-5)","background-image":"","background-repeat":"repeat","background-position":"center center","background-size":"auto","background-attachment":"scroll","background-type":"","background-media":"","overlay-type":"","overlay-color":"","overlay-opacity":"","overlay-gradient":""},"mobile":{"background-color":"var(--ast-global-color-5)","background-image":"","background-repeat":"repeat","background-position":"center center","background-size":"auto","background-attachment":"scroll","background-type":"","background-media":"","overlay-type":"","overlay-color":"","overlay-opacity":"","overlay-gradient":""}}},"product_brand":[],"product_cat":[47,43],"product_tag":[235,233,236,234],"class_list":{"0":"post-2126","1":"product","2":"type-product","3":"status-publish","4":"has-post-thumbnail","6":"product_cat-tham-lot-san-o-to-hyundai","7":"product_cat-tham-lot-san-o-to","8":"product_tag-hyundai-venue-gia-bao-nhieu","9":"product_tag-hyundai-venue-lap-rap-o-dau","10":"product_tag-hyundai-venue-nang-bao-nhieu-kg","11":"product_tag-xe-venue-bao-nhieu-ma-luc","12":"desktop-align-left","13":"tablet-align-left","14":"mobile-align-left","16":"first","17":"instock","18":"shipping-taxable","19":"purchasable","20":"product-type-variable"},"_links":{"self":[{"href":"https:\/\/topcar.vn\/index.php?rest_route=\/wp\/v2\/product\/2126","targetHints":{"allow":["GET"]}}],"collection":[{"href":"https:\/\/topcar.vn\/index.php?rest_route=\/wp\/v2\/product"}],"about":[{"href":"https:\/\/topcar.vn\/index.php?rest_route=\/wp\/v2\/types\/product"}],"replies":[{"embeddable":true,"href":"https:\/\/topcar.vn\/index.php?rest_route=%2Fwp%2Fv2%2Fcomments&post=2126"}],"version-history":[{"count":5,"href":"https:\/\/topcar.vn\/index.php?rest_route=\/wp\/v2\/product\/2126\/revisions"}],"predecessor-version":[{"id":3272,"href":"https:\/\/topcar.vn\/index.php?rest_route=\/wp\/v2\/product\/2126\/revisions\/3272"}],"wp:featuredmedia":[{"embeddable":true,"href":"https:\/\/topcar.vn\/index.php?rest_route=\/wp\/v2\/media\/2813"}],"wp:attachment":[{"href":"https:\/\/topcar.vn\/index.php?rest_route=%2Fwp%2Fv2%2Fmedia&parent=2126"}],"wp:term":[{"taxonomy":"product_brand","embeddable":true,"href":"https:\/\/topcar.vn\/index.php?rest_route=%2Fwp%2Fv2%2Fproduct_brand&post=2126"},{"taxonomy":"product_cat","embeddable":true,"href":"https:\/\/topcar.vn\/index.php?rest_route=%2Fwp%2Fv2%2Fproduct_cat&post=2126"},{"taxonomy":"product_tag","embeddable":true,"href":"https:\/\/topcar.vn\/index.php?rest_route=%2Fwp%2Fv2%2Fproduct_tag&post=2126"}],"curies":[{"name":"wp","href":"https:\/\/api.w.org\/{rel}","templated":true}]}}