{"id":2118,"date":"2025-07-28T11:35:13","date_gmt":"2025-07-28T04:35:13","guid":{"rendered":"http:\/\/khaitest.rf.gd\/?post_type=product&#038;p=2118"},"modified":"2025-10-14T11:35:45","modified_gmt":"2025-10-14T04:35:45","slug":"tham-lot-san-kia-k3-2019-2025","status":"publish","type":"product","link":"https:\/\/topcar.vn\/?product=tham-lot-san-kia-k3-2019-2025","title":{"rendered":"Th\u1ea3m l\u00f3t s\u00e0n KIA K3 2019\u20132025"},"content":{"rendered":"<article class=\"text-token-text-primary w-full\" dir=\"auto\" data-testid=\"conversation-turn-10\" data-scroll-anchor=\"true\">\n<div class=\"text-base my-auto mx-auto pb-10 [--thread-content-margin:--spacing(4)] @[37rem]:[--thread-content-margin:--spacing(6)] @[72rem]:[--thread-content-margin:--spacing(16)] px-(--thread-content-margin)\">\n<div class=\"[--thread-content-max-width:32rem] @[34rem]:[--thread-content-max-width:40rem] @[64rem]:[--thread-content-max-width:48rem] mx-auto max-w-(--thread-content-max-width) flex-1 group\/turn-messages focus-visible:outline-hidden relative flex w-full min-w-0 flex-col agent-turn\" tabindex=\"-1\">\n<div class=\"flex max-w-full flex-col grow\">\n<div class=\"min-h-8 text-message relative flex w-full flex-col items-end gap-2 text-start break-words whitespace-normal [.text-message+&amp;]:mt-5\" dir=\"auto\" data-message-author-role=\"assistant\" data-message-id=\"6ee8a93f-7fdb-4c7e-b8bb-2a874c3d517b\" data-message-model-slug=\"gpt-4o\">\n<div class=\"flex w-full flex-col gap-1 empty:hidden first:pt-[3px]\">\n<div class=\"markdown prose dark:prose-invert w-full break-words light\">\n<p data-start=\"251\" data-end=\"577\"><em><strong>B\u1ea1n \u0111ang s\u1eed d\u1ee5ng chi\u1ebfc sedan KIA K3 th\u1ebf h\u1ec7 m\u1edbi t\u1eeb 2019 \u0111\u1ebfn nay? \u0110\u1eebng \u0111\u1ec3 b\u1ee5i b\u1ea9n, b\u00f9n \u0111\u1ea5t hay n\u01b0\u1edbc m\u01b0a l\u00e0m x\u1ea5u \u0111i khoang n\u1ed9i th\u1ea5t hi\u1ec7n \u0111\u1ea1i c\u1ee7a b\u1ea1n. Th\u1ea3m l\u00f3t s\u00e0n KIA K3 2019\u20132025 l\u00e0 ph\u1ee5 ki\u1ec7n kh\u00f4ng th\u1ec3 thi\u1ebfu \u0111\u1ec3 gi\u1eef s\u00e0n xe s\u1ea1ch \u0111\u1eb9p, ch\u1ed1ng tr\u01a1n tr\u01b0\u1ee3t v\u00e0 t\u1ea1o \u0111i\u1ec3m nh\u1ea5n sang tr\u1ecdng cho kh\u00f4ng gian b\u00ean trong.<\/strong><\/em><\/p>\n<h2 data-start=\"584\" data-end=\"613\"><strong data-start=\"588\" data-end=\"611\">Gi\u1edbi thi\u1ec7u s\u1ea3n ph\u1ea9m th\u1ea3m l\u00f3t s\u00e0n KIA K3 2019\u20132025<\/strong><\/h2>\n<p data-start=\"614\" data-end=\"1006\">KIA K3 th\u1ebf h\u1ec7 m\u1edbi s\u1edf h\u1eefu n\u1ed9i th\u1ea5t c\u1ea3i ti\u1ebfn v\u1edbi thi\u1ebft k\u1ebf tr\u1ebb trung, ti\u1ec7n nghi. Tuy nhi\u00ean, vi\u1ec7c th\u01b0\u1eddng xuy\u00ean di chuy\u1ec3n, \u0111\u1eb7c bi\u1ec7t l\u00e0 trong \u0111i\u1ec1u ki\u1ec7n th\u1eddi ti\u1ebft m\u01b0a n\u1ed3m ho\u1eb7c khu v\u1ef1c b\u1ee5i b\u1ea9n, khi\u1ebfn s\u00e0n xe nhanh ch\u00f3ng xu\u1ed1ng c\u1ea5p. V\u1edbi b\u1ed9 th\u1ea3m l\u00f3t s\u00e0n chuy\u00ean bi\u1ec7t cho K3 2019\u20132025, b\u1ea1n ho\u00e0n to\u00e0n c\u00f3 th\u1ec3 y\u00ean t\u00e2m gi\u1eef cho s\u00e0n lu\u00f4n kh\u00f4 r\u00e1o, s\u1ea1ch s\u1ebd, \u0111\u1ed3ng th\u1eddi gi\u00fap n\u1ed9i th\u1ea5t xe th\u00eam tinh t\u1ebf v\u00e0 \u0111\u1eb3ng c\u1ea5p.<\/p>\n<figure id=\"attachment_3928\" aria-describedby=\"caption-attachment-3928\" style=\"width: 1024px\" class=\"wp-caption aligncenter\"><img fetchpriority=\"high\" decoding=\"async\" class=\"size-large wp-image-3928\" src=\"http:\/\/khaitest.rf.gd\/wp-content\/uploads\/2025\/07\/tham-lot-san-KIA-1024x1024.png\" alt=\"T\u0103ng t\u00ednh th\u1ea9m m\u1ef9, gi\u1eef khoang xe lu\u00f4n g\u1ecdn g\u00e0ng v\u00e0 sang tr\u1ecdng.\" width=\"1024\" height=\"1024\" srcset=\"https:\/\/topcar.vn\/wp-content\/uploads\/2025\/07\/tham-lot-san-KIA-1024x1024.png 1024w, https:\/\/topcar.vn\/wp-content\/uploads\/2025\/07\/tham-lot-san-KIA-300x300.png 300w, https:\/\/topcar.vn\/wp-content\/uploads\/2025\/07\/tham-lot-san-KIA-150x150.png 150w, https:\/\/topcar.vn\/wp-content\/uploads\/2025\/07\/tham-lot-san-KIA-768x767.png 768w, https:\/\/topcar.vn\/wp-content\/uploads\/2025\/07\/tham-lot-san-KIA-600x599.png 600w, https:\/\/topcar.vn\/wp-content\/uploads\/2025\/07\/tham-lot-san-KIA-100x100.png 100w, https:\/\/topcar.vn\/wp-content\/uploads\/2025\/07\/tham-lot-san-KIA.png 1081w\" sizes=\"(max-width: 1024px) 100vw, 1024px\" \/><figcaption id=\"caption-attachment-3928\" class=\"wp-caption-text\">Ch\u1ea5t li\u1ec7u b\u1ec1n b\u1ec9, ch\u1ecbu l\u1ef1c v\u00e0 ch\u1ed1ng bi\u1ebfn d\u1ea1ng.<\/figcaption><\/figure>\n<p data-start=\"1013\" data-end=\"1041\"><strong data-start=\"1017\" data-end=\"1039\">Th\u00f4ng tin chi ti\u1ebft <\/strong><strong data-start=\"588\" data-end=\"611\">th\u1ea3m l\u00f3t s\u00e0n KIA K3 2019\u20132025<\/strong><\/p>\n<ul>\n<li data-start=\"1044\" data-end=\"1100\">D\u00f2ng xe: KIA K3 (Cerato facelift) t\u1eeb 2019 \u0111\u1ebfn 2025<\/li>\n<li data-start=\"1103\" data-end=\"1142\">Lo\u1ea1i xe: Sedan 5 ch\u1ed7 \u2013 2 h\u00e0ng gh\u1ebf<\/li>\n<li data-start=\"1145\" data-end=\"1218\">Ch\u1ea5t li\u1ec7u th\u1ea3m: Nh\u1ef1a TPE cao c\u1ea5p<\/li>\n<li data-start=\"1221\" data-end=\"1267\">C\u1ea5u t\u1ea1o:\u00a0 \u00f4m kh\u00edt t\u1eebng v\u1ecb tr\u00ed s\u00e0n<\/li>\n<li data-start=\"1270\" data-end=\"1324\">M\u00e0u s\u1eafc ph\u1ed5 bi\u1ebfn: \u0110en<\/li>\n<\/ul>\n<p data-start=\"1331\" data-end=\"1356\"><strong data-start=\"1335\" data-end=\"1354\">\u01afu \u0111i\u1ec3m n\u1ed5i b\u1eadt th\u1ea3m l\u00f3t s\u00e0n KIA K3 2019\u20132025<\/strong><\/p>\n<ul>\n<li data-start=\"1359\" data-end=\"1442\">C\u1eaft may theo form ri\u00eang \u0111\u1eddi KIA K3 2019\u20132025, kh\u00f4ng h\u1edf m\u00e9p, kh\u00f4ng cong v\u00eanh<\/li>\n<li data-start=\"1445\" data-end=\"1516\">Ch\u1ed1ng n\u01b0\u1edbc \u2013 ch\u1ed1ng tr\u01a1n tr\u01b0\u1ee3t, \u0111\u1ea3m b\u1ea3o an to\u00e0n khi l\u00ean xu\u1ed1ng xe<\/li>\n<li data-start=\"1519\" data-end=\"1573\">D\u1ec5 d\u00e0ng v\u1ec7 sinh, ch\u1ec9 c\u1ea7n lau nh\u1eb9 b\u1eb1ng kh\u0103n \u01b0\u1edbt<\/li>\n<li data-start=\"1576\" data-end=\"1636\">Kh\u00f4ng g\u00e2y m\u00f9i nh\u1ef1a, an to\u00e0n cho ng\u01b0\u1eddi gi\u00e0 v\u00e0 tr\u1ebb nh\u1ecf<\/li>\n<li data-start=\"1639\" data-end=\"1690\">C\u00e1ch \u00e2m nh\u1eb9, ch\u1ed1ng \u1ed3n t\u1eeb m\u1eb7t \u0111\u01b0\u1eddng hi\u1ec7u qu\u1ea3<\/li>\n<li data-start=\"1693\" data-end=\"1752\">Gi\u1eef khoang n\u1ed9i th\u1ea5t lu\u00f4n s\u1ea1ch s\u1ebd, n\u00e2ng cao gi\u00e1 tr\u1ecb xe<\/li>\n<\/ul>\n<p data-start=\"1759\" data-end=\"1806\"><strong data-start=\"1763\" data-end=\"1804\">Gi\u00e1 b\u00e1n th\u1ea3m l\u00f3t s\u00e0n KIA K3 2019\u20132025<\/strong><\/p>\n<ul data-start=\"1807\" data-end=\"2018\">\n<li data-start=\"1807\" data-end=\"1845\">\n<p data-start=\"1809\" data-end=\"1845\">Tr\u1ecdn b\u1ed9 combo: 2.200.000\u0111<\/p>\n<\/li>\n<\/ul>\n<figure id=\"attachment_3926\" aria-describedby=\"caption-attachment-3926\" style=\"width: 1024px\" class=\"wp-caption aligncenter\"><img decoding=\"async\" class=\"size-large wp-image-3926\" src=\"http:\/\/khaitest.rf.gd\/wp-content\/uploads\/2025\/07\/tham-lot-san-KIA-K3-2019\u20132025-2-1024x1024.png\" alt=\"Form chu\u1ea9n 100% cho KIA K3 2019\u20132025\" width=\"1024\" height=\"1024\" srcset=\"https:\/\/topcar.vn\/wp-content\/uploads\/2025\/07\/tham-lot-san-KIA-K3-2019\u20132025-2-1024x1024.png 1024w, https:\/\/topcar.vn\/wp-content\/uploads\/2025\/07\/tham-lot-san-KIA-K3-2019\u20132025-2-300x300.png 300w, https:\/\/topcar.vn\/wp-content\/uploads\/2025\/07\/tham-lot-san-KIA-K3-2019\u20132025-2-150x150.png 150w, https:\/\/topcar.vn\/wp-content\/uploads\/2025\/07\/tham-lot-san-KIA-K3-2019\u20132025-2-768x767.png 768w, https:\/\/topcar.vn\/wp-content\/uploads\/2025\/07\/tham-lot-san-KIA-K3-2019\u20132025-2-600x599.png 600w, https:\/\/topcar.vn\/wp-content\/uploads\/2025\/07\/tham-lot-san-KIA-K3-2019\u20132025-2-100x100.png 100w, https:\/\/topcar.vn\/wp-content\/uploads\/2025\/07\/tham-lot-san-KIA-K3-2019\u20132025-2.png 1081w\" sizes=\"(max-width: 1024px) 100vw, 1024px\" \/><figcaption id=\"caption-attachment-3926\" class=\"wp-caption-text\">S\u1ea3n ph\u1ea9m \u0111\u01b0\u1ee3c s\u1ea3n xu\u1ea5t t\u1eeb ch\u1ea5t li\u1ec7u cao c\u1ea5p (TPE nguy\u00ean sinh, nh\u1ef1a \u0111\u00fac ho\u1eb7c da 6D tu\u1ef3 phi\u00ean b\u1ea3n), mang \u0111\u1ebfn s\u1ef1 an to\u00e0n cho s\u1ee9c kh\u1ecfe, kh\u00f4ng b\u00e1m m\u00f9i kh\u00f3 ch\u1ecbu v\u00e0 th\u00e2n thi\u1ec7n v\u1edbi m\u00f4i tr\u01b0\u1eddng.<\/figcaption><\/figure>\n<h3 data-start=\"2025\" data-end=\"2108\"><strong data-start=\"2029\" data-end=\"2106\">Mua th\u1ea3m l\u00f3t s\u00e0n KIA K3 2019\u20132025 ch\u00ednh h\u00e3ng t\u1ea1i Topcar\u00a0<\/strong><\/h3>\n<p data-start=\"2109\" data-end=\"2334\">T\u1ea1i Topcar, ch\u00fang t\u00f4i kh\u00f4ng ch\u1ec9 b\u00e1n th\u1ea3m s\u00e0n, m\u00e0 mang \u0111\u1ebfn gi\u1ea3i ph\u00e1p ho\u00e0n thi\u1ec7n khoang n\u1ed9i th\u1ea5t cho xe b\u1ea1n. V\u1edbi m\u1ed7i d\u00f2ng xe, th\u1ea3m \u0111\u01b0\u1ee3c \u0111o c\u1eaft theo t\u1eebng \u0111\u1eddi c\u1ee5 th\u1ec3, \u0111\u1ea3m b\u1ea3o \u00f4m kh\u00edt \u2013 l\u1eafp v\u1eeba \u2013 kh\u00f4ng c\u1ea7n ch\u1ec9nh s\u1eeda.<\/p>\n<p data-start=\"2336\" data-end=\"2360\">L\u00fd do n\u00ean ch\u1ecdn Topcar:<\/p>\n<ul>\n<li data-start=\"2363\" data-end=\"2430\">Th\u1ea3m da cao c\u1ea5p \u2013 ch\u1ed1ng b\u00e1m b\u1ee5i, ch\u1ed1ng th\u1ea5m n\u01b0\u1edbc tuy\u1ec7t \u0111\u1ed1i<\/li>\n<li data-start=\"2433\" data-end=\"2491\">Thi\u1ebft k\u1ebf may \u0111o 100% theo \u0111\u1eddi xe KIA K3 2019\u20132025<\/li>\n<li data-start=\"2494\" data-end=\"2555\">T\u01b0 v\u1ea5n nhanh \u2013 h\u1ed7 tr\u1ee3 ch\u1ecdn m\u00e0u ph\u1ed1i theo n\u1ed9i th\u1ea5t xe<\/li>\n<li data-start=\"2558\" data-end=\"2619\">B\u1ea3o h\u00e0nh 12 th\u00e1ng \u2013 \u0111\u1ed5i tr\u1ea3 d\u1ec5 d\u00e0ng trong 7 ng\u00e0y \u0111\u1ea7u<\/li>\n<\/ul>\n<p data-start=\"2645\" data-end=\"2962\">N\u1ebfu b\u1ea1n \u0111ang s\u1edf h\u1eefu chi\u1ebfc KIA K3 \u0111\u1eddi m\u1edbi, th\u00ec vi\u1ec7c l\u1eafp th\u1ea3m l\u00f3t s\u00e0n ch\u00ednh h\u00e3ng l\u00e0 b\u01b0\u1edbc ch\u0103m s\u00f3c n\u1ed9i th\u1ea5t kh\u00f4ng th\u1ec3 thi\u1ebfu. Th\u1ea3m kh\u00f4ng ch\u1ec9 b\u1ea3o v\u1ec7 xe kh\u1ecfi b\u1ee5i b\u1ea9n, \u1ea9m m\u1ed1c, m\u00e0 c\u00f2n gi\u00fap khoang cabin th\u00eam ph\u1ea7n sang tr\u1ecdng, s\u1ea1ch \u0111\u1eb9p v\u00e0 chuy\u00ean nghi\u1ec7p.<\/p>\n<figure id=\"attachment_3927\" aria-describedby=\"caption-attachment-3927\" style=\"width: 1024px\" class=\"wp-caption aligncenter\"><img decoding=\"async\" class=\"size-large wp-image-3927\" src=\"http:\/\/khaitest.rf.gd\/wp-content\/uploads\/2025\/07\/tham-lot-san-KIA-K3-1024x1024.png\" alt=\"V\u1edbi thi\u1ebft k\u1ebf tr\u00e0n vi\u1ec1n th\u00f4ng minh\" width=\"1024\" height=\"1024\" srcset=\"https:\/\/topcar.vn\/wp-content\/uploads\/2025\/07\/tham-lot-san-KIA-K3-1024x1024.png 1024w, https:\/\/topcar.vn\/wp-content\/uploads\/2025\/07\/tham-lot-san-KIA-K3-300x300.png 300w, https:\/\/topcar.vn\/wp-content\/uploads\/2025\/07\/tham-lot-san-KIA-K3-150x150.png 150w, https:\/\/topcar.vn\/wp-content\/uploads\/2025\/07\/tham-lot-san-KIA-K3-768x767.png 768w, https:\/\/topcar.vn\/wp-content\/uploads\/2025\/07\/tham-lot-san-KIA-K3-600x599.png 600w, https:\/\/topcar.vn\/wp-content\/uploads\/2025\/07\/tham-lot-san-KIA-K3-100x100.png 100w, https:\/\/topcar.vn\/wp-content\/uploads\/2025\/07\/tham-lot-san-KIA-K3.png 1081w\" sizes=\"(max-width: 1024px) 100vw, 1024px\" \/><figcaption id=\"caption-attachment-3927\" class=\"wp-caption-text\">V\u1edbi thi\u1ebft k\u1ebf tr\u00e0n vi\u1ec1n th\u00f4ng minh, th\u1ea3m c\u00f3 kh\u1ea3 n\u0103ng ng\u0103n ch\u1eb7n n\u01b0\u1edbc, b\u1ee5i b\u1ea9n, b\u00f9n \u0111\u1ea5t v\u00e0 r\u00e1c v\u1ee5n r\u01a1i xu\u1ed1ng s\u00e0n, gi\u00fap khoang xe lu\u00f4n kh\u00f4 tho\u00e1ng v\u00e0 s\u1ea1ch s\u1ebd.<\/figcaption><\/figure>\n<p><strong data-start=\"2575\" data-end=\"2618\">Li\u00ean h\u1ec7 ngay \u0111\u1ec3 \u0111\u01b0\u1ee3c t\u01b0 v\u1ea5n &amp; \u0111\u1eb7t h\u00e0ng:<\/strong><\/p>\n<ul>\n<li>\ud83d\udcdeHotline \/ Zalo: 0889.385.222<\/li>\n<li>\ud83c\udfe0 \u0110\u1ecba ch\u1ec9: S\u1ed1 9 BT2, Khu \u0111\u00f4 th\u1ecb Foresa Xu\u00e2n Ph\u01b0\u01a1ng, Nam T\u1eeb Li\u00eam, H\u00e0 N\u1ed9i<\/li>\n<li>\ud83c\udf10 Website: <a class=\"\" href=\"https:\/\/Topcar.vn\" target=\"_new\" rel=\"noopener\" data-start=\"3540\" data-end=\"3578\">https:\/\/Topcar.vn<\/a><\/li>\n<\/ul>\n<\/div>\n<\/div>\n<\/div>\n<\/div>\n<\/div>\n<\/div>\n<\/article>\n","protected":false},"excerpt":{"rendered":"<ul>\n<li>Mi\u1ec5n ph\u00ed giao h\u00e0ng to\u00e0n qu\u1ed1c<\/li>\n<li>Nh\u1eadn h\u00e0ng &gt; L\u1eafp \u0111\u1eb7t &gt; Thanh to\u00e1n<\/li>\n<li>B\u1ea3o h\u00e0nh 5 n\u0103m<\/li>\n<\/ul>\n","protected":false},"featured_media":3925,"comment_status":"closed","ping_status":"closed","template":"","meta":{"site-sidebar-layout":"no-sidebar","site-content-layout":"content-boxed-container","ast-site-content-layout":"normal-width-container","site-content-style":"boxed","site-sidebar-style":"unboxed","ast-global-header-display":"","ast-banner-title-visibility":"","ast-main-header-display":"","ast-hfb-above-header-display":"","ast-hfb-below-header-display":"","ast-hfb-mobile-header-display":"","site-post-title":"","ast-breadcrumbs-content":"","ast-featured-img":"","footer-sml-layout":"","ast-disable-related-posts":"","theme-transparent-header-meta":"default","adv-header-id-meta":"","stick-header-meta":"","header-above-stick-meta":"","header-main-stick-meta":"","header-below-stick-meta":"","astra-migrate-meta-layouts":"set","ast-page-background-enabled":"default","ast-page-background-meta":{"desktop":{"background-color":"var(--ast-global-color-4)","background-image":"","background-repeat":"repeat","background-position":"center center","background-size":"auto","background-attachment":"scroll","background-type":"","background-media":"","overlay-type":"","overlay-color":"","overlay-opacity":"","overlay-gradient":""},"tablet":{"background-color":"","background-image":"","background-repeat":"repeat","background-position":"center center","background-size":"auto","background-attachment":"scroll","background-type":"","background-media":"","overlay-type":"","overlay-color":"","overlay-opacity":"","overlay-gradient":""},"mobile":{"background-color":"","background-image":"","background-repeat":"repeat","background-position":"center center","background-size":"auto","background-attachment":"scroll","background-type":"","background-media":"","overlay-type":"","overlay-color":"","overlay-opacity":"","overlay-gradient":""}},"ast-content-background-meta":{"desktop":{"background-color":"var(--ast-global-color-5)","background-image":"","background-repeat":"repeat","background-position":"center center","background-size":"auto","background-attachment":"scroll","background-type":"","background-media":"","overlay-type":"","overlay-color":"","overlay-opacity":"","overlay-gradient":""},"tablet":{"background-color":"var(--ast-global-color-5)","background-image":"","background-repeat":"repeat","background-position":"center center","background-size":"auto","background-attachment":"scroll","background-type":"","background-media":"","overlay-type":"","overlay-color":"","overlay-opacity":"","overlay-gradient":""},"mobile":{"background-color":"var(--ast-global-color-5)","background-image":"","background-repeat":"repeat","background-position":"center center","background-size":"auto","background-attachment":"scroll","background-type":"","background-media":"","overlay-type":"","overlay-color":"","overlay-opacity":"","overlay-gradient":""}}},"product_brand":[],"product_cat":[52,43],"product_tag":[230,231,232,229,73,110,152,77,151,75],"class_list":{"0":"post-2118","1":"product","2":"type-product","3":"status-publish","4":"has-post-thumbnail","6":"product_cat-tham-lot-san-o-to-kia","7":"product_cat-tham-lot-san-o-to","8":"product_tag-lot-san-kia-carnival","9":"product_tag-tham-lot-san-kia-carnival-2023","10":"product_tag-tham-lot-san-kia-carnival-2024","11":"product_tag-tham-lot-san-kia-carnival-2025","12":"product_tag-tham-lot-san-o-to","13":"product_tag-tham-lot-san-o-to-cao-cap","14":"product_tag-tham-lot-san-o-to-cao-su","15":"product_tag-tham-lot-san-o-to-nhua-duc","16":"product_tag-tham-lot-san-o-to-pvc","17":"product_tag-tham-lot-san-o-to-tot-nhat-hien-nay","18":"desktop-align-left","19":"tablet-align-left","20":"mobile-align-left","22":"first","23":"instock","24":"shipping-taxable","25":"purchasable","26":"product-type-variable"},"_links":{"self":[{"href":"https:\/\/topcar.vn\/index.php?rest_route=\/wp\/v2\/product\/2118","targetHints":{"allow":["GET"]}}],"collection":[{"href":"https:\/\/topcar.vn\/index.php?rest_route=\/wp\/v2\/product"}],"about":[{"href":"https:\/\/topcar.vn\/index.php?rest_route=\/wp\/v2\/types\/product"}],"replies":[{"embeddable":true,"href":"https:\/\/topcar.vn\/index.php?rest_route=%2Fwp%2Fv2%2Fcomments&post=2118"}],"version-history":[{"count":3,"href":"https:\/\/topcar.vn\/index.php?rest_route=\/wp\/v2\/product\/2118\/revisions"}],"predecessor-version":[{"id":3924,"href":"https:\/\/topcar.vn\/index.php?rest_route=\/wp\/v2\/product\/2118\/revisions\/3924"}],"wp:featuredmedia":[{"embeddable":true,"href":"https:\/\/topcar.vn\/index.php?rest_route=\/wp\/v2\/media\/3925"}],"wp:attachment":[{"href":"https:\/\/topcar.vn\/index.php?rest_route=%2Fwp%2Fv2%2Fmedia&parent=2118"}],"wp:term":[{"taxonomy":"product_brand","embeddable":true,"href":"https:\/\/topcar.vn\/index.php?rest_route=%2Fwp%2Fv2%2Fproduct_brand&post=2118"},{"taxonomy":"product_cat","embeddable":true,"href":"https:\/\/topcar.vn\/index.php?rest_route=%2Fwp%2Fv2%2Fproduct_cat&post=2118"},{"taxonomy":"product_tag","embeddable":true,"href":"https:\/\/topcar.vn\/index.php?rest_route=%2Fwp%2Fv2%2Fproduct_tag&post=2118"}],"curies":[{"name":"wp","href":"https:\/\/api.w.org\/{rel}","templated":true}]}}