{"id":2116,"date":"2025-07-28T11:27:27","date_gmt":"2025-07-28T04:27:27","guid":{"rendered":"http:\/\/khaitest.rf.gd\/?post_type=product&#038;p=2116"},"modified":"2025-10-14T11:37:22","modified_gmt":"2025-10-14T04:37:22","slug":"tham-lot-san-kia-k3-2014-2018","status":"publish","type":"product","link":"https:\/\/topcar.vn\/?product=tham-lot-san-kia-k3-2014-2018","title":{"rendered":"Th\u1ea3m l\u00f3t s\u00e0n KIA K3 2014\u20132018"},"content":{"rendered":"<article class=\"text-token-text-primary w-full\" dir=\"auto\" data-testid=\"conversation-turn-10\" data-scroll-anchor=\"true\">\n<div class=\"text-base my-auto mx-auto pb-10 [--thread-content-margin:--spacing(4)] @[37rem]:[--thread-content-margin:--spacing(6)] @[72rem]:[--thread-content-margin:--spacing(16)] px-(--thread-content-margin)\">\n<div class=\"[--thread-content-max-width:32rem] @[34rem]:[--thread-content-max-width:40rem] @[64rem]:[--thread-content-max-width:48rem] mx-auto max-w-(--thread-content-max-width) flex-1 group\/turn-messages focus-visible:outline-hidden relative flex w-full min-w-0 flex-col agent-turn\" tabindex=\"-1\">\n<div class=\"flex max-w-full flex-col grow\">\n<div class=\"min-h-8 text-message relative flex w-full flex-col items-end gap-2 text-start break-words whitespace-normal [.text-message+&amp;]:mt-5\" dir=\"auto\" data-message-author-role=\"assistant\" data-message-id=\"6ee8a93f-7fdb-4c7e-b8bb-2a874c3d517b\" data-message-model-slug=\"gpt-4o\">\n<div class=\"flex w-full flex-col gap-1 empty:hidden first:pt-[3px]\">\n<div class=\"markdown prose dark:prose-invert w-full break-words light\">\n<p data-start=\"280\" data-end=\"537\"><em><strong>\u0110\u1ed1i v\u1edbi nh\u1eefng ch\u1ee7 xe KIA K3 2014\u20132018, vi\u1ec7c b\u1ea3o v\u1ec7 v\u00e0 gi\u1eef g\u00ecn khoang n\u1ed9i th\u1ea5t lu\u00f4n s\u1ea1ch \u0111\u1eb9p l\u00e0 \u0111i\u1ec1u kh\u00f4ng th\u1ec3 b\u1ecf qua. B\u1ed9 th\u1ea3m l\u00f3t s\u00e0n KIA K3 2014\u20132018 chuy\u00ean d\u1ee5ng cho KIA K3 s\u1ebd l\u00e0 ph\u1ee5 ki\u1ec7n v\u1eeba b\u1ea3o v\u1ec7 s\u00e0n xe hi\u1ec7u qu\u1ea3, v\u1eeba gi\u00fap kh\u00f4ng gian b\u00ean trong th\u00eam ch\u1ec9n chu, tinh t\u1ebf.<\/strong><\/em><\/p>\n<h2 data-start=\"544\" data-end=\"573\"><strong data-start=\"548\" data-end=\"571\">Gi\u1edbi thi\u1ec7u s\u1ea3n ph\u1ea9m th\u1ea3m l\u00f3t s\u00e0n KIA K3 2014\u20132018<\/strong><\/h2>\n<p data-start=\"574\" data-end=\"939\">KIA K3 l\u00e0 d\u00f2ng sedan h\u1ea1ng C t\u1eebng l\u00e0m m\u01b0a l\u00e0m gi\u00f3 t\u1ea1i th\u1ecb tr\u01b0\u1eddng Vi\u1ec7t Nam nh\u1edd thi\u1ebft k\u1ebf tr\u1ebb trung, n\u1ed9i th\u1ea5t r\u1ed9ng r\u00e3i v\u00e0 v\u1eadn h\u00e0nh m\u01b0\u1ee3t m\u00e0. Tuy nhi\u00ean, sau nhi\u1ec1u n\u0103m s\u1eed d\u1ee5ng, b\u1ee5i b\u1ea9n, n\u01b0\u1edbc m\u01b0a, b\u00f9n \u0111\u1ea5t d\u1ec5 khi\u1ebfn s\u00e0n xe xu\u1ed1ng c\u1ea5p, g\u00e2y m\u00f9i kh\u00f3 ch\u1ecbu. V\u00ec v\u1eady, b\u1ed9 th\u1ea3m l\u00f3t s\u00e0n chuy\u00ean bi\u1ec7t d\u00e0nh cho KIA K3 2014\u20132018 l\u00e0 gi\u1ea3i ph\u00e1p h\u1eefu hi\u1ec7u \u0111\u1ec3 n\u00e2ng c\u1ea5p v\u00e0 b\u1ea3o v\u1ec7 khoang cabin.<\/p>\n<figure id=\"attachment_3936\" aria-describedby=\"caption-attachment-3936\" style=\"width: 1024px\" class=\"wp-caption aligncenter\"><img fetchpriority=\"high\" decoding=\"async\" class=\"size-large wp-image-3936\" src=\"http:\/\/khaitest.rf.gd\/wp-content\/uploads\/2025\/07\/tham-lot-san-KIA-K3-2-1024x1024.png\" alt=\"Th\u1ea3m l\u00f3t s\u00e0n KIA K3 2014\u20132018 \u0111\u01b0\u1ee3c thi\u1ebft k\u1ebf 5D\" width=\"1024\" height=\"1024\" srcset=\"https:\/\/topcar.vn\/wp-content\/uploads\/2025\/07\/tham-lot-san-KIA-K3-2-1024x1024.png 1024w, https:\/\/topcar.vn\/wp-content\/uploads\/2025\/07\/tham-lot-san-KIA-K3-2-300x300.png 300w, https:\/\/topcar.vn\/wp-content\/uploads\/2025\/07\/tham-lot-san-KIA-K3-2-150x150.png 150w, https:\/\/topcar.vn\/wp-content\/uploads\/2025\/07\/tham-lot-san-KIA-K3-2-768x767.png 768w, https:\/\/topcar.vn\/wp-content\/uploads\/2025\/07\/tham-lot-san-KIA-K3-2-600x599.png 600w, https:\/\/topcar.vn\/wp-content\/uploads\/2025\/07\/tham-lot-san-KIA-K3-2-100x100.png 100w, https:\/\/topcar.vn\/wp-content\/uploads\/2025\/07\/tham-lot-san-KIA-K3-2.png 1081w\" sizes=\"(max-width: 1024px) 100vw, 1024px\" \/><figcaption id=\"caption-attachment-3936\" class=\"wp-caption-text\">Th\u1ea3m l\u00f3t s\u00e0n KIA K3 2014\u20132018 \u0111\u01b0\u1ee3c thi\u1ebft k\u1ebf theo k\u00edch th\u01b0\u1edbc chu\u1ea9n form s\u00e0n nguy\u00ean b\u1ea3n, v\u1eeba kh\u00edt t\u1eebng chi ti\u1ebft, gi\u00fap c\u1ed1 \u0111\u1ecbnh ch\u1eafc ch\u1eafn v\u00e0 kh\u00f4ng b\u1ecb x\u00f4 l\u1ec7ch khi di chuy\u1ec3n<\/figcaption><\/figure>\n<p data-start=\"946\" data-end=\"974\"><strong data-start=\"950\" data-end=\"972\">Th\u00f4ng tin chi ti\u1ebft th\u1ea3m l\u00f3t s\u00e0n KIA K3 2014\u20132018 <\/strong><\/p>\n<ul>\n<li data-start=\"977\" data-end=\"1024\">Lo\u1ea1i xe: Sedan KIA K3 \u2013 \u0110\u1eddi 2014 \u0111\u1ebfn 2018<\/li>\n<li data-start=\"1027\" data-end=\"1065\">C\u1ea5u h\u00ecnh gh\u1ebf: 5 ch\u1ed7 \u2013 2 h\u00e0ng gh\u1ebf<\/li>\n<li data-start=\"1068\" data-end=\"1143\">Ch\u1ea5t li\u1ec7u th\u1ea3m: ch\u1ea5t li\u1ec7u TPE<\/li>\n<li data-start=\"1146\" data-end=\"1214\">S\u1ed1 l\u01b0\u1ee3ng t\u1ea5m: G\u1ed3m 5 t\u1ea5m (tr\u01b0\u1edbc, sau, gi\u1eefa) ph\u1ee7 k\u00edn to\u00e0n b\u1ed9 s\u00e0n<\/li>\n<li data-start=\"1217\" data-end=\"1269\">M\u00e0u s\u1eafc: \u0110en ch\u1ec9 \u0111\u1ecf, n\u00e2u cafe, kem be sang tr\u1ecdng<\/li>\n<\/ul>\n<p><strong data-start=\"1280\" data-end=\"1299\">\u01afu \u0111i\u1ec3m n\u1ed5i b\u1eadt c\u1ee7a th\u1ea3m l\u00f3t s\u00e0n KIA K3 2014\u20132018<\/strong><\/p>\n<ul>\n<li data-start=\"1304\" data-end=\"1378\">Thi\u1ebft k\u1ebf ri\u00eang cho s\u00e0n K3, \u00f4m kh\u00edt t\u1eebng \u0111\u01b0\u1eddng g\u00e2n, kh\u00f4ng cong v\u00eanh<\/li>\n<li data-start=\"1381\" data-end=\"1447\">Ch\u1ed1ng tr\u01a1n tr\u01b0\u1ee3t v\u00e0 c\u00e1ch \u00e2m t\u1ed1t, gi\u00fap h\u00e0nh tr\u00ecnh \u00eam \u00e1i h\u01a1n<\/li>\n<li data-start=\"1450\" data-end=\"1507\">Ch\u1ea5t li\u1ec7u nh\u1ef1a TPE b\u1ec1n, kh\u00f4ng th\u1ea5m n\u01b0\u1edbc \u2013 d\u1ec5 v\u1ec7 sinh<\/li>\n<li data-start=\"1510\" data-end=\"1569\">Kh\u00f4ng m\u00f9i nh\u1ef1a \u2013 an to\u00e0n cho tr\u1ebb em, ng\u01b0\u1eddi nh\u1ea1y c\u1ea3m<\/li>\n<li data-start=\"1572\" data-end=\"1649\">Gi\u1eef s\u00e0n xe lu\u00f4n s\u1ea1ch s\u1ebd, ng\u0103n b\u1ee5i b\u1ea9n, b\u00f9n \u0111\u1ea5t len l\u1ecfi v\u00e0o ng\u00f3c ng\u00e1ch<\/li>\n<li data-start=\"1652\" data-end=\"1718\">T\u0103ng t\u00ednh th\u1ea9m m\u1ef9 cho n\u1ed9i th\u1ea5t, t\u1ea1o c\u1ea3m gi\u00e1c xe lu\u00f4n nh\u01b0 m\u1edbi<\/li>\n<\/ul>\n<p><strong data-start=\"1729\" data-end=\"1770\">Gi\u00e1 b\u00e1n th\u1ea3m l\u00f3t s\u00e0n KIA K3 2014\u20132018<\/strong><\/p>\n<ul>\n<li data-start=\"1775\" data-end=\"1818\">combo b\u1ed9 th\u1ea3m: 2.200.000d<\/li>\n<\/ul>\n<figure id=\"attachment_3937\" aria-describedby=\"caption-attachment-3937\" style=\"width: 1024px\" class=\"wp-caption aligncenter\"><img decoding=\"async\" class=\"size-large wp-image-3937\" src=\"http:\/\/khaitest.rf.gd\/wp-content\/uploads\/2025\/07\/tham-lot-san-KIA-K3-2014-1024x1024.png\" alt=\"Ch\u1ed1ng n\u01b0\u1edbc, ch\u1ed1ng b\u1ee5i, d\u1ec5 v\u1ec7 sinh \u2013 nhanh kh\u00f4.\" width=\"1024\" height=\"1024\" srcset=\"https:\/\/topcar.vn\/wp-content\/uploads\/2025\/07\/tham-lot-san-KIA-K3-2014-1024x1024.png 1024w, https:\/\/topcar.vn\/wp-content\/uploads\/2025\/07\/tham-lot-san-KIA-K3-2014-300x300.png 300w, https:\/\/topcar.vn\/wp-content\/uploads\/2025\/07\/tham-lot-san-KIA-K3-2014-150x150.png 150w, https:\/\/topcar.vn\/wp-content\/uploads\/2025\/07\/tham-lot-san-KIA-K3-2014-768x767.png 768w, https:\/\/topcar.vn\/wp-content\/uploads\/2025\/07\/tham-lot-san-KIA-K3-2014-600x599.png 600w, https:\/\/topcar.vn\/wp-content\/uploads\/2025\/07\/tham-lot-san-KIA-K3-2014-100x100.png 100w, https:\/\/topcar.vn\/wp-content\/uploads\/2025\/07\/tham-lot-san-KIA-K3-2014.png 1081w\" sizes=\"(max-width: 1024px) 100vw, 1024px\" \/><figcaption id=\"caption-attachment-3937\" class=\"wp-caption-text\">Thi\u1ebft k\u1ebf chu\u1ea9n 100% cho KIA K3 2014\u20132018, \u00f4m kh\u00edt s\u00e0n xe.<\/figcaption><\/figure>\n<h2><strong data-start=\"2011\" data-end=\"2081\">Mua th\u1ea3m l\u00f3t s\u00e0n KIA K3 2014\u20132018 ch\u00ednh h\u00e3ng t\u1ea1i Topcar \u2013 \u0110\u1eb9p xe, s\u1ea1ch s\u00e0n, gi\u00e1 t\u1ed1t<\/strong><\/h2>\n<p>T\u1ea1i <strong data-start=\"2088\" data-end=\"2098\">Topcar<\/strong>, b\u1ea1n s\u1ebd d\u1ec5 d\u00e0ng t\u00ecm \u0111\u01b0\u1ee3c <strong data-start=\"2124\" data-end=\"2161\">th\u1ea3m l\u00f3t s\u00e0n ph\u00f9 h\u1ee3p t\u1eebng d\u00f2ng xe<\/strong>, \u0111\u1eb7c bi\u1ec7t l\u00e0 c\u00e1c m\u1eabu sedan ph\u1ed5 bi\u1ebfn nh\u01b0 KIA K3. Ch\u00fang t\u00f4i lu\u00f4n cam k\u1ebft:<\/p>\n<ul>\n<li data-start=\"2237\" data-end=\"2303\">Th\u1ea3m chu\u1ea9n form 100% cho KIA K3 \u2013 kh\u00f4ng c\u1ea7n c\u1eaft ch\u1ec9nh l\u1ea1i<\/li>\n<li data-start=\"2306\" data-end=\"2359\">M\u1eabu m\u00e3 phong ph\u00fa \u2013 ph\u1ed1i m\u00e0u theo n\u1ed9i th\u1ea5t xe<\/li>\n<li data-start=\"2362\" data-end=\"2422\">Ch\u1ea5t l\u01b0\u1ee3ng da cao c\u1ea5p \u2013 \u0111\u1ed9 b\u1ec1n cao, kh\u00f4ng bong tr\u00f3c<\/li>\n<li data-start=\"2425\" data-end=\"2479\">Giao nhanh \u2013 t\u01b0 v\u1ea5n t\u1eadn t\u00e2m \u2013 b\u1ea3o h\u00e0nh 12 th\u00e1ng<\/li>\n<li data-start=\"2481\" data-end=\"2617\">V\u1edbi \u0111\u1ed9i ng\u0169 k\u1ef9 thu\u1eadt gi\u00e0u kinh nghi\u1ec7m, Topcar kh\u00f4ng ch\u1ec9 b\u00e1n s\u1ea3n ph\u1ea9m m\u00e0 c\u00f2n mang \u0111\u1ebfn gi\u1ea3i ph\u00e1p b\u1ea3o v\u1ec7 n\u1ed9i th\u1ea5t to\u00e0n di\u1ec7n cho xe b\u1ea1n.<\/li>\n<\/ul>\n<p>Th\u1ea3m l\u00f3t s\u00e0n KIA K3 2014\u20132018 l\u00e0 m\u00f3n ph\u1ee5 ki\u1ec7n nh\u1ecf nh\u01b0ng c\u00f3 vai tr\u00f2 quan tr\u1ecdng trong vi\u1ec7c gi\u1eef g\u00ecn n\u1ed9i th\u1ea5t lu\u00f4n s\u1ea1ch s\u1ebd, tho\u00e1ng m\u00e1t v\u00e0 n\u00e2ng t\u1ea7m tr\u1ea3i nghi\u1ec7m l\u00e1i. \u0110\u1eebng \u0111\u1ec3 b\u1ee5i b\u1ea9n, n\u01b0\u1edbc \u0111\u1ecdng hay m\u00f9i h\u00f4i l\u00e0m m\u1ea5t \u0111i v\u1ebb ch\u1ec9n chu c\u1ee7a chi\u1ebfc sedan y\u00eau qu\u00fd \u2013 h\u00e3y l\u1ef1a ch\u1ecdn ngay th\u1ea3m s\u00e0n cao c\u1ea5p t\u1ea1i Topcar \u0111\u1ec3 y\u00ean t\u00e2m tr\u00ean m\u1ecdi h\u00e0nh tr\u00ecnh!<\/p>\n<figure id=\"attachment_3938\" aria-describedby=\"caption-attachment-3938\" style=\"width: 1024px\" class=\"wp-caption aligncenter\"><img decoding=\"async\" class=\"size-large wp-image-3938\" src=\"http:\/\/khaitest.rf.gd\/wp-content\/uploads\/2025\/07\/tham-lot-san-KIA-K3-2014\u20132018-2-1024x1024.png\" alt=\"T\u0103ng t\u00ednh th\u1ea9m m\u1ef9, gi\u1eef khoang xe s\u1ea1ch s\u1ebd v\u00e0 sang tr\u1ecdng.\" width=\"1024\" height=\"1024\" srcset=\"https:\/\/topcar.vn\/wp-content\/uploads\/2025\/07\/tham-lot-san-KIA-K3-2014\u20132018-2-1024x1024.png 1024w, https:\/\/topcar.vn\/wp-content\/uploads\/2025\/07\/tham-lot-san-KIA-K3-2014\u20132018-2-300x300.png 300w, https:\/\/topcar.vn\/wp-content\/uploads\/2025\/07\/tham-lot-san-KIA-K3-2014\u20132018-2-150x150.png 150w, https:\/\/topcar.vn\/wp-content\/uploads\/2025\/07\/tham-lot-san-KIA-K3-2014\u20132018-2-768x767.png 768w, https:\/\/topcar.vn\/wp-content\/uploads\/2025\/07\/tham-lot-san-KIA-K3-2014\u20132018-2-600x599.png 600w, https:\/\/topcar.vn\/wp-content\/uploads\/2025\/07\/tham-lot-san-KIA-K3-2014\u20132018-2-100x100.png 100w, https:\/\/topcar.vn\/wp-content\/uploads\/2025\/07\/tham-lot-san-KIA-K3-2014\u20132018-2.png 1081w\" sizes=\"(max-width: 1024px) 100vw, 1024px\" \/><figcaption id=\"caption-attachment-3938\" class=\"wp-caption-text\">Ngo\u00e0i kh\u1ea3 n\u0103ng b\u1ea3o v\u1ec7, th\u1ea3m c\u00f2n l\u00e0 ph\u1ee5 ki\u1ec7n gi\u00fap t\u00f4n l\u00ean v\u1ebb sang tr\u1ecdng cho n\u1ed9i th\u1ea5t KIA K3. T\u0103ng t\u00ednh th\u1ea9m m\u1ef9, gi\u1eef khoang xe s\u1ea1ch s\u1ebd v\u00e0 sang tr\u1ecdng.<\/figcaption><\/figure>\n<p><strong data-start=\"2575\" data-end=\"2618\">Li\u00ean h\u1ec7 ngay \u0111\u1ec3 \u0111\u01b0\u1ee3c t\u01b0 v\u1ea5n &amp; \u0111\u1eb7t h\u00e0ng:<\/strong><\/p>\n<ul>\n<li>\ud83d\udcdeHotline \/ Zalo: 0889.385.222<\/li>\n<li>\ud83c\udfe0 \u0110\u1ecba ch\u1ec9: S\u1ed1 9 BT2, Khu \u0111\u00f4 th\u1ecb Foresa Xu\u00e2n Ph\u01b0\u01a1ng, Nam T\u1eeb Li\u00eam, H\u00e0 N\u1ed9i<\/li>\n<li>\ud83c\udf10 Website: <a class=\"\" href=\"https:\/\/Topcar.vn\" target=\"_new\" rel=\"noopener\" data-start=\"3540\" data-end=\"3578\">https:\/\/Topcar.vn<\/a><\/li>\n<\/ul>\n<\/div>\n<\/div>\n<\/div>\n<\/div>\n<\/div>\n<\/div>\n<\/article>\n","protected":false},"excerpt":{"rendered":"<ul>\n<li>Mi\u1ec5n ph\u00ed giao h\u00e0ng to\u00e0n qu\u1ed1c<\/li>\n<li>Nh\u1eadn h\u00e0ng &gt; L\u1eafp \u0111\u1eb7t &gt; Thanh to\u00e1n<\/li>\n<li>B\u1ea3o h\u00e0nh 5 n\u0103m<\/li>\n<\/ul>\n","protected":false},"featured_media":3935,"comment_status":"closed","ping_status":"closed","template":"","meta":{"site-sidebar-layout":"no-sidebar","site-content-layout":"content-boxed-container","ast-site-content-layout":"normal-width-container","site-content-style":"boxed","site-sidebar-style":"unboxed","ast-global-header-display":"","ast-banner-title-visibility":"","ast-main-header-display":"","ast-hfb-above-header-display":"","ast-hfb-below-header-display":"","ast-hfb-mobile-header-display":"","site-post-title":"","ast-breadcrumbs-content":"","ast-featured-img":"","footer-sml-layout":"","ast-disable-related-posts":"","theme-transparent-header-meta":"default","adv-header-id-meta":"","stick-header-meta":"","header-above-stick-meta":"","header-main-stick-meta":"","header-below-stick-meta":"","astra-migrate-meta-layouts":"set","ast-page-background-enabled":"default","ast-page-background-meta":{"desktop":{"background-color":"var(--ast-global-color-4)","background-image":"","background-repeat":"repeat","background-position":"center center","background-size":"auto","background-attachment":"scroll","background-type":"","background-media":"","overlay-type":"","overlay-color":"","overlay-opacity":"","overlay-gradient":""},"tablet":{"background-color":"","background-image":"","background-repeat":"repeat","background-position":"center center","background-size":"auto","background-attachment":"scroll","background-type":"","background-media":"","overlay-type":"","overlay-color":"","overlay-opacity":"","overlay-gradient":""},"mobile":{"background-color":"","background-image":"","background-repeat":"repeat","background-position":"center center","background-size":"auto","background-attachment":"scroll","background-type":"","background-media":"","overlay-type":"","overlay-color":"","overlay-opacity":"","overlay-gradient":""}},"ast-content-background-meta":{"desktop":{"background-color":"var(--ast-global-color-5)","background-image":"","background-repeat":"repeat","background-position":"center center","background-size":"auto","background-attachment":"scroll","background-type":"","background-media":"","overlay-type":"","overlay-color":"","overlay-opacity":"","overlay-gradient":""},"tablet":{"background-color":"var(--ast-global-color-5)","background-image":"","background-repeat":"repeat","background-position":"center center","background-size":"auto","background-attachment":"scroll","background-type":"","background-media":"","overlay-type":"","overlay-color":"","overlay-opacity":"","overlay-gradient":""},"mobile":{"background-color":"var(--ast-global-color-5)","background-image":"","background-repeat":"repeat","background-position":"center center","background-size":"auto","background-attachment":"scroll","background-type":"","background-media":"","overlay-type":"","overlay-color":"","overlay-opacity":"","overlay-gradient":""}}},"product_brand":[],"product_cat":[52,43],"product_tag":[230,231,232,229,73,110,152,77,151,75],"class_list":{"0":"post-2116","1":"product","2":"type-product","3":"status-publish","4":"has-post-thumbnail","6":"product_cat-tham-lot-san-o-to-kia","7":"product_cat-tham-lot-san-o-to","8":"product_tag-lot-san-kia-carnival","9":"product_tag-tham-lot-san-kia-carnival-2023","10":"product_tag-tham-lot-san-kia-carnival-2024","11":"product_tag-tham-lot-san-kia-carnival-2025","12":"product_tag-tham-lot-san-o-to","13":"product_tag-tham-lot-san-o-to-cao-cap","14":"product_tag-tham-lot-san-o-to-cao-su","15":"product_tag-tham-lot-san-o-to-nhua-duc","16":"product_tag-tham-lot-san-o-to-pvc","17":"product_tag-tham-lot-san-o-to-tot-nhat-hien-nay","18":"desktop-align-left","19":"tablet-align-left","20":"mobile-align-left","22":"first","23":"instock","24":"shipping-taxable","25":"purchasable","26":"product-type-variable"},"_links":{"self":[{"href":"https:\/\/topcar.vn\/index.php?rest_route=\/wp\/v2\/product\/2116","targetHints":{"allow":["GET"]}}],"collection":[{"href":"https:\/\/topcar.vn\/index.php?rest_route=\/wp\/v2\/product"}],"about":[{"href":"https:\/\/topcar.vn\/index.php?rest_route=\/wp\/v2\/types\/product"}],"replies":[{"embeddable":true,"href":"https:\/\/topcar.vn\/index.php?rest_route=%2Fwp%2Fv2%2Fcomments&post=2116"}],"version-history":[{"count":3,"href":"https:\/\/topcar.vn\/index.php?rest_route=\/wp\/v2\/product\/2116\/revisions"}],"predecessor-version":[{"id":3932,"href":"https:\/\/topcar.vn\/index.php?rest_route=\/wp\/v2\/product\/2116\/revisions\/3932"}],"wp:featuredmedia":[{"embeddable":true,"href":"https:\/\/topcar.vn\/index.php?rest_route=\/wp\/v2\/media\/3935"}],"wp:attachment":[{"href":"https:\/\/topcar.vn\/index.php?rest_route=%2Fwp%2Fv2%2Fmedia&parent=2116"}],"wp:term":[{"taxonomy":"product_brand","embeddable":true,"href":"https:\/\/topcar.vn\/index.php?rest_route=%2Fwp%2Fv2%2Fproduct_brand&post=2116"},{"taxonomy":"product_cat","embeddable":true,"href":"https:\/\/topcar.vn\/index.php?rest_route=%2Fwp%2Fv2%2Fproduct_cat&post=2116"},{"taxonomy":"product_tag","embeddable":true,"href":"https:\/\/topcar.vn\/index.php?rest_route=%2Fwp%2Fv2%2Fproduct_tag&post=2116"}],"curies":[{"name":"wp","href":"https:\/\/api.w.org\/{rel}","templated":true}]}}