{"id":2112,"date":"2025-07-28T11:18:30","date_gmt":"2025-07-28T04:18:30","guid":{"rendered":"http:\/\/khaitest.rf.gd\/?post_type=product&#038;p=2112"},"modified":"2025-10-21T12:37:23","modified_gmt":"2025-10-21T05:37:23","slug":"tham-lot-san-kia-sorento-2014-2020","status":"publish","type":"product","link":"https:\/\/topcar.vn\/?product=tham-lot-san-kia-sorento-2014-2020","title":{"rendered":"Th\u1ea3m l\u00f3t s\u00e0n KIA Sorento 2014\u20132020"},"content":{"rendered":"<article class=\"text-token-text-primary w-full\" dir=\"auto\" data-testid=\"conversation-turn-10\" data-scroll-anchor=\"true\">\n<div class=\"text-base my-auto mx-auto pb-10 [--thread-content-margin:--spacing(4)] @[37rem]:[--thread-content-margin:--spacing(6)] @[72rem]:[--thread-content-margin:--spacing(16)] px-(--thread-content-margin)\">\n<div class=\"[--thread-content-max-width:32rem] @[34rem]:[--thread-content-max-width:40rem] @[64rem]:[--thread-content-max-width:48rem] mx-auto max-w-(--thread-content-max-width) flex-1 group\/turn-messages focus-visible:outline-hidden relative flex w-full min-w-0 flex-col agent-turn\" tabindex=\"-1\">\n<div class=\"flex max-w-full flex-col grow\">\n<div class=\"min-h-8 text-message relative flex w-full flex-col items-end gap-2 text-start break-words whitespace-normal [.text-message+&amp;]:mt-5\" dir=\"auto\" data-message-author-role=\"assistant\" data-message-id=\"6ee8a93f-7fdb-4c7e-b8bb-2a874c3d517b\" data-message-model-slug=\"gpt-4o\">\n<div class=\"flex w-full flex-col gap-1 empty:hidden first:pt-[3px]\">\n<div class=\"markdown prose dark:prose-invert w-full break-words light\">\n<p data-start=\"148\" data-end=\"506\"><em><strong>Th\u1ea3m l\u00f3t s\u00e0n KIA Sorento 2014\u20132020 \u0111\u01b0\u1ee3c thi\u1ebft k\u1ebf chu\u1ea9n form s\u00e0n nguy\u00ean b\u1ea3n, v\u1eeba kh\u00edt t\u1eebng chi ti\u1ebft, \u0111\u1ea3m b\u1ea3o c\u1ed1 \u0111\u1ecbnh ch\u1eafc ch\u1eafn v\u00e0 kh\u00f4ng b\u1ecb x\u00ea d\u1ecbch trong qu\u00e1 tr\u00ecnh s\u1eed d\u1ee5ng. S\u1ea3n ph\u1ea9m s\u1eed d\u1ee5ng ch\u1ea5t li\u1ec7u cao c\u1ea5p TPE nguy\u00ean sinh, nh\u1ef1a \u0111\u00fac 5D t\u00f9y phi\u00ean b\u1ea3n, c\u00f3 \u0111\u1ed9 b\u1ec1n v\u01b0\u1ee3t tr\u1ed9i, th\u00e2n thi\u1ec7n m\u00f4i tr\u01b0\u1eddng v\u00e0 an to\u00e0n tuy\u1ec7t \u0111\u1ed1i cho s\u1ee9c kh\u1ecfe ng\u01b0\u1eddi d\u00f9ng.<\/strong><\/em><\/p>\n<p data-start=\"508\" data-end=\"775\"><em><strong>Nh\u1edd thi\u1ebft k\u1ebf tr\u00e0n vi\u1ec1n ch\u1ed1ng th\u1ea5m th\u00f4ng minh, th\u1ea3m gi\u00fap ng\u0103n ch\u1eb7n hi\u1ec7u qu\u1ea3 n\u01b0\u1edbc, b\u00f9n \u0111\u1ea5t v\u00e0 b\u1ee5i b\u1ea9n l\u1ecdt xu\u1ed1ng s\u00e0n, gi\u1eef cho khoang n\u1ed9i th\u1ea5t Sorento lu\u00f4n s\u1ea1ch s\u1ebd, kh\u00f4 tho\u00e1ng. Khi c\u1ea7n v\u1ec7 sinh, b\u1ea1n ch\u1ec9 m\u1ea5t v\u00e0i ph\u00fat \u0111\u1ec3 lau ch\u00f9i ho\u1eb7c x\u1ecbt r\u1eeda, th\u1ea3m s\u1ebd tr\u1edf l\u1ea1i nh\u01b0 m\u1edbi. \u0110\u1ec3 duy tr\u00ec n\u1ed9i th\u1ea5t xe lu\u00f4n s\u1ea1ch s\u1ebd, sang tr\u1ecdng, th\u1ea3m l\u00f3t s\u00e0n KIA Sorento 2014\u20132020 chuy\u00ean d\u1ee5ng cho Sorento l\u00e0 ph\u1ee5 ki\u1ec7n b\u1ea1n kh\u00f4ng n\u00ean b\u1ecf qua \u2013 v\u1eeba b\u1ea3o v\u1ec7 s\u00e0n xe, v\u1eeba n\u00e2ng t\u1ea7m kh\u00f4ng gian.<\/strong><\/em><\/p>\n<h2 data-start=\"531\" data-end=\"560\"><strong data-start=\"535\" data-end=\"558\">Gi\u1edbi thi\u1ec7u s\u1ea3n ph\u1ea9m th\u1ea3m l\u00f3t s\u00e0n KIA Sorento 2014\u20132020<\/strong><\/h2>\n<p data-start=\"561\" data-end=\"916\">L\u00e0 m\u1ed9t m\u1eabu SUV gia \u0111\u00ecnh 7 ch\u1ed7 \u0111\u01b0\u1ee3c \u01b0a chu\u1ed9ng t\u1ea1i Vi\u1ec7t Nam, KIA Sorento s\u1edf h\u1eefu khoang cabin r\u1ed9ng r\u00e3i v\u00e0 ti\u1ec7n nghi. Tuy nhi\u00ean, sau th\u1eddi gian s\u1eed d\u1ee5ng, s\u00e0n xe d\u1ec5 b\u1ecb b\u00e1m b\u1ea9n, t\u00edch t\u1ee5 b\u1ee5i v\u00e0 g\u00e2y m\u00f9i kh\u00f3 ch\u1ecbu. Ch\u00ednh v\u00ec th\u1ebf, th\u1ea3m l\u00f3t s\u00e0n thi\u1ebft k\u1ebf ri\u00eang cho Sorento 2014\u20132020 ra \u0111\u1eddi nh\u1eb1m gi\u00fap ch\u1ee7 xe gi\u1eef cho n\u1ed9i th\u1ea5t lu\u00f4n s\u1ea1ch \u0111\u1eb9p, b\u1ec1n l\u00e2u v\u00e0 \u0111\u1eadm ch\u1ea5t c\u00e1 nh\u00e2n.<\/p>\n<figure id=\"attachment_3952\" aria-describedby=\"caption-attachment-3952\" style=\"width: 1024px\" class=\"wp-caption aligncenter\"><img fetchpriority=\"high\" decoding=\"async\" class=\"size-large wp-image-3952\" src=\"http:\/\/khaitest.rf.gd\/wp-content\/uploads\/2025\/07\/Lot-san-KIA-Sorento-2014\u20132020-1024x683.jpg\" alt=\"L\u00f3t s\u00e0n KIA Sorento \" width=\"1024\" height=\"683\" srcset=\"https:\/\/topcar.vn\/wp-content\/uploads\/2025\/07\/Lot-san-KIA-Sorento-2014\u20132020-1024x683.jpg 1024w, https:\/\/topcar.vn\/wp-content\/uploads\/2025\/07\/Lot-san-KIA-Sorento-2014\u20132020-300x200.jpg 300w, https:\/\/topcar.vn\/wp-content\/uploads\/2025\/07\/Lot-san-KIA-Sorento-2014\u20132020-768x512.jpg 768w, https:\/\/topcar.vn\/wp-content\/uploads\/2025\/07\/Lot-san-KIA-Sorento-2014\u20132020-1536x1024.jpg 1536w, https:\/\/topcar.vn\/wp-content\/uploads\/2025\/07\/Lot-san-KIA-Sorento-2014\u20132020-600x400.jpg 600w, https:\/\/topcar.vn\/wp-content\/uploads\/2025\/07\/Lot-san-KIA-Sorento-2014\u20132020.jpg 2048w\" sizes=\"(max-width: 1024px) 100vw, 1024px\" \/><figcaption id=\"caption-attachment-3952\" class=\"wp-caption-text\">Kh\u00f4ng ch\u1ec9 c\u00f3 t\u00e1c d\u1ee5ng b\u1ea3o v\u1ec7, th\u1ea3m l\u00f3t s\u00e0n c\u00f2n l\u00e0 ph\u1ee5 ki\u1ec7n gi\u00fap n\u00e2ng t\u1ea7m th\u1ea9m m\u1ef9 cho kh\u00f4ng gian n\u1ed9i th\u1ea5t.<\/figcaption><\/figure>\n<p data-start=\"923\" data-end=\"951\"><strong data-start=\"927\" data-end=\"949\">Th\u00f4ng tin chi ti\u1ebft th\u1ea3m l\u00f3t s\u00e0n KIA Sorento 2014\u20132020<\/strong><\/p>\n<ul>\n<li data-start=\"954\" data-end=\"1006\">Lo\u1ea1i xe: KIA Sorento 7 ch\u1ed7 \u2013 \u0110\u1eddi 2014 \u0111\u1ebfn 2020<\/li>\n<li data-start=\"1009\" data-end=\"1073\">Ch\u1ea5t li\u1ec7u th\u1ea3m: Nh\u1ef1a TPE nguy\u00ean sinh<\/li>\n<li data-start=\"1076\" data-end=\"1139\">Ki\u1ec3u d\u00e1ng: Thi\u1ebft k\u1ebf full s\u00e0n 3 h\u00e0ng gh\u1ebf v\u00e0 khoang h\u00e0nh l\u00fd<\/li>\n<li data-start=\"1142\" data-end=\"1206\">M\u00e0u s\u1eafc: \u0110en, n\u00e2u, kem, \u0111\u1ecf ch\u1ec9 \u0111en, t\u00f9y ch\u1ecdn theo s\u1edf th\u00edch<\/li>\n<li data-start=\"1209\" data-end=\"1270\">L\u1eafp \u0111\u1eb7t: May \u0111o ri\u00eang theo form s\u00e0n \u2013 kh\u00f4ng c\u1ea7n c\u1eaft ch\u1ec9nh<\/li>\n<\/ul>\n<p data-start=\"1277\" data-end=\"1302\"><strong data-start=\"1281\" data-end=\"1300\">\u01afu \u0111i\u1ec3m n\u1ed5i b\u1eadt th\u1ea3m l\u00f3t s\u00e0n KIA Sorento 2014\u20132020<\/strong><\/p>\n<ul>\n<li data-start=\"1305\" data-end=\"1368\">Form may \u0111o chu\u1ea9n t\u1eebng chi ti\u1ebft, che ph\u1ee7 to\u00e0n b\u1ed9 s\u00e0n xe<\/li>\n<li data-start=\"1371\" data-end=\"1423\">Ch\u1ed1ng n\u01b0\u1edbc, b\u1ee5i, b\u00f9n \u0111\u1ea5t v\u00e0 m\u00f9i h\u00f4i hi\u1ec7u qu\u1ea3<\/li>\n<li data-start=\"1426\" data-end=\"1490\">L\u1edbp \u0111\u1ebf ch\u1ed1ng tr\u01b0\u1ee3t gi\u00fap c\u1ed1 \u0111\u1ecbnh ch\u1eafc ch\u1eafn, kh\u00f4ng x\u00f4 l\u1ec7ch<\/li>\n<li data-start=\"1493\" data-end=\"1549\">Ch\u1ea5t li\u1ec7u th\u00e2n thi\u1ec7n v\u1edbi s\u1ee9c kh\u1ecfe, kh\u00f4ng \u0111\u1ed9c h\u1ea1i<\/li>\n<li data-start=\"1552\" data-end=\"1614\">Gi\u00fap c\u00e1ch \u00e2m, gi\u1eef nhi\u1ec7t v\u00e0 t\u0103ng \u0111\u1ed9 \u00eam \u00e1i khi di chuy\u1ec3n<\/li>\n<li data-start=\"1617\" data-end=\"1673\">Lau ch\u00f9i d\u1ec5 d\u00e0ng ch\u1ec9 v\u1edbi kh\u0103n \u01b0\u1edbt ho\u1eb7c m\u00e1y h\u00fat b\u1ee5i<\/li>\n<\/ul>\n<p data-start=\"1680\" data-end=\"1732\"><strong data-start=\"1684\" data-end=\"1730\">Gi\u00e1 b\u00e1n th\u1ea3m l\u00f3t s\u00e0n KIA Sorento 2014\u20132020<\/strong><\/p>\n<ul data-start=\"1733\" data-end=\"1976\">\n<li data-start=\"1733\" data-end=\"1786\">\n<p data-start=\"1735\" data-end=\"1786\"><strong data-start=\"1735\" data-end=\"1784\">Combo: 2.500.000\u0111<\/strong><\/p>\n<\/li>\n<\/ul>\n<figure id=\"attachment_3954\" aria-describedby=\"caption-attachment-3954\" style=\"width: 1024px\" class=\"wp-caption aligncenter\"><img decoding=\"async\" class=\"size-large wp-image-3954\" src=\"http:\/\/khaitest.rf.gd\/wp-content\/uploads\/2025\/07\/Tham-lot-san-KIA-Sorento-1024x683.jpg\" alt=\"Th\u1ea3m l\u00f3t s\u00e0n KIA Sorento 2014\u20132020 \u0111\u01b0\u1ee3c thi\u1ebft k\u1ebf chu\u1ea9n form\" width=\"1024\" height=\"683\" srcset=\"https:\/\/topcar.vn\/wp-content\/uploads\/2025\/07\/Tham-lot-san-KIA-Sorento-1024x683.jpg 1024w, https:\/\/topcar.vn\/wp-content\/uploads\/2025\/07\/Tham-lot-san-KIA-Sorento-300x200.jpg 300w, https:\/\/topcar.vn\/wp-content\/uploads\/2025\/07\/Tham-lot-san-KIA-Sorento-768x512.jpg 768w, https:\/\/topcar.vn\/wp-content\/uploads\/2025\/07\/Tham-lot-san-KIA-Sorento-1536x1024.jpg 1536w, https:\/\/topcar.vn\/wp-content\/uploads\/2025\/07\/Tham-lot-san-KIA-Sorento-600x400.jpg 600w, https:\/\/topcar.vn\/wp-content\/uploads\/2025\/07\/Tham-lot-san-KIA-Sorento.jpg 2048w\" sizes=\"(max-width: 1024px) 100vw, 1024px\" \/><figcaption id=\"caption-attachment-3954\" class=\"wp-caption-text\">Gi\u1eef cho khoang n\u1ed9i th\u1ea5t Sorento lu\u00f4n s\u1ea1ch s\u1ebd, kh\u00f4 tho\u00e1ng. Khi c\u1ea7n v\u1ec7 sinh, b\u1ea1n ch\u1ec9 m\u1ea5t v\u00e0i ph\u00fat \u0111\u1ec3 lau ch\u00f9i ho\u1eb7c x\u1ecbt r\u1eeda, th\u1ea3m s\u1ebd tr\u1edf l\u1ea1i nh\u01b0 m\u1edbi.<\/figcaption><\/figure>\n<h3 data-start=\"1983\" data-end=\"2067\"><strong data-start=\"1987\" data-end=\"2065\">Mua th\u1ea3m l\u00f3t s\u00e0n KIA Sorento 2014\u20132020 ch\u00ednh h\u00e3ng t\u1ea1i Topcar<\/strong><\/h3>\n<p data-start=\"2068\" data-end=\"2261\">T\u1ea1i <strong data-start=\"2072\" data-end=\"2082\">Topcar<\/strong>, ch\u00fang t\u00f4i hi\u1ec3u r\u00f5 t\u1eebng chi ti\u1ebft c\u1ee7a n\u1ed9i th\u1ea5t xe KIA Sorento v\u00e0 cam k\u1ebft mang \u0111\u1ebfn nh\u1eefng b\u1ed9 th\u1ea3m l\u00f3t s\u00e0n v\u1eeba v\u1eb7n, th\u1ea9m m\u1ef9 v\u00e0 b\u1ec1n b\u1ec9 nh\u1ea5t. Khi mua h\u00e0ng t\u1ea1i Topcar, b\u1ea1n s\u1ebd nh\u1eadn \u0111\u01b0\u1ee3c:<\/p>\n<ul>\n<li data-start=\"2265\" data-end=\"2318\">Th\u1ea3m l\u00f3t \u0111\u00fang \u0111\u1eddi xe \u2013 \u0111\u00fang m\u00e0u s\u1eafc n\u1ed9i th\u1ea5t<\/li>\n<li data-start=\"2321\" data-end=\"2366\">Ch\u1ea5t li\u1ec7u b\u1ec1n, kh\u00f4ng m\u00f9i, d\u1ec5 v\u1ec7 sinh<\/li>\n<li data-start=\"2369\" data-end=\"2428\">H\u1ed7 tr\u1ee3 t\u01b0 v\u1ea5n ch\u1ecdn ki\u1ec3u d\u00e1ng ph\u00f9 h\u1ee3p phong c\u00e1ch xe<\/li>\n<li data-start=\"2431\" data-end=\"2486\">B\u1ea3o h\u00e0nh s\u1ea3n ph\u1ea9m \u2013 \u0111\u1ed5i tr\u1ea3 n\u1ebfu kh\u00f4ng kh\u1edbp s\u00e0n<\/li>\n<li data-start=\"2489\" data-end=\"2545\">Ship to\u00e0n qu\u1ed1c \u2013 ki\u1ec3m tra k\u1ef9 tr\u01b0\u1edbc khi thanh to\u00e1n<\/li>\n<\/ul>\n<p data-start=\"2571\" data-end=\"2865\"><strong data-start=\"2571\" data-end=\"2609\">Th\u1ea3m l\u00f3t s\u00e0n KIA Sorento 2014\u20132020<\/strong> kh\u00f4ng ch\u1ec9 gi\u00fap gi\u1eef cho xe lu\u00f4n s\u1ea1ch s\u1ebd, m\u00e0 c\u00f2n l\u00e0m t\u0103ng t\u00ednh sang tr\u1ecdng, ti\u1ec7n nghi cho n\u1ed9i th\u1ea5t. \u0110\u1ea7u t\u01b0 v\u00e0o m\u1ed9t b\u1ed9 th\u1ea3m chu\u1ea9n form l\u00e0 l\u1ef1a ch\u1ecdn th\u00f4ng minh \u0111\u1ec3 gi\u1eef gi\u00e1 tr\u1ecb xe theo th\u1eddi gian. Li\u00ean h\u1ec7 <strong data-start=\"2806\" data-end=\"2816\">Topcar<\/strong> ngay h\u00f4m nay \u0111\u1ec3 nh\u1eadn b\u00e1o gi\u00e1 v\u00e0 \u01b0u \u0111\u00e3i m\u1edbi nh\u1ea5t!<\/p>\n<figure id=\"attachment_3951\" aria-describedby=\"caption-attachment-3951\" style=\"width: 1024px\" class=\"wp-caption aligncenter\"><img decoding=\"async\" class=\"size-large wp-image-3951\" src=\"http:\/\/khaitest.rf.gd\/wp-content\/uploads\/2025\/07\/KIA-SORENTO-2014-2020-1024x1024.png\" alt=\"Th\u1ea3m l\u00f3t s\u00e0n KIA Sorento 2014\u20132020\" width=\"1024\" height=\"1024\" srcset=\"https:\/\/topcar.vn\/wp-content\/uploads\/2025\/07\/KIA-SORENTO-2014-2020-1024x1024.png 1024w, https:\/\/topcar.vn\/wp-content\/uploads\/2025\/07\/KIA-SORENTO-2014-2020-300x300.png 300w, https:\/\/topcar.vn\/wp-content\/uploads\/2025\/07\/KIA-SORENTO-2014-2020-150x150.png 150w, https:\/\/topcar.vn\/wp-content\/uploads\/2025\/07\/KIA-SORENTO-2014-2020-768x768.png 768w, https:\/\/topcar.vn\/wp-content\/uploads\/2025\/07\/KIA-SORENTO-2014-2020-600x600.png 600w, https:\/\/topcar.vn\/wp-content\/uploads\/2025\/07\/KIA-SORENTO-2014-2020-100x100.png 100w, https:\/\/topcar.vn\/wp-content\/uploads\/2025\/07\/KIA-SORENTO-2014-2020.png 1080w\" sizes=\"(max-width: 1024px) 100vw, 1024px\" \/><figcaption id=\"caption-attachment-3951\" class=\"wp-caption-text\">Th\u1ea3m l\u00f3t s\u00e0n KIA Sorento 2014\u20132020 \u0111\u01b0\u1ee3c thi\u1ebft k\u1ebf chu\u1ea9n form s\u00e0n nguy\u00ean b\u1ea3n<\/figcaption><\/figure>\n<p><strong data-start=\"2575\" data-end=\"2618\">Li\u00ean h\u1ec7 ngay \u0111\u1ec3 \u0111\u01b0\u1ee3c t\u01b0 v\u1ea5n &amp; \u0111\u1eb7t h\u00e0ng:<\/strong><\/p>\n<ul>\n<li>\ud83d\udcdeHotline \/ Zalo: 0889.385.222<\/li>\n<li data-start=\"2360\" data-end=\"2565\">\ud83c\udfe0 \u0110\u1ecba ch\u1ec9: S\u1ed1 9 BT2, Khu \u0111\u00f4 th\u1ecb Foresa Xu\u00e2n Ph\u01b0\u01a1ng, Nam T\u1eeb Li\u00eam, H\u00e0 N\u1ed9i<\/li>\n<li data-start=\"2360\" data-end=\"2565\">\ud83c\udf10 Website: <a class=\"\" href=\"https:\/\/Topcar.vn\" target=\"_new\" rel=\"noopener\" data-start=\"3540\" data-end=\"3578\">https:\/\/Topcar.vn<\/a><\/li>\n<\/ul>\n<\/div>\n<\/div>\n<\/div>\n<\/div>\n<\/div>\n<\/div>\n<\/article>\n","protected":false},"excerpt":{"rendered":"<ul>\n<li>Mi\u1ec5n ph\u00ed giao h\u00e0ng to\u00e0n qu\u1ed1c<\/li>\n<li>Nh\u1eadn h\u00e0ng &gt; L\u1eafp \u0111\u1eb7t &gt; Thanh to\u00e1n<\/li>\n<li>B\u1ea3o h\u00e0nh 5 n\u0103m<\/li>\n<\/ul>\n","protected":false},"featured_media":3951,"comment_status":"closed","ping_status":"closed","template":"","meta":{"site-sidebar-layout":"no-sidebar","site-content-layout":"content-boxed-container","ast-site-content-layout":"normal-width-container","site-content-style":"boxed","site-sidebar-style":"unboxed","ast-global-header-display":"","ast-banner-title-visibility":"","ast-main-header-display":"","ast-hfb-above-header-display":"","ast-hfb-below-header-display":"","ast-hfb-mobile-header-display":"","site-post-title":"","ast-breadcrumbs-content":"","ast-featured-img":"","footer-sml-layout":"","ast-disable-related-posts":"","theme-transparent-header-meta":"default","adv-header-id-meta":"","stick-header-meta":"","header-above-stick-meta":"","header-main-stick-meta":"","header-below-stick-meta":"","astra-migrate-meta-layouts":"set","ast-page-background-enabled":"default","ast-page-background-meta":{"desktop":{"background-color":"var(--ast-global-color-4)","background-image":"","background-repeat":"repeat","background-position":"center center","background-size":"auto","background-attachment":"scroll","background-type":"","background-media":"","overlay-type":"","overlay-color":"","overlay-opacity":"","overlay-gradient":""},"tablet":{"background-color":"","background-image":"","background-repeat":"repeat","background-position":"center center","background-size":"auto","background-attachment":"scroll","background-type":"","background-media":"","overlay-type":"","overlay-color":"","overlay-opacity":"","overlay-gradient":""},"mobile":{"background-color":"","background-image":"","background-repeat":"repeat","background-position":"center center","background-size":"auto","background-attachment":"scroll","background-type":"","background-media":"","overlay-type":"","overlay-color":"","overlay-opacity":"","overlay-gradient":""}},"ast-content-background-meta":{"desktop":{"background-color":"var(--ast-global-color-5)","background-image":"","background-repeat":"repeat","background-position":"center center","background-size":"auto","background-attachment":"scroll","background-type":"","background-media":"","overlay-type":"","overlay-color":"","overlay-opacity":"","overlay-gradient":""},"tablet":{"background-color":"var(--ast-global-color-5)","background-image":"","background-repeat":"repeat","background-position":"center center","background-size":"auto","background-attachment":"scroll","background-type":"","background-media":"","overlay-type":"","overlay-color":"","overlay-opacity":"","overlay-gradient":""},"mobile":{"background-color":"var(--ast-global-color-5)","background-image":"","background-repeat":"repeat","background-position":"center center","background-size":"auto","background-attachment":"scroll","background-type":"","background-media":"","overlay-type":"","overlay-color":"","overlay-opacity":"","overlay-gradient":""}}},"product_brand":[],"product_cat":[52,43],"product_tag":[230,231,232,229],"class_list":{"0":"post-2112","1":"product","2":"type-product","3":"status-publish","4":"has-post-thumbnail","6":"product_cat-tham-lot-san-o-to-kia","7":"product_cat-tham-lot-san-o-to","8":"product_tag-lot-san-kia-carnival","9":"product_tag-tham-lot-san-kia-carnival-2023","10":"product_tag-tham-lot-san-kia-carnival-2024","11":"product_tag-tham-lot-san-kia-carnival-2025","12":"desktop-align-left","13":"tablet-align-left","14":"mobile-align-left","16":"first","17":"instock","18":"shipping-taxable","19":"purchasable","20":"product-type-variable"},"_links":{"self":[{"href":"https:\/\/topcar.vn\/index.php?rest_route=\/wp\/v2\/product\/2112","targetHints":{"allow":["GET"]}}],"collection":[{"href":"https:\/\/topcar.vn\/index.php?rest_route=\/wp\/v2\/product"}],"about":[{"href":"https:\/\/topcar.vn\/index.php?rest_route=\/wp\/v2\/types\/product"}],"replies":[{"embeddable":true,"href":"https:\/\/topcar.vn\/index.php?rest_route=%2Fwp%2Fv2%2Fcomments&post=2112"}],"version-history":[{"count":3,"href":"https:\/\/topcar.vn\/index.php?rest_route=\/wp\/v2\/product\/2112\/revisions"}],"predecessor-version":[{"id":3955,"href":"https:\/\/topcar.vn\/index.php?rest_route=\/wp\/v2\/product\/2112\/revisions\/3955"}],"wp:featuredmedia":[{"embeddable":true,"href":"https:\/\/topcar.vn\/index.php?rest_route=\/wp\/v2\/media\/3951"}],"wp:attachment":[{"href":"https:\/\/topcar.vn\/index.php?rest_route=%2Fwp%2Fv2%2Fmedia&parent=2112"}],"wp:term":[{"taxonomy":"product_brand","embeddable":true,"href":"https:\/\/topcar.vn\/index.php?rest_route=%2Fwp%2Fv2%2Fproduct_brand&post=2112"},{"taxonomy":"product_cat","embeddable":true,"href":"https:\/\/topcar.vn\/index.php?rest_route=%2Fwp%2Fv2%2Fproduct_cat&post=2112"},{"taxonomy":"product_tag","embeddable":true,"href":"https:\/\/topcar.vn\/index.php?rest_route=%2Fwp%2Fv2%2Fproduct_tag&post=2112"}],"curies":[{"name":"wp","href":"https:\/\/api.w.org\/{rel}","templated":true}]}}