{"id":2108,"date":"2025-07-28T11:08:12","date_gmt":"2025-07-28T04:08:12","guid":{"rendered":"http:\/\/khaitest.rf.gd\/?post_type=product&#038;p=2108"},"modified":"2025-10-14T11:45:22","modified_gmt":"2025-10-14T04:45:22","slug":"tham-lot-san-kia-carnival-2021-2025","status":"publish","type":"product","link":"https:\/\/topcar.vn\/?product=tham-lot-san-kia-carnival-2021-2025","title":{"rendered":"Th\u1ea3m l\u00f3t s\u00e0n KIA Carnival 2021\u20132025"},"content":{"rendered":"<article class=\"text-token-text-primary w-full\" dir=\"auto\" data-testid=\"conversation-turn-10\" data-scroll-anchor=\"true\">\n<div class=\"text-base my-auto mx-auto pb-10 [--thread-content-margin:--spacing(4)] @[37rem]:[--thread-content-margin:--spacing(6)] @[72rem]:[--thread-content-margin:--spacing(16)] px-(--thread-content-margin)\">\n<div class=\"[--thread-content-max-width:32rem] @[34rem]:[--thread-content-max-width:40rem] @[64rem]:[--thread-content-max-width:48rem] mx-auto max-w-(--thread-content-max-width) flex-1 group\/turn-messages focus-visible:outline-hidden relative flex w-full min-w-0 flex-col agent-turn\" tabindex=\"-1\">\n<div class=\"flex max-w-full flex-col grow\">\n<div class=\"min-h-8 text-message relative flex w-full flex-col items-end gap-2 text-start break-words whitespace-normal [.text-message+&amp;]:mt-5\" dir=\"auto\" data-message-author-role=\"assistant\" data-message-id=\"6ee8a93f-7fdb-4c7e-b8bb-2a874c3d517b\" data-message-model-slug=\"gpt-4o\">\n<div class=\"flex w-full flex-col gap-1 empty:hidden first:pt-[3px]\">\n<div class=\"markdown prose dark:prose-invert w-full break-words light\">\n<p data-start=\"242\" data-end=\"539\"><em><strong>KIA Carnival 2021\u20132025 v\u1ed1n \u0111\u00e3 l\u00e0 m\u1ed9t chi\u1ebfc MPV sang tr\u1ecdng b\u1eadc nh\u1ea5t, v\u00e0 b\u1ed9 th\u1ea3m l\u00f3t s\u00e0n cao c\u1ea5p ch\u00ednh l\u00e0 m\u1ea3nh gh\u00e9p ho\u00e0n h\u1ea3o \u0111\u1ec3 gi\u1eef tr\u1ecdn v\u1eb9n \u0111\u1eb3ng c\u1ea5p \u1ea5y. Th\u1ea3m l\u00f3t s\u00e0n KIA Carnival 2021\u20132025 \u0111\u01b0\u1ee3c \u0111o c\u1eaft ri\u00eang cho Carnival, th\u1ea3m \u00f4m kh\u00edt t\u1eebng g\u00f3c c\u1ea1nh, bi\u1ebfn s\u00e0n xe tr\u1edf n\u00ean g\u1ecdn g\u00e0ng, s\u1ea1ch s\u1ebd v\u00e0 n\u1ed5i b\u1eadt ngay t\u1eeb c\u00e1i nh\u00ecn \u0111\u1ea7u ti\u00ean. \u0110\u1ec3 b\u1ea3o v\u1ec7 n\u1ed9i th\u1ea5t v\u00e0 gi\u1eef s\u00e0n xe lu\u00f4n s\u1ea1ch s\u1ebd, b\u1ea1n kh\u00f4ng n\u00ean b\u1ecf qua b\u1ed9 th\u1ea3m l\u00f3t s\u00e0n KIA Carnival 2021\u20132025 may \u0111o ri\u00eang cho KIA Carnival 2021\u20132025 \u2013 ph\u1ee5 ki\u1ec7n thi\u1ebft y\u1ebfu cho h\u00e0nh tr\u00ecnh th\u00eam tr\u1ecdn v\u1eb9n.<\/strong><\/em><\/p>\n<h2 data-start=\"546\" data-end=\"575\"><strong data-start=\"550\" data-end=\"573\">Gi\u1edbi thi\u1ec7u s\u1ea3n ph\u1ea9m th\u1ea3m l\u00f3t s\u00e0n KIA Carnival 2021\u20132025 <\/strong><\/h2>\n<p data-start=\"576\" data-end=\"948\">S\u1edf h\u1eefu kh\u00f4ng gian n\u1ed9i th\u1ea5t r\u1ed9ng l\u1edbn v\u00e0 3 h\u00e0ng gh\u1ebf linh ho\u1ea1t, KIA Carnival mang l\u1ea1i tr\u1ea3i nghi\u1ec7m \u0111\u1eb3ng c\u1ea5p cho ng\u01b0\u1eddi d\u00f9ng. Tuy nhi\u00ean, di\u1ec7n t\u00edch s\u00e0n xe l\u1edbn c\u0169ng khi\u1ebfn vi\u1ec7c gi\u1eef v\u1ec7 sinh tr\u1edf n\u00ean kh\u00f3 kh\u0103n. \u0110\u00f3 l\u00e0 l\u00fd do v\u00ec sao th\u1ea3m l\u00f3t s\u00e0n cao c\u1ea5p thi\u1ebft k\u1ebf ri\u00eang cho KIA Carnival 2021\u20132025 \u0111ang l\u00e0 l\u1ef1a ch\u1ecdn h\u00e0ng \u0111\u1ea7u, gi\u00fap b\u1ea3o v\u1ec7 s\u00e0n xe kh\u1ecfi b\u1ee5i b\u1ea9n, n\u01b0\u1edbc m\u01b0a, v\u1ebft b\u00f9n v\u00e0 \u1ea9m m\u1ed1c.<\/p>\n<figure id=\"attachment_3960\" aria-describedby=\"caption-attachment-3960\" style=\"width: 1024px\" class=\"wp-caption aligncenter\"><img fetchpriority=\"high\" decoding=\"async\" class=\"size-large wp-image-3960\" src=\"http:\/\/khaitest.rf.gd\/wp-content\/uploads\/2025\/07\/Lot-san-KIA-Carnival-2021\u20132025-1024x1024.png\" alt=\"KIA Carnival 2021\u20132025 \" width=\"1024\" height=\"1024\" srcset=\"https:\/\/topcar.vn\/wp-content\/uploads\/2025\/07\/Lot-san-KIA-Carnival-2021\u20132025-1024x1024.png 1024w, https:\/\/topcar.vn\/wp-content\/uploads\/2025\/07\/Lot-san-KIA-Carnival-2021\u20132025-300x300.png 300w, https:\/\/topcar.vn\/wp-content\/uploads\/2025\/07\/Lot-san-KIA-Carnival-2021\u20132025-150x150.png 150w, https:\/\/topcar.vn\/wp-content\/uploads\/2025\/07\/Lot-san-KIA-Carnival-2021\u20132025-768x767.png 768w, https:\/\/topcar.vn\/wp-content\/uploads\/2025\/07\/Lot-san-KIA-Carnival-2021\u20132025-600x599.png 600w, https:\/\/topcar.vn\/wp-content\/uploads\/2025\/07\/Lot-san-KIA-Carnival-2021\u20132025-100x100.png 100w, https:\/\/topcar.vn\/wp-content\/uploads\/2025\/07\/Lot-san-KIA-Carnival-2021\u20132025.png 1081w\" sizes=\"(max-width: 1024px) 100vw, 1024px\" \/><figcaption id=\"caption-attachment-3960\" class=\"wp-caption-text\">KIA Carnival 2021\u20132025 v\u1ed1n \u0111\u00e3 l\u00e0 m\u1ed9t chi\u1ebfc MPV sang tr\u1ecdng b\u1eadc nh\u1ea5t, v\u00e0 b\u1ed9 th\u1ea3m l\u00f3t s\u00e0n cao c\u1ea5p ch\u00ednh l\u00e0 m\u1ea3nh gh\u00e9p ho\u00e0n h\u1ea3o \u0111\u1ec3 gi\u1eef tr\u1ecdn v\u1eb9n \u0111\u1eb3ng c\u1ea5p \u1ea5y.<\/figcaption><\/figure>\n<p data-start=\"955\" data-end=\"984\"><strong data-start=\"959\" data-end=\"982\">Th\u00f4ng tin chi ti\u1ebft <\/strong><strong data-start=\"550\" data-end=\"573\">th\u1ea3m l\u00f3t s\u00e0n KIA Carnival 2021\u20132025<\/strong><strong data-start=\"959\" data-end=\"982\">:<\/strong><\/p>\n<ul>\n<li data-start=\"987\" data-end=\"1037\">T\u00ean s\u1ea3n ph\u1ea9m: Th\u1ea3m l\u00f3t s\u00e0n \u00f4 t\u00f4 KIA Carnival<\/li>\n<li data-start=\"1040\" data-end=\"1083\">D\u00f2ng xe: 7 ch\u1ed7 \u2013 \u0111\u1eddi t\u1eeb 2021 \u0111\u1ebfn 2025<\/li>\n<li data-start=\"1086\" data-end=\"1157\">Ch\u1ea5t li\u1ec7u:Nh\u1ef1a TPE<\/li>\n<li data-start=\"1160\" data-end=\"1232\">Ki\u1ec3u d\u00e1ng: Full option \u2013 ph\u1ee7 k\u00edn to\u00e0n b\u1ed9 s\u00e0n 3 h\u00e0ng gh\u1ebf v\u00e0 c\u1ed1p sau<\/li>\n<li data-start=\"1235\" data-end=\"1293\">M\u00e0u s\u1eafc: \u0110en<\/li>\n<li data-start=\"1296\" data-end=\"1357\">L\u1eafp \u0111\u1eb7t: Giao t\u1eadn n\u01a1i<\/li>\n<\/ul>\n<p data-start=\"1364\" data-end=\"1389\"><strong data-start=\"1368\" data-end=\"1387\">\u01afu \u0111i\u1ec3m n\u1ed5i b\u1eadt c\u1ee7a th\u1ea3m l\u00f3t s\u00e0n KIA Carnival 2021\u20132025<\/strong><\/p>\n<ul>\n<li data-start=\"1392\" data-end=\"1483\">Thi\u1ebft k\u1ebf \u0111o ri\u00eang theo \u0111\u00fang k\u00edch th\u01b0\u1edbc s\u00e0n xe Carnival 7 ch\u1ed7, l\u1eafp kh\u00edt t\u1eebng khe gh\u1ebf<\/li>\n<li data-start=\"1486\" data-end=\"1538\">Ch\u1ed1ng th\u1ea5m n\u01b0\u1edbc \u2013 ch\u1ed1ng b\u00e1m b\u1ee5i \u2013 d\u1ec5 v\u1ec7 sinh<\/li>\n<li data-start=\"1486\" data-end=\"1538\">L\u1edbp \u0111\u1ebf ch\u1ed1ng tr\u01b0\u1ee3t ch\u1eafc ch\u1eafn, an to\u00e0n khi l\u00ean xu\u1ed1ng<\/li>\n<li data-start=\"1486\" data-end=\"1538\">Kh\u00f4ng g\u00e2y m\u00f9i \u2013 kh\u00f4ng \u1ea3nh h\u01b0\u1edfng h\u1ec7 th\u1ed1ng \u0111i\u1ec1u h\u00f2a s\u00e0n<\/li>\n<li data-start=\"1667\" data-end=\"1719\">Gia t\u0103ng s\u1ef1 \u00eam \u00e1i, c\u00e1ch \u00e2m v\u00e0 c\u00e1ch nhi\u1ec7t t\u1ed1t<\/li>\n<li data-start=\"1722\" data-end=\"1775\">T\u00f4n l\u00ean v\u1ebb sang tr\u1ecdng, hi\u1ec7n \u0111\u1ea1i cho n\u1ed9i th\u1ea5t xe<\/li>\n<\/ul>\n<p data-start=\"1782\" data-end=\"1836\"><strong data-start=\"1786\" data-end=\"1834\">Gi\u00e1 b\u00e1n th\u1ea3m l\u00f3t s\u00e0n KIA Carnival t\u1ea1i Topcar<\/strong><\/p>\n<ul data-start=\"1837\" data-end=\"2041\">\n<li data-start=\"1837\" data-end=\"1892\">\n<p data-start=\"1839\" data-end=\"1892\"><strong data-start=\"1839\" data-end=\"1890\">Combo: 2.500.000\u0111<\/strong><\/p>\n<\/li>\n<\/ul>\n<figure id=\"attachment_3961\" aria-describedby=\"caption-attachment-3961\" style=\"width: 1024px\" class=\"wp-caption aligncenter\"><img decoding=\"async\" class=\"size-large wp-image-3961\" src=\"http:\/\/khaitest.rf.gd\/wp-content\/uploads\/2025\/07\/tham-lot-san-KIA-Carnival-2021-1024x1024.png\" alt=\" thi\u1ebft k\u1ebf tr\u00e0n vi\u1ec1n th\u00f4ng minh\" width=\"1024\" height=\"1024\" srcset=\"https:\/\/topcar.vn\/wp-content\/uploads\/2025\/07\/tham-lot-san-KIA-Carnival-2021-1024x1024.png 1024w, https:\/\/topcar.vn\/wp-content\/uploads\/2025\/07\/tham-lot-san-KIA-Carnival-2021-300x300.png 300w, https:\/\/topcar.vn\/wp-content\/uploads\/2025\/07\/tham-lot-san-KIA-Carnival-2021-150x150.png 150w, https:\/\/topcar.vn\/wp-content\/uploads\/2025\/07\/tham-lot-san-KIA-Carnival-2021-768x767.png 768w, https:\/\/topcar.vn\/wp-content\/uploads\/2025\/07\/tham-lot-san-KIA-Carnival-2021-600x599.png 600w, https:\/\/topcar.vn\/wp-content\/uploads\/2025\/07\/tham-lot-san-KIA-Carnival-2021-100x100.png 100w, https:\/\/topcar.vn\/wp-content\/uploads\/2025\/07\/tham-lot-san-KIA-Carnival-2021.png 1081w\" sizes=\"(max-width: 1024px) 100vw, 1024px\" \/><figcaption id=\"caption-attachment-3961\" class=\"wp-caption-text\">\u0110\u1eb7c bi\u1ec7t, thi\u1ebft k\u1ebf tr\u00e0n vi\u1ec1n th\u00f4ng minh nh\u01b0 m\u1ed9t \u201cl\u00e1 ch\u1eafn\u201d b\u1ea3o v\u1ec7 n\u1ed9i th\u1ea5t kh\u1ecfi n\u01b0\u1edbc, b\u00f9n \u0111\u1ea5t hay v\u1ee5n \u0111\u1ed3 \u0103n \u2013 nh\u1eefng k\u1ebb ph\u00e1 b\u0129nh th\u1ea7m l\u1eb7ng trong m\u1ecdi chuy\u1ebfn \u0111i.<\/figcaption><\/figure>\n<h2 data-start=\"546\" data-end=\"575\"><strong data-start=\"550\" data-end=\"573\">Mua th\u1ea3m l\u00f3t s\u00e0n KIA Carnival 2021\u20132025 ch\u00ednh h\u00e3ng t\u1ea1i Topcar<\/strong><\/h2>\n<p data-start=\"2140\" data-end=\"2324\">V\u1edbi h\u00e0ng tr\u0103m m\u1eabu th\u1ea3m may \u0111o ri\u00eang cho t\u1eebng d\u00f2ng xe, Topcar l\u00e0 \u0111\u01a1n v\u1ecb uy t\u00edn chuy\u00ean cung c\u1ea5p th\u1ea3m l\u00f3t s\u00e0n cao c\u1ea5p cho xe 5\u20137 ch\u1ed7 tr\u00ean to\u00e0n qu\u1ed1c. L\u1ef1a ch\u1ecdn Topcar, b\u1ea1n s\u1ebd nh\u1eadn \u0111\u01b0\u1ee3c:<\/p>\n<ul>\n<li data-start=\"2328\" data-end=\"2376\">\u00a0S\u1ea3n ph\u1ea9m \u0111\u00fang m\u1eabu \u2013 \u0111\u00fang form \u2013 \u0111\u00fang \u0111\u1eddi xe<\/li>\n<li data-start=\"2379\" data-end=\"2419\">\u00a0Cam k\u1ebft ch\u1ea5t li\u1ec7u chu\u1ea9n, \u0111\u1ed9 b\u1ec1n cao<\/li>\n<li data-start=\"2422\" data-end=\"2473\">\u00a0H\u1ed7 tr\u1ee3 ph\u1ed1i m\u00e0u theo n\u1ed9i th\u1ea5t, t\u01b0 v\u1ea5n t\u1eadn t\u00ecnh<\/li>\n<li data-start=\"2476\" data-end=\"2536\">\u00a0Ship COD to\u00e0n qu\u1ed1c \u2013 \u0111\u01b0\u1ee3c ki\u1ec3m tra tr\u01b0\u1edbc khi thanh to\u00e1n<\/li>\n<li data-start=\"2539\" data-end=\"2597\">\u00a0Ch\u00ednh s\u00e1ch \u0111\u1ed5i tr\u1ea3 linh ho\u1ea1t n\u1ebfu th\u1ea3m kh\u00f4ng kh\u1edbp s\u00e0n xe<\/li>\n<\/ul>\n<p data-start=\"2623\" data-end=\"2864\">Kh\u00f4ng ch\u1ec9 l\u00e0 ph\u1ee5 ki\u1ec7n b\u1ea3o v\u1ec7, th\u1ea3m l\u00f3t s\u00e0n KIA Carnival 2021\u20132025 c\u00f2n gi\u00fap khoang n\u1ed9i th\u1ea5t th\u00eam \u0111\u1eb3ng c\u1ea5p, s\u1ea1ch s\u1ebd v\u00e0 d\u1ec5 ch\u1ecbu cho m\u1ecdi h\u00e0nh tr\u00ecnh. Li\u00ean h\u1ec7 ngay v\u1edbi Topcar \u0111\u1ec3 \u0111\u01b0\u1ee3c t\u01b0 v\u1ea5n m\u1eabu ph\u00f9 h\u1ee3p v\u00e0 nh\u1eadn \u01b0u \u0111\u00e3i l\u1eafp \u0111\u1eb7t trong h\u00f4m nay!<\/p>\n<figure id=\"attachment_3962\" aria-describedby=\"caption-attachment-3962\" style=\"width: 1024px\" class=\"wp-caption aligncenter\"><img decoding=\"async\" class=\"size-large wp-image-3962\" src=\"http:\/\/khaitest.rf.gd\/wp-content\/uploads\/2025\/07\/tham-lot-san-KIA-Carnival-1024x1024.png\" alt=\"Ch\u1ea5t li\u1ec7u TPE nguy\u00ean sinh 5D cao c\u1ea5p\" width=\"1024\" height=\"1024\" srcset=\"https:\/\/topcar.vn\/wp-content\/uploads\/2025\/07\/tham-lot-san-KIA-Carnival-1024x1024.png 1024w, https:\/\/topcar.vn\/wp-content\/uploads\/2025\/07\/tham-lot-san-KIA-Carnival-300x300.png 300w, https:\/\/topcar.vn\/wp-content\/uploads\/2025\/07\/tham-lot-san-KIA-Carnival-150x150.png 150w, https:\/\/topcar.vn\/wp-content\/uploads\/2025\/07\/tham-lot-san-KIA-Carnival-768x767.png 768w, https:\/\/topcar.vn\/wp-content\/uploads\/2025\/07\/tham-lot-san-KIA-Carnival-600x599.png 600w, https:\/\/topcar.vn\/wp-content\/uploads\/2025\/07\/tham-lot-san-KIA-Carnival-100x100.png 100w, https:\/\/topcar.vn\/wp-content\/uploads\/2025\/07\/tham-lot-san-KIA-Carnival.png 1081w\" sizes=\"(max-width: 1024px) 100vw, 1024px\" \/><figcaption id=\"caption-attachment-3962\" class=\"wp-caption-text\">Kh\u00f4ng ch\u1ec9 l\u00e0 ph\u1ee5 ki\u1ec7n b\u1ea3o v\u1ec7, th\u1ea3m l\u00f3t s\u00e0n c\u00f2n l\u00e0 n\u00e9t ch\u1ea5m ph\u00e1 tinh t\u1ebf gi\u00fap kh\u00f4ng gian Carnival tr\u1edf n\u00ean sang tr\u1ecdng v\u00e0 c\u00e1 t\u00ednh h\u01a1n.<\/figcaption><\/figure>\n<p><strong data-start=\"2575\" data-end=\"2618\">Li\u00ean h\u1ec7 ngay \u0111\u1ec3 \u0111\u01b0\u1ee3c t\u01b0 v\u1ea5n &amp; \u0111\u1eb7t h\u00e0ng:<\/strong><\/p>\n<ul>\n<li>\ud83d\udcdeHotline \/ Zalo: 0889.385.222<\/li>\n<li data-start=\"2360\" data-end=\"2565\">\ud83c\udfe0 \u0110\u1ecba ch\u1ec9: S\u1ed1 9 BT2, Khu \u0111\u00f4 th\u1ecb Foresa Xu\u00e2n Ph\u01b0\u01a1ng, Nam T\u1eeb Li\u00eam, H\u00e0 N\u1ed9i<\/li>\n<li data-start=\"2360\" data-end=\"2565\">\ud83c\udf10 Website: <a class=\"\" href=\"https:\/\/Topcar.vn\" target=\"_new\" rel=\"noopener\" data-start=\"3540\" data-end=\"3578\">https:\/\/Topcar.vn<\/a><\/li>\n<\/ul>\n<\/div>\n<\/div>\n<\/div>\n<\/div>\n<\/div>\n<\/div>\n<\/article>\n","protected":false},"excerpt":{"rendered":"<ul>\n<li>Mi\u1ec5n ph\u00ed giao h\u00e0ng to\u00e0n qu\u1ed1c<\/li>\n<li>Nh\u1eadn h\u00e0ng &gt; L\u1eafp \u0111\u1eb7t &gt; Thanh to\u00e1n<\/li>\n<li>B\u1ea3o h\u00e0nh 5 n\u0103m<\/li>\n<\/ul>\n","protected":false},"featured_media":3959,"comment_status":"closed","ping_status":"closed","template":"","meta":{"site-sidebar-layout":"no-sidebar","site-content-layout":"content-boxed-container","ast-site-content-layout":"normal-width-container","site-content-style":"boxed","site-sidebar-style":"unboxed","ast-global-header-display":"","ast-banner-title-visibility":"","ast-main-header-display":"","ast-hfb-above-header-display":"","ast-hfb-below-header-display":"","ast-hfb-mobile-header-display":"","site-post-title":"","ast-breadcrumbs-content":"","ast-featured-img":"","footer-sml-layout":"","ast-disable-related-posts":"","theme-transparent-header-meta":"default","adv-header-id-meta":"","stick-header-meta":"","header-above-stick-meta":"","header-main-stick-meta":"","header-below-stick-meta":"","astra-migrate-meta-layouts":"set","ast-page-background-enabled":"default","ast-page-background-meta":{"desktop":{"background-color":"var(--ast-global-color-4)","background-image":"","background-repeat":"repeat","background-position":"center center","background-size":"auto","background-attachment":"scroll","background-type":"","background-media":"","overlay-type":"","overlay-color":"","overlay-opacity":"","overlay-gradient":""},"tablet":{"background-color":"","background-image":"","background-repeat":"repeat","background-position":"center center","background-size":"auto","background-attachment":"scroll","background-type":"","background-media":"","overlay-type":"","overlay-color":"","overlay-opacity":"","overlay-gradient":""},"mobile":{"background-color":"","background-image":"","background-repeat":"repeat","background-position":"center center","background-size":"auto","background-attachment":"scroll","background-type":"","background-media":"","overlay-type":"","overlay-color":"","overlay-opacity":"","overlay-gradient":""}},"ast-content-background-meta":{"desktop":{"background-color":"var(--ast-global-color-5)","background-image":"","background-repeat":"repeat","background-position":"center center","background-size":"auto","background-attachment":"scroll","background-type":"","background-media":"","overlay-type":"","overlay-color":"","overlay-opacity":"","overlay-gradient":""},"tablet":{"background-color":"var(--ast-global-color-5)","background-image":"","background-repeat":"repeat","background-position":"center center","background-size":"auto","background-attachment":"scroll","background-type":"","background-media":"","overlay-type":"","overlay-color":"","overlay-opacity":"","overlay-gradient":""},"mobile":{"background-color":"var(--ast-global-color-5)","background-image":"","background-repeat":"repeat","background-position":"center center","background-size":"auto","background-attachment":"scroll","background-type":"","background-media":"","overlay-type":"","overlay-color":"","overlay-opacity":"","overlay-gradient":""}}},"product_brand":[],"product_cat":[52,43],"product_tag":[230,231,232,229],"class_list":{"0":"post-2108","1":"product","2":"type-product","3":"status-publish","4":"has-post-thumbnail","6":"product_cat-tham-lot-san-o-to-kia","7":"product_cat-tham-lot-san-o-to","8":"product_tag-lot-san-kia-carnival","9":"product_tag-tham-lot-san-kia-carnival-2023","10":"product_tag-tham-lot-san-kia-carnival-2024","11":"product_tag-tham-lot-san-kia-carnival-2025","12":"desktop-align-left","13":"tablet-align-left","14":"mobile-align-left","16":"first","17":"instock","18":"shipping-taxable","19":"purchasable","20":"product-type-variable"},"_links":{"self":[{"href":"https:\/\/topcar.vn\/index.php?rest_route=\/wp\/v2\/product\/2108","targetHints":{"allow":["GET"]}}],"collection":[{"href":"https:\/\/topcar.vn\/index.php?rest_route=\/wp\/v2\/product"}],"about":[{"href":"https:\/\/topcar.vn\/index.php?rest_route=\/wp\/v2\/types\/product"}],"replies":[{"embeddable":true,"href":"https:\/\/topcar.vn\/index.php?rest_route=%2Fwp%2Fv2%2Fcomments&post=2108"}],"version-history":[{"count":3,"href":"https:\/\/topcar.vn\/index.php?rest_route=\/wp\/v2\/product\/2108\/revisions"}],"predecessor-version":[{"id":3956,"href":"https:\/\/topcar.vn\/index.php?rest_route=\/wp\/v2\/product\/2108\/revisions\/3956"}],"wp:featuredmedia":[{"embeddable":true,"href":"https:\/\/topcar.vn\/index.php?rest_route=\/wp\/v2\/media\/3959"}],"wp:attachment":[{"href":"https:\/\/topcar.vn\/index.php?rest_route=%2Fwp%2Fv2%2Fmedia&parent=2108"}],"wp:term":[{"taxonomy":"product_brand","embeddable":true,"href":"https:\/\/topcar.vn\/index.php?rest_route=%2Fwp%2Fv2%2Fproduct_brand&post=2108"},{"taxonomy":"product_cat","embeddable":true,"href":"https:\/\/topcar.vn\/index.php?rest_route=%2Fwp%2Fv2%2Fproduct_cat&post=2108"},{"taxonomy":"product_tag","embeddable":true,"href":"https:\/\/topcar.vn\/index.php?rest_route=%2Fwp%2Fv2%2Fproduct_tag&post=2108"}],"curies":[{"name":"wp","href":"https:\/\/api.w.org\/{rel}","templated":true}]}}