{"id":2100,"date":"2025-07-28T10:41:19","date_gmt":"2025-07-28T03:41:19","guid":{"rendered":"http:\/\/khaitest.rf.gd\/?post_type=product&#038;p=2100"},"modified":"2025-10-14T11:51:32","modified_gmt":"2025-10-14T04:51:32","slug":"tham-lot-san-kia-seltos-2020-2025-2","status":"publish","type":"product","link":"https:\/\/topcar.vn\/?product=tham-lot-san-kia-seltos-2020-2025-2","title":{"rendered":"Th\u1ea3m l\u00f3t s\u00e0n KIA Seltos 2020\u20132025"},"content":{"rendered":"<article class=\"text-token-text-primary w-full\" dir=\"auto\" data-testid=\"conversation-turn-10\" data-scroll-anchor=\"true\">\n<div class=\"text-base my-auto mx-auto pb-10 [--thread-content-margin:--spacing(4)] @[37rem]:[--thread-content-margin:--spacing(6)] @[72rem]:[--thread-content-margin:--spacing(16)] px-(--thread-content-margin)\">\n<div class=\"[--thread-content-max-width:32rem] @[34rem]:[--thread-content-max-width:40rem] @[64rem]:[--thread-content-max-width:48rem] mx-auto max-w-(--thread-content-max-width) flex-1 group\/turn-messages focus-visible:outline-hidden relative flex w-full min-w-0 flex-col agent-turn\" tabindex=\"-1\">\n<div class=\"flex max-w-full flex-col grow\">\n<div class=\"min-h-8 text-message relative flex w-full flex-col items-end gap-2 text-start break-words whitespace-normal [.text-message+&amp;]:mt-5\" dir=\"auto\" data-message-author-role=\"assistant\" data-message-id=\"6ee8a93f-7fdb-4c7e-b8bb-2a874c3d517b\" data-message-model-slug=\"gpt-4o\">\n<div class=\"flex w-full flex-col gap-1 empty:hidden first:pt-[3px]\">\n<div class=\"markdown prose dark:prose-invert w-full break-words light\">\n<p data-start=\"256\" data-end=\"524\"><em><strong>Th\u1ea3m l\u00f3t s\u00e0n KIA Seltos 2020\u20132025 l\u00e0 ph\u1ee5 ki\u1ec7n kh\u00f4ng th\u1ec3 thi\u1ebfu d\u00e0nh cho nh\u1eefng ch\u1ee7 xe y\u00eau th\u00edch s\u1ef1 s\u1ea1ch s\u1ebd v\u00e0 b\u1ec1n b\u1ec9. Thi\u1ebft k\u1ebf ri\u00eang theo t\u1eebng \u0111\u1eddi xe, ch\u1ea5t li\u1ec7u ch\u1ed1ng n\u01b0\u1edbc, kh\u1eed m\u00f9i \u2013 th\u1ea3m kh\u00f4ng ch\u1ec9 gi\u00fap b\u1ea3o v\u1ec7 s\u00e0n xe m\u00e0 c\u00f2n t\u0103ng th\u00eam v\u1ebb sang tr\u1ecdng, c\u00e1 t\u00ednh cho n\u1ed9i th\u1ea5t.<\/strong><\/em><\/p>\n<h2 data-start=\"531\" data-end=\"560\"><strong data-start=\"535\" data-end=\"558\">Gi\u1edbi thi\u1ec7u s\u1ea3n ph\u1ea9m th\u1ea3m l\u00f3t s\u00e0n KIA Seltos 2020\u20132025<\/strong><\/h2>\n<p data-start=\"561\" data-end=\"939\">KIA Seltos l\u00e0 m\u1eabu SUV \u0111\u00f4 th\u1ecb n\u1ed5i b\u1eadt v\u1edbi ki\u1ec3u d\u00e1ng th\u1ec3 thao, \u0111\u1ed9ng c\u01a1 ti\u1ebft ki\u1ec7m v\u00e0 kh\u00f4ng gian r\u1ed9ng r\u00e3i. Tuy nhi\u00ean, vi\u1ec7c s\u1eed d\u1ee5ng xe th\u01b0\u1eddng xuy\u00ean khi\u1ebfn khu v\u1ef1c s\u00e0n d\u1ec5 b\u1ecb b\u00e1m b\u1ea9n, \u1ea9m m\u1ed1c v\u00e0 tr\u1ea7y x\u01b0\u1edbc. Th\u1ea3m l\u00f3t s\u00e0n Topcar thi\u1ebft k\u1ebf ri\u00eang cho Seltos \u0111\u1eddi 2020\u20132025 \u0111\u01b0\u1ee3c c\u1eaft may chu\u1ea9n x\u00e1c theo s\u00e0n t\u1eebng phi\u00ean b\u1ea3n, gi\u00fap ph\u1ee7 k\u00edn to\u00e0n b\u1ed9 b\u1ec1 m\u1eb7t v\u00e0 gi\u1eef cho n\u1ed9i th\u1ea5t lu\u00f4n s\u1ea1ch s\u1ebd nh\u01b0 m\u1edbi.<\/p>\n<figure id=\"attachment_3985\" aria-describedby=\"caption-attachment-3985\" style=\"width: 1024px\" class=\"wp-caption aligncenter\"><img fetchpriority=\"high\" decoding=\"async\" class=\"size-large wp-image-3985\" src=\"http:\/\/khaitest.rf.gd\/wp-content\/uploads\/2025\/07\/tham-lot-san-KIA-SELTOS-2020-2025-1024x1024.png\" alt=\"Vi\u1ec7c v\u1ec7 sinh c\u1ef1c \u0111\u01a1n gi\u1ea3n: ch\u1ec9 c\u1ea7n lau \u1ea9m ho\u1eb7c x\u1ecbt n\u01b0\u1edbc l\u00e0 th\u1ea3m s\u00e1ng b\u00f3ng nh\u01b0 m\u1edbi.\" width=\"1024\" height=\"1024\" srcset=\"https:\/\/topcar.vn\/wp-content\/uploads\/2025\/07\/tham-lot-san-KIA-SELTOS-2020-2025-1024x1024.png 1024w, https:\/\/topcar.vn\/wp-content\/uploads\/2025\/07\/tham-lot-san-KIA-SELTOS-2020-2025-300x300.png 300w, https:\/\/topcar.vn\/wp-content\/uploads\/2025\/07\/tham-lot-san-KIA-SELTOS-2020-2025-150x150.png 150w, https:\/\/topcar.vn\/wp-content\/uploads\/2025\/07\/tham-lot-san-KIA-SELTOS-2020-2025-768x767.png 768w, https:\/\/topcar.vn\/wp-content\/uploads\/2025\/07\/tham-lot-san-KIA-SELTOS-2020-2025-600x599.png 600w, https:\/\/topcar.vn\/wp-content\/uploads\/2025\/07\/tham-lot-san-KIA-SELTOS-2020-2025-100x100.png 100w, https:\/\/topcar.vn\/wp-content\/uploads\/2025\/07\/tham-lot-san-KIA-SELTOS-2020-2025.png 1081w\" sizes=\"(max-width: 1024px) 100vw, 1024px\" \/><figcaption id=\"caption-attachment-3985\" class=\"wp-caption-text\">\u0110i\u1ec3m nh\u1ea5n c\u1ee7a b\u1ed9 th\u1ea3m n\u1eb1m \u1edf thi\u1ebft k\u1ebf tr\u00e0n vi\u1ec1n th\u00f4ng minh, t\u1ea1o \u201cl\u00e1 ch\u1eafn\u201d ng\u0103n ch\u1ea5t l\u1ecfng, th\u1ee9c \u0103n r\u01a1i v\u00e3i, c\u00e1t b\u1ee5i l\u1ecdt xu\u1ed1ng s\u00e0n, gi\u1eef cho khoang n\u1ed9i th\u1ea5t lu\u00f4n s\u1ea1ch s\u1ebd.<\/figcaption><\/figure>\n<p data-start=\"946\" data-end=\"975\"><strong data-start=\"950\" data-end=\"973\">Th\u00f4ng tin chi ti\u1ebft th\u1ea3m l\u00f3t s\u00e0n KIA Seltos 2020\u20132025:<\/strong><\/p>\n<ul>\n<li data-start=\"978\" data-end=\"1026\">T\u00ean s\u1ea3n ph\u1ea9m: Th\u1ea3m l\u00f3t s\u00e0n KIA Seltos 2020\u20132025<\/li>\n<li data-start=\"1029\" data-end=\"1080\">D\u00f2ng xe \u00e1p d\u1ee5ng: KIA Seltos \u0111\u1eddi 2020 \u0111\u1ebfn 2025<\/li>\n<li data-start=\"1083\" data-end=\"1155\">Lo\u1ea1i th\u1ea3m: Nh\u1ef1a TPE<\/li>\n<li data-start=\"1158\" data-end=\"1219\">Ph\u1ee7 k\u00edn: S\u00e0n cabin, h\u00e0ng gh\u1ebf sau, v\u00e1ch v\u00e0 ph\u1ea7n d\u01b0\u1edbi gh\u1ebf<\/li>\n<li data-start=\"1222\" data-end=\"1291\">T\u00f9y ch\u1ecdn m\u00e0u: \u0110en<\/li>\n<li data-start=\"1294\" data-end=\"1349\">L\u1eafp \u0111\u1eb7t: D\u1ec5 d\u00e0ng t\u1ef1 l\u1eafp t\u1ea1i nh\u00e0, kh\u00f4ng c\u1ea7n th\u00e1o gh\u1ebf<\/li>\n<\/ul>\n<p data-start=\"1356\" data-end=\"1381\"><strong data-start=\"1360\" data-end=\"1379\">\u01afu \u0111i\u1ec3m n\u1ed5i b\u1eadt c\u1ee7a th\u1ea3m l\u00f3t s\u00e0n KIA Seltos 2020\u20132025:<\/strong><\/p>\n<ul>\n<li data-start=\"1384\" data-end=\"1456\">May \u0111o ri\u00eang theo s\u00e0n KIA Seltos, kh\u00f4ng h\u1edf m\u00e9p, kh\u00f4ng tr\u01a1n tr\u01b0\u1ee3t<\/li>\n<li data-start=\"1459\" data-end=\"1523\">Kh\u1ea3 n\u0103ng ch\u1ed1ng n\u01b0\u1edbc, ch\u1ed1ng b\u00e1m b\u1ee5i, b\u1ea3o v\u1ec7 s\u00e0n xe t\u1ed1i \u0111a<\/li>\n<li data-start=\"1526\" data-end=\"1583\">Kh\u00f4ng \u00e1m m\u00f9i nh\u1ef1a, ch\u1ea5t li\u1ec7u an to\u00e0n cho s\u1ee9c kh\u1ecfe<\/li>\n<li data-start=\"1586\" data-end=\"1650\">D\u1ec5 v\u1ec7 sinh, kh\u00f4ng c\u1ea7n th\u00e1o ra \u2013 ch\u1ec9 c\u1ea7n lau ho\u1eb7c h\u00fat b\u1ee5i<\/li>\n<li data-start=\"1653\" data-end=\"1705\">Vi\u1ec1n th\u1ea3m cao, h\u1ea1n ch\u1ebf n\u01b0\u1edbc v\u00e0 b\u1ee5i l\u1ecdt xu\u1ed1ng<\/li>\n<li data-start=\"1708\" data-end=\"1767\">T\u0103ng t\u00ednh th\u1ea9m m\u1ef9, t\u1ea1o c\u1ea3m gi\u00e1c n\u1ed9i th\u1ea5t sang v\u00e0 s\u1ea1ch<\/li>\n<\/ul>\n<p data-start=\"1774\" data-end=\"1826\"><strong data-start=\"1778\" data-end=\"1824\">Gi\u00e1 b\u00e1n th\u1ea3m l\u00f3t s\u00e0n KIA Seltos t\u1ea1i Topcar<\/strong><\/p>\n<ul data-start=\"1827\" data-end=\"1954\">\n<li data-start=\"1827\" data-end=\"1865\">\n<p data-start=\"1829\" data-end=\"1865\">Gi\u00e1 combo full s\u00e0n: 2.400.000\u0111<\/p>\n<\/li>\n<\/ul>\n<figure id=\"attachment_3986\" aria-describedby=\"caption-attachment-3986\" style=\"width: 1024px\" class=\"wp-caption aligncenter\"><img decoding=\"async\" class=\"size-large wp-image-3986\" src=\"http:\/\/khaitest.rf.gd\/wp-content\/uploads\/2025\/07\/Tham-lot-san-KIA-Sorento-2014\u20132020-1-1024x683.jpg\" alt=\"Ch\u1ea5t li\u1ec7u cao c\u1ea5p, b\u1ec1n \u0111\u1eb9p, an to\u00e0n s\u1ee9c kh\u1ecfe.\" width=\"1024\" height=\"683\" srcset=\"https:\/\/topcar.vn\/wp-content\/uploads\/2025\/07\/Tham-lot-san-KIA-Sorento-2014\u20132020-1-1024x683.jpg 1024w, https:\/\/topcar.vn\/wp-content\/uploads\/2025\/07\/Tham-lot-san-KIA-Sorento-2014\u20132020-1-300x200.jpg 300w, https:\/\/topcar.vn\/wp-content\/uploads\/2025\/07\/Tham-lot-san-KIA-Sorento-2014\u20132020-1-768x512.jpg 768w, https:\/\/topcar.vn\/wp-content\/uploads\/2025\/07\/Tham-lot-san-KIA-Sorento-2014\u20132020-1-1536x1024.jpg 1536w, https:\/\/topcar.vn\/wp-content\/uploads\/2025\/07\/Tham-lot-san-KIA-Sorento-2014\u20132020-1-600x400.jpg 600w, https:\/\/topcar.vn\/wp-content\/uploads\/2025\/07\/Tham-lot-san-KIA-Sorento-2014\u20132020-1.jpg 2048w\" sizes=\"(max-width: 1024px) 100vw, 1024px\" \/><figcaption id=\"caption-attachment-3986\" class=\"wp-caption-text\">Ngo\u00e0i t\u00ednh n\u0103ng b\u1ea3o v\u1ec7, b\u1ed9 th\u1ea3m c\u00f2n mang \u0111\u1ebfn s\u1ef1 sang tr\u1ecdng v\u00e0 c\u00e1 t\u00ednh cho kh\u00f4ng gian xe v\u1edbi nhi\u1ec1u m\u00e0u s\u1eafc t\u00f9y ch\u1ecdn: \u0111en m\u1ea1nh m\u1ebd, n\u00e2u \u0111\u1eb3ng c\u1ea5p, be thanh l\u1ecbch, \u0111\u1ecf vi\u1ec1n ch\u1ec9 c\u00e1 t\u00ednh.<\/figcaption><\/figure>\n<h2 data-start=\"1961\" data-end=\"2059\"><strong data-start=\"1965\" data-end=\"2057\">Mua th\u1ea3m l\u00f3t s\u00e0n KIA Seltos 2020\u20132025 KIA ch\u00ednh h\u00e3ng t\u1ea1i Topcar<\/strong><\/h2>\n<p data-start=\"2060\" data-end=\"2231\">T\u1ea1i <strong data-start=\"2064\" data-end=\"2074\">Topcar<\/strong>, ch\u00fang t\u00f4i chuy\u00ean cung c\u1ea5p th\u1ea3m l\u00f3t s\u00e0n cao c\u1ea5p may \u0111o t\u1eebng d\u00f2ng xe v\u1edbi ch\u1ea5t l\u01b0\u1ee3ng v\u01b0\u1ee3t tr\u1ed9i v\u00e0 ch\u00ednh s\u00e1ch b\u1ea3o h\u00e0nh r\u00f5 r\u00e0ng. Khi mua h\u00e0ng, b\u1ea1n s\u1ebd nh\u1eadn \u0111\u01b0\u1ee3c:<\/p>\n<ul>\n<li data-start=\"2235\" data-end=\"2269\">Cam k\u1ebft \u0111\u00fang form t\u1eebng \u0111\u1eddi xe<\/li>\n<li data-start=\"2272\" data-end=\"2335\">Mi\u1ec5n ph\u00ed t\u01b0 v\u1ea5n ch\u1ecdn ch\u1ea5t li\u1ec7u &amp; ph\u1ed1i m\u00e0u theo n\u1ed9i th\u1ea5t xe<\/li>\n<li data-start=\"2338\" data-end=\"2384\">Giao h\u00e0ng to\u00e0n qu\u1ed1c \u2013 thanh to\u00e1n khi nh\u1eadn<\/li>\n<li data-start=\"2387\" data-end=\"2438\">Qu\u00e0 t\u1eb7ng k\u00e8m theo t\u1eebng ch\u01b0\u01a1ng tr\u00ecnh khuy\u1ebfn m\u00e3i<\/li>\n<li data-start=\"2441\" data-end=\"2497\">\u00a0D\u1ecbch v\u1ee5 h\u1eadu m\u00e3i, \u0111\u1ed5i tr\u1ea3 linh ho\u1ea1t n\u1ebfu kh\u00f4ng v\u1eeba kh\u00edt<\/li>\n<\/ul>\n<p data-start=\"2499\" data-end=\"2630\">Kh\u00f4ng ch\u1ec9 l\u00e0 m\u1ed9t t\u1ea5m th\u1ea3m, s\u1ea3n ph\u1ea9m c\u1ee7a Topcar l\u00e0 s\u1ef1 k\u1ebft h\u1ee3p gi\u1eefa b\u1ea3o v\u1ec7 \u2013 ti\u1ec7n l\u1ee3i \u2013 th\u1ea9m m\u1ef9 m\u00e0 b\u1ea5t k\u1ef3 ch\u1ee7 xe n\u00e0o c\u0169ng c\u1ea7n c\u00f3. <span style=\"font-size: 16px;\">V\u1edbi thi\u1ebft k\u1ebf ri\u00eang theo \u0111\u1eddi xe KIA Seltos, ch\u1ea5t li\u1ec7u cao c\u1ea5p v\u00e0 t\u00ednh n\u0103ng b\u1ea3o v\u1ec7 t\u1ed1i \u01b0u, <\/span>th\u1ea3m l\u00f3t s\u00e0n Topcar<span style=\"font-size: 16px;\"> ch\u00ednh l\u00e0 ng\u01b0\u1eddi b\u1ea1n \u0111\u1ed3ng h\u00e0nh l\u00fd t\u01b0\u1edfng gi\u00fap b\u1ea1n gi\u1eef xe lu\u00f4n s\u1ea1ch \u0111\u1eb9p, sang tr\u1ecdng theo th\u1eddi gian. \u0110\u1ea7u t\u01b0 nh\u1ecf \u2013 hi\u1ec7u qu\u1ea3 l\u1edbn!<\/span><\/p>\n<figure id=\"attachment_3984\" aria-describedby=\"caption-attachment-3984\" style=\"width: 1024px\" class=\"wp-caption aligncenter\"><img decoding=\"async\" class=\"size-large wp-image-3984\" src=\"http:\/\/khaitest.rf.gd\/wp-content\/uploads\/2025\/07\/tham-lot-san-KIA-K3-1-1024x1024.png\" alt=\"Th\u1ea3m l\u00f3t s\u00e0n KIA Seltos 2020\u20132025\" width=\"1024\" height=\"1024\" srcset=\"https:\/\/topcar.vn\/wp-content\/uploads\/2025\/07\/tham-lot-san-KIA-K3-1-1024x1024.png 1024w, https:\/\/topcar.vn\/wp-content\/uploads\/2025\/07\/tham-lot-san-KIA-K3-1-300x300.png 300w, https:\/\/topcar.vn\/wp-content\/uploads\/2025\/07\/tham-lot-san-KIA-K3-1-150x150.png 150w, https:\/\/topcar.vn\/wp-content\/uploads\/2025\/07\/tham-lot-san-KIA-K3-1-768x767.png 768w, https:\/\/topcar.vn\/wp-content\/uploads\/2025\/07\/tham-lot-san-KIA-K3-1-600x599.png 600w, https:\/\/topcar.vn\/wp-content\/uploads\/2025\/07\/tham-lot-san-KIA-K3-1-100x100.png 100w, https:\/\/topcar.vn\/wp-content\/uploads\/2025\/07\/tham-lot-san-KIA-K3-1.png 1081w\" sizes=\"(max-width: 1024px) 100vw, 1024px\" \/><figcaption id=\"caption-attachment-3984\" class=\"wp-caption-text\">Gi\u00fap ch\u1ed1ng n\u01b0\u1edbc, ch\u1ed1ng b\u00e1m b\u1ee5i, kh\u00e1ng b\u00f9n \u0111\u1ea5t hi\u1ec7u qu\u1ea3 v\u00e0 tuy\u1ec7t \u0111\u1ed1i kh\u00f4ng g\u00e2y m\u00f9i kh\u00f3 ch\u1ecbu.<\/figcaption><\/figure>\n<p><strong data-start=\"2575\" data-end=\"2618\">Li\u00ean h\u1ec7 ngay \u0111\u1ec3 \u0111\u01b0\u1ee3c t\u01b0 v\u1ea5n &amp; \u0111\u1eb7t h\u00e0ng:<\/strong><\/p>\n<ul>\n<li>\ud83d\udcdeHotline \/ Zalo: 0889.385.222<\/li>\n<li data-start=\"2360\" data-end=\"2565\">\ud83c\udfe0 \u0110\u1ecba ch\u1ec9: S\u1ed1 9 BT2, Khu \u0111\u00f4 th\u1ecb Foresa Xu\u00e2n Ph\u01b0\u01a1ng, Nam T\u1eeb Li\u00eam, H\u00e0 N\u1ed9i<\/li>\n<li data-start=\"2360\" data-end=\"2565\">\ud83c\udf10 Website: <a class=\"\" href=\"https:\/\/Topcar.vn\" target=\"_new\" rel=\"noopener\" data-start=\"3540\" data-end=\"3578\">https:\/\/Topcar.vn<\/a><\/li>\n<\/ul>\n<\/div>\n<\/div>\n<\/div>\n<\/div>\n<\/div>\n<\/div>\n<\/article>\n","protected":false},"excerpt":{"rendered":"<ul>\n<li>Mi\u1ec5n ph\u00ed giao h\u00e0ng to\u00e0n qu\u1ed1c<\/li>\n<li>Nh\u1eadn h\u00e0ng &gt; L\u1eafp \u0111\u1eb7t &gt; Thanh to\u00e1n<\/li>\n<li>B\u1ea3o h\u00e0nh 5 n\u0103m<\/li>\n<\/ul>\n","protected":false},"featured_media":3982,"comment_status":"closed","ping_status":"closed","template":"","meta":{"site-sidebar-layout":"no-sidebar","site-content-layout":"content-boxed-container","ast-site-content-layout":"normal-width-container","site-content-style":"boxed","site-sidebar-style":"unboxed","ast-global-header-display":"","ast-banner-title-visibility":"","ast-main-header-display":"","ast-hfb-above-header-display":"","ast-hfb-below-header-display":"","ast-hfb-mobile-header-display":"","site-post-title":"","ast-breadcrumbs-content":"","ast-featured-img":"","footer-sml-layout":"","ast-disable-related-posts":"","theme-transparent-header-meta":"default","adv-header-id-meta":"","stick-header-meta":"","header-above-stick-meta":"","header-main-stick-meta":"","header-below-stick-meta":"","astra-migrate-meta-layouts":"set","ast-page-background-enabled":"default","ast-page-background-meta":{"desktop":{"background-color":"var(--ast-global-color-4)","background-image":"","background-repeat":"repeat","background-position":"center center","background-size":"auto","background-attachment":"scroll","background-type":"","background-media":"","overlay-type":"","overlay-color":"","overlay-opacity":"","overlay-gradient":""},"tablet":{"background-color":"","background-image":"","background-repeat":"repeat","background-position":"center center","background-size":"auto","background-attachment":"scroll","background-type":"","background-media":"","overlay-type":"","overlay-color":"","overlay-opacity":"","overlay-gradient":""},"mobile":{"background-color":"","background-image":"","background-repeat":"repeat","background-position":"center center","background-size":"auto","background-attachment":"scroll","background-type":"","background-media":"","overlay-type":"","overlay-color":"","overlay-opacity":"","overlay-gradient":""}},"ast-content-background-meta":{"desktop":{"background-color":"var(--ast-global-color-5)","background-image":"","background-repeat":"repeat","background-position":"center center","background-size":"auto","background-attachment":"scroll","background-type":"","background-media":"","overlay-type":"","overlay-color":"","overlay-opacity":"","overlay-gradient":""},"tablet":{"background-color":"var(--ast-global-color-5)","background-image":"","background-repeat":"repeat","background-position":"center center","background-size":"auto","background-attachment":"scroll","background-type":"","background-media":"","overlay-type":"","overlay-color":"","overlay-opacity":"","overlay-gradient":""},"mobile":{"background-color":"var(--ast-global-color-5)","background-image":"","background-repeat":"repeat","background-position":"center center","background-size":"auto","background-attachment":"scroll","background-type":"","background-media":"","overlay-type":"","overlay-color":"","overlay-opacity":"","overlay-gradient":""}}},"product_brand":[],"product_cat":[52,43],"product_tag":[73,74,77,75,76],"class_list":{"0":"post-2100","1":"product","2":"type-product","3":"status-publish","4":"has-post-thumbnail","6":"product_cat-tham-lot-san-o-to-kia","7":"product_cat-tham-lot-san-o-to","8":"product_tag-tham-lot-san-o-to","9":"product_tag-tham-lot-san-o-to-bang-nhua","10":"product_tag-tham-lot-san-o-to-nhua-duc","11":"product_tag-tham-lot-san-o-to-tot-nhat-hien-nay","12":"product_tag-tham-lot-san-o-to-tpe","13":"desktop-align-left","14":"tablet-align-left","15":"mobile-align-left","17":"first","18":"instock","19":"shipping-taxable","20":"purchasable","21":"product-type-variable"},"_links":{"self":[{"href":"https:\/\/topcar.vn\/index.php?rest_route=\/wp\/v2\/product\/2100","targetHints":{"allow":["GET"]}}],"collection":[{"href":"https:\/\/topcar.vn\/index.php?rest_route=\/wp\/v2\/product"}],"about":[{"href":"https:\/\/topcar.vn\/index.php?rest_route=\/wp\/v2\/types\/product"}],"replies":[{"embeddable":true,"href":"https:\/\/topcar.vn\/index.php?rest_route=%2Fwp%2Fv2%2Fcomments&post=2100"}],"version-history":[{"count":3,"href":"https:\/\/topcar.vn\/index.php?rest_route=\/wp\/v2\/product\/2100\/revisions"}],"predecessor-version":[{"id":3983,"href":"https:\/\/topcar.vn\/index.php?rest_route=\/wp\/v2\/product\/2100\/revisions\/3983"}],"wp:featuredmedia":[{"embeddable":true,"href":"https:\/\/topcar.vn\/index.php?rest_route=\/wp\/v2\/media\/3982"}],"wp:attachment":[{"href":"https:\/\/topcar.vn\/index.php?rest_route=%2Fwp%2Fv2%2Fmedia&parent=2100"}],"wp:term":[{"taxonomy":"product_brand","embeddable":true,"href":"https:\/\/topcar.vn\/index.php?rest_route=%2Fwp%2Fv2%2Fproduct_brand&post=2100"},{"taxonomy":"product_cat","embeddable":true,"href":"https:\/\/topcar.vn\/index.php?rest_route=%2Fwp%2Fv2%2Fproduct_cat&post=2100"},{"taxonomy":"product_tag","embeddable":true,"href":"https:\/\/topcar.vn\/index.php?rest_route=%2Fwp%2Fv2%2Fproduct_tag&post=2100"}],"curies":[{"name":"wp","href":"https:\/\/api.w.org\/{rel}","templated":true}]}}