{"id":2090,"date":"2025-07-28T10:09:28","date_gmt":"2025-07-28T03:09:28","guid":{"rendered":"http:\/\/khaitest.rf.gd\/?post_type=product&#038;p=2090"},"modified":"2025-12-05T12:11:40","modified_gmt":"2025-12-05T05:11:40","slug":"tham-lot-san-suzuki-ertiga-2018-2024","status":"publish","type":"product","link":"https:\/\/topcar.vn\/?product=tham-lot-san-suzuki-ertiga-2018-2024","title":{"rendered":"Th\u1ea3m l\u00f3t s\u00e0n SUZUKI ERTIGA 2018-2024"},"content":{"rendered":"<article class=\"text-token-text-primary w-full\" dir=\"auto\" data-testid=\"conversation-turn-10\" data-scroll-anchor=\"true\">\n<div class=\"text-base my-auto mx-auto pb-10 [--thread-content-margin:--spacing(4)] @[37rem]:[--thread-content-margin:--spacing(6)] @[72rem]:[--thread-content-margin:--spacing(16)] px-(--thread-content-margin)\">\n<div class=\"[--thread-content-max-width:32rem] @[34rem]:[--thread-content-max-width:40rem] @[64rem]:[--thread-content-max-width:48rem] mx-auto max-w-(--thread-content-max-width) flex-1 group\/turn-messages focus-visible:outline-hidden relative flex w-full min-w-0 flex-col agent-turn\" tabindex=\"-1\">\n<div class=\"flex max-w-full flex-col grow\">\n<div class=\"min-h-8 text-message relative flex w-full flex-col items-end gap-2 text-start break-words whitespace-normal [.text-message+&amp;]:mt-5\" dir=\"auto\" data-message-author-role=\"assistant\" data-message-id=\"6ee8a93f-7fdb-4c7e-b8bb-2a874c3d517b\" data-message-model-slug=\"gpt-4o\">\n<div class=\"flex w-full flex-col gap-1 empty:hidden first:pt-[3px]\">\n<div class=\"markdown prose dark:prose-invert w-full break-words light\">\n<p data-start=\"250\" data-end=\"519\"><em><strong>Th\u1ea3m l\u00f3t s\u00e0n Suzuki Ertiga 2018-2024 l\u00e0 ph\u1ee5 ki\u1ec7n thi\u1ebft y\u1ebfu gi\u00fap gi\u1eef cho khoang xe lu\u00f4n s\u1ea1ch s\u1ebd, \u0111\u1ed3ng th\u1eddi n\u00e2ng cao t\u00ednh th\u1ea9m m\u1ef9 v\u00e0 \u0111\u1ed9 sang tr\u1ecdng cho n\u1ed9i th\u1ea5t. Thi\u1ebft k\u1ebf may \u0111o theo \u0111\u00fang form xe t\u1eeb 2018\u20132024, s\u1ea3n ph\u1ea9m kh\u00f4ng ch\u1ec9 d\u1ec5 l\u1eafp \u0111\u1eb7t m\u00e0 c\u00f2n t\u1ed1i \u01b0u c\u00f4ng n\u0103ng s\u1eed d\u1ee5ng h\u00e0ng ng\u00e0y.<\/strong><\/em><\/p>\n<h2 data-start=\"526\" data-end=\"555\"><strong data-start=\"530\" data-end=\"553\">Gi\u1edbi thi\u1ec7u s\u1ea3n ph\u1ea9m th\u1ea3m l\u00f3t s\u00e0n Suzuki Ertiga 2018-2024<\/strong><\/h2>\n<p data-start=\"556\" data-end=\"986\">Suzuki Ertiga l\u00e0 m\u1eabu MPV \u0111\u01b0\u1ee3c \u01b0a chu\u1ed9ng b\u1edfi thi\u1ebft k\u1ebf 7 ch\u1ed7 ti\u1ec7n d\u1ee5ng v\u00e0 ti\u1ebft ki\u1ec7m nhi\u00ean li\u1ec7u. Tuy nhi\u00ean, do \u0111\u1eb7c th\u00f9 s\u1eed d\u1ee5ng xe cho gia \u0111\u00ecnh \u0111\u00f4ng ng\u01b0\u1eddi ho\u1eb7c d\u1ecbch v\u1ee5, s\u00e0n xe r\u1ea5t d\u1ec5 b\u1ecb b\u00e1m b\u1ee5i, d\u00ednh b\u1ea9n, tr\u1ea7y x\u01b0\u1edbc hay \u00e1m m\u00f9i. Th\u1ea3m l\u00f3t s\u00e0n cao c\u1ea5p \u0111\u01b0\u1ee3c thi\u1ebft k\u1ebf ri\u00eang cho Ertiga s\u1ebd gi\u00fap b\u1ea1n b\u1ea3o v\u1ec7 xe t\u1ed1i \u0111a, \u0111\u1ed3ng th\u1eddi t\u0103ng \u0111\u1ed9 b\u1ec1n cho n\u1ed9i th\u1ea5t. Topcar mang \u0111\u1ebfn gi\u1ea3i ph\u00e1p to\u00e0n di\u1ec7n v\u1edbi m\u1eabu th\u1ea3m hi\u1ec7n \u0111\u1ea1i, d\u1ec5 v\u1ec7 sinh v\u00e0 ph\u00f9 h\u1ee3p th\u1ea9m m\u1ef9.<\/p>\n<figure id=\"attachment_4008\" aria-describedby=\"caption-attachment-4008\" style=\"width: 1024px\" class=\"wp-caption aligncenter\"><img fetchpriority=\"high\" decoding=\"async\" class=\"size-large wp-image-4008\" src=\"http:\/\/khaitest.rf.gd\/wp-content\/uploads\/2025\/07\/bo-tham-lot-san-form-chuan-SUZUKI-Ertiga-1024x1024.png\" alt=\"b\u1ed9 th\u1ea3m l\u00f3t s\u00e0n SUZUKI Ertiga 2018\u20132024.\" width=\"1024\" height=\"1024\" srcset=\"https:\/\/topcar.vn\/wp-content\/uploads\/2025\/07\/bo-tham-lot-san-form-chuan-SUZUKI-Ertiga-1024x1024.png 1024w, https:\/\/topcar.vn\/wp-content\/uploads\/2025\/07\/bo-tham-lot-san-form-chuan-SUZUKI-Ertiga-300x300.png 300w, https:\/\/topcar.vn\/wp-content\/uploads\/2025\/07\/bo-tham-lot-san-form-chuan-SUZUKI-Ertiga-150x150.png 150w, https:\/\/topcar.vn\/wp-content\/uploads\/2025\/07\/bo-tham-lot-san-form-chuan-SUZUKI-Ertiga-768x767.png 768w, https:\/\/topcar.vn\/wp-content\/uploads\/2025\/07\/bo-tham-lot-san-form-chuan-SUZUKI-Ertiga-600x599.png 600w, https:\/\/topcar.vn\/wp-content\/uploads\/2025\/07\/bo-tham-lot-san-form-chuan-SUZUKI-Ertiga-100x100.png 100w, https:\/\/topcar.vn\/wp-content\/uploads\/2025\/07\/bo-tham-lot-san-form-chuan-SUZUKI-Ertiga.png 1081w\" sizes=\"(max-width: 1024px) 100vw, 1024px\" \/><figcaption id=\"caption-attachment-4008\" class=\"wp-caption-text\">B\u1ed9 th\u1ea3m l\u00f3t s\u00e0n form chu\u1ea9n SUZUKI Ertiga 2018\u20132024, b\u1ea3o v\u1ec7 khoang xe kh\u1ecfi b\u1ee5i b\u1ea9n, b\u00f9n \u0111\u1ea5t hay n\u01b0\u1edbc tr\u00e0n<\/figcaption><\/figure>\n<p data-start=\"993\" data-end=\"1022\"><strong data-start=\"997\" data-end=\"1020\">Th\u00f4ng tin chi ti\u1ebft th\u1ea3m l\u00f3t s\u00e0n Suzuki Ertiga 2018-2024:<\/strong><\/p>\n<ul>\n<li data-start=\"1025\" data-end=\"1077\">T\u00ean s\u1ea3n ph\u1ea9m: Th\u1ea3m l\u00f3t s\u00e0n Suzuki Ertiga 7 ch\u1ed7<\/li>\n<li data-start=\"1080\" data-end=\"1134\">D\u00f2ng xe \u00e1p d\u1ee5ng: Suzuki Ertiga \u0111\u1eddi 2018 \u0111\u1ebfn 2024<\/li>\n<li data-start=\"1137\" data-end=\"1188\">Ch\u1ea5t li\u1ec7u: Nh\u1ef1a TPE nguy\u00ean sinh cao c\u1ea5p v\u1edbi thi\u1ebft k\u1ebf 5D<\/li>\n<li data-start=\"1191\" data-end=\"1232\">C\u1ea5u t\u1ea1o:4 l\u1edbp, c\u00f3 \u0111\u1ebf ch\u1ed1ng tr\u01b0\u1ee3t<\/li>\n<li data-start=\"1235\" data-end=\"1283\">M\u00e0u s\u1eafc: \u0110en<\/li>\n<li data-start=\"1286\" data-end=\"1343\">V\u1ecb tr\u00ed ph\u1ee7: To\u00e0n b\u1ed9 s\u00e0n xe, l\u00f3t s\u00e0n c\u1ed1p, h\u00e0ng gh\u1ebf 3<\/li>\n<li data-start=\"1346\" data-end=\"1421\">Thi\u1ebft k\u1ebf: \u0110o form chu\u1ea9n 100%, vi\u1ec1n \u00e9p nhi\u1ec7t tinh x\u1ea3o, g\u1eafn khuy b\u00e1m ch\u1eafc<\/li>\n<\/ul>\n<p data-start=\"1428\" data-end=\"1484\"><strong data-start=\"1432\" data-end=\"1482\">\u01afu \u0111i\u1ec3m n\u1ed5i b\u1eadt c\u1ee7a th\u1ea3m l\u00f3t s\u00e0n Suzuki Ertiga 2018-2024<\/strong><\/p>\n<ul>\n<li data-start=\"1487\" data-end=\"1599\">B\u1ea3o v\u1ec7 s\u00e0n xe t\u1ed1i \u0111a kh\u1ecfi b\u00f9n \u0111\u1ea5t, n\u01b0\u1edbc m\u01b0a, \u0111\u1ed3 \u0103n r\u01a1i v\u00e3i \u2013 \u0111\u1eb7c bi\u1ec7t ph\u00f9 h\u1ee3p v\u1edbi xe gia \u0111\u00ecnh v\u00e0 d\u1ecbch v\u1ee5<\/li>\n<li data-start=\"1602\" data-end=\"1680\">Ch\u1ea5t li\u1ec7u th\u00e2n thi\u1ec7n, kh\u00f4ng m\u00f9i, an to\u00e0n cho tr\u1ebb nh\u1ecf v\u00e0 ng\u01b0\u1eddi l\u1edbn tu\u1ed5i<\/li>\n<li data-start=\"1683\" data-end=\"1755\">Vi\u1ec1n cao ch\u1ed1ng tr\u00e0n, gi\u1eef cho b\u1ec1 m\u1eb7t s\u00e0n lu\u00f4n kh\u00f4 tho\u00e1ng, s\u1ea1ch s\u1ebd<\/li>\n<li data-start=\"1758\" data-end=\"1832\">D\u1ec5 th\u00e1o l\u1eafp, v\u1ec7 sinh b\u1eb1ng kh\u0103n \u01b0\u1edbt ho\u1eb7c n\u01b0\u1edbc \u2013 ti\u1ebft ki\u1ec7m th\u1eddi gian<\/li>\n<li data-start=\"1835\" data-end=\"1898\">\u0110\u1ed9 b\u1ec1n cao, \u00edt bai gi\u00e3n, kh\u00f4ng cong v\u00eanh theo th\u1eddi gian<\/li>\n<li data-start=\"1901\" data-end=\"1980\">T\u0103ng th\u1ea9m m\u1ef9 n\u1ed9i th\u1ea5t, sang tr\u1ecdng v\u00e0 tinh t\u1ebf h\u01a1n h\u1eb3n th\u1ea3m n\u1ec9 nguy\u00ean b\u1ea3n<\/li>\n<\/ul>\n<p data-start=\"1987\" data-end=\"2042\"><strong data-start=\"1991\" data-end=\"2040\">Gi\u00e1 b\u00e1n th\u1ea3m l\u00f3t s\u00e0n Suzuki Ertiga 2018-2024<\/strong><\/p>\n<ul data-start=\"2043\" data-end=\"2185\">\n<li data-start=\"2043\" data-end=\"2109\">\n<p data-start=\"2045\" data-end=\"2109\">Gi\u00e1 combo tr\u1ecdn b\u1ed9: 2.300.000\u0111<\/p>\n<\/li>\n<\/ul>\n<figure id=\"attachment_4009\" aria-describedby=\"caption-attachment-4009\" style=\"width: 1024px\" class=\"wp-caption aligncenter\"><img decoding=\"async\" class=\"size-large wp-image-4009\" src=\"http:\/\/khaitest.rf.gd\/wp-content\/uploads\/2025\/07\/bo-tham-lot-san-SUZUKI-Ertiga-2018\u20132024-1024x1024.png\" alt=\"b\u1ed9 th\u1ea3m l\u00f3t s\u00e0n SUZUKI Ertiga 2018\u20132024.\" width=\"1024\" height=\"1024\" srcset=\"https:\/\/topcar.vn\/wp-content\/uploads\/2025\/07\/bo-tham-lot-san-SUZUKI-Ertiga-2018\u20132024-1024x1024.png 1024w, https:\/\/topcar.vn\/wp-content\/uploads\/2025\/07\/bo-tham-lot-san-SUZUKI-Ertiga-2018\u20132024-300x300.png 300w, https:\/\/topcar.vn\/wp-content\/uploads\/2025\/07\/bo-tham-lot-san-SUZUKI-Ertiga-2018\u20132024-150x150.png 150w, https:\/\/topcar.vn\/wp-content\/uploads\/2025\/07\/bo-tham-lot-san-SUZUKI-Ertiga-2018\u20132024-768x767.png 768w, https:\/\/topcar.vn\/wp-content\/uploads\/2025\/07\/bo-tham-lot-san-SUZUKI-Ertiga-2018\u20132024-600x599.png 600w, https:\/\/topcar.vn\/wp-content\/uploads\/2025\/07\/bo-tham-lot-san-SUZUKI-Ertiga-2018\u20132024-100x100.png 100w, https:\/\/topcar.vn\/wp-content\/uploads\/2025\/07\/bo-tham-lot-san-SUZUKI-Ertiga-2018\u20132024.png 1081w\" sizes=\"(max-width: 1024px) 100vw, 1024px\" \/><figcaption id=\"caption-attachment-4009\" class=\"wp-caption-text\">Th\u1ea3m \u00f4m s\u00e1t t\u1eebng g\u00f3c c\u1ea1nh, kh\u00f4ng cong v\u00eanh, kh\u00f4ng x\u00ea d\u1ecbch, gi\u1eef kh\u00f4ng gian lu\u00f4n g\u1ecdn g\u00e0ng nh\u01b0 zin.<\/figcaption><\/figure>\n<h3 data-start=\"2192\" data-end=\"2288\"><strong data-start=\"2196\" data-end=\"2286\">Mua th\u1ea3m l\u00f3t s\u00e0n Suzuki Ertiga 2018-2024 ch\u00ednh h\u00e3ng t\u1ea1i Topcar<\/strong><\/h3>\n<p data-start=\"2289\" data-end=\"2394\">Topcar l\u00e0 \u0111\u1ecba ch\u1ec9 uy t\u00edn chuy\u00ean cung c\u1ea5p <strong data-start=\"2330\" data-end=\"2384\">th\u1ea3m l\u00f3t s\u00e0n cao c\u1ea5p may \u0111o ri\u00eang cho t\u1eebng d\u00f2ng xe<\/strong>, \u0111\u1ea3m b\u1ea3o:<\/p>\n<ul>\n<li data-start=\"2397\" data-end=\"2446\">Thi\u1ebft k\u1ebf \u0111\u00fang form \u2013 L\u1eafp kh\u00edt kh\u00f4ng x\u00f4 l\u1ec7ch<\/li>\n<li data-start=\"2449\" data-end=\"2499\">Ch\u1ea5t li\u1ec7u nh\u1eadp kh\u1ea9u b\u1ec1n b\u1ec9, an to\u00e0n s\u1ee9c kh\u1ecfe<\/li>\n<li data-start=\"2502\" data-end=\"2554\">Giao h\u00e0ng to\u00e0n qu\u1ed1c \u2013 Thanh to\u00e1n khi nh\u1eadn h\u00e0ng<\/li>\n<li data-start=\"2557\" data-end=\"2618\">T\u01b0 v\u1ea5n nhi\u1ec7t t\u00ecnh 1:1, h\u1ed7 tr\u1ee3 ch\u1ecdn m\u00e0u, ph\u1ed1i phong c\u00e1ch<\/li>\n<li data-start=\"2621\" data-end=\"2676\">\u0110\u1ea3m b\u1ea3o 1 \u0111\u1ed5i 1 n\u1ebfu ph\u00e1t hi\u1ec7n l\u1ed7i do nh\u00e0 s\u1ea3n xu\u1ea5t<\/li>\n<li data-start=\"2677\" data-end=\"2814\">\n<p data-start=\"2679\" data-end=\"2814\">Ngo\u00e0i ra, Topcar lu\u00f4n c\u00f3 ch\u01b0\u01a1ng tr\u00ecnh \u01b0u \u0111\u00e3i \u0111\u1eb7c bi\u1ec7t, gi\u00fap b\u1ea1n mua s\u1eafm ti\u1ebft ki\u1ec7m h\u01a1n m\u00e0 v\u1eabn \u0111\u1ea3m b\u1ea3o ch\u1ea5t l\u01b0\u1ee3ng v\u00e0 s\u1ef1 h\u00e0i l\u00f2ng.<\/p>\n<\/li>\n<\/ul>\n<p data-start=\"2821\" data-end=\"2839\"><strong data-start=\"997\" data-end=\"1020\">Th\u1ea3m l\u00f3t s\u00e0n Suzuki Ertiga 2018-2024<\/strong> kh\u00f4ng ch\u1ec9 gi\u00fap b\u1ea1n gi\u1eef s\u1ea1ch khoang n\u1ed9i th\u1ea5t m\u00e0 c\u00f2n n\u00e2ng cao gi\u00e1 tr\u1ecb s\u1eed d\u1ee5ng v\u00e0 \u0111\u1ed9 b\u1ec1n c\u1ee7a xe. L\u1ef1a ch\u1ecdn th\u1ea3m ch\u00ednh h\u00e3ng t\u1ea1i Topcar l\u00e0 c\u00e1ch b\u1ea1n \u0111\u1ea7u t\u01b0 th\u00f4ng minh cho chi\u1ebfc MPV y\u00eau qu\u00fd c\u1ee7a m\u00ecnh. \u0110\u1eb7t h\u00e0ng ngay h\u00f4m nay \u0111\u1ec3 t\u1eadn h\u01b0\u1edfng d\u1ecbch v\u1ee5 chuy\u00ean nghi\u1ec7p v\u00e0 qu\u00e0 t\u1eb7ng h\u1ea5p d\u1eabn!<\/p>\n<figure id=\"attachment_4010\" aria-describedby=\"caption-attachment-4010\" style=\"width: 1024px\" class=\"wp-caption aligncenter\"><img decoding=\"async\" class=\"size-large wp-image-4010\" src=\"http:\/\/khaitest.rf.gd\/wp-content\/uploads\/2025\/07\/tham-lot-san-SUZUKI-Ertiga-2018\u20132024-1024x1024.png\" alt=\"th\u1ea3m l\u00f3t s\u00e0n SUZUKI Ertiga 2018\u20132024. Kh\u00f4ng ch\u1ec9 b\u1ea3o v\u1ec7, b\u1ed9 th\u1ea3m c\u00f2n l\u00e0 \u201ctrang s\u1ee9c n\u1ed9i th\u1ea5t\u201d\" width=\"1024\" height=\"1024\" srcset=\"https:\/\/topcar.vn\/wp-content\/uploads\/2025\/07\/tham-lot-san-SUZUKI-Ertiga-2018\u20132024-1024x1024.png 1024w, https:\/\/topcar.vn\/wp-content\/uploads\/2025\/07\/tham-lot-san-SUZUKI-Ertiga-2018\u20132024-300x300.png 300w, https:\/\/topcar.vn\/wp-content\/uploads\/2025\/07\/tham-lot-san-SUZUKI-Ertiga-2018\u20132024-150x150.png 150w, https:\/\/topcar.vn\/wp-content\/uploads\/2025\/07\/tham-lot-san-SUZUKI-Ertiga-2018\u20132024-768x767.png 768w, https:\/\/topcar.vn\/wp-content\/uploads\/2025\/07\/tham-lot-san-SUZUKI-Ertiga-2018\u20132024-600x599.png 600w, https:\/\/topcar.vn\/wp-content\/uploads\/2025\/07\/tham-lot-san-SUZUKI-Ertiga-2018\u20132024-100x100.png 100w, https:\/\/topcar.vn\/wp-content\/uploads\/2025\/07\/tham-lot-san-SUZUKI-Ertiga-2018\u20132024.png 1081w\" sizes=\"(max-width: 1024px) 100vw, 1024px\" \/><figcaption id=\"caption-attachment-4010\" class=\"wp-caption-text\">\u0110i\u1ec3m c\u1ed9ng l\u1edbn nh\u1ea5t l\u00e0 thi\u1ebft k\u1ebf tr\u00e0n vi\u1ec1n th\u00f4ng minh \u2013 nh\u01b0 m\u1ed9t t\u1ea5m \u201c\u00e1o gi\u00e1p\u201d b\u1ea3o v\u1ec7 to\u00e0n di\u1ec7n, ng\u0103n c\u00e1t b\u1ee5i, \u0111\u1ed3 \u0103n r\u01a1i v\u00e3i, th\u1eadm ch\u00ed c\u1ea3 n\u01b0\u1edbc tr\u00e0n. V\u1ec7 sinh c\u0169ng c\u1ef1c \u0111\u01a1n gi\u1ea3n: ch\u1ec9 c\u1ea7n x\u1ecbt r\u1eeda ho\u1eb7c lau nh\u1eb9 l\u00e0 s\u1ea1ch b\u00f3ng nh\u01b0 m\u1edbi.<\/figcaption><\/figure>\n<p><strong data-start=\"2575\" data-end=\"2618\">Li\u00ean h\u1ec7 ngay \u0111\u1ec3 \u0111\u01b0\u1ee3c t\u01b0 v\u1ea5n &amp; \u0111\u1eb7t h\u00e0ng:<\/strong><\/p>\n<ul>\n<li>\ud83d\udcdeHotline \/ Zalo: 0889.385.222<\/li>\n<li data-start=\"2360\" data-end=\"2565\">\ud83c\udfe0 \u0110\u1ecba ch\u1ec9: S\u1ed1 9 BT2, Khu \u0111\u00f4 th\u1ecb Foresa Xu\u00e2n Ph\u01b0\u01a1ng, Nam T\u1eeb Li\u00eam, H\u00e0 N\u1ed9i<\/li>\n<li data-start=\"2360\" data-end=\"2565\">\ud83c\udf10 Website: <a class=\"\" href=\"https:\/\/Topcar.vn\" target=\"_new\" rel=\"noopener\" data-start=\"3540\" data-end=\"3578\">https:\/\/Topcar.vn<\/a><\/li>\n<\/ul>\n<\/div>\n<\/div>\n<\/div>\n<\/div>\n<\/div>\n<\/div>\n<\/article>\n","protected":false},"excerpt":{"rendered":"<ul>\n<li>Mi\u1ec5n ph\u00ed giao h\u00e0ng to\u00e0n qu\u1ed1c<\/li>\n<li>Nh\u1eadn h\u00e0ng &gt; L\u1eafp \u0111\u1eb7t &gt; Thanh to\u00e1n<\/li>\n<li>B\u1ea3o h\u00e0nh 5 n\u0103m<\/li>\n<\/ul>\n","protected":false},"featured_media":4648,"comment_status":"closed","ping_status":"closed","template":"","meta":{"site-sidebar-layout":"no-sidebar","site-content-layout":"content-boxed-container","ast-site-content-layout":"normal-width-container","site-content-style":"boxed","site-sidebar-style":"unboxed","ast-global-header-display":"","ast-banner-title-visibility":"","ast-main-header-display":"","ast-hfb-above-header-display":"","ast-hfb-below-header-display":"","ast-hfb-mobile-header-display":"","site-post-title":"","ast-breadcrumbs-content":"","ast-featured-img":"","footer-sml-layout":"","ast-disable-related-posts":"","theme-transparent-header-meta":"default","adv-header-id-meta":"","stick-header-meta":"","header-above-stick-meta":"","header-main-stick-meta":"","header-below-stick-meta":"","astra-migrate-meta-layouts":"set","ast-page-background-enabled":"default","ast-page-background-meta":{"desktop":{"background-color":"var(--ast-global-color-4)","background-image":"","background-repeat":"repeat","background-position":"center center","background-size":"auto","background-attachment":"scroll","background-type":"","background-media":"","overlay-type":"","overlay-color":"","overlay-opacity":"","overlay-gradient":""},"tablet":{"background-color":"","background-image":"","background-repeat":"repeat","background-position":"center center","background-size":"auto","background-attachment":"scroll","background-type":"","background-media":"","overlay-type":"","overlay-color":"","overlay-opacity":"","overlay-gradient":""},"mobile":{"background-color":"","background-image":"","background-repeat":"repeat","background-position":"center center","background-size":"auto","background-attachment":"scroll","background-type":"","background-media":"","overlay-type":"","overlay-color":"","overlay-opacity":"","overlay-gradient":""}},"ast-content-background-meta":{"desktop":{"background-color":"var(--ast-global-color-5)","background-image":"","background-repeat":"repeat","background-position":"center center","background-size":"auto","background-attachment":"scroll","background-type":"","background-media":"","overlay-type":"","overlay-color":"","overlay-opacity":"","overlay-gradient":""},"tablet":{"background-color":"var(--ast-global-color-5)","background-image":"","background-repeat":"repeat","background-position":"center center","background-size":"auto","background-attachment":"scroll","background-type":"","background-media":"","overlay-type":"","overlay-color":"","overlay-opacity":"","overlay-gradient":""},"mobile":{"background-color":"var(--ast-global-color-5)","background-image":"","background-repeat":"repeat","background-position":"center center","background-size":"auto","background-attachment":"scroll","background-type":"","background-media":"","overlay-type":"","overlay-color":"","overlay-opacity":"","overlay-gradient":""}}},"product_brand":[],"product_cat":[53,43],"product_tag":[73,74,77,75,76],"class_list":{"0":"post-2090","1":"product","2":"type-product","3":"status-publish","4":"has-post-thumbnail","6":"product_cat-tham-lot-san-o-to-suzuki","7":"product_cat-tham-lot-san-o-to","8":"product_tag-tham-lot-san-o-to","9":"product_tag-tham-lot-san-o-to-bang-nhua","10":"product_tag-tham-lot-san-o-to-nhua-duc","11":"product_tag-tham-lot-san-o-to-tot-nhat-hien-nay","12":"product_tag-tham-lot-san-o-to-tpe","13":"desktop-align-left","14":"tablet-align-left","15":"mobile-align-left","17":"first","18":"instock","19":"shipping-taxable","20":"purchasable","21":"product-type-variable"},"_links":{"self":[{"href":"https:\/\/topcar.vn\/index.php?rest_route=\/wp\/v2\/product\/2090","targetHints":{"allow":["GET"]}}],"collection":[{"href":"https:\/\/topcar.vn\/index.php?rest_route=\/wp\/v2\/product"}],"about":[{"href":"https:\/\/topcar.vn\/index.php?rest_route=\/wp\/v2\/types\/product"}],"replies":[{"embeddable":true,"href":"https:\/\/topcar.vn\/index.php?rest_route=%2Fwp%2Fv2%2Fcomments&post=2090"}],"version-history":[{"count":3,"href":"https:\/\/topcar.vn\/index.php?rest_route=\/wp\/v2\/product\/2090\/revisions"}],"predecessor-version":[{"id":4005,"href":"https:\/\/topcar.vn\/index.php?rest_route=\/wp\/v2\/product\/2090\/revisions\/4005"}],"wp:featuredmedia":[{"embeddable":true,"href":"https:\/\/topcar.vn\/index.php?rest_route=\/wp\/v2\/media\/4648"}],"wp:attachment":[{"href":"https:\/\/topcar.vn\/index.php?rest_route=%2Fwp%2Fv2%2Fmedia&parent=2090"}],"wp:term":[{"taxonomy":"product_brand","embeddable":true,"href":"https:\/\/topcar.vn\/index.php?rest_route=%2Fwp%2Fv2%2Fproduct_brand&post=2090"},{"taxonomy":"product_cat","embeddable":true,"href":"https:\/\/topcar.vn\/index.php?rest_route=%2Fwp%2Fv2%2Fproduct_cat&post=2090"},{"taxonomy":"product_tag","embeddable":true,"href":"https:\/\/topcar.vn\/index.php?rest_route=%2Fwp%2Fv2%2Fproduct_tag&post=2090"}],"curies":[{"name":"wp","href":"https:\/\/api.w.org\/{rel}","templated":true}]}}