{"id":2086,"date":"2025-07-28T10:03:32","date_gmt":"2025-07-28T03:03:32","guid":{"rendered":"http:\/\/khaitest.rf.gd\/?post_type=product&#038;p=2086"},"modified":"2025-12-05T15:17:52","modified_gmt":"2025-12-05T08:17:52","slug":"tham-lot-san-nissan-navara","status":"publish","type":"product","link":"https:\/\/topcar.vn\/?product=tham-lot-san-nissan-navara","title":{"rendered":"Th\u1ea3m l\u00f3t s\u00e0n Nissan Navara"},"content":{"rendered":"<article class=\"text-token-text-primary w-full\" dir=\"auto\" data-testid=\"conversation-turn-10\" data-scroll-anchor=\"true\">\n<div class=\"text-base my-auto mx-auto pb-10 [--thread-content-margin:--spacing(4)] @[37rem]:[--thread-content-margin:--spacing(6)] @[72rem]:[--thread-content-margin:--spacing(16)] px-(--thread-content-margin)\">\n<div class=\"[--thread-content-max-width:32rem] @[34rem]:[--thread-content-max-width:40rem] @[64rem]:[--thread-content-max-width:48rem] mx-auto max-w-(--thread-content-max-width) flex-1 group\/turn-messages focus-visible:outline-hidden relative flex w-full min-w-0 flex-col agent-turn\" tabindex=\"-1\">\n<div class=\"flex max-w-full flex-col grow\">\n<div class=\"min-h-8 text-message relative flex w-full flex-col items-end gap-2 text-start break-words whitespace-normal [.text-message+&amp;]:mt-5\" dir=\"auto\" data-message-author-role=\"assistant\" data-message-id=\"6ee8a93f-7fdb-4c7e-b8bb-2a874c3d517b\" data-message-model-slug=\"gpt-4o\">\n<div class=\"flex w-full flex-col gap-1 empty:hidden first:pt-[3px]\">\n<div class=\"markdown prose dark:prose-invert w-full break-words light\">\n<p data-start=\"246\" data-end=\"493\"><em><strong>Th\u1ea3m l\u00f3t s\u00e0n Nissan Navara l\u00e0 l\u1ef1a ch\u1ecdn kh\u00f4ng th\u1ec3 thi\u1ebfu cho c\u00e1c ch\u1ee7 xe b\u00e1n t\u1ea3i y\u00eau th\u00edch s\u1ef1 g\u1ecdn g\u00e0ng, s\u1ea1ch s\u1ebd v\u00e0 ti\u1ec7n nghi. \u0110\u01b0\u1ee3c thi\u1ebft k\u1ebf ri\u00eang theo form xe, s\u1ea3n ph\u1ea9m gi\u00fap gi\u1eef cho n\u1ed9i th\u1ea5t lu\u00f4n s\u1ea1ch s\u1ebd, ch\u1ed1ng b\u00e1m b\u1ea9n v\u00e0 t\u0103ng t\u00ednh th\u1ea9m m\u1ef9 v\u01b0\u1ee3t tr\u1ed9i.<\/strong><\/em><\/p>\n<h2 data-start=\"500\" data-end=\"529\"><strong data-start=\"504\" data-end=\"527\">Gi\u1edbi thi\u1ec7u s\u1ea3n ph\u1ea9m<\/strong><\/h2>\n<p data-start=\"530\" data-end=\"883\">V\u1edbi thi\u1ebft k\u1ebf h\u1ea7m h\u1ed1, \u0111a d\u1ee5ng, Nissan Navara th\u01b0\u1eddng xuy\u00ean ch\u1edf h\u00e0ng n\u1eb7ng ho\u1eb7c di chuy\u1ec3n qua nhi\u1ec1u cung \u0111\u01b0\u1eddng b\u00f9n \u0111\u1ea5t. Do \u0111\u00f3, th\u1ea3m l\u00f3t s\u00e0n Nissan Navara chuy\u00ean d\u1ee5ng l\u00e0 ph\u1ee5 ki\u1ec7n gi\u00fap gi\u1eef s\u00e0n xe lu\u00f4n s\u1ea1ch s\u1ebd, tr\u00e1nh b\u1ecb m\u00e0i m\u00f2n, tr\u1ea7y x\u01b0\u1edbc ho\u1eb7c \u00e1m m\u00f9i. Topcar cung c\u1ea5p th\u1ea3m l\u00f3t s\u00e0n chu\u1ea9n form cho Navara c\u00e1c \u0111\u1eddi xe t\u1eeb 2015 \u0111\u1ebfn nay, \u0111\u1ea3m b\u1ea3o \u0111\u1ed9 kh\u00edt s\u00e1t v\u00e0 an to\u00e0n khi s\u1eed d\u1ee5ng.<\/p>\n<figure id=\"attachment_4017\" aria-describedby=\"caption-attachment-4017\" style=\"width: 1024px\" class=\"wp-caption aligncenter\"><img fetchpriority=\"high\" decoding=\"async\" class=\"size-large wp-image-4017\" src=\"http:\/\/khaitest.rf.gd\/wp-content\/uploads\/2025\/07\/Tham-lot-san-Nisan-Navara-1024x1024.png\" alt=\"Ch\u1ea5t li\u1ec7u TPE cao c\u1ea5p\" width=\"1024\" height=\"1024\" srcset=\"https:\/\/topcar.vn\/wp-content\/uploads\/2025\/07\/Tham-lot-san-Nisan-Navara-1024x1024.png 1024w, https:\/\/topcar.vn\/wp-content\/uploads\/2025\/07\/Tham-lot-san-Nisan-Navara-300x300.png 300w, https:\/\/topcar.vn\/wp-content\/uploads\/2025\/07\/Tham-lot-san-Nisan-Navara-150x150.png 150w, https:\/\/topcar.vn\/wp-content\/uploads\/2025\/07\/Tham-lot-san-Nisan-Navara-768x767.png 768w, https:\/\/topcar.vn\/wp-content\/uploads\/2025\/07\/Tham-lot-san-Nisan-Navara-600x599.png 600w, https:\/\/topcar.vn\/wp-content\/uploads\/2025\/07\/Tham-lot-san-Nisan-Navara-100x100.png 100w, https:\/\/topcar.vn\/wp-content\/uploads\/2025\/07\/Tham-lot-san-Nisan-Navara.png 1081w\" sizes=\"(max-width: 1024px) 100vw, 1024px\" \/><figcaption id=\"caption-attachment-4017\" class=\"wp-caption-text\">Ch\u1ea5t li\u1ec7u TPE cao c\u1ea5p: kh\u00e1ng n\u01b0\u1edbc, ch\u1ed1ng b\u00f9n \u0111\u1ea5t, d\u1ec5 v\u1ec7 sinh, b\u1ec1n b\u1ec9 tr\u01b0\u1edbc m\u1ecdi \u0111i\u1ec1u ki\u1ec7n th\u1eddi ti\u1ebft.<\/figcaption><\/figure>\n<p data-start=\"890\" data-end=\"919\"><strong data-start=\"894\" data-end=\"917\">Th\u00f4ng tin chi ti\u1ebft:<\/strong><\/p>\n<ul>\n<li data-start=\"922\" data-end=\"964\">T\u00ean s\u1ea3n ph\u1ea9m: Th\u1ea3m l\u00f3t s\u00e0n Nissan Navara<\/li>\n<li data-start=\"967\" data-end=\"1002\">D\u00f2ng xe \u00e1p d\u1ee5ng: Navara 2015\u20132024<\/li>\n<li data-start=\"1005\" data-end=\"1053\">Ch\u1ea5t li\u1ec7u: nh\u1ef1a TPE cao c\u1ea5p 5D<\/li>\n<li data-start=\"1056\" data-end=\"1088\">M\u00e0u s\u1eafc: \u0110en<\/li>\n<li data-start=\"1091\" data-end=\"1154\">Thi\u1ebft k\u1ebf: May \u0111o form chu\u1ea9n t\u1eebng v\u1ecb tr\u00ed, ch\u1ed1ng tr\u01b0\u1ee3t hi\u1ec7u qu\u1ea3<\/li>\n<\/ul>\n<p data-start=\"1161\" data-end=\"1187\"><strong data-start=\"1165\" data-end=\"1185\">\u01afu \u0111i\u1ec3m n\u1ed5i b\u1eadt:<\/strong><\/p>\n<ul>\n<li data-start=\"1190\" data-end=\"1289\">Ch\u1ed1ng n\u01b0\u1edbc, ch\u1ed1ng b\u1ee5i v\u00e0 b\u00f9n \u0111\u1ea5t hi\u1ec7u qu\u1ea3 \u2013 ph\u00f9 h\u1ee3p xe b\u00e1n t\u1ea3i th\u01b0\u1eddng xuy\u00ean v\u1eadn h\u00e0nh ngo\u00e0i tr\u1eddi<\/li>\n<li data-start=\"1292\" data-end=\"1350\">Kh\u00f4ng m\u00f9i \u2013 an to\u00e0n cho c\u1ea3 gia \u0111\u00ecnh v\u00e0 ng\u01b0\u1eddi b\u1ecb d\u1ecb \u1ee9ng<\/li>\n<li data-start=\"1353\" data-end=\"1410\">C\u1ea1nh vi\u1ec1n cao, bo s\u00e1t gi\u00fap gi\u1eef s\u1ea1ch s\u00e0n v\u00e0 d\u1ec5 v\u1ec7 sinh<\/li>\n<li data-start=\"1353\" data-end=\"1410\">T\u0103ng \u0111\u1ed9 sang tr\u1ecdng, s\u1ea1ch s\u1ebd cho khoang n\u1ed9i th\u1ea5t<\/li>\n<li data-start=\"1467\" data-end=\"1520\">L\u1eafp \u0111\u1eb7t nhanh ch\u00f3ng, d\u1ec5 th\u00e1o r\u1eeda, v\u1ec7 sinh \u0111\u1ecbnh k\u1ef3<\/li>\n<\/ul>\n<p data-start=\"1527\" data-end=\"1572\"><strong data-start=\"1531\" data-end=\"1570\">Gi\u00e1 b\u00e1n th\u1ea3m l\u00f3t s\u00e0n Nissan Navara:<\/strong><\/p>\n<ul>\n<li data-start=\"1573\" data-end=\"1623\">Combo tr\u1ecdn b\u1ed9: <strong data-start=\"1609\" data-end=\"1623\">2.200.000\u0111<\/strong><\/li>\n<li data-start=\"1573\" data-end=\"1623\">\n<div class=\"mceTemp\">\n<p><img decoding=\"async\" class=\"size-large wp-image-4018 aligncenter\" src=\"http:\/\/khaitest.rf.gd\/wp-content\/uploads\/2025\/07\/Tham-lot-san-oto-Nisan-Navara-1024x1024.png\" alt=\"b\u1ed9 th\u1ea3m l\u00f3t s\u00e0n Nisan Navara form chu\u1ea9n cao c\u1ea5p.\" width=\"1024\" height=\"1024\" srcset=\"https:\/\/topcar.vn\/wp-content\/uploads\/2025\/07\/Tham-lot-san-oto-Nisan-Navara-1024x1024.png 1024w, https:\/\/topcar.vn\/wp-content\/uploads\/2025\/07\/Tham-lot-san-oto-Nisan-Navara-300x300.png 300w, https:\/\/topcar.vn\/wp-content\/uploads\/2025\/07\/Tham-lot-san-oto-Nisan-Navara-150x150.png 150w, https:\/\/topcar.vn\/wp-content\/uploads\/2025\/07\/Tham-lot-san-oto-Nisan-Navara-768x767.png 768w, https:\/\/topcar.vn\/wp-content\/uploads\/2025\/07\/Tham-lot-san-oto-Nisan-Navara-600x599.png 600w, https:\/\/topcar.vn\/wp-content\/uploads\/2025\/07\/Tham-lot-san-oto-Nisan-Navara-100x100.png 100w, https:\/\/topcar.vn\/wp-content\/uploads\/2025\/07\/Tham-lot-san-oto-Nisan-Navara.png 1081w\" sizes=\"(max-width: 1024px) 100vw, 1024px\" \/><\/p>\n<ul id=\"attachment_4018\" class=\"wp-caption aligncenter\" style=\"width: 1024px;\">Th\u1ea3m l\u00f3t s\u00e0n Nissan Navara \u2013 B\u1ec1n b\u1ec9 cho chi\u1ebfn binh off-road<\/ul>\n<\/div>\n<\/li>\n<\/ul>\n<h2 data-start=\"1630\" data-end=\"1692\"><strong data-start=\"1634\" data-end=\"1690\">Mua th\u1ea3m l\u00f3t s\u00e0n Nissan Navara ch\u00ednh h\u00e3ng t\u1ea1i Topcar<\/strong><\/h2>\n<p data-start=\"1693\" data-end=\"1722\">T\u1ea1i Topcar, b\u1ea1n s\u1ebd nh\u1eadn \u0111\u01b0\u1ee3c:<\/p>\n<ul>\n<li data-start=\"1725\" data-end=\"1774\">S\u1ea3n ph\u1ea9m ch\u00ednh h\u00e3ng \u2013 thi\u1ebft k\u1ebf ri\u00eang cho Navara<\/li>\n<li data-start=\"1777\" data-end=\"1823\">H\u1ed7 tr\u1ee3 giao h\u00e0ng nhanh, nh\u1eadn h\u00e0ng thanh to\u00e1n<\/li>\n<li data-start=\"1826\" data-end=\"1874\">T\u01b0 v\u1ea5n t\u1eadn t\u00e2m, ch\u1ecdn m\u1eabu ph\u00f9 h\u1ee3p phong c\u00e1ch xe<\/li>\n<li data-start=\"1877\" data-end=\"1927\">B\u1ea3o h\u00e0nh 1 \u0111\u1ed5i 1 n\u1ebfu s\u1ea3n ph\u1ea9m b\u1ecb l\u1ed7i do s\u1ea3n xu\u1ea5t<\/li>\n<\/ul>\n<figure id=\"attachment_4016\" aria-describedby=\"caption-attachment-4016\" style=\"width: 1024px\" class=\"wp-caption aligncenter\"><img decoding=\"async\" class=\"size-large wp-image-4016\" src=\"http:\/\/khaitest.rf.gd\/wp-content\/uploads\/2025\/07\/Bo-tham-lot-san-Nisan-Navara-1024x1024.png\" alt=\"Th\u1ea3m l\u00f3t s\u00e0n Nissan Navara,\" width=\"1024\" height=\"1024\" srcset=\"https:\/\/topcar.vn\/wp-content\/uploads\/2025\/07\/Bo-tham-lot-san-Nisan-Navara-1024x1024.png 1024w, https:\/\/topcar.vn\/wp-content\/uploads\/2025\/07\/Bo-tham-lot-san-Nisan-Navara-300x300.png 300w, https:\/\/topcar.vn\/wp-content\/uploads\/2025\/07\/Bo-tham-lot-san-Nisan-Navara-150x150.png 150w, https:\/\/topcar.vn\/wp-content\/uploads\/2025\/07\/Bo-tham-lot-san-Nisan-Navara-768x767.png 768w, https:\/\/topcar.vn\/wp-content\/uploads\/2025\/07\/Bo-tham-lot-san-Nisan-Navara-600x599.png 600w, https:\/\/topcar.vn\/wp-content\/uploads\/2025\/07\/Bo-tham-lot-san-Nisan-Navara-100x100.png 100w, https:\/\/topcar.vn\/wp-content\/uploads\/2025\/07\/Bo-tham-lot-san-Nisan-Navara.png 1081w\" sizes=\"(max-width: 1024px) 100vw, 1024px\" \/><figcaption id=\"caption-attachment-4016\" class=\"wp-caption-text\">V\u1edbi b\u1ed9 th\u1ea3m l\u00f3t s\u00e0n Nissan Navara, b\u1ea1n s\u1ebd kh\u00f4ng c\u00f2n lo l\u1eafng v\u1ec1 b\u1ee5i b\u1ea9n sau nh\u1eefng chuy\u1ebfn off-road, v\u1eeba gi\u1eef xe s\u1ea1ch s\u1ebd, v\u1eeba t\u0103ng th\u00eam ph\u1ea7n sang tr\u1ecdng v\u00e0 ti\u1ec7n nghi.<\/figcaption><\/figure>\n<p><strong data-start=\"2575\" data-end=\"2618\">Li\u00ean h\u1ec7 ngay \u0111\u1ec3 \u0111\u01b0\u1ee3c t\u01b0 v\u1ea5n &amp; \u0111\u1eb7t h\u00e0ng:<\/strong><\/p>\n<ul>\n<li>\ud83d\udcdeHotline \/ Zalo: 0889.385.222<\/li>\n<li data-start=\"2360\" data-end=\"2565\">\ud83c\udfe0 \u0110\u1ecba ch\u1ec9: S\u1ed1 9 BT2, Khu \u0111\u00f4 th\u1ecb Foresa Xu\u00e2n Ph\u01b0\u01a1ng, Nam T\u1eeb Li\u00eam, H\u00e0 N\u1ed9i<\/li>\n<li data-start=\"2360\" data-end=\"2565\">\ud83c\udf10 Website: <a class=\"\" href=\"https:\/\/Topcar.vn\" target=\"_new\" rel=\"noopener\" data-start=\"3540\" data-end=\"3578\">https:\/\/Topcar.vn<\/a><\/li>\n<\/ul>\n<\/div>\n<\/div>\n<\/div>\n<\/div>\n<\/div>\n<\/div>\n<\/article>\n","protected":false},"excerpt":{"rendered":"<ul>\n<li>Mi\u1ec5n ph\u00ed giao h\u00e0ng to\u00e0n qu\u1ed1c<\/li>\n<li>Nh\u1eadn h\u00e0ng &gt; L\u1eafp \u0111\u1eb7t &gt; Thanh to\u00e1n<\/li>\n<li>B\u1ea3o h\u00e0nh 5 n\u0103m<\/li>\n<\/ul>\n","protected":false},"featured_media":4019,"comment_status":"closed","ping_status":"closed","template":"","meta":{"site-sidebar-layout":"no-sidebar","site-content-layout":"content-boxed-container","ast-site-content-layout":"normal-width-container","site-content-style":"boxed","site-sidebar-style":"unboxed","ast-global-header-display":"","ast-banner-title-visibility":"","ast-main-header-display":"","ast-hfb-above-header-display":"","ast-hfb-below-header-display":"","ast-hfb-mobile-header-display":"","site-post-title":"","ast-breadcrumbs-content":"","ast-featured-img":"","footer-sml-layout":"","ast-disable-related-posts":"","theme-transparent-header-meta":"default","adv-header-id-meta":"","stick-header-meta":"","header-above-stick-meta":"","header-main-stick-meta":"","header-below-stick-meta":"","astra-migrate-meta-layouts":"set","ast-page-background-enabled":"default","ast-page-background-meta":{"desktop":{"background-color":"var(--ast-global-color-4)","background-image":"","background-repeat":"repeat","background-position":"center center","background-size":"auto","background-attachment":"scroll","background-type":"","background-media":"","overlay-type":"","overlay-color":"","overlay-opacity":"","overlay-gradient":""},"tablet":{"background-color":"","background-image":"","background-repeat":"repeat","background-position":"center center","background-size":"auto","background-attachment":"scroll","background-type":"","background-media":"","overlay-type":"","overlay-color":"","overlay-opacity":"","overlay-gradient":""},"mobile":{"background-color":"","background-image":"","background-repeat":"repeat","background-position":"center center","background-size":"auto","background-attachment":"scroll","background-type":"","background-media":"","overlay-type":"","overlay-color":"","overlay-opacity":"","overlay-gradient":""}},"ast-content-background-meta":{"desktop":{"background-color":"var(--ast-global-color-5)","background-image":"","background-repeat":"repeat","background-position":"center center","background-size":"auto","background-attachment":"scroll","background-type":"","background-media":"","overlay-type":"","overlay-color":"","overlay-opacity":"","overlay-gradient":""},"tablet":{"background-color":"var(--ast-global-color-5)","background-image":"","background-repeat":"repeat","background-position":"center center","background-size":"auto","background-attachment":"scroll","background-type":"","background-media":"","overlay-type":"","overlay-color":"","overlay-opacity":"","overlay-gradient":""},"mobile":{"background-color":"var(--ast-global-color-5)","background-image":"","background-repeat":"repeat","background-position":"center center","background-size":"auto","background-attachment":"scroll","background-type":"","background-media":"","overlay-type":"","overlay-color":"","overlay-opacity":"","overlay-gradient":""}}},"product_brand":[],"product_cat":[59,43],"product_tag":[224,225,222,75,223],"class_list":{"0":"post-2086","1":"product","2":"type-product","3":"status-publish","4":"has-post-thumbnail","6":"product_cat-tham-lot-san-o-to-nissan","7":"product_cat-tham-lot-san-o-to","8":"product_tag-nissan-terra-2025-gia-bao-nhieu","9":"product_tag-nissan-terra-co-bao-nhieu-phien-ban","10":"product_tag-nissan-terra-dai-bao-nhieu-met","11":"product_tag-tham-lot-san-o-to-tot-nhat-hien-nay","12":"product_tag-xe-nissan-5-cho-gia-bao-nhieu","13":"desktop-align-left","14":"tablet-align-left","15":"mobile-align-left","17":"first","18":"instock","19":"shipping-taxable","20":"purchasable","21":"product-type-variable"},"_links":{"self":[{"href":"https:\/\/topcar.vn\/index.php?rest_route=\/wp\/v2\/product\/2086","targetHints":{"allow":["GET"]}}],"collection":[{"href":"https:\/\/topcar.vn\/index.php?rest_route=\/wp\/v2\/product"}],"about":[{"href":"https:\/\/topcar.vn\/index.php?rest_route=\/wp\/v2\/types\/product"}],"replies":[{"embeddable":true,"href":"https:\/\/topcar.vn\/index.php?rest_route=%2Fwp%2Fv2%2Fcomments&post=2086"}],"version-history":[{"count":5,"href":"https:\/\/topcar.vn\/index.php?rest_route=\/wp\/v2\/product\/2086\/revisions"}],"predecessor-version":[{"id":2089,"href":"https:\/\/topcar.vn\/index.php?rest_route=\/wp\/v2\/product\/2086\/revisions\/2089"}],"wp:featuredmedia":[{"embeddable":true,"href":"https:\/\/topcar.vn\/index.php?rest_route=\/wp\/v2\/media\/4019"}],"wp:attachment":[{"href":"https:\/\/topcar.vn\/index.php?rest_route=%2Fwp%2Fv2%2Fmedia&parent=2086"}],"wp:term":[{"taxonomy":"product_brand","embeddable":true,"href":"https:\/\/topcar.vn\/index.php?rest_route=%2Fwp%2Fv2%2Fproduct_brand&post=2086"},{"taxonomy":"product_cat","embeddable":true,"href":"https:\/\/topcar.vn\/index.php?rest_route=%2Fwp%2Fv2%2Fproduct_cat&post=2086"},{"taxonomy":"product_tag","embeddable":true,"href":"https:\/\/topcar.vn\/index.php?rest_route=%2Fwp%2Fv2%2Fproduct_tag&post=2086"}],"curies":[{"name":"wp","href":"https:\/\/api.w.org\/{rel}","templated":true}]}}