{"id":2084,"date":"2025-07-28T09:58:07","date_gmt":"2025-07-28T02:58:07","guid":{"rendered":"http:\/\/khaitest.rf.gd\/?post_type=product&#038;p=2084"},"modified":"2025-12-08T11:03:38","modified_gmt":"2025-12-08T04:03:38","slug":"tham-lot-san-nissan-terra","status":"publish","type":"product","link":"https:\/\/topcar.vn\/?product=tham-lot-san-nissan-terra","title":{"rendered":"Th\u1ea3m l\u00f3t s\u00e0n Nissan Terra"},"content":{"rendered":"<article class=\"text-token-text-primary w-full\" dir=\"auto\" data-testid=\"conversation-turn-10\" data-scroll-anchor=\"true\">\n<div class=\"text-base my-auto mx-auto pb-10 [--thread-content-margin:--spacing(4)] @[37rem]:[--thread-content-margin:--spacing(6)] @[72rem]:[--thread-content-margin:--spacing(16)] px-(--thread-content-margin)\">\n<div class=\"[--thread-content-max-width:32rem] @[34rem]:[--thread-content-max-width:40rem] @[64rem]:[--thread-content-max-width:48rem] mx-auto max-w-(--thread-content-max-width) flex-1 group\/turn-messages focus-visible:outline-hidden relative flex w-full min-w-0 flex-col agent-turn\" tabindex=\"-1\">\n<div class=\"flex max-w-full flex-col grow\">\n<div class=\"min-h-8 text-message relative flex w-full flex-col items-end gap-2 text-start break-words whitespace-normal [.text-message+&amp;]:mt-5\" dir=\"auto\" data-message-author-role=\"assistant\" data-message-id=\"6ee8a93f-7fdb-4c7e-b8bb-2a874c3d517b\" data-message-model-slug=\"gpt-4o\">\n<div class=\"flex w-full flex-col gap-1 empty:hidden first:pt-[3px]\">\n<div class=\"markdown prose dark:prose-invert w-full break-words light\">\n<p data-start=\"238\" data-end=\"522\"><em><strong>Th\u1ea3m l\u00f3t s\u00e0n Nissan Terra l\u00e0 ph\u1ee5 ki\u1ec7n kh\u00f4ng th\u1ec3 thi\u1ebfu gi\u00fap khoang n\u1ed9i th\u1ea5t xe lu\u00f4n s\u1ea1ch \u0111\u1eb9p d\u00f9 ph\u1ea3i di chuy\u1ec3n qua nh\u1eefng cung \u0111\u01b0\u1eddng kh\u00f3. Thi\u1ebft k\u1ebf chu\u1ea9n form, ch\u1ea5t li\u1ec7u cao c\u1ea5p, kh\u1ea3 n\u0103ng ch\u1ed1ng n\u01b0\u1edbc v\u00e0 ch\u1ed1ng b\u00e1m b\u1ea9n v\u01b0\u1ee3t tr\u1ed9i \u2013 s\u1ea3n ph\u1ea9m l\u00fd t\u01b0\u1edfng cho SUV 7 ch\u1ed7 m\u1ea1nh m\u1ebd nh\u01b0 Terra. Nissan Terra l\u00e0 m\u1eabu SUV 7 ch\u1ed7 n\u1ed5i ti\u1ebfng v\u1edbi thi\u1ebft k\u1ebf m\u1ea1nh m\u1ebd, kh\u00f4ng gian r\u1ed9ng r\u00e3i v\u00e0 kh\u1ea3 n\u0103ng v\u1eadn h\u00e0nh v\u01b0\u1ee3t tr\u1ed9i. Nh\u01b0ng \u0111\u1ec3 gi\u1eef cho chi\u1ebfc xe lu\u00f4n s\u1ea1ch s\u1ebd \u2013 sang tr\u1ecdng \u2013 b\u1ec1n b\u1ec9 theo th\u1eddi gian, m\u1ed9t b\u1ed9 th\u1ea3m l\u00f3t s\u00e0n form chu\u1ea9n cao c\u1ea5p ch\u00ednh l\u00e0 ph\u1ee5 ki\u1ec7n kh\u00f4ng th\u1ec3 thi\u1ebfu.<\/strong><\/em><\/p>\n<p data-start=\"635\" data-end=\"955\"><em><strong>Kh\u00e1c v\u1edbi nh\u1eefng lo\u1ea1i th\u1ea3m l\u00f3t s\u00e0n c\u1eaft s\u1eb5n ngo\u00e0i th\u1ecb tr\u01b0\u1eddng, th\u1ea3m l\u00f3t s\u00e0n Nissan Terra \u0111\u01b0\u1ee3c \u0111o c\u1eaft b\u1eb1ng c\u00f4ng ngh\u1ec7 3D\/5D hi\u1ec7n \u0111\u1ea1i, \u0111\u1ea3m b\u1ea3o \u00f4m s\u00e1t t\u1eebng \u0111\u01b0\u1eddng cong, h\u1ed1c, g\u1edd tr\u00ean s\u00e0n xe. Th\u1ea3m ph\u1ee7 k\u00edn to\u00e0n b\u1ed9 c\u00e1c v\u1ecb tr\u00ed: h\u00e0ng gh\u1ebf tr\u01b0\u1edbc, h\u00e0ng gh\u1ebf sau, c\u1ed1p xe\u2026 gi\u00fap b\u1ea3o v\u1ec7 tuy\u1ec7t \u0111\u1ed1i m\u00e0 kh\u00f4ng g\u00e2y c\u1ea5n, v\u01b0\u1edbng khi s\u1eed d\u1ee5ng.<\/strong><\/em><\/p>\n<h2 data-start=\"529\" data-end=\"558\"><strong data-start=\"533\" data-end=\"556\">Gi\u1edbi thi\u1ec7u s\u1ea3n ph\u1ea9m th\u1ea3m l\u00f3t s\u00e0n Nissan Terra<\/strong><\/h2>\n<p data-start=\"559\" data-end=\"927\">Nissan Terra \u0111\u01b0\u1ee3c thi\u1ebft k\u1ebf \u0111\u1ec3 chinh ph\u1ee5c m\u1ecdi \u0111\u1ecba h\u00ecnh, v\u00ec v\u1eady vi\u1ec7c b\u1ea3o v\u1ec7 s\u00e0n xe l\u00e0 c\u1ef1c k\u1ef3 quan tr\u1ecdng. Th\u1ea3m l\u00f3t s\u00e0n chuy\u00ean d\u1ee5ng cho Terra kh\u00f4ng ch\u1ec9 ph\u1ee7 k\u00edn to\u00e0n b\u1ed9 khu v\u1ef1c \u0111\u1ec3 ch\u00e2n m\u00e0 c\u00f2n ch\u1ed1ng tr\u01a1n tr\u01b0\u1ee3t v\u00e0 gi\u1eef cho n\u1ed9i th\u1ea5t lu\u00f4n g\u1ecdn g\u00e0ng. V\u1edbi nhi\u1ec1u t\u00f9y ch\u1ecdn ch\u1ea5t li\u1ec7u nh\u01b0 cao su kh\u1eed m\u00f9i ho\u1eb7c da c\u00f4ng nghi\u1ec7p 5D\u20136D\u20137D, s\u1ea3n ph\u1ea9m \u0111\u00e1p \u1ee9ng t\u1ed1t c\u1ea3 v\u1ec1 \u0111\u1ed9 b\u1ec1n l\u1eabn t\u00ednh th\u1ea9m m\u1ef9.<\/p>\n<figure id=\"attachment_4025\" aria-describedby=\"caption-attachment-4025\" style=\"width: 1024px\" class=\"wp-caption aligncenter\"><img fetchpriority=\"high\" decoding=\"async\" class=\"size-large wp-image-4025\" src=\"http:\/\/khaitest.rf.gd\/wp-content\/uploads\/2025\/07\/Bo-tham-lot-san-Nissan-Terra-1024x1024.png\" alt=\"th\u1ea3m l\u00f3t s\u00e0n Nissan Terra \u0111\u01b0\u1ee3c \u0111o c\u1eaft b\u1eb1ng c\u00f4ng ngh\u1ec7 5D\" width=\"1024\" height=\"1024\" srcset=\"https:\/\/topcar.vn\/wp-content\/uploads\/2025\/07\/Bo-tham-lot-san-Nissan-Terra-1024x1024.png 1024w, https:\/\/topcar.vn\/wp-content\/uploads\/2025\/07\/Bo-tham-lot-san-Nissan-Terra-300x300.png 300w, https:\/\/topcar.vn\/wp-content\/uploads\/2025\/07\/Bo-tham-lot-san-Nissan-Terra-150x150.png 150w, https:\/\/topcar.vn\/wp-content\/uploads\/2025\/07\/Bo-tham-lot-san-Nissan-Terra-768x767.png 768w, https:\/\/topcar.vn\/wp-content\/uploads\/2025\/07\/Bo-tham-lot-san-Nissan-Terra-600x599.png 600w, https:\/\/topcar.vn\/wp-content\/uploads\/2025\/07\/Bo-tham-lot-san-Nissan-Terra-100x100.png 100w, https:\/\/topcar.vn\/wp-content\/uploads\/2025\/07\/Bo-tham-lot-san-Nissan-Terra.png 1081w\" sizes=\"(max-width: 1024px) 100vw, 1024px\" \/><figcaption id=\"caption-attachment-4025\" class=\"wp-caption-text\">th\u1ea3m l\u00f3t s\u00e0n Nissan Terra \u0111\u01b0\u1ee3c \u0111o c\u1eaft b\u1eb1ng c\u00f4ng ngh\u1ec7 5D hi\u1ec7n \u0111\u1ea1i<\/figcaption><\/figure>\n<p data-start=\"934\" data-end=\"963\"><strong data-start=\"938\" data-end=\"961\">Th\u00f4ng tin chi ti\u1ebft th\u1ea3m l\u00f3t s\u00e0n Nissan Terra:<\/strong><\/p>\n<ul>\n<li data-start=\"966\" data-end=\"1007\">T\u00ean s\u1ea3n ph\u1ea9m: Th\u1ea3m l\u00f3t s\u00e0n Nissan Terra<\/li>\n<li data-start=\"1010\" data-end=\"1058\">D\u00f2ng xe \u00e1p d\u1ee5ng: Terra 2018 \u2013 2024 (b\u1ea3n 7 ch\u1ed7)<\/li>\n<li data-start=\"1061\" data-end=\"1111\">Ch\u1ea5t li\u1ec7u: Nh\u1ef1a TPE 5D cao c\u1ea5p<\/li>\n<li data-start=\"1114\" data-end=\"1157\">Thi\u1ebft k\u1ebf: Form c\u1eaft laser theo t\u1eebng \u0111\u1eddi xe<\/li>\n<li data-start=\"1160\" data-end=\"1190\">M\u00e0u s\u1eafc: \u0110en<\/li>\n<\/ul>\n<p data-start=\"1197\" data-end=\"1223\"><strong data-start=\"1201\" data-end=\"1221\">\u01afu \u0111i\u1ec3m n\u1ed5i b\u1eadt c\u1ee7a th\u1ea3m l\u00f3t s\u00e0n Nissan Terra:<\/strong><\/p>\n<ul>\n<li data-start=\"1226\" data-end=\"1286\">B\u1ea3o v\u1ec7 s\u00e0n xe hi\u1ec7u qu\u1ea3 tr\u01b0\u1edbc b\u00f9n \u0111\u1ea5t, n\u01b0\u1edbc m\u01b0a v\u00e0 m\u00f9i \u1ea9m<\/li>\n<li data-start=\"1289\" data-end=\"1352\">V\u1eadt li\u1ec7u kh\u00f4ng m\u00f9i, th\u00e2n thi\u1ec7n v\u1edbi tr\u1ebb em v\u00e0 ng\u01b0\u1eddi l\u1edbn tu\u1ed5i<\/li>\n<li data-start=\"1355\" data-end=\"1414\">B\u00e1m ch\u1eb7t s\u00e0n xe, kh\u00f4ng x\u00ea d\u1ecbch d\u00f9 xe di chuy\u1ec3n li\u00ean t\u1ee5c<\/li>\n<li data-start=\"1417\" data-end=\"1466\">D\u1ec5 d\u00e0ng v\u1ec7 sinh b\u1eb1ng kh\u0103n \u1ea9m ho\u1eb7c m\u00e1y h\u00fat b\u1ee5i<\/li>\n<li data-start=\"1469\" data-end=\"1515\">Gi\u00fap n\u1ed9i th\u1ea5t xe sang tr\u1ecdng v\u00e0 \u0111\u1ed3ng b\u1ed9 h\u01a1n<\/li>\n<\/ul>\n<p data-start=\"1522\" data-end=\"1566\"><strong data-start=\"1526\" data-end=\"1564\">Gi\u00e1 b\u00e1n th\u1ea3m l\u00f3t s\u00e0n Nissan Terra:<\/strong><\/p>\n<p data-start=\"1567\" data-end=\"1624\">B\u1ed9 \u0111\u1ea7y \u0111\u1ee7 cho 3 h\u00e0ng gh\u1ebf + khoang h\u00e0nh l\u00fd: <strong data-start=\"1610\" data-end=\"1624\">2.600.000\u0111<\/strong><\/p>\n<figure id=\"attachment_4026\" aria-describedby=\"caption-attachment-4026\" style=\"width: 1024px\" class=\"wp-caption aligncenter\"><img decoding=\"async\" class=\"size-large wp-image-4026\" src=\"http:\/\/khaitest.rf.gd\/wp-content\/uploads\/2025\/07\/Tham-lot-san-Nissan-Terra-1024x1024.png\" alt=\"Ch\u1ed1ng tr\u01a1n tr\u01b0\u1ee3t: m\u1eb7t d\u01b0\u1edbi b\u00e1m ch\u1eafc, kh\u00f4ng x\u00ea d\u1ecbch trong qu\u00e1 tr\u00ecnh di chuy\u1ec3n, k\u1ec3 c\u1ea3 khi off-road.\" width=\"1024\" height=\"1024\" srcset=\"https:\/\/topcar.vn\/wp-content\/uploads\/2025\/07\/Tham-lot-san-Nissan-Terra-1024x1024.png 1024w, https:\/\/topcar.vn\/wp-content\/uploads\/2025\/07\/Tham-lot-san-Nissan-Terra-300x300.png 300w, https:\/\/topcar.vn\/wp-content\/uploads\/2025\/07\/Tham-lot-san-Nissan-Terra-150x150.png 150w, https:\/\/topcar.vn\/wp-content\/uploads\/2025\/07\/Tham-lot-san-Nissan-Terra-768x767.png 768w, https:\/\/topcar.vn\/wp-content\/uploads\/2025\/07\/Tham-lot-san-Nissan-Terra-600x599.png 600w, https:\/\/topcar.vn\/wp-content\/uploads\/2025\/07\/Tham-lot-san-Nissan-Terra-100x100.png 100w, https:\/\/topcar.vn\/wp-content\/uploads\/2025\/07\/Tham-lot-san-Nissan-Terra.png 1081w\" sizes=\"(max-width: 1024px) 100vw, 1024px\" \/><figcaption id=\"caption-attachment-4026\" class=\"wp-caption-text\">Ch\u1ed1ng n\u01b0\u1edbc \u2013 ch\u1ed1ng b\u1ea9n tuy\u1ec7t \u0111\u1ed1i: thi\u1ebft k\u1ebf tr\u00e0n vi\u1ec1n th\u00f4ng minh ng\u0103n n\u01b0\u1edbc, b\u00f9n \u0111\u1ea5t, c\u00e1t b\u1ee5i, \u0111\u1ed3 \u0103n hay n\u01b0\u1edbc u\u1ed1ng r\u01a1i v\u00e3i kh\u00f4ng th\u1ea5m xu\u1ed1ng s\u00e0n.<\/figcaption><\/figure>\n<h2 data-start=\"1631\" data-end=\"1692\"><strong data-start=\"1635\" data-end=\"1690\">Mua th\u1ea3m l\u00f3t s\u00e0n Nissan Terra ch\u00ednh h\u00e3ng t\u1ea1i Topcar<\/strong><\/h2>\n<p data-start=\"1693\" data-end=\"1727\">Khi \u0111\u1eb7t h\u00e0ng t\u1ea1i Topcar, b\u1ea1n \u0111\u01b0\u1ee3c:<\/p>\n<ul>\n<li data-start=\"1730\" data-end=\"1768\">Cam k\u1ebft s\u1ea3n ph\u1ea9m \u0111\u00fang chu\u1ea9n xe Terra<\/li>\n<li data-start=\"1771\" data-end=\"1821\">Giao h\u00e0ng nhanh, h\u1ed7 tr\u1ee3 l\u1eafp \u0111\u1eb7t t\u1ea1i nh\u00e0 (HN\/HCM)<\/li>\n<li data-start=\"1824\" data-end=\"1867\">T\u01b0 v\u1ea5n ch\u1ecdn m\u00e0u v\u00e0 ch\u1ea5t li\u1ec7u theo nhu c\u1ea7u<\/li>\n<li data-start=\"1870\" data-end=\"1922\">B\u1ea3o h\u00e0nh 12 th\u00e1ng, \u0111\u1ed5i m\u1edbi n\u1ebfu l\u1ed7i t\u1eeb nh\u00e0 s\u1ea3n xu\u1ea5t<\/li>\n<\/ul>\n<figure id=\"attachment_4027\" aria-describedby=\"caption-attachment-4027\" style=\"width: 1024px\" class=\"wp-caption aligncenter\"><img decoding=\"async\" class=\"size-large wp-image-4027\" src=\"http:\/\/khaitest.rf.gd\/wp-content\/uploads\/2025\/07\/Tham-lot-san-oto-Nissan-Terra-1024x1024.png\" alt=\" th\u1ea3m l\u00f3t s\u00e0n Nissan Terra c\u00f2n g\u00f3p ph\u1ea7n l\u00e0m \u0111\u1eb9p khoang xe.\" width=\"1024\" height=\"1024\" srcset=\"https:\/\/topcar.vn\/wp-content\/uploads\/2025\/07\/Tham-lot-san-oto-Nissan-Terra-1024x1024.png 1024w, https:\/\/topcar.vn\/wp-content\/uploads\/2025\/07\/Tham-lot-san-oto-Nissan-Terra-300x300.png 300w, https:\/\/topcar.vn\/wp-content\/uploads\/2025\/07\/Tham-lot-san-oto-Nissan-Terra-150x150.png 150w, https:\/\/topcar.vn\/wp-content\/uploads\/2025\/07\/Tham-lot-san-oto-Nissan-Terra-768x767.png 768w, https:\/\/topcar.vn\/wp-content\/uploads\/2025\/07\/Tham-lot-san-oto-Nissan-Terra-600x599.png 600w, https:\/\/topcar.vn\/wp-content\/uploads\/2025\/07\/Tham-lot-san-oto-Nissan-Terra-100x100.png 100w, https:\/\/topcar.vn\/wp-content\/uploads\/2025\/07\/Tham-lot-san-oto-Nissan-Terra.png 1081w\" sizes=\"(max-width: 1024px) 100vw, 1024px\" \/><figcaption id=\"caption-attachment-4027\" class=\"wp-caption-text\">Ngo\u00e0i kh\u1ea3 n\u0103ng b\u1ea3o v\u1ec7, th\u1ea3m l\u00f3t s\u00e0n Nissan Terra c\u00f2n g\u00f3p ph\u1ea7n l\u00e0m \u0111\u1eb9p khoang xe.<\/figcaption><\/figure>\n<p><strong data-start=\"2575\" data-end=\"2618\">Li\u00ean h\u1ec7 ngay \u0111\u1ec3 \u0111\u01b0\u1ee3c t\u01b0 v\u1ea5n &amp; \u0111\u1eb7t h\u00e0ng:<\/strong><\/p>\n<ul>\n<li>\ud83d\udcdeHotline \/ Zalo: 0889.385.222<\/li>\n<li data-start=\"2360\" data-end=\"2565\">\ud83c\udfe0 \u0110\u1ecba ch\u1ec9: S\u1ed1 9 BT2, Khu \u0111\u00f4 th\u1ecb Foresa Xu\u00e2n Ph\u01b0\u01a1ng, Nam T\u1eeb Li\u00eam, H\u00e0 N\u1ed9i<\/li>\n<li data-start=\"2360\" data-end=\"2565\">\ud83c\udf10 Website: <a class=\"\" href=\"https:\/\/Topcar.vn\" target=\"_new\" rel=\"noopener\" data-start=\"3540\" data-end=\"3578\">https:\/\/Topcar.vn<\/a><\/li>\n<\/ul>\n<\/div>\n<\/div>\n<\/div>\n<\/div>\n<\/div>\n<\/div>\n<\/article>\n","protected":false},"excerpt":{"rendered":"<ul>\n<li>Mi\u1ec5n ph\u00ed giao h\u00e0ng to\u00e0n qu\u1ed1c<\/li>\n<li>Nh\u1eadn h\u00e0ng &gt; L\u1eafp \u0111\u1eb7t &gt; Thanh to\u00e1n<\/li>\n<li>B\u1ea3o h\u00e0nh 5 n\u0103m<\/li>\n<\/ul>\n","protected":false},"featured_media":4024,"comment_status":"closed","ping_status":"closed","template":"","meta":{"site-sidebar-layout":"no-sidebar","site-content-layout":"content-boxed-container","ast-site-content-layout":"normal-width-container","site-content-style":"boxed","site-sidebar-style":"unboxed","ast-global-header-display":"","ast-banner-title-visibility":"","ast-main-header-display":"","ast-hfb-above-header-display":"","ast-hfb-below-header-display":"","ast-hfb-mobile-header-display":"","site-post-title":"","ast-breadcrumbs-content":"","ast-featured-img":"","footer-sml-layout":"","ast-disable-related-posts":"","theme-transparent-header-meta":"default","adv-header-id-meta":"","stick-header-meta":"","header-above-stick-meta":"","header-main-stick-meta":"","header-below-stick-meta":"","astra-migrate-meta-layouts":"set","ast-page-background-enabled":"default","ast-page-background-meta":{"desktop":{"background-color":"var(--ast-global-color-4)","background-image":"","background-repeat":"repeat","background-position":"center center","background-size":"auto","background-attachment":"scroll","background-type":"","background-media":"","overlay-type":"","overlay-color":"","overlay-opacity":"","overlay-gradient":""},"tablet":{"background-color":"","background-image":"","background-repeat":"repeat","background-position":"center center","background-size":"auto","background-attachment":"scroll","background-type":"","background-media":"","overlay-type":"","overlay-color":"","overlay-opacity":"","overlay-gradient":""},"mobile":{"background-color":"","background-image":"","background-repeat":"repeat","background-position":"center center","background-size":"auto","background-attachment":"scroll","background-type":"","background-media":"","overlay-type":"","overlay-color":"","overlay-opacity":"","overlay-gradient":""}},"ast-content-background-meta":{"desktop":{"background-color":"var(--ast-global-color-5)","background-image":"","background-repeat":"repeat","background-position":"center center","background-size":"auto","background-attachment":"scroll","background-type":"","background-media":"","overlay-type":"","overlay-color":"","overlay-opacity":"","overlay-gradient":""},"tablet":{"background-color":"var(--ast-global-color-5)","background-image":"","background-repeat":"repeat","background-position":"center center","background-size":"auto","background-attachment":"scroll","background-type":"","background-media":"","overlay-type":"","overlay-color":"","overlay-opacity":"","overlay-gradient":""},"mobile":{"background-color":"var(--ast-global-color-5)","background-image":"","background-repeat":"repeat","background-position":"center center","background-size":"auto","background-attachment":"scroll","background-type":"","background-media":"","overlay-type":"","overlay-color":"","overlay-opacity":"","overlay-gradient":""}}},"product_brand":[],"product_cat":[59,43],"product_tag":[224,225,222,75,223],"class_list":{"0":"post-2084","1":"product","2":"type-product","3":"status-publish","4":"has-post-thumbnail","6":"product_cat-tham-lot-san-o-to-nissan","7":"product_cat-tham-lot-san-o-to","8":"product_tag-nissan-terra-2025-gia-bao-nhieu","9":"product_tag-nissan-terra-co-bao-nhieu-phien-ban","10":"product_tag-nissan-terra-dai-bao-nhieu-met","11":"product_tag-tham-lot-san-o-to-tot-nhat-hien-nay","12":"product_tag-xe-nissan-5-cho-gia-bao-nhieu","13":"desktop-align-left","14":"tablet-align-left","15":"mobile-align-left","17":"first","18":"instock","19":"shipping-taxable","20":"purchasable","21":"product-type-variable"},"_links":{"self":[{"href":"https:\/\/topcar.vn\/index.php?rest_route=\/wp\/v2\/product\/2084","targetHints":{"allow":["GET"]}}],"collection":[{"href":"https:\/\/topcar.vn\/index.php?rest_route=\/wp\/v2\/product"}],"about":[{"href":"https:\/\/topcar.vn\/index.php?rest_route=\/wp\/v2\/types\/product"}],"replies":[{"embeddable":true,"href":"https:\/\/topcar.vn\/index.php?rest_route=%2Fwp%2Fv2%2Fcomments&post=2084"}],"version-history":[{"count":3,"href":"https:\/\/topcar.vn\/index.php?rest_route=\/wp\/v2\/product\/2084\/revisions"}],"predecessor-version":[{"id":4030,"href":"https:\/\/topcar.vn\/index.php?rest_route=\/wp\/v2\/product\/2084\/revisions\/4030"}],"wp:featuredmedia":[{"embeddable":true,"href":"https:\/\/topcar.vn\/index.php?rest_route=\/wp\/v2\/media\/4024"}],"wp:attachment":[{"href":"https:\/\/topcar.vn\/index.php?rest_route=%2Fwp%2Fv2%2Fmedia&parent=2084"}],"wp:term":[{"taxonomy":"product_brand","embeddable":true,"href":"https:\/\/topcar.vn\/index.php?rest_route=%2Fwp%2Fv2%2Fproduct_brand&post=2084"},{"taxonomy":"product_cat","embeddable":true,"href":"https:\/\/topcar.vn\/index.php?rest_route=%2Fwp%2Fv2%2Fproduct_cat&post=2084"},{"taxonomy":"product_tag","embeddable":true,"href":"https:\/\/topcar.vn\/index.php?rest_route=%2Fwp%2Fv2%2Fproduct_tag&post=2084"}],"curies":[{"name":"wp","href":"https:\/\/api.w.org\/{rel}","templated":true}]}}