{"id":2036,"date":"2025-07-28T21:49:35","date_gmt":"2025-07-28T14:49:35","guid":{"rendered":"http:\/\/khaitest.rf.gd\/?post_type=product&#038;p=2036"},"modified":"2025-12-08T10:56:23","modified_gmt":"2025-12-08T03:56:23","slug":"tham-lot-san-o-to-subaru-forester-2019-2024","status":"publish","type":"product","link":"https:\/\/topcar.vn\/?product=tham-lot-san-o-to-subaru-forester-2019-2024","title":{"rendered":"Th\u1ea3m L\u00f3t S\u00e0n \u00d4 T\u00f4 Subaru Forester 2019-2024"},"content":{"rendered":"<p data-start=\"396\" data-end=\"755\"><em>Subaru Forester 2019-2024 l\u00e0 d\u00f2ng SUV n\u1ed5i b\u1eadt nh\u1edd thi\u1ebft k\u1ebf th\u1ec3 thao, kh\u1ea3 n\u0103ng v\u1eadn h\u00e0nh linh ho\u1ea1t v\u00e0 ti\u1ec7n nghi cao c\u1ea5p. Tuy nhi\u00ean, \u0111\u1ec3 gi\u1eef cho n\u1ed9i th\u1ea5t xe lu\u00f4n s\u1ea1ch s\u1ebd v\u00e0 b\u1ec1n \u0111\u1eb9p theo th\u1eddi gian, vi\u1ec7c trang b\u1ecb <strong data-start=\"603\" data-end=\"640\"><a href=\"https:\/\/medicar.vn\/blogs\/news\/lot-san-o-to-la-gi?srsltid=AfmBOopEakjt1zeBVkAMKZDThQILUEhde747DQAciYQ7kxX7cfCYkBE0\" target=\"_blank\" rel=\"noopener\">th\u1ea3m l\u00f3t s\u00e0n \u00f4 t\u00f4<\/a> Subaru Forester 2019-2024<\/strong>\u00a0l\u00e0 \u0111i\u1ec1u c\u1ea7n thi\u1ebft. S\u1ea3n ph\u1ea9m kh\u00f4ng ch\u1ec9 gi\u00fap b\u1ea3o v\u1ec7 s\u00e0n xe m\u00e0 c\u00f2n t\u0103ng t\u00ednh th\u1ea9m m\u1ef9, sang tr\u1ecdng cho khoang n\u1ed9i th\u1ea5t.<\/em><\/p>\n<h2 data-start=\"757\" data-end=\"815\"><strong data-start=\"760\" data-end=\"815\">L\u1ee3i \u00edch khi s\u1eed d\u1ee5ng th\u1ea3m l\u00f3t s\u00e0n Subaru Forester 2019-2024<\/strong><\/h2>\n<figure id=\"attachment_3735\" aria-describedby=\"caption-attachment-3735\" style=\"width: 1024px\" class=\"wp-caption aligncenter\"><img fetchpriority=\"high\" decoding=\"async\" class=\"wp-image-3735 size-large\" src=\"http:\/\/khaitest.rf.gd\/wp-content\/uploads\/2025\/07\/Tham-Lot-San-O-To-Subaru-Forester-2019-2024-1-1024x1024.jpg\" alt=\"Th\u1ea3m L\u00f3t S\u00e0n \u00d4 T\u00f4 Subaru Forester 2019-2024\" width=\"1024\" height=\"1024\" srcset=\"https:\/\/topcar.vn\/wp-content\/uploads\/2025\/07\/Tham-Lot-San-O-To-Subaru-Forester-2019-2024-1-1024x1024.jpg 1024w, https:\/\/topcar.vn\/wp-content\/uploads\/2025\/07\/Tham-Lot-San-O-To-Subaru-Forester-2019-2024-1-300x300.jpg 300w, https:\/\/topcar.vn\/wp-content\/uploads\/2025\/07\/Tham-Lot-San-O-To-Subaru-Forester-2019-2024-1-150x150.jpg 150w, https:\/\/topcar.vn\/wp-content\/uploads\/2025\/07\/Tham-Lot-San-O-To-Subaru-Forester-2019-2024-1-768x768.jpg 768w, https:\/\/topcar.vn\/wp-content\/uploads\/2025\/07\/Tham-Lot-San-O-To-Subaru-Forester-2019-2024-1-600x600.jpg 600w, https:\/\/topcar.vn\/wp-content\/uploads\/2025\/07\/Tham-Lot-San-O-To-Subaru-Forester-2019-2024-1-100x100.jpg 100w, https:\/\/topcar.vn\/wp-content\/uploads\/2025\/07\/Tham-Lot-San-O-To-Subaru-Forester-2019-2024-1.jpg 1536w\" sizes=\"(max-width: 1024px) 100vw, 1024px\" \/><figcaption id=\"caption-attachment-3735\" class=\"wp-caption-text\">Th\u1ea3m L\u00f3t S\u00e0n \u00d4 T\u00f4 Subaru Forester 2019-2024<\/figcaption><\/figure>\n<h3 data-start=\"817\" data-end=\"847\"><strong data-start=\"823\" data-end=\"847\">B\u1ea3o v\u1ec7 s\u00e0n xe t\u1ed1i \u01b0u<\/strong><\/h3>\n<p data-start=\"848\" data-end=\"999\">Th\u1ea3m gi\u00fap ng\u0103n ch\u1eb7n b\u1ee5i b\u1ea9n, n\u01b0\u1edbc, b\u00f9n \u0111\u1ea5t v\u00e0 c\u00e1c t\u00e1c nh\u00e2n g\u00e2y h\u1ea1i ti\u1ebfp x\u00fac tr\u1ef1c ti\u1ebfp v\u1edbi s\u00e0n n\u1ec9 c\u1ee7a xe, h\u1ea1n ch\u1ebf t\u00ecnh tr\u1ea1ng \u1ea9m m\u1ed1c v\u00e0 m\u00f9i h\u00f4i kh\u00f3 ch\u1ecbu.<\/p>\n<h3 data-start=\"1001\" data-end=\"1026\"><strong data-start=\"1007\" data-end=\"1026\">D\u1ec5 d\u00e0ng v\u1ec7 sinh<\/strong><\/h3>\n<p data-start=\"1027\" data-end=\"1143\">C\u00e1c lo\u1ea1i th\u1ea3m l\u00f3t s\u00e0n hi\u1ec7n nay \u0111\u01b0\u1ee3c thi\u1ebft k\u1ebf ch\u1ed1ng b\u00e1m b\u1ea9n, d\u1ec5 lau ch\u00f9i ho\u1eb7c r\u1eeda s\u1ea1ch ch\u1ec9 v\u1edbi v\u00e0i thao t\u00e1c \u0111\u01a1n gi\u1ea3n.<\/p>\n<h3 data-start=\"1145\" data-end=\"1185\"><strong data-start=\"1151\" data-end=\"1185\">T\u0103ng t\u00ednh th\u1ea9m m\u1ef9 cho n\u1ed9i th\u1ea5t<\/strong><\/h3>\n<p data-start=\"1186\" data-end=\"1303\">Th\u1ea3m l\u00f3t s\u00e0n ch\u1ea5t l\u01b0\u1ee3ng cao mang \u0111\u1ebfn v\u1ebb \u0111\u1eb9p sang tr\u1ecdng, tinh t\u1ebf, ph\u00f9 h\u1ee3p v\u1edbi phong c\u00e1ch hi\u1ec7n \u0111\u1ea1i c\u1ee7a Subaru Forester.<\/p>\n<h3 data-start=\"1305\" data-end=\"1333\"><strong data-start=\"1311\" data-end=\"1333\">An to\u00e0n khi l\u00e1i xe<\/strong><\/h3>\n<p data-start=\"1334\" data-end=\"1467\">Th\u1ea3m \u0111\u01b0\u1ee3c thi\u1ebft k\u1ebf v\u1eeba kh\u00edt theo form xe, kh\u00f4ng x\u00f4 l\u1ec7ch, kh\u00f4ng g\u00e2y v\u01b0\u1edbng ch\u00e2n ga \u2013 phanh, \u0111\u1ea3m b\u1ea3o an to\u00e0n khi \u0111i\u1ec1u khi\u1ec3n ph\u01b0\u01a1ng ti\u1ec7n.<\/p>\n<h2 data-start=\"1469\" data-end=\"1534\"><strong data-start=\"1472\" data-end=\"1534\">C\u00e1c lo\u1ea1i th\u1ea3m l\u00f3t s\u00e0n Subaru Forester 2019-2024 ph\u1ed5 bi\u1ebfn hi\u1ec7n nay<\/strong><\/h2>\n<figure id=\"attachment_3742\" aria-describedby=\"caption-attachment-3742\" style=\"width: 1024px\" class=\"wp-caption aligncenter\"><img decoding=\"async\" class=\"wp-image-3742 size-large\" src=\"http:\/\/khaitest.rf.gd\/wp-content\/uploads\/2025\/07\/Tham-Lot-San-O-To-Subaru-Forester-2019-2024-8-1024x1024.jpg\" alt=\"Th\u1ea3m L\u00f3t S\u00e0n \u00d4 T\u00f4 Subaru Forester 2019-2024\" width=\"1024\" height=\"1024\" srcset=\"https:\/\/topcar.vn\/wp-content\/uploads\/2025\/07\/Tham-Lot-San-O-To-Subaru-Forester-2019-2024-8-1024x1024.jpg 1024w, https:\/\/topcar.vn\/wp-content\/uploads\/2025\/07\/Tham-Lot-San-O-To-Subaru-Forester-2019-2024-8-300x300.jpg 300w, https:\/\/topcar.vn\/wp-content\/uploads\/2025\/07\/Tham-Lot-San-O-To-Subaru-Forester-2019-2024-8-150x150.jpg 150w, https:\/\/topcar.vn\/wp-content\/uploads\/2025\/07\/Tham-Lot-San-O-To-Subaru-Forester-2019-2024-8-768x768.jpg 768w, https:\/\/topcar.vn\/wp-content\/uploads\/2025\/07\/Tham-Lot-San-O-To-Subaru-Forester-2019-2024-8-600x600.jpg 600w, https:\/\/topcar.vn\/wp-content\/uploads\/2025\/07\/Tham-Lot-San-O-To-Subaru-Forester-2019-2024-8-100x100.jpg 100w, https:\/\/topcar.vn\/wp-content\/uploads\/2025\/07\/Tham-Lot-San-O-To-Subaru-Forester-2019-2024-8.jpg 1536w\" sizes=\"(max-width: 1024px) 100vw, 1024px\" \/><figcaption id=\"caption-attachment-3742\" class=\"wp-caption-text\">Th\u1ea3m L\u00f3t S\u00e0n \u00d4 T\u00f4 Subaru Forester 2019-2024<\/figcaption><\/figure>\n<h3 data-start=\"1536\" data-end=\"1572\"><strong data-start=\"1543\" data-end=\"1572\">Th\u1ea3m l\u00f3t s\u00e0n cao su 5D\/6D<\/strong><\/h3>\n<ul data-start=\"1573\" data-end=\"1767\">\n<li data-start=\"1573\" data-end=\"1640\">\n<p data-start=\"1575\" data-end=\"1640\">Ch\u1ea5t li\u1ec7u da c\u00f4ng nghi\u1ec7p b\u1ecdc b\u00ean ngo\u00e0i l\u1edbp m\u00fat x\u1ed1p v\u00e0 cao su non.<\/p>\n<\/li>\n<li data-start=\"1641\" data-end=\"1718\">\n<p data-start=\"1643\" data-end=\"1718\">Thi\u1ebft k\u1ebf theo t\u1eebng phi\u00ean b\u1ea3n Forester 2019, 2020, 2021, 2022, 2023 v\u00e0 2024.<\/p>\n<\/li>\n<li data-start=\"1719\" data-end=\"1767\">\n<p data-start=\"1721\" data-end=\"1767\">Ch\u1ed1ng n\u01b0\u1edbc, ch\u1ed1ng tr\u01a1n tr\u01b0\u1ee3t, b\u00e1m s\u00e0n c\u1ef1c t\u1ed1t.<\/p>\n<\/li>\n<\/ul>\n<h3 data-start=\"1769\" data-end=\"1820\"><strong data-start=\"1776\" data-end=\"1820\">Th\u1ea3m l\u00f3t s\u00e0n nh\u1ef1a TPE \u2013 cao c\u1ea5p, an to\u00e0n<\/strong><\/h3>\n<ul data-start=\"1821\" data-end=\"2021\">\n<li data-start=\"1821\" data-end=\"1885\">\n<p data-start=\"1823\" data-end=\"1885\">S\u1ea3n xu\u1ea5t t\u1eeb v\u1eadt li\u1ec7u TPE kh\u00f4ng m\u00f9i, th\u00e2n thi\u1ec7n v\u1edbi m\u00f4i tr\u01b0\u1eddng.<\/p>\n<\/li>\n<li data-start=\"1886\" data-end=\"1956\">\n<p data-start=\"1888\" data-end=\"1956\">Thi\u1ebft k\u1ebf 3D theo form xe Forester, bao ph\u1ee7 s\u00e0n xe m\u1ed9t c\u00e1ch ho\u00e0n h\u1ea3o.<\/p>\n<\/li>\n<li data-start=\"1957\" data-end=\"2021\">\n<p data-start=\"1959\" data-end=\"2021\">\u0110\u1ea1t ti\u00eau chu\u1ea9n an to\u00e0n ch\u00e2u \u00c2u, d\u1ec5 v\u1ec7 sinh v\u00e0 c\u00f3 tu\u1ed5i th\u1ecd cao.<\/p>\n<\/li>\n<\/ul>\n<h3 data-start=\"2023\" data-end=\"2049\"><strong data-start=\"2030\" data-end=\"2049\">Th\u1ea3m l\u00f3t s\u00e0n n\u1ec9<\/strong><\/h3>\n<ul data-start=\"2050\" data-end=\"2166\">\n<li data-start=\"2050\" data-end=\"2105\">\n<p data-start=\"2052\" data-end=\"2105\">Gi\u00e1 th\u00e0nh th\u1ea5p, ph\u00f9 h\u1ee3p ng\u01b0\u1eddi d\u00f9ng c\u00f3 nhu c\u1ea7u c\u01a1 b\u1ea3n.<\/p>\n<\/li>\n<li data-start=\"2106\" data-end=\"2166\">\n<p data-start=\"2108\" data-end=\"2166\">Tuy nhi\u00ean, d\u1ec5 b\u00e1m b\u1ee5i v\u00e0 kh\u00f3 v\u1ec7 sinh h\u01a1n c\u00e1c d\u00f2ng cao c\u1ea5p.<\/p>\n<\/li>\n<\/ul>\n<h2 data-start=\"2168\" data-end=\"2224\"><strong data-start=\"2171\" data-end=\"2224\">Ti\u00eau ch\u00ed ch\u1ecdn th\u1ea3m l\u00f3t s\u00e0n \u00f4 t\u00f4 Subaru Forester<\/strong><\/h2>\n<figure id=\"attachment_3741\" aria-describedby=\"caption-attachment-3741\" style=\"width: 1024px\" class=\"wp-caption aligncenter\"><img decoding=\"async\" class=\"wp-image-3741 size-large\" src=\"http:\/\/khaitest.rf.gd\/wp-content\/uploads\/2025\/07\/Tham-Lot-San-O-To-Subaru-Forester-2019-2024-7-1024x1024.jpg\" alt=\"Th\u1ea3m L\u00f3t S\u00e0n \u00d4 T\u00f4 Subaru Forester 2019-2024\" width=\"1024\" height=\"1024\" srcset=\"https:\/\/topcar.vn\/wp-content\/uploads\/2025\/07\/Tham-Lot-San-O-To-Subaru-Forester-2019-2024-7-1024x1024.jpg 1024w, https:\/\/topcar.vn\/wp-content\/uploads\/2025\/07\/Tham-Lot-San-O-To-Subaru-Forester-2019-2024-7-300x300.jpg 300w, https:\/\/topcar.vn\/wp-content\/uploads\/2025\/07\/Tham-Lot-San-O-To-Subaru-Forester-2019-2024-7-150x150.jpg 150w, https:\/\/topcar.vn\/wp-content\/uploads\/2025\/07\/Tham-Lot-San-O-To-Subaru-Forester-2019-2024-7-768x768.jpg 768w, https:\/\/topcar.vn\/wp-content\/uploads\/2025\/07\/Tham-Lot-San-O-To-Subaru-Forester-2019-2024-7-600x600.jpg 600w, https:\/\/topcar.vn\/wp-content\/uploads\/2025\/07\/Tham-Lot-San-O-To-Subaru-Forester-2019-2024-7-100x100.jpg 100w, https:\/\/topcar.vn\/wp-content\/uploads\/2025\/07\/Tham-Lot-San-O-To-Subaru-Forester-2019-2024-7.jpg 1536w\" sizes=\"(max-width: 1024px) 100vw, 1024px\" \/><figcaption id=\"caption-attachment-3741\" class=\"wp-caption-text\">Th\u1ea3m L\u00f3t S\u00e0n \u00d4 T\u00f4 Subaru Forester 2019-2024<\/figcaption><\/figure>\n<ul data-start=\"2226\" data-end=\"2585\">\n<li data-start=\"2226\" data-end=\"2330\">\n<p data-start=\"2228\" data-end=\"2330\"><strong data-start=\"2228\" data-end=\"2254\">Ch\u00ednh x\u00e1c theo form xe<\/strong>: Th\u1ea3m ph\u1ea3i \u0111\u01b0\u1ee3c thi\u1ebft k\u1ebf ri\u00eang cho Subaru Forester t\u1eebng \u0111\u1eddi xe (2019\u20132024).<\/p>\n<\/li>\n<li data-start=\"2331\" data-end=\"2416\">\n<p data-start=\"2333\" data-end=\"2416\"><strong data-start=\"2333\" data-end=\"2354\">Ch\u1ea5t li\u1ec7u cao c\u1ea5p<\/strong>: \u01afu ti\u00ean lo\u1ea1i c\u00f3 kh\u1ea3 n\u0103ng ch\u1ed1ng n\u01b0\u1edbc, ch\u1ed1ng tr\u01b0\u1ee3t, kh\u00f4ng m\u00f9i.<\/p>\n<\/li>\n<li data-start=\"2417\" data-end=\"2493\">\n<p data-start=\"2419\" data-end=\"2493\"><strong data-start=\"2419\" data-end=\"2439\">T\u00ednh th\u1ea9m m\u1ef9 cao<\/strong>: M\u00e0u s\u1eafc h\u00e0i h\u00f2a v\u1edbi n\u1ed9i th\u1ea5t, \u0111\u01b0\u1eddng ch\u1ec9 may tinh t\u1ebf.<\/p>\n<\/li>\n<li data-start=\"2494\" data-end=\"2585\">\n<p data-start=\"2496\" data-end=\"2585\"><strong data-start=\"2496\" data-end=\"2522\">D\u1ec5 v\u1ec7 sinh v\u00e0 th\u00e1o l\u1eafp<\/strong>: Gi\u00fap ti\u1ebft ki\u1ec7m th\u1eddi gian v\u00e0 c\u00f4ng s\u1ee9c trong qu\u00e1 tr\u00ecnh s\u1eed d\u1ee5ng.<\/p>\n<\/li>\n<\/ul>\n<h2 data-start=\"2587\" data-end=\"2643\"><strong data-start=\"2590\" data-end=\"2643\">Mua th\u1ea3m l\u00f3t s\u00e0n Subaru Forester \u1edf \u0111\u00e2u uy t\u00edn?<\/strong><\/h2>\n<figure id=\"attachment_3736\" aria-describedby=\"caption-attachment-3736\" style=\"width: 960px\" class=\"wp-caption aligncenter\"><img loading=\"lazy\" decoding=\"async\" class=\"wp-image-3736 size-full\" src=\"http:\/\/khaitest.rf.gd\/wp-content\/uploads\/2025\/07\/Tham-Lot-San-O-To-Subaru-Forester-2019-2024-2.jpg\" alt=\"Th\u1ea3m L\u00f3t S\u00e0n \u00d4 T\u00f4 Subaru Forester 2019-2024\" width=\"960\" height=\"960\" srcset=\"https:\/\/topcar.vn\/wp-content\/uploads\/2025\/07\/Tham-Lot-San-O-To-Subaru-Forester-2019-2024-2.jpg 960w, https:\/\/topcar.vn\/wp-content\/uploads\/2025\/07\/Tham-Lot-San-O-To-Subaru-Forester-2019-2024-2-300x300.jpg 300w, https:\/\/topcar.vn\/wp-content\/uploads\/2025\/07\/Tham-Lot-San-O-To-Subaru-Forester-2019-2024-2-150x150.jpg 150w, https:\/\/topcar.vn\/wp-content\/uploads\/2025\/07\/Tham-Lot-San-O-To-Subaru-Forester-2019-2024-2-768x768.jpg 768w, https:\/\/topcar.vn\/wp-content\/uploads\/2025\/07\/Tham-Lot-San-O-To-Subaru-Forester-2019-2024-2-600x600.jpg 600w, https:\/\/topcar.vn\/wp-content\/uploads\/2025\/07\/Tham-Lot-San-O-To-Subaru-Forester-2019-2024-2-100x100.jpg 100w\" sizes=\"(max-width: 960px) 100vw, 960px\" \/><figcaption id=\"caption-attachment-3736\" class=\"wp-caption-text\">Th\u1ea3m L\u00f3t S\u00e0n \u00d4 T\u00f4 Subaru Forester 2019-2024<\/figcaption><\/figure>\n<p data-start=\"2645\" data-end=\"2822\">Hi\u1ec7n nay c\u00f3 nhi\u1ec1u c\u1eeda h\u00e0ng v\u00e0 \u0111\u01a1n v\u1ecb ph\u00e2n ph\u1ed1i <strong data-start=\"2692\" data-end=\"2739\">th\u1ea3m l\u00f3t s\u00e0n \u00f4 t\u00f4 Subaru Forester<\/strong>. Tuy nhi\u00ean, \u0111\u1ec3 \u0111\u1ea3m b\u1ea3o ch\u1ea5t l\u01b0\u1ee3ng v\u00e0 \u0111\u00fang k\u00edch th\u01b0\u1edbc, b\u1ea1n n\u00ean l\u1ef1a ch\u1ecdn c\u00e1c \u0111\u01a1n v\u1ecb:<\/p>\n<ul data-start=\"2824\" data-end=\"2977\">\n<li data-start=\"2824\" data-end=\"2861\">\n<p data-start=\"2826\" data-end=\"2861\">C\u00f3 <strong data-start=\"2829\" data-end=\"2860\">ch\u00ednh s\u00e1ch b\u1ea3o h\u00e0nh r\u00f5 r\u00e0ng<\/strong>.<\/p>\n<\/li>\n<li data-start=\"2862\" data-end=\"2909\">\n<p data-start=\"2864\" data-end=\"2909\">H\u1ed7 tr\u1ee3 <strong data-start=\"2871\" data-end=\"2908\">l\u1eafp \u0111\u1eb7t t\u1eadn n\u01a1i ho\u1eb7c t\u1ea1i showroom<\/strong>.<\/p>\n<\/li>\n<li data-start=\"2910\" data-end=\"2977\">\n<p data-start=\"2912\" data-end=\"2977\">Cung c\u1ea5p <strong data-start=\"2921\" data-end=\"2976\">h\u00ecnh \u1ea3nh th\u1ef1c t\u1ebf, th\u00f4ng s\u1ed1 r\u00f5 r\u00e0ng theo t\u1eebng \u0111\u1eddi xe<\/strong>.<\/p>\n<\/li>\n<\/ul>\n<h2 data-start=\"77\" data-end=\"131\"><strong data-start=\"80\" data-end=\"131\">Gi\u00e1 th\u1ea3m l\u00f3t s\u00e0n \u00f4 t\u00f4 Subaru Forester<\/strong><\/h2>\n<figure id=\"attachment_3737\" aria-describedby=\"caption-attachment-3737\" style=\"width: 960px\" class=\"wp-caption aligncenter\"><img loading=\"lazy\" decoding=\"async\" class=\"wp-image-3737 size-full\" src=\"http:\/\/khaitest.rf.gd\/wp-content\/uploads\/2025\/07\/Tham-Lot-San-O-To-Subaru-Forester-2019-2024-3.jpg\" alt=\"Th\u1ea3m L\u00f3t S\u00e0n \u00d4 T\u00f4 Subaru Forester 2019-2024\" width=\"960\" height=\"960\" srcset=\"https:\/\/topcar.vn\/wp-content\/uploads\/2025\/07\/Tham-Lot-San-O-To-Subaru-Forester-2019-2024-3.jpg 960w, https:\/\/topcar.vn\/wp-content\/uploads\/2025\/07\/Tham-Lot-San-O-To-Subaru-Forester-2019-2024-3-300x300.jpg 300w, https:\/\/topcar.vn\/wp-content\/uploads\/2025\/07\/Tham-Lot-San-O-To-Subaru-Forester-2019-2024-3-150x150.jpg 150w, https:\/\/topcar.vn\/wp-content\/uploads\/2025\/07\/Tham-Lot-San-O-To-Subaru-Forester-2019-2024-3-768x768.jpg 768w, https:\/\/topcar.vn\/wp-content\/uploads\/2025\/07\/Tham-Lot-San-O-To-Subaru-Forester-2019-2024-3-600x600.jpg 600w, https:\/\/topcar.vn\/wp-content\/uploads\/2025\/07\/Tham-Lot-San-O-To-Subaru-Forester-2019-2024-3-100x100.jpg 100w\" sizes=\"(max-width: 960px) 100vw, 960px\" \/><figcaption id=\"caption-attachment-3737\" class=\"wp-caption-text\">Th\u1ea3m L\u00f3t S\u00e0n \u00d4 T\u00f4 Subaru Forester 2019-2024<\/figcaption><\/figure>\n<p data-start=\"133\" data-end=\"488\">Hi\u1ec7n t\u1ea1i, <a href=\"http:\/\/khaitest.rf.gd\/?p=1861\" target=\"_blank\" rel=\"noopener\">gi\u00e1 <\/a><strong data-start=\"143\" data-end=\"190\">th\u1ea3m l\u00f3t s\u00e0n \u00f4 t\u00f4 Subaru Forester<\/strong> \u0111ang \u0111\u01b0\u1ee3c Topcar cung c\u1ea5p l\u00e0:<\/p>\n<ul>\n<li>Phi\u00ean b\u1ea3n ti\u00eau chu\u1ea9n: B\u1ed9 th\u1ea3m \u0111\u00fac khu\u00f4n TPE \u2013 Gi\u00e1: 2.000.000 VN\u0110<\/li>\n<li>Phi\u00ean b\u1ea3n n\u00e2ng c\u1ea5p: Th\u1ea3m TPE + th\u1ea3m r\u1ed1i ph\u1ee7 tr\u00ean \u2013 Gi\u00e1: 2.200.000 VN\u0110<\/li>\n<\/ul>\n<p>Mi\u1ec5n ph\u00ed v\u1eadn chuy\u1ec3n to\u00e0n qu\u1ed1c khi \u0111\u1eb7t mua t\u1ea1i Topcar.<\/p>\n<p>Ngo\u00e0i ra, kh\u00e1ch h\u00e0ng c\u00f2n \u0111\u01b0\u1ee3c nh\u1eadn \u01b0u \u0111\u00e3i gi\u1ea3m gi\u00e1 v\u00e0 qu\u00e0 t\u1eb7ng \u0111\u1eb7c bi\u1ec7t trong c\u00e1c d\u1ecbp l\u1ec5, T\u1ebft.<\/p>\n<p data-start=\"3390\" data-end=\"3699\"><em><strong data-start=\"3390\" data-end=\"3437\">Th\u1ea3m l\u00f3t s\u00e0n \u00f4 t\u00f4 Subaru Forester 2019-2024<\/strong> l\u00e0 ph\u1ee5 ki\u1ec7n kh\u00f4ng th\u1ec3 thi\u1ebfu n\u1ebfu b\u1ea1n mu\u1ed1n gi\u1eef cho chi\u1ebfc SUV c\u1ee7a m\u00ecnh lu\u00f4n s\u1ea1ch s\u1ebd, sang tr\u1ecdng v\u00e0 an to\u00e0n. Vi\u1ec7c l\u1ef1a ch\u1ecdn \u0111\u00fang lo\u1ea1i th\u1ea3m s\u1ebd gi\u00fap b\u1ea1n b\u1ea3o v\u1ec7 s\u00e0n xe t\u1ed1t h\u01a1n, \u0111\u1ed3ng th\u1eddi n\u00e2ng t\u1ea7m \u0111\u1eb3ng c\u1ea5p n\u1ed9i th\u1ea5t. H\u00e3y \u0111\u1ea7u t\u01b0 th\u00f4ng minh cho x\u1ebf y\u00eau c\u1ee7a b\u1ea1n ngay h\u00f4m nay!<\/em><\/p>\n<p><strong>Li\u00ean h\u1ec7 ngay \u0111\u1ec3 \u0111\u01b0\u1ee3c t\u01b0 v\u1ea5n &amp; \u0111\u1eb7t h\u00e0ng:<\/strong><\/p>\n<p>Hotline: 0889.385.222<\/p>\n<p>\u0110\u1ecba ch\u1ec9: S\u1ed1 9 BT2, Khu \u0111\u00f4 th\u1ecb Foresa Xu\u00e2n Ph\u01b0\u01a1ng, Nam T\u1eeb Li\u00eam, H\u00e0 N\u1ed9i<\/p>\n<p>Website: <a href=\"https:\/\/Topcar.vn\" target=\"_blank\" rel=\"noopener\">https:\/\/Topcar.vn<\/a><\/p>\n","protected":false},"excerpt":{"rendered":"<p>Th\u1ea3m l\u00f3t s\u00e0n \u00f4 t\u00f4 Subaru Forester 2019-2024 thi\u1ebft k\u1ebf chu\u1ea9n form, ch\u1ea5t li\u1ec7u cao c\u1ea5p, ch\u1ed1ng n\u01b0\u1edbc \u2013 ch\u1ed1ng tr\u01a1n tr\u01b0\u1ee3t, b\u1ea3o v\u1ec7 s\u00e0n xe t\u1ed1i \u01b0u v\u00e0 t\u0103ng t\u00ednh th\u1ea9m m\u1ef9 cho n\u1ed9i th\u1ea5t. D\u1ec5 d\u00e0ng v\u1ec7 sinh, b\u1ec1n \u0111\u1eb9p theo th\u1eddi gian.<\/p>\n","protected":false},"featured_media":3737,"comment_status":"open","ping_status":"closed","template":"","meta":{"site-sidebar-layout":"default","site-content-layout":"","ast-site-content-layout":"default","site-content-style":"default","site-sidebar-style":"default","ast-global-header-display":"","ast-banner-title-visibility":"","ast-main-header-display":"","ast-hfb-above-header-display":"","ast-hfb-below-header-display":"","ast-hfb-mobile-header-display":"","site-post-title":"","ast-breadcrumbs-content":"","ast-featured-img":"","footer-sml-layout":"","ast-disable-related-posts":"","theme-transparent-header-meta":"default","adv-header-id-meta":"","stick-header-meta":"","header-above-stick-meta":"","header-main-stick-meta":"","header-below-stick-meta":"","astra-migrate-meta-layouts":"set","ast-page-background-enabled":"default","ast-page-background-meta":{"desktop":{"background-color":"var(--ast-global-color-4)","background-image":"","background-repeat":"repeat","background-position":"center center","background-size":"auto","background-attachment":"scroll","background-type":"","background-media":"","overlay-type":"","overlay-color":"","overlay-opacity":"","overlay-gradient":""},"tablet":{"background-color":"","background-image":"","background-repeat":"repeat","background-position":"center center","background-size":"auto","background-attachment":"scroll","background-type":"","background-media":"","overlay-type":"","overlay-color":"","overlay-opacity":"","overlay-gradient":""},"mobile":{"background-color":"","background-image":"","background-repeat":"repeat","background-position":"center center","background-size":"auto","background-attachment":"scroll","background-type":"","background-media":"","overlay-type":"","overlay-color":"","overlay-opacity":"","overlay-gradient":""}},"ast-content-background-meta":{"desktop":{"background-color":"var(--ast-global-color-5)","background-image":"","background-repeat":"repeat","background-position":"center center","background-size":"auto","background-attachment":"scroll","background-type":"","background-media":"","overlay-type":"","overlay-color":"","overlay-opacity":"","overlay-gradient":""},"tablet":{"background-color":"var(--ast-global-color-5)","background-image":"","background-repeat":"repeat","background-position":"center center","background-size":"auto","background-attachment":"scroll","background-type":"","background-media":"","overlay-type":"","overlay-color":"","overlay-opacity":"","overlay-gradient":""},"mobile":{"background-color":"var(--ast-global-color-5)","background-image":"","background-repeat":"repeat","background-position":"center center","background-size":"auto","background-attachment":"scroll","background-type":"","background-media":"","overlay-type":"","overlay-color":"","overlay-opacity":"","overlay-gradient":""}}},"product_brand":[],"product_cat":[43,57],"product_tag":[179,180,176,177,181,182,183,178],"class_list":{"0":"post-2036","1":"product","2":"type-product","3":"status-publish","4":"has-post-thumbnail","6":"product_cat-tham-lot-san-o-to","7":"product_cat-tham-lot-san-o-to-subaru","8":"product_tag-tham-cao-su-subaru-forester","9":"product_tag-tham-da-o-to-subaru-forester","10":"product_tag-tham-lot-san-5d-subaru-forester","11":"product_tag-tham-lot-san-6d-subaru-forester","12":"product_tag-tham-lot-san-subaru-forester-2022","13":"product_tag-tham-lot-san-subaru-forester-2023","14":"product_tag-tham-lot-san-subaru-forester-2024","15":"product_tag-tham-lot-san-tpe-subaru-forester","16":"desktop-align-left","17":"tablet-align-left","18":"mobile-align-left","20":"first","21":"instock","22":"shipping-taxable","23":"purchasable","24":"product-type-variable"},"_links":{"self":[{"href":"https:\/\/topcar.vn\/index.php?rest_route=\/wp\/v2\/product\/2036","targetHints":{"allow":["GET"]}}],"collection":[{"href":"https:\/\/topcar.vn\/index.php?rest_route=\/wp\/v2\/product"}],"about":[{"href":"https:\/\/topcar.vn\/index.php?rest_route=\/wp\/v2\/types\/product"}],"replies":[{"embeddable":true,"href":"https:\/\/topcar.vn\/index.php?rest_route=%2Fwp%2Fv2%2Fcomments&post=2036"}],"version-history":[{"count":7,"href":"https:\/\/topcar.vn\/index.php?rest_route=\/wp\/v2\/product\/2036\/revisions"}],"predecessor-version":[{"id":3743,"href":"https:\/\/topcar.vn\/index.php?rest_route=\/wp\/v2\/product\/2036\/revisions\/3743"}],"wp:featuredmedia":[{"embeddable":true,"href":"https:\/\/topcar.vn\/index.php?rest_route=\/wp\/v2\/media\/3737"}],"wp:attachment":[{"href":"https:\/\/topcar.vn\/index.php?rest_route=%2Fwp%2Fv2%2Fmedia&parent=2036"}],"wp:term":[{"taxonomy":"product_brand","embeddable":true,"href":"https:\/\/topcar.vn\/index.php?rest_route=%2Fwp%2Fv2%2Fproduct_brand&post=2036"},{"taxonomy":"product_cat","embeddable":true,"href":"https:\/\/topcar.vn\/index.php?rest_route=%2Fwp%2Fv2%2Fproduct_cat&post=2036"},{"taxonomy":"product_tag","embeddable":true,"href":"https:\/\/topcar.vn\/index.php?rest_route=%2Fwp%2Fv2%2Fproduct_tag&post=2036"}],"curies":[{"name":"wp","href":"https:\/\/api.w.org\/{rel}","templated":true}]}}