{"id":2021,"date":"2025-07-27T21:18:26","date_gmt":"2025-07-27T14:18:26","guid":{"rendered":"http:\/\/khaitest.rf.gd\/?post_type=product&#038;p=2021"},"modified":"2025-12-05T11:12:53","modified_gmt":"2025-12-05T04:12:53","slug":"tham-lot-san-toyota-corolla-altis-2022-2025","status":"publish","type":"product","link":"https:\/\/topcar.vn\/?product=tham-lot-san-toyota-corolla-altis-2022-2025","title":{"rendered":"Th\u1ea3m l\u00f3t s\u00e0n Toyota Corolla Altis 2022\u20132025"},"content":{"rendered":"<article class=\"text-token-text-primary w-full\" dir=\"auto\" data-testid=\"conversation-turn-10\" data-scroll-anchor=\"true\">\n<div class=\"text-base my-auto mx-auto pb-10 [--thread-content-margin:--spacing(4)] @[37rem]:[--thread-content-margin:--spacing(6)] @[72rem]:[--thread-content-margin:--spacing(16)] px-(--thread-content-margin)\">\n<div class=\"[--thread-content-max-width:32rem] @[34rem]:[--thread-content-max-width:40rem] @[64rem]:[--thread-content-max-width:48rem] mx-auto max-w-(--thread-content-max-width) flex-1 group\/turn-messages focus-visible:outline-hidden relative flex w-full min-w-0 flex-col agent-turn\" tabindex=\"-1\">\n<div class=\"flex max-w-full flex-col grow\">\n<div class=\"min-h-8 text-message relative flex w-full flex-col items-end gap-2 text-start break-words whitespace-normal [.text-message+&amp;]:mt-5\" dir=\"auto\" data-message-author-role=\"assistant\" data-message-id=\"6ee8a93f-7fdb-4c7e-b8bb-2a874c3d517b\" data-message-model-slug=\"gpt-4o\">\n<div class=\"flex w-full flex-col gap-1 empty:hidden first:pt-[3px]\">\n<div class=\"markdown prose dark:prose-invert w-full break-words light\">\n<p data-start=\"260\" data-end=\"621\">Toyota Corolla Altis 2022\u20132025 l\u00e0 m\u1eabu sedan h\u1ea1ng C hi\u1ec7n \u0111\u1ea1i, ti\u1ebft ki\u1ec7m nhi\u00ean li\u1ec7u v\u00e0 b\u1ec1n b\u1ec9, ph\u00f9 h\u1ee3p c\u1ea3 gia \u0111\u00ecnh v\u00e0 ng\u01b0\u1eddi \u0111i l\u00e0m. Tuy nhi\u00ean, n\u1ebfu kh\u00f4ng \u0111\u01b0\u1ee3c b\u1ea3o v\u1ec7 \u0111\u00fang c\u00e1ch, s\u00e0n xe r\u1ea5t d\u1ec5 b\u00e1m b\u1ee5i, \u0111\u1ecdng n\u01b0\u1edbc ho\u1eb7c b\u1ecb tr\u1ea7y x\u01b0\u1edbc. <strong data-start=\"486\" data-end=\"544\">Th\u1ea3m l\u00f3t s\u00e0n Toyota Corolla Altis 2022\u20132025 c\u1ee7a Topcar<\/strong> l\u00e0 l\u1ef1a ch\u1ecdn l\u00fd t\u01b0\u1edfng gi\u00fap b\u1ea3o v\u1ec7 s\u00e0n xe t\u1ed1i \u01b0u v\u00e0 n\u00e2ng t\u1ea7m th\u1ea9m m\u1ef9 n\u1ed9i th\u1ea5t.<\/p>\n<hr data-start=\"623\" data-end=\"626\" \/>\n<h2 data-start=\"628\" data-end=\"699\">Gi\u1edbi thi\u1ec7u th\u1ea3m l\u00f3t s\u00e0n Toyota Corolla Altis 2022\u20132025 t\u1ea1i Topcar<\/h2>\n<figure id=\"attachment_3353\" aria-describedby=\"caption-attachment-3353\" style=\"width: 1024px\" class=\"wp-caption aligncenter\"><img fetchpriority=\"high\" decoding=\"async\" class=\"wp-image-3353 size-large\" src=\"http:\/\/khaitest.rf.gd\/wp-content\/uploads\/2025\/07\/tham-lot-san-toyota-corolla-altis-1-1024x1024.webp\" alt=\"tham-lot-san-toyota-corolla-altis\" width=\"1024\" height=\"1024\" srcset=\"https:\/\/topcar.vn\/wp-content\/uploads\/2025\/07\/tham-lot-san-toyota-corolla-altis-1-1024x1024.webp 1024w, https:\/\/topcar.vn\/wp-content\/uploads\/2025\/07\/tham-lot-san-toyota-corolla-altis-1-300x300.webp 300w, https:\/\/topcar.vn\/wp-content\/uploads\/2025\/07\/tham-lot-san-toyota-corolla-altis-1-150x150.webp 150w, https:\/\/topcar.vn\/wp-content\/uploads\/2025\/07\/tham-lot-san-toyota-corolla-altis-1-768x767.webp 768w, https:\/\/topcar.vn\/wp-content\/uploads\/2025\/07\/tham-lot-san-toyota-corolla-altis-1-600x599.webp 600w, https:\/\/topcar.vn\/wp-content\/uploads\/2025\/07\/tham-lot-san-toyota-corolla-altis-1-100x100.webp 100w, https:\/\/topcar.vn\/wp-content\/uploads\/2025\/07\/tham-lot-san-toyota-corolla-altis-1.webp 1081w\" sizes=\"(max-width: 1024px) 100vw, 1024px\" \/><figcaption id=\"caption-attachment-3353\" class=\"wp-caption-text\">Th\u1ea3m l\u00f3t s\u00e0n Toyota Corolla Altis 2022-2025<\/figcaption><\/figure>\n<p data-start=\"701\" data-end=\"1496\">Th\u1ea3m l\u00f3t s\u00e0n Toyota Corolla Altis 2022\u20132025 c\u1ee7a Topcar \u0111\u01b0\u1ee3c thi\u1ebft k\u1ebf chu\u1ea9n theo form t\u1eebng phi\u00ean b\u1ea3n xe, \u0111\u1ea3m b\u1ea3o v\u1eeba kh\u00edt s\u00e0n v\u00e0 kh\u00f4ng x\u00f4 l\u1ec7ch. S\u1ea3n ph\u1ea9m s\u1eed d\u1ee5ng ch\u1ea5t li\u1ec7u TPE cao c\u1ea5p, m\u1ec1m d\u1ebbo, kh\u00f4ng \u0111\u1ed9c h\u1ea1i v\u00e0 th\u00e2n thi\u1ec7n v\u1edbi m\u00f4i tr\u01b0\u1eddng. Th\u1ea3m \u0111\u01b0\u1ee3c \u0111\u00fac khu\u00f4n 3D hi\u1ec7n \u0111\u1ea1i, \u1ee9ng d\u1ee5ng c\u00f4ng ngh\u1ec7 Laser Scan 3D cho \u0111\u1ed9 ch\u00ednh x\u00e1c cao \u0111\u1ebfn t\u1eebng chi ti\u1ebft. Vi\u1ec1n th\u1ea3m cao, c\u00f3 r\u00e3nh ch\u1ed1ng tr\u00e0n, gi\u1eef n\u01b0\u1edbc v\u00e0 b\u00f9n \u0111\u1ea5t kh\u00f4ng tr\u00e0n ra s\u00e0n xe. Ch\u1ed1t c\u1ed1 \u0111\u1ecbnh ch\u1eafc ch\u1eafn gi\u00fap th\u1ea3m kh\u00f4ng tr\u01b0\u1ee3t khi di chuy\u1ec3n. Th\u1ea3m \u0111\u01b0\u1ee3c chia theo t\u1eebng h\u00e0ng gh\u1ebf, d\u1ec5 th\u00e1o l\u1eafp v\u00e0 v\u1ec7 sinh. Ngo\u00e0i ra, kh\u00e1ch h\u00e0ng c\u00f3 th\u1ec3 ch\u1ecdn th\u00eam l\u1edbp th\u1ea3m r\u1ed1i ph\u1ee7 tr\u00ean \u0111\u1ec3 t\u0103ng kh\u1ea3 n\u0103ng gi\u1eef b\u1ee5i v\u00e0 ch\u1ed1ng tr\u01a1n hi\u1ec7u qu\u1ea3.<\/p>\n<hr data-start=\"1498\" data-end=\"1501\" \/>\n<h2 data-start=\"1503\" data-end=\"1554\">\u01afu \u0111i\u1ec3m c\u1ee7a th\u1ea3m l\u00f3t s\u00e0n Toyota Corolla Altis<\/h2>\n<figure id=\"attachment_3356\" aria-describedby=\"caption-attachment-3356\" style=\"width: 1024px\" class=\"wp-caption aligncenter\"><img decoding=\"async\" class=\"wp-image-3356 size-large\" src=\"http:\/\/khaitest.rf.gd\/wp-content\/uploads\/2025\/07\/tham-lot-san-toyota-corolla-altis-3-1024x1024.webp\" alt=\"tham-lot-san-toyota-corolla-altis\" width=\"1024\" height=\"1024\" srcset=\"https:\/\/topcar.vn\/wp-content\/uploads\/2025\/07\/tham-lot-san-toyota-corolla-altis-3-1024x1024.webp 1024w, https:\/\/topcar.vn\/wp-content\/uploads\/2025\/07\/tham-lot-san-toyota-corolla-altis-3-300x300.webp 300w, https:\/\/topcar.vn\/wp-content\/uploads\/2025\/07\/tham-lot-san-toyota-corolla-altis-3-150x150.webp 150w, https:\/\/topcar.vn\/wp-content\/uploads\/2025\/07\/tham-lot-san-toyota-corolla-altis-3-768x767.webp 768w, https:\/\/topcar.vn\/wp-content\/uploads\/2025\/07\/tham-lot-san-toyota-corolla-altis-3-600x599.webp 600w, https:\/\/topcar.vn\/wp-content\/uploads\/2025\/07\/tham-lot-san-toyota-corolla-altis-3-100x100.webp 100w, https:\/\/topcar.vn\/wp-content\/uploads\/2025\/07\/tham-lot-san-toyota-corolla-altis-3.webp 1081w\" sizes=\"(max-width: 1024px) 100vw, 1024px\" \/><figcaption id=\"caption-attachment-3356\" class=\"wp-caption-text\">Th\u1ea3m l\u00f3t s\u00e0n Toyota Corolla Altis 2022-2025<\/figcaption><\/figure>\n<ul data-start=\"1556\" data-end=\"2040\">\n<li data-start=\"1556\" data-end=\"1641\">\n<p data-start=\"1558\" data-end=\"1641\">Thi\u1ebft k\u1ebf theo <strong data-start=\"1572\" data-end=\"1617\">form chu\u1ea9n s\u00e0n xe Corolla Altis 2022\u20132025<\/strong>, kh\u00f4ng c\u1ea7n ch\u1ec9nh s\u1eeda.<\/p>\n<\/li>\n<li data-start=\"1642\" data-end=\"1728\">\n<p data-start=\"1644\" data-end=\"1728\"><strong data-start=\"1644\" data-end=\"1673\">Ch\u1ed1ng n\u01b0\u1edbc, ch\u1ed1ng b\u00e1m b\u1ee5i<\/strong>, ph\u00f9 h\u1ee3p \u0111i m\u01b0a ho\u1eb7c s\u1eed d\u1ee5ng \u1edf khu v\u1ef1c th\u1eddi ti\u1ebft \u1ea9m.<\/p>\n<\/li>\n<li data-start=\"1729\" data-end=\"1816\">\n<p data-start=\"1731\" data-end=\"1816\"><strong data-start=\"1731\" data-end=\"1759\">Kh\u00f4ng m\u00f9i, kh\u00f4ng \u0111\u1ed9c h\u1ea1i<\/strong>, an to\u00e0n cho tr\u1ebb em, ng\u01b0\u1eddi l\u1edbn tu\u1ed5i v\u00e0 ng\u01b0\u1eddi nh\u1ea1y c\u1ea3m.<\/p>\n<\/li>\n<li data-start=\"1817\" data-end=\"1882\">\n<p data-start=\"1819\" data-end=\"1882\"><strong data-start=\"1819\" data-end=\"1834\">C\u00e1ch \u00e2m t\u1ed1t<\/strong>, h\u1ed7 tr\u1ee3 gi\u1ea3m ti\u1ebfng \u1ed3n t\u1eeb g\u1ea7m xe v\u00e0 m\u1eb7t \u0111\u01b0\u1eddng.<\/p>\n<\/li>\n<li data-start=\"1883\" data-end=\"1945\">\n<p data-start=\"1885\" data-end=\"1945\">D\u1ec5 d\u00e0ng <strong data-start=\"1893\" data-end=\"1914\">th\u00e1o l\u1eafp, v\u1ec7 sinh<\/strong>, kh\u00f4ng c\u1ea7n d\u1ee5ng c\u1ee5 k\u1ef9 thu\u1eadt.<\/p>\n<\/li>\n<li data-start=\"1946\" data-end=\"2040\">\n<p data-start=\"1948\" data-end=\"2040\">Thi\u1ebft k\u1ebf hi\u1ec7n \u0111\u1ea1i gi\u00fap khoang n\u1ed9i th\u1ea5t xe lu\u00f4n <strong data-start=\"1995\" data-end=\"2018\">s\u1ea1ch s\u1ebd, sang tr\u1ecdng<\/strong> v\u00e0 chuy\u00ean nghi\u1ec7p h\u01a1n.<\/p>\n<\/li>\n<\/ul>\n<hr data-start=\"2042\" data-end=\"2045\" \/>\n<h2 data-start=\"2047\" data-end=\"2104\">Gi\u00e1 b\u00e1n th\u1ea3m l\u00f3t s\u00e0n Toyota Corolla Altis 2022\u20132025<\/h2>\n<figure id=\"attachment_3352\" aria-describedby=\"caption-attachment-3352\" style=\"width: 1024px\" class=\"wp-caption aligncenter\"><img decoding=\"async\" class=\"wp-image-3352 size-large\" src=\"http:\/\/khaitest.rf.gd\/wp-content\/uploads\/2025\/07\/anh-dai-dien-tham-lot-san-toyota-corolla-altis-1024x683.webp\" alt=\"tham-lot-san-toyota-corolla-altis\" width=\"1024\" height=\"683\" srcset=\"https:\/\/topcar.vn\/wp-content\/uploads\/2025\/07\/anh-dai-dien-tham-lot-san-toyota-corolla-altis-1024x683.webp 1024w, https:\/\/topcar.vn\/wp-content\/uploads\/2025\/07\/anh-dai-dien-tham-lot-san-toyota-corolla-altis-300x200.webp 300w, https:\/\/topcar.vn\/wp-content\/uploads\/2025\/07\/anh-dai-dien-tham-lot-san-toyota-corolla-altis-768x512.webp 768w, https:\/\/topcar.vn\/wp-content\/uploads\/2025\/07\/anh-dai-dien-tham-lot-san-toyota-corolla-altis-1536x1024.webp 1536w, https:\/\/topcar.vn\/wp-content\/uploads\/2025\/07\/anh-dai-dien-tham-lot-san-toyota-corolla-altis-600x400.webp 600w, https:\/\/topcar.vn\/wp-content\/uploads\/2025\/07\/anh-dai-dien-tham-lot-san-toyota-corolla-altis.webp 2048w\" sizes=\"(max-width: 1024px) 100vw, 1024px\" \/><figcaption id=\"caption-attachment-3352\" class=\"wp-caption-text\">Th\u1ea3m l\u00f3t s\u00e0n Toyota Corolla Altis 2022-2025<\/figcaption><\/figure>\n<p data-start=\"2106\" data-end=\"2185\">Topcar hi\u1ec7n cung c\u1ea5p hai phi\u00ean b\u1ea3n th\u1ea3m cho Toyota Corolla Altis \u0111\u1eddi 2022\u20132025:<\/p>\n<ul data-start=\"2187\" data-end=\"2339\">\n<li data-start=\"2187\" data-end=\"2261\">\n<p data-start=\"2189\" data-end=\"2261\"><strong data-start=\"2189\" data-end=\"2213\">Phi\u00ean b\u1ea3n ti\u00eau chu\u1ea9n<\/strong>: B\u1ed9 th\u1ea3m \u0111\u00fac khu\u00f4n TPE \u2013 <em data-start=\"2239\" data-end=\"2259\">Gi\u00e1: 2.000.000 VN\u0110<\/em><\/p>\n<\/li>\n<li data-start=\"2262\" data-end=\"2339\">\n<p data-start=\"2264\" data-end=\"2339\"><strong data-start=\"2264\" data-end=\"2286\">Phi\u00ean b\u1ea3n n\u00e2ng c\u1ea5p<\/strong>: Th\u1ea3m TPE + <a href=\"http:\/\/khaitest.rf.gd\/?p=1914\" target=\"_blank\" rel=\"noopener\">th\u1ea3m r\u1ed1i<\/a> ph\u1ee7 tr\u00ean \u2013 <em data-start=\"2319\" data-end=\"2339\">Gi\u00e1: 2.200.000 VN\u0110<\/em><\/p>\n<\/li>\n<\/ul>\n<p data-start=\"2341\" data-end=\"2583\">M\u1ee9c gi\u00e1 \u00e1p d\u1ee5ng cho t\u1ea5t c\u1ea3 c\u00e1c phi\u00ean b\u1ea3n Corolla Altis trong giai \u0111o\u1ea1n 2022\u20132025.<br data-start=\"2422\" data-end=\"2425\" \/><strong data-start=\"2425\" data-end=\"2458\">Mi\u1ec5n ph\u00ed v\u1eadn chuy\u1ec3n to\u00e0n qu\u1ed1c<\/strong> khi \u0111\u1eb7t mua t\u1ea1i Topcar.<br data-start=\"2482\" data-end=\"2485\" \/>Ngo\u00e0i ra, kh\u00e1ch h\u00e0ng c\u00f2n \u0111\u01b0\u1ee3c nh\u1eadn <strong data-start=\"2520\" data-end=\"2560\">\u01b0u \u0111\u00e3i gi\u1ea3m gi\u00e1 v\u00e0 qu\u00e0 t\u1eb7ng \u0111\u1eb7c bi\u1ec7t<\/strong> trong c\u00e1c d\u1ecbp l\u1ec5, T\u1ebft.<\/p>\n<hr data-start=\"2585\" data-end=\"2588\" \/>\n<h2 data-start=\"2590\" data-end=\"2665\">Mua th\u1ea3m l\u00f3t s\u00e0n Toyota Corolla Altis 2022\u20132025 ch\u00ednh h\u00e3ng t\u1ea1i Topcar<\/h2>\n<figure id=\"attachment_3357\" aria-describedby=\"caption-attachment-3357\" style=\"width: 1024px\" class=\"wp-caption aligncenter\"><img loading=\"lazy\" decoding=\"async\" class=\"wp-image-3357 size-large\" src=\"http:\/\/khaitest.rf.gd\/wp-content\/uploads\/2025\/07\/tham-lot-san-toyota-corolla-altis-4-1024x1024.webp\" alt=\"tham-lot-san-toyota-corolla-altis\" width=\"1024\" height=\"1024\" srcset=\"https:\/\/topcar.vn\/wp-content\/uploads\/2025\/07\/tham-lot-san-toyota-corolla-altis-4-1024x1024.webp 1024w, https:\/\/topcar.vn\/wp-content\/uploads\/2025\/07\/tham-lot-san-toyota-corolla-altis-4-300x300.webp 300w, https:\/\/topcar.vn\/wp-content\/uploads\/2025\/07\/tham-lot-san-toyota-corolla-altis-4-150x150.webp 150w, https:\/\/topcar.vn\/wp-content\/uploads\/2025\/07\/tham-lot-san-toyota-corolla-altis-4-768x767.webp 768w, https:\/\/topcar.vn\/wp-content\/uploads\/2025\/07\/tham-lot-san-toyota-corolla-altis-4-600x599.webp 600w, https:\/\/topcar.vn\/wp-content\/uploads\/2025\/07\/tham-lot-san-toyota-corolla-altis-4-100x100.webp 100w, https:\/\/topcar.vn\/wp-content\/uploads\/2025\/07\/tham-lot-san-toyota-corolla-altis-4.webp 1081w\" sizes=\"(max-width: 1024px) 100vw, 1024px\" \/><figcaption id=\"caption-attachment-3357\" class=\"wp-caption-text\">Th\u1ea3m l\u00f3t s\u00e0n Toyota Corolla Altis 2022-2025<\/figcaption><\/figure>\n<p data-start=\"2667\" data-end=\"2913\">Topcar l\u00e0 th\u01b0\u01a1ng hi\u1ec7u uy t\u00edn v\u1edbi <strong data-start=\"2700\" data-end=\"2726\">h\u01a1n 10 n\u0103m kinh nghi\u1ec7m<\/strong> cung c\u1ea5p th\u1ea3m l\u00f3t s\u00e0n \u00f4 t\u00f4 ch\u1ea5t l\u01b0\u1ee3ng. S\u1ea3n ph\u1ea9m c\u1ee7a Topcar \u0111\u01b0\u1ee3c <strong data-start=\"2793\" data-end=\"2827\">h\u00e0ng ng\u00e0n kh\u00e1ch h\u00e0ng tin t\u01b0\u1edfng<\/strong> tr\u00ean to\u00e0n qu\u1ed1c.<br data-start=\"2843\" data-end=\"2846\" \/>Khi \u0111\u1eb7t mua th\u1ea3m Toyota Corolla Altis t\u1ea1i Topcar, b\u1ea1n s\u1ebd nh\u1eadn \u0111\u01b0\u1ee3c:<\/p>\n<ul data-start=\"2915\" data-end=\"3236\">\n<li data-start=\"2915\" data-end=\"2971\">\n<p data-start=\"2917\" data-end=\"2971\"><strong data-start=\"2917\" data-end=\"2949\">Giao h\u00e0ng mi\u1ec5n ph\u00ed to\u00e0n qu\u1ed1c<\/strong>, nhanh v\u00e0 \u0111\u00fang h\u1eb9n.<\/p>\n<\/li>\n<li data-start=\"2972\" data-end=\"3043\">\n<p data-start=\"2974\" data-end=\"3043\"><strong data-start=\"2974\" data-end=\"3005\">Mi\u1ec5n ph\u00ed l\u1eafp \u0111\u1eb7t t\u1ea1i H\u00e0 N\u1ed9i<\/strong> b\u1edfi \u0111\u1ed9i ng\u0169 k\u1ef9 thu\u1eadt chuy\u00ean nghi\u1ec7p.<\/p>\n<\/li>\n<li data-start=\"3044\" data-end=\"3106\">\n<p data-start=\"3046\" data-end=\"3106\"><strong data-start=\"3046\" data-end=\"3070\">\u0110\u1ed5i m\u1edbi trong 7 ng\u00e0y<\/strong> n\u1ebfu s\u1ea3n ph\u1ea9m l\u1ed7i do nh\u00e0 s\u1ea3n xu\u1ea5t.<\/p>\n<\/li>\n<li data-start=\"3107\" data-end=\"3179\">\n<p data-start=\"3109\" data-end=\"3179\"><strong data-start=\"3109\" data-end=\"3147\">Ki\u1ec3m tra h\u00e0ng tr\u01b0\u1edbc khi thanh to\u00e1n<\/strong>, \u0111\u1ea3m b\u1ea3o quy\u1ec1n l\u1ee3i ng\u01b0\u1eddi mua.<\/p>\n<\/li>\n<li data-start=\"3180\" data-end=\"3236\">\n<p data-start=\"3182\" data-end=\"3236\"><strong data-start=\"3182\" data-end=\"3208\">B\u1ea3o h\u00e0nh l\u00ean \u0111\u1ebfn 5 n\u0103m<\/strong>, s\u1eed d\u1ee5ng ho\u00e0n to\u00e0n y\u00ean t\u00e2m.<\/p>\n<\/li>\n<\/ul>\n<hr data-start=\"3238\" data-end=\"3241\" \/>\n<h2 data-start=\"3243\" data-end=\"3257\">K\u1ebft lu\u1eadn<\/h2>\n<p data-start=\"3259\" data-end=\"3646\"><strong data-start=\"3259\" data-end=\"3306\">Th\u1ea3m l\u00f3t s\u00e0n Toyota Corolla Altis 2022\u20132025<\/strong> l\u00e0 ph\u1ee5 ki\u1ec7n kh\u00f4ng th\u1ec3 thi\u1ebfu \u0111\u1ec3 gi\u1eef g\u00ecn s\u00e0n xe lu\u00f4n s\u1ea1ch s\u1ebd, b\u1ec1n \u0111\u1eb9p. Thi\u1ebft k\u1ebf chu\u1ea9n, ch\u1ea5t li\u1ec7u cao c\u1ea5p v\u00e0 c\u00f4ng ngh\u1ec7 \u0111\u00fac 3D gi\u00fap b\u1ea3o v\u1ec7 to\u00e0n di\u1ec7n cho n\u1ed9i th\u1ea5t xe. D\u00f9 b\u1ea1n s\u1eed d\u1ee5ng xe cho gia \u0111\u00ecnh hay c\u00f4ng vi\u1ec7c, b\u1ed9 th\u1ea3m n\u00e0y \u0111\u1ec1u l\u00e0 l\u1ef1a ch\u1ecdn ph\u00f9 h\u1ee3p.<br data-start=\"3555\" data-end=\"3558\" \/><strong data-start=\"3558\" data-end=\"3568\">Topcar<\/strong> cam k\u1ebft mang \u0111\u1ebfn s\u1ea3n ph\u1ea9m ch\u1ea5t l\u01b0\u1ee3ng cao c\u00f9ng d\u1ecbch v\u1ee5 chuy\u00ean nghi\u1ec7p, t\u1eadn t\u00e2m.<\/p>\n<article class=\"text-token-text-primary w-full focus:outline-none scroll-mt-[calc(var(--header-height)+min(200px,max(70px,20svh)))]\" dir=\"auto\" tabindex=\"-1\" data-testid=\"conversation-turn-8\" data-scroll-anchor=\"true\" data-turn=\"assistant\">\n<div class=\"text-base my-auto mx-auto pb-10 [--thread-content-margin:--spacing(4)] @[37rem]:[--thread-content-margin:--spacing(6)] @[72rem]:[--thread-content-margin:--spacing(16)] px-(--thread-content-margin)\">\n<div class=\"[--thread-content-max-width:32rem] @[34rem]:[--thread-content-max-width:40rem] @[64rem]:[--thread-content-max-width:48rem] mx-auto max-w-(--thread-content-max-width) flex-1 group\/turn-messages focus-visible:outline-hidden relative flex w-full min-w-0 flex-col agent-turn\" tabindex=\"-1\">\n<div class=\"flex max-w-full flex-col grow\">\n<div class=\"min-h-8 text-message relative flex w-full flex-col items-end gap-2 text-start break-words whitespace-normal [.text-message+&amp;]:mt-5\" dir=\"auto\" data-message-author-role=\"assistant\" data-message-id=\"33782dad-ac60-4c86-abc0-095261393c7b\" data-message-model-slug=\"gpt-4o\">\n<div class=\"flex w-full flex-col gap-1 empty:hidden first:pt-[3px]\">\n<div class=\"markdown prose dark:prose-invert w-full break-words light\">\n<h2><strong data-start=\"2575\" data-end=\"2618\">Li\u00ean h\u1ec7 ngay \u0111\u1ec3 \u0111\u01b0\u1ee3c t\u01b0 v\u1ea5n &amp; \u0111\u1eb7t h\u00e0ng:<\/strong><\/h2>\n<p data-start=\"74\" data-end=\"243\">Hotline: 0889.385.222<br data-start=\"142\" data-end=\"145\" \/>\u0110\u1ecba ch\u1ec9: S\u1ed1 9 BT2, Khu \u0111\u00f4 th\u1ecb Foresa Xu\u00e2n Ph\u01b0\u01a1ng, Nam T\u1eeb Li\u00eam, H\u00e0 N\u1ed9i<br data-start=\"214\" data-end=\"217\" \/>Website: <a class=\"\" href=\"https:\/\/Topcar.vn\" target=\"_new\" rel=\"noopener\" data-start=\"226\" data-end=\"243\">https:\/\/Topcar.vn<\/a><\/p>\n<p data-start=\"245\" data-end=\"357\" data-is-last-node=\"\" data-is-only-node=\"\">H\u00e3y \u0111\u1eb7t mua th\u1ea3m l\u00f3t s\u00e0n Corolla Altis 2022\u20132025 ngay h\u00f4m nay \u0111\u1ec3 gi\u1eef cho n\u1ed9i th\u1ea5t xe lu\u00f4n s\u1ea1ch s\u1ebd v\u00e0 sang tr\u1ecdng.<\/p>\n<\/div>\n<\/div>\n<\/div>\n<\/div>\n<\/div>\n<\/div>\n<\/article>\n<\/div>\n<\/div>\n<\/div>\n<\/div>\n<\/div>\n<\/div>\n<\/article>\n","protected":false},"excerpt":{"rendered":"<ul>\n<li>Mi\u1ec5n ph\u00ed giao h\u00e0ng to\u00e0n qu\u1ed1c<\/li>\n<li>Nh\u1eadn h\u00e0ng &gt; L\u1eafp \u0111\u1eb7t &gt; Thanh to\u00e1n<\/li>\n<li>B\u1ea3o h\u00e0nh 5 n\u0103m<\/li>\n<\/ul>\n","protected":false},"featured_media":3717,"comment_status":"closed","ping_status":"closed","template":"","meta":{"site-sidebar-layout":"no-sidebar","site-content-layout":"content-boxed-container","ast-site-content-layout":"normal-width-container","site-content-style":"boxed","site-sidebar-style":"unboxed","ast-global-header-display":"","ast-banner-title-visibility":"","ast-main-header-display":"","ast-hfb-above-header-display":"","ast-hfb-below-header-display":"","ast-hfb-mobile-header-display":"","site-post-title":"","ast-breadcrumbs-content":"","ast-featured-img":"","footer-sml-layout":"","ast-disable-related-posts":"","theme-transparent-header-meta":"default","adv-header-id-meta":"","stick-header-meta":"","header-above-stick-meta":"","header-main-stick-meta":"","header-below-stick-meta":"","astra-migrate-meta-layouts":"set","ast-page-background-enabled":"default","ast-page-background-meta":{"desktop":{"background-color":"var(--ast-global-color-4)","background-image":"","background-repeat":"repeat","background-position":"center center","background-size":"auto","background-attachment":"scroll","background-type":"","background-media":"","overlay-type":"","overlay-color":"","overlay-opacity":"","overlay-gradient":""},"tablet":{"background-color":"","background-image":"","background-repeat":"repeat","background-position":"center center","background-size":"auto","background-attachment":"scroll","background-type":"","background-media":"","overlay-type":"","overlay-color":"","overlay-opacity":"","overlay-gradient":""},"mobile":{"background-color":"","background-image":"","background-repeat":"repeat","background-position":"center center","background-size":"auto","background-attachment":"scroll","background-type":"","background-media":"","overlay-type":"","overlay-color":"","overlay-opacity":"","overlay-gradient":""}},"ast-content-background-meta":{"desktop":{"background-color":"var(--ast-global-color-5)","background-image":"","background-repeat":"repeat","background-position":"center center","background-size":"auto","background-attachment":"scroll","background-type":"","background-media":"","overlay-type":"","overlay-color":"","overlay-opacity":"","overlay-gradient":""},"tablet":{"background-color":"var(--ast-global-color-5)","background-image":"","background-repeat":"repeat","background-position":"center center","background-size":"auto","background-attachment":"scroll","background-type":"","background-media":"","overlay-type":"","overlay-color":"","overlay-opacity":"","overlay-gradient":""},"mobile":{"background-color":"var(--ast-global-color-5)","background-image":"","background-repeat":"repeat","background-position":"center center","background-size":"auto","background-attachment":"scroll","background-type":"","background-media":"","overlay-type":"","overlay-color":"","overlay-opacity":"","overlay-gradient":""}}},"product_brand":[],"product_cat":[43,45],"product_tag":[169,75,76,173,167,170,168,171,174,172],"class_list":{"0":"post-2021","1":"product","2":"type-product","3":"status-publish","4":"has-post-thumbnail","6":"product_cat-tham-lot-san-o-to","7":"product_cat-tham-lot-san-o-to-toyota","8":"product_tag-ban-xe-o-to-loai-5-cho-ngoi-da-qua-su-dung-nhan-hieu-toyota-corolla-altis","9":"product_tag-tham-lot-san-o-to-tot-nhat-hien-nay","10":"product_tag-tham-lot-san-o-to-tpe","11":"product_tag-thong-tin-xe-o-to-loai-5-cho-ngoi-nhan-hieu-toyota-corolla-altis-2004","12":"product_tag-toyota-corolla","13":"product_tag-toyota-corolla-altis-1-8g","14":"product_tag-toyota-corolla-altis-2025","15":"product_tag-toyota-corolla-altis-hev","16":"product_tag-xe-toyota-corolla-altis-2024","17":"product_tag-xe-toyota-corolla-altis-2025","18":"desktop-align-left","19":"tablet-align-left","20":"mobile-align-left","22":"first","23":"instock","24":"shipping-taxable","25":"purchasable","26":"product-type-variable"},"_links":{"self":[{"href":"https:\/\/topcar.vn\/index.php?rest_route=\/wp\/v2\/product\/2021","targetHints":{"allow":["GET"]}}],"collection":[{"href":"https:\/\/topcar.vn\/index.php?rest_route=\/wp\/v2\/product"}],"about":[{"href":"https:\/\/topcar.vn\/index.php?rest_route=\/wp\/v2\/types\/product"}],"replies":[{"embeddable":true,"href":"https:\/\/topcar.vn\/index.php?rest_route=%2Fwp%2Fv2%2Fcomments&post=2021"}],"version-history":[{"count":5,"href":"https:\/\/topcar.vn\/index.php?rest_route=\/wp\/v2\/product\/2021\/revisions"}],"predecessor-version":[{"id":3629,"href":"https:\/\/topcar.vn\/index.php?rest_route=\/wp\/v2\/product\/2021\/revisions\/3629"}],"wp:featuredmedia":[{"embeddable":true,"href":"https:\/\/topcar.vn\/index.php?rest_route=\/wp\/v2\/media\/3717"}],"wp:attachment":[{"href":"https:\/\/topcar.vn\/index.php?rest_route=%2Fwp%2Fv2%2Fmedia&parent=2021"}],"wp:term":[{"taxonomy":"product_brand","embeddable":true,"href":"https:\/\/topcar.vn\/index.php?rest_route=%2Fwp%2Fv2%2Fproduct_brand&post=2021"},{"taxonomy":"product_cat","embeddable":true,"href":"https:\/\/topcar.vn\/index.php?rest_route=%2Fwp%2Fv2%2Fproduct_cat&post=2021"},{"taxonomy":"product_tag","embeddable":true,"href":"https:\/\/topcar.vn\/index.php?rest_route=%2Fwp%2Fv2%2Fproduct_tag&post=2021"}],"curies":[{"name":"wp","href":"https:\/\/api.w.org\/{rel}","templated":true}]}}