{"id":2014,"date":"2025-07-27T00:44:10","date_gmt":"2025-07-26T17:44:10","guid":{"rendered":"http:\/\/khaitest.rf.gd\/?post_type=product&#038;p=2014"},"modified":"2025-12-05T11:45:22","modified_gmt":"2025-12-05T04:45:22","slug":"tham-lot-san-vinfast-lux-sa2-0","status":"publish","type":"product","link":"https:\/\/topcar.vn\/product\/tham-lot-san-vinfast-lux-sa2-0\/","title":{"rendered":"th\u1ea3m l\u00f3t s\u00e0n VinFast Lux SA2.0"},"content":{"rendered":"<article class=\"text-token-text-primary w-full\" dir=\"auto\" data-testid=\"conversation-turn-10\" data-scroll-anchor=\"true\">\n<div class=\"text-base my-auto mx-auto pb-10 [--thread-content-margin:--spacing(4)] @[37rem]:[--thread-content-margin:--spacing(6)] @[72rem]:[--thread-content-margin:--spacing(16)] px-(--thread-content-margin)\">\n<div class=\"[--thread-content-max-width:32rem] @[34rem]:[--thread-content-max-width:40rem] @[64rem]:[--thread-content-max-width:48rem] mx-auto max-w-(--thread-content-max-width) flex-1 group\/turn-messages focus-visible:outline-hidden relative flex w-full min-w-0 flex-col agent-turn\" tabindex=\"-1\">\n<div class=\"flex max-w-full flex-col grow\">\n<div class=\"min-h-8 text-message relative flex w-full flex-col items-end gap-2 text-start break-words whitespace-normal [.text-message+&amp;]:mt-5\" dir=\"auto\" data-message-author-role=\"assistant\" data-message-id=\"6ee8a93f-7fdb-4c7e-b8bb-2a874c3d517b\" data-message-model-slug=\"gpt-4o\">\n<div class=\"flex w-full flex-col gap-1 empty:hidden first:pt-[3px]\">\n<div class=\"markdown prose dark:prose-invert w-full break-words light\">\n<p data-start=\"363\" data-end=\"588\"><em><strong>\u0110\u1ed1i v\u1edbi d\u00f2ng SUV cao c\u1ea5p nh\u01b0 VinFast Lux SA2.0, khoang n\u1ed9i th\u1ea5t r\u1ed9ng r\u00e3i ch\u00ednh l\u00e0 \u0111i\u1ec3m m\u1ea1nh \u2013 nh\u01b0ng c\u0169ng \u0111\u00f2i h\u1ecfi b\u1ea1n c\u1ea7n m\u1ed9t b\u1ed9 th\u1ea3m l\u00f3t s\u00e0n VinFast Lux SA2.0 ch\u1ea5t l\u01b0\u1ee3ng cao \u0111\u1ec3 b\u1ea3o v\u1ec7 to\u00e0n di\u1ec7n v\u00e0 gi\u1eef s\u1ea1ch s\u1ebd trong m\u1ecdi \u0111i\u1ec1u ki\u1ec7n th\u1eddi ti\u1ebft.<\/strong><\/em><\/p>\n<h2 data-start=\"595\" data-end=\"624\"><strong data-start=\"599\" data-end=\"622\">Gi\u1edbi thi\u1ec7u s\u1ea3n ph\u1ea9m th\u1ea3m l\u00f3t s\u00e0n VinFast Lux SA2.0<\/strong><\/h2>\n<p data-start=\"625\" data-end=\"970\">Th\u1ea3m l\u00f3t s\u00e0n VinFast Lux SA t\u1ea1i Topcar \u0111\u01b0\u1ee3c s\u1ea3n xu\u1ea5t theo chu\u1ea9n ri\u00eang cho d\u00f2ng xe 7 ch\u1ed7. \u0110\u1ea3m b\u1ea3o ph\u1ee7 k\u00edn to\u00e0n b\u1ed9 s\u00e0n tr\u01b0\u1edbc \u2013 sau \u2013 c\u1ed1p. Ch\u1ea5t li\u1ec7u TPE \u0111\u00fac khu\u00f4n \u0111\u1ecbnh h\u00ecnh gi\u00fap ch\u1ed1ng th\u1ea5m, d\u1ec5 v\u1ec7 sinh, kh\u00f4ng b\u1ecb tr\u01b0\u1ee3t khi di chuy\u1ec3n. S\u1ea3n ph\u1ea9m kh\u00f4ng ch\u1ec9 l\u00e0 ph\u1ee5 ki\u1ec7n b\u1ea3o v\u1ec7, m\u00e0 c\u00f2n t\u0103ng \u0111\u1ed9 sang tr\u1ecdng v\u00e0 tinh t\u1ebf cho khoang cabin.<\/p>\n<figure id=\"attachment_4071\" aria-describedby=\"caption-attachment-4071\" style=\"width: 1024px\" class=\"wp-caption aligncenter\"><img fetchpriority=\"high\" decoding=\"async\" class=\"size-large wp-image-4071\" src=\"http:\/\/khaitest.rf.gd\/wp-content\/uploads\/2025\/07\/bo-tham-lot-san-VinFast-Lux-SA2.0-1024x1024.png\" alt=\"Th\u1ea3m l\u00f3t s\u00e0n VinFast Lux SA2.0\" width=\"1024\" height=\"1024\" srcset=\"https:\/\/topcar.vn\/wp-content\/uploads\/2025\/07\/bo-tham-lot-san-VinFast-Lux-SA2.0-1024x1024.png 1024w, https:\/\/topcar.vn\/wp-content\/uploads\/2025\/07\/bo-tham-lot-san-VinFast-Lux-SA2.0-300x300.png 300w, https:\/\/topcar.vn\/wp-content\/uploads\/2025\/07\/bo-tham-lot-san-VinFast-Lux-SA2.0-150x150.png 150w, https:\/\/topcar.vn\/wp-content\/uploads\/2025\/07\/bo-tham-lot-san-VinFast-Lux-SA2.0-768x767.png 768w, https:\/\/topcar.vn\/wp-content\/uploads\/2025\/07\/bo-tham-lot-san-VinFast-Lux-SA2.0-600x599.png 600w, https:\/\/topcar.vn\/wp-content\/uploads\/2025\/07\/bo-tham-lot-san-VinFast-Lux-SA2.0-100x100.png 100w, https:\/\/topcar.vn\/wp-content\/uploads\/2025\/07\/bo-tham-lot-san-VinFast-Lux-SA2.0.png 1081w\" sizes=\"(max-width: 1024px) 100vw, 1024px\" \/><figcaption id=\"caption-attachment-4071\" class=\"wp-caption-text\">Th\u1ea3m l\u00f3t s\u00e0n kh\u00f4ng ch\u1ec9 l\u00e0 l\u1edbp b\u1ea3o v\u1ec7, m\u00e0 c\u00f2n gi\u00fap t\u0103ng th\u00eam t\u00ednh th\u1ea9m m\u1ef9 v\u00e0 \u0111\u1eb3ng c\u1ea5p cho xe.<\/figcaption><\/figure>\n<p data-start=\"977\" data-end=\"1003\"><strong data-start=\"981\" data-end=\"1003\">Th\u00f4ng tin chi ti\u1ebft th\u1ea3m l\u00f3t s\u00e0n VinFast Lux SA2.0<\/strong><\/p>\n<ul>\n<li data-start=\"1005\" data-end=\"1329\">T\u00ean s\u1ea3n ph\u1ea9m: Th\u1ea3m l\u00f3t s\u00e0n \u00f4 t\u00f4 VinFast Lux SA2.0<\/li>\n<li data-start=\"1005\" data-end=\"1329\">Ch\u1ea5t li\u1ec7u: TPE cao c\u1ea5p<\/li>\n<li data-start=\"1005\" data-end=\"1329\">M\u00e0u s\u1eafc: \u0110en<\/li>\n<li data-start=\"1005\" data-end=\"1329\">C\u1ea5u tr\u00fac: Thi\u1ebft k\u1ebf theo form 5D \u00f4m s\u00e1t t\u1eebng g\u00f3c s\u00e0n xe<\/li>\n<\/ul>\n<p><strong data-start=\"1340\" data-end=\"1359\">\u01afu \u0111i\u1ec3m n\u1ed5i b\u1eadt c\u1ee7a th\u1ea3m l\u00f3t s\u00e0n VinFast Lux SA2.0<\/strong><\/p>\n<ul>\n<li data-start=\"1361\" data-end=\"1732\">Thi\u1ebft k\u1ebf ri\u00eang bi\u1ec7t cho d\u00f2ng SUV Lux SA2.0 \u2013 ph\u1ee7 k\u00edn s\u00e0n xe<\/li>\n<li data-start=\"1361\" data-end=\"1732\">Kh\u1ea3 n\u0103ng ch\u1ed1ng n\u01b0\u1edbc, ch\u1ed1ng b\u00e1m b\u1ea9n, kh\u00f4ng x\u00f4 l\u1ec7ch khi s\u1eed d\u1ee5ng<\/li>\n<li data-start=\"1361\" data-end=\"1732\">D\u1ec5 d\u00e0ng th\u00e1o l\u1eafp \u0111\u1ec3 v\u1ec7 sinh, kh\u00f4ng l\u01b0u m\u00f9i kh\u00f3 ch\u1ecbu<\/li>\n<li data-start=\"1361\" data-end=\"1732\">B\u1ec1 m\u1eb7t ch\u1ed1ng tr\u01a1n \u2013 ch\u1ed1ng ch\u00e1y nh\u1eb9 \u2013 an to\u00e0n cho tr\u1ebb em v\u00e0 ng\u01b0\u1eddi gi\u00e0<\/li>\n<li data-start=\"1361\" data-end=\"1732\">T\u0103ng \u0111\u1ed9 c\u00e1ch \u00e2m nh\u1eb9, gi\u00fap cabin \u00eam \u00e1i h\u01a1n khi v\u1eadn h\u00e0nh<\/li>\n<li data-start=\"1361\" data-end=\"1732\">\u0110\u1ed9 b\u1ec1n cao, kh\u00f4ng bong keo hay n\u1ed5 da theo th\u1eddi gian<\/li>\n<\/ul>\n<p data-start=\"1739\" data-end=\"1785\"><strong data-start=\"1743\" data-end=\"1785\">Gi\u00e1 b\u00e1n th\u1ea3m l\u00f3t s\u00e0n VinFast Lux SA2.0<\/strong><\/p>\n<ul>\n<li data-start=\"1787\" data-end=\"1963\">Gi\u00e1 \u01b0u \u0111\u00e3i: <strong data-start=\"1801\" data-end=\"1820\">2.600.000\u0111 \/ b\u1ed9<\/strong><\/li>\n<\/ul>\n<figure id=\"attachment_4072\" aria-describedby=\"caption-attachment-4072\" style=\"width: 1024px\" class=\"wp-caption aligncenter\"><img decoding=\"async\" class=\"size-large wp-image-4072\" src=\"http:\/\/khaitest.rf.gd\/wp-content\/uploads\/2025\/07\/tham-lot-san-VinFast-Lux-SA-1024x1024.png\" alt=\"th\u1ea3m l\u00f3t s\u00e0n VinFast Lux SA\" width=\"1024\" height=\"1024\" srcset=\"https:\/\/topcar.vn\/wp-content\/uploads\/2025\/07\/tham-lot-san-VinFast-Lux-SA-1024x1024.png 1024w, https:\/\/topcar.vn\/wp-content\/uploads\/2025\/07\/tham-lot-san-VinFast-Lux-SA-300x300.png 300w, https:\/\/topcar.vn\/wp-content\/uploads\/2025\/07\/tham-lot-san-VinFast-Lux-SA-150x150.png 150w, https:\/\/topcar.vn\/wp-content\/uploads\/2025\/07\/tham-lot-san-VinFast-Lux-SA-768x767.png 768w, https:\/\/topcar.vn\/wp-content\/uploads\/2025\/07\/tham-lot-san-VinFast-Lux-SA-600x599.png 600w, https:\/\/topcar.vn\/wp-content\/uploads\/2025\/07\/tham-lot-san-VinFast-Lux-SA-100x100.png 100w, https:\/\/topcar.vn\/wp-content\/uploads\/2025\/07\/tham-lot-san-VinFast-Lux-SA.png 1081w\" sizes=\"(max-width: 1024px) 100vw, 1024px\" \/><figcaption id=\"caption-attachment-4072\" class=\"wp-caption-text\">Th\u1ea3m l\u00f3t s\u00e0n \u0111\u01b0\u1ee3c \u0111o c\u1eaft ch\u00ednh x\u00e1c 100% theo form VinFast Lux SA, \u00f4m s\u00e1t t\u1eebng chi ti\u1ebft s\u00e0n xe.<\/figcaption><\/figure>\n<h2 data-start=\"1970\" data-end=\"2016\"><strong data-start=\"1974\" data-end=\"2016\">Mua th\u1ea3m l\u00f3t s\u00e0n ch\u00ednh h\u00e3ng t\u1ea1i Topcar<\/strong><\/h2>\n<ul>\n<li data-start=\"2018\" data-end=\"2259\">\u0110\u00fang m\u1eabu, \u0111\u00fang form t\u1eebng \u0111\u1eddi xe \u2013 kh\u00f4ng c\u1ea7n c\u1eaft ch\u1ec9nh<\/li>\n<li data-start=\"2018\" data-end=\"2259\">Ch\u1ea5t li\u1ec7u cao c\u1ea5p \u2013 b\u1ec1n m\u00e0u, kh\u00f4ng h\u00f4i m\u00f9i nh\u1ef1a<\/li>\n<li data-start=\"2018\" data-end=\"2259\">\u0110\u1eb7t h\u00e0ng d\u1ec5 d\u00e0ng \u2013 Giao nhanh to\u00e0n qu\u1ed1c<\/li>\n<li data-start=\"2018\" data-end=\"2259\">Cam k\u1ebft \u0111\u1ed5i m\u1edbi n\u1ebfu s\u1ea3n ph\u1ea9m l\u1ed7i k\u1ef9 thu\u1eadt<\/li>\n<li data-start=\"2018\" data-end=\"2259\">H\u1ed7 tr\u1ee3 kh\u00e1ch h\u00e0ng 24\/7 qua Zalo\/Hotline<\/li>\n<\/ul>\n<h2><strong data-start=\"2575\" data-end=\"2618\">Li\u00ean h\u1ec7 ngay \u0111\u1ec3 \u0111\u01b0\u1ee3c t\u01b0 v\u1ea5n &amp; \u0111\u1eb7t h\u00e0ng:<\/strong><\/h2>\n<p>\ud83d\udcdeHotline \/ Zalo: 0889.385.222<\/p>\n<p data-start=\"2360\" data-end=\"2565\">\ud83c\udfe0 \u0110\u1ecba ch\u1ec9: S\u1ed1 9 BT2, Khu \u0111\u00f4 th\u1ecb Foresa Xu\u00e2n Ph\u01b0\u01a1ng, Nam T\u1eeb Li\u00eam, H\u00e0 N\u1ed9i<\/p>\n<p data-start=\"2360\" data-end=\"2565\">\ud83c\udf10 Website: <a class=\"\" href=\"https:\/\/Topcar.vn\" target=\"_new\" rel=\"noopener\" data-start=\"3540\" data-end=\"3578\">https:\/\/Topcar.vn<\/a><\/p>\n<p data-start=\"3379\" data-end=\"3578\">\ud83d\udc49 <strong data-start=\"3583\" data-end=\"3644\">\u0110\u1eb7t mua th\u1ea3m l\u00f3t s\u00e0n VinFast SUV Lux SA2.0 ngay h\u00f4m nay<\/strong>!<\/p>\n<\/div>\n<\/div>\n<\/div>\n<\/div>\n<\/div>\n<\/div>\n<\/article>\n","protected":false},"excerpt":{"rendered":"<ul>\n<li>Mi\u1ec5n ph\u00ed giao h\u00e0ng to\u00e0n qu\u1ed1c<\/li>\n<li>Nh\u1eadn h\u00e0ng &gt; L\u1eafp \u0111\u1eb7t &gt; Thanh to\u00e1n<\/li>\n<li>B\u1ea3o h\u00e0nh 5 n\u0103m<\/li>\n<\/ul>\n","protected":false},"featured_media":4070,"comment_status":"closed","ping_status":"closed","template":"","meta":{"site-sidebar-layout":"no-sidebar","site-content-layout":"content-boxed-container","ast-site-content-layout":"normal-width-container","site-content-style":"boxed","site-sidebar-style":"unboxed","ast-global-header-display":"","ast-banner-title-visibility":"","ast-main-header-display":"","ast-hfb-above-header-display":"","ast-hfb-below-header-display":"","ast-hfb-mobile-header-display":"","site-post-title":"","ast-breadcrumbs-content":"","ast-featured-img":"","footer-sml-layout":"","ast-disable-related-posts":"","theme-transparent-header-meta":"default","adv-header-id-meta":"","stick-header-meta":"","header-above-stick-meta":"","header-main-stick-meta":"","header-below-stick-meta":"","astra-migrate-meta-layouts":"set","ast-page-background-enabled":"default","ast-page-background-meta":{"desktop":{"background-color":"var(--ast-global-color-4)","background-image":"","background-repeat":"repeat","background-position":"center center","background-size":"auto","background-attachment":"scroll","background-type":"","background-media":"","overlay-type":"","overlay-color":"","overlay-opacity":"","overlay-gradient":""},"tablet":{"background-color":"","background-image":"","background-repeat":"repeat","background-position":"center center","background-size":"auto","background-attachment":"scroll","background-type":"","background-media":"","overlay-type":"","overlay-color":"","overlay-opacity":"","overlay-gradient":""},"mobile":{"background-color":"","background-image":"","background-repeat":"repeat","background-position":"center center","background-size":"auto","background-attachment":"scroll","background-type":"","background-media":"","overlay-type":"","overlay-color":"","overlay-opacity":"","overlay-gradient":""}},"ast-content-background-meta":{"desktop":{"background-color":"var(--ast-global-color-5)","background-image":"","background-repeat":"repeat","background-position":"center center","background-size":"auto","background-attachment":"scroll","background-type":"","background-media":"","overlay-type":"","overlay-color":"","overlay-opacity":"","overlay-gradient":""},"tablet":{"background-color":"var(--ast-global-color-5)","background-image":"","background-repeat":"repeat","background-position":"center center","background-size":"auto","background-attachment":"scroll","background-type":"","background-media":"","overlay-type":"","overlay-color":"","overlay-opacity":"","overlay-gradient":""},"mobile":{"background-color":"var(--ast-global-color-5)","background-image":"","background-repeat":"repeat","background-position":"center center","background-size":"auto","background-attachment":"scroll","background-type":"","background-media":"","overlay-type":"","overlay-color":"","overlay-opacity":"","overlay-gradient":""}}},"product_brand":[],"product_cat":[48,43],"product_tag":[150,149,148,152,151,75],"class_list":{"0":"post-2014","1":"product","2":"type-product","3":"status-publish","4":"has-post-thumbnail","6":"product_cat-tham-lot-san-o-to-vinfast","7":"product_cat-tham-lot-san-o-to","8":"product_tag-dan-phim-cach-nhiet-vf8","9":"product_tag-danh-gia-tham-lot-san-kata","10":"product_tag-lot-cop-vf8","11":"product_tag-tham-lot-san-o-to-cao-su","12":"product_tag-tham-lot-san-o-to-pvc","13":"product_tag-tham-lot-san-o-to-tot-nhat-hien-nay","14":"desktop-align-left","15":"tablet-align-left","16":"mobile-align-left","18":"first","19":"instock","20":"shipping-taxable","21":"purchasable","22":"product-type-variable"},"_links":{"self":[{"href":"https:\/\/topcar.vn\/wp-json\/wp\/v2\/product\/2014","targetHints":{"allow":["GET"]}}],"collection":[{"href":"https:\/\/topcar.vn\/wp-json\/wp\/v2\/product"}],"about":[{"href":"https:\/\/topcar.vn\/wp-json\/wp\/v2\/types\/product"}],"replies":[{"embeddable":true,"href":"https:\/\/topcar.vn\/wp-json\/wp\/v2\/comments?post=2014"}],"version-history":[{"count":3,"href":"https:\/\/topcar.vn\/wp-json\/wp\/v2\/product\/2014\/revisions"}],"predecessor-version":[{"id":4074,"href":"https:\/\/topcar.vn\/wp-json\/wp\/v2\/product\/2014\/revisions\/4074"}],"wp:featuredmedia":[{"embeddable":true,"href":"https:\/\/topcar.vn\/wp-json\/wp\/v2\/media\/4070"}],"wp:attachment":[{"href":"https:\/\/topcar.vn\/wp-json\/wp\/v2\/media?parent=2014"}],"wp:term":[{"taxonomy":"product_brand","embeddable":true,"href":"https:\/\/topcar.vn\/wp-json\/wp\/v2\/product_brand?post=2014"},{"taxonomy":"product_cat","embeddable":true,"href":"https:\/\/topcar.vn\/wp-json\/wp\/v2\/product_cat?post=2014"},{"taxonomy":"product_tag","embeddable":true,"href":"https:\/\/topcar.vn\/wp-json\/wp\/v2\/product_tag?post=2014"}],"curies":[{"name":"wp","href":"https:\/\/api.w.org\/{rel}","templated":true}]}}