{"id":2009,"date":"2025-07-27T00:17:21","date_gmt":"2025-07-26T17:17:21","guid":{"rendered":"http:\/\/khaitest.rf.gd\/?post_type=product&#038;p=2009"},"modified":"2025-12-08T10:33:34","modified_gmt":"2025-12-08T03:33:34","slug":"tham-lot-san-vinfast-fadil","status":"publish","type":"product","link":"https:\/\/topcar.vn\/?product=tham-lot-san-vinfast-fadil","title":{"rendered":"Th\u1ea3m L\u00f3t S\u00e0n VinFast Fadil"},"content":{"rendered":"<article class=\"text-token-text-primary w-full\" dir=\"auto\" data-testid=\"conversation-turn-10\" data-scroll-anchor=\"true\">\n<div class=\"text-base my-auto mx-auto pb-10 [--thread-content-margin:--spacing(4)] @[37rem]:[--thread-content-margin:--spacing(6)] @[72rem]:[--thread-content-margin:--spacing(16)] px-(--thread-content-margin)\">\n<div class=\"[--thread-content-max-width:32rem] @[34rem]:[--thread-content-max-width:40rem] @[64rem]:[--thread-content-max-width:48rem] mx-auto max-w-(--thread-content-max-width) flex-1 group\/turn-messages focus-visible:outline-hidden relative flex w-full min-w-0 flex-col agent-turn\" tabindex=\"-1\">\n<div class=\"flex max-w-full flex-col grow\">\n<div class=\"min-h-8 text-message relative flex w-full flex-col items-end gap-2 text-start break-words whitespace-normal [.text-message+&amp;]:mt-5\" dir=\"auto\" data-message-author-role=\"assistant\" data-message-id=\"6ee8a93f-7fdb-4c7e-b8bb-2a874c3d517b\" data-message-model-slug=\"gpt-4o\">\n<div class=\"flex w-full flex-col gap-1 empty:hidden first:pt-[3px]\">\n<div class=\"markdown prose dark:prose-invert w-full break-words light\">\n<p data-start=\"287\" data-end=\"543\"><em><strong>Th\u1ea3m l\u00f3t s\u00e0n VinFast Fadil l\u00e0 m\u1eabu xe \u0111\u00f4 th\u1ecb nh\u1ecf g\u1ecdn, ti\u1ec7n l\u1ee3i v\u00e0 ti\u1ebft ki\u1ec7m, \u0111\u01b0\u1ee3c nhi\u1ec1u gia \u0111\u00ecnh v\u00e0 c\u00e1 nh\u00e2n l\u1ef1a ch\u1ecdn. \u0110\u1ec3 gi\u1eef g\u00ecn n\u1ed9i th\u1ea5t s\u1ea1ch s\u1ebd, ng\u0103n m\u00f9i h\u00f4i \u1ea9m m\u1ed1c, th\u1ea3m l\u00f3t s\u00e0n VinFast Fadil chuy\u00ean d\u1ee5ng cho Fadil l\u00e0 ph\u1ee5 ki\u1ec7n kh\u00f4ng th\u1ec3 thi\u1ebfu gi\u00fap n\u00e2ng t\u1ea7m tr\u1ea3i nghi\u1ec7m l\u00e1i m\u1ed7i ng\u00e0y.<\/strong><\/em><\/p>\n<h2 data-start=\"550\" data-end=\"577\"><strong data-start=\"554\" data-end=\"577\">Gi\u1edbi thi\u1ec7u s\u1ea3n ph\u1ea9m<\/strong> th\u1ea3m l\u00f3t s\u00e0n VinFast Fadil<\/h2>\n<p>Th\u1ea3m l\u00f3t s\u00e0n cho VinFast Fadil \u0111\u01b0\u1ee3c thi\u1ebft k\u1ebf ri\u00eang theo m\u1eb7t s\u00e0n xe, \u0111\u1ea3m b\u1ea3o \u00f4m kh\u00edt t\u1eebng g\u00f3c c\u1ea1nh v\u00e0 kh\u00f4ng x\u00f4 l\u1ec7ch khi di chuy\u1ec3n. V\u1edbi k\u00edch th\u01b0\u1edbc nh\u1ecf g\u1ecdn \u0111\u1eb7c tr\u01b0ng c\u1ee7a d\u00f2ng hatchback, b\u1ed9 th\u1ea3m l\u00f3t gi\u00fap b\u1ea3o v\u1ec7 hi\u1ec7u qu\u1ea3 s\u00e0n xe kh\u1ecfi b\u1ee5i b\u1ea9n, n\u01b0\u1edbc, c\u00e1t hay m\u00f9i th\u1ee9c \u0103n \u2013 v\u1ed1n d\u1ec5 t\u00edch t\u1ee5 trong m\u00f4i tr\u01b0\u1eddng \u0111\u00f4 th\u1ecb.Th\u1ea3m c\u00f3 ch\u1ea5t li\u1ec7u nh\u1ef1a TPE kh\u00e1ng khu\u1ea9n, ph\u00f9 h\u1ee3p v\u1edbi nhu c\u1ea7u s\u1eed d\u1ee5ng h\u00e0ng ng\u00e0y, k\u1ec3 c\u1ea3 gia \u0111\u00ecnh c\u00f3 tr\u1ebb nh\u1ecf.<\/p>\n<figure id=\"attachment_3137\" aria-describedby=\"caption-attachment-3137\" style=\"width: 1024px\" class=\"wp-caption aligncenter\"><img fetchpriority=\"high\" decoding=\"async\" class=\"wp-image-3137 size-large\" src=\"http:\/\/khaitest.rf.gd\/wp-content\/uploads\/2025\/07\/sdt.3-29-1024x1024.jpg\" alt=\"th\u1ea3m l\u00f3t s\u00e0n VinFast Fadil\" width=\"1024\" height=\"1024\" srcset=\"https:\/\/topcar.vn\/wp-content\/uploads\/2025\/07\/sdt.3-29-1024x1024.jpg 1024w, https:\/\/topcar.vn\/wp-content\/uploads\/2025\/07\/sdt.3-29-300x300.jpg 300w, https:\/\/topcar.vn\/wp-content\/uploads\/2025\/07\/sdt.3-29-150x150.jpg 150w, https:\/\/topcar.vn\/wp-content\/uploads\/2025\/07\/sdt.3-29-768x768.jpg 768w, https:\/\/topcar.vn\/wp-content\/uploads\/2025\/07\/sdt.3-29-1536x1536.jpg 1536w, https:\/\/topcar.vn\/wp-content\/uploads\/2025\/07\/sdt.3-29-600x600.jpg 600w, https:\/\/topcar.vn\/wp-content\/uploads\/2025\/07\/sdt.3-29-100x100.jpg 100w, https:\/\/topcar.vn\/wp-content\/uploads\/2025\/07\/sdt.3-29.jpg 1920w\" sizes=\"(max-width: 1024px) 100vw, 1024px\" \/><figcaption id=\"caption-attachment-3137\" class=\"wp-caption-text\">th\u1ea3m l\u00f3t s\u00e0n VinFast Fadil<\/figcaption><\/figure>\n<p data-start=\"1056\" data-end=\"1082\"><strong data-start=\"1060\" data-end=\"1082\">Th\u00f4ng tin chi ti\u1ebft<\/strong><\/p>\n<ul>\n<li data-start=\"1086\" data-end=\"1132\">T\u00ean s\u1ea3n ph\u1ea9m: Th\u1ea3m l\u00f3t s\u00e0n Fadil<\/li>\n<li data-start=\"1135\" data-end=\"1171\">Ph\u00e2n kh\u00fac xe: Hatchback h\u1ea1ng A<\/li>\n<li data-start=\"1174\" data-end=\"1228\">Ch\u1ea5t li\u1ec7u ph\u1ed5 bi\u1ebfn: Nh\u1ef1a TPE<\/li>\n<li data-start=\"1290\" data-end=\"1343\">Thi\u1ebft k\u1ebf: Theo form Fadil \u2013 ph\u1ee7 k\u00edn to\u00e0n b\u1ed9 s\u00e0n<\/li>\n<li data-start=\"1430\" data-end=\"1490\">Ph\u00f9 h\u1ee3p: S\u1eed d\u1ee5ng trong n\u1ed9i \u0111\u00f4, \u0111i l\u1ea1i h\u00e0ng ng\u00e0y, d\u1ecbch v\u1ee5<\/li>\n<\/ul>\n<p data-start=\"1497\" data-end=\"1535\"><strong data-start=\"1501\" data-end=\"1535\">\u01afu \u0111i\u1ec3m c\u1ee7a th\u1ea3m l\u00f3t s\u00e0n VinFast Fadil<\/strong><\/p>\n<p data-start=\"1537\" data-end=\"1868\">\u2022 Thi\u1ebft k\u1ebf chu\u1ea9n form \u2013 d\u1ec5 th\u00e1o l\u1eafp, v\u1ec7 sinh nhanh<br data-start=\"1587\" data-end=\"1590\" \/>\u2022 Ch\u1ed1ng n\u01b0\u1edbc, ch\u1ed1ng b\u1ee5i b\u1ea9n \u2013 b\u1ea3o v\u1ec7 s\u00e0n tuy\u1ec7t \u0111\u1ed1i<br data-start=\"1640\" data-end=\"1643\" \/>\u2022 Kh\u00f4ng g\u00e2y m\u00f9i kh\u00f3 ch\u1ecbu \u2013 an to\u00e0n v\u1edbi ng\u01b0\u1eddi d\u00f9ng<br data-start=\"1692\" data-end=\"1695\" \/>\u2022 T\u0103ng tu\u1ed5i th\u1ecd n\u1ed9i th\u1ea5t xe \u2013 ti\u1ebft ki\u1ec7m chi ph\u00ed b\u1ea3o tr\u00ec<br data-start=\"1750\" data-end=\"1753\" \/>\u2022 Nhi\u1ec1u m\u00e0u s\u1eafc v\u00e0 phong c\u00e1ch \u2013 d\u1ec5 ph\u1ed1i v\u1edbi gh\u1ebf da ho\u1eb7c n\u1ec9<br data-start=\"1811\" data-end=\"1814\" \/>\u2022 G\u1ecdn nh\u1eb9 \u2013 ph\u00f9 h\u1ee3p v\u1edbi kh\u00f4ng gian cabin nh\u1ecf c\u1ee7a Fadil<\/p>\n<p data-start=\"1875\" data-end=\"1917\"><strong data-start=\"1879\" data-end=\"1917\">Gi\u00e1 b\u00e1n:<\/strong><\/p>\n<ul data-start=\"1919\" data-end=\"2090\">\n<li data-start=\"1919\" data-end=\"1955\">\n<p data-start=\"1921\" data-end=\"1955\"><strong data-start=\"1921\" data-end=\"1933\">Gi\u00e1 b\u00e1n: 2.3<\/strong><strong data-start=\"1934\" data-end=\"1953\">00.000\u0111 \/ b\u1ed9<\/strong><\/p>\n<\/li>\n<li data-start=\"2019\" data-end=\"2051\">\n<p data-start=\"2021\" data-end=\"2051\">Mi\u1ec5n ph\u00ed giao h\u00e0ng to\u00e0n qu\u1ed1c<\/p>\n<\/li>\n<\/ul>\n<p><img decoding=\"async\" class=\"size-large wp-image-3136 aligncenter\" src=\"http:\/\/khaitest.rf.gd\/wp-content\/uploads\/2025\/07\/sdt.2-29-1024x1024.jpg\" alt=\"\" width=\"1024\" height=\"1024\" srcset=\"https:\/\/topcar.vn\/wp-content\/uploads\/2025\/07\/sdt.2-29-1024x1024.jpg 1024w, https:\/\/topcar.vn\/wp-content\/uploads\/2025\/07\/sdt.2-29-300x300.jpg 300w, https:\/\/topcar.vn\/wp-content\/uploads\/2025\/07\/sdt.2-29-150x150.jpg 150w, https:\/\/topcar.vn\/wp-content\/uploads\/2025\/07\/sdt.2-29-768x768.jpg 768w, https:\/\/topcar.vn\/wp-content\/uploads\/2025\/07\/sdt.2-29-1536x1536.jpg 1536w, https:\/\/topcar.vn\/wp-content\/uploads\/2025\/07\/sdt.2-29-600x600.jpg 600w, https:\/\/topcar.vn\/wp-content\/uploads\/2025\/07\/sdt.2-29-100x100.jpg 100w, https:\/\/topcar.vn\/wp-content\/uploads\/2025\/07\/sdt.2-29.jpg 1920w\" sizes=\"(max-width: 1024px) 100vw, 1024px\" \/><\/p>\n<h2 data-start=\"2097\" data-end=\"2143\"><strong data-start=\"2101\" data-end=\"2143\">Mua th\u1ea3m l\u00f3t s\u00e0n VinFast Fadil ch\u00ednh h\u00e3ng t\u1ea1i Topcar<\/strong><\/h2>\n<p data-start=\"2145\" data-end=\"2256\"><strong data-start=\"2145\" data-end=\"2155\">Topcar<\/strong> cam k\u1ebft mang \u0111\u1ebfn s\u1ea3n ph\u1ea9m th\u1ea3m l\u00f3t s\u00e0n cho VinFast Fadil chu\u1ea9n form, v\u1eadt li\u1ec7u cao c\u1ea5p v\u00e0 d\u1ecbch v\u1ee5 uy t\u00edn:<\/p>\n<p data-start=\"2258\" data-end=\"2498\">\u2022 C\u1eaft \u0111o b\u1eb1ng m\u00e1y CNC \u2013 kh\u00f4ng cong v\u00eanh, kh\u00f4ng x\u00f4 l\u1ec7ch<br data-start=\"2312\" data-end=\"2315\" \/>\u2022 L\u1ef1a ch\u1ecdn ch\u1ea5t li\u1ec7u theo nhu c\u1ea7u (b\u1ec1n \u2013 \u0111\u1eb9p \u2013 d\u1ec5 v\u1ec7 sinh)<br data-start=\"2373\" data-end=\"2376\" \/>\u2022 D\u1ecbch v\u1ee5 ch\u0103m s\u00f3c kh\u00e1ch h\u00e0ng t\u1eadn t\u00ecnh, h\u1ed7 tr\u1ee3 \u0111\u1ed5i tr\u1ea3 nhanh<br data-start=\"2436\" data-end=\"2439\" \/>\u2022 Nhi\u1ec1u combo \u01b0u \u0111\u00e3i khi \u0111\u1eb7t k\u00e8m c\u00e1c ph\u1ee5 ki\u1ec7n xe h\u01a1i kh\u00e1c<\/p>\n<p data-start=\"2258\" data-end=\"2498\"><img decoding=\"async\" class=\"size-large wp-image-3135 aligncenter\" src=\"http:\/\/khaitest.rf.gd\/wp-content\/uploads\/2025\/07\/sdt.1-29-1024x1024.jpg\" alt=\"\" width=\"1024\" height=\"1024\" srcset=\"https:\/\/topcar.vn\/wp-content\/uploads\/2025\/07\/sdt.1-29-1024x1024.jpg 1024w, https:\/\/topcar.vn\/wp-content\/uploads\/2025\/07\/sdt.1-29-300x300.jpg 300w, https:\/\/topcar.vn\/wp-content\/uploads\/2025\/07\/sdt.1-29-150x150.jpg 150w, https:\/\/topcar.vn\/wp-content\/uploads\/2025\/07\/sdt.1-29-768x768.jpg 768w, https:\/\/topcar.vn\/wp-content\/uploads\/2025\/07\/sdt.1-29-1536x1536.jpg 1536w, https:\/\/topcar.vn\/wp-content\/uploads\/2025\/07\/sdt.1-29-600x600.jpg 600w, https:\/\/topcar.vn\/wp-content\/uploads\/2025\/07\/sdt.1-29-100x100.jpg 100w, https:\/\/topcar.vn\/wp-content\/uploads\/2025\/07\/sdt.1-29.jpg 1920w\" sizes=\"(max-width: 1024px) 100vw, 1024px\" \/><\/p>\n<h2><strong data-start=\"2575\" data-end=\"2618\">Li\u00ean h\u1ec7 ngay \u0111\u1ec3 \u0111\u01b0\u1ee3c t\u01b0 v\u1ea5n &amp; \u0111\u1eb7t h\u00e0ng:<\/strong><\/h2>\n<p>\ud83d\udcdeHotline \/ Zalo: 0889.385.222<\/p>\n<p data-start=\"2360\" data-end=\"2565\">\ud83c\udfe0 \u0110\u1ecba ch\u1ec9: S\u1ed1 9 BT2, Khu \u0111\u00f4 th\u1ecb Foresa Xu\u00e2n Ph\u01b0\u01a1ng, Nam T\u1eeb Li\u00eam, H\u00e0 N\u1ed9i<\/p>\n<p data-start=\"2360\" data-end=\"2565\">\ud83c\udf10 Website: <a class=\"\" href=\"https:\/\/Topcar.vn\" target=\"_new\" rel=\"noopener\" data-start=\"3540\" data-end=\"3578\">https:\/\/Topcar.vn<\/a><\/p>\n<p data-start=\"3379\" data-end=\"3578\">\ud83d\udc49 <strong data-start=\"3583\" data-end=\"3644\">\u0110\u1eb7t mua th\u1ea3m l\u00f3t s\u00e0n VinFast Fadil ngay h\u00f4m nay<\/strong>!<\/p>\n<\/div>\n<\/div>\n<\/div>\n<\/div>\n<\/div>\n<\/div>\n<\/article>\n","protected":false},"excerpt":{"rendered":"<ul>\n<li>Mi\u1ec5n ph\u00ed giao h\u00e0ng to\u00e0n qu\u1ed1c<\/li>\n<li>Nh\u1eadn h\u00e0ng &gt; L\u1eafp \u0111\u1eb7t &gt; Thanh to\u00e1n<\/li>\n<li>B\u1ea3o h\u00e0nh 5 n\u0103m<\/li>\n<\/ul>\n","protected":false},"featured_media":3139,"comment_status":"closed","ping_status":"closed","template":"","meta":{"site-sidebar-layout":"no-sidebar","site-content-layout":"content-boxed-container","ast-site-content-layout":"normal-width-container","site-content-style":"boxed","site-sidebar-style":"unboxed","ast-global-header-display":"","ast-banner-title-visibility":"","ast-main-header-display":"","ast-hfb-above-header-display":"","ast-hfb-below-header-display":"","ast-hfb-mobile-header-display":"","site-post-title":"","ast-breadcrumbs-content":"","ast-featured-img":"","footer-sml-layout":"","ast-disable-related-posts":"","theme-transparent-header-meta":"default","adv-header-id-meta":"","stick-header-meta":"","header-above-stick-meta":"","header-main-stick-meta":"","header-below-stick-meta":"","astra-migrate-meta-layouts":"set","ast-page-background-enabled":"default","ast-page-background-meta":{"desktop":{"background-color":"var(--ast-global-color-4)","background-image":"","background-repeat":"repeat","background-position":"center center","background-size":"auto","background-attachment":"scroll","background-type":"","background-media":"","overlay-type":"","overlay-color":"","overlay-opacity":"","overlay-gradient":""},"tablet":{"background-color":"","background-image":"","background-repeat":"repeat","background-position":"center center","background-size":"auto","background-attachment":"scroll","background-type":"","background-media":"","overlay-type":"","overlay-color":"","overlay-opacity":"","overlay-gradient":""},"mobile":{"background-color":"","background-image":"","background-repeat":"repeat","background-position":"center center","background-size":"auto","background-attachment":"scroll","background-type":"","background-media":"","overlay-type":"","overlay-color":"","overlay-opacity":"","overlay-gradient":""}},"ast-content-background-meta":{"desktop":{"background-color":"var(--ast-global-color-5)","background-image":"","background-repeat":"repeat","background-position":"center center","background-size":"auto","background-attachment":"scroll","background-type":"","background-media":"","overlay-type":"","overlay-color":"","overlay-opacity":"","overlay-gradient":""},"tablet":{"background-color":"var(--ast-global-color-5)","background-image":"","background-repeat":"repeat","background-position":"center center","background-size":"auto","background-attachment":"scroll","background-type":"","background-media":"","overlay-type":"","overlay-color":"","overlay-opacity":"","overlay-gradient":""},"mobile":{"background-color":"var(--ast-global-color-5)","background-image":"","background-repeat":"repeat","background-position":"center center","background-size":"auto","background-attachment":"scroll","background-type":"","background-media":"","overlay-type":"","overlay-color":"","overlay-opacity":"","overlay-gradient":""}}},"product_brand":[],"product_cat":[48,43],"product_tag":[147,144,146,143,73,145],"class_list":{"0":"post-2009","1":"product","2":"type-product","3":"status-publish","4":"has-post-thumbnail","6":"product_cat-tham-lot-san-o-to-vinfast","7":"product_cat-tham-lot-san-o-to","8":"product_tag-carsen-tham-san","9":"product_tag-chan-bun-vf7","10":"product_tag-phu-kien-vf7","11":"product_tag-tham-lot-cop-vf7","12":"product_tag-tham-lot-san-o-to","13":"product_tag-tham-lot-san-vf6","14":"desktop-align-left","15":"tablet-align-left","16":"mobile-align-left","18":"first","19":"instock","20":"shipping-taxable","21":"purchasable","22":"product-type-variable"},"_links":{"self":[{"href":"https:\/\/topcar.vn\/index.php?rest_route=\/wp\/v2\/product\/2009","targetHints":{"allow":["GET"]}}],"collection":[{"href":"https:\/\/topcar.vn\/index.php?rest_route=\/wp\/v2\/product"}],"about":[{"href":"https:\/\/topcar.vn\/index.php?rest_route=\/wp\/v2\/types\/product"}],"replies":[{"embeddable":true,"href":"https:\/\/topcar.vn\/index.php?rest_route=%2Fwp%2Fv2%2Fcomments&post=2009"}],"version-history":[{"count":3,"href":"https:\/\/topcar.vn\/index.php?rest_route=\/wp\/v2\/product\/2009\/revisions"}],"predecessor-version":[{"id":3142,"href":"https:\/\/topcar.vn\/index.php?rest_route=\/wp\/v2\/product\/2009\/revisions\/3142"}],"wp:featuredmedia":[{"embeddable":true,"href":"https:\/\/topcar.vn\/index.php?rest_route=\/wp\/v2\/media\/3139"}],"wp:attachment":[{"href":"https:\/\/topcar.vn\/index.php?rest_route=%2Fwp%2Fv2%2Fmedia&parent=2009"}],"wp:term":[{"taxonomy":"product_brand","embeddable":true,"href":"https:\/\/topcar.vn\/index.php?rest_route=%2Fwp%2Fv2%2Fproduct_brand&post=2009"},{"taxonomy":"product_cat","embeddable":true,"href":"https:\/\/topcar.vn\/index.php?rest_route=%2Fwp%2Fv2%2Fproduct_cat&post=2009"},{"taxonomy":"product_tag","embeddable":true,"href":"https:\/\/topcar.vn\/index.php?rest_route=%2Fwp%2Fv2%2Fproduct_tag&post=2009"}],"curies":[{"name":"wp","href":"https:\/\/api.w.org\/{rel}","templated":true}]}}