{"id":2008,"date":"2025-07-26T22:51:47","date_gmt":"2025-07-26T15:51:47","guid":{"rendered":"http:\/\/khaitest.rf.gd\/?post_type=product&#038;p=2008"},"modified":"2025-12-05T11:52:39","modified_gmt":"2025-12-05T04:52:39","slug":"tham-lot-san-vinfast-lux-a2-0","status":"publish","type":"product","link":"https:\/\/topcar.vn\/?product=tham-lot-san-vinfast-lux-a2-0","title":{"rendered":"Th\u1ea3m L\u00f3t S\u00e0n VinFast Lux A"},"content":{"rendered":"<article class=\"text-token-text-primary w-full\" dir=\"auto\" data-testid=\"conversation-turn-10\" data-scroll-anchor=\"true\">\n<div class=\"text-base my-auto mx-auto pb-10 [--thread-content-margin:--spacing(4)] @[37rem]:[--thread-content-margin:--spacing(6)] @[72rem]:[--thread-content-margin:--spacing(16)] px-(--thread-content-margin)\">\n<div class=\"[--thread-content-max-width:32rem] @[34rem]:[--thread-content-max-width:40rem] @[64rem]:[--thread-content-max-width:48rem] mx-auto max-w-(--thread-content-max-width) flex-1 group\/turn-messages focus-visible:outline-hidden relative flex w-full min-w-0 flex-col agent-turn\" tabindex=\"-1\">\n<div class=\"flex max-w-full flex-col grow\">\n<div class=\"min-h-8 text-message relative flex w-full flex-col items-end gap-2 text-start break-words whitespace-normal [.text-message+&amp;]:mt-5\" dir=\"auto\" data-message-author-role=\"assistant\" data-message-id=\"6ee8a93f-7fdb-4c7e-b8bb-2a874c3d517b\" data-message-model-slug=\"gpt-4o\">\n<div class=\"flex w-full flex-col gap-1 empty:hidden first:pt-[3px]\">\n<div class=\"markdown prose dark:prose-invert w-full break-words light\">\n<p data-start=\"653\" data-end=\"824\"><em><strong>VinFast Lux A l\u00e0 d\u00f2ng sedan cao c\u1ea5p mang phong c\u00e1ch ch\u00e2u \u00c2u. \u0110\u1ec3 b\u1ea3o v\u1ec7 n\u1ed9i th\u1ea5t lu\u00f4n s\u1ea1ch \u0111\u1eb9p v\u00e0 sang tr\u1ecdng, m\u1ed9t b\u1ed9 th\u1ea3m l\u00f3t s\u00e0n VinFast Lux A2.0 chu\u1ea9n form l\u00e0 ph\u1ee5 ki\u1ec7n kh\u00f4ng th\u1ec3 thi\u1ebfu.<\/strong><\/em><\/p>\n<h2 data-start=\"831\" data-end=\"860\"><strong data-start=\"835\" data-end=\"858\">Gi\u1edbi thi\u1ec7u s\u1ea3n ph\u1ea9m th\u1ea3m L\u00f3t S\u00e0n VinFast Lux A<\/strong><\/h2>\n<p data-start=\"861\" data-end=\"1090\">Th\u1ea3m l\u00f3t s\u00e0n VinFast Lux A \u0111\u01b0\u1ee3c thi\u1ebft k\u1ebf \u0111\u1ed9c quy\u1ec1n, \u00f4m kh\u00edt t\u1eebng g\u00e2n s\u00e0n xe. S\u1ea3n ph\u1ea9m s\u1eed d\u1ee5ng ch\u1ea5t li\u1ec7u cao c\u1ea5p 5D, TPE, c\u00f3 kh\u1ea3 n\u0103ng ch\u1ed1ng th\u1ea5m, kh\u00e1ng khu\u1ea9n v\u00e0 gi\u00fap t\u0103ng t\u00ednh th\u1ea9m m\u1ef9 cho khoang n\u1ed9i th\u1ea5t. VinFast Lux A2.0 l\u00e0 m\u1eabu sedan h\u1ea1ng D mang phong c\u00e1ch hi\u1ec7n \u0111\u1ea1i, tinh t\u1ebf, \u0111\u01b0\u1ee3c nhi\u1ec1u kh\u00e1ch h\u00e0ng Vi\u1ec7t l\u1ef1a ch\u1ecdn. \u0110\u1ec3 gi\u1eef cho kh\u00f4ng gian n\u1ed9i th\u1ea5t lu\u00f4n s\u1ea1ch s\u1ebd \u2013 \u0111\u1eb3ng c\u1ea5p \u2013 ti\u1ec7n nghi, b\u1ed9 th\u1ea3m l\u00f3t s\u00e0n form chu\u1ea9n ch\u00ednh l\u00e0 ph\u1ee5 ki\u1ec7n kh\u00f4ng th\u1ec3 thi\u1ebfu.<\/p>\n<figure id=\"attachment_4088\" aria-describedby=\"caption-attachment-4088\" style=\"width: 1024px\" class=\"wp-caption aligncenter\"><img fetchpriority=\"high\" decoding=\"async\" class=\"size-large wp-image-4088\" src=\"http:\/\/khaitest.rf.gd\/wp-content\/uploads\/2025\/07\/bo-tham-lot-san-VinFast-Lux-A-1024x1024.png\" alt=\"Th\u1ea3m l\u00f3t s\u00e0n VinFast Lux A\" width=\"1024\" height=\"1024\" srcset=\"https:\/\/topcar.vn\/wp-content\/uploads\/2025\/07\/bo-tham-lot-san-VinFast-Lux-A-1024x1024.png 1024w, https:\/\/topcar.vn\/wp-content\/uploads\/2025\/07\/bo-tham-lot-san-VinFast-Lux-A-300x300.png 300w, https:\/\/topcar.vn\/wp-content\/uploads\/2025\/07\/bo-tham-lot-san-VinFast-Lux-A-150x150.png 150w, https:\/\/topcar.vn\/wp-content\/uploads\/2025\/07\/bo-tham-lot-san-VinFast-Lux-A-768x767.png 768w, https:\/\/topcar.vn\/wp-content\/uploads\/2025\/07\/bo-tham-lot-san-VinFast-Lux-A-600x599.png 600w, https:\/\/topcar.vn\/wp-content\/uploads\/2025\/07\/bo-tham-lot-san-VinFast-Lux-A-100x100.png 100w, https:\/\/topcar.vn\/wp-content\/uploads\/2025\/07\/bo-tham-lot-san-VinFast-Lux-A.png 1081w\" sizes=\"(max-width: 1024px) 100vw, 1024px\" \/><figcaption id=\"caption-attachment-4088\" class=\"wp-caption-text\">Th\u1ea3m l\u00f3t s\u00e0n VinFast Lux A\u2013 Sang tr\u1ecdng, chu\u1ea9n form, b\u1ea3o v\u1ec7 to\u00e0n di\u1ec7n<\/figcaption><\/figure>\n<p data-start=\"1097\" data-end=\"1123\"><strong data-start=\"1101\" data-end=\"1123\">Th\u00f4ng tin chi ti\u1ebft th\u1ea3m L\u00f3t S\u00e0n VinFast Lux A<\/strong><\/p>\n<p data-start=\"1125\" data-end=\"1420\">\u2022 T\u00ean s\u1ea3n ph\u1ea9m: Th\u1ea3m l\u00f3t s\u00e0n VinFast Lux A2.0<br data-start=\"1170\" data-end=\"1173\" \/>\u2022 Ch\u1ea5t li\u1ec7u: Da 6D, TPE cao c\u1ea5p ho\u1eb7c cao su non<br data-start=\"1220\" data-end=\"1223\" \/>\u2022 Thi\u1ebft k\u1ebf: Form 3D theo xe \u2013 \u00f4m s\u00e1t s\u00e0n, kh\u00f4ng x\u00f4 l\u1ec7ch<br data-start=\"1278\" data-end=\"1281\" \/>\u2022 S\u1ed1 mi\u1ebfng: 5\u20136 mi\u1ebfng (ph\u1ee7 to\u00e0n b\u1ed9 s\u00e0n tr\u01b0\u1edbc v\u00e0 sau)<br data-start=\"1333\" data-end=\"1336\" \/>\u2022 M\u00e0u s\u1eafc: \u0110en, n\u00e2u, be, ghi x\u00e1m<br data-start=\"1368\" data-end=\"1371\" \/>\u2022 T\u00ednh n\u0103ng: Kh\u00e1ng khu\u1ea9n, ch\u1ed1ng n\u01b0\u1edbc, d\u1ec5 lau ch\u00f9i<\/p>\n<p data-start=\"1427\" data-end=\"1450\"><strong data-start=\"1431\" data-end=\"1450\">\u01afu \u0111i\u1ec3m n\u1ed5i b\u1eadt c\u1ee7a th\u1ea3m l\u00f3t s\u00e0n VinFast Lux A<\/strong><\/p>\n<p data-start=\"1452\" data-end=\"1767\">\u2022 \u0110\u01b0\u1ee3c c\u1eaft may chu\u1ea9n theo k\u00edch th\u01b0\u1edbc s\u00e0n Lux A2.0<br data-start=\"1501\" data-end=\"1504\" \/>\u2022 Ch\u1ea5t li\u1ec7u d\u00e0y d\u1eb7n, kh\u00f4ng m\u00f9i, th\u00e2n thi\u1ec7n v\u1edbi s\u1ee9c kh\u1ecfe<br data-start=\"1559\" data-end=\"1562\" \/>\u2022 Kh\u00f4ng tr\u01a1n tr\u01b0\u1ee3t, ch\u1ed1ng b\u00e1m b\u1ee5i v\u00e0 vi khu\u1ea9n hi\u1ec7u qu\u1ea3<br data-start=\"1616\" data-end=\"1619\" \/>\u2022 T\u0103ng v\u1ebb sang tr\u1ecdng, s\u1ea1ch s\u1ebd cho khoang n\u1ed9i th\u1ea5t<br data-start=\"1668\" data-end=\"1671\" \/>\u2022 D\u1ec5 d\u00e0ng l\u1eafp \u0111\u1eb7t v\u00e0 v\u1ec7 sinh \u0111\u1ecbnh k\u1ef3<br data-start=\"1707\" data-end=\"1710\" \/>\u2022 B\u1ec1n \u0111\u1eb9p trong su\u1ed1t qu\u00e1 tr\u00ecnh s\u1eed d\u1ee5ng, kh\u00f4ng b\u1ecb bai nh\u00e3o<\/p>\n<p data-start=\"1774\" data-end=\"1819\"><strong data-start=\"1778\" data-end=\"1819\">Gi\u00e1 b\u00e1n th\u1ea3m l\u00f3t s\u00e0n VinFast Lux A<\/strong><\/p>\n<p data-start=\"1821\" data-end=\"2065\">\u2022 Gi\u00e1 ni\u00eam y\u1ebft: <strong data-start=\"1837\" data-end=\"1856\">2.55<\/strong><strong data-start=\"1837\" data-end=\"1856\">0.000\u0111 \/ b\u1ed9<\/strong><br data-start=\"1923\" data-end=\"1926\" \/>\u2022 Mi\u1ec5n ph\u00ed giao h\u00e0ng to\u00e0n qu\u1ed1c<\/p>\n<figure id=\"attachment_4089\" aria-describedby=\"caption-attachment-4089\" style=\"width: 1024px\" class=\"wp-caption aligncenter\"><img decoding=\"async\" class=\"size-large wp-image-4089\" src=\"http:\/\/khaitest.rf.gd\/wp-content\/uploads\/2025\/07\/Tham-lot-san-oto-VinFast-Lux-A-1024x1024.png\" alt=\"Thi\u1ebft k\u1ebf tr\u00e0n vi\u1ec1n th\u00f4ng minh, ng\u0103n n\u01b0\u1edbc, b\u1ee5i v\u00e0 r\u00e1c l\u1ecdt xu\u1ed1ng s\u00e0n.\" width=\"1024\" height=\"1024\" srcset=\"https:\/\/topcar.vn\/wp-content\/uploads\/2025\/07\/Tham-lot-san-oto-VinFast-Lux-A-1024x1024.png 1024w, https:\/\/topcar.vn\/wp-content\/uploads\/2025\/07\/Tham-lot-san-oto-VinFast-Lux-A-300x300.png 300w, https:\/\/topcar.vn\/wp-content\/uploads\/2025\/07\/Tham-lot-san-oto-VinFast-Lux-A-150x150.png 150w, https:\/\/topcar.vn\/wp-content\/uploads\/2025\/07\/Tham-lot-san-oto-VinFast-Lux-A-768x767.png 768w, https:\/\/topcar.vn\/wp-content\/uploads\/2025\/07\/Tham-lot-san-oto-VinFast-Lux-A-600x599.png 600w, https:\/\/topcar.vn\/wp-content\/uploads\/2025\/07\/Tham-lot-san-oto-VinFast-Lux-A-100x100.png 100w, https:\/\/topcar.vn\/wp-content\/uploads\/2025\/07\/Tham-lot-san-oto-VinFast-Lux-A.png 1081w\" sizes=\"(max-width: 1024px) 100vw, 1024px\" \/><figcaption id=\"caption-attachment-4089\" class=\"wp-caption-text\">Th\u1ea3m \u0111\u01b0\u1ee3c \u0111o c\u1eaft ri\u00eang cho VinFast Lux A, \u00f4m s\u00e1t t\u1eebng chi ti\u1ebft s\u00e0n.<\/figcaption><\/figure>\n<h3 data-start=\"2072\" data-end=\"2118\"><strong data-start=\"2076\" data-end=\"2118\">Mua th\u1ea3m L\u00f3t S\u00e0n VinFast Lux A ch\u00ednh h\u00e3ng t\u1ea1i Topcar<\/strong><\/h3>\n<p data-start=\"2120\" data-end=\"2405\">\u2022 Cam k\u1ebft \u0111\u00fang form 100% cho t\u1eebng d\u00f2ng xe VinFast<br data-start=\"2169\" data-end=\"2172\" \/>\u2022 Ch\u1ea5t li\u1ec7u \u0111\u01b0\u1ee3c ki\u1ec3m \u0111\u1ecbnh r\u00f5 ngu\u1ed3n g\u1ed1c, b\u1ea3o h\u00e0nh l\u00ean \u0111\u1ebfn 12 th\u00e1ng<br data-start=\"2238\" data-end=\"2241\" \/>\u2022 H\u1ed7 tr\u1ee3 ch\u1ecdn m\u00e0u, may ch\u1ec9 theo y\u00eau c\u1ea7u th\u1ea9m m\u1ef9<br data-start=\"2288\" data-end=\"2291\" \/>\u2022 Giao h\u00e0ng t\u1eadn n\u01a1i \u2013 ki\u1ec3m tra h\u00e0ng tr\u01b0\u1edbc khi thanh to\u00e1n<br data-start=\"2347\" data-end=\"2350\" \/>\u2022 \u01afu \u0111\u00e3i h\u1ea5p d\u1eabn khi mua combo th\u1ea3m + ph\u1ee5 ki\u1ec7n n\u1ed9i th\u1ea5t<\/p>\n<figure id=\"attachment_4090\" aria-describedby=\"caption-attachment-4090\" style=\"width: 1024px\" class=\"wp-caption aligncenter\"><img decoding=\"async\" class=\"size-large wp-image-4090\" src=\"http:\/\/khaitest.rf.gd\/wp-content\/uploads\/2025\/07\/Tham-lot-san-VinFast-Lux-A-1024x1024.png\" alt=\"Th\u1ea3m \u0111\u01b0\u1ee3c \u0111o c\u1eaft ri\u00eang cho VinFast Lux A2\" width=\"1024\" height=\"1024\" srcset=\"https:\/\/topcar.vn\/wp-content\/uploads\/2025\/07\/Tham-lot-san-VinFast-Lux-A-1024x1024.png 1024w, https:\/\/topcar.vn\/wp-content\/uploads\/2025\/07\/Tham-lot-san-VinFast-Lux-A-300x300.png 300w, https:\/\/topcar.vn\/wp-content\/uploads\/2025\/07\/Tham-lot-san-VinFast-Lux-A-150x150.png 150w, https:\/\/topcar.vn\/wp-content\/uploads\/2025\/07\/Tham-lot-san-VinFast-Lux-A-768x767.png 768w, https:\/\/topcar.vn\/wp-content\/uploads\/2025\/07\/Tham-lot-san-VinFast-Lux-A-600x599.png 600w, https:\/\/topcar.vn\/wp-content\/uploads\/2025\/07\/Tham-lot-san-VinFast-Lux-A-100x100.png 100w, https:\/\/topcar.vn\/wp-content\/uploads\/2025\/07\/Tham-lot-san-VinFast-Lux-A.png 1081w\" sizes=\"(max-width: 1024px) 100vw, 1024px\" \/><figcaption id=\"caption-attachment-4090\" class=\"wp-caption-text\">\u0110\u1ec3 gi\u1eef cho kh\u00f4ng gian n\u1ed9i th\u1ea5t lu\u00f4n s\u1ea1ch s\u1ebd \u2013 \u0111\u1eb3ng c\u1ea5p \u2013 ti\u1ec7n nghi, b\u1ed9 th\u1ea3m l\u00f3t s\u00e0n form chu\u1ea9n ch\u00ednh l\u00e0 ph\u1ee5 ki\u1ec7n kh\u00f4ng th\u1ec3 thi\u1ebfu.<\/figcaption><\/figure>\n<h3><strong data-start=\"2575\" data-end=\"2618\">Li\u00ean h\u1ec7 ngay \u0111\u1ec3 \u0111\u01b0\u1ee3c t\u01b0 v\u1ea5n &amp; \u0111\u1eb7t h\u00e0ng:<\/strong><\/h3>\n<p>\ud83d\udcdeHotline \/ Zalo: 0889.385.222<\/p>\n<p data-start=\"2360\" data-end=\"2565\">\ud83c\udfe0 \u0110\u1ecba ch\u1ec9: S\u1ed1 9 BT2, Khu \u0111\u00f4 th\u1ecb Foresa Xu\u00e2n Ph\u01b0\u01a1ng, Nam T\u1eeb Li\u00eam, H\u00e0 N\u1ed9i<\/p>\n<p data-start=\"2360\" data-end=\"2565\">\ud83c\udf10 Website: <a class=\"\" href=\"https:\/\/Topcar.vn\" target=\"_new\" rel=\"noopener\" data-start=\"3540\" data-end=\"3578\">https:\/\/Topcar.vn<\/a><\/p>\n<p data-start=\"3379\" data-end=\"3578\">\ud83d\udc49 <strong data-start=\"3583\" data-end=\"3644\">\u0110\u1eb7t mua th\u1ea3m l\u00f3t s\u00e0n <\/strong><strong data-start=\"3583\" data-end=\"3644\">ngay h\u00f4m nay<\/strong>!<\/p>\n<\/div>\n<\/div>\n<\/div>\n<\/div>\n<\/div>\n<\/div>\n<\/article>\n","protected":false},"excerpt":{"rendered":"<ul>\n<li>Mi\u1ec5n ph\u00ed giao h\u00e0ng to\u00e0n qu\u1ed1c<\/li>\n<li>Nh\u1eadn h\u00e0ng &gt; L\u1eafp \u0111\u1eb7t &gt; Thanh to\u00e1n<\/li>\n<li>B\u1ea3o h\u00e0nh 5 n\u0103m<\/li>\n<\/ul>\n","protected":false},"featured_media":4084,"comment_status":"closed","ping_status":"closed","template":"","meta":{"site-sidebar-layout":"no-sidebar","site-content-layout":"content-boxed-container","ast-site-content-layout":"normal-width-container","site-content-style":"boxed","site-sidebar-style":"unboxed","ast-global-header-display":"","ast-banner-title-visibility":"","ast-main-header-display":"","ast-hfb-above-header-display":"","ast-hfb-below-header-display":"","ast-hfb-mobile-header-display":"","site-post-title":"","ast-breadcrumbs-content":"","ast-featured-img":"","footer-sml-layout":"","ast-disable-related-posts":"","theme-transparent-header-meta":"default","adv-header-id-meta":"","stick-header-meta":"","header-above-stick-meta":"","header-main-stick-meta":"","header-below-stick-meta":"","astra-migrate-meta-layouts":"set","ast-page-background-enabled":"default","ast-page-background-meta":{"desktop":{"background-color":"var(--ast-global-color-4)","background-image":"","background-repeat":"repeat","background-position":"center center","background-size":"auto","background-attachment":"scroll","background-type":"","background-media":"","overlay-type":"","overlay-color":"","overlay-opacity":"","overlay-gradient":""},"tablet":{"background-color":"","background-image":"","background-repeat":"repeat","background-position":"center center","background-size":"auto","background-attachment":"scroll","background-type":"","background-media":"","overlay-type":"","overlay-color":"","overlay-opacity":"","overlay-gradient":""},"mobile":{"background-color":"","background-image":"","background-repeat":"repeat","background-position":"center center","background-size":"auto","background-attachment":"scroll","background-type":"","background-media":"","overlay-type":"","overlay-color":"","overlay-opacity":"","overlay-gradient":""}},"ast-content-background-meta":{"desktop":{"background-color":"var(--ast-global-color-5)","background-image":"","background-repeat":"repeat","background-position":"center center","background-size":"auto","background-attachment":"scroll","background-type":"","background-media":"","overlay-type":"","overlay-color":"","overlay-opacity":"","overlay-gradient":""},"tablet":{"background-color":"var(--ast-global-color-5)","background-image":"","background-repeat":"repeat","background-position":"center center","background-size":"auto","background-attachment":"scroll","background-type":"","background-media":"","overlay-type":"","overlay-color":"","overlay-opacity":"","overlay-gradient":""},"mobile":{"background-color":"var(--ast-global-color-5)","background-image":"","background-repeat":"repeat","background-position":"center center","background-size":"auto","background-attachment":"scroll","background-type":"","background-media":"","overlay-type":"","overlay-color":"","overlay-opacity":"","overlay-gradient":""}}},"product_brand":[],"product_cat":[48,43],"product_tag":[159,158,153,155,157,160,156,154],"class_list":{"0":"post-2008","1":"product","2":"type-product","3":"status-publish","4":"has-post-thumbnail","6":"product_cat-tham-lot-san-o-to-vinfast","7":"product_cat-tham-lot-san-o-to","8":"product_tag-vinfast-lux-a2-0-ban-cao-cap","9":"product_tag-vinfast-lux-a2-0-gia-500-trieu","10":"product_tag-vinfast-lux-a2-0-gia-cu","11":"product_tag-vinfast-lux-a2-0-gia-lan-banh","12":"product_tag-vinfast-lux-a2-0-plus","13":"product_tag-vinfast-lux-a2-0-premium","14":"product_tag-vinfast-lux-a2-0-turbo","15":"product_tag-xe-vinfast-lux-a2-0-gia-bao-nhieu","16":"desktop-align-left","17":"tablet-align-left","18":"mobile-align-left","20":"first","21":"instock","22":"shipping-taxable","23":"purchasable","24":"product-type-variable"},"_links":{"self":[{"href":"https:\/\/topcar.vn\/index.php?rest_route=\/wp\/v2\/product\/2008","targetHints":{"allow":["GET"]}}],"collection":[{"href":"https:\/\/topcar.vn\/index.php?rest_route=\/wp\/v2\/product"}],"about":[{"href":"https:\/\/topcar.vn\/index.php?rest_route=\/wp\/v2\/types\/product"}],"replies":[{"embeddable":true,"href":"https:\/\/topcar.vn\/index.php?rest_route=%2Fwp%2Fv2%2Fcomments&post=2008"}],"version-history":[{"count":3,"href":"https:\/\/topcar.vn\/index.php?rest_route=\/wp\/v2\/product\/2008\/revisions"}],"predecessor-version":[{"id":4091,"href":"https:\/\/topcar.vn\/index.php?rest_route=\/wp\/v2\/product\/2008\/revisions\/4091"}],"wp:featuredmedia":[{"embeddable":true,"href":"https:\/\/topcar.vn\/index.php?rest_route=\/wp\/v2\/media\/4084"}],"wp:attachment":[{"href":"https:\/\/topcar.vn\/index.php?rest_route=%2Fwp%2Fv2%2Fmedia&parent=2008"}],"wp:term":[{"taxonomy":"product_brand","embeddable":true,"href":"https:\/\/topcar.vn\/index.php?rest_route=%2Fwp%2Fv2%2Fproduct_brand&post=2008"},{"taxonomy":"product_cat","embeddable":true,"href":"https:\/\/topcar.vn\/index.php?rest_route=%2Fwp%2Fv2%2Fproduct_cat&post=2008"},{"taxonomy":"product_tag","embeddable":true,"href":"https:\/\/topcar.vn\/index.php?rest_route=%2Fwp%2Fv2%2Fproduct_tag&post=2008"}],"curies":[{"name":"wp","href":"https:\/\/api.w.org\/{rel}","templated":true}]}}