{"id":2005,"date":"2025-07-26T22:38:07","date_gmt":"2025-07-26T15:38:07","guid":{"rendered":"http:\/\/khaitest.rf.gd\/?post_type=product&#038;p=2005"},"modified":"2025-12-05T12:02:44","modified_gmt":"2025-12-05T05:02:44","slug":"tham-lot-san-vinfast-vf7","status":"publish","type":"product","link":"https:\/\/topcar.vn\/?product=tham-lot-san-vinfast-vf7","title":{"rendered":"Th\u1ea3m L\u00f3t S\u00e0n Vinfast VF7"},"content":{"rendered":"<article class=\"text-token-text-primary w-full\" dir=\"auto\" data-testid=\"conversation-turn-10\" data-scroll-anchor=\"true\">\n<div class=\"text-base my-auto mx-auto pb-10 [--thread-content-margin:--spacing(4)] @[37rem]:[--thread-content-margin:--spacing(6)] @[72rem]:[--thread-content-margin:--spacing(16)] px-(--thread-content-margin)\">\n<div class=\"[--thread-content-max-width:32rem] @[34rem]:[--thread-content-max-width:40rem] @[64rem]:[--thread-content-max-width:48rem] mx-auto max-w-(--thread-content-max-width) flex-1 group\/turn-messages focus-visible:outline-hidden relative flex w-full min-w-0 flex-col agent-turn\" tabindex=\"-1\">\n<div class=\"flex max-w-full flex-col grow\">\n<div class=\"min-h-8 text-message relative flex w-full flex-col items-end gap-2 text-start break-words whitespace-normal [.text-message+&amp;]:mt-5\" dir=\"auto\" data-message-author-role=\"assistant\" data-message-id=\"6ee8a93f-7fdb-4c7e-b8bb-2a874c3d517b\" data-message-model-slug=\"gpt-4o\">\n<div class=\"flex w-full flex-col gap-1 empty:hidden first:pt-[3px]\">\n<div class=\"markdown prose dark:prose-invert w-full break-words light\">\n<p data-start=\"261\" data-end=\"482\"><em><strong>S\u1edf h\u1eefu thi\u1ebft k\u1ebf th\u1ec3 thao v\u00e0 hi\u1ec7n \u0111\u1ea1i, VinFast VF7 c\u00e0ng tr\u1edf n\u00ean ho\u00e0n h\u1ea3o h\u01a1n khi \u0111\u01b0\u1ee3c trang b\u1ecb th\u1ea3m l\u00f3t s\u00e0n VinFast VF7 chuy\u00ean d\u1ee5ng \u2013 ph\u1ee5 ki\u1ec7n kh\u00f4ng th\u1ec3 thi\u1ebfu \u0111\u1ec3 gi\u1eef cho n\u1ed9i th\u1ea5t xe lu\u00f4n s\u1ea1ch s\u1ebd, sang tr\u1ecdng v\u00e0 b\u1ec1n \u0111\u1eb9p theo th\u1eddi gian.<\/strong><\/em><\/p>\n<h2 data-start=\"489\" data-end=\"516\"><strong data-start=\"493\" data-end=\"516\">Gi\u1edbi thi\u1ec7u s\u1ea3n ph\u1ea9m<\/strong><\/h2>\n<p data-start=\"518\" data-end=\"904\"><strong data-start=\"518\" data-end=\"552\">Th\u1ea3m l\u00f3t s\u00e0n \u00f4 t\u00f4 VinFast VF7<\/strong> \u0111\u01b0\u1ee3c thi\u1ebft k\u1ebf \u0111\u1ed9c quy\u1ec1n d\u1ef1a tr\u00ean th\u00f4ng s\u1ed1 k\u1ef9 thu\u1eadt v\u00e0 m\u1eb7t s\u00e0n th\u1ef1c t\u1ebf c\u1ee7a xe. S\u1ea3n ph\u1ea9m c\u00f3 kh\u1ea3 n\u0103ng bao ph\u1ee7 to\u00e0n b\u1ed9 b\u1ec1 m\u1eb7t s\u00e0n, \u00f4m kh\u00edt t\u1eebng \u0111\u01b0\u1eddng cong \u2013 \u0111\u1ea3m b\u1ea3o kh\u00f4ng x\u00f4 l\u1ec7ch khi di chuy\u1ec3n. S\u1eed d\u1ee5ng v\u1eadt li\u1ec7u cao c\u1ea5p nh\u01b0 da PU \u0111a l\u1edbp, cao su non hay TPE th\u00e2n thi\u1ec7n m\u00f4i tr\u01b0\u1eddng, th\u1ea3m gi\u00fap ch\u1ed1ng b\u1ee5i, ch\u1ed1ng n\u01b0\u1edbc v\u00e0 d\u1ec5 v\u1ec7 sinh trong m\u1ecdi \u0111i\u1ec1u ki\u1ec7n th\u1eddi ti\u1ebft.<\/p>\n<p data-start=\"906\" data-end=\"1095\">D\u00e0nh ri\u00eang cho m\u1eabu SUV \u0111i\u1ec7n h\u1ea1ng C+ nh\u01b0 VF 7, b\u1ed9 th\u1ea3m n\u00e0y kh\u00f4ng ch\u1ec9 mang l\u1ea1i s\u1ef1 ti\u1ec7n d\u1ee5ng m\u00e0 c\u00f2n t\u00f4n l\u00ean v\u1ebb hi\u1ec7n \u0111\u1ea1i, cao c\u1ea5p cho khoang cabin \u2013 v\u1ed1n l\u00e0 \u0111i\u1ec3m m\u1ea1nh v\u1ec1 thi\u1ebft k\u1ebf c\u1ee7a m\u1eabu xe n\u00e0y.<\/p>\n<p data-start=\"906\" data-end=\"1095\"><img fetchpriority=\"high\" decoding=\"async\" class=\"size-large wp-image-2957 aligncenter\" src=\"http:\/\/khaitest.rf.gd\/wp-content\/uploads\/2025\/07\/vf-7-1024x1024.png\" alt=\"\" width=\"1024\" height=\"1024\" srcset=\"https:\/\/topcar.vn\/wp-content\/uploads\/2025\/07\/vf-7-1024x1024.png 1024w, https:\/\/topcar.vn\/wp-content\/uploads\/2025\/07\/vf-7-300x300.png 300w, https:\/\/topcar.vn\/wp-content\/uploads\/2025\/07\/vf-7-150x150.png 150w, https:\/\/topcar.vn\/wp-content\/uploads\/2025\/07\/vf-7-768x768.png 768w, https:\/\/topcar.vn\/wp-content\/uploads\/2025\/07\/vf-7-600x600.png 600w, https:\/\/topcar.vn\/wp-content\/uploads\/2025\/07\/vf-7-100x100.png 100w, https:\/\/topcar.vn\/wp-content\/uploads\/2025\/07\/vf-7.png 1080w\" sizes=\"(max-width: 1024px) 100vw, 1024px\" \/><\/p>\n<p data-start=\"1102\" data-end=\"1128\"><strong data-start=\"1106\" data-end=\"1128\">Th\u00f4ng tin chi ti\u1ebft<\/strong><\/p>\n<ul>\n<li data-start=\"1132\" data-end=\"1177\">T\u00ean s\u1ea3n ph\u1ea9m: Th\u1ea3m l\u00f3t s\u00e0n VinFast VF 7<\/li>\n<li data-start=\"1180\" data-end=\"1216\">Ph\u00e2n kh\u00fac xe: SUV \u0111i\u1ec7n h\u1ea1ng C+<\/li>\n<li data-start=\"1219\" data-end=\"1271\">Ch\u1ea5t li\u1ec7u: Da 5D\/6D \u2013 Cao su non \u2013 TPE cao c\u1ea5p<\/li>\n<li data-start=\"1274\" data-end=\"1332\">Form thi\u1ebft k\u1ebf: Theo s\u00e0n xe VF 7 \u2013 ph\u1ee7 to\u00e0n b\u1ed9 b\u1ec1 m\u1eb7t<\/li>\n<\/ul>\n<p data-start=\"1570\" data-end=\"1607\"><strong data-start=\"1574\" data-end=\"1607\">\u01afu \u0111i\u1ec3m c\u1ee7a th\u1ea3m l\u00f3t s\u00e0n VF7<\/strong><\/p>\n<ul>\n<li data-start=\"1609\" data-end=\"1934\">Thi\u1ebft k\u1ebf \u00f4m s\u00e1t \u2013 kh\u00f4ng tr\u01a1n tr\u01b0\u1ee3t, kh\u00f4ng l\u1ec7ch m\u00e9p<\/li>\n<li data-start=\"1609\" data-end=\"1934\">Ch\u1ed1ng b\u1ee5i, ch\u1ed1ng \u1ea9m v\u00e0 kh\u00e1ng m\u00f9i \u2013 d\u1ec5 lau ch\u00f9i<\/li>\n<li data-start=\"1609\" data-end=\"1934\">Kh\u00f4ng g\u00e2y m\u00f9i cao su \u2013 an to\u00e0n cho s\u1ee9c kh\u1ecfe<\/li>\n<li data-start=\"1609\" data-end=\"1934\">\u0110\u1ed9 b\u1ec1n cao, kh\u00f4ng bong tr\u00f3c trong qu\u00e1 tr\u00ecnh s\u1eed d\u1ee5ng<\/li>\n<li data-start=\"1609\" data-end=\"1934\">Gi\u1eef v\u1ec7 sinh cho s\u00e0n xe \u2013 ng\u0103n \u1ea9m m\u1ed1c v\u00e0 h\u01b0 h\u1ecfng n\u1ed9i th\u1ea5t<\/li>\n<li data-start=\"1609\" data-end=\"1934\">T\u0103ng t\u00ednh th\u1ea9m m\u1ef9 \u2013 ph\u1ed1i m\u00e0u h\u00e0i h\u00f2a v\u1edbi n\u1ed9i th\u1ea5t xe<\/li>\n<\/ul>\n<p data-start=\"1941\" data-end=\"1982\"><strong data-start=\"1945\" data-end=\"1982\">Gi\u00e1 b\u00e1n th\u1ea3m l\u00f3t s\u00e0n VinFast VF7<\/strong><\/p>\n<ul data-start=\"1984\" data-end=\"2206\">\n<li data-start=\"1984\" data-end=\"2027\">\n<p data-start=\"1986\" data-end=\"2027\"><strong data-start=\"1986\" data-end=\"2005\">Gi\u00e1 ti\u00eau chu\u1ea9n:<\/strong> <strong data-start=\"2006\" data-end=\"2025\">2.200.000\u0111 \/ b\u1ed9<\/strong><\/p>\n<\/li>\n<\/ul>\n<figure id=\"attachment_2959\" aria-describedby=\"caption-attachment-2959\" style=\"width: 1024px\" class=\"wp-caption aligncenter\"><img decoding=\"async\" class=\"size-large wp-image-2959\" src=\"http:\/\/khaitest.rf.gd\/wp-content\/uploads\/2025\/07\/z6786013798756_842d3e674c1af3fb7e938fdad03e309e-1024x1024.jpg\" alt=\"Th\u1ea3m l\u00f3t s\u00e0n Vinfast VF7\" width=\"1024\" height=\"1024\" srcset=\"https:\/\/topcar.vn\/wp-content\/uploads\/2025\/07\/z6786013798756_842d3e674c1af3fb7e938fdad03e309e-1024x1024.jpg 1024w, https:\/\/topcar.vn\/wp-content\/uploads\/2025\/07\/z6786013798756_842d3e674c1af3fb7e938fdad03e309e-300x300.jpg 300w, https:\/\/topcar.vn\/wp-content\/uploads\/2025\/07\/z6786013798756_842d3e674c1af3fb7e938fdad03e309e-150x150.jpg 150w, https:\/\/topcar.vn\/wp-content\/uploads\/2025\/07\/z6786013798756_842d3e674c1af3fb7e938fdad03e309e-768x768.jpg 768w, https:\/\/topcar.vn\/wp-content\/uploads\/2025\/07\/z6786013798756_842d3e674c1af3fb7e938fdad03e309e-600x600.jpg 600w, https:\/\/topcar.vn\/wp-content\/uploads\/2025\/07\/z6786013798756_842d3e674c1af3fb7e938fdad03e309e-100x100.jpg 100w, https:\/\/topcar.vn\/wp-content\/uploads\/2025\/07\/z6786013798756_842d3e674c1af3fb7e938fdad03e309e.jpg 1440w\" sizes=\"(max-width: 1024px) 100vw, 1024px\" \/><figcaption id=\"caption-attachment-2959\" class=\"wp-caption-text\">Th\u1ea3m l\u00f3t s\u00e0n Vinfast VF7<\/figcaption><\/figure>\n<h2 data-start=\"2213\" data-end=\"2259\"><strong data-start=\"2217\" data-end=\"2259\">Mua th\u1ea3m l\u00f3t s\u00e0n ch\u00ednh h\u00e3ng t\u1ea1i Topcar<\/strong><\/h2>\n<p data-start=\"2261\" data-end=\"2303\">T\u1ea1i <strong data-start=\"2265\" data-end=\"2275\">Topcar<\/strong>, b\u1ea1n ho\u00e0n to\u00e0n y\u00ean t\u00e2m v\u1edbi:<\/p>\n<ul>\n<li>\n<p data-start=\"135\" data-end=\"210\">Th\u1ea3m l\u00f3t s\u00e0n \u00f4 t\u00f4 TPE cao c\u1ea5p \u2013 \u0110o c\u1eaft CNC chu\u1ea9n x\u00e1c tuy\u1ec7t \u0111\u1ed1i cho VF 7: Mang \u0111\u1ebfn tr\u1ea3i nghi\u1ec7m v\u01b0\u1ee3t tr\u1ed9i cho kh\u00f4ng gian n\u1ed9i th\u1ea5t xe c\u1ee7a b\u1ea1n, th\u1ea3m l\u00f3t s\u00e0n ch\u1ea5t li\u1ec7u nh\u1ef1a TPE cao c\u1ea5p \u0111\u01b0\u1ee3c thi\u1ebft k\u1ebf d\u00e0nh ri\u00eang cho m\u1eabu xe VinFast VF 7 v\u1edbi c\u00f4ng ngh\u1ec7 \u0111o c\u1eaft CNC hi\u1ec7n \u0111\u1ea1i, \u0111\u1ea3m b\u1ea3o \u0111\u1ed9 kh\u00edt ho\u00e0n h\u1ea3o v\u1edbi t\u1eebng g\u00f3c c\u1ea1nh c\u1ee7a s\u00e0n xe \u2013 kh\u00f4ng cong v\u00eanh, kh\u00f4ng x\u00f4 l\u1ec7ch trong qu\u00e1 tr\u00ecnh s\u1eed d\u1ee5ng.<\/p>\n<\/li>\n<li>\n<p data-start=\"135\" data-end=\"210\">Ch\u1ea5t li\u1ec7u TPE an to\u00e0n \u2013 b\u1ec1n b\u1ec9 \u2013 th\u00e2n thi\u1ec7n v\u1edbi m\u00f4i tr\u01b0\u1eddng: <span style=\"font-size: 16px;\">Th\u1ea3m \u0111\u01b0\u1ee3c s\u1ea3n xu\u1ea5t t\u1eeb <\/span>nh\u1ef1a TPE (Thermoplastic Elastomer)<span style=\"font-size: 16px;\"> \u2013 v\u1eadt li\u1ec7u cao c\u1ea5p th\u01b0\u1eddng d\u00f9ng trong ng\u00e0nh \u00f4 t\u00f4 cao c\u1ea5p v\u00e0 thi\u1ebft b\u1ecb y t\u1ebf. TPE kh\u00f4ng ch\u1ee9a c\u00e1c ch\u1ea5t \u0111\u1ed9c h\u1ea1i, <\/span>an to\u00e0n tuy\u1ec7t \u0111\u1ed1i cho s\u1ee9c kh\u1ecfe ng\u01b0\u1eddi d\u00f9ng<span style=\"font-size: 16px;\">, k\u1ec3 c\u1ea3 tr\u1ebb nh\u1ecf. \u0110\u1ed3ng th\u1eddi, ch\u1ea5t li\u1ec7u n\u00e0y c\u0169ng n\u1ed5i b\u1eadt v\u1edbi kh\u1ea3 n\u0103ng ch\u1ed1ng n\u01b0\u1edbc, ch\u1ed1ng tr\u1ea7y x\u01b0\u1edbc, ch\u1ed1ng b\u00e1m b\u1ea9n v\u00e0 d\u1ec5 d\u00e0ng v\u1ec7 sinh.<\/span><\/p>\n<\/li>\n<li data-start=\"941\" data-end=\"999\">Ph\u00f9 h\u1ee3p v\u1edbi phong c\u00e1ch n\u1ed9i th\u1ea5t xe v\u00e0 s\u1edf th\u00edch c\u00e1 nh\u00e2n c\u1ee7a t\u1eebng kh\u00e1ch h\u00e0ng. D\u00f9 b\u1ea1n y\u00eau th\u00edch s\u1ef1 t\u1ed1i gi\u1ea3n, sang tr\u1ecdng hay c\u00e1 t\u00ednh, ch\u00fang t\u00f4i \u0111\u1ec1u c\u00f3 ph\u01b0\u01a1ng \u00e1n ph\u00f9 h\u1ee3p \u0111\u1ec3 bi\u1ebfn n\u1ed9i th\u1ea5t xe VF 7 c\u1ee7a b\u1ea1n tr\u1edf n\u00ean \u0111\u1ed9c \u0111\u00e1o v\u00e0 tinh t\u1ebf h\u01a1n bao gi\u1edd h\u1ebft.<\/li>\n<li data-start=\"941\" data-end=\"999\">Ch\u00ednh s\u00e1ch b\u1ea3o h\u00e0nh r\u00f5 r\u00e0ng \u2013 D\u1ecbch v\u1ee5 t\u1eadn t\u00e2m: Cam k\u1ebft ch\u1ea5t l\u01b0\u1ee3ng s\u1ea3n ph\u1ea9m v\u1edbi ch\u00ednh s\u00e1ch b\u1ea3o h\u00e0nh minh b\u1ea1ch<span style=\"font-size: 16px;\">, r\u00f5 r\u00e0ng, b\u1ea3o v\u1ec7 quy\u1ec1n l\u1ee3i t\u1ed1i \u0111a cho kh\u00e1ch h\u00e0ng. M\u1ecdi v\u1ea5n \u0111\u1ec1 ph\u00e1t sinh \u0111\u1ec1u \u0111\u01b0\u1ee3c x\u1eed l\u00fd nhanh ch\u00f3ng, chuy\u00ean nghi\u1ec7p.<\/span><\/li>\n<li data-start=\"941\" data-end=\"999\">Mi\u1ec5n ph\u00ed giao h\u00e0ng<\/li>\n<\/ul>\n<figure id=\"attachment_2960\" aria-describedby=\"caption-attachment-2960\" style=\"width: 1024px\" class=\"wp-caption aligncenter\"><img decoding=\"async\" class=\"size-large wp-image-2960\" src=\"http:\/\/khaitest.rf.gd\/wp-content\/uploads\/2025\/07\/z6786013871333_046a30c490ed0be90e294d506c0b47f6-1024x1024.jpg\" alt=\"\" width=\"1024\" height=\"1024\" srcset=\"https:\/\/topcar.vn\/wp-content\/uploads\/2025\/07\/z6786013871333_046a30c490ed0be90e294d506c0b47f6-1024x1024.jpg 1024w, https:\/\/topcar.vn\/wp-content\/uploads\/2025\/07\/z6786013871333_046a30c490ed0be90e294d506c0b47f6-300x300.jpg 300w, https:\/\/topcar.vn\/wp-content\/uploads\/2025\/07\/z6786013871333_046a30c490ed0be90e294d506c0b47f6-150x150.jpg 150w, https:\/\/topcar.vn\/wp-content\/uploads\/2025\/07\/z6786013871333_046a30c490ed0be90e294d506c0b47f6-768x768.jpg 768w, https:\/\/topcar.vn\/wp-content\/uploads\/2025\/07\/z6786013871333_046a30c490ed0be90e294d506c0b47f6-600x600.jpg 600w, https:\/\/topcar.vn\/wp-content\/uploads\/2025\/07\/z6786013871333_046a30c490ed0be90e294d506c0b47f6-100x100.jpg 100w, https:\/\/topcar.vn\/wp-content\/uploads\/2025\/07\/z6786013871333_046a30c490ed0be90e294d506c0b47f6.jpg 1440w\" sizes=\"(max-width: 1024px) 100vw, 1024px\" \/><figcaption id=\"caption-attachment-2960\" class=\"wp-caption-text\">Th\u1ea3m l\u00f3t s\u00e0n Vinfast VF7<\/figcaption><\/figure>\n<h3><strong data-start=\"2575\" data-end=\"2618\">Li\u00ean h\u1ec7 ngay \u0111\u1ec3 \u0111\u01b0\u1ee3c t\u01b0 v\u1ea5n &amp; \u0111\u1eb7t h\u00e0ng:<\/strong><\/h3>\n<p>\ud83d\udcdeHotline \/ Zalo: 0889.385.222<\/p>\n<p data-start=\"2360\" data-end=\"2565\">\ud83c\udfe0 \u0110\u1ecba ch\u1ec9: S\u1ed1 9 BT2, Khu \u0111\u00f4 th\u1ecb Foresa Xu\u00e2n Ph\u01b0\u01a1ng, Nam T\u1eeb Li\u00eam, H\u00e0 N\u1ed9i<\/p>\n<p data-start=\"2360\" data-end=\"2565\">\ud83c\udf10 Website: <a class=\"\" href=\"https:\/\/Topcar.vn\" target=\"_new\" rel=\"noopener\" data-start=\"3540\" data-end=\"3578\">https:\/\/Topcar.vn<\/a><\/p>\n<p data-start=\"3379\" data-end=\"3578\">\ud83d\udc49 <strong data-start=\"3583\" data-end=\"3644\">\u0110\u1eb7t mua th\u1ea3m l\u00f3t s\u00e0n VinFast VF7 ngay h\u00f4m nay<\/strong>!<\/p>\n<\/div>\n<\/div>\n<\/div>\n<\/div>\n<\/div>\n<\/div>\n<\/article>\n","protected":false},"excerpt":{"rendered":"<ul>\n<li>Mi\u1ec5n ph\u00ed giao h\u00e0ng to\u00e0n qu\u1ed1c<\/li>\n<li>Nh\u1eadn h\u00e0ng &gt; L\u1eafp \u0111\u1eb7t &gt; Thanh to\u00e1n<\/li>\n<li>B\u1ea3o h\u00e0nh 5 n\u0103m<\/li>\n<\/ul>\n","protected":false},"featured_media":4647,"comment_status":"closed","ping_status":"closed","template":"","meta":{"site-sidebar-layout":"no-sidebar","site-content-layout":"content-boxed-container","ast-site-content-layout":"normal-width-container","site-content-style":"boxed","site-sidebar-style":"unboxed","ast-global-header-display":"","ast-banner-title-visibility":"","ast-main-header-display":"","ast-hfb-above-header-display":"","ast-hfb-below-header-display":"","ast-hfb-mobile-header-display":"","site-post-title":"","ast-breadcrumbs-content":"","ast-featured-img":"","footer-sml-layout":"","ast-disable-related-posts":"","theme-transparent-header-meta":"default","adv-header-id-meta":"","stick-header-meta":"","header-above-stick-meta":"","header-main-stick-meta":"","header-below-stick-meta":"","astra-migrate-meta-layouts":"set","ast-page-background-enabled":"default","ast-page-background-meta":{"desktop":{"background-color":"var(--ast-global-color-4)","background-image":"","background-repeat":"repeat","background-position":"center center","background-size":"auto","background-attachment":"scroll","background-type":"","background-media":"","overlay-type":"","overlay-color":"","overlay-opacity":"","overlay-gradient":""},"tablet":{"background-color":"","background-image":"","background-repeat":"repeat","background-position":"center center","background-size":"auto","background-attachment":"scroll","background-type":"","background-media":"","overlay-type":"","overlay-color":"","overlay-opacity":"","overlay-gradient":""},"mobile":{"background-color":"","background-image":"","background-repeat":"repeat","background-position":"center center","background-size":"auto","background-attachment":"scroll","background-type":"","background-media":"","overlay-type":"","overlay-color":"","overlay-opacity":"","overlay-gradient":""}},"ast-content-background-meta":{"desktop":{"background-color":"var(--ast-global-color-5)","background-image":"","background-repeat":"repeat","background-position":"center center","background-size":"auto","background-attachment":"scroll","background-type":"","background-media":"","overlay-type":"","overlay-color":"","overlay-opacity":"","overlay-gradient":""},"tablet":{"background-color":"var(--ast-global-color-5)","background-image":"","background-repeat":"repeat","background-position":"center center","background-size":"auto","background-attachment":"scroll","background-type":"","background-media":"","overlay-type":"","overlay-color":"","overlay-opacity":"","overlay-gradient":""},"mobile":{"background-color":"var(--ast-global-color-5)","background-image":"","background-repeat":"repeat","background-position":"center center","background-size":"auto","background-attachment":"scroll","background-type":"","background-media":"","overlay-type":"","overlay-color":"","overlay-opacity":"","overlay-gradient":""}}},"product_brand":[],"product_cat":[48,43],"product_tag":[147,144,146,143,73,145],"class_list":{"0":"post-2005","1":"product","2":"type-product","3":"status-publish","4":"has-post-thumbnail","6":"product_cat-tham-lot-san-o-to-vinfast","7":"product_cat-tham-lot-san-o-to","8":"product_tag-carsen-tham-san","9":"product_tag-chan-bun-vf7","10":"product_tag-phu-kien-vf7","11":"product_tag-tham-lot-cop-vf7","12":"product_tag-tham-lot-san-o-to","13":"product_tag-tham-lot-san-vf6","14":"desktop-align-left","15":"tablet-align-left","16":"mobile-align-left","18":"first","19":"instock","20":"shipping-taxable","21":"purchasable","22":"product-type-variable"},"_links":{"self":[{"href":"https:\/\/topcar.vn\/index.php?rest_route=\/wp\/v2\/product\/2005","targetHints":{"allow":["GET"]}}],"collection":[{"href":"https:\/\/topcar.vn\/index.php?rest_route=\/wp\/v2\/product"}],"about":[{"href":"https:\/\/topcar.vn\/index.php?rest_route=\/wp\/v2\/types\/product"}],"replies":[{"embeddable":true,"href":"https:\/\/topcar.vn\/index.php?rest_route=%2Fwp%2Fv2%2Fcomments&post=2005"}],"version-history":[{"count":4,"href":"https:\/\/topcar.vn\/index.php?rest_route=\/wp\/v2\/product\/2005\/revisions"}],"predecessor-version":[{"id":2958,"href":"https:\/\/topcar.vn\/index.php?rest_route=\/wp\/v2\/product\/2005\/revisions\/2958"}],"wp:featuredmedia":[{"embeddable":true,"href":"https:\/\/topcar.vn\/index.php?rest_route=\/wp\/v2\/media\/4647"}],"wp:attachment":[{"href":"https:\/\/topcar.vn\/index.php?rest_route=%2Fwp%2Fv2%2Fmedia&parent=2005"}],"wp:term":[{"taxonomy":"product_brand","embeddable":true,"href":"https:\/\/topcar.vn\/index.php?rest_route=%2Fwp%2Fv2%2Fproduct_brand&post=2005"},{"taxonomy":"product_cat","embeddable":true,"href":"https:\/\/topcar.vn\/index.php?rest_route=%2Fwp%2Fv2%2Fproduct_cat&post=2005"},{"taxonomy":"product_tag","embeddable":true,"href":"https:\/\/topcar.vn\/index.php?rest_route=%2Fwp%2Fv2%2Fproduct_tag&post=2005"}],"curies":[{"name":"wp","href":"https:\/\/api.w.org\/{rel}","templated":true}]}}