{"id":2002,"date":"2025-07-26T22:27:58","date_gmt":"2025-07-26T15:27:58","guid":{"rendered":"http:\/\/khaitest.rf.gd\/?post_type=product&#038;p=2002"},"modified":"2025-12-08T10:34:54","modified_gmt":"2025-12-08T03:34:54","slug":"tham-lot-san-vinfast-vf6","status":"publish","type":"product","link":"https:\/\/topcar.vn\/?product=tham-lot-san-vinfast-vf6","title":{"rendered":"Th\u1ea3m L\u00f3t S\u00e0n Vinfast VF6"},"content":{"rendered":"<article class=\"text-token-text-primary w-full\" dir=\"auto\" data-testid=\"conversation-turn-10\" data-scroll-anchor=\"true\">\n<div class=\"text-base my-auto mx-auto pb-10 [--thread-content-margin:--spacing(4)] @[37rem]:[--thread-content-margin:--spacing(6)] @[72rem]:[--thread-content-margin:--spacing(16)] px-(--thread-content-margin)\">\n<div class=\"[--thread-content-max-width:32rem] @[34rem]:[--thread-content-max-width:40rem] @[64rem]:[--thread-content-max-width:48rem] mx-auto max-w-(--thread-content-max-width) flex-1 group\/turn-messages focus-visible:outline-hidden relative flex w-full min-w-0 flex-col agent-turn\" tabindex=\"-1\">\n<div class=\"flex max-w-full flex-col grow\">\n<div class=\"min-h-8 text-message relative flex w-full flex-col items-end gap-2 text-start break-words whitespace-normal [.text-message+&amp;]:mt-5\" dir=\"auto\" data-message-author-role=\"assistant\" data-message-id=\"6ee8a93f-7fdb-4c7e-b8bb-2a874c3d517b\" data-message-model-slug=\"gpt-4o\">\n<div class=\"flex w-full flex-col gap-1 empty:hidden first:pt-[3px]\">\n<div class=\"markdown prose dark:prose-invert w-full break-words light\">\n<p data-start=\"509\" data-end=\"837\"><strong><em>Th\u1ea3m l\u00f3t s\u00e0n \u00f4 t\u00f4 VinFast VF6 \u0111\u01b0\u1ee3c thi\u1ebft k\u1ebf ri\u00eang 5D theo k\u00edch th\u01b0\u1edbc chu\u1ea9n c\u1ee7a xe, gi\u00fap \u00f4m s\u00e1t t\u1eebng \u0111\u01b0\u1eddng g\u1edd v\u00e0 g\u00f3c c\u1ea1nh tr\u00ean s\u00e0n, \u0111\u1ea3m b\u1ea3o kh\u00f4ng b\u1ecb l\u1ec7ch hay x\u00f4 khi s\u1eed d\u1ee5ng. S\u1ea3n ph\u1ea9m s\u1eed d\u1ee5ng v\u1eadt li\u1ec7u cao c\u1ea5p nh\u01b0 da PU \u0111a l\u1edbp ho\u1eb7c cao su non th\u00e2n thi\u1ec7n v\u1edbi m\u00f4i tr\u01b0\u1eddng, gi\u00fap ng\u0103n th\u1ea5m n\u01b0\u1edbc, ch\u1ed1ng tr\u01a1n tr\u01b0\u1ee3t v\u00e0 c\u1ef1c k\u1ef3 d\u1ec5 v\u1ec7 sinh.<\/em><\/strong><\/p>\n<p data-start=\"839\" data-end=\"1046\"><strong><em>L\u00e0 m\u1eabu xe \u0111i\u1ec7n c\u00f3 n\u1ed9i th\u1ea5t tinh t\u1ebf v\u00e0 c\u00f4ng ngh\u1ec7 cao, VF6 r\u1ea5t c\u1ea7n m\u1ed9t b\u1ed9 th\u1ea3m l\u00f3t s\u00e0n \u0111\u1ea1t ti\u00eau chu\u1ea9n c\u1ea3 v\u1ec1 t\u00ednh n\u0103ng l\u1eabn th\u1ea9m m\u1ef9 \u0111\u1ec3 \u0111\u1ed3ng h\u00e0nh trong m\u1ecdi \u0111i\u1ec1u ki\u1ec7n th\u1eddi ti\u1ebft v\u00e0 m\u00f4i tr\u01b0\u1eddng s\u1eed d\u1ee5ng t\u1ea1i Vi\u1ec7t Nam.<\/em><\/strong><\/p>\n<h3 data-start=\"1053\" data-end=\"1079\"><strong data-start=\"1057\" data-end=\"1079\">Th\u00f4ng tin chi ti\u1ebft<\/strong><\/h3>\n<ul>\n<li data-start=\"1083\" data-end=\"1128\">T\u00ean s\u1ea3n ph\u1ea9m: Th\u1ea3m l\u00f3t s\u00e0n VinFast VF6<\/li>\n<li data-start=\"1131\" data-end=\"1173\">Lo\u1ea1i xe: SUV \u0111i\u1ec7n VF6 (2024 tr\u1edf \u0111i)<\/li>\n<li data-start=\"1176\" data-end=\"1233\">Ch\u1ea5t li\u1ec7u: Ch\u1ea5t li\u00eau nh\u1ef1a TPE- 5D<\/li>\n<li data-start=\"1236\" data-end=\"1294\">Thi\u1ebft k\u1ebf: C\u1eaft CNC theo form xe \u2013 ph\u1ee7 k\u00edn to\u00e0n b\u1ed9 s\u00e0n<\/li>\n<li data-start=\"1297\" data-end=\"1359\">T\u00f9y ch\u1ecdn m\u00e0u: \u0110en, ghi, n\u00e2u, kem, vi\u1ec1n ph\u1ed1i theo y\u00eau c\u1ea7u<\/li>\n<li data-start=\"1362\" data-end=\"1409\">B\u1ea3o h\u00e0nh: 12 th\u00e1ng \u2013 l\u1ed7i k\u1ef9 thu\u1eadt \u0111\u1ed5i m\u1edbi<\/li>\n<li data-start=\"1412\" data-end=\"1468\">L\u1eafp \u0111\u1eb7t: Mi\u1ec5n ph\u00ed t\u1ea1i HN \u2013 HCM | Giao h\u00e0ng to\u00e0n qu\u1ed1c<\/li>\n<\/ul>\n<p><img fetchpriority=\"high\" decoding=\"async\" class=\"size-large wp-image-3125 aligncenter\" src=\"http:\/\/khaitest.rf.gd\/wp-content\/uploads\/2025\/07\/sdt.31-1024x1024.jpg\" alt=\"\" width=\"1024\" height=\"1024\" srcset=\"https:\/\/topcar.vn\/wp-content\/uploads\/2025\/07\/sdt.31-1024x1024.jpg 1024w, https:\/\/topcar.vn\/wp-content\/uploads\/2025\/07\/sdt.31-300x300.jpg 300w, https:\/\/topcar.vn\/wp-content\/uploads\/2025\/07\/sdt.31-150x150.jpg 150w, https:\/\/topcar.vn\/wp-content\/uploads\/2025\/07\/sdt.31-768x768.jpg 768w, https:\/\/topcar.vn\/wp-content\/uploads\/2025\/07\/sdt.31-600x600.jpg 600w, https:\/\/topcar.vn\/wp-content\/uploads\/2025\/07\/sdt.31-100x100.jpg 100w, https:\/\/topcar.vn\/wp-content\/uploads\/2025\/07\/sdt.31.jpg 1536w\" sizes=\"(max-width: 1024px) 100vw, 1024px\" \/><\/p>\n<h3 data-start=\"1475\" data-end=\"1511\"><strong data-start=\"1479\" data-end=\"1511\">\u01afu \u0111i\u1ec3m c\u1ee7a th\u1ea3m l\u00f3t s\u00e0n VinFast VF6<\/strong><\/h3>\n<ul>\n<li data-start=\"1513\" data-end=\"1835\">C\u1eaft may ch\u00ednh x\u00e1c theo form s\u00e0n VinFast VF6 \u2013 kh\u00f4ng h\u1edf m\u00e9p<\/li>\n<li data-start=\"1513\" data-end=\"1835\">Ch\u1ed1ng tr\u01b0\u1ee3t hi\u1ec7u qu\u1ea3 \u2013 b\u1ea3o v\u1ec7 s\u00e0n kh\u00f4ng bong tr\u00f3c<\/li>\n<li data-start=\"1513\" data-end=\"1835\">Ch\u1ed1ng b\u00e1m b\u1ee5i v\u00e0 ch\u1ed1ng th\u1ea5m n\u01b0\u1edbc \u2013 d\u1ec5 d\u00e0ng v\u1ec7 sinh<\/li>\n<li data-start=\"1513\" data-end=\"1835\">Kh\u00f4ng m\u00f9i \u2013 th\u00e2n thi\u1ec7n v\u1edbi s\u1ee9c kh\u1ecfe v\u00e0 m\u00f4i tr\u01b0\u1eddng<\/li>\n<li data-start=\"1513\" data-end=\"1835\">T\u0103ng t\u00ednh th\u1ea9m m\u1ef9 \u2013 n\u00e2ng t\u1ea7m kh\u00f4ng gian n\u1ed9i th\u1ea5t<\/li>\n<li data-start=\"1513\" data-end=\"1835\">D\u1ec5 th\u00e1o l\u1eafp \u2013 thu\u1eadn ti\u1ec7n v\u1ec7 sinh \u0111\u1ecbnh k\u1ef3<\/li>\n<\/ul>\n<h3 data-start=\"1842\" data-end=\"1883\"><strong data-start=\"1846\" data-end=\"1883\">Gi\u00e1 b\u00e1n th\u1ea3m l\u00f3t s\u00e0n VinFast VF6<\/strong><\/h3>\n<ul data-start=\"1885\" data-end=\"2089\">\n<li data-start=\"1885\" data-end=\"1987\">\n<p data-start=\"1887\" data-end=\"1987\"><strong data-start=\"1887\" data-end=\"1906\">Gi\u00e1 ti\u00eau chu\u1ea9n:<\/strong> <strong data-start=\"1907\" data-end=\"1926\">2.200.000\u0111 \/ b\u1ed9<\/strong><\/p>\n<\/li>\n<\/ul>\n<p><img decoding=\"async\" class=\"size-large wp-image-3128 aligncenter\" src=\"http:\/\/khaitest.rf.gd\/wp-content\/uploads\/2025\/07\/sdt.41-1024x1024.jpg\" alt=\"\" width=\"1024\" height=\"1024\" srcset=\"https:\/\/topcar.vn\/wp-content\/uploads\/2025\/07\/sdt.41-1024x1024.jpg 1024w, https:\/\/topcar.vn\/wp-content\/uploads\/2025\/07\/sdt.41-300x300.jpg 300w, https:\/\/topcar.vn\/wp-content\/uploads\/2025\/07\/sdt.41-150x150.jpg 150w, https:\/\/topcar.vn\/wp-content\/uploads\/2025\/07\/sdt.41-768x768.jpg 768w, https:\/\/topcar.vn\/wp-content\/uploads\/2025\/07\/sdt.41-600x600.jpg 600w, https:\/\/topcar.vn\/wp-content\/uploads\/2025\/07\/sdt.41-100x100.jpg 100w, https:\/\/topcar.vn\/wp-content\/uploads\/2025\/07\/sdt.41.jpg 1536w\" sizes=\"(max-width: 1024px) 100vw, 1024px\" \/><\/p>\n<h3 data-start=\"2096\" data-end=\"2151\"><strong data-start=\"2100\" data-end=\"2151\">Mua th\u1ea3m l\u00f3t s\u00e0n ch\u00ednh h\u00e3ng cho VF6 t\u1ea1i Topcar<\/strong><\/h3>\n<p data-start=\"2153\" data-end=\"2232\"><strong data-start=\"2153\" data-end=\"2163\">Topcar<\/strong> l\u00e0 \u0111\u01a1n v\u1ecb uy t\u00edn chuy\u00ean cung c\u1ea5p th\u1ea3m l\u00f3t s\u00e0n \u00f4 t\u00f4 theo xe, cam k\u1ebft:<\/p>\n<ul>\n<li data-start=\"2234\" data-end=\"2427\">Thi\u1ebft k\u1ebf chu\u1ea9n t\u1eebng d\u00f2ng xe \u2013 \u00f4m kh\u00edt t\u1eebng g\u00f3c s\u00e0n<\/li>\n<li data-start=\"2234\" data-end=\"2427\">Ch\u1ea5t li\u1ec7u b\u1ec1n \u0111\u1eb9p \u2013 an to\u00e0n khi s\u1eed d\u1ee5ng<\/li>\n<li data-start=\"2234\" data-end=\"2427\">T\u01b0 v\u1ea5n ph\u1ed1i m\u00e0u, h\u1ecda ti\u1ebft theo s\u1edf th\u00edch c\u00e1 nh\u00e2n<\/li>\n<li data-start=\"2234\" data-end=\"2427\">H\u1ed7 tr\u1ee3 giao h\u00e0ng nhanh, b\u1ea3o h\u00e0nh chu \u0111\u00e1o<\/li>\n<\/ul>\n<p><img decoding=\"async\" class=\"size-large wp-image-3132 aligncenter\" src=\"http:\/\/khaitest.rf.gd\/wp-content\/uploads\/2025\/07\/sdt.5-7-1024x1024.jpg\" alt=\"\" width=\"1024\" height=\"1024\" srcset=\"https:\/\/topcar.vn\/wp-content\/uploads\/2025\/07\/sdt.5-7-1024x1024.jpg 1024w, https:\/\/topcar.vn\/wp-content\/uploads\/2025\/07\/sdt.5-7-300x300.jpg 300w, https:\/\/topcar.vn\/wp-content\/uploads\/2025\/07\/sdt.5-7-150x150.jpg 150w, https:\/\/topcar.vn\/wp-content\/uploads\/2025\/07\/sdt.5-7-768x768.jpg 768w, https:\/\/topcar.vn\/wp-content\/uploads\/2025\/07\/sdt.5-7-600x600.jpg 600w, https:\/\/topcar.vn\/wp-content\/uploads\/2025\/07\/sdt.5-7-100x100.jpg 100w, https:\/\/topcar.vn\/wp-content\/uploads\/2025\/07\/sdt.5-7.jpg 1536w\" sizes=\"(max-width: 1024px) 100vw, 1024px\" \/><\/p>\n<p data-start=\"2360\" data-end=\"2565\"><strong data-start=\"2575\" data-end=\"2618\">Li\u00ean h\u1ec7 ngay \u0111\u1ec3 \u0111\u01b0\u1ee3c t\u01b0 v\u1ea5n &amp; \u0111\u1eb7t h\u00e0ng:<\/strong><br data-start=\"2618\" data-end=\"2621\" \/>\ud83d\udcdeHotline \/ Zalo: 0889.385.222<\/p>\n<p data-start=\"2360\" data-end=\"2565\">\ud83c\udfe0 \u0110\u1ecba ch\u1ec9: S\u1ed1 9 BT2, Khu \u0111\u00f4 th\u1ecb Foresa Xu\u00e2n Ph\u01b0\u01a1ng, Nam T\u1eeb Li\u00eam, H\u00e0 N\u1ed9i<\/p>\n<p data-start=\"2360\" data-end=\"2565\">\ud83c\udf10 Website: <a class=\"\" href=\"https:\/\/Topcar.vn\" target=\"_new\" rel=\"noopener\" data-start=\"3540\" data-end=\"3578\">https:\/\/Topcar.vn<\/a><\/p>\n<p data-start=\"3379\" data-end=\"3578\">\ud83d\udc49 <strong data-start=\"3583\" data-end=\"3644\">\u0110\u1eb7t mua th\u1ea3m l\u00f3t s\u00e0n VinFast VF6 ngay h\u00f4m nay<\/strong>!<\/p>\n<\/div>\n<\/div>\n<\/div>\n<\/div>\n<\/div>\n<\/div>\n<\/article>\n","protected":false},"excerpt":{"rendered":"<ul>\n<li>Mi\u1ec5n ph\u00ed giao h\u00e0ng to\u00e0n qu\u1ed1c<\/li>\n<li>Nh\u1eadn h\u00e0ng &gt; L\u1eafp \u0111\u1eb7t &gt; Thanh to\u00e1n<\/li>\n<li>B\u1ea3o h\u00e0nh 5 n\u0103m<\/li>\n<\/ul>\n","protected":false},"featured_media":4644,"comment_status":"closed","ping_status":"closed","template":"","meta":{"site-sidebar-layout":"no-sidebar","site-content-layout":"content-boxed-container","ast-site-content-layout":"normal-width-container","site-content-style":"boxed","site-sidebar-style":"unboxed","ast-global-header-display":"","ast-banner-title-visibility":"","ast-main-header-display":"","ast-hfb-above-header-display":"","ast-hfb-below-header-display":"","ast-hfb-mobile-header-display":"","site-post-title":"","ast-breadcrumbs-content":"","ast-featured-img":"","footer-sml-layout":"","ast-disable-related-posts":"","theme-transparent-header-meta":"default","adv-header-id-meta":"","stick-header-meta":"","header-above-stick-meta":"","header-main-stick-meta":"","header-below-stick-meta":"","astra-migrate-meta-layouts":"set","ast-page-background-enabled":"default","ast-page-background-meta":{"desktop":{"background-color":"var(--ast-global-color-4)","background-image":"","background-repeat":"repeat","background-position":"center center","background-size":"auto","background-attachment":"scroll","background-type":"","background-media":"","overlay-type":"","overlay-color":"","overlay-opacity":"","overlay-gradient":""},"tablet":{"background-color":"","background-image":"","background-repeat":"repeat","background-position":"center center","background-size":"auto","background-attachment":"scroll","background-type":"","background-media":"","overlay-type":"","overlay-color":"","overlay-opacity":"","overlay-gradient":""},"mobile":{"background-color":"","background-image":"","background-repeat":"repeat","background-position":"center center","background-size":"auto","background-attachment":"scroll","background-type":"","background-media":"","overlay-type":"","overlay-color":"","overlay-opacity":"","overlay-gradient":""}},"ast-content-background-meta":{"desktop":{"background-color":"var(--ast-global-color-5)","background-image":"","background-repeat":"repeat","background-position":"center center","background-size":"auto","background-attachment":"scroll","background-type":"","background-media":"","overlay-type":"","overlay-color":"","overlay-opacity":"","overlay-gradient":""},"tablet":{"background-color":"var(--ast-global-color-5)","background-image":"","background-repeat":"repeat","background-position":"center center","background-size":"auto","background-attachment":"scroll","background-type":"","background-media":"","overlay-type":"","overlay-color":"","overlay-opacity":"","overlay-gradient":""},"mobile":{"background-color":"var(--ast-global-color-5)","background-image":"","background-repeat":"repeat","background-position":"center center","background-size":"auto","background-attachment":"scroll","background-type":"","background-media":"","overlay-type":"","overlay-color":"","overlay-opacity":"","overlay-gradient":""}}},"product_brand":[],"product_cat":[48,43],"product_tag":[141,135,139,137,138,142,140,128,129,127,130,136,131,126,134,133,132],"class_list":{"0":"post-2002","1":"product","2":"type-product","3":"status-publish","4":"has-post-thumbnail","6":"product_cat-tham-lot-san-o-to-vinfast","7":"product_cat-tham-lot-san-o-to","8":"product_tag-dan-phim-cach-nhiet-cho-vinfast-vf6","9":"product_tag-gia-xe-vf6","10":"product_tag-lot-cop-vf6","11":"product_tag-tham-huvi-vf6","12":"product_tag-tham-lot-san","13":"product_tag-tham-lot-san-huvi","14":"product_tag-tham-san-huvi-vf3","15":"product_tag-vf5","16":"product_tag-vf6","17":"product_tag-vf7","18":"product_tag-vf7-vf8","19":"product_tag-vf8","20":"product_tag-vf9","21":"product_tag-vinfast-vf6","22":"product_tag-vinfast-vf6-gia-bao-nhieu","23":"product_tag-vinfast-vf6-gia-lan-banh","24":"product_tag-vinfast-vf7","25":"desktop-align-left","26":"tablet-align-left","27":"mobile-align-left","29":"first","30":"instock","31":"shipping-taxable","32":"purchasable","33":"product-type-variable"},"_links":{"self":[{"href":"https:\/\/topcar.vn\/index.php?rest_route=\/wp\/v2\/product\/2002","targetHints":{"allow":["GET"]}}],"collection":[{"href":"https:\/\/topcar.vn\/index.php?rest_route=\/wp\/v2\/product"}],"about":[{"href":"https:\/\/topcar.vn\/index.php?rest_route=\/wp\/v2\/types\/product"}],"replies":[{"embeddable":true,"href":"https:\/\/topcar.vn\/index.php?rest_route=%2Fwp%2Fv2%2Fcomments&post=2002"}],"version-history":[{"count":4,"href":"https:\/\/topcar.vn\/index.php?rest_route=\/wp\/v2\/product\/2002\/revisions"}],"predecessor-version":[{"id":3119,"href":"https:\/\/topcar.vn\/index.php?rest_route=\/wp\/v2\/product\/2002\/revisions\/3119"}],"wp:featuredmedia":[{"embeddable":true,"href":"https:\/\/topcar.vn\/index.php?rest_route=\/wp\/v2\/media\/4644"}],"wp:attachment":[{"href":"https:\/\/topcar.vn\/index.php?rest_route=%2Fwp%2Fv2%2Fmedia&parent=2002"}],"wp:term":[{"taxonomy":"product_brand","embeddable":true,"href":"https:\/\/topcar.vn\/index.php?rest_route=%2Fwp%2Fv2%2Fproduct_brand&post=2002"},{"taxonomy":"product_cat","embeddable":true,"href":"https:\/\/topcar.vn\/index.php?rest_route=%2Fwp%2Fv2%2Fproduct_cat&post=2002"},{"taxonomy":"product_tag","embeddable":true,"href":"https:\/\/topcar.vn\/index.php?rest_route=%2Fwp%2Fv2%2Fproduct_tag&post=2002"}],"curies":[{"name":"wp","href":"https:\/\/api.w.org\/{rel}","templated":true}]}}