{"id":2000,"date":"2025-07-26T22:06:03","date_gmt":"2025-07-26T15:06:03","guid":{"rendered":"http:\/\/khaitest.rf.gd\/?post_type=product&#038;p=2000"},"modified":"2025-12-08T10:34:01","modified_gmt":"2025-12-08T03:34:01","slug":"tham-lot-san-vinfast-vf5","status":"publish","type":"product","link":"https:\/\/topcar.vn\/?product=tham-lot-san-vinfast-vf5","title":{"rendered":"Th\u1ea3m L\u00f3t S\u00e0n Vinfast VF5"},"content":{"rendered":"<article class=\"text-token-text-primary w-full\" dir=\"auto\" data-testid=\"conversation-turn-10\" data-scroll-anchor=\"true\">\n<div class=\"text-base my-auto mx-auto pb-10 [--thread-content-margin:--spacing(4)] @[37rem]:[--thread-content-margin:--spacing(6)] @[72rem]:[--thread-content-margin:--spacing(16)] px-(--thread-content-margin)\">\n<div class=\"[--thread-content-max-width:32rem] @[34rem]:[--thread-content-max-width:40rem] @[64rem]:[--thread-content-max-width:48rem] mx-auto max-w-(--thread-content-max-width) flex-1 group\/turn-messages focus-visible:outline-hidden relative flex w-full min-w-0 flex-col agent-turn\" tabindex=\"-1\">\n<div class=\"flex max-w-full flex-col grow\">\n<div class=\"min-h-8 text-message relative flex w-full flex-col items-end gap-2 text-start break-words whitespace-normal [.text-message+&amp;]:mt-5\" dir=\"auto\" data-message-author-role=\"assistant\" data-message-id=\"6ee8a93f-7fdb-4c7e-b8bb-2a874c3d517b\" data-message-model-slug=\"gpt-4o\">\n<div class=\"flex w-full flex-col gap-1 empty:hidden first:pt-[3px]\">\n<div class=\"markdown prose dark:prose-invert w-full break-words light\">\n<p data-start=\"303\" data-end=\"538\"><em><strong>Th\u1ea3m l\u00f3t s\u00e0n VinFast VF5 gi\u00fap chi\u1ebfc xe v\u1edbi thi\u1ebft k\u1ebf tr\u1ebb trung v\u00e0 n\u0103ng \u0111\u1ed9ng s\u1ebd c\u00e0ng ho\u00e0n h\u1ea3o h\u01a1n. \u0110\u00e2y l\u00e0 ph\u1ee5 ki\u1ec7n quan tr\u1ecdng gi\u00fap gi\u1eef s\u1ea1ch n\u1ed9i th\u1ea5t xe, b\u1ea3o v\u1ec7 s\u00e0n nguy\u00ean b\u1ea3n v\u00e0 t\u0103ng tr\u1ea3i nghi\u1ec7m l\u00e1i xe h\u00e0ng ng\u00e0y.<\/strong><\/em><\/p>\n<h3 data-start=\"545\" data-end=\"572\"><strong data-start=\"549\" data-end=\"572\">Gi\u1edbi thi\u1ec7u s\u1ea3n ph\u1ea9m<\/strong><\/h3>\n<p data-start=\"574\" data-end=\"1032\">Th\u1ea3m l\u00f3t s\u00e0n VinFast VF5 \u0111\u01b0\u1ee3c thi\u1ebft k\u1ebf chuy\u00ean bi\u1ec7t theo \u0111\u00fang k\u00edch th\u01b0\u1edbc s\u00e0n xe, \u0111\u1ea3m b\u1ea3o v\u1eeba kh\u00edt t\u1eebng \u0111\u01b0\u1eddng cong v\u00e0 kh\u00f4ng b\u1ecb x\u00f4 l\u1ec7ch trong qu\u00e1 tr\u00ecnh s\u1eed d\u1ee5ng. V\u1edbi ch\u1ea5t li\u1ec7u 5D nh\u1ef1a TPE\u00a0cao c\u1ea5p, s\u1ea3n ph\u1ea9m mang l\u1ea1i kh\u1ea3 n\u0103ng ch\u1ed1ng b\u1ea9n, ch\u1ed1ng th\u1ea5m, d\u1ec5 v\u1ec7 sinh v\u00e0 b\u1ec1n b\u1ec9 theo th\u1eddi gian.<\/p>\n<p data-start=\"574\" data-end=\"1032\">\u0110\u00e2y l\u00e0 l\u1ef1a ch\u1ecdn l\u00fd t\u01b0\u1edfng \u0111\u1ec3 b\u1ea3o v\u1ec7 n\u1ed9i th\u1ea5t cho d\u00f2ng xe \u0111\u00f4 th\u1ecb nh\u01b0 VF5, v\u1ed1n th\u01b0\u1eddng xuy\u00ean di chuy\u1ec3n trong m\u00f4i tr\u01b0\u1eddng kh\u00f3i b\u1ee5i v\u00e0 \u1ea9m \u01b0\u1edbt.<\/p>\n<p data-start=\"574\" data-end=\"1032\"><img fetchpriority=\"high\" decoding=\"async\" class=\"size-large wp-image-3108 aligncenter\" src=\"http:\/\/khaitest.rf.gd\/wp-content\/uploads\/2025\/07\/sdt.2-27-1024x1024.jpg\" alt=\"\" width=\"1024\" height=\"1024\" srcset=\"https:\/\/topcar.vn\/wp-content\/uploads\/2025\/07\/sdt.2-27-1024x1024.jpg 1024w, https:\/\/topcar.vn\/wp-content\/uploads\/2025\/07\/sdt.2-27-300x300.jpg 300w, https:\/\/topcar.vn\/wp-content\/uploads\/2025\/07\/sdt.2-27-150x150.jpg 150w, https:\/\/topcar.vn\/wp-content\/uploads\/2025\/07\/sdt.2-27-768x768.jpg 768w, https:\/\/topcar.vn\/wp-content\/uploads\/2025\/07\/sdt.2-27-600x600.jpg 600w, https:\/\/topcar.vn\/wp-content\/uploads\/2025\/07\/sdt.2-27-100x100.jpg 100w, https:\/\/topcar.vn\/wp-content\/uploads\/2025\/07\/sdt.2-27.jpg 1536w\" sizes=\"(max-width: 1024px) 100vw, 1024px\" \/><\/p>\n<p data-start=\"1039\" data-end=\"1065\"><strong data-start=\"1043\" data-end=\"1065\">Th\u00f4ng tin chi ti\u1ebft<\/strong><\/p>\n<ul>\n<li data-start=\"1069\" data-end=\"1119\">T\u00ean s\u1ea3n ph\u1ea9m: Th\u1ea3m l\u00f3t s\u00e0n \u00f4 t\u00f4 VinFast VF5<\/li>\n<li data-start=\"1122\" data-end=\"1168\">Lo\u1ea1i xe: VinFast VF 5 (s\u1ea3n xu\u1ea5t t\u1eeb 2023)<\/li>\n<li data-start=\"1171\" data-end=\"1222\">Ch\u1ea5t li\u1ec7u: Nh\u1ef1a TPE 5D<\/li>\n<li data-start=\"1225\" data-end=\"1297\">C\u1ea5u t\u1ea1o: Thi\u1ebft k\u1ebf theo xe \u2013 full c\u1ea3 h\u00e0ng gh\u1ebf tr\u01b0\u1edbc, sau v\u00e0 s\u00e0n ph\u1ee5<\/li>\n<\/ul>\n<p data-start=\"1465\" data-end=\"1488\"><strong data-start=\"1469\" data-end=\"1488\">\u01afu \u0111i\u1ec3m n\u1ed5i b\u1eadt<\/strong><\/p>\n<ul>\n<li data-start=\"1490\" data-end=\"1830\">Thi\u1ebft k\u1ebf theo form s\u00e0n xe VF5 \u2013 kh\u00f4ng c\u1eaft ch\u1ec9nh th\u1ee7 c\u00f4ng<\/li>\n<li data-start=\"1490\" data-end=\"1830\">B\u1ec1 m\u1eb7t ch\u1ed1ng b\u00e1m b\u1ea9n \u2013 d\u1ec5 lau ch\u00f9i b\u1eb1ng kh\u0103n \u01b0\u1edbt<\/li>\n<li data-start=\"1490\" data-end=\"1830\">Ch\u1ea5t li\u1ec7u kh\u00f4ng m\u00f9i \u2013 an to\u00e0n cho tr\u1ebb nh\u1ecf v\u00e0 ng\u01b0\u1eddi nh\u1ea1y c\u1ea3m<\/li>\n<li data-start=\"1490\" data-end=\"1830\">Ch\u1ed1ng tr\u01a1n tr\u01b0\u1ee3t \u2013 \u0111\u1ea3m b\u1ea3o an to\u00e0n khi l\u00e1i xe<\/li>\n<li data-start=\"1490\" data-end=\"1830\">Gi\u00fap khoang cabin lu\u00f4n s\u1ea1ch \u0111\u1eb9p, gi\u1eef gi\u00e1 tr\u1ecb xe l\u00e2u d\u00e0i<\/li>\n<li data-start=\"1490\" data-end=\"1830\">T\u00f9y ch\u1ecdn ph\u1ed1i m\u00e0u, may vi\u1ec1n c\u00e1 t\u00ednh theo s\u1edf th\u00edch<\/li>\n<\/ul>\n<p data-start=\"1837\" data-end=\"1878\"><strong data-start=\"1841\" data-end=\"1878\">Gi\u00e1 b\u00e1n th\u1ea3m l\u00f3t s\u00e0n VinFast VF5<\/strong><\/p>\n<ul data-start=\"1880\" data-end=\"2067\">\n<li data-start=\"1880\" data-end=\"1962\">\n<p data-start=\"1882\" data-end=\"1962\"><strong data-start=\"1882\" data-end=\"1898\">Gi\u00e1 tr\u1ecdn b\u1ed9:<\/strong> <strong data-start=\"1899\" data-end=\"1913\">2.300.000\u0111<\/strong><\/p>\n<\/li>\n<\/ul>\n<p><img decoding=\"async\" class=\"size-large wp-image-3110 aligncenter\" src=\"http:\/\/khaitest.rf.gd\/wp-content\/uploads\/2025\/07\/sdt.4-22-1024x1024.jpg\" alt=\"\" width=\"1024\" height=\"1024\" srcset=\"https:\/\/topcar.vn\/wp-content\/uploads\/2025\/07\/sdt.4-22-1024x1024.jpg 1024w, https:\/\/topcar.vn\/wp-content\/uploads\/2025\/07\/sdt.4-22-300x300.jpg 300w, https:\/\/topcar.vn\/wp-content\/uploads\/2025\/07\/sdt.4-22-150x150.jpg 150w, https:\/\/topcar.vn\/wp-content\/uploads\/2025\/07\/sdt.4-22-768x768.jpg 768w, https:\/\/topcar.vn\/wp-content\/uploads\/2025\/07\/sdt.4-22-600x600.jpg 600w, https:\/\/topcar.vn\/wp-content\/uploads\/2025\/07\/sdt.4-22-100x100.jpg 100w, https:\/\/topcar.vn\/wp-content\/uploads\/2025\/07\/sdt.4-22.jpg 1536w\" sizes=\"(max-width: 1024px) 100vw, 1024px\" \/><\/p>\n<h3 data-start=\"2074\" data-end=\"2120\"><strong data-start=\"2078\" data-end=\"2120\">Mua th\u1ea3m l\u00f3t s\u00e0n VinFast VF5 ch\u00ednh h\u00e3ng t\u1ea1i Topcar<\/strong><\/h3>\n<ul>\n<li>T\u1ea1i <strong data-start=\"2126\" data-end=\"2136\">Topcar<\/strong>, b\u1ea1n lu\u00f4n \u0111\u01b0\u1ee3c \u0111\u1ea3m b\u1ea3o:<\/li>\n<li>S\u1ea3n ph\u1ea9m chu\u1ea9n form \u2013 ch\u1ea5t l\u01b0\u1ee3ng cao<\/li>\n<li>L\u1eafp \u0111\u1eb7t k\u1ef9 c\u00e0ng, giao h\u00e0ng nhanh trong 1\u20132 ng\u00e0y<\/li>\n<li>B\u1ea3o h\u00e0nh l\u00ean t\u1edbi 5 n\u0103m \u2013 l\u1ed7i 1 \u0111\u1ed5i 1<\/li>\n<li>T\u01b0 v\u1ea5n t\u1eadn t\u00e2m \u2013 h\u1ed7 tr\u1ee3 ph\u1ed1i m\u00e0u, \u0111\u1eb7t may theo xe ri\u00eang<\/li>\n<\/ul>\n<p><img decoding=\"async\" class=\"size-large wp-image-3111 aligncenter\" src=\"http:\/\/khaitest.rf.gd\/wp-content\/uploads\/2025\/07\/sdt.5-6-1024x1024.jpg\" alt=\"\" width=\"1024\" height=\"1024\" srcset=\"https:\/\/topcar.vn\/wp-content\/uploads\/2025\/07\/sdt.5-6-1024x1024.jpg 1024w, https:\/\/topcar.vn\/wp-content\/uploads\/2025\/07\/sdt.5-6-300x300.jpg 300w, https:\/\/topcar.vn\/wp-content\/uploads\/2025\/07\/sdt.5-6-150x150.jpg 150w, https:\/\/topcar.vn\/wp-content\/uploads\/2025\/07\/sdt.5-6-768x768.jpg 768w, https:\/\/topcar.vn\/wp-content\/uploads\/2025\/07\/sdt.5-6-600x600.jpg 600w, https:\/\/topcar.vn\/wp-content\/uploads\/2025\/07\/sdt.5-6-100x100.jpg 100w, https:\/\/topcar.vn\/wp-content\/uploads\/2025\/07\/sdt.5-6.jpg 1536w\" sizes=\"(max-width: 1024px) 100vw, 1024px\" \/><\/p>\n<p data-start=\"2360\" data-end=\"2565\"><strong data-start=\"2575\" data-end=\"2618\">Li\u00ean h\u1ec7 ngay \u0111\u1ec3 \u0111\u01b0\u1ee3c t\u01b0 v\u1ea5n &amp; \u0111\u1eb7t h\u00e0ng:<\/strong><br data-start=\"2618\" data-end=\"2621\" \/>\ud83d\udcdeHotline \/ Zalo: 0889.385.222<\/p>\n<p data-start=\"2360\" data-end=\"2565\">\ud83c\udfe0 \u0110\u1ecba ch\u1ec9: S\u1ed1 9 BT2, Khu \u0111\u00f4 th\u1ecb Foresa Xu\u00e2n Ph\u01b0\u01a1ng, Nam T\u1eeb Li\u00eam, H\u00e0 N\u1ed9i<\/p>\n<p data-start=\"2360\" data-end=\"2565\">\ud83c\udf10 Website: <a class=\"\" href=\"https:\/\/Topcar.vn\" target=\"_new\" rel=\"noopener\" data-start=\"3540\" data-end=\"3578\">https:\/\/Topcar.vn<\/a><\/p>\n<p data-start=\"3379\" data-end=\"3578\">\ud83d\udc49 <strong data-start=\"3583\" data-end=\"3644\">\u0110\u1eb7t mua th\u1ea3m l\u00f3t s\u00e0n VinFast VF5 ngay h\u00f4m nay<\/strong>!<\/p>\n<\/div>\n<\/div>\n<\/div>\n<\/div>\n<\/div>\n<\/div>\n<\/article>\n","protected":false},"excerpt":{"rendered":"<ul>\n<li>Mi\u1ec5n ph\u00ed giao h\u00e0ng to\u00e0n qu\u1ed1c<\/li>\n<li>Nh\u1eadn h\u00e0ng &gt; L\u1eafp \u0111\u1eb7t &gt; Thanh to\u00e1n<\/li>\n<li>B\u1ea3o h\u00e0nh 5 n\u0103m<\/li>\n<\/ul>\n","protected":false},"featured_media":3112,"comment_status":"closed","ping_status":"closed","template":"","meta":{"site-sidebar-layout":"no-sidebar","site-content-layout":"content-boxed-container","ast-site-content-layout":"normal-width-container","site-content-style":"boxed","site-sidebar-style":"unboxed","ast-global-header-display":"","ast-banner-title-visibility":"","ast-main-header-display":"","ast-hfb-above-header-display":"","ast-hfb-below-header-display":"","ast-hfb-mobile-header-display":"","site-post-title":"","ast-breadcrumbs-content":"","ast-featured-img":"","footer-sml-layout":"","ast-disable-related-posts":"","theme-transparent-header-meta":"default","adv-header-id-meta":"","stick-header-meta":"","header-above-stick-meta":"","header-main-stick-meta":"","header-below-stick-meta":"","astra-migrate-meta-layouts":"set","ast-page-background-enabled":"default","ast-page-background-meta":{"desktop":{"background-color":"var(--ast-global-color-4)","background-image":"","background-repeat":"repeat","background-position":"center center","background-size":"auto","background-attachment":"scroll","background-type":"","background-media":"","overlay-type":"","overlay-color":"","overlay-opacity":"","overlay-gradient":""},"tablet":{"background-color":"","background-image":"","background-repeat":"repeat","background-position":"center center","background-size":"auto","background-attachment":"scroll","background-type":"","background-media":"","overlay-type":"","overlay-color":"","overlay-opacity":"","overlay-gradient":""},"mobile":{"background-color":"","background-image":"","background-repeat":"repeat","background-position":"center center","background-size":"auto","background-attachment":"scroll","background-type":"","background-media":"","overlay-type":"","overlay-color":"","overlay-opacity":"","overlay-gradient":""}},"ast-content-background-meta":{"desktop":{"background-color":"var(--ast-global-color-5)","background-image":"","background-repeat":"repeat","background-position":"center center","background-size":"auto","background-attachment":"scroll","background-type":"","background-media":"","overlay-type":"","overlay-color":"","overlay-opacity":"","overlay-gradient":""},"tablet":{"background-color":"var(--ast-global-color-5)","background-image":"","background-repeat":"repeat","background-position":"center center","background-size":"auto","background-attachment":"scroll","background-type":"","background-media":"","overlay-type":"","overlay-color":"","overlay-opacity":"","overlay-gradient":""},"mobile":{"background-color":"var(--ast-global-color-5)","background-image":"","background-repeat":"repeat","background-position":"center center","background-size":"auto","background-attachment":"scroll","background-type":"","background-media":"","overlay-type":"","overlay-color":"","overlay-opacity":"","overlay-gradient":""}}},"product_brand":[],"product_cat":[48,43],"product_tag":[124,122,111,125,73,74,110,118,119,121,120,115,123],"class_list":{"0":"post-2000","1":"product","2":"type-product","3":"status-publish","4":"has-post-thumbnail","6":"product_cat-tham-lot-san-o-to-vinfast","7":"product_cat-tham-lot-san-o-to","8":"product_tag-lot-cop-vf5","9":"product_tag-lot-san-simili-vf5","10":"product_tag-ni-lot-san-o-to","11":"product_tag-tham-duc-vf5","12":"product_tag-tham-lot-san-o-to","13":"product_tag-tham-lot-san-o-to-bang-nhua","14":"product_tag-tham-lot-san-o-to-cao-cap","15":"product_tag-tham-lot-san-vf5","16":"product_tag-tham-nhua-vf3","17":"product_tag-tham-san-lavor-vf5","18":"product_tag-tham-san-nhua-vf5","19":"product_tag-tham-san-vf3-chinh-hang","20":"product_tag-tham-xe-vf5","21":"desktop-align-left","22":"tablet-align-left","23":"mobile-align-left","25":"first","26":"instock","27":"shipping-taxable","28":"purchasable","29":"product-type-variable"},"_links":{"self":[{"href":"https:\/\/topcar.vn\/index.php?rest_route=\/wp\/v2\/product\/2000","targetHints":{"allow":["GET"]}}],"collection":[{"href":"https:\/\/topcar.vn\/index.php?rest_route=\/wp\/v2\/product"}],"about":[{"href":"https:\/\/topcar.vn\/index.php?rest_route=\/wp\/v2\/types\/product"}],"replies":[{"embeddable":true,"href":"https:\/\/topcar.vn\/index.php?rest_route=%2Fwp%2Fv2%2Fcomments&post=2000"}],"version-history":[{"count":4,"href":"https:\/\/topcar.vn\/index.php?rest_route=\/wp\/v2\/product\/2000\/revisions"}],"predecessor-version":[{"id":3115,"href":"https:\/\/topcar.vn\/index.php?rest_route=\/wp\/v2\/product\/2000\/revisions\/3115"}],"wp:featuredmedia":[{"embeddable":true,"href":"https:\/\/topcar.vn\/index.php?rest_route=\/wp\/v2\/media\/3112"}],"wp:attachment":[{"href":"https:\/\/topcar.vn\/index.php?rest_route=%2Fwp%2Fv2%2Fmedia&parent=2000"}],"wp:term":[{"taxonomy":"product_brand","embeddable":true,"href":"https:\/\/topcar.vn\/index.php?rest_route=%2Fwp%2Fv2%2Fproduct_brand&post=2000"},{"taxonomy":"product_cat","embeddable":true,"href":"https:\/\/topcar.vn\/index.php?rest_route=%2Fwp%2Fv2%2Fproduct_cat&post=2000"},{"taxonomy":"product_tag","embeddable":true,"href":"https:\/\/topcar.vn\/index.php?rest_route=%2Fwp%2Fv2%2Fproduct_tag&post=2000"}],"curies":[{"name":"wp","href":"https:\/\/api.w.org\/{rel}","templated":true}]}}