{"id":1995,"date":"2025-07-26T21:28:23","date_gmt":"2025-07-26T14:28:23","guid":{"rendered":"http:\/\/khaitest.rf.gd\/?post_type=product&#038;p=1995"},"modified":"2025-12-05T11:54:10","modified_gmt":"2025-12-05T04:54:10","slug":"tham-lot-san-vinfast-vf-e34","status":"publish","type":"product","link":"https:\/\/topcar.vn\/?product=tham-lot-san-vinfast-vf-e34","title":{"rendered":"Th\u1ea3m L\u00f3t S\u00e0n Vinfast VF e34"},"content":{"rendered":"<article class=\"text-token-text-primary w-full\" dir=\"auto\" data-testid=\"conversation-turn-10\" data-scroll-anchor=\"true\">\n<div class=\"text-base my-auto mx-auto pb-10 [--thread-content-margin:--spacing(4)] @[37rem]:[--thread-content-margin:--spacing(6)] @[72rem]:[--thread-content-margin:--spacing(16)] px-(--thread-content-margin)\">\n<div class=\"[--thread-content-max-width:32rem] @[34rem]:[--thread-content-max-width:40rem] @[64rem]:[--thread-content-max-width:48rem] mx-auto max-w-(--thread-content-max-width) flex-1 group\/turn-messages focus-visible:outline-hidden relative flex w-full min-w-0 flex-col agent-turn\" tabindex=\"-1\">\n<div class=\"flex max-w-full flex-col grow\">\n<div class=\"min-h-8 text-message relative flex w-full flex-col items-end gap-2 text-start break-words whitespace-normal [.text-message+&amp;]:mt-5\" dir=\"auto\" data-message-author-role=\"assistant\" data-message-id=\"6ee8a93f-7fdb-4c7e-b8bb-2a874c3d517b\" data-message-model-slug=\"gpt-4o\">\n<div class=\"flex w-full flex-col gap-1 empty:hidden first:pt-[3px]\">\n<div class=\"markdown prose dark:prose-invert w-full break-words light\">\n<p data-start=\"235\" data-end=\"564\"><em><strong>B\u1ea1n \u0111ang s\u1edf h\u1eefu chi\u1ebfc xe \u0111i\u1ec7n VinFast VF e34 v\u00e0 mu\u1ed1n b\u1ea3o v\u1ec7 n\u1ed9i th\u1ea5t lu\u00f4n nh\u01b0 m\u1edbi? B\u1ed9 th\u1ea3m l\u00f3t s\u00e0n VinFast VF e34 ch\u00ednh l\u00e0 l\u1ef1a ch\u1ecdn ho\u00e0n h\u1ea3o gi\u00fap ch\u1ed1ng b\u1ea9n, ch\u1ed1ng tr\u01a1n tr\u01b0\u1ee3t v\u00e0 n\u00e2ng cao t\u00ednh th\u1ea9m m\u1ef9. Thi\u1ebft k\u1ebf theo \u0111\u00fang form s\u00e0n xe, ch\u1ea5t li\u1ec7u cao c\u1ea5p, d\u1ec5 v\u1ec7 sinh \u2013 t\u1ea5t c\u1ea3 h\u1ed9i t\u1ee5 trong m\u1ed9t s\u1ea3n ph\u1ea9m duy nh\u1ea5t t\u1ea1i Topcar.<\/strong><\/em><\/p>\n<h2 data-start=\"571\" data-end=\"598\"><strong data-start=\"575\" data-end=\"598\">Gi\u1edbi thi\u1ec7u s\u1ea3n ph\u1ea9m th\u1ea3m L\u00f3t S\u00e0n Vinfast VF e34<\/strong><\/h2>\n<p data-start=\"600\" data-end=\"999\">Th\u1ea3m l\u00f3t s\u00e0n \u00f4 t\u00f4 VinFast VF e34 \u0111\u01b0\u1ee3c thi\u1ebft k\u1ebf ri\u00eang cho d\u00f2ng xe SUV \u0111i\u1ec7n \u0111\u1ea7u ti\u00ean c\u1ee7a VinFast, v\u1edbi \u0111\u1ed9 ch\u00ednh x\u00e1c tuy\u1ec7t \u0111\u1ed1i theo t\u1eebng chi ti\u1ebft s\u00e0n xe. S\u1ea3n ph\u1ea9m c\u00f3 nhi\u1ec1u l\u1ef1a ch\u1ecdn v\u1ec1 ch\u1ea5t li\u1ec7u nh\u1ef1a TPE, thi\u1ebft k\u1ebf 5D, c\u00f3 kh\u1ea3 n\u0103ng ch\u1ed1ng th\u1ea5m, kh\u00f4ng m\u00f9i, \u0111\u1ed9 b\u1ec1n cao v\u00e0 d\u1ec5 v\u1ec7 sinh. Th\u1ea3m kh\u00f4ng ch\u1ec9 gi\u00fap gi\u1eef g\u00ecn kh\u00f4ng gian n\u1ed9i th\u1ea5t s\u1ea1ch s\u1ebd m\u00e0 c\u00f2n t\u0103ng th\u00eam s\u1ef1 sang tr\u1ecdng, hi\u1ec7n \u0111\u1ea1i cho xe.<\/p>\n<figure id=\"attachment_4094\" aria-describedby=\"caption-attachment-4094\" style=\"width: 1024px\" class=\"wp-caption aligncenter\"><img fetchpriority=\"high\" decoding=\"async\" class=\"size-large wp-image-4094\" src=\"http:\/\/khaitest.rf.gd\/wp-content\/uploads\/2025\/07\/Tham-lot-san-oto-VinFast-VF-e34-1024x1024.png\" alt=\"th\u1ea3m l\u00f3t s\u00e0n form chu\u1ea9n ch\u00ednh l\u00e0 ph\u1ee5 ki\u1ec7n c\u1ea7n thi\u1ebft cho m\u1ecdi ch\u1ee7 xe.\" width=\"1024\" height=\"1024\" srcset=\"https:\/\/topcar.vn\/wp-content\/uploads\/2025\/07\/Tham-lot-san-oto-VinFast-VF-e34-1024x1024.png 1024w, https:\/\/topcar.vn\/wp-content\/uploads\/2025\/07\/Tham-lot-san-oto-VinFast-VF-e34-300x300.png 300w, https:\/\/topcar.vn\/wp-content\/uploads\/2025\/07\/Tham-lot-san-oto-VinFast-VF-e34-150x150.png 150w, https:\/\/topcar.vn\/wp-content\/uploads\/2025\/07\/Tham-lot-san-oto-VinFast-VF-e34-768x767.png 768w, https:\/\/topcar.vn\/wp-content\/uploads\/2025\/07\/Tham-lot-san-oto-VinFast-VF-e34-600x599.png 600w, https:\/\/topcar.vn\/wp-content\/uploads\/2025\/07\/Tham-lot-san-oto-VinFast-VF-e34-100x100.png 100w, https:\/\/topcar.vn\/wp-content\/uploads\/2025\/07\/Tham-lot-san-oto-VinFast-VF-e34.png 1081w\" sizes=\"(max-width: 1024px) 100vw, 1024px\" \/><figcaption id=\"caption-attachment-4094\" class=\"wp-caption-text\">Th\u1ea3m \u0111\u01b0\u1ee3c \u0111o c\u1eaft ch\u00ednh x\u00e1c theo c\u00f4ng ngh\u1ec7 5D hi\u1ec7n \u0111\u1ea1i, \u00f4m s\u00e1t t\u1eebng chi ti\u1ebft.<\/figcaption><\/figure>\n<p data-start=\"1006\" data-end=\"1041\"><strong data-start=\"1010\" data-end=\"1041\">Th\u00f4ng tin chi ti\u1ebft s\u1ea3n ph\u1ea9m<\/strong><\/p>\n<ul>\n<li data-start=\"1045\" data-end=\"1097\"><strong data-start=\"1045\" data-end=\"1062\">T\u00ean s\u1ea3n ph\u1ea9m:<\/strong> Th\u1ea3m l\u00f3t s\u00e0n \u00f4 t\u00f4 VinFast VF e34<\/li>\n<li data-start=\"1100\" data-end=\"1157\"><strong data-start=\"1100\" data-end=\"1113\">D\u00e0nh cho:<\/strong> T\u1ea5t c\u1ea3 phi\u00ean b\u1ea3n VF e34 (t\u1eeb 2021 \u0111\u1ebfn nay)<\/li>\n<li data-start=\"1160\" data-end=\"1220\"><strong data-start=\"1160\" data-end=\"1174\">Ch\u1ea5t li\u1ec7u:<\/strong> nh\u1ef1a TPE cao c\u1ea5p<\/li>\n<li data-start=\"1223\" data-end=\"1270\"><strong data-start=\"1223\" data-end=\"1235\">M\u00e0u s\u1eafc:<\/strong> \u0110en<\/li>\n<li data-start=\"1273\" data-end=\"1336\"><strong data-start=\"1273\" data-end=\"1285\">C\u1ea5u t\u1ea1o:<\/strong> C\u1eaft CNC theo form s\u00e0n xe VF e34, kh\u00f4ng khoan \u0111\u1ee5c<\/li>\n<li data-start=\"1339\" data-end=\"1374\"><strong data-start=\"1339\" data-end=\"1352\">B\u1ea3o h\u00e0nh:<\/strong> 5 n\u0103m- ch\u00ednh h\u00e3ng<\/li>\n<li data-start=\"1377\" data-end=\"1443\"><strong data-start=\"1377\" data-end=\"1389\">L\u1eafp \u0111\u1eb7t:<\/strong> Giao h\u00e0ng to\u00e0n qu\u1ed1c<\/li>\n<\/ul>\n<p data-start=\"1450\" data-end=\"1473\"><strong data-start=\"1454\" data-end=\"1473\">\u01afu \u0111i\u1ec3m n\u1ed5i b\u1eadt<\/strong><\/p>\n<ul>\n<li>Thi\u1ebft k\u1ebf chu\u1ea9n 100% theo s\u00e0n xe VF e34<\/li>\n<li>Ch\u1ed1ng b\u00e1m b\u1ee5i \u2013 ch\u1ed1ng n\u01b0\u1edbc \u2013 d\u1ec5 d\u00e0ng lau ch\u00f9i<\/li>\n<li>Ch\u1ed1ng tr\u01a1n tr\u01b0\u1ee3t \u2013 an to\u00e0n khi s\u1eed d\u1ee5ng<\/li>\n<li>Ch\u1ea5t li\u1ec7u th\u00e2n thi\u1ec7n v\u1edbi s\u1ee9c kh\u1ecfe \u2013 kh\u00f4ng m\u00f9i<\/li>\n<li>T\u0103ng \u0111\u1ed9 b\u1ec1n cho s\u00e0n xe \u2013 ch\u1ed1ng tr\u1ea7y x\u01b0\u1edbc<\/li>\n<li>T\u1ea1o v\u1ebb sang tr\u1ecdng, \u0111\u1eb3ng c\u1ea5p cho khoang n\u1ed9i th\u1ea5t<\/li>\n<\/ul>\n<h3 data-start=\"1762\" data-end=\"1805\"><strong data-start=\"1766\" data-end=\"1805\">Gi\u00e1 b\u00e1n th\u1ea3m l\u00f3t s\u00e0n VinFast VF e34<\/strong><\/h3>\n<ul data-start=\"1807\" data-end=\"2015\">\n<li data-start=\"1807\" data-end=\"1872\">\n<p data-start=\"1809\" data-end=\"1872\"><strong data-start=\"1809\" data-end=\"1825\">Gi\u00e1 tr\u1ecdn b\u1ed9:<\/strong> <strong data-start=\"1826\" data-end=\"1840\">2.300.000\u0111<\/strong><\/p>\n<\/li>\n<li data-start=\"1807\" data-end=\"1872\">\n<p><figure id=\"attachment_4093\" aria-describedby=\"caption-attachment-4093\" style=\"width: 1024px\" class=\"wp-caption aligncenter\"><img decoding=\"async\" class=\"size-large wp-image-4093\" src=\"http:\/\/khaitest.rf.gd\/wp-content\/uploads\/2025\/07\/Tham-lot-san-oto-VinFast-VF-e34-2-1024x1024.png\" alt=\"Th\u1ea3m l\u00f3t s\u00e0n VinFast VF e34 gi\u1eef cho kh\u00f4ng gian n\u1ed9i th\u1ea5t lu\u00f4n s\u1ea1ch s\u1ebd, g\u1ecdn g\u00e0ng\" width=\"1024\" height=\"1024\" srcset=\"https:\/\/topcar.vn\/wp-content\/uploads\/2025\/07\/Tham-lot-san-oto-VinFast-VF-e34-2-1024x1024.png 1024w, https:\/\/topcar.vn\/wp-content\/uploads\/2025\/07\/Tham-lot-san-oto-VinFast-VF-e34-2-300x300.png 300w, https:\/\/topcar.vn\/wp-content\/uploads\/2025\/07\/Tham-lot-san-oto-VinFast-VF-e34-2-150x150.png 150w, https:\/\/topcar.vn\/wp-content\/uploads\/2025\/07\/Tham-lot-san-oto-VinFast-VF-e34-2-768x767.png 768w, https:\/\/topcar.vn\/wp-content\/uploads\/2025\/07\/Tham-lot-san-oto-VinFast-VF-e34-2-600x599.png 600w, https:\/\/topcar.vn\/wp-content\/uploads\/2025\/07\/Tham-lot-san-oto-VinFast-VF-e34-2-100x100.png 100w, https:\/\/topcar.vn\/wp-content\/uploads\/2025\/07\/Tham-lot-san-oto-VinFast-VF-e34-2.png 1081w\" sizes=\"(max-width: 1024px) 100vw, 1024px\" \/><figcaption id=\"caption-attachment-4093\" class=\"wp-caption-text\">Th\u1ea3m l\u00f3t s\u00e0n VinFast VF e34 gi\u1eef cho kh\u00f4ng gian n\u1ed9i th\u1ea5t lu\u00f4n s\u1ea1ch s\u1ebd \u2013 g\u1ecdn g\u00e0ng \u2013 sang tr\u1ecdng<\/figcaption><\/figure><\/li>\n<\/ul>\n<h3 data-start=\"2022\" data-end=\"2068\"><strong data-start=\"2026\" data-end=\"2068\">Mua th\u1ea3m l\u00f3t s\u00e0n ch\u00ednh h\u00e3ng t\u1ea1i Topcar<\/strong><\/h3>\n<p data-start=\"2070\" data-end=\"2171\">Topcar l\u00e0 \u0111\u01a1n v\u1ecb uy t\u00edn chuy\u00ean cung c\u1ea5p ph\u1ee5 ki\u1ec7n \u00f4 t\u00f4 theo t\u1eebng d\u00f2ng xe, chu\u1ea9n form, gi\u00e1 t\u1ed1t:<\/p>\n<ul>\n<li data-start=\"2070\" data-end=\"2171\">\u00a0Cam k\u1ebft s\u1ea3n ph\u1ea9m l\u1eafp v\u1eeba 100% cho VF e34<\/li>\n<li data-start=\"2070\" data-end=\"2171\">Ch\u1ea5t li\u1ec7u b\u1ec1n \u0111\u1eb9p \u2013 ho\u00e0n thi\u1ec7n s\u1eafc s\u1ea3o<\/li>\n<li data-start=\"2070\" data-end=\"2171\">H\u1ed7 tr\u1ee3 giao h\u00e0ng nhanh, l\u1eafp \u0111\u1eb7t t\u1eadn n\u01a1i<\/li>\n<li data-start=\"2070\" data-end=\"2171\">\u00a0B\u1ea3o h\u00e0nh 12\u00a0 th\u00e1ng \u2013 \u0111\u1ed5i tr\u1ea3 d\u1ec5 d\u00e0ng n\u1ebfu l\u1ed7i s\u1ea3n xu\u1ea5t<\/li>\n<\/ul>\n<figure id=\"attachment_4092\" aria-describedby=\"caption-attachment-4092\" style=\"width: 1024px\" class=\"wp-caption aligncenter\"><img decoding=\"async\" class=\"size-large wp-image-4092\" src=\"http:\/\/khaitest.rf.gd\/wp-content\/uploads\/2025\/07\/Bo-tham-lot-san-VinFast-VF-e34-1024x1024.png\" alt=\"Th\u1ea3m l\u00f3t s\u00e0n VinFast VF e34\" width=\"1024\" height=\"1024\" srcset=\"https:\/\/topcar.vn\/wp-content\/uploads\/2025\/07\/Bo-tham-lot-san-VinFast-VF-e34-1024x1024.png 1024w, https:\/\/topcar.vn\/wp-content\/uploads\/2025\/07\/Bo-tham-lot-san-VinFast-VF-e34-300x300.png 300w, https:\/\/topcar.vn\/wp-content\/uploads\/2025\/07\/Bo-tham-lot-san-VinFast-VF-e34-150x150.png 150w, https:\/\/topcar.vn\/wp-content\/uploads\/2025\/07\/Bo-tham-lot-san-VinFast-VF-e34-768x767.png 768w, https:\/\/topcar.vn\/wp-content\/uploads\/2025\/07\/Bo-tham-lot-san-VinFast-VF-e34-600x599.png 600w, https:\/\/topcar.vn\/wp-content\/uploads\/2025\/07\/Bo-tham-lot-san-VinFast-VF-e34-100x100.png 100w, https:\/\/topcar.vn\/wp-content\/uploads\/2025\/07\/Bo-tham-lot-san-VinFast-VF-e34.png 1081w\" sizes=\"(max-width: 1024px) 100vw, 1024px\" \/><figcaption id=\"caption-attachment-4092\" class=\"wp-caption-text\">Th\u1ea3m l\u00f3t s\u00e0n VinFast VF e34 \u2013 Chu\u1ea9n form, b\u1ec1n \u0111\u1eb9p, ti\u1ec7n nghi cho SUV \u0111i\u1ec7n th\u00f4ng minh<\/figcaption><\/figure>\n<p data-start=\"2360\" data-end=\"2565\"><strong data-start=\"2575\" data-end=\"2618\">Li\u00ean h\u1ec7 ngay \u0111\u1ec3 \u0111\u01b0\u1ee3c t\u01b0 v\u1ea5n &amp; \u0111\u1eb7t h\u00e0ng:<\/strong><br data-start=\"2618\" data-end=\"2621\" \/>\ud83d\udcdeHotline \/ Zalo: 0889.385.222<\/p>\n<p data-start=\"2360\" data-end=\"2565\">\ud83c\udfe0 \u0110\u1ecba ch\u1ec9: S\u1ed1 9 BT2, Khu \u0111\u00f4 th\u1ecb Foresa Xu\u00e2n Ph\u01b0\u01a1ng, Nam T\u1eeb Li\u00eam, H\u00e0 N\u1ed9i<\/p>\n<p data-start=\"2360\" data-end=\"2565\">\ud83c\udf10 Website: <a class=\"\" href=\"https:\/\/Topcar.vn\" target=\"_new\" rel=\"noopener\" data-start=\"3540\" data-end=\"3578\">https:\/\/Topcar.vn<\/a><\/p>\n<p data-start=\"3379\" data-end=\"3578\">\ud83d\udc49 <strong data-start=\"3583\" data-end=\"3644\">\u0110\u1eb7t mua th\u1ea3m l\u00f3t s\u00e0n th\u1ea3m l\u00f3t s\u00e0n VinFast VF e34 ngay h\u00f4m nay<\/strong>!<\/p>\n<\/div>\n<\/div>\n<\/div>\n<\/div>\n<\/div>\n<\/div>\n<\/article>\n","protected":false},"excerpt":{"rendered":"<ul>\n<li>Mi\u1ec5n ph\u00ed giao h\u00e0ng to\u00e0n qu\u1ed1c<\/li>\n<li>Nh\u1eadn h\u00e0ng &gt; L\u1eafp \u0111\u1eb7t &gt; Thanh to\u00e1n<\/li>\n<li>B\u1ea3o h\u00e0nh 5 n\u0103m<\/li>\n<\/ul>\n","protected":false},"featured_media":4095,"comment_status":"closed","ping_status":"closed","template":"","meta":{"site-sidebar-layout":"no-sidebar","site-content-layout":"content-boxed-container","ast-site-content-layout":"normal-width-container","site-content-style":"boxed","site-sidebar-style":"unboxed","ast-global-header-display":"","ast-banner-title-visibility":"","ast-main-header-display":"","ast-hfb-above-header-display":"","ast-hfb-below-header-display":"","ast-hfb-mobile-header-display":"","site-post-title":"","ast-breadcrumbs-content":"","ast-featured-img":"","footer-sml-layout":"","ast-disable-related-posts":"","theme-transparent-header-meta":"default","adv-header-id-meta":"","stick-header-meta":"","header-above-stick-meta":"","header-main-stick-meta":"","header-below-stick-meta":"","astra-migrate-meta-layouts":"set","ast-page-background-enabled":"default","ast-page-background-meta":{"desktop":{"background-color":"var(--ast-global-color-4)","background-image":"","background-repeat":"repeat","background-position":"center center","background-size":"auto","background-attachment":"scroll","background-type":"","background-media":"","overlay-type":"","overlay-color":"","overlay-opacity":"","overlay-gradient":""},"tablet":{"background-color":"","background-image":"","background-repeat":"repeat","background-position":"center center","background-size":"auto","background-attachment":"scroll","background-type":"","background-media":"","overlay-type":"","overlay-color":"","overlay-opacity":"","overlay-gradient":""},"mobile":{"background-color":"","background-image":"","background-repeat":"repeat","background-position":"center center","background-size":"auto","background-attachment":"scroll","background-type":"","background-media":"","overlay-type":"","overlay-color":"","overlay-opacity":"","overlay-gradient":""}},"ast-content-background-meta":{"desktop":{"background-color":"var(--ast-global-color-5)","background-image":"","background-repeat":"repeat","background-position":"center center","background-size":"auto","background-attachment":"scroll","background-type":"","background-media":"","overlay-type":"","overlay-color":"","overlay-opacity":"","overlay-gradient":""},"tablet":{"background-color":"var(--ast-global-color-5)","background-image":"","background-repeat":"repeat","background-position":"center center","background-size":"auto","background-attachment":"scroll","background-type":"","background-media":"","overlay-type":"","overlay-color":"","overlay-opacity":"","overlay-gradient":""},"mobile":{"background-color":"var(--ast-global-color-5)","background-image":"","background-repeat":"repeat","background-position":"center center","background-size":"auto","background-attachment":"scroll","background-type":"","background-media":"","overlay-type":"","overlay-color":"","overlay-opacity":"","overlay-gradient":""}}},"product_brand":[],"product_cat":[48,43],"product_tag":[111,73,74,110,118,119,115],"class_list":{"0":"post-1995","1":"product","2":"type-product","3":"status-publish","4":"has-post-thumbnail","6":"product_cat-tham-lot-san-o-to-vinfast","7":"product_cat-tham-lot-san-o-to","8":"product_tag-ni-lot-san-o-to","9":"product_tag-tham-lot-san-o-to","10":"product_tag-tham-lot-san-o-to-bang-nhua","11":"product_tag-tham-lot-san-o-to-cao-cap","12":"product_tag-tham-lot-san-vf5","13":"product_tag-tham-nhua-vf3","14":"product_tag-tham-san-vf3-chinh-hang","15":"desktop-align-left","16":"tablet-align-left","17":"mobile-align-left","19":"first","20":"instock","21":"shipping-taxable","22":"purchasable","23":"product-type-variable"},"_links":{"self":[{"href":"https:\/\/topcar.vn\/index.php?rest_route=\/wp\/v2\/product\/1995","targetHints":{"allow":["GET"]}}],"collection":[{"href":"https:\/\/topcar.vn\/index.php?rest_route=\/wp\/v2\/product"}],"about":[{"href":"https:\/\/topcar.vn\/index.php?rest_route=\/wp\/v2\/types\/product"}],"replies":[{"embeddable":true,"href":"https:\/\/topcar.vn\/index.php?rest_route=%2Fwp%2Fv2%2Fcomments&post=1995"}],"version-history":[{"count":4,"href":"https:\/\/topcar.vn\/index.php?rest_route=\/wp\/v2\/product\/1995\/revisions"}],"predecessor-version":[{"id":4096,"href":"https:\/\/topcar.vn\/index.php?rest_route=\/wp\/v2\/product\/1995\/revisions\/4096"}],"wp:featuredmedia":[{"embeddable":true,"href":"https:\/\/topcar.vn\/index.php?rest_route=\/wp\/v2\/media\/4095"}],"wp:attachment":[{"href":"https:\/\/topcar.vn\/index.php?rest_route=%2Fwp%2Fv2%2Fmedia&parent=1995"}],"wp:term":[{"taxonomy":"product_brand","embeddable":true,"href":"https:\/\/topcar.vn\/index.php?rest_route=%2Fwp%2Fv2%2Fproduct_brand&post=1995"},{"taxonomy":"product_cat","embeddable":true,"href":"https:\/\/topcar.vn\/index.php?rest_route=%2Fwp%2Fv2%2Fproduct_cat&post=1995"},{"taxonomy":"product_tag","embeddable":true,"href":"https:\/\/topcar.vn\/index.php?rest_route=%2Fwp%2Fv2%2Fproduct_tag&post=1995"}],"curies":[{"name":"wp","href":"https:\/\/api.w.org\/{rel}","templated":true}]}}